{"id":20276,"date":"2020-07-18T17:33:09","date_gmt":"2020-07-18T14:33:09","guid":{"rendered":"https:\/\/xstyle.md\/product\/kurtka-zhenskaja-hannah-bertie-blue-nights-vintage-indigo"},"modified":"2026-03-19T16:38:34","modified_gmt":"2026-03-19T13:38:34","slug":"kurtka-zhenskaja-hannah-bertie-blue-nights-vintage-indigo","status":"publish","type":"product","link":"https:\/\/xstyle.md\/ro\/produs\/kurtka-zhenskaja-hannah-bertie-blue-nights-vintage-indigo\/","title":{"rendered":"Geac\u0103 de schi Hannah Bertie Wmn blue nights\/vintage indigo"},"content":{"rendered":"<\/p>\n<p data-reader-unique-id=\"2\"><strong data-reader-unique-id=\"3\">Hannah Bertie Blue Nights\/Vintage Indigo <\/strong>\u2014\u00a0geac\u0103 de schi pentru femei cu membran\u0103 Climatic Active Stretch, ofer\u0103 propriet\u0103\u021bi excelente de impermeabilizare, respirabilitate excelent\u0103 \u0219i protec\u021bie \u00eempotriva v\u00e2ntului. \u00cembr\u0103c\u0103mintea cu aceast\u0103 membran\u0103 este apreciat\u0103 \u00een principal \u00een timpul schiatului, drume\u021biilor \u0219i expedi\u021biilor montane. Geaca este, de asemenea, izolat\u0103 cu fibr\u0103 de poliester Thermore, care garanteaz\u0103 propriet\u0103\u021bi excelente de izolare termic\u0103. Acoperirea DWR-C6 garanteaz\u0103 propriet\u0103\u021bile hidrofuge ale materialului \u0219i \u00eembun\u0103t\u0103\u021be\u0219te propriet\u0103\u021bile tehnice ale gecii. Aceast\u0103 geac\u0103 v\u0103 permite s\u0103 v\u0103 mi\u0219ca\u021bi liber, \u00een timp ce m\u00e2necile cu form\u0103 ergonomic\u0103, fermoarele, o glug\u0103 \u0219i tiv reglabil ofer\u0103 confort maxim. Glug\u0103 deta\u0219abil\u0103 din blan\u0103, \u0219i o fust\u0103 \u00eempotriva z\u0103pezii \u00een talie. Geaca are fermoare YKK de calitate superioar\u0103, iar fermoarul principal din plastic este impermeabil.<\/p>\n<h3 class=\"clear\" data-reader-unique-id=\"4\">Particularit\u0103\u021bi<\/h3>\n<ul data-reader-unique-id=\"5\">\n<li data-reader-unique-id=\"6\">Cus\u0103turile sigilate YKK \u00eencorporate sunt rezistente la ap\u0103, iar aceast\u0103 rezisten\u021b\u0103 cre\u0219te \u0219i mai mult la umiditate;<\/li>\n<li data-reader-unique-id=\"6\">C\u0103ptu\u0219eala termic\u0103, ventila\u021bia de la subrat \u0219i o membran\u0103 respirabil\u0103 v\u0103 ajut\u0103 s\u0103 v\u0103 men\u021bine\u021bi cald;<\/li>\n<li data-reader-unique-id=\"6\">Geaca are o glug\u0103 reglabil\u0103 deta\u0219abil\u0103;<\/li>\n<li data-reader-unique-id=\"6\">Fusta de z\u0103pad\u0103 pe care o po\u021bi desprinde u\u0219or;<\/li>\n<li data-reader-unique-id=\"6\">M\u00e2necile au o form\u0103 anatomic\u0103, man\u0219ete cu fermoar;<\/li>\n<li data-reader-unique-id=\"6\">Dou\u0103 buzunare laterale cu fermoar + buzunar la m\u00e2nec\u0103 + buzunare interioare;<\/li>\n<li data-reader-unique-id=\"6\">Geaca are accesorii de schi esen\u021biale, cum ar fi un buzunar pentru m\u00e2nec\u0103, un buzunar interior pentru ochelari \u0219i o centur\u0103 intern\u0103 pentru z\u0103pad\u0103;<\/li>\n<li data-reader-unique-id=\"6\">Sisteme suplimentare de ventila\u021bie la subra\u021b;<\/li>\n<li data-reader-unique-id=\"6\">Po\u021bi ajusta partea de jos a gecii cu man\u0219ete;<\/li>\n<li data-reader-unique-id=\"6\">Geaca are o potrivire simpl\u0103, confortabil\u0103, care nu restric\u021bioneaz\u0103 mi\u0219carea;<\/li>\n<li data-reader-unique-id=\"6\">Acoperirea rezistent\u0103 la ap\u0103 (DWR) protejeaz\u0103 \u00eempotriva ploii u\u0219oare \u0219i z\u0103pezii. \u00cen prezent, se utilizeaz\u0103 o versiune mai nou\u0103 a DWR C6, care este mai ecologic\u0103.<\/li>\n<\/ul>\n<h3 class=\"clear\" data-reader-unique-id=\"12\"><strong data-reader-unique-id=\"13\">Caracteristici<\/strong><\/h3>\n<ul data-reader-unique-id=\"14\">\n<li data-reader-unique-id=\"15\">Material \u2014 100% Polyester;<\/li>\n<li data-reader-unique-id=\"15\">Izolant termic \u2014 Thermore;<\/li>\n<li data-reader-unique-id=\"15\">Membran\u0103 \u2014 Climatic Active Strech;<\/li>\n<li data-reader-unique-id=\"15\">Model \u2014 pentru femei.<\/li>\n<\/ul>\n<h3 class=\"clear\" data-reader-unique-id=\"19\">Tehnologie<\/h3>\n<ul data-reader-unique-id=\"20\">\n<li data-reader-unique-id=\"21\"><strong>Thermore<\/strong>\u00a0\u2014 este o izola\u021bie cald\u0103, moale \u0219i rezistent\u0103, care utilizeaz\u0103 p\u00e2n\u0103 la 50% material reciclat \u00een produc\u021bie. Propriet\u0103\u021bile sale de izolare termic\u0103 pot fi comparate cu puful natural.<\/li>\n<li data-reader-unique-id=\"21\"><strong>Climatic Active Strech<\/strong>\u00a0\u2014 este un material elastic laminat cu o membran\u0103 neporoas\u0103 extrem de func\u021bional\u0103, cu propriet\u0103\u021bi excelente de impermeabilizare \u2014 15.000 mm coloan\u0103 de ap\u0103 \u0219i permeabilitate la aer \u2014 15.000 g\/m2\/24 ore. Ofer\u0103 protec\u021bie optim\u0103 \u00een condi\u021bii climatice nefavorabile. Este potrivit\u0103 pentru sporturile \u00een aer liber mai solicitante.<\/li>\n<li data-reader-unique-id=\"21\"><strong>DWR (Durable Water Repellent)<\/strong>\u00a0\u2014 este 0 suprafa\u021b\u0103 rezistent\u0103 la ap\u0103 a materialului, \u00eembun\u0103t\u0103\u021bind propriet\u0103\u021bile func\u021bionale ale \u00eembr\u0103c\u0103mintei. Impregnarea \u00ee\u0219i p\u0103streaz\u0103 propriet\u0103\u021bile p\u00e2n\u0103 la 10 cicluri de sp\u0103lare \u0219i, \u00een acela\u0219i timp, poate fi re\u00eennoit\u0103 cu u\u0219urin\u021b\u0103 folosind produse pe baz\u0103 de spray (de ex. Toko Textile Proof). Impregnare DWR C6 \u2014 mai ecologic.<\/li>\n<\/ul>\n<h3 class=\"clear\" data-reader-unique-id=\"25\">Marca<\/h3>\n<p data-reader-unique-id=\"26\">Hannah\u00a0\u2014 este un brand interna\u021bional specializat \u00een \u00eembr\u0103c\u0103minte de c\u0103l\u0103torii \u0219i sport pentru toate anotimpurile. Brandul Hannah a fost fondat \u00een Republica Ceh\u0103 \u00een anul 1991. Compania a ob\u021binut un succes remarcabil pe pia\u021ba intern\u0103, datorit\u0103 calit\u0103\u021bii \u00eenalte \u0219i pre\u021burilor accesibile.<\/p>\n<p data-reader-unique-id=\"27\">La \u00eenceput, compania fabrica produse conform standardelor interna\u021bionale, deoarece au \u00een\u021beles pe deplin importan\u021ba unei reputa\u021bii excelente. \u00cen acest sens, s-a alocat mult timp selec\u021biei materialelor de \u00eenalt\u0103 calitate, care sunt rezistente la uzur\u0103 \u0219i rezistente la ap\u0103. Ast\u0103zi, brandul nu st\u0103 pe loc, catalogul lor este \u00een permanen\u021b\u0103 actualizat \u0219i extins, iar produsele pot fi g\u0103site \u00een toat\u0103 lumea.<\/p>\n<p><\/p>","protected":false},"excerpt":{"rendered":"<p>\u041a\u0443\u0440\u0442\u043a\u0430 Hannah Bertie blue nights\/vintage indigo<\/p>","protected":false},"featured_media":58356,"comment_status":"open","ping_status":"closed","template":"","meta":{"_acf_changed":false,"inline_featured_image":false},"product_brand":[1271],"product_cat":[430],"product_tag":[],"class_list":{"0":"post-20276","1":"product","2":"type-product","3":"status-publish","4":"has-post-thumbnail","6":"product_brand-hannah","7":"product_cat-jachete-de-schi-femei","9":"first","10":"instock","11":"shipping-taxable","12":"purchasable","13":"product-type-simple"},"acf":[],"yoast_head":"<!-- This site is optimized with the Yoast SEO plugin v27.2 - https:\/\/yoast.com\/product\/yoast-seo-wordpress\/ -->\n<title>\u041a\u0443\u0440\u0442\u043a\u0430 Hannah Bertie Wmn blue nights\/vintage indigo - \u041c\u0430\u0433\u0430\u0437\u0438\u043d Xstyle<\/title>\n<meta name=\"description\" content=\"\u041a\u0443\u0440\u0442\u043a\u0430 Hannah Bertie Wmn \u0432 \u0446\u0432\u0435\u0442\u0430\u0445 blue nights\/vintage indigo \u0441\u043e\u0447\u0435\u0442\u0430\u0435\u0442 \u0432 \u0441\u0435\u0431\u0435 \u0441\u0442\u0438\u043b\u044c \u0438 \u0442\u0435\u0445\u043d\u043e\u043b\u043e\u0433\u0438\u0438 Climatic Active Stretch. \u0418\u0434\u0435\u0430\u043b\u044c\u043d\u0430 \u0434\u043b\u044f \u0430\u043a\u0442\u0438\u0432\u043d\u043e\u0433\u043e \u043e\u0442\u0434\u044b\u0445\u0430!\" \/>\n<meta name=\"robots\" content=\"index, follow, max-snippet:-1, max-image-preview:large, max-video-preview:-1\" \/>\n<link rel=\"canonical\" href=\"https:\/\/xstyle.md\/ro\/produs\/kurtka-zhenskaja-hannah-bertie-blue-nights-vintage-indigo\/\" \/>\n<meta property=\"og:locale\" content=\"ro_RO\" \/>\n<meta property=\"og:type\" content=\"article\" \/>\n<meta property=\"og:title\" content=\"\u041a\u0443\u0440\u0442\u043a\u0430 Hannah Bertie Wmn blue nights\/vintage indigo - \u041c\u0430\u0433\u0430\u0437\u0438\u043d Xstyle\" \/>\n<meta property=\"og:description\" content=\"\u041a\u0443\u0440\u0442\u043a\u0430 Hannah Bertie Wmn \u0432 \u0446\u0432\u0435\u0442\u0430\u0445 blue nights\/vintage indigo \u0441\u043e\u0447\u0435\u0442\u0430\u0435\u0442 \u0432 \u0441\u0435\u0431\u0435 \u0441\u0442\u0438\u043b\u044c \u0438 \u0442\u0435\u0445\u043d\u043e\u043b\u043e\u0433\u0438\u0438 Climatic Active Stretch. \u0418\u0434\u0435\u0430\u043b\u044c\u043d\u0430 \u0434\u043b\u044f \u0430\u043a\u0442\u0438\u0432\u043d\u043e\u0433\u043e \u043e\u0442\u0434\u044b\u0445\u0430!\" \/>\n<meta property=\"og:url\" content=\"https:\/\/xstyle.md\/ro\/produs\/kurtka-zhenskaja-hannah-bertie-blue-nights-vintage-indigo\/\" \/>\n<meta property=\"og:site_name\" content=\"\u041c\u0430\u0433\u0430\u0437\u0438\u043d Xstyle\" \/>\n<meta property=\"article:publisher\" content=\"https:\/\/www.facebook.com\/xstylemd\" \/>\n<meta property=\"article:modified_time\" content=\"2026-03-19T13:38:34+00:00\" \/>\n<meta property=\"og:image\" content=\"https:\/\/xstyle.md\/wp-content\/uploads\/2020\/07\/hannah-bertie-wmn-blue-nightsvintage-indigo.jpg\" \/>\n\t<meta property=\"og:image:width\" content=\"1247\" \/>\n\t<meta property=\"og:image:height\" content=\"1269\" \/>\n\t<meta property=\"og:image:type\" content=\"image\/jpeg\" \/>\n<meta name=\"twitter:card\" content=\"summary_large_image\" \/>\n<meta name=\"twitter:label1\" content=\"Pre\u021b\" \/>\n\t<meta name=\"twitter:data1\" content=\"6.690&nbsp;MDL\" \/>\n\t<meta name=\"twitter:label2\" content=\"Disponibilitate\" \/>\n\t<meta name=\"twitter:data2\" content=\"\u00cen stoc\" \/>\n<script type=\"application\/ld+json\" class=\"yoast-schema-graph\">{\"@context\":\"https:\/\/schema.org\",\"@graph\":[{\"@type\":\"WebPage\",\"@id\":\"https:\/\/xstyle.md\/product\/kurtka-zhenskaja-hannah-bertie-blue-nights-vintage-indigo\/\",\"url\":\"https:\/\/xstyle.md\/product\/kurtka-zhenskaja-hannah-bertie-blue-nights-vintage-indigo\/\",\"name\":\"\u041a\u0443\u0440\u0442\u043a\u0430 Hannah Bertie Wmn blue nights\/vintage indigo - \u041c\u0430\u0433\u0430\u0437\u0438\u043d Xstyle\",\"isPartOf\":{\"@id\":\"https:\/\/xstyle.md\/#website\"},\"primaryImageOfPage\":{\"@id\":\"https:\/\/xstyle.md\/product\/kurtka-zhenskaja-hannah-bertie-blue-nights-vintage-indigo\/#primaryimage\"},\"image\":{\"@id\":\"https:\/\/xstyle.md\/product\/kurtka-zhenskaja-hannah-bertie-blue-nights-vintage-indigo\/#primaryimage\"},\"thumbnailUrl\":\"https:\/\/xstyle.md\/wp-content\/uploads\/2020\/07\/hannah-bertie-wmn-blue-nightsvintage-indigo.jpg\",\"datePublished\":\"2020-07-18T14:33:09+00:00\",\"dateModified\":\"2026-03-19T13:38:34+00:00\",\"description\":\"\u041a\u0443\u0440\u0442\u043a\u0430 Hannah Bertie Wmn \u0432 \u0446\u0432\u0435\u0442\u0430\u0445 blue nights\/vintage indigo \u0441\u043e\u0447\u0435\u0442\u0430\u0435\u0442 \u0432 \u0441\u0435\u0431\u0435 \u0441\u0442\u0438\u043b\u044c \u0438 \u0442\u0435\u0445\u043d\u043e\u043b\u043e\u0433\u0438\u0438 Climatic Active Stretch. \u0418\u0434\u0435\u0430\u043b\u044c\u043d\u0430 \u0434\u043b\u044f \u0430\u043a\u0442\u0438\u0432\u043d\u043e\u0433\u043e \u043e\u0442\u0434\u044b\u0445\u0430!\",\"breadcrumb\":{\"@id\":\"https:\/\/xstyle.md\/product\/kurtka-zhenskaja-hannah-bertie-blue-nights-vintage-indigo\/#breadcrumb\"},\"inLanguage\":\"ro-RO\",\"potentialAction\":[{\"@type\":\"ReadAction\",\"target\":[\"https:\/\/xstyle.md\/product\/kurtka-zhenskaja-hannah-bertie-blue-nights-vintage-indigo\/\"]}]},{\"@type\":\"ImageObject\",\"inLanguage\":\"ro-RO\",\"@id\":\"https:\/\/xstyle.md\/product\/kurtka-zhenskaja-hannah-bertie-blue-nights-vintage-indigo\/#primaryimage\",\"url\":\"https:\/\/xstyle.md\/wp-content\/uploads\/2020\/07\/hannah-bertie-wmn-blue-nightsvintage-indigo.jpg\",\"contentUrl\":\"https:\/\/xstyle.md\/wp-content\/uploads\/2020\/07\/hannah-bertie-wmn-blue-nightsvintage-indigo.jpg\",\"width\":1247,\"height\":1269,\"caption\":\"\u0416\u0435\u043d\u0441\u043a\u0430\u044f \u0441\u043f\u043e\u0440\u0442\u0438\u0432\u043d\u0430\u044f \u043a\u0443\u0440\u0442\u043a\u0430 Hannah Bertie Wmn \u0432 \u0441\u0438\u043d\u0438\u0445 \u043d\u043e\u0447\u043d\u044b\u0445 \u0438 \u0432\u0438\u043d\u0442\u0430\u0436\u043d\u044b\u0445 \u043e\u0442\u0442\u0435\u043d\u043a\u0430\u0445 \u0434\u043b\u044f \u0430\u043a\u0442\u0438\u0432\u043d\u043e\u0433\u043e \u043e\u0442\u0434\u044b\u0445\u0430, \u0442\u0443\u0440\u0438\u0437\u043c\u0430 \u0438 \u043f\u0440\u043e\u0433\u0443\u043b\u043e\u043a \u0441 \u0442\u043e\u0432\u0430\u0440\u0430\u043c\u0438 \u0434\u043b\u044f \u043f\u043e\u0445\u043e\u0434\u043e\u0432 \u0438 \u043f\u0443\u0442\u0435\u0448\u0435\u0441\u0442\u0432\u0438\u0439 \u0432 \u043e\u043d\u043b\u0430\u0439\u043d \u043c\u0430\u0433\u0430\u0437\u0438\u043d\u0435 \u0430\u043a\u0442\u0438\u0432\u043d\u043e\u0439 \u044d\u043a\u0438\u043f\u0438\u0440\u043e\u0432\u043a\u0438\"},{\"@type\":\"BreadcrumbList\",\"@id\":\"https:\/\/xstyle.md\/product\/kurtka-zhenskaja-hannah-bertie-blue-nights-vintage-indigo\/#breadcrumb\",\"itemListElement\":[{\"@type\":\"ListItem\",\"position\":1,\"name\":\"\u0413\u043b\u0430\u0432\u043d\u0430\u044f \u0441\u0442\u0440\u0430\u043d\u0438\u0446\u0430\",\"item\":\"https:\/\/xstyle.md\/\"},{\"@type\":\"ListItem\",\"position\":2,\"name\":\"\u041c\u0430\u0433\u0430\u0437\u0438\u043d\",\"item\":\"https:\/\/xstyle.md\/shop\/\"},{\"@type\":\"ListItem\",\"position\":3,\"name\":\"\u041a\u0443\u0440\u0442\u043a\u0430 Hannah Bertie Wmn blue nights\/vintage indigo\"}]},{\"@type\":\"WebSite\",\"@id\":\"https:\/\/xstyle.md\/#website\",\"url\":\"https:\/\/xstyle.md\/\",\"name\":\"\u041c\u0430\u0433\u0430\u0437\u0438\u043d Xstyle\",\"description\":\"C\u043d\u0430\u0440\u044f\u0436\u0435\u043d\u0438\u0435 \u0434\u043b\u044f \u0442\u0443\u0440\u0438\u0437\u043c\u0430 \u0438 \u044d\u043a\u0441\u0442\u0440\u0435\u043c\u0430\u043b\u044c\u043d\u044b\u0445 \u0432\u0438\u0434\u043e\u0432 \u0441\u043f\u043e\u0440\u0442\u0430 \u0432 \u041c\u043e\u043b\u0434\u043e\u0432\u0435.. \u0426\u0435\u043d\u044b, \u0444\u043e\u0442\u043e, \u0445\u0430\u0440\u0430\u043a\u0442\u0435\u0440\u0438\u0441\u0442\u0438\u043a\u0438 \u0432 \u041c\u043e\u043b\u0434\u043e\u0432\u0435.\",\"publisher\":{\"@id\":\"https:\/\/xstyle.md\/#organization\"},\"alternateName\":\"X-Style\",\"potentialAction\":[{\"@type\":\"SearchAction\",\"target\":{\"@type\":\"EntryPoint\",\"urlTemplate\":\"https:\/\/xstyle.md\/?s={search_term_string}\"},\"query-input\":{\"@type\":\"PropertyValueSpecification\",\"valueRequired\":true,\"valueName\":\"search_term_string\"}}],\"inLanguage\":\"ro-RO\"},{\"@type\":\"Organization\",\"@id\":\"https:\/\/xstyle.md\/#organization\",\"name\":\"\u041c\u0430\u0433\u0430\u0437\u0438\u043d Xstyle\",\"alternateName\":\"x-style\",\"url\":\"https:\/\/xstyle.md\/\",\"logo\":{\"@type\":\"ImageObject\",\"inLanguage\":\"ro-RO\",\"@id\":\"https:\/\/xstyle.md\/#\/schema\/logo\/image\/\",\"url\":\"https:\/\/xstyle.md\/wp-content\/uploads\/2020\/06\/logoicon.svg\",\"contentUrl\":\"https:\/\/xstyle.md\/wp-content\/uploads\/2020\/06\/logoicon.svg\",\"caption\":\"\u041c\u0430\u0433\u0430\u0437\u0438\u043d Xstyle\"},\"image\":{\"@id\":\"https:\/\/xstyle.md\/#\/schema\/logo\/image\/\"},\"sameAs\":[\"https:\/\/www.facebook.com\/xstylemd\",\"https:\/\/www.instagram.com\/xstyle_md\/\",\"https:\/\/t.me\/xstyle_outdoor\"],\"hasMerchantReturnPolicy\":{\"@type\":\"MerchantReturnPolicy\",\"merchantReturnLink\":\"https:\/\/xstyle.md\/ro\/conditions\/\"}}]}<\/script>\n<meta property=\"product:price:amount\" content=\"6690.00\" \/>\n<meta property=\"product:price:currency\" content=\"MDL\" \/>\n<meta property=\"og:availability\" content=\"instock\" \/>\n<meta property=\"product:availability\" content=\"instock\" \/>\n<meta property=\"product:retailer_item_id\" content=\"8591203189330\" \/>\n<meta property=\"product:condition\" content=\"new\" \/>\n<!-- \/ Yoast SEO plugin. -->","yoast_head_json":{"title":"Geac\u0103 Hannah Bertie Wmn Blue Nights\/Vintage Indigo - Magazin Xstyle","description":"Jacheta Hannah Bertie Wmn \u00een culorile blue nights\/vintage indigo combin\u0103 stilul \u0219i tehnologiile Climatic Active Stretch. Este ideal\u0103 pentru activit\u0103\u021bi \u00een aer liber!","robots":{"index":"index","follow":"follow","max-snippet":"max-snippet:-1","max-image-preview":"max-image-preview:large","max-video-preview":"max-video-preview:-1"},"canonical":"https:\/\/xstyle.md\/ro\/produs\/kurtka-zhenskaja-hannah-bertie-blue-nights-vintage-indigo\/","og_locale":"ro_RO","og_type":"article","og_title":"\u041a\u0443\u0440\u0442\u043a\u0430 Hannah Bertie Wmn blue nights\/vintage indigo - \u041c\u0430\u0433\u0430\u0437\u0438\u043d Xstyle","og_description":"\u041a\u0443\u0440\u0442\u043a\u0430 Hannah Bertie Wmn \u0432 \u0446\u0432\u0435\u0442\u0430\u0445 blue nights\/vintage indigo \u0441\u043e\u0447\u0435\u0442\u0430\u0435\u0442 \u0432 \u0441\u0435\u0431\u0435 \u0441\u0442\u0438\u043b\u044c \u0438 \u0442\u0435\u0445\u043d\u043e\u043b\u043e\u0433\u0438\u0438 Climatic Active Stretch. \u0418\u0434\u0435\u0430\u043b\u044c\u043d\u0430 \u0434\u043b\u044f \u0430\u043a\u0442\u0438\u0432\u043d\u043e\u0433\u043e \u043e\u0442\u0434\u044b\u0445\u0430!","og_url":"https:\/\/xstyle.md\/ro\/produs\/kurtka-zhenskaja-hannah-bertie-blue-nights-vintage-indigo\/","og_site_name":"\u041c\u0430\u0433\u0430\u0437\u0438\u043d Xstyle","article_publisher":"https:\/\/www.facebook.com\/xstylemd","article_modified_time":"2026-03-19T13:38:34+00:00","og_image":[{"width":1247,"height":1269,"url":"https:\/\/xstyle.md\/wp-content\/uploads\/2020\/07\/hannah-bertie-wmn-blue-nightsvintage-indigo.jpg","type":"image\/jpeg"}],"twitter_card":"summary_large_image","twitter_misc":{"Pre\u021b":"6.690&nbsp;MDL","Disponibilitate":"\u00cen stoc"},"schema":{"@context":"https:\/\/schema.org","@graph":[{"@type":"WebPage","@id":"https:\/\/xstyle.md\/product\/kurtka-zhenskaja-hannah-bertie-blue-nights-vintage-indigo\/","url":"https:\/\/xstyle.md\/product\/kurtka-zhenskaja-hannah-bertie-blue-nights-vintage-indigo\/","name":"Geac\u0103 Hannah Bertie Wmn Blue Nights\/Vintage Indigo - Magazin Xstyle","isPartOf":{"@id":"https:\/\/xstyle.md\/#website"},"primaryImageOfPage":{"@id":"https:\/\/xstyle.md\/product\/kurtka-zhenskaja-hannah-bertie-blue-nights-vintage-indigo\/#primaryimage"},"image":{"@id":"https:\/\/xstyle.md\/product\/kurtka-zhenskaja-hannah-bertie-blue-nights-vintage-indigo\/#primaryimage"},"thumbnailUrl":"https:\/\/xstyle.md\/wp-content\/uploads\/2020\/07\/hannah-bertie-wmn-blue-nightsvintage-indigo.jpg","datePublished":"2020-07-18T14:33:09+00:00","dateModified":"2026-03-19T13:38:34+00:00","description":"Jacheta Hannah Bertie Wmn \u00een culorile blue nights\/vintage indigo combin\u0103 stilul \u0219i tehnologiile Climatic Active Stretch. Este ideal\u0103 pentru activit\u0103\u021bi \u00een aer liber!","breadcrumb":{"@id":"https:\/\/xstyle.md\/product\/kurtka-zhenskaja-hannah-bertie-blue-nights-vintage-indigo\/#breadcrumb"},"inLanguage":"ro-RO","potentialAction":[{"@type":"ReadAction","target":["https:\/\/xstyle.md\/product\/kurtka-zhenskaja-hannah-bertie-blue-nights-vintage-indigo\/"]}]},{"@type":"ImageObject","inLanguage":"ro-RO","@id":"https:\/\/xstyle.md\/product\/kurtka-zhenskaja-hannah-bertie-blue-nights-vintage-indigo\/#primaryimage","url":"https:\/\/xstyle.md\/wp-content\/uploads\/2020\/07\/hannah-bertie-wmn-blue-nightsvintage-indigo.jpg","contentUrl":"https:\/\/xstyle.md\/wp-content\/uploads\/2020\/07\/hannah-bertie-wmn-blue-nightsvintage-indigo.jpg","width":1247,"height":1269,"caption":"\u0416\u0435\u043d\u0441\u043a\u0430\u044f \u0441\u043f\u043e\u0440\u0442\u0438\u0432\u043d\u0430\u044f \u043a\u0443\u0440\u0442\u043a\u0430 Hannah Bertie Wmn \u0432 \u0441\u0438\u043d\u0438\u0445 \u043d\u043e\u0447\u043d\u044b\u0445 \u0438 \u0432\u0438\u043d\u0442\u0430\u0436\u043d\u044b\u0445 \u043e\u0442\u0442\u0435\u043d\u043a\u0430\u0445 \u0434\u043b\u044f \u0430\u043a\u0442\u0438\u0432\u043d\u043e\u0433\u043e \u043e\u0442\u0434\u044b\u0445\u0430, \u0442\u0443\u0440\u0438\u0437\u043c\u0430 \u0438 \u043f\u0440\u043e\u0433\u0443\u043b\u043e\u043a \u0441 \u0442\u043e\u0432\u0430\u0440\u0430\u043c\u0438 \u0434\u043b\u044f \u043f\u043e\u0445\u043e\u0434\u043e\u0432 \u0438 \u043f\u0443\u0442\u0435\u0448\u0435\u0441\u0442\u0432\u0438\u0439 \u0432 \u043e\u043d\u043b\u0430\u0439\u043d \u043c\u0430\u0433\u0430\u0437\u0438\u043d\u0435 \u0430\u043a\u0442\u0438\u0432\u043d\u043e\u0439 \u044d\u043a\u0438\u043f\u0438\u0440\u043e\u0432\u043a\u0438"},{"@type":"BreadcrumbList","@id":"https:\/\/xstyle.md\/product\/kurtka-zhenskaja-hannah-bertie-blue-nights-vintage-indigo\/#breadcrumb","itemListElement":[{"@type":"ListItem","position":1,"name":"\u0413\u043b\u0430\u0432\u043d\u0430\u044f \u0441\u0442\u0440\u0430\u043d\u0438\u0446\u0430","item":"https:\/\/xstyle.md\/"},{"@type":"ListItem","position":2,"name":"\u041c\u0430\u0433\u0430\u0437\u0438\u043d","item":"https:\/\/xstyle.md\/shop\/"},{"@type":"ListItem","position":3,"name":"\u041a\u0443\u0440\u0442\u043a\u0430 Hannah Bertie Wmn blue nights\/vintage indigo"}]},{"@type":"WebSite","@id":"https:\/\/xstyle.md\/#website","url":"https:\/\/xstyle.md\/","name":"Magazinul X-Style","description":"Echipamente pentru turism \u0219i sporturi extreme \u00een Moldova. Pre\u021buri, fotografii, caracteristici \u00een Moldova.","publisher":{"@id":"https:\/\/xstyle.md\/#organization"},"alternateName":"X-Style","potentialAction":[{"@type":"SearchAction","target":{"@type":"EntryPoint","urlTemplate":"https:\/\/xstyle.md\/?s={search_term_string}"},"query-input":{"@type":"PropertyValueSpecification","valueRequired":true,"valueName":"search_term_string"}}],"inLanguage":"ro-RO"},{"@type":"Organization","@id":"https:\/\/xstyle.md\/#organization","name":"Magazinul X-Style","alternateName":"x-style","url":"https:\/\/xstyle.md\/","logo":{"@type":"ImageObject","inLanguage":"ro-RO","@id":"https:\/\/xstyle.md\/#\/schema\/logo\/image\/","url":"https:\/\/xstyle.md\/wp-content\/uploads\/2020\/06\/logoicon.svg","contentUrl":"https:\/\/xstyle.md\/wp-content\/uploads\/2020\/06\/logoicon.svg","caption":"\u041c\u0430\u0433\u0430\u0437\u0438\u043d Xstyle"},"image":{"@id":"https:\/\/xstyle.md\/#\/schema\/logo\/image\/"},"sameAs":["https:\/\/www.facebook.com\/xstylemd","https:\/\/www.instagram.com\/xstyle_md\/","https:\/\/t.me\/xstyle_outdoor"],"hasMerchantReturnPolicy":{"@type":"MerchantReturnPolicy","merchantReturnLink":"https:\/\/xstyle.md\/ro\/conditions\/"}}]},"product_price_amount":"6690.00","product_price_currency":"MDL","og_availability":"instock","product_availability":"instock","product_retailer_item_id":"8591203189330","product_condition":"new"},"post_mailing_queue_ids":[],"_links":{"self":[{"href":"https:\/\/xstyle.md\/ro\/wp-json\/wp\/v2\/product\/20276","targetHints":{"allow":["GET"]}}],"collection":[{"href":"https:\/\/xstyle.md\/ro\/wp-json\/wp\/v2\/product"}],"about":[{"href":"https:\/\/xstyle.md\/ro\/wp-json\/wp\/v2\/types\/product"}],"replies":[{"embeddable":true,"href":"https:\/\/xstyle.md\/ro\/wp-json\/wp\/v2\/comments?post=20276"}],"wp:featuredmedia":[{"embeddable":true,"href":"https:\/\/xstyle.md\/ro\/wp-json\/wp\/v2\/media\/58356"}],"wp:attachment":[{"href":"https:\/\/xstyle.md\/ro\/wp-json\/wp\/v2\/media?parent=20276"}],"wp:term":[{"taxonomy":"product_brand","embeddable":true,"href":"https:\/\/xstyle.md\/ro\/wp-json\/wp\/v2\/product_brand?post=20276"},{"taxonomy":"product_cat","embeddable":true,"href":"https:\/\/xstyle.md\/ro\/wp-json\/wp\/v2\/product_cat?post=20276"},{"taxonomy":"product_tag","embeddable":true,"href":"https:\/\/xstyle.md\/ro\/wp-json\/wp\/v2\/product_tag?post=20276"}],"curies":[{"name":"wp","href":"https:\/\/api.w.org\/{rel}","templated":true}]}}