{"id":20216,"date":"2020-07-18T17:30:29","date_gmt":"2020-07-18T14:30:29","guid":{"rendered":"https:\/\/xstyle.md\/product\/brjuki-zhenskie-hannah-tibi-ii-vintage-indigo"},"modified":"2026-03-19T16:38:33","modified_gmt":"2026-03-19T13:38:33","slug":"hannah-tibi-ii-wmn-vintage-indigo","status":"publish","type":"product","link":"https:\/\/xstyle.md\/ro\/produs\/hannah-tibi-ii-wmn-vintage-indigo\/","title":{"rendered":"Pantaloni schi Hannah Tibi II Wmn vintage indigo"},"content":{"rendered":"<\/p>\n<p><strong>Hannah Tibi II <\/strong>&#8212; pantaloni de schi pentru schiorii care au cerin\u021be foarte ridicate \u00een ceea ce prive\u0219te \u00eembr\u0103c\u0103mintea de schi, ace\u0219ti pantaloni nu v\u0103 vor dezam\u0103gi. \u021ainut\u0103 confortabil\u0103 \u0219i umplutur\u0103 pentru o izolare termic\u0103 excelent\u0103. Membrana impermeabil\u0103 Climatic Active Strech asigur\u0103 protec\u021bie \u00eempotriva condi\u021biilor climatice: z\u0103pad\u0103, ploaie, cea\u021b\u0103. Iar izola\u021bia Thermore, care poate fi comparat\u0103 cu puful natural, v\u0103 va \u021bine de cald chiar \u0219i \u00een cele mai reci condi\u021bii meteo.<\/p>\n<h3>Particularit\u0103\u021bi<\/h3>\n<ul>\n<li>Impermeabil, rezistent la v\u00e2nt \u0219i rezistent la v\u00e2nt<\/li>\n<li>Talie reglabil\u0103 cu curele Velcro<\/li>\n<li>Curele de um\u0103r deta\u0219abile (bretele)<\/li>\n<li>T\u0103ietur\u0103 anatomic\u0103 la genunchi<\/li>\n<li>Buzunare cu fermoar YKK<\/li>\n<li>\u00cenchidere cu fant\u0103 \u00een partea de jos a piciorului pentru a \u00eembr\u0103ca pantalonii f\u0103r\u0103 a scoate pantofii<\/li>\n<li>Sigla Recco 3D reflectorizant\u0103 la lumin\u0103.<\/li>\n<\/ul>\n<h3>Caracteristici<\/h3>\n<ul>\n<li>Material &#8212; 100% poliester, 100% poliamid\u0103<\/li>\n<li>Membran\u0103 &#8212; Climatic Active Strech<\/li>\n<li>Izola\u021bie Thermore<\/li>\n<li>Rezisten\u021b\u0103 la umiditate &#8212; 15 000 mm<\/li>\n<li>Permeabilitate la aer &#8212; 16 000 g\/m2\/24h<\/li>\n<li>Model - pentru femei.<\/li>\n<\/ul>\n<h3>Tehnologie<\/h3>\n<ul>\n<li><strong>Climatic Active Strech<\/strong> \u2013 material elastic laminat cu o membran\u0103 neporoas\u0103 foarte func\u021bional\u0103 cu propriet\u0103\u021bi excelente de impermeabilizare &#8212; 15 000 mm coloan\u0103 de ap\u0103 \u0219i permeabilitate la aer &#8212; 15 000 g \/ m2 \/ 24 ore. Ofer\u0103 o protec\u021bie optim\u0103 \u00een condi\u021bii climatice nefavorabile. Este potrivit pentru activit\u0103\u021bile sportive \u00een aer liber mai solicitante.<\/li>\n<li><strong>Thermore<\/strong> &#8212; este un material izolator cald, moale \u0219i durabil care utilizeaz\u0103 p\u00e2n\u0103 la 50% materiale reciclate \u00een produc\u021bia sa. Propriet\u0103\u021bile sale de izolare termic\u0103 pot fi comparate cu cele ale pufului natural.<\/li>\n<li><strong>RECCO<\/strong>\u00ae &#8212; un sistem integrat de salvare \u00een caz de avalan\u0219\u0103 care v\u0103 permite s\u0103 g\u0103si\u021bi o persoan\u0103 sub resturile de z\u0103pad\u0103. Acest sistem este utilizat de salvatorii profesioni\u0219ti din \u00eentreaga lume.<\/li>\n<\/ul>\n<h3>Marca<\/h3>\n<p>Hannah este un brand interna\u021bional specializat \u00een articole de c\u0103l\u0103torie \u0219i \u00eembr\u0103c\u0103minte sport pentru fiecare sezon. Marca Hannah a fost fondat\u0103 \u00een Republica Ceh\u0103 \u00een 1991. Compania a ob\u021binut un succes bun pe pia\u021ba intern\u0103 datorit\u0103 politicii sale de \u00eenalt\u0103 calitate \u0219i a pre\u021burilor accesibile pentru fiecare produs.<\/p>\n<p>\u00cenc\u0103 de la \u00eenceput, compania a \u00eenceput s\u0103 fabrice produse \u00een conformitate cu standardele interna\u021bionale, deoarece a realizat pe deplin importan\u021ba unei reputa\u021bii curate. \u00cen acest sens, s-a petrecut mult timp cu selectarea materialelor de calitate, ale c\u0103ror produse puteau fi caracterizate prin rezisten\u021b\u0103 la uzur\u0103 \u0219i durabilitate, iar unele produse erau, de asemenea, impermeabile. Ast\u0103zi, marca nu st\u0103 pe loc, catalogul lor este actualizat \u0219i extins \u00een mod constant, iar produsele pot fi g\u0103site \u00een \u00eentreaga lume.<\/p>\n<p><\/p>","protected":false},"excerpt":{"rendered":"<p>Pantaloni Hannah Tibi II Wmn vintage indigo<\/p>","protected":false},"featured_media":62988,"comment_status":"open","ping_status":"closed","template":"","meta":{"_acf_changed":false,"inline_featured_image":false},"product_brand":[1271],"product_cat":[307],"product_tag":[],"class_list":{"0":"post-20216","1":"product","2":"type-product","3":"status-publish","4":"has-post-thumbnail","6":"product_brand-hannah","7":"product_cat-pantaloni-de-schi-femei","9":"first","10":"instock","11":"shipping-taxable","12":"purchasable","13":"product-type-simple"},"acf":[],"yoast_head":"<!-- This site is optimized with the Yoast SEO plugin v27.2 - https:\/\/yoast.com\/product\/yoast-seo-wordpress\/ -->\n<title>\u0413\u043e\u0440\u043d\u043e\u043b\u044b\u0436\u043d\u044b\u0435 \u0448\u0442\u0430\u043d\u044b Hannah Tibi II Wmn vintage indigo - \u041c\u0430\u0433\u0430\u0437\u0438\u043d Xstyle<\/title>\n<meta name=\"description\" content=\"\u041e\u0442\u043a\u0440\u043e\u0439\u0442\u0435 \u0434\u043b\u044f \u0441\u0435\u0431\u044f \u0431\u0440\u044e\u043a\u0438 Hannah Tibi II Wmn vintage indigo - \u0438\u0434\u0435\u0430\u043b\u044c\u043d\u044b\u0439 \u0432\u044b\u0431\u043e\u0440 \u0434\u043b\u044f \u0442\u0440\u0435\u0431\u043e\u0432\u0430\u0442\u0435\u043b\u044c\u043d\u044b\u0445 \u043b\u044b\u0436\u043d\u0438\u043a\u043e\u0432. \u041a\u043e\u043c\u0444\u043e\u0440\u0442, \u0437\u0430\u0449\u0438\u0442\u0430 \u0438 \u0441\u0442\u0438\u043b\u044c \u0432 \u043a\u0430\u0436\u0434\u043e\u043c \u0434\u0432\u0438\u0436\u0435\u043d\u0438\u0438.\" \/>\n<meta name=\"robots\" content=\"index, follow, max-snippet:-1, max-image-preview:large, max-video-preview:-1\" \/>\n<link rel=\"canonical\" href=\"https:\/\/xstyle.md\/ro\/produs\/hannah-tibi-ii-wmn-vintage-indigo\/\" \/>\n<meta property=\"og:locale\" content=\"ro_RO\" \/>\n<meta property=\"og:type\" content=\"article\" \/>\n<meta property=\"og:title\" content=\"\u0413\u043e\u0440\u043d\u043e\u043b\u044b\u0436\u043d\u044b\u0435 \u0448\u0442\u0430\u043d\u044b Hannah Tibi II Wmn vintage indigo - \u041c\u0430\u0433\u0430\u0437\u0438\u043d Xstyle\" \/>\n<meta property=\"og:description\" content=\"\u041e\u0442\u043a\u0440\u043e\u0439\u0442\u0435 \u0434\u043b\u044f \u0441\u0435\u0431\u044f \u0431\u0440\u044e\u043a\u0438 Hannah Tibi II Wmn vintage indigo - \u0438\u0434\u0435\u0430\u043b\u044c\u043d\u044b\u0439 \u0432\u044b\u0431\u043e\u0440 \u0434\u043b\u044f \u0442\u0440\u0435\u0431\u043e\u0432\u0430\u0442\u0435\u043b\u044c\u043d\u044b\u0445 \u043b\u044b\u0436\u043d\u0438\u043a\u043e\u0432. \u041a\u043e\u043c\u0444\u043e\u0440\u0442, \u0437\u0430\u0449\u0438\u0442\u0430 \u0438 \u0441\u0442\u0438\u043b\u044c \u0432 \u043a\u0430\u0436\u0434\u043e\u043c \u0434\u0432\u0438\u0436\u0435\u043d\u0438\u0438.\" \/>\n<meta property=\"og:url\" content=\"https:\/\/xstyle.md\/ro\/produs\/hannah-tibi-ii-wmn-vintage-indigo\/\" \/>\n<meta property=\"og:site_name\" content=\"\u041c\u0430\u0433\u0430\u0437\u0438\u043d Xstyle\" \/>\n<meta property=\"article:publisher\" content=\"https:\/\/www.facebook.com\/xstylemd\" \/>\n<meta property=\"article:modified_time\" content=\"2026-03-19T13:38:33+00:00\" \/>\n<meta property=\"og:image\" content=\"https:\/\/xstyle.md\/wp-content\/uploads\/2020\/07\/hannah-tibi-ii-wmn-vintage-indigo.jpg\" \/>\n\t<meta property=\"og:image:width\" content=\"819\" \/>\n\t<meta property=\"og:image:height\" content=\"840\" \/>\n\t<meta property=\"og:image:type\" content=\"image\/jpeg\" \/>\n<meta name=\"twitter:card\" content=\"summary_large_image\" \/>\n<meta name=\"twitter:label1\" content=\"Pre\u021b\" \/>\n\t<meta name=\"twitter:data1\" content=\"4.190&nbsp;MDL\" \/>\n\t<meta name=\"twitter:label2\" content=\"Disponibilitate\" \/>\n\t<meta name=\"twitter:data2\" content=\"\u00cen stoc\" \/>\n<script type=\"application\/ld+json\" class=\"yoast-schema-graph\">{\"@context\":\"https:\/\/schema.org\",\"@graph\":[{\"@type\":\"WebPage\",\"@id\":\"https:\/\/xstyle.md\/product\/hannah-tibi-ii-wmn-vintage-indigo\/\",\"url\":\"https:\/\/xstyle.md\/product\/hannah-tibi-ii-wmn-vintage-indigo\/\",\"name\":\"\u0413\u043e\u0440\u043d\u043e\u043b\u044b\u0436\u043d\u044b\u0435 \u0448\u0442\u0430\u043d\u044b Hannah Tibi II Wmn vintage indigo - \u041c\u0430\u0433\u0430\u0437\u0438\u043d Xstyle\",\"isPartOf\":{\"@id\":\"https:\/\/xstyle.md\/#website\"},\"primaryImageOfPage\":{\"@id\":\"https:\/\/xstyle.md\/product\/hannah-tibi-ii-wmn-vintage-indigo\/#primaryimage\"},\"image\":{\"@id\":\"https:\/\/xstyle.md\/product\/hannah-tibi-ii-wmn-vintage-indigo\/#primaryimage\"},\"thumbnailUrl\":\"https:\/\/xstyle.md\/wp-content\/uploads\/2020\/07\/hannah-tibi-ii-wmn-vintage-indigo.jpg\",\"datePublished\":\"2020-07-18T14:30:29+00:00\",\"dateModified\":\"2026-03-19T13:38:33+00:00\",\"description\":\"\u041e\u0442\u043a\u0440\u043e\u0439\u0442\u0435 \u0434\u043b\u044f \u0441\u0435\u0431\u044f \u0431\u0440\u044e\u043a\u0438 Hannah Tibi II Wmn vintage indigo - \u0438\u0434\u0435\u0430\u043b\u044c\u043d\u044b\u0439 \u0432\u044b\u0431\u043e\u0440 \u0434\u043b\u044f \u0442\u0440\u0435\u0431\u043e\u0432\u0430\u0442\u0435\u043b\u044c\u043d\u044b\u0445 \u043b\u044b\u0436\u043d\u0438\u043a\u043e\u0432. \u041a\u043e\u043c\u0444\u043e\u0440\u0442, \u0437\u0430\u0449\u0438\u0442\u0430 \u0438 \u0441\u0442\u0438\u043b\u044c \u0432 \u043a\u0430\u0436\u0434\u043e\u043c \u0434\u0432\u0438\u0436\u0435\u043d\u0438\u0438.\",\"breadcrumb\":{\"@id\":\"https:\/\/xstyle.md\/product\/hannah-tibi-ii-wmn-vintage-indigo\/#breadcrumb\"},\"inLanguage\":\"ro-RO\",\"potentialAction\":[{\"@type\":\"ReadAction\",\"target\":[\"https:\/\/xstyle.md\/product\/hannah-tibi-ii-wmn-vintage-indigo\/\"]}]},{\"@type\":\"ImageObject\",\"inLanguage\":\"ro-RO\",\"@id\":\"https:\/\/xstyle.md\/product\/hannah-tibi-ii-wmn-vintage-indigo\/#primaryimage\",\"url\":\"https:\/\/xstyle.md\/wp-content\/uploads\/2020\/07\/hannah-tibi-ii-wmn-vintage-indigo.jpg\",\"contentUrl\":\"https:\/\/xstyle.md\/wp-content\/uploads\/2020\/07\/hannah-tibi-ii-wmn-vintage-indigo.jpg\",\"width\":819,\"height\":840,\"caption\":\"\u0411\u0440\u044e\u043a\u0438 Hannah Tibi II Wmn \u0432\u0438\u043d\u0442\u0430\u0436\u043d\u044b\u0439 \u0438\u043d\u0434\u0438\u0433\u043e \u0434\u043b\u044f \u0430\u043a\u0442\u0438\u0432\u043d\u043e\u0433\u043e \u043e\u0442\u0434\u044b\u0445\u0430 \u043f\u043e\u0445\u043e\u0434\u043e\u0432 \u043f\u0443\u0442\u0435\u0448\u0435\u0441\u0442\u0432\u0438\u0439 \u0438 \u0433\u043e\u0440\u043e\u0434\u0441\u043a\u043e\u0439 \u043e\u0434\u0435\u0436\u0434\u044b \u0432 \u043e\u043d\u043b\u0430\u0439\u043d \u043c\u0430\u0433\u0430\u0437\u0438\u043d\u0435 \u044d\u043a\u0438\u043f\u0438\u0440\u043e\u0432\u043a\u0438 \u0434\u043b\u044f \u0430\u043a\u0442\u0438\u0432\u043d\u043e\u0439 \u0436\u0438\u0437\u043d\u0438\"},{\"@type\":\"BreadcrumbList\",\"@id\":\"https:\/\/xstyle.md\/product\/hannah-tibi-ii-wmn-vintage-indigo\/#breadcrumb\",\"itemListElement\":[{\"@type\":\"ListItem\",\"position\":1,\"name\":\"\u0413\u043b\u0430\u0432\u043d\u0430\u044f \u0441\u0442\u0440\u0430\u043d\u0438\u0446\u0430\",\"item\":\"https:\/\/xstyle.md\/\"},{\"@type\":\"ListItem\",\"position\":2,\"name\":\"\u041c\u0430\u0433\u0430\u0437\u0438\u043d\",\"item\":\"https:\/\/xstyle.md\/shop\/\"},{\"@type\":\"ListItem\",\"position\":3,\"name\":\"\u0413\u043e\u0440\u043d\u043e\u043b\u044b\u0436\u043d\u044b\u0435 \u0448\u0442\u0430\u043d\u044b Hannah Tibi II Wmn vintage indigo\"}]},{\"@type\":\"WebSite\",\"@id\":\"https:\/\/xstyle.md\/#website\",\"url\":\"https:\/\/xstyle.md\/\",\"name\":\"\u041c\u0430\u0433\u0430\u0437\u0438\u043d Xstyle\",\"description\":\"C\u043d\u0430\u0440\u044f\u0436\u0435\u043d\u0438\u0435 \u0434\u043b\u044f \u0442\u0443\u0440\u0438\u0437\u043c\u0430 \u0438 \u044d\u043a\u0441\u0442\u0440\u0435\u043c\u0430\u043b\u044c\u043d\u044b\u0445 \u0432\u0438\u0434\u043e\u0432 \u0441\u043f\u043e\u0440\u0442\u0430 \u0432 \u041c\u043e\u043b\u0434\u043e\u0432\u0435.. \u0426\u0435\u043d\u044b, \u0444\u043e\u0442\u043e, \u0445\u0430\u0440\u0430\u043a\u0442\u0435\u0440\u0438\u0441\u0442\u0438\u043a\u0438 \u0432 \u041c\u043e\u043b\u0434\u043e\u0432\u0435.\",\"publisher\":{\"@id\":\"https:\/\/xstyle.md\/#organization\"},\"alternateName\":\"X-Style\",\"potentialAction\":[{\"@type\":\"SearchAction\",\"target\":{\"@type\":\"EntryPoint\",\"urlTemplate\":\"https:\/\/xstyle.md\/?s={search_term_string}\"},\"query-input\":{\"@type\":\"PropertyValueSpecification\",\"valueRequired\":true,\"valueName\":\"search_term_string\"}}],\"inLanguage\":\"ro-RO\"},{\"@type\":\"Organization\",\"@id\":\"https:\/\/xstyle.md\/#organization\",\"name\":\"\u041c\u0430\u0433\u0430\u0437\u0438\u043d Xstyle\",\"alternateName\":\"x-style\",\"url\":\"https:\/\/xstyle.md\/\",\"logo\":{\"@type\":\"ImageObject\",\"inLanguage\":\"ro-RO\",\"@id\":\"https:\/\/xstyle.md\/#\/schema\/logo\/image\/\",\"url\":\"https:\/\/xstyle.md\/wp-content\/uploads\/2020\/06\/logoicon.svg\",\"contentUrl\":\"https:\/\/xstyle.md\/wp-content\/uploads\/2020\/06\/logoicon.svg\",\"caption\":\"\u041c\u0430\u0433\u0430\u0437\u0438\u043d Xstyle\"},\"image\":{\"@id\":\"https:\/\/xstyle.md\/#\/schema\/logo\/image\/\"},\"sameAs\":[\"https:\/\/www.facebook.com\/xstylemd\",\"https:\/\/www.instagram.com\/xstyle_md\/\",\"https:\/\/t.me\/xstyle_outdoor\"],\"hasMerchantReturnPolicy\":{\"@type\":\"MerchantReturnPolicy\",\"merchantReturnLink\":\"https:\/\/xstyle.md\/ro\/conditions\/\"}}]}<\/script>\n<meta property=\"product:price:amount\" content=\"4190.00\" \/>\n<meta property=\"product:price:currency\" content=\"MDL\" \/>\n<meta property=\"og:availability\" content=\"instock\" \/>\n<meta property=\"product:availability\" content=\"instock\" \/>\n<meta property=\"product:retailer_item_id\" content=\"8591203176361\" \/>\n<meta property=\"product:condition\" content=\"new\" \/>\n<!-- \/ Yoast SEO plugin. -->","yoast_head_json":{"title":"\u0413\u043e\u0440\u043d\u043e\u043b\u044b\u0436\u043d\u044b\u0435 \u0448\u0442\u0430\u043d\u044b Hannah Tibi II Wmn vintage indigo - \u041c\u0430\u0433\u0430\u0437\u0438\u043d Xstyle","description":"Descoperi\u021bi pantalonii Hannah Tibi II Wmn vintage indigo - alegerea perfect\u0103 pentru schiorii preten\u021bio\u0219i. Confort, protec\u021bie \u0219i stil \u00een fiecare mi\u0219care.","robots":{"index":"index","follow":"follow","max-snippet":"max-snippet:-1","max-image-preview":"max-image-preview:large","max-video-preview":"max-video-preview:-1"},"canonical":"https:\/\/xstyle.md\/ro\/produs\/hannah-tibi-ii-wmn-vintage-indigo\/","og_locale":"ro_RO","og_type":"article","og_title":"\u0413\u043e\u0440\u043d\u043e\u043b\u044b\u0436\u043d\u044b\u0435 \u0448\u0442\u0430\u043d\u044b Hannah Tibi II Wmn vintage indigo - \u041c\u0430\u0433\u0430\u0437\u0438\u043d Xstyle","og_description":"\u041e\u0442\u043a\u0440\u043e\u0439\u0442\u0435 \u0434\u043b\u044f \u0441\u0435\u0431\u044f \u0431\u0440\u044e\u043a\u0438 Hannah Tibi II Wmn vintage indigo - \u0438\u0434\u0435\u0430\u043b\u044c\u043d\u044b\u0439 \u0432\u044b\u0431\u043e\u0440 \u0434\u043b\u044f \u0442\u0440\u0435\u0431\u043e\u0432\u0430\u0442\u0435\u043b\u044c\u043d\u044b\u0445 \u043b\u044b\u0436\u043d\u0438\u043a\u043e\u0432. \u041a\u043e\u043c\u0444\u043e\u0440\u0442, \u0437\u0430\u0449\u0438\u0442\u0430 \u0438 \u0441\u0442\u0438\u043b\u044c \u0432 \u043a\u0430\u0436\u0434\u043e\u043c \u0434\u0432\u0438\u0436\u0435\u043d\u0438\u0438.","og_url":"https:\/\/xstyle.md\/ro\/produs\/hannah-tibi-ii-wmn-vintage-indigo\/","og_site_name":"\u041c\u0430\u0433\u0430\u0437\u0438\u043d Xstyle","article_publisher":"https:\/\/www.facebook.com\/xstylemd","article_modified_time":"2026-03-19T13:38:33+00:00","og_image":[{"width":819,"height":840,"url":"https:\/\/xstyle.md\/wp-content\/uploads\/2020\/07\/hannah-tibi-ii-wmn-vintage-indigo.jpg","type":"image\/jpeg"}],"twitter_card":"summary_large_image","twitter_misc":{"Pre\u021b":"4.190&nbsp;MDL","Disponibilitate":"\u00cen stoc"},"schema":{"@context":"https:\/\/schema.org","@graph":[{"@type":"WebPage","@id":"https:\/\/xstyle.md\/product\/hannah-tibi-ii-wmn-vintage-indigo\/","url":"https:\/\/xstyle.md\/product\/hannah-tibi-ii-wmn-vintage-indigo\/","name":"\u0413\u043e\u0440\u043d\u043e\u043b\u044b\u0436\u043d\u044b\u0435 \u0448\u0442\u0430\u043d\u044b Hannah Tibi II Wmn vintage indigo - \u041c\u0430\u0433\u0430\u0437\u0438\u043d Xstyle","isPartOf":{"@id":"https:\/\/xstyle.md\/#website"},"primaryImageOfPage":{"@id":"https:\/\/xstyle.md\/product\/hannah-tibi-ii-wmn-vintage-indigo\/#primaryimage"},"image":{"@id":"https:\/\/xstyle.md\/product\/hannah-tibi-ii-wmn-vintage-indigo\/#primaryimage"},"thumbnailUrl":"https:\/\/xstyle.md\/wp-content\/uploads\/2020\/07\/hannah-tibi-ii-wmn-vintage-indigo.jpg","datePublished":"2020-07-18T14:30:29+00:00","dateModified":"2026-03-19T13:38:33+00:00","description":"Descoperi\u021bi pantalonii Hannah Tibi II Wmn vintage indigo - alegerea perfect\u0103 pentru schiorii preten\u021bio\u0219i. Confort, protec\u021bie \u0219i stil \u00een fiecare mi\u0219care.","breadcrumb":{"@id":"https:\/\/xstyle.md\/product\/hannah-tibi-ii-wmn-vintage-indigo\/#breadcrumb"},"inLanguage":"ro-RO","potentialAction":[{"@type":"ReadAction","target":["https:\/\/xstyle.md\/product\/hannah-tibi-ii-wmn-vintage-indigo\/"]}]},{"@type":"ImageObject","inLanguage":"ro-RO","@id":"https:\/\/xstyle.md\/product\/hannah-tibi-ii-wmn-vintage-indigo\/#primaryimage","url":"https:\/\/xstyle.md\/wp-content\/uploads\/2020\/07\/hannah-tibi-ii-wmn-vintage-indigo.jpg","contentUrl":"https:\/\/xstyle.md\/wp-content\/uploads\/2020\/07\/hannah-tibi-ii-wmn-vintage-indigo.jpg","width":819,"height":840,"caption":"\u0411\u0440\u044e\u043a\u0438 Hannah Tibi II Wmn \u0432\u0438\u043d\u0442\u0430\u0436\u043d\u044b\u0439 \u0438\u043d\u0434\u0438\u0433\u043e \u0434\u043b\u044f \u0430\u043a\u0442\u0438\u0432\u043d\u043e\u0433\u043e \u043e\u0442\u0434\u044b\u0445\u0430 \u043f\u043e\u0445\u043e\u0434\u043e\u0432 \u043f\u0443\u0442\u0435\u0448\u0435\u0441\u0442\u0432\u0438\u0439 \u0438 \u0433\u043e\u0440\u043e\u0434\u0441\u043a\u043e\u0439 \u043e\u0434\u0435\u0436\u0434\u044b \u0432 \u043e\u043d\u043b\u0430\u0439\u043d \u043c\u0430\u0433\u0430\u0437\u0438\u043d\u0435 \u044d\u043a\u0438\u043f\u0438\u0440\u043e\u0432\u043a\u0438 \u0434\u043b\u044f \u0430\u043a\u0442\u0438\u0432\u043d\u043e\u0439 \u0436\u0438\u0437\u043d\u0438"},{"@type":"BreadcrumbList","@id":"https:\/\/xstyle.md\/product\/hannah-tibi-ii-wmn-vintage-indigo\/#breadcrumb","itemListElement":[{"@type":"ListItem","position":1,"name":"\u0413\u043b\u0430\u0432\u043d\u0430\u044f \u0441\u0442\u0440\u0430\u043d\u0438\u0446\u0430","item":"https:\/\/xstyle.md\/"},{"@type":"ListItem","position":2,"name":"\u041c\u0430\u0433\u0430\u0437\u0438\u043d","item":"https:\/\/xstyle.md\/shop\/"},{"@type":"ListItem","position":3,"name":"\u0413\u043e\u0440\u043d\u043e\u043b\u044b\u0436\u043d\u044b\u0435 \u0448\u0442\u0430\u043d\u044b Hannah Tibi II Wmn vintage indigo"}]},{"@type":"WebSite","@id":"https:\/\/xstyle.md\/#website","url":"https:\/\/xstyle.md\/","name":"Magazinul X-Style","description":"Echipamente pentru turism \u0219i sporturi extreme \u00een Moldova. Pre\u021buri, fotografii, caracteristici \u00een Moldova.","publisher":{"@id":"https:\/\/xstyle.md\/#organization"},"alternateName":"X-Style","potentialAction":[{"@type":"SearchAction","target":{"@type":"EntryPoint","urlTemplate":"https:\/\/xstyle.md\/?s={search_term_string}"},"query-input":{"@type":"PropertyValueSpecification","valueRequired":true,"valueName":"search_term_string"}}],"inLanguage":"ro-RO"},{"@type":"Organization","@id":"https:\/\/xstyle.md\/#organization","name":"Magazinul X-Style","alternateName":"x-style","url":"https:\/\/xstyle.md\/","logo":{"@type":"ImageObject","inLanguage":"ro-RO","@id":"https:\/\/xstyle.md\/#\/schema\/logo\/image\/","url":"https:\/\/xstyle.md\/wp-content\/uploads\/2020\/06\/logoicon.svg","contentUrl":"https:\/\/xstyle.md\/wp-content\/uploads\/2020\/06\/logoicon.svg","caption":"\u041c\u0430\u0433\u0430\u0437\u0438\u043d Xstyle"},"image":{"@id":"https:\/\/xstyle.md\/#\/schema\/logo\/image\/"},"sameAs":["https:\/\/www.facebook.com\/xstylemd","https:\/\/www.instagram.com\/xstyle_md\/","https:\/\/t.me\/xstyle_outdoor"],"hasMerchantReturnPolicy":{"@type":"MerchantReturnPolicy","merchantReturnLink":"https:\/\/xstyle.md\/ro\/conditions\/"}}]},"product_price_amount":"4190.00","product_price_currency":"MDL","og_availability":"instock","product_availability":"instock","product_retailer_item_id":"8591203176361","product_condition":"new"},"post_mailing_queue_ids":[],"_links":{"self":[{"href":"https:\/\/xstyle.md\/ro\/wp-json\/wp\/v2\/product\/20216","targetHints":{"allow":["GET"]}}],"collection":[{"href":"https:\/\/xstyle.md\/ro\/wp-json\/wp\/v2\/product"}],"about":[{"href":"https:\/\/xstyle.md\/ro\/wp-json\/wp\/v2\/types\/product"}],"replies":[{"embeddable":true,"href":"https:\/\/xstyle.md\/ro\/wp-json\/wp\/v2\/comments?post=20216"}],"wp:featuredmedia":[{"embeddable":true,"href":"https:\/\/xstyle.md\/ro\/wp-json\/wp\/v2\/media\/62988"}],"wp:attachment":[{"href":"https:\/\/xstyle.md\/ro\/wp-json\/wp\/v2\/media?parent=20216"}],"wp:term":[{"taxonomy":"product_brand","embeddable":true,"href":"https:\/\/xstyle.md\/ro\/wp-json\/wp\/v2\/product_brand?post=20216"},{"taxonomy":"product_cat","embeddable":true,"href":"https:\/\/xstyle.md\/ro\/wp-json\/wp\/v2\/product_cat?post=20216"},{"taxonomy":"product_tag","embeddable":true,"href":"https:\/\/xstyle.md\/ro\/wp-json\/wp\/v2\/product_tag?post=20216"}],"curies":[{"name":"wp","href":"https:\/\/api.w.org\/{rel}","templated":true}]}}