{"id":20185,"date":"2020-07-18T17:29:48","date_gmt":"2020-07-18T14:29:48","guid":{"rendered":"https:\/\/xstyle.md\/product\/brjuki-muzhskie-hannah-ammar-anthracite-orange"},"modified":"2026-01-13T17:11:12","modified_gmt":"2026-01-13T14:11:12","slug":"hannah-ammar-mns-anthracite-orange","status":"publish","type":"product","link":"https:\/\/xstyle.md\/ro\/produs\/hannah-ammar-mns-anthracite-orange\/","title":{"rendered":"Pantaloni schi Hannah Ammar Mns anthracite orange"},"content":{"rendered":"<\/p>\n<p><strong>Hannah Ammar anthracite orange<\/strong> &#8212; pantaloni pentru b\u0103rba\u021bi pentru cei mai exigen\u021bi schiori. Membrana elastic\u0103 Climatic Active Stretch este rezistent\u0103 la ap\u0103 \u0219i, datorit\u0103 tehnologiei \u021bes\u0103turii elastice \u00een 4 direc\u021bii, nu limiteaz\u0103 nici mi\u0219c\u0103rile. Ventila\u021bia durabil\u0103 cu fermoare YKK impermeabile nu este doar un gadget practic, ci \u0219i un element de design. Acela\u0219i lucru este valabil \u0219i pentru buzunarul de \u0219old cu fermoare YKK de calitate.<\/p>\n<h3>Particularit\u0103\u021bi<\/h3>\n<ul>\n<li>Band\u0103 reglabil\u0103 \u00een talie cu \u00eenchidere Velcro<\/li>\n<li>Bretele deta\u0219abile<\/li>\n<li>Genunchi cu form\u0103 anatomic\u0103<\/li>\n<li>Buzunare principale cu fermoare YKK<\/li>\n<li>Buzunar pentru coapse cu fermoare YKK<\/li>\n<li>Ventila\u021bie bun\u0103 cu fermoare YKK impermeabile<\/li>\n<li>Man\u0219et\u0103 pentru z\u0103pad\u0103 pe picior<\/li>\n<li>Buzunar cu fermoar \u00een partea de jos<\/li>\n<li>Cus\u0103turi cu band\u0103 aderent\u0103<\/li>\n<li>Spate par\u021bial izolat.<\/li>\n<\/ul>\n<h3>Caracteristici<\/h3>\n<ul>\n<li>Material &#8212; 100% poliester<\/li>\n<li>Membran\u0103 &#8212; Climatic Active Stretch<\/li>\n<li>Rezisten\u021b\u0103 la umiditate &#8212; 15 000 mm<\/li>\n<li>Permeabilitate la aer &#8212; 15 000 g\/m2\/24h<\/li>\n<li>Model - b\u0103rba\u021bi.<\/li>\n<\/ul>\n<h3>Tehnologie<\/h3>\n<ul>\n<li><strong>Climatic Active Strech<\/strong> &#8212; material elastic laminat cu o membran\u0103 neporoas\u0103 foarte func\u021bional\u0103 cu propriet\u0103\u021bi excelente de impermeabilizare &#8212; 15 000 mm coloan\u0103 de ap\u0103 \u0219i permeabilitate la aer &#8212; 15 000 g \/ m2 \/ 24 ore. Ofer\u0103 o protec\u021bie optim\u0103 \u00een condi\u021bii climatice nefavorabile. Este potrivit pentru activit\u0103\u021bile sportive \u00een aer liber mai solicitante.<\/li>\n<\/ul>\n<h3>Marca<\/h3>\n<p>Hannah este un brand interna\u021bional specializat \u00een articole de c\u0103l\u0103torie \u0219i \u00eembr\u0103c\u0103minte sport pentru fiecare sezon. Marca Hannah a fost fondat\u0103 \u00een Republica Ceh\u0103 \u00een 1991. Compania a ob\u021binut un succes bun pe pia\u021ba intern\u0103 datorit\u0103 politicii sale de \u00eenalt\u0103 calitate \u0219i a pre\u021burilor accesibile pentru fiecare produs.<\/p>\n<p>\u00cenc\u0103 de la \u00eenceput, compania a \u00eenceput s\u0103 fabrice produse \u00een conformitate cu standardele interna\u021bionale, deoarece a realizat pe deplin importan\u021ba unei reputa\u021bii curate. \u00cen acest sens, s-a petrecut mult timp cu selectarea materialelor de calitate, ale c\u0103ror produse puteau fi caracterizate prin rezisten\u021b\u0103 la uzur\u0103 \u0219i durabilitate, iar unele produse erau, de asemenea, impermeabile. Ast\u0103zi, marca nu st\u0103 pe loc, catalogul lor este actualizat \u0219i extins \u00een mod constant, iar produsele pot fi g\u0103site \u00een \u00eentreaga lume.<\/p>\n<p><\/p>","protected":false},"excerpt":{"rendered":"<p>Pantaloni pentru b\u0103rba\u021bi Hannah Ammar anthracite orange<\/p>","protected":false},"featured_media":61610,"comment_status":"open","ping_status":"closed","template":"","meta":{"_acf_changed":false,"inline_featured_image":false},"product_brand":[1271],"product_cat":[248],"product_tag":[],"class_list":{"0":"post-20185","1":"product","2":"type-product","3":"status-publish","4":"has-post-thumbnail","6":"product_brand-hannah","7":"product_cat-pantaloni-de-schi-barbati","9":"first","10":"outofstock","11":"shipping-taxable","12":"product-type-simple"},"acf":[],"yoast_head":"<!-- This site is optimized with the Yoast SEO plugin v27.2 - https:\/\/yoast.com\/product\/yoast-seo-wordpress\/ -->\n<title>\u0413\u043e\u0440\u043d\u043e\u043b\u044b\u0436\u043d\u044b\u0435 \u0448\u0442\u0430\u043d\u044b Hannah Ammar Mns anthracite orange - \u041c\u0430\u0433\u0430\u0437\u0438\u043d Xstyle<\/title>\n<meta name=\"description\" content=\"\u041a\u0443\u043f\u0438\u0442\u044c \u0431\u0440\u044e\u043a\u0438 Hannah Ammar Mns anthracite orange \u0434\u043b\u044f \u0430\u043a\u0442\u0438\u0432\u043d\u044b\u0445 \u043b\u044b\u0436\u043d\u0438\u043a\u043e\u0432. \u0412\u043e\u0434\u043e\u043d\u0435\u043f\u0440\u043e\u043d\u0438\u0446\u0430\u0435\u043c\u0430\u044f \u043c\u0435\u043c\u0431\u0440\u0430\u043d\u0430 Climatic Active Stretch \u0434\u043b\u044f \u043c\u0430\u043a\u0441\u0438\u043c\u0430\u043b\u044c\u043d\u043e\u0433\u043e \u043a\u043e\u043c\u0444\u043e\u0440\u0442\u0430.\" \/>\n<meta name=\"robots\" content=\"index, follow, max-snippet:-1, max-image-preview:large, max-video-preview:-1\" \/>\n<link rel=\"canonical\" href=\"https:\/\/xstyle.md\/ro\/produs\/hannah-ammar-mns-anthracite-orange\/\" \/>\n<meta property=\"og:locale\" content=\"ro_RO\" \/>\n<meta property=\"og:type\" content=\"article\" \/>\n<meta property=\"og:title\" content=\"\u0413\u043e\u0440\u043d\u043e\u043b\u044b\u0436\u043d\u044b\u0435 \u0448\u0442\u0430\u043d\u044b Hannah Ammar Mns anthracite orange - \u041c\u0430\u0433\u0430\u0437\u0438\u043d Xstyle\" \/>\n<meta property=\"og:description\" content=\"\u041a\u0443\u043f\u0438\u0442\u044c \u0431\u0440\u044e\u043a\u0438 Hannah Ammar Mns anthracite orange \u0434\u043b\u044f \u0430\u043a\u0442\u0438\u0432\u043d\u044b\u0445 \u043b\u044b\u0436\u043d\u0438\u043a\u043e\u0432. \u0412\u043e\u0434\u043e\u043d\u0435\u043f\u0440\u043e\u043d\u0438\u0446\u0430\u0435\u043c\u0430\u044f \u043c\u0435\u043c\u0431\u0440\u0430\u043d\u0430 Climatic Active Stretch \u0434\u043b\u044f \u043c\u0430\u043a\u0441\u0438\u043c\u0430\u043b\u044c\u043d\u043e\u0433\u043e \u043a\u043e\u043c\u0444\u043e\u0440\u0442\u0430.\" \/>\n<meta property=\"og:url\" content=\"https:\/\/xstyle.md\/ro\/produs\/hannah-ammar-mns-anthracite-orange\/\" \/>\n<meta property=\"og:site_name\" content=\"\u041c\u0430\u0433\u0430\u0437\u0438\u043d Xstyle\" \/>\n<meta property=\"article:publisher\" content=\"https:\/\/www.facebook.com\/xstylemd\" \/>\n<meta property=\"article:modified_time\" content=\"2026-01-13T14:11:12+00:00\" \/>\n<meta property=\"og:image\" content=\"https:\/\/xstyle.md\/wp-content\/uploads\/2020\/07\/hannah-ammar-mns-anthracite-orange.jpg\" \/>\n\t<meta property=\"og:image:width\" content=\"817\" \/>\n\t<meta property=\"og:image:height\" content=\"830\" \/>\n\t<meta property=\"og:image:type\" content=\"image\/jpeg\" \/>\n<meta name=\"twitter:card\" content=\"summary_large_image\" \/>\n<meta name=\"twitter:label1\" content=\"Pre\u021b\" \/>\n\t<meta name=\"twitter:data1\" content=\"5.590&nbsp;MDL\" \/>\n\t<meta name=\"twitter:label2\" content=\"Disponibilitate\" \/>\n\t<meta name=\"twitter:data2\" content=\"Stoc epuizat\" \/>\n<script type=\"application\/ld+json\" class=\"yoast-schema-graph\">{\"@context\":\"https:\/\/schema.org\",\"@graph\":[{\"@type\":\"WebPage\",\"@id\":\"https:\/\/xstyle.md\/product\/hannah-ammar-mns-anthracite-orange\/\",\"url\":\"https:\/\/xstyle.md\/product\/hannah-ammar-mns-anthracite-orange\/\",\"name\":\"\u0413\u043e\u0440\u043d\u043e\u043b\u044b\u0436\u043d\u044b\u0435 \u0448\u0442\u0430\u043d\u044b Hannah Ammar Mns anthracite orange - \u041c\u0430\u0433\u0430\u0437\u0438\u043d Xstyle\",\"isPartOf\":{\"@id\":\"https:\/\/xstyle.md\/#website\"},\"primaryImageOfPage\":{\"@id\":\"https:\/\/xstyle.md\/product\/hannah-ammar-mns-anthracite-orange\/#primaryimage\"},\"image\":{\"@id\":\"https:\/\/xstyle.md\/product\/hannah-ammar-mns-anthracite-orange\/#primaryimage\"},\"thumbnailUrl\":\"https:\/\/xstyle.md\/wp-content\/uploads\/2020\/07\/hannah-ammar-mns-anthracite-orange.jpg\",\"datePublished\":\"2020-07-18T14:29:48+00:00\",\"dateModified\":\"2026-01-13T14:11:12+00:00\",\"description\":\"\u041a\u0443\u043f\u0438\u0442\u044c \u0431\u0440\u044e\u043a\u0438 Hannah Ammar Mns anthracite orange \u0434\u043b\u044f \u0430\u043a\u0442\u0438\u0432\u043d\u044b\u0445 \u043b\u044b\u0436\u043d\u0438\u043a\u043e\u0432. \u0412\u043e\u0434\u043e\u043d\u0435\u043f\u0440\u043e\u043d\u0438\u0446\u0430\u0435\u043c\u0430\u044f \u043c\u0435\u043c\u0431\u0440\u0430\u043d\u0430 Climatic Active Stretch \u0434\u043b\u044f \u043c\u0430\u043a\u0441\u0438\u043c\u0430\u043b\u044c\u043d\u043e\u0433\u043e \u043a\u043e\u043c\u0444\u043e\u0440\u0442\u0430.\",\"breadcrumb\":{\"@id\":\"https:\/\/xstyle.md\/product\/hannah-ammar-mns-anthracite-orange\/#breadcrumb\"},\"inLanguage\":\"ro-RO\",\"potentialAction\":[{\"@type\":\"ReadAction\",\"target\":[\"https:\/\/xstyle.md\/product\/hannah-ammar-mns-anthracite-orange\/\"]}]},{\"@type\":\"ImageObject\",\"inLanguage\":\"ro-RO\",\"@id\":\"https:\/\/xstyle.md\/product\/hannah-ammar-mns-anthracite-orange\/#primaryimage\",\"url\":\"https:\/\/xstyle.md\/wp-content\/uploads\/2020\/07\/hannah-ammar-mns-anthracite-orange.jpg\",\"contentUrl\":\"https:\/\/xstyle.md\/wp-content\/uploads\/2020\/07\/hannah-ammar-mns-anthracite-orange.jpg\",\"width\":817,\"height\":830,\"caption\":\"\u0411\u0440\u044e\u043a\u0438 Hannah Ammar Mns \u0430\u043d\u0442\u0440\u0430\u0446\u0438\u0442 \u043e\u0440\u0430\u043d\u0436\u0435\u0432\u044b\u0435 \u0434\u043b\u044f \u0430\u043a\u0442\u0438\u0432\u043d\u043e\u0433\u043e \u043e\u0442\u0434\u044b\u0445\u0430 \u0441\u043f\u043e\u0440\u0442\u0438\u0432\u043d\u043e\u0439 \u043e\u0434\u0435\u0436\u0434\u044b \u0434\u043b\u044f \u0442\u0443\u0440\u0438\u0441\u0442\u043e\u0432 \u043c\u043e\u043d\u0442\u0430\u0436\u0451\u0440\u043e\u0432 \u0438 \u043f\u0443\u0442\u0435\u0448\u0435\u0441\u0442\u0432\u0438\u0439 \u0432 \u043e\u043d\u043b\u0430\u0439\u043d \u043c\u0430\u0433\u0430\u0437\u0438\u043d\u0435 \u0441 \u0442\u043e\u0432\u0430\u0440\u0430\u043c\u0438 \u0434\u043b\u044f \u0430\u043a\u0442\u0438\u0432\u043d\u043e\u0439 \u0436\u0438\u0437\u043d\u0438\"},{\"@type\":\"BreadcrumbList\",\"@id\":\"https:\/\/xstyle.md\/product\/hannah-ammar-mns-anthracite-orange\/#breadcrumb\",\"itemListElement\":[{\"@type\":\"ListItem\",\"position\":1,\"name\":\"\u0413\u043b\u0430\u0432\u043d\u0430\u044f \u0441\u0442\u0440\u0430\u043d\u0438\u0446\u0430\",\"item\":\"https:\/\/xstyle.md\/\"},{\"@type\":\"ListItem\",\"position\":2,\"name\":\"\u041c\u0430\u0433\u0430\u0437\u0438\u043d\",\"item\":\"https:\/\/xstyle.md\/shop\/\"},{\"@type\":\"ListItem\",\"position\":3,\"name\":\"\u0413\u043e\u0440\u043d\u043e\u043b\u044b\u0436\u043d\u044b\u0435 \u0448\u0442\u0430\u043d\u044b Hannah Ammar Mns anthracite orange\"}]},{\"@type\":\"WebSite\",\"@id\":\"https:\/\/xstyle.md\/#website\",\"url\":\"https:\/\/xstyle.md\/\",\"name\":\"\u041c\u0430\u0433\u0430\u0437\u0438\u043d Xstyle\",\"description\":\"C\u043d\u0430\u0440\u044f\u0436\u0435\u043d\u0438\u0435 \u0434\u043b\u044f \u0442\u0443\u0440\u0438\u0437\u043c\u0430 \u0438 \u044d\u043a\u0441\u0442\u0440\u0435\u043c\u0430\u043b\u044c\u043d\u044b\u0445 \u0432\u0438\u0434\u043e\u0432 \u0441\u043f\u043e\u0440\u0442\u0430 \u0432 \u041c\u043e\u043b\u0434\u043e\u0432\u0435.. \u0426\u0435\u043d\u044b, \u0444\u043e\u0442\u043e, \u0445\u0430\u0440\u0430\u043a\u0442\u0435\u0440\u0438\u0441\u0442\u0438\u043a\u0438 \u0432 \u041c\u043e\u043b\u0434\u043e\u0432\u0435.\",\"publisher\":{\"@id\":\"https:\/\/xstyle.md\/#organization\"},\"alternateName\":\"X-Style\",\"potentialAction\":[{\"@type\":\"SearchAction\",\"target\":{\"@type\":\"EntryPoint\",\"urlTemplate\":\"https:\/\/xstyle.md\/?s={search_term_string}\"},\"query-input\":{\"@type\":\"PropertyValueSpecification\",\"valueRequired\":true,\"valueName\":\"search_term_string\"}}],\"inLanguage\":\"ro-RO\"},{\"@type\":\"Organization\",\"@id\":\"https:\/\/xstyle.md\/#organization\",\"name\":\"\u041c\u0430\u0433\u0430\u0437\u0438\u043d Xstyle\",\"alternateName\":\"x-style\",\"url\":\"https:\/\/xstyle.md\/\",\"logo\":{\"@type\":\"ImageObject\",\"inLanguage\":\"ro-RO\",\"@id\":\"https:\/\/xstyle.md\/#\/schema\/logo\/image\/\",\"url\":\"https:\/\/xstyle.md\/wp-content\/uploads\/2020\/06\/logoicon.svg\",\"contentUrl\":\"https:\/\/xstyle.md\/wp-content\/uploads\/2020\/06\/logoicon.svg\",\"caption\":\"\u041c\u0430\u0433\u0430\u0437\u0438\u043d Xstyle\"},\"image\":{\"@id\":\"https:\/\/xstyle.md\/#\/schema\/logo\/image\/\"},\"sameAs\":[\"https:\/\/www.facebook.com\/xstylemd\",\"https:\/\/www.instagram.com\/xstyle_md\/\",\"https:\/\/t.me\/xstyle_outdoor\"],\"hasMerchantReturnPolicy\":{\"@type\":\"MerchantReturnPolicy\",\"merchantReturnLink\":\"https:\/\/xstyle.md\/ro\/conditions\/\"}}]}<\/script>\n<meta property=\"product:price:amount\" content=\"5590.00\" \/>\n<meta property=\"product:price:currency\" content=\"MDL\" \/>\n<meta property=\"og:availability\" content=\"out of stock\" \/>\n<meta property=\"product:availability\" content=\"out of stock\" \/>\n<meta property=\"product:retailer_item_id\" content=\"8591203190305\" \/>\n<meta property=\"product:condition\" content=\"new\" \/>\n<!-- \/ Yoast SEO plugin. -->","yoast_head_json":{"title":"\u0413\u043e\u0440\u043d\u043e\u043b\u044b\u0436\u043d\u044b\u0435 \u0448\u0442\u0430\u043d\u044b Hannah Ammar Mns anthracite orange - \u041c\u0430\u0433\u0430\u0437\u0438\u043d Xstyle","description":"Cump\u0103ra\u021bi pantaloni Hannah Ammar Mns antracit portocalie pentru schiorii activi. Membrana impermeabil\u0103 Climatic Active Stretch pentru un confort maxim.","robots":{"index":"index","follow":"follow","max-snippet":"max-snippet:-1","max-image-preview":"max-image-preview:large","max-video-preview":"max-video-preview:-1"},"canonical":"https:\/\/xstyle.md\/ro\/produs\/hannah-ammar-mns-anthracite-orange\/","og_locale":"ro_RO","og_type":"article","og_title":"\u0413\u043e\u0440\u043d\u043e\u043b\u044b\u0436\u043d\u044b\u0435 \u0448\u0442\u0430\u043d\u044b Hannah Ammar Mns anthracite orange - \u041c\u0430\u0433\u0430\u0437\u0438\u043d Xstyle","og_description":"\u041a\u0443\u043f\u0438\u0442\u044c \u0431\u0440\u044e\u043a\u0438 Hannah Ammar Mns anthracite orange \u0434\u043b\u044f \u0430\u043a\u0442\u0438\u0432\u043d\u044b\u0445 \u043b\u044b\u0436\u043d\u0438\u043a\u043e\u0432. \u0412\u043e\u0434\u043e\u043d\u0435\u043f\u0440\u043e\u043d\u0438\u0446\u0430\u0435\u043c\u0430\u044f \u043c\u0435\u043c\u0431\u0440\u0430\u043d\u0430 Climatic Active Stretch \u0434\u043b\u044f \u043c\u0430\u043a\u0441\u0438\u043c\u0430\u043b\u044c\u043d\u043e\u0433\u043e \u043a\u043e\u043c\u0444\u043e\u0440\u0442\u0430.","og_url":"https:\/\/xstyle.md\/ro\/produs\/hannah-ammar-mns-anthracite-orange\/","og_site_name":"\u041c\u0430\u0433\u0430\u0437\u0438\u043d Xstyle","article_publisher":"https:\/\/www.facebook.com\/xstylemd","article_modified_time":"2026-01-13T14:11:12+00:00","og_image":[{"width":817,"height":830,"url":"https:\/\/xstyle.md\/wp-content\/uploads\/2020\/07\/hannah-ammar-mns-anthracite-orange.jpg","type":"image\/jpeg"}],"twitter_card":"summary_large_image","twitter_misc":{"Pre\u021b":"5.590&nbsp;MDL","Disponibilitate":"Stoc epuizat"},"schema":{"@context":"https:\/\/schema.org","@graph":[{"@type":"WebPage","@id":"https:\/\/xstyle.md\/product\/hannah-ammar-mns-anthracite-orange\/","url":"https:\/\/xstyle.md\/product\/hannah-ammar-mns-anthracite-orange\/","name":"\u0413\u043e\u0440\u043d\u043e\u043b\u044b\u0436\u043d\u044b\u0435 \u0448\u0442\u0430\u043d\u044b Hannah Ammar Mns anthracite orange - \u041c\u0430\u0433\u0430\u0437\u0438\u043d Xstyle","isPartOf":{"@id":"https:\/\/xstyle.md\/#website"},"primaryImageOfPage":{"@id":"https:\/\/xstyle.md\/product\/hannah-ammar-mns-anthracite-orange\/#primaryimage"},"image":{"@id":"https:\/\/xstyle.md\/product\/hannah-ammar-mns-anthracite-orange\/#primaryimage"},"thumbnailUrl":"https:\/\/xstyle.md\/wp-content\/uploads\/2020\/07\/hannah-ammar-mns-anthracite-orange.jpg","datePublished":"2020-07-18T14:29:48+00:00","dateModified":"2026-01-13T14:11:12+00:00","description":"Cump\u0103ra\u021bi pantaloni Hannah Ammar Mns antracit portocalie pentru schiorii activi. Membrana impermeabil\u0103 Climatic Active Stretch pentru un confort maxim.","breadcrumb":{"@id":"https:\/\/xstyle.md\/product\/hannah-ammar-mns-anthracite-orange\/#breadcrumb"},"inLanguage":"ro-RO","potentialAction":[{"@type":"ReadAction","target":["https:\/\/xstyle.md\/product\/hannah-ammar-mns-anthracite-orange\/"]}]},{"@type":"ImageObject","inLanguage":"ro-RO","@id":"https:\/\/xstyle.md\/product\/hannah-ammar-mns-anthracite-orange\/#primaryimage","url":"https:\/\/xstyle.md\/wp-content\/uploads\/2020\/07\/hannah-ammar-mns-anthracite-orange.jpg","contentUrl":"https:\/\/xstyle.md\/wp-content\/uploads\/2020\/07\/hannah-ammar-mns-anthracite-orange.jpg","width":817,"height":830,"caption":"\u0411\u0440\u044e\u043a\u0438 Hannah Ammar Mns \u0430\u043d\u0442\u0440\u0430\u0446\u0438\u0442 \u043e\u0440\u0430\u043d\u0436\u0435\u0432\u044b\u0435 \u0434\u043b\u044f \u0430\u043a\u0442\u0438\u0432\u043d\u043e\u0433\u043e \u043e\u0442\u0434\u044b\u0445\u0430 \u0441\u043f\u043e\u0440\u0442\u0438\u0432\u043d\u043e\u0439 \u043e\u0434\u0435\u0436\u0434\u044b \u0434\u043b\u044f \u0442\u0443\u0440\u0438\u0441\u0442\u043e\u0432 \u043c\u043e\u043d\u0442\u0430\u0436\u0451\u0440\u043e\u0432 \u0438 \u043f\u0443\u0442\u0435\u0448\u0435\u0441\u0442\u0432\u0438\u0439 \u0432 \u043e\u043d\u043b\u0430\u0439\u043d \u043c\u0430\u0433\u0430\u0437\u0438\u043d\u0435 \u0441 \u0442\u043e\u0432\u0430\u0440\u0430\u043c\u0438 \u0434\u043b\u044f \u0430\u043a\u0442\u0438\u0432\u043d\u043e\u0439 \u0436\u0438\u0437\u043d\u0438"},{"@type":"BreadcrumbList","@id":"https:\/\/xstyle.md\/product\/hannah-ammar-mns-anthracite-orange\/#breadcrumb","itemListElement":[{"@type":"ListItem","position":1,"name":"\u0413\u043b\u0430\u0432\u043d\u0430\u044f \u0441\u0442\u0440\u0430\u043d\u0438\u0446\u0430","item":"https:\/\/xstyle.md\/"},{"@type":"ListItem","position":2,"name":"\u041c\u0430\u0433\u0430\u0437\u0438\u043d","item":"https:\/\/xstyle.md\/shop\/"},{"@type":"ListItem","position":3,"name":"\u0413\u043e\u0440\u043d\u043e\u043b\u044b\u0436\u043d\u044b\u0435 \u0448\u0442\u0430\u043d\u044b Hannah Ammar Mns anthracite orange"}]},{"@type":"WebSite","@id":"https:\/\/xstyle.md\/#website","url":"https:\/\/xstyle.md\/","name":"Magazinul X-Style","description":"Echipamente pentru turism \u0219i sporturi extreme \u00een Moldova. Pre\u021buri, fotografii, caracteristici \u00een Moldova.","publisher":{"@id":"https:\/\/xstyle.md\/#organization"},"alternateName":"X-Style","potentialAction":[{"@type":"SearchAction","target":{"@type":"EntryPoint","urlTemplate":"https:\/\/xstyle.md\/?s={search_term_string}"},"query-input":{"@type":"PropertyValueSpecification","valueRequired":true,"valueName":"search_term_string"}}],"inLanguage":"ro-RO"},{"@type":"Organization","@id":"https:\/\/xstyle.md\/#organization","name":"Magazinul X-Style","alternateName":"x-style","url":"https:\/\/xstyle.md\/","logo":{"@type":"ImageObject","inLanguage":"ro-RO","@id":"https:\/\/xstyle.md\/#\/schema\/logo\/image\/","url":"https:\/\/xstyle.md\/wp-content\/uploads\/2020\/06\/logoicon.svg","contentUrl":"https:\/\/xstyle.md\/wp-content\/uploads\/2020\/06\/logoicon.svg","caption":"\u041c\u0430\u0433\u0430\u0437\u0438\u043d Xstyle"},"image":{"@id":"https:\/\/xstyle.md\/#\/schema\/logo\/image\/"},"sameAs":["https:\/\/www.facebook.com\/xstylemd","https:\/\/www.instagram.com\/xstyle_md\/","https:\/\/t.me\/xstyle_outdoor"],"hasMerchantReturnPolicy":{"@type":"MerchantReturnPolicy","merchantReturnLink":"https:\/\/xstyle.md\/ro\/conditions\/"}}]},"product_price_amount":"5590.00","product_price_currency":"MDL","og_availability":"out of stock","product_availability":"out of stock","product_retailer_item_id":"8591203190305","product_condition":"new"},"post_mailing_queue_ids":[],"_links":{"self":[{"href":"https:\/\/xstyle.md\/ro\/wp-json\/wp\/v2\/product\/20185","targetHints":{"allow":["GET"]}}],"collection":[{"href":"https:\/\/xstyle.md\/ro\/wp-json\/wp\/v2\/product"}],"about":[{"href":"https:\/\/xstyle.md\/ro\/wp-json\/wp\/v2\/types\/product"}],"replies":[{"embeddable":true,"href":"https:\/\/xstyle.md\/ro\/wp-json\/wp\/v2\/comments?post=20185"}],"wp:featuredmedia":[{"embeddable":true,"href":"https:\/\/xstyle.md\/ro\/wp-json\/wp\/v2\/media\/61610"}],"wp:attachment":[{"href":"https:\/\/xstyle.md\/ro\/wp-json\/wp\/v2\/media?parent=20185"}],"wp:term":[{"taxonomy":"product_brand","embeddable":true,"href":"https:\/\/xstyle.md\/ro\/wp-json\/wp\/v2\/product_brand?post=20185"},{"taxonomy":"product_cat","embeddable":true,"href":"https:\/\/xstyle.md\/ro\/wp-json\/wp\/v2\/product_cat?post=20185"},{"taxonomy":"product_tag","embeddable":true,"href":"https:\/\/xstyle.md\/ro\/wp-json\/wp\/v2\/product_tag?post=20185"}],"curies":[{"name":"wp","href":"https:\/\/api.w.org\/{rel}","templated":true}]}}