{"id":20019,"date":"2020-07-18T17:22:33","date_gmt":"2020-07-18T14:22:33","guid":{"rendered":"https:\/\/xstyle.md\/product\/ognivo-primus-ignition-steel-large-barn-red"},"modified":"2024-10-21T09:46:25","modified_gmt":"2024-10-21T06:46:25","slug":"ognivo-primus-ignition-steel-large-barn-red","status":"publish","type":"product","link":"https:\/\/xstyle.md\/ro\/produs\/ognivo-primus-ignition-steel-large-barn-red\/","title":{"rendered":"Amnar\/cremene Primus Ignition Steel Large Barn Red"},"content":{"rendered":"<p><\/p>\n<p><strong>Amnar\/cremene Primus Ignition Steel Large Barn Red\u00a0&#8212;\u00a0<\/strong>cel mai bun mod de a aprinde focul sau soba \u00een orice condi\u021bii meteorologice. Nu se umeze\u0219te \u0219i func\u021bioneaz\u0103 pe ploaie \u0219i z\u0103pad\u0103. Piesele sunt bine protejate \u00eentr-o hus\u0103 integrat\u0103 care are \u0219i o curea pentru a fi transportat\u0103 cu u\u0219urin\u021b\u0103. Sc\u00e2nteia emis\u0103 are o temperatur\u0103 de 3000\u00b0C \u0219i nu v\u0103 va dezam\u0103gi mul\u021bi ani.<\/p>\n<h3>Particulratati<\/h3>\n<ul>\n<li>Nu se teme de umiditate, func\u021bioneaz\u0103 chiar \u0219i umed<\/li>\n<li>Travers\u0103 din o\u021bel c\u0103lit cu crest\u0103turi<\/li>\n<li>Tij\u0103 din aliaj piroforic<\/li>\n<li>Porne\u0219te focuri, l\u0103mpi, arz\u0103toare, gr\u0103tare \u00een orice vreme, f\u0103r\u0103 a \u021bine cont de \u00een\u0103l\u021bime<\/li>\n<li>F\u0103r\u0103 restric\u021bii de transport<\/li>\n<li>U\u0219or \u0219i comod de utilizat<\/li>\n<li>Sc\u00e2nteie 3000\u2070C<\/li>\n<li>Reutilizabil\u0103 &#8212; p\u00e2n\u0103 la 12000 de lovituri<\/li>\n<li>Aprobat de Asocia\u021bia interna\u021bional\u0103 a instructorilor de supravie\u021buire.<\/li>\n<\/ul>\n<h3>Caracteristici<\/h3>\n<ul>\n<li>Dimensiuni &#8212; 90 x 106 x 13 cm (L x I x A)<\/li>\n<li>Greutate &#8212; 65g.<\/li>\n<\/ul>\n<h3>Marca<\/h3>\n<p>Primus este o companie suedez\u0103 al c\u0103rei fondator este mecanicul F.W. Lindqvist, care a inventat primul arz\u0103tor de parafin\u0103, care nu avea fitil, iar designul sem\u0103na cu cel al unei tor\u021be, f\u0103r\u0103 funingine \u0219i murd\u0103rie la utilizare. Ini\u021bial, a fost conceput pentru a facilita g\u0103titul acas\u0103, dar, de-a lungul timpului, arz\u0103torul \u0219i-a schimbat scopul, devenind un instrument indispensabil, care face via\u021ba mai u\u0219oar\u0103 \u00een campingul amatorilor, \u00een taberele de baz\u0103 pentru alpinism \u0219i \u00een sta\u021biile mobile ale expedi\u021biilor de cercetare. Ast\u0103zi, legendara companie Primus produce o gam\u0103 larg\u0103 de produse pentru g\u0103titul \u0219i conservarea alimentelor: arz\u0103toare cu gaz \u0219i combustibil lichid, seturi de vase de buc\u0103t\u0103rie de c\u0103l\u0103torie, termosuri, wok-uri, butelii de gaz. Toate produsele sub sigla acestei companii sunt fiabile \u0219i durabile.<\/p>\n<p><\/p>","protected":false},"excerpt":{"rendered":"<p>Amnar\/cremene Primus Ignition Steel Large Barn Red<\/p>","protected":false},"featured_media":20018,"comment_status":"open","ping_status":"closed","template":"","meta":{"_acf_changed":false,"inline_featured_image":false},"product_brand":[1272],"product_cat":[87],"product_tag":[],"class_list":{"0":"post-20019","1":"product","2":"type-product","3":"status-publish","4":"has-post-thumbnail","6":"product_brand-primus","7":"product_cat-flint","9":"first","10":"instock","11":"shipping-taxable","12":"purchasable","13":"product-type-simple"},"acf":[],"yoast_head":"<!-- This site is optimized with the Yoast SEO plugin v27.4 - https:\/\/yoast.com\/product\/yoast-seo-wordpress\/ -->\n<title>\u041e\u0433\u043d\u0438\u0432\u043e Primus Ignition Steel Large Barn Red - \u041c\u0430\u0433\u0430\u0437\u0438\u043d Xstyle<\/title>\n<meta name=\"description\" content=\"\u041e\u0433\u043d\u0438\u0432\u043e Primus Ignition Steel Large Barn Red - \u043d\u0430\u0434\u0435\u0436\u043d\u044b\u0439 \u043f\u043e\u043c\u043e\u0449\u043d\u0438\u043a \u0434\u043b\u044f \u0440\u0430\u0437\u0432\u0435\u0434\u0435\u043d\u0438\u044f \u043e\u0433\u043d\u044f \u0432 \u043b\u044e\u0431\u044b\u0445 \u0443\u0441\u043b\u043e\u0432\u0438\u044f\u0445. \u0420\u0430\u0431\u043e\u0442\u0430\u0435\u0442 \u043d\u0430 \u0434\u043e\u0436\u0434\u044c \u0438 \u0441\u043d\u0435\u0433. \u041a\u043e\u043c\u043f\u0430\u043a\u0442\u043d\u043e \u0438 \u0443\u0434\u043e\u0431\u043d\u043e!\" \/>\n<meta name=\"robots\" content=\"index, follow, max-snippet:-1, max-image-preview:large, max-video-preview:-1\" \/>\n<link rel=\"canonical\" href=\"https:\/\/xstyle.md\/ro\/produs\/ognivo-primus-ignition-steel-large-barn-red\/\" \/>\n<meta property=\"og:locale\" content=\"ro_RO\" \/>\n<meta property=\"og:type\" content=\"article\" \/>\n<meta property=\"og:title\" content=\"\u041e\u0433\u043d\u0438\u0432\u043e Primus Ignition Steel Large Barn Red - \u041c\u0430\u0433\u0430\u0437\u0438\u043d Xstyle\" \/>\n<meta property=\"og:description\" content=\"\u041e\u0433\u043d\u0438\u0432\u043e Primus Ignition Steel Large Barn Red - \u043d\u0430\u0434\u0435\u0436\u043d\u044b\u0439 \u043f\u043e\u043c\u043e\u0449\u043d\u0438\u043a \u0434\u043b\u044f \u0440\u0430\u0437\u0432\u0435\u0434\u0435\u043d\u0438\u044f \u043e\u0433\u043d\u044f \u0432 \u043b\u044e\u0431\u044b\u0445 \u0443\u0441\u043b\u043e\u0432\u0438\u044f\u0445. \u0420\u0430\u0431\u043e\u0442\u0430\u0435\u0442 \u043d\u0430 \u0434\u043e\u0436\u0434\u044c \u0438 \u0441\u043d\u0435\u0433. \u041a\u043e\u043c\u043f\u0430\u043a\u0442\u043d\u043e \u0438 \u0443\u0434\u043e\u0431\u043d\u043e!\" \/>\n<meta property=\"og:url\" content=\"https:\/\/xstyle.md\/ro\/produs\/ognivo-primus-ignition-steel-large-barn-red\/\" \/>\n<meta property=\"og:site_name\" content=\"\u041c\u0430\u0433\u0430\u0437\u0438\u043d Xstyle\" \/>\n<meta property=\"article:publisher\" content=\"https:\/\/www.facebook.com\/xstylemd\" \/>\n<meta property=\"article:modified_time\" content=\"2024-10-21T06:46:25+00:00\" \/>\n<meta property=\"og:image\" content=\"https:\/\/xstyle.md\/wp-content\/uploads\/2020\/07\/rp-741260.jpg\" \/>\n\t<meta property=\"og:image:width\" content=\"500\" \/>\n\t<meta property=\"og:image:height\" content=\"500\" \/>\n\t<meta property=\"og:image:type\" content=\"image\/jpeg\" \/>\n<meta name=\"twitter:card\" content=\"summary_large_image\" \/>\n<meta name=\"twitter:label1\" content=\"Pre\u021b\" \/>\n\t<meta name=\"twitter:data1\" content=\"395&nbsp;MDL\" \/>\n\t<meta name=\"twitter:label2\" content=\"Disponibilitate\" \/>\n\t<meta name=\"twitter:data2\" content=\"\u00cen stoc\" \/>\n<script type=\"application\/ld+json\" class=\"yoast-schema-graph\">{\"@context\":\"https:\\\/\\\/schema.org\",\"@graph\":[{\"@type\":\"WebPage\",\"@id\":\"https:\\\/\\\/xstyle.md\\\/product\\\/ognivo-primus-ignition-steel-large-barn-red\\\/\",\"url\":\"https:\\\/\\\/xstyle.md\\\/product\\\/ognivo-primus-ignition-steel-large-barn-red\\\/\",\"name\":\"\u041e\u0433\u043d\u0438\u0432\u043e Primus Ignition Steel Large Barn Red - \u041c\u0430\u0433\u0430\u0437\u0438\u043d Xstyle\",\"isPartOf\":{\"@id\":\"https:\\\/\\\/xstyle.md\\\/#website\"},\"primaryImageOfPage\":{\"@id\":\"https:\\\/\\\/xstyle.md\\\/product\\\/ognivo-primus-ignition-steel-large-barn-red\\\/#primaryimage\"},\"image\":{\"@id\":\"https:\\\/\\\/xstyle.md\\\/product\\\/ognivo-primus-ignition-steel-large-barn-red\\\/#primaryimage\"},\"thumbnailUrl\":\"https:\\\/\\\/xstyle.md\\\/wp-content\\\/uploads\\\/2020\\\/07\\\/rp-741260.jpg\",\"datePublished\":\"2020-07-18T14:22:33+00:00\",\"dateModified\":\"2024-10-21T06:46:25+00:00\",\"description\":\"\u041e\u0433\u043d\u0438\u0432\u043e Primus Ignition Steel Large Barn Red - \u043d\u0430\u0434\u0435\u0436\u043d\u044b\u0439 \u043f\u043e\u043c\u043e\u0449\u043d\u0438\u043a \u0434\u043b\u044f \u0440\u0430\u0437\u0432\u0435\u0434\u0435\u043d\u0438\u044f \u043e\u0433\u043d\u044f \u0432 \u043b\u044e\u0431\u044b\u0445 \u0443\u0441\u043b\u043e\u0432\u0438\u044f\u0445. \u0420\u0430\u0431\u043e\u0442\u0430\u0435\u0442 \u043d\u0430 \u0434\u043e\u0436\u0434\u044c \u0438 \u0441\u043d\u0435\u0433. \u041a\u043e\u043c\u043f\u0430\u043a\u0442\u043d\u043e \u0438 \u0443\u0434\u043e\u0431\u043d\u043e!\",\"breadcrumb\":{\"@id\":\"https:\\\/\\\/xstyle.md\\\/product\\\/ognivo-primus-ignition-steel-large-barn-red\\\/#breadcrumb\"},\"inLanguage\":\"ro-RO\",\"potentialAction\":[{\"@type\":\"ReadAction\",\"target\":[\"https:\\\/\\\/xstyle.md\\\/product\\\/ognivo-primus-ignition-steel-large-barn-red\\\/\"]}]},{\"@type\":\"ImageObject\",\"inLanguage\":\"ro-RO\",\"@id\":\"https:\\\/\\\/xstyle.md\\\/product\\\/ognivo-primus-ignition-steel-large-barn-red\\\/#primaryimage\",\"url\":\"https:\\\/\\\/xstyle.md\\\/wp-content\\\/uploads\\\/2020\\\/07\\\/rp-741260.jpg\",\"contentUrl\":\"https:\\\/\\\/xstyle.md\\\/wp-content\\\/uploads\\\/2020\\\/07\\\/rp-741260.jpg\",\"width\":500,\"height\":500},{\"@type\":\"BreadcrumbList\",\"@id\":\"https:\\\/\\\/xstyle.md\\\/product\\\/ognivo-primus-ignition-steel-large-barn-red\\\/#breadcrumb\",\"itemListElement\":[{\"@type\":\"ListItem\",\"position\":1,\"name\":\"\u0413\u043b\u0430\u0432\u043d\u0430\u044f \u0441\u0442\u0440\u0430\u043d\u0438\u0446\u0430\",\"item\":\"https:\\\/\\\/xstyle.md\\\/\"},{\"@type\":\"ListItem\",\"position\":2,\"name\":\"\u041c\u0430\u0433\u0430\u0437\u0438\u043d\",\"item\":\"https:\\\/\\\/xstyle.md\\\/shop\\\/\"},{\"@type\":\"ListItem\",\"position\":3,\"name\":\"\u041e\u0433\u043d\u0438\u0432\u043e Primus Ignition Steel Large Barn Red\"}]},{\"@type\":\"WebSite\",\"@id\":\"https:\\\/\\\/xstyle.md\\\/#website\",\"url\":\"https:\\\/\\\/xstyle.md\\\/\",\"name\":\"\u041c\u0430\u0433\u0430\u0437\u0438\u043d Xstyle\",\"description\":\"C\u043d\u0430\u0440\u044f\u0436\u0435\u043d\u0438\u0435 \u0434\u043b\u044f \u0442\u0443\u0440\u0438\u0437\u043c\u0430 \u0438 \u044d\u043a\u0441\u0442\u0440\u0435\u043c\u0430\u043b\u044c\u043d\u044b\u0445 \u0432\u0438\u0434\u043e\u0432 \u0441\u043f\u043e\u0440\u0442\u0430 \u0432 \u041c\u043e\u043b\u0434\u043e\u0432\u0435.. \u0426\u0435\u043d\u044b, \u0444\u043e\u0442\u043e, \u0445\u0430\u0440\u0430\u043a\u0442\u0435\u0440\u0438\u0441\u0442\u0438\u043a\u0438 \u0432 \u041c\u043e\u043b\u0434\u043e\u0432\u0435.\",\"publisher\":{\"@id\":\"https:\\\/\\\/xstyle.md\\\/#organization\"},\"alternateName\":\"X-Style\",\"potentialAction\":[{\"@type\":\"SearchAction\",\"target\":{\"@type\":\"EntryPoint\",\"urlTemplate\":\"https:\\\/\\\/xstyle.md\\\/?s={search_term_string}\"},\"query-input\":{\"@type\":\"PropertyValueSpecification\",\"valueRequired\":true,\"valueName\":\"search_term_string\"}}],\"inLanguage\":\"ro-RO\"},{\"@type\":\"Organization\",\"@id\":\"https:\\\/\\\/xstyle.md\\\/#organization\",\"name\":\"\u041c\u0430\u0433\u0430\u0437\u0438\u043d Xstyle\",\"alternateName\":\"x-style\",\"url\":\"https:\\\/\\\/xstyle.md\\\/\",\"logo\":{\"@type\":\"ImageObject\",\"inLanguage\":\"ro-RO\",\"@id\":\"https:\\\/\\\/xstyle.md\\\/#\\\/schema\\\/logo\\\/image\\\/\",\"url\":\"https:\\\/\\\/xstyle.md\\\/wp-content\\\/uploads\\\/2020\\\/06\\\/logoicon.svg\",\"contentUrl\":\"https:\\\/\\\/xstyle.md\\\/wp-content\\\/uploads\\\/2020\\\/06\\\/logoicon.svg\",\"caption\":\"\u041c\u0430\u0433\u0430\u0437\u0438\u043d Xstyle\"},\"image\":{\"@id\":\"https:\\\/\\\/xstyle.md\\\/#\\\/schema\\\/logo\\\/image\\\/\"},\"sameAs\":[\"https:\\\/\\\/www.facebook.com\\\/xstylemd\",\"https:\\\/\\\/www.instagram.com\\\/xstyle_md\\\/\",\"https:\\\/\\\/t.me\\\/xstyle_outdoor\"],\"hasMerchantReturnPolicy\":{\"@type\":\"MerchantReturnPolicy\",\"merchantReturnLink\":\"https:\\\/\\\/xstyle.md\\\/ro\\\/conditions\\\/\"}}]}<\/script>\n<meta property=\"product:price:amount\" content=\"395.00\" \/>\n<meta property=\"product:price:currency\" content=\"MDL\" \/>\n<meta property=\"og:availability\" content=\"instock\" \/>\n<meta property=\"product:availability\" content=\"instock\" \/>\n<meta property=\"product:retailer_item_id\" content=\"7330033909340\" \/>\n<meta property=\"product:condition\" content=\"new\" \/>\n<!-- \/ Yoast SEO plugin. -->","yoast_head_json":{"title":"Amnar\/cremene Primus Ignition Steel Large Barn Red - Magazin Xstyle","description":"Bricheta Primus Ignition Steel Large Barn Red - un ajutor de \u00eencredere pentru aprinderea focului \u00een orice condi\u021bii. Func\u021bioneaz\u0103 \u00een ploaie \u0219i ninsoare. Compact \u0219i convenabil!","robots":{"index":"index","follow":"follow","max-snippet":"max-snippet:-1","max-image-preview":"max-image-preview:large","max-video-preview":"max-video-preview:-1"},"canonical":"https:\/\/xstyle.md\/ro\/produs\/ognivo-primus-ignition-steel-large-barn-red\/","og_locale":"ro_RO","og_type":"article","og_title":"\u041e\u0433\u043d\u0438\u0432\u043e Primus Ignition Steel Large Barn Red - \u041c\u0430\u0433\u0430\u0437\u0438\u043d Xstyle","og_description":"\u041e\u0433\u043d\u0438\u0432\u043e Primus Ignition Steel Large Barn Red - \u043d\u0430\u0434\u0435\u0436\u043d\u044b\u0439 \u043f\u043e\u043c\u043e\u0449\u043d\u0438\u043a \u0434\u043b\u044f \u0440\u0430\u0437\u0432\u0435\u0434\u0435\u043d\u0438\u044f \u043e\u0433\u043d\u044f \u0432 \u043b\u044e\u0431\u044b\u0445 \u0443\u0441\u043b\u043e\u0432\u0438\u044f\u0445. \u0420\u0430\u0431\u043e\u0442\u0430\u0435\u0442 \u043d\u0430 \u0434\u043e\u0436\u0434\u044c \u0438 \u0441\u043d\u0435\u0433. \u041a\u043e\u043c\u043f\u0430\u043a\u0442\u043d\u043e \u0438 \u0443\u0434\u043e\u0431\u043d\u043e!","og_url":"https:\/\/xstyle.md\/ro\/produs\/ognivo-primus-ignition-steel-large-barn-red\/","og_site_name":"\u041c\u0430\u0433\u0430\u0437\u0438\u043d Xstyle","article_publisher":"https:\/\/www.facebook.com\/xstylemd","article_modified_time":"2024-10-21T06:46:25+00:00","og_image":[{"width":500,"height":500,"url":"https:\/\/xstyle.md\/wp-content\/uploads\/2020\/07\/rp-741260.jpg","type":"image\/jpeg"}],"twitter_card":"summary_large_image","twitter_misc":{"Pre\u021b":"395&nbsp;MDL","Disponibilitate":"\u00cen stoc"},"schema":{"@context":"https:\/\/schema.org","@graph":[{"@type":"WebPage","@id":"https:\/\/xstyle.md\/product\/ognivo-primus-ignition-steel-large-barn-red\/","url":"https:\/\/xstyle.md\/product\/ognivo-primus-ignition-steel-large-barn-red\/","name":"Amnar\/cremene Primus Ignition Steel Large Barn Red - Magazin Xstyle","isPartOf":{"@id":"https:\/\/xstyle.md\/#website"},"primaryImageOfPage":{"@id":"https:\/\/xstyle.md\/product\/ognivo-primus-ignition-steel-large-barn-red\/#primaryimage"},"image":{"@id":"https:\/\/xstyle.md\/product\/ognivo-primus-ignition-steel-large-barn-red\/#primaryimage"},"thumbnailUrl":"https:\/\/xstyle.md\/wp-content\/uploads\/2020\/07\/rp-741260.jpg","datePublished":"2020-07-18T14:22:33+00:00","dateModified":"2024-10-21T06:46:25+00:00","description":"Bricheta Primus Ignition Steel Large Barn Red - un ajutor de \u00eencredere pentru aprinderea focului \u00een orice condi\u021bii. Func\u021bioneaz\u0103 \u00een ploaie \u0219i ninsoare. Compact \u0219i convenabil!","breadcrumb":{"@id":"https:\/\/xstyle.md\/product\/ognivo-primus-ignition-steel-large-barn-red\/#breadcrumb"},"inLanguage":"ro-RO","potentialAction":[{"@type":"ReadAction","target":["https:\/\/xstyle.md\/product\/ognivo-primus-ignition-steel-large-barn-red\/"]}]},{"@type":"ImageObject","inLanguage":"ro-RO","@id":"https:\/\/xstyle.md\/product\/ognivo-primus-ignition-steel-large-barn-red\/#primaryimage","url":"https:\/\/xstyle.md\/wp-content\/uploads\/2020\/07\/rp-741260.jpg","contentUrl":"https:\/\/xstyle.md\/wp-content\/uploads\/2020\/07\/rp-741260.jpg","width":500,"height":500},{"@type":"BreadcrumbList","@id":"https:\/\/xstyle.md\/product\/ognivo-primus-ignition-steel-large-barn-red\/#breadcrumb","itemListElement":[{"@type":"ListItem","position":1,"name":"\u0413\u043b\u0430\u0432\u043d\u0430\u044f \u0441\u0442\u0440\u0430\u043d\u0438\u0446\u0430","item":"https:\/\/xstyle.md\/"},{"@type":"ListItem","position":2,"name":"\u041c\u0430\u0433\u0430\u0437\u0438\u043d","item":"https:\/\/xstyle.md\/shop\/"},{"@type":"ListItem","position":3,"name":"\u041e\u0433\u043d\u0438\u0432\u043e Primus Ignition Steel Large Barn Red"}]},{"@type":"WebSite","@id":"https:\/\/xstyle.md\/#website","url":"https:\/\/xstyle.md\/","name":"Magazinul X-Style","description":"Echipamente pentru turism \u0219i sporturi extreme \u00een Moldova. Pre\u021buri, fotografii, caracteristici \u00een Moldova.","publisher":{"@id":"https:\/\/xstyle.md\/#organization"},"alternateName":"X-Style","potentialAction":[{"@type":"SearchAction","target":{"@type":"EntryPoint","urlTemplate":"https:\/\/xstyle.md\/?s={search_term_string}"},"query-input":{"@type":"PropertyValueSpecification","valueRequired":true,"valueName":"search_term_string"}}],"inLanguage":"ro-RO"},{"@type":"Organization","@id":"https:\/\/xstyle.md\/#organization","name":"Magazinul X-Style","alternateName":"x-style","url":"https:\/\/xstyle.md\/","logo":{"@type":"ImageObject","inLanguage":"ro-RO","@id":"https:\/\/xstyle.md\/#\/schema\/logo\/image\/","url":"https:\/\/xstyle.md\/wp-content\/uploads\/2020\/06\/logoicon.svg","contentUrl":"https:\/\/xstyle.md\/wp-content\/uploads\/2020\/06\/logoicon.svg","caption":"\u041c\u0430\u0433\u0430\u0437\u0438\u043d Xstyle"},"image":{"@id":"https:\/\/xstyle.md\/#\/schema\/logo\/image\/"},"sameAs":["https:\/\/www.facebook.com\/xstylemd","https:\/\/www.instagram.com\/xstyle_md\/","https:\/\/t.me\/xstyle_outdoor"],"hasMerchantReturnPolicy":{"@type":"MerchantReturnPolicy","merchantReturnLink":"https:\/\/xstyle.md\/ro\/conditions\/"}}]},"product_price_amount":"395.00","product_price_currency":"MDL","og_availability":"instock","product_availability":"instock","product_retailer_item_id":"7330033909340","product_condition":"new"},"_links":{"self":[{"href":"https:\/\/xstyle.md\/ro\/wp-json\/wp\/v2\/product\/20019","targetHints":{"allow":["GET"]}}],"collection":[{"href":"https:\/\/xstyle.md\/ro\/wp-json\/wp\/v2\/product"}],"about":[{"href":"https:\/\/xstyle.md\/ro\/wp-json\/wp\/v2\/types\/product"}],"replies":[{"embeddable":true,"href":"https:\/\/xstyle.md\/ro\/wp-json\/wp\/v2\/comments?post=20019"}],"wp:featuredmedia":[{"embeddable":true,"href":"https:\/\/xstyle.md\/ro\/wp-json\/wp\/v2\/media\/20018"}],"wp:attachment":[{"href":"https:\/\/xstyle.md\/ro\/wp-json\/wp\/v2\/media?parent=20019"}],"wp:term":[{"taxonomy":"product_brand","embeddable":true,"href":"https:\/\/xstyle.md\/ro\/wp-json\/wp\/v2\/product_brand?post=20019"},{"taxonomy":"product_cat","embeddable":true,"href":"https:\/\/xstyle.md\/ro\/wp-json\/wp\/v2\/product_cat?post=20019"},{"taxonomy":"product_tag","embeddable":true,"href":"https:\/\/xstyle.md\/ro\/wp-json\/wp\/v2\/product_tag?post=20019"}],"curies":[{"name":"wp","href":"https:\/\/api.w.org\/{rel}","templated":true}]}}