{"id":19978,"date":"2020-07-18T17:21:10","date_gmt":"2020-07-18T14:21:10","guid":{"rendered":"https:\/\/xstyle.md\/product\/botinki-muzhskie-la-sportiva-nepal-extreme"},"modified":"2025-06-03T22:37:44","modified_gmt":"2025-06-03T19:37:44","slug":"botinki-muzhskie-la-sportiva-nepal-extreme","status":"publish","type":"product","link":"https:\/\/xstyle.md\/ro\/produs\/botinki-muzhskie-la-sportiva-nepal-extreme\/","title":{"rendered":"Bocanci pentru b\u0103rba\u021bi La Sportiva Nepal Extreme yellow"},"content":{"rendered":"<\/p>\n<p><strong>Bocanci pentru b\u0103rba\u021bi La Sportiva Nepal Extreme\u00a0&#8212;\u00a0<\/strong>recomandat pentru utilizare la \u00een\u0103l\u021bime la munte \u0219i pe suprafe\u021be \u00eenghe\u021bate. Versiune termoizolant\u0103 a cizmelor Nepal Top. Ideale pentru utilizarea tehnic\u0103 pe toate tipurile de suprafe\u021be montane la o altitudine mare, folosesc o c\u0103ptu\u0219eal\u0103 inovatoare cu laminare tripl\u0103. Talpa izolat\u0103 Ibi-Thermo protejeaz\u0103 \u00een mod fiabil de frig. Este posibil s\u0103 folosi\u021bi col\u021bari. Noua limb\u0103 deta\u0219abil\u0103 EZ FLEX v\u0103 permite s\u0103 regla\u021bi individual cizma pe picior. Inelul de protec\u021bie EZ OUT ajut\u0103 la deblocarea z\u0103vorului care fixeaz\u0103 \u0219iretul. Noua talp\u0103 intermediar\u0103 HP3 elimin\u0103 uzura de la v\u00e2rful pantofului, deoarece folose\u0219te doar cele mai noi materiale de \u00eenalt\u0103 tehnologie. Exist\u0103 un bran\u021b izolant deta\u0219abil.<\/p>\n<h3>Particularit\u0103\u021bi<\/h3>\n<ul>\n<li>Talp\u0103 cu sistem de fr\u00e2nare de urgen\u021b\u0103<\/li>\n<li>Compatibil cu pisicile<\/li>\n<li>Limb\u0103 retractabil\u0103 ata\u0219at\u0103 la partea superioar\u0103 a pantofului<\/li>\n<li>Bucla din nailon care permite eliberarea rapid\u0103 a sistemului de blocare a \u0219ireturilor<\/li>\n<li>Talp\u0103 exterioar\u0103 proiectat\u0103 pentru a minimiza impactul \u00een timpul mersului \u0219i alerg\u0103rii.<\/li>\n<li>Partea superioar\u0103 din piele natural\u0103<\/li>\n<\/ul>\n<h3>Caracteristici<\/h3>\n<ul>\n<li>Material superior &#8212; piele Perwanger\u00ae<\/li>\n<li>C\u0103ptu\u0219eal\u0103 &#8212; Thermal Synergy<\/li>\n<li>Talp\u0103 interioar\u0103 &#8212; Ibi-Thermo<\/li>\n<li>Talp\u0103 &#8212; Vibram\u00ae Impact Brake System (IBS)<\/li>\n<li>Man\u0219oane pentru pisici &#8212; disponibile<\/li>\n<li>Destina\u021bie &#8212; alpinism<\/li>\n<li>Greutate &#8212; 1.055 g<\/li>\n<\/ul>\n<h3>Tehnologie<\/h3>\n<ul>\n<li><strong>EZ Flex<\/strong> \u2013 limba deta\u0219abil\u0103, permite ajustarea individual\u0103 a cizmei la picior.<\/li>\n<li><strong>EZ Out<\/strong> \u2013 inel de tragere, ajut\u0103 la desfacerea \u00eenchiz\u0103toarei care fixeaz\u0103 \u0219ireturile.<\/li>\n<li><strong>Vibram\u00ae<\/strong> &#8212; lider mondial \u00een produc\u021bia de t\u0103lpi pentru \u00eenc\u0103l\u021b\u0103minte de alpinism \u0219i trekking. Talpa este fabricat\u0103 din cauciuc foarte durabil \u0219i are o aderen\u021b\u0103 excelent\u0103. Garanteaz\u0103 suport maxim \u0219i durabilitate.<\/li>\n<li><strong>Perwanger<\/strong> &#8212; un produc\u0103tor renumit de piele natural\u0103 pentru sporturile montane. Pielea Perwanger provine de la o t\u0103b\u0103c\u0103rie din Alpii tirolezi care func\u021bioneaz\u0103 din 1780. \u00cen acest timp, numele a devenit sinonim cu durabilitatea \u0219i rezisten\u021ba la uzur\u0103. Potrivit\u0103 pentru utilizarea pe terenuri st\u00e2ncoase ascu\u021bite, pielea Perwanger este hidrofug\u0103 \u0219i capabil\u0103 s\u0103 evacueze eficient umezeala.<\/li>\n<\/ul>\n<h3>Marca<\/h3>\n<p>Compania italian\u0103 este cunoscut\u0103 de to\u021bi alpini\u0219tii \u0219i alpini\u0219tii &#8212; pantofii de st\u00e2nc\u0103 \u0219i cizmele de mare altitudine La Sportiva sunt considerate cele mai bune din lume. Istoria m\u0103rcii a \u00eenceput cu fabricarea de sabo\u021bi de lemn, iar acum este unul dintre liderii mondiali \u00een produc\u021bia de \u00eenc\u0103l\u021b\u0103minte pentru munte. Toate \u00eenc\u0103l\u021b\u0103mintea sunt \u00eenc\u0103 cusute manual \u0219i numai din materiale de calitate, sunt confortabile, fiabile \u0219i durabile. Al\u0103turi de \u00eenc\u0103l\u021b\u0103minte, compania produce \u00eembr\u0103c\u0103minte de \u00eenalt\u0103 tehnologie pentru pasiona\u021bii de alpinism \u0219i escalad\u0103. Standardele \u00eenalte de calitate ale m\u0103rcii \u0219i tehnologiile \u00eembun\u0103t\u0103\u021bite au ajutat La Sportiva s\u0103 devin\u0103 unul dintre liderii mondiali \u00een produc\u021bia de \u00eenc\u0103l\u021b\u0103minte \u0219i \u00eembr\u0103c\u0103minte.<\/p>\n<p><\/p>","protected":false},"excerpt":{"rendered":"<p>Bocanci pentru b\u0103rba\u021bi La Sportiva Nepal Extreme yellow<\/p>","protected":false},"featured_media":19976,"comment_status":"open","ping_status":"closed","template":"","meta":{"_acf_changed":false,"inline_featured_image":false},"product_brand":[1410],"product_cat":[144],"product_tag":[],"class_list":{"0":"post-19978","1":"product","2":"type-product","3":"status-publish","4":"has-post-thumbnail","6":"product_brand-la-sportiva","7":"product_cat-forwarding","9":"first","10":"instock","11":"shipping-taxable","12":"purchasable","13":"product-type-simple"},"acf":[],"yoast_head":"<!-- This site is optimized with the Yoast SEO plugin v27.4 - https:\/\/yoast.com\/product\/yoast-seo-wordpress\/ -->\n<title>\u0411\u043e\u0442\u0438\u043d\u043a\u0438 La Sportiva Nepal Extreme yellow - \u041c\u0430\u0433\u0430\u0437\u0438\u043d Xstyle<\/title>\n<meta name=\"description\" content=\"\u0411\u043e\u0442\u0438\u043d\u043a\u0438 La Sportiva Nepal Extreme yellow \u0438\u0434\u0435\u0430\u043b\u044c\u043d\u043e \u043f\u043e\u0434\u0445\u043e\u0434\u044f\u0442 \u0434\u043b\u044f \u0432\u044b\u0441\u043e\u043a\u043e\u0433\u043e\u0440\u044c\u044f \u0438 \u043b\u0435\u0434\u044f\u043d\u044b\u0445 \u043f\u043e\u0432\u0435\u0440\u0445\u043d\u043e\u0441\u0442\u0435\u0439. \u0422\u0435\u0440\u043c\u043e\u0438\u0437\u043e\u043b\u044f\u0446\u0438\u044f \u0438 \u0441\u0438\u0441\u0442\u0435\u043c\u0430 Vibram \u043e\u0431\u0435\u0441\u043f\u0435\u0447\u0438\u0432\u0430\u044e\u0442 \u043d\u0430\u0434\u0435\u0436\u043d\u043e\u0441\u0442\u044c.\" \/>\n<meta name=\"robots\" content=\"index, follow, max-snippet:-1, max-image-preview:large, max-video-preview:-1\" \/>\n<link rel=\"canonical\" href=\"https:\/\/xstyle.md\/ro\/produs\/botinki-muzhskie-la-sportiva-nepal-extreme\/\" \/>\n<meta property=\"og:locale\" content=\"ro_RO\" \/>\n<meta property=\"og:type\" content=\"article\" \/>\n<meta property=\"og:title\" content=\"\u0411\u043e\u0442\u0438\u043d\u043a\u0438 La Sportiva Nepal Extreme yellow - \u041c\u0430\u0433\u0430\u0437\u0438\u043d Xstyle\" \/>\n<meta property=\"og:description\" content=\"\u0411\u043e\u0442\u0438\u043d\u043a\u0438 La Sportiva Nepal Extreme yellow \u0438\u0434\u0435\u0430\u043b\u044c\u043d\u043e \u043f\u043e\u0434\u0445\u043e\u0434\u044f\u0442 \u0434\u043b\u044f \u0432\u044b\u0441\u043e\u043a\u043e\u0433\u043e\u0440\u044c\u044f \u0438 \u043b\u0435\u0434\u044f\u043d\u044b\u0445 \u043f\u043e\u0432\u0435\u0440\u0445\u043d\u043e\u0441\u0442\u0435\u0439. \u0422\u0435\u0440\u043c\u043e\u0438\u0437\u043e\u043b\u044f\u0446\u0438\u044f \u0438 \u0441\u0438\u0441\u0442\u0435\u043c\u0430 Vibram \u043e\u0431\u0435\u0441\u043f\u0435\u0447\u0438\u0432\u0430\u044e\u0442 \u043d\u0430\u0434\u0435\u0436\u043d\u043e\u0441\u0442\u044c.\" \/>\n<meta property=\"og:url\" content=\"https:\/\/xstyle.md\/ro\/produs\/botinki-muzhskie-la-sportiva-nepal-extreme\/\" \/>\n<meta property=\"og:site_name\" content=\"\u041c\u0430\u0433\u0430\u0437\u0438\u043d Xstyle\" \/>\n<meta property=\"article:publisher\" content=\"https:\/\/www.facebook.com\/xstylemd\" \/>\n<meta property=\"article:modified_time\" content=\"2025-06-03T19:37:44+00:00\" \/>\n<meta property=\"og:image\" content=\"https:\/\/xstyle.md\/wp-content\/uploads\/2020\/07\/145bcea127b511e880c9901b0e95a2a8_ef3641364c9011e980ca901b0e95a2a8.jpg\" \/>\n\t<meta property=\"og:image:width\" content=\"570\" \/>\n\t<meta property=\"og:image:height\" content=\"535\" \/>\n\t<meta property=\"og:image:type\" content=\"image\/jpeg\" \/>\n<meta name=\"twitter:card\" content=\"summary_large_image\" \/>\n<meta name=\"twitter:label1\" content=\"Pre\u021b\" \/>\n\t<meta name=\"twitter:data1\" content=\"8.990&nbsp;MDL\" \/>\n\t<meta name=\"twitter:label2\" content=\"Disponibilitate\" \/>\n\t<meta name=\"twitter:data2\" content=\"\u00cen stoc\" \/>\n<script type=\"application\/ld+json\" class=\"yoast-schema-graph\">{\"@context\":\"https:\\\/\\\/schema.org\",\"@graph\":[{\"@type\":\"WebPage\",\"@id\":\"https:\\\/\\\/xstyle.md\\\/product\\\/botinki-muzhskie-la-sportiva-nepal-extreme\\\/\",\"url\":\"https:\\\/\\\/xstyle.md\\\/product\\\/botinki-muzhskie-la-sportiva-nepal-extreme\\\/\",\"name\":\"\u0411\u043e\u0442\u0438\u043d\u043a\u0438 La Sportiva Nepal Extreme yellow - \u041c\u0430\u0433\u0430\u0437\u0438\u043d Xstyle\",\"isPartOf\":{\"@id\":\"https:\\\/\\\/xstyle.md\\\/#website\"},\"primaryImageOfPage\":{\"@id\":\"https:\\\/\\\/xstyle.md\\\/product\\\/botinki-muzhskie-la-sportiva-nepal-extreme\\\/#primaryimage\"},\"image\":{\"@id\":\"https:\\\/\\\/xstyle.md\\\/product\\\/botinki-muzhskie-la-sportiva-nepal-extreme\\\/#primaryimage\"},\"thumbnailUrl\":\"https:\\\/\\\/xstyle.md\\\/wp-content\\\/uploads\\\/2020\\\/07\\\/145bcea127b511e880c9901b0e95a2a8_ef3641364c9011e980ca901b0e95a2a8.jpg\",\"datePublished\":\"2020-07-18T14:21:10+00:00\",\"dateModified\":\"2025-06-03T19:37:44+00:00\",\"description\":\"\u0411\u043e\u0442\u0438\u043d\u043a\u0438 La Sportiva Nepal Extreme yellow \u0438\u0434\u0435\u0430\u043b\u044c\u043d\u043e \u043f\u043e\u0434\u0445\u043e\u0434\u044f\u0442 \u0434\u043b\u044f \u0432\u044b\u0441\u043e\u043a\u043e\u0433\u043e\u0440\u044c\u044f \u0438 \u043b\u0435\u0434\u044f\u043d\u044b\u0445 \u043f\u043e\u0432\u0435\u0440\u0445\u043d\u043e\u0441\u0442\u0435\u0439. \u0422\u0435\u0440\u043c\u043e\u0438\u0437\u043e\u043b\u044f\u0446\u0438\u044f \u0438 \u0441\u0438\u0441\u0442\u0435\u043c\u0430 Vibram \u043e\u0431\u0435\u0441\u043f\u0435\u0447\u0438\u0432\u0430\u044e\u0442 \u043d\u0430\u0434\u0435\u0436\u043d\u043e\u0441\u0442\u044c.\",\"breadcrumb\":{\"@id\":\"https:\\\/\\\/xstyle.md\\\/product\\\/botinki-muzhskie-la-sportiva-nepal-extreme\\\/#breadcrumb\"},\"inLanguage\":\"ro-RO\",\"potentialAction\":[{\"@type\":\"ReadAction\",\"target\":[\"https:\\\/\\\/xstyle.md\\\/product\\\/botinki-muzhskie-la-sportiva-nepal-extreme\\\/\"]}]},{\"@type\":\"ImageObject\",\"inLanguage\":\"ro-RO\",\"@id\":\"https:\\\/\\\/xstyle.md\\\/product\\\/botinki-muzhskie-la-sportiva-nepal-extreme\\\/#primaryimage\",\"url\":\"https:\\\/\\\/xstyle.md\\\/wp-content\\\/uploads\\\/2020\\\/07\\\/145bcea127b511e880c9901b0e95a2a8_ef3641364c9011e980ca901b0e95a2a8.jpg\",\"contentUrl\":\"https:\\\/\\\/xstyle.md\\\/wp-content\\\/uploads\\\/2020\\\/07\\\/145bcea127b511e880c9901b0e95a2a8_ef3641364c9011e980ca901b0e95a2a8.jpg\",\"width\":570,\"height\":535},{\"@type\":\"BreadcrumbList\",\"@id\":\"https:\\\/\\\/xstyle.md\\\/product\\\/botinki-muzhskie-la-sportiva-nepal-extreme\\\/#breadcrumb\",\"itemListElement\":[{\"@type\":\"ListItem\",\"position\":1,\"name\":\"\u0413\u043b\u0430\u0432\u043d\u0430\u044f \u0441\u0442\u0440\u0430\u043d\u0438\u0446\u0430\",\"item\":\"https:\\\/\\\/xstyle.md\\\/\"},{\"@type\":\"ListItem\",\"position\":2,\"name\":\"\u041c\u0430\u0433\u0430\u0437\u0438\u043d\",\"item\":\"https:\\\/\\\/xstyle.md\\\/shop\\\/\"},{\"@type\":\"ListItem\",\"position\":3,\"name\":\"\u0411\u043e\u0442\u0438\u043d\u043a\u0438 La Sportiva Nepal Extreme yellow\"}]},{\"@type\":\"WebSite\",\"@id\":\"https:\\\/\\\/xstyle.md\\\/#website\",\"url\":\"https:\\\/\\\/xstyle.md\\\/\",\"name\":\"\u041c\u0430\u0433\u0430\u0437\u0438\u043d Xstyle\",\"description\":\"C\u043d\u0430\u0440\u044f\u0436\u0435\u043d\u0438\u0435 \u0434\u043b\u044f \u0442\u0443\u0440\u0438\u0437\u043c\u0430 \u0438 \u044d\u043a\u0441\u0442\u0440\u0435\u043c\u0430\u043b\u044c\u043d\u044b\u0445 \u0432\u0438\u0434\u043e\u0432 \u0441\u043f\u043e\u0440\u0442\u0430 \u0432 \u041c\u043e\u043b\u0434\u043e\u0432\u0435.. \u0426\u0435\u043d\u044b, \u0444\u043e\u0442\u043e, \u0445\u0430\u0440\u0430\u043a\u0442\u0435\u0440\u0438\u0441\u0442\u0438\u043a\u0438 \u0432 \u041c\u043e\u043b\u0434\u043e\u0432\u0435.\",\"publisher\":{\"@id\":\"https:\\\/\\\/xstyle.md\\\/#organization\"},\"alternateName\":\"X-Style\",\"potentialAction\":[{\"@type\":\"SearchAction\",\"target\":{\"@type\":\"EntryPoint\",\"urlTemplate\":\"https:\\\/\\\/xstyle.md\\\/?s={search_term_string}\"},\"query-input\":{\"@type\":\"PropertyValueSpecification\",\"valueRequired\":true,\"valueName\":\"search_term_string\"}}],\"inLanguage\":\"ro-RO\"},{\"@type\":\"Organization\",\"@id\":\"https:\\\/\\\/xstyle.md\\\/#organization\",\"name\":\"\u041c\u0430\u0433\u0430\u0437\u0438\u043d Xstyle\",\"alternateName\":\"x-style\",\"url\":\"https:\\\/\\\/xstyle.md\\\/\",\"logo\":{\"@type\":\"ImageObject\",\"inLanguage\":\"ro-RO\",\"@id\":\"https:\\\/\\\/xstyle.md\\\/#\\\/schema\\\/logo\\\/image\\\/\",\"url\":\"https:\\\/\\\/xstyle.md\\\/wp-content\\\/uploads\\\/2020\\\/06\\\/logoicon.svg\",\"contentUrl\":\"https:\\\/\\\/xstyle.md\\\/wp-content\\\/uploads\\\/2020\\\/06\\\/logoicon.svg\",\"caption\":\"\u041c\u0430\u0433\u0430\u0437\u0438\u043d Xstyle\"},\"image\":{\"@id\":\"https:\\\/\\\/xstyle.md\\\/#\\\/schema\\\/logo\\\/image\\\/\"},\"sameAs\":[\"https:\\\/\\\/www.facebook.com\\\/xstylemd\",\"https:\\\/\\\/www.instagram.com\\\/xstyle_md\\\/\",\"https:\\\/\\\/t.me\\\/xstyle_outdoor\"],\"hasMerchantReturnPolicy\":{\"@type\":\"MerchantReturnPolicy\",\"merchantReturnLink\":\"https:\\\/\\\/xstyle.md\\\/ro\\\/conditions\\\/\"}}]}<\/script>\n<meta property=\"product:price:amount\" content=\"8990.00\" \/>\n<meta property=\"product:price:currency\" content=\"MDL\" \/>\n<meta property=\"og:availability\" content=\"instock\" \/>\n<meta property=\"product:availability\" content=\"instock\" \/>\n<meta property=\"product:retailer_item_id\" content=\"8020647783373\" \/>\n<meta property=\"product:condition\" content=\"new\" \/>\n<!-- \/ Yoast SEO plugin. -->","yoast_head_json":{"title":"Bocanci pentru b\u0103rba\u021bi La Sportiva Nepal Extreme yellow - Magazin Xstyle","description":"Bocanci La Sportiva Nepal Extreme galbeni sunt ideali pentru zone montane \u0219i suprafe\u021be \u00eenghe\u021bate. Izola\u021bia termic\u0103 \u0219i sistemul Vibram ofer\u0103 fiabilitate.","robots":{"index":"index","follow":"follow","max-snippet":"max-snippet:-1","max-image-preview":"max-image-preview:large","max-video-preview":"max-video-preview:-1"},"canonical":"https:\/\/xstyle.md\/ro\/produs\/botinki-muzhskie-la-sportiva-nepal-extreme\/","og_locale":"ro_RO","og_type":"article","og_title":"\u0411\u043e\u0442\u0438\u043d\u043a\u0438 La Sportiva Nepal Extreme yellow - \u041c\u0430\u0433\u0430\u0437\u0438\u043d Xstyle","og_description":"\u0411\u043e\u0442\u0438\u043d\u043a\u0438 La Sportiva Nepal Extreme yellow \u0438\u0434\u0435\u0430\u043b\u044c\u043d\u043e \u043f\u043e\u0434\u0445\u043e\u0434\u044f\u0442 \u0434\u043b\u044f \u0432\u044b\u0441\u043e\u043a\u043e\u0433\u043e\u0440\u044c\u044f \u0438 \u043b\u0435\u0434\u044f\u043d\u044b\u0445 \u043f\u043e\u0432\u0435\u0440\u0445\u043d\u043e\u0441\u0442\u0435\u0439. \u0422\u0435\u0440\u043c\u043e\u0438\u0437\u043e\u043b\u044f\u0446\u0438\u044f \u0438 \u0441\u0438\u0441\u0442\u0435\u043c\u0430 Vibram \u043e\u0431\u0435\u0441\u043f\u0435\u0447\u0438\u0432\u0430\u044e\u0442 \u043d\u0430\u0434\u0435\u0436\u043d\u043e\u0441\u0442\u044c.","og_url":"https:\/\/xstyle.md\/ro\/produs\/botinki-muzhskie-la-sportiva-nepal-extreme\/","og_site_name":"\u041c\u0430\u0433\u0430\u0437\u0438\u043d Xstyle","article_publisher":"https:\/\/www.facebook.com\/xstylemd","article_modified_time":"2025-06-03T19:37:44+00:00","og_image":[{"width":570,"height":535,"url":"https:\/\/xstyle.md\/wp-content\/uploads\/2020\/07\/145bcea127b511e880c9901b0e95a2a8_ef3641364c9011e980ca901b0e95a2a8.jpg","type":"image\/jpeg"}],"twitter_card":"summary_large_image","twitter_misc":{"Pre\u021b":"8.990&nbsp;MDL","Disponibilitate":"\u00cen stoc"},"schema":{"@context":"https:\/\/schema.org","@graph":[{"@type":"WebPage","@id":"https:\/\/xstyle.md\/product\/botinki-muzhskie-la-sportiva-nepal-extreme\/","url":"https:\/\/xstyle.md\/product\/botinki-muzhskie-la-sportiva-nepal-extreme\/","name":"Bocanci pentru b\u0103rba\u021bi La Sportiva Nepal Extreme yellow - Magazin Xstyle","isPartOf":{"@id":"https:\/\/xstyle.md\/#website"},"primaryImageOfPage":{"@id":"https:\/\/xstyle.md\/product\/botinki-muzhskie-la-sportiva-nepal-extreme\/#primaryimage"},"image":{"@id":"https:\/\/xstyle.md\/product\/botinki-muzhskie-la-sportiva-nepal-extreme\/#primaryimage"},"thumbnailUrl":"https:\/\/xstyle.md\/wp-content\/uploads\/2020\/07\/145bcea127b511e880c9901b0e95a2a8_ef3641364c9011e980ca901b0e95a2a8.jpg","datePublished":"2020-07-18T14:21:10+00:00","dateModified":"2025-06-03T19:37:44+00:00","description":"Bocanci La Sportiva Nepal Extreme galbeni sunt ideali pentru zone montane \u0219i suprafe\u021be \u00eenghe\u021bate. Izola\u021bia termic\u0103 \u0219i sistemul Vibram ofer\u0103 fiabilitate.","breadcrumb":{"@id":"https:\/\/xstyle.md\/product\/botinki-muzhskie-la-sportiva-nepal-extreme\/#breadcrumb"},"inLanguage":"ro-RO","potentialAction":[{"@type":"ReadAction","target":["https:\/\/xstyle.md\/product\/botinki-muzhskie-la-sportiva-nepal-extreme\/"]}]},{"@type":"ImageObject","inLanguage":"ro-RO","@id":"https:\/\/xstyle.md\/product\/botinki-muzhskie-la-sportiva-nepal-extreme\/#primaryimage","url":"https:\/\/xstyle.md\/wp-content\/uploads\/2020\/07\/145bcea127b511e880c9901b0e95a2a8_ef3641364c9011e980ca901b0e95a2a8.jpg","contentUrl":"https:\/\/xstyle.md\/wp-content\/uploads\/2020\/07\/145bcea127b511e880c9901b0e95a2a8_ef3641364c9011e980ca901b0e95a2a8.jpg","width":570,"height":535},{"@type":"BreadcrumbList","@id":"https:\/\/xstyle.md\/product\/botinki-muzhskie-la-sportiva-nepal-extreme\/#breadcrumb","itemListElement":[{"@type":"ListItem","position":1,"name":"\u0413\u043b\u0430\u0432\u043d\u0430\u044f \u0441\u0442\u0440\u0430\u043d\u0438\u0446\u0430","item":"https:\/\/xstyle.md\/"},{"@type":"ListItem","position":2,"name":"\u041c\u0430\u0433\u0430\u0437\u0438\u043d","item":"https:\/\/xstyle.md\/shop\/"},{"@type":"ListItem","position":3,"name":"\u0411\u043e\u0442\u0438\u043d\u043a\u0438 La Sportiva Nepal Extreme yellow"}]},{"@type":"WebSite","@id":"https:\/\/xstyle.md\/#website","url":"https:\/\/xstyle.md\/","name":"Magazinul X-Style","description":"Echipamente pentru turism \u0219i sporturi extreme \u00een Moldova. Pre\u021buri, fotografii, caracteristici \u00een Moldova.","publisher":{"@id":"https:\/\/xstyle.md\/#organization"},"alternateName":"X-Style","potentialAction":[{"@type":"SearchAction","target":{"@type":"EntryPoint","urlTemplate":"https:\/\/xstyle.md\/?s={search_term_string}"},"query-input":{"@type":"PropertyValueSpecification","valueRequired":true,"valueName":"search_term_string"}}],"inLanguage":"ro-RO"},{"@type":"Organization","@id":"https:\/\/xstyle.md\/#organization","name":"Magazinul X-Style","alternateName":"x-style","url":"https:\/\/xstyle.md\/","logo":{"@type":"ImageObject","inLanguage":"ro-RO","@id":"https:\/\/xstyle.md\/#\/schema\/logo\/image\/","url":"https:\/\/xstyle.md\/wp-content\/uploads\/2020\/06\/logoicon.svg","contentUrl":"https:\/\/xstyle.md\/wp-content\/uploads\/2020\/06\/logoicon.svg","caption":"\u041c\u0430\u0433\u0430\u0437\u0438\u043d Xstyle"},"image":{"@id":"https:\/\/xstyle.md\/#\/schema\/logo\/image\/"},"sameAs":["https:\/\/www.facebook.com\/xstylemd","https:\/\/www.instagram.com\/xstyle_md\/","https:\/\/t.me\/xstyle_outdoor"],"hasMerchantReturnPolicy":{"@type":"MerchantReturnPolicy","merchantReturnLink":"https:\/\/xstyle.md\/ro\/conditions\/"}}]},"product_price_amount":"8990.00","product_price_currency":"MDL","og_availability":"instock","product_availability":"instock","product_retailer_item_id":"8020647783373","product_condition":"new"},"_links":{"self":[{"href":"https:\/\/xstyle.md\/ro\/wp-json\/wp\/v2\/product\/19978","targetHints":{"allow":["GET"]}}],"collection":[{"href":"https:\/\/xstyle.md\/ro\/wp-json\/wp\/v2\/product"}],"about":[{"href":"https:\/\/xstyle.md\/ro\/wp-json\/wp\/v2\/types\/product"}],"replies":[{"embeddable":true,"href":"https:\/\/xstyle.md\/ro\/wp-json\/wp\/v2\/comments?post=19978"}],"wp:featuredmedia":[{"embeddable":true,"href":"https:\/\/xstyle.md\/ro\/wp-json\/wp\/v2\/media\/19976"}],"wp:attachment":[{"href":"https:\/\/xstyle.md\/ro\/wp-json\/wp\/v2\/media?parent=19978"}],"wp:term":[{"taxonomy":"product_brand","embeddable":true,"href":"https:\/\/xstyle.md\/ro\/wp-json\/wp\/v2\/product_brand?post=19978"},{"taxonomy":"product_cat","embeddable":true,"href":"https:\/\/xstyle.md\/ro\/wp-json\/wp\/v2\/product_cat?post=19978"},{"taxonomy":"product_tag","embeddable":true,"href":"https:\/\/xstyle.md\/ro\/wp-json\/wp\/v2\/product_tag?post=19978"}],"curies":[{"name":"wp","href":"https:\/\/api.w.org\/{rel}","templated":true}]}}