{"id":19926,"date":"2020-07-18T17:19:18","date_gmt":"2020-07-18T14:19:18","guid":{"rendered":"https:\/\/xstyle.md\/product\/termos-dlja-edy-primus-trailbreak-lunch-jug-550-ml-barn-red"},"modified":"2024-10-02T22:29:05","modified_gmt":"2024-10-02T19:29:05","slug":"termos-dlja-edy-primus-trailbreak-lunch-jug-550-ml-barn-red","status":"publish","type":"product","link":"https:\/\/xstyle.md\/ro\/produs\/termos-dlja-edy-primus-trailbreak-lunch-jug-550-ml-barn-red\/","title":{"rendered":"Termos pentru m\u00e2ncare Primus TrailBreak Lunch Jug 550 Barn Red"},"content":{"rendered":"<\/p>\n<p><strong>Termos Primus TrailBreak Lunch jug 550 ml<\/strong> &#8212; este conceput pentru a depozita orice produs alimentar, fie c\u0103 este vorba de o por\u021bie mare de ceai sau de bor\u0219 de cas\u0103. Construc\u021bia din o\u021bel inoxidabil face ca termosul s\u0103 fie puternic \u0219i durabil. Termosul are pere\u021bi dubli care p\u0103streaz\u0103 at\u00e2t alimentele reci, c\u00e2t \u0219i cele calde pentru o perioad\u0103 lung\u0103 de timp. Capacul sigilat cu silicon evit\u0103 scurgerile, iar g\u00e2tul larg permite accesul u\u0219or.<\/p>\n<h3>Particularit\u0103\u021bi<\/h3>\n<ul>\n<li>Pere\u021bi dubli din o\u021bel inoxidabil<\/li>\n<li>Izola\u021bie \u00een vid<\/li>\n<li>Acoperire exterioar\u0103 special\u0103<\/li>\n<li>Deschidere larg\u0103 pentru o utilizare confortabil\u0103<\/li>\n<li>Robust \u0219i fiabil<\/li>\n<li>Nu stocheaz\u0103 \u0219i nu transfer\u0103 arome.<\/li>\n<\/ul>\n<h3>Caracteristici<\/h3>\n<ul>\n<li>Material - o\u021bel inoxidabil<\/li>\n<li>Dimensiuni &#8212; 93 x 137 mm<\/li>\n<li>Volum &#8212; 550 ml<\/li>\n<li>Greutate &#8212; 315 g.<\/li>\n<\/ul>\n<h3>Marca<\/h3>\n<p>Primus este o companie suedez\u0103 al c\u0103rei fondator este mecanicul F.W. Lindqvist, care a inventat primul arz\u0103tor de parafin\u0103, care nu avea fitil, iar designul sem\u0103na cu cel al unei tor\u021be, f\u0103r\u0103 funingine \u0219i murd\u0103rie la utilizare. Ini\u021bial, a fost conceput pentru a facilita g\u0103titul acas\u0103, dar, de-a lungul timpului, arz\u0103torul \u0219i-a schimbat scopul, devenind un instrument indispensabil, care face via\u021ba mai u\u0219oar\u0103 \u00een campingul amatorilor, \u00een taberele de baz\u0103 pentru alpinism \u0219i \u00een sta\u021biile mobile ale expedi\u021biilor de cercetare.<\/p>\n<p>Ast\u0103zi, legendara companie Primus produce o gam\u0103 larg\u0103 de produse pentru g\u0103titul \u0219i conservarea alimentelor: arz\u0103toare cu gaz \u0219i combustibil lichid, seturi de vase de buc\u0103t\u0103rie de c\u0103l\u0103torie, termosuri, wok-uri, butelii de gaz. Toate produsele sub sigla acestei companii sunt fiabile \u0219i durabile.<\/p>\n<p><\/p>","protected":false},"excerpt":{"rendered":"<p>Termos pentru m\u00e2ncare Primus TrailBreak Lunch Jug 550 Barn Red<\/p>","protected":false},"featured_media":19925,"comment_status":"open","ping_status":"closed","template":"","meta":{"_acf_changed":false,"inline_featured_image":false},"product_brand":[1272],"product_cat":[1171,856],"product_tag":[],"class_list":{"0":"post-19926","1":"product","2":"type-product","3":"status-publish","4":"has-post-thumbnail","6":"product_brand-primus","7":"product_cat-sticle-si-cani-termice","8":"product_cat-thermoses-and-food-containers","10":"first","11":"instock","12":"shipping-taxable","13":"purchasable","14":"product-type-simple"},"acf":[],"yoast_head":"<!-- This site is optimized with the Yoast SEO plugin v27.4 - https:\/\/yoast.com\/product\/yoast-seo-wordpress\/ -->\n<title>\u0422\u0435\u0440\u043c\u043e\u0441 \u0434\u043b\u044f \u0435\u0434\u044b Primus TrailBreak Lunch Jug 550 Barn Red - \u041c\u0430\u0433\u0430\u0437\u0438\u043d Xstyle<\/title>\n<meta name=\"description\" content=\"\u0422\u0435\u0440\u043c\u043e\u0441 Primus TrailBreak Lunch Jug 550 \u043c\u043b \u0432 \u0446\u0432\u0435\u0442\u0435 Barn Red: \u0438\u0434\u0435\u0430\u043b\u0435\u043d \u0434\u043b\u044f \u0445\u0440\u0430\u043d\u0435\u043d\u0438\u044f \u043f\u0438\u0449\u0438, \u0441\u043e\u0445\u0440\u0430\u043d\u044f\u0435\u0442 \u0442\u0435\u043f\u043b\u043e \u0438 \u0445\u043e\u043b\u043e\u0434, \u043f\u0440\u043e\u0447\u043d\u044b\u0439 \u0438 \u0434\u043e\u043b\u0433\u043e\u0432\u0435\u0447\u043d\u044b\u0439. \u0417\u0430\u043a\u0430\u0436\u0438\u0442\u0435 \u0441\u0435\u0439\u0447\u0430\u0441!\" \/>\n<meta name=\"robots\" content=\"index, follow, max-snippet:-1, max-image-preview:large, max-video-preview:-1\" \/>\n<link rel=\"canonical\" href=\"https:\/\/xstyle.md\/ro\/produs\/termos-dlja-edy-primus-trailbreak-lunch-jug-550-ml-barn-red\/\" \/>\n<meta property=\"og:locale\" content=\"ro_RO\" \/>\n<meta property=\"og:type\" content=\"article\" \/>\n<meta property=\"og:title\" content=\"\u0422\u0435\u0440\u043c\u043e\u0441 \u0434\u043b\u044f \u0435\u0434\u044b Primus TrailBreak Lunch Jug 550 Barn Red - \u041c\u0430\u0433\u0430\u0437\u0438\u043d Xstyle\" \/>\n<meta property=\"og:description\" content=\"\u0422\u0435\u0440\u043c\u043e\u0441 Primus TrailBreak Lunch Jug 550 \u043c\u043b \u0432 \u0446\u0432\u0435\u0442\u0435 Barn Red: \u0438\u0434\u0435\u0430\u043b\u0435\u043d \u0434\u043b\u044f \u0445\u0440\u0430\u043d\u0435\u043d\u0438\u044f \u043f\u0438\u0449\u0438, \u0441\u043e\u0445\u0440\u0430\u043d\u044f\u0435\u0442 \u0442\u0435\u043f\u043b\u043e \u0438 \u0445\u043e\u043b\u043e\u0434, \u043f\u0440\u043e\u0447\u043d\u044b\u0439 \u0438 \u0434\u043e\u043b\u0433\u043e\u0432\u0435\u0447\u043d\u044b\u0439. \u0417\u0430\u043a\u0430\u0436\u0438\u0442\u0435 \u0441\u0435\u0439\u0447\u0430\u0441!\" \/>\n<meta property=\"og:url\" content=\"https:\/\/xstyle.md\/ro\/produs\/termos-dlja-edy-primus-trailbreak-lunch-jug-550-ml-barn-red\/\" \/>\n<meta property=\"og:site_name\" content=\"\u041c\u0430\u0433\u0430\u0437\u0438\u043d Xstyle\" \/>\n<meta property=\"article:publisher\" content=\"https:\/\/www.facebook.com\/xstylemd\" \/>\n<meta property=\"article:modified_time\" content=\"2024-10-02T19:29:05+00:00\" \/>\n<meta property=\"og:image\" content=\"https:\/\/xstyle.md\/wp-content\/uploads\/2020\/07\/primus_trailbreak_lunch_jug_550_ml_barn_red.jpg\" \/>\n\t<meta property=\"og:image:width\" content=\"482\" \/>\n\t<meta property=\"og:image:height\" content=\"618\" \/>\n\t<meta property=\"og:image:type\" content=\"image\/jpeg\" \/>\n<meta name=\"twitter:card\" content=\"summary_large_image\" \/>\n<meta name=\"twitter:label1\" content=\"Pre\u021b\" \/>\n\t<meta name=\"twitter:data1\" content=\"650&nbsp;MDL\" \/>\n\t<meta name=\"twitter:label2\" content=\"Disponibilitate\" \/>\n\t<meta name=\"twitter:data2\" content=\"\u00cen stoc\" \/>\n<script type=\"application\/ld+json\" class=\"yoast-schema-graph\">{\"@context\":\"https:\\\/\\\/schema.org\",\"@graph\":[{\"@type\":\"WebPage\",\"@id\":\"https:\\\/\\\/xstyle.md\\\/product\\\/termos-dlja-edy-primus-trailbreak-lunch-jug-550-ml-barn-red\\\/\",\"url\":\"https:\\\/\\\/xstyle.md\\\/product\\\/termos-dlja-edy-primus-trailbreak-lunch-jug-550-ml-barn-red\\\/\",\"name\":\"\u0422\u0435\u0440\u043c\u043e\u0441 \u0434\u043b\u044f \u0435\u0434\u044b Primus TrailBreak Lunch Jug 550 Barn Red - \u041c\u0430\u0433\u0430\u0437\u0438\u043d Xstyle\",\"isPartOf\":{\"@id\":\"https:\\\/\\\/xstyle.md\\\/#website\"},\"primaryImageOfPage\":{\"@id\":\"https:\\\/\\\/xstyle.md\\\/product\\\/termos-dlja-edy-primus-trailbreak-lunch-jug-550-ml-barn-red\\\/#primaryimage\"},\"image\":{\"@id\":\"https:\\\/\\\/xstyle.md\\\/product\\\/termos-dlja-edy-primus-trailbreak-lunch-jug-550-ml-barn-red\\\/#primaryimage\"},\"thumbnailUrl\":\"https:\\\/\\\/xstyle.md\\\/wp-content\\\/uploads\\\/2020\\\/07\\\/primus_trailbreak_lunch_jug_550_ml_barn_red.jpg\",\"datePublished\":\"2020-07-18T14:19:18+00:00\",\"dateModified\":\"2024-10-02T19:29:05+00:00\",\"description\":\"\u0422\u0435\u0440\u043c\u043e\u0441 Primus TrailBreak Lunch Jug 550 \u043c\u043b \u0432 \u0446\u0432\u0435\u0442\u0435 Barn Red: \u0438\u0434\u0435\u0430\u043b\u0435\u043d \u0434\u043b\u044f \u0445\u0440\u0430\u043d\u0435\u043d\u0438\u044f \u043f\u0438\u0449\u0438, \u0441\u043e\u0445\u0440\u0430\u043d\u044f\u0435\u0442 \u0442\u0435\u043f\u043b\u043e \u0438 \u0445\u043e\u043b\u043e\u0434, \u043f\u0440\u043e\u0447\u043d\u044b\u0439 \u0438 \u0434\u043e\u043b\u0433\u043e\u0432\u0435\u0447\u043d\u044b\u0439. \u0417\u0430\u043a\u0430\u0436\u0438\u0442\u0435 \u0441\u0435\u0439\u0447\u0430\u0441!\",\"breadcrumb\":{\"@id\":\"https:\\\/\\\/xstyle.md\\\/product\\\/termos-dlja-edy-primus-trailbreak-lunch-jug-550-ml-barn-red\\\/#breadcrumb\"},\"inLanguage\":\"ro-RO\",\"potentialAction\":[{\"@type\":\"ReadAction\",\"target\":[\"https:\\\/\\\/xstyle.md\\\/product\\\/termos-dlja-edy-primus-trailbreak-lunch-jug-550-ml-barn-red\\\/\"]}]},{\"@type\":\"ImageObject\",\"inLanguage\":\"ro-RO\",\"@id\":\"https:\\\/\\\/xstyle.md\\\/product\\\/termos-dlja-edy-primus-trailbreak-lunch-jug-550-ml-barn-red\\\/#primaryimage\",\"url\":\"https:\\\/\\\/xstyle.md\\\/wp-content\\\/uploads\\\/2020\\\/07\\\/primus_trailbreak_lunch_jug_550_ml_barn_red.jpg\",\"contentUrl\":\"https:\\\/\\\/xstyle.md\\\/wp-content\\\/uploads\\\/2020\\\/07\\\/primus_trailbreak_lunch_jug_550_ml_barn_red.jpg\",\"width\":482,\"height\":618},{\"@type\":\"BreadcrumbList\",\"@id\":\"https:\\\/\\\/xstyle.md\\\/product\\\/termos-dlja-edy-primus-trailbreak-lunch-jug-550-ml-barn-red\\\/#breadcrumb\",\"itemListElement\":[{\"@type\":\"ListItem\",\"position\":1,\"name\":\"\u0413\u043b\u0430\u0432\u043d\u0430\u044f \u0441\u0442\u0440\u0430\u043d\u0438\u0446\u0430\",\"item\":\"https:\\\/\\\/xstyle.md\\\/\"},{\"@type\":\"ListItem\",\"position\":2,\"name\":\"\u041c\u0430\u0433\u0430\u0437\u0438\u043d\",\"item\":\"https:\\\/\\\/xstyle.md\\\/shop\\\/\"},{\"@type\":\"ListItem\",\"position\":3,\"name\":\"\u0422\u0435\u0440\u043c\u043e\u0441 \u0434\u043b\u044f \u0435\u0434\u044b Primus TrailBreak Lunch Jug 550 Barn Red\"}]},{\"@type\":\"WebSite\",\"@id\":\"https:\\\/\\\/xstyle.md\\\/#website\",\"url\":\"https:\\\/\\\/xstyle.md\\\/\",\"name\":\"\u041c\u0430\u0433\u0430\u0437\u0438\u043d Xstyle\",\"description\":\"C\u043d\u0430\u0440\u044f\u0436\u0435\u043d\u0438\u0435 \u0434\u043b\u044f \u0442\u0443\u0440\u0438\u0437\u043c\u0430 \u0438 \u044d\u043a\u0441\u0442\u0440\u0435\u043c\u0430\u043b\u044c\u043d\u044b\u0445 \u0432\u0438\u0434\u043e\u0432 \u0441\u043f\u043e\u0440\u0442\u0430 \u0432 \u041c\u043e\u043b\u0434\u043e\u0432\u0435.. \u0426\u0435\u043d\u044b, \u0444\u043e\u0442\u043e, \u0445\u0430\u0440\u0430\u043a\u0442\u0435\u0440\u0438\u0441\u0442\u0438\u043a\u0438 \u0432 \u041c\u043e\u043b\u0434\u043e\u0432\u0435.\",\"publisher\":{\"@id\":\"https:\\\/\\\/xstyle.md\\\/#organization\"},\"alternateName\":\"X-Style\",\"potentialAction\":[{\"@type\":\"SearchAction\",\"target\":{\"@type\":\"EntryPoint\",\"urlTemplate\":\"https:\\\/\\\/xstyle.md\\\/?s={search_term_string}\"},\"query-input\":{\"@type\":\"PropertyValueSpecification\",\"valueRequired\":true,\"valueName\":\"search_term_string\"}}],\"inLanguage\":\"ro-RO\"},{\"@type\":\"Organization\",\"@id\":\"https:\\\/\\\/xstyle.md\\\/#organization\",\"name\":\"\u041c\u0430\u0433\u0430\u0437\u0438\u043d Xstyle\",\"alternateName\":\"x-style\",\"url\":\"https:\\\/\\\/xstyle.md\\\/\",\"logo\":{\"@type\":\"ImageObject\",\"inLanguage\":\"ro-RO\",\"@id\":\"https:\\\/\\\/xstyle.md\\\/#\\\/schema\\\/logo\\\/image\\\/\",\"url\":\"https:\\\/\\\/xstyle.md\\\/wp-content\\\/uploads\\\/2020\\\/06\\\/logoicon.svg\",\"contentUrl\":\"https:\\\/\\\/xstyle.md\\\/wp-content\\\/uploads\\\/2020\\\/06\\\/logoicon.svg\",\"caption\":\"\u041c\u0430\u0433\u0430\u0437\u0438\u043d Xstyle\"},\"image\":{\"@id\":\"https:\\\/\\\/xstyle.md\\\/#\\\/schema\\\/logo\\\/image\\\/\"},\"sameAs\":[\"https:\\\/\\\/www.facebook.com\\\/xstylemd\",\"https:\\\/\\\/www.instagram.com\\\/xstyle_md\\\/\",\"https:\\\/\\\/t.me\\\/xstyle_outdoor\"],\"hasMerchantReturnPolicy\":{\"@type\":\"MerchantReturnPolicy\",\"merchantReturnLink\":\"https:\\\/\\\/xstyle.md\\\/ro\\\/conditions\\\/\"}}]}<\/script>\n<meta property=\"product:price:amount\" content=\"650.00\" \/>\n<meta property=\"product:price:currency\" content=\"MDL\" \/>\n<meta property=\"og:availability\" content=\"instock\" \/>\n<meta property=\"product:availability\" content=\"instock\" \/>\n<meta property=\"product:retailer_item_id\" content=\"7330033903683\" \/>\n<meta property=\"product:condition\" content=\"new\" \/>\n<!-- \/ Yoast SEO plugin. -->","yoast_head_json":{"title":"Termos pentru m\u00e2ncare Primus TrailBreak Lunch Jug 550 Barn Red - Magazin Xstyle","description":"Termos Primus TrailBreak Lunch Jug 550 ml \u00een culoarea Barn Red: ideal pentru p\u0103strarea alimentelor, men\u021bine c\u0103ldura \u0219i frigul, este rezistent \u0219i durabil. Comand\u0103 acum!","robots":{"index":"index","follow":"follow","max-snippet":"max-snippet:-1","max-image-preview":"max-image-preview:large","max-video-preview":"max-video-preview:-1"},"canonical":"https:\/\/xstyle.md\/ro\/produs\/termos-dlja-edy-primus-trailbreak-lunch-jug-550-ml-barn-red\/","og_locale":"ro_RO","og_type":"article","og_title":"\u0422\u0435\u0440\u043c\u043e\u0441 \u0434\u043b\u044f \u0435\u0434\u044b Primus TrailBreak Lunch Jug 550 Barn Red - \u041c\u0430\u0433\u0430\u0437\u0438\u043d Xstyle","og_description":"\u0422\u0435\u0440\u043c\u043e\u0441 Primus TrailBreak Lunch Jug 550 \u043c\u043b \u0432 \u0446\u0432\u0435\u0442\u0435 Barn Red: \u0438\u0434\u0435\u0430\u043b\u0435\u043d \u0434\u043b\u044f \u0445\u0440\u0430\u043d\u0435\u043d\u0438\u044f \u043f\u0438\u0449\u0438, \u0441\u043e\u0445\u0440\u0430\u043d\u044f\u0435\u0442 \u0442\u0435\u043f\u043b\u043e \u0438 \u0445\u043e\u043b\u043e\u0434, \u043f\u0440\u043e\u0447\u043d\u044b\u0439 \u0438 \u0434\u043e\u043b\u0433\u043e\u0432\u0435\u0447\u043d\u044b\u0439. \u0417\u0430\u043a\u0430\u0436\u0438\u0442\u0435 \u0441\u0435\u0439\u0447\u0430\u0441!","og_url":"https:\/\/xstyle.md\/ro\/produs\/termos-dlja-edy-primus-trailbreak-lunch-jug-550-ml-barn-red\/","og_site_name":"\u041c\u0430\u0433\u0430\u0437\u0438\u043d Xstyle","article_publisher":"https:\/\/www.facebook.com\/xstylemd","article_modified_time":"2024-10-02T19:29:05+00:00","og_image":[{"width":482,"height":618,"url":"https:\/\/xstyle.md\/wp-content\/uploads\/2020\/07\/primus_trailbreak_lunch_jug_550_ml_barn_red.jpg","type":"image\/jpeg"}],"twitter_card":"summary_large_image","twitter_misc":{"Pre\u021b":"650&nbsp;MDL","Disponibilitate":"\u00cen stoc"},"schema":{"@context":"https:\/\/schema.org","@graph":[{"@type":"WebPage","@id":"https:\/\/xstyle.md\/product\/termos-dlja-edy-primus-trailbreak-lunch-jug-550-ml-barn-red\/","url":"https:\/\/xstyle.md\/product\/termos-dlja-edy-primus-trailbreak-lunch-jug-550-ml-barn-red\/","name":"Termos pentru m\u00e2ncare Primus TrailBreak Lunch Jug 550 Barn Red - Magazin Xstyle","isPartOf":{"@id":"https:\/\/xstyle.md\/#website"},"primaryImageOfPage":{"@id":"https:\/\/xstyle.md\/product\/termos-dlja-edy-primus-trailbreak-lunch-jug-550-ml-barn-red\/#primaryimage"},"image":{"@id":"https:\/\/xstyle.md\/product\/termos-dlja-edy-primus-trailbreak-lunch-jug-550-ml-barn-red\/#primaryimage"},"thumbnailUrl":"https:\/\/xstyle.md\/wp-content\/uploads\/2020\/07\/primus_trailbreak_lunch_jug_550_ml_barn_red.jpg","datePublished":"2020-07-18T14:19:18+00:00","dateModified":"2024-10-02T19:29:05+00:00","description":"Termos Primus TrailBreak Lunch Jug 550 ml \u00een culoarea Barn Red: ideal pentru p\u0103strarea alimentelor, men\u021bine c\u0103ldura \u0219i frigul, este rezistent \u0219i durabil. Comand\u0103 acum!","breadcrumb":{"@id":"https:\/\/xstyle.md\/product\/termos-dlja-edy-primus-trailbreak-lunch-jug-550-ml-barn-red\/#breadcrumb"},"inLanguage":"ro-RO","potentialAction":[{"@type":"ReadAction","target":["https:\/\/xstyle.md\/product\/termos-dlja-edy-primus-trailbreak-lunch-jug-550-ml-barn-red\/"]}]},{"@type":"ImageObject","inLanguage":"ro-RO","@id":"https:\/\/xstyle.md\/product\/termos-dlja-edy-primus-trailbreak-lunch-jug-550-ml-barn-red\/#primaryimage","url":"https:\/\/xstyle.md\/wp-content\/uploads\/2020\/07\/primus_trailbreak_lunch_jug_550_ml_barn_red.jpg","contentUrl":"https:\/\/xstyle.md\/wp-content\/uploads\/2020\/07\/primus_trailbreak_lunch_jug_550_ml_barn_red.jpg","width":482,"height":618},{"@type":"BreadcrumbList","@id":"https:\/\/xstyle.md\/product\/termos-dlja-edy-primus-trailbreak-lunch-jug-550-ml-barn-red\/#breadcrumb","itemListElement":[{"@type":"ListItem","position":1,"name":"\u0413\u043b\u0430\u0432\u043d\u0430\u044f \u0441\u0442\u0440\u0430\u043d\u0438\u0446\u0430","item":"https:\/\/xstyle.md\/"},{"@type":"ListItem","position":2,"name":"\u041c\u0430\u0433\u0430\u0437\u0438\u043d","item":"https:\/\/xstyle.md\/shop\/"},{"@type":"ListItem","position":3,"name":"\u0422\u0435\u0440\u043c\u043e\u0441 \u0434\u043b\u044f \u0435\u0434\u044b Primus TrailBreak Lunch Jug 550 Barn Red"}]},{"@type":"WebSite","@id":"https:\/\/xstyle.md\/#website","url":"https:\/\/xstyle.md\/","name":"Magazinul X-Style","description":"Echipamente pentru turism \u0219i sporturi extreme \u00een Moldova. Pre\u021buri, fotografii, caracteristici \u00een Moldova.","publisher":{"@id":"https:\/\/xstyle.md\/#organization"},"alternateName":"X-Style","potentialAction":[{"@type":"SearchAction","target":{"@type":"EntryPoint","urlTemplate":"https:\/\/xstyle.md\/?s={search_term_string}"},"query-input":{"@type":"PropertyValueSpecification","valueRequired":true,"valueName":"search_term_string"}}],"inLanguage":"ro-RO"},{"@type":"Organization","@id":"https:\/\/xstyle.md\/#organization","name":"Magazinul X-Style","alternateName":"x-style","url":"https:\/\/xstyle.md\/","logo":{"@type":"ImageObject","inLanguage":"ro-RO","@id":"https:\/\/xstyle.md\/#\/schema\/logo\/image\/","url":"https:\/\/xstyle.md\/wp-content\/uploads\/2020\/06\/logoicon.svg","contentUrl":"https:\/\/xstyle.md\/wp-content\/uploads\/2020\/06\/logoicon.svg","caption":"\u041c\u0430\u0433\u0430\u0437\u0438\u043d Xstyle"},"image":{"@id":"https:\/\/xstyle.md\/#\/schema\/logo\/image\/"},"sameAs":["https:\/\/www.facebook.com\/xstylemd","https:\/\/www.instagram.com\/xstyle_md\/","https:\/\/t.me\/xstyle_outdoor"],"hasMerchantReturnPolicy":{"@type":"MerchantReturnPolicy","merchantReturnLink":"https:\/\/xstyle.md\/ro\/conditions\/"}}]},"product_price_amount":"650.00","product_price_currency":"MDL","og_availability":"instock","product_availability":"instock","product_retailer_item_id":"7330033903683","product_condition":"new"},"_links":{"self":[{"href":"https:\/\/xstyle.md\/ro\/wp-json\/wp\/v2\/product\/19926","targetHints":{"allow":["GET"]}}],"collection":[{"href":"https:\/\/xstyle.md\/ro\/wp-json\/wp\/v2\/product"}],"about":[{"href":"https:\/\/xstyle.md\/ro\/wp-json\/wp\/v2\/types\/product"}],"replies":[{"embeddable":true,"href":"https:\/\/xstyle.md\/ro\/wp-json\/wp\/v2\/comments?post=19926"}],"wp:featuredmedia":[{"embeddable":true,"href":"https:\/\/xstyle.md\/ro\/wp-json\/wp\/v2\/media\/19925"}],"wp:attachment":[{"href":"https:\/\/xstyle.md\/ro\/wp-json\/wp\/v2\/media?parent=19926"}],"wp:term":[{"taxonomy":"product_brand","embeddable":true,"href":"https:\/\/xstyle.md\/ro\/wp-json\/wp\/v2\/product_brand?post=19926"},{"taxonomy":"product_cat","embeddable":true,"href":"https:\/\/xstyle.md\/ro\/wp-json\/wp\/v2\/product_cat?post=19926"},{"taxonomy":"product_tag","embeddable":true,"href":"https:\/\/xstyle.md\/ro\/wp-json\/wp\/v2\/product_tag?post=19926"}],"curies":[{"name":"wp","href":"https:\/\/api.w.org\/{rel}","templated":true}]}}