{"id":19805,"date":"2020-07-18T17:15:10","date_gmt":"2020-07-18T14:15:10","guid":{"rendered":"https:\/\/xstyle.md\/?post_type=product&#038;p=19805"},"modified":"2026-01-09T12:51:17","modified_gmt":"2026-01-09T09:51:17","slug":"shvejcarskij-nozh-victorinox-swiss-champ-1-6795","status":"publish","type":"product","link":"https:\/\/xstyle.md\/ro\/produs\/shvejcarskij-nozh-victorinox-swiss-champ-1-6795\/","title":{"rendered":"Multitool Victorinox Swiss Champ 1.6795"},"content":{"rendered":"<\/p>\n<p><strong>Multitool Victorinox Swiss Champ 1.6795<\/strong> &#8212; poate fi numit un set de scule pliabile. Cu acest cu\u021bit pute\u021bi face fa\u021b\u0103 aproape oric\u0103rei slujbe: t\u0103ia\u021bi un c\u00e2rna\u021bi, deschide\u021bi o bere sau un vin, t\u0103ia\u021bi o fr\u00e2nghie, t\u0103ia\u021bi un placaj sau o bucat\u0103 de lemn, str\u00e2nge\u021bi o piuli\u021b\u0103, \u00een\u0219uruba\u021bi un \u0219urub, t\u0103ia\u0163i o s\u00e2rm\u0103 sau deta\u0219a\u021bi p\u0103r\u021bi mici sub o lup\u0103. Acest cu\u021bit pliabil va deveni asistentul t\u0103u indispensabil acas\u0103, \u00een ma\u0219in\u0103, la serviciu, \u00een activit\u0103\u021bi \u00een aer liber. Toate uneltele cu\u021bit sunt confec\u021bionate dintr-un material de \u00eenalt\u0103 calitate, folosind cele mai noi tehnologii \u0219i \u00eent\u0103rite \u00eentr-un anumit mod.<\/p>\n<p>Pur \u0219i simplu nu ve\u021bi g\u0103si un cu\u021bit ca acesta care s\u0103 poat\u0103 compara \u0219i s\u0103 ating\u0103 acela\u0219i nivel ridicat de construc\u021bie ca Victorinox SwissChamp. Perfect realizat, comod \u0219i indispensabil pentru toate ocaziile, acest cu\u021bit va provoca, f\u0103r\u0103 \u00eendoial\u0103, uimire \u0219i \u00eenc\u00e2ntare. Ob\u021bine\u021bi Victorinox SwissChamp pentru voi \u0219i privi\u021bi privirile invidioase ale altora atunci c\u00e2nd v\u0103 face\u021bi treburile!<\/p>\n<p>Calitatea m\u0103rcii renumite mondial Victorinox, care produce cu\u021bite armate elve\u021biene din 1897, este irepetabil\u0103. Cump\u0103r\u00e2nd Victorinox multitool, ve\u021bi ob\u021bine un instrument de prim\u0103 clas\u0103 pe care \u00eel ve\u021bi folosi timp de mai mul\u021bi ani. El va deveni asistentul t\u0103u \u00een via\u021ba de zi cu zi, \u00een natur\u0103 \u0219i chiar \u00een cea mai dificil\u0103 situa\u021bie.<\/p>\n<h3>Include\u021bi<\/h3>\n<ul>\n<li>Lama mare.<\/li>\n<li>Lama mic\u0103.<\/li>\n<li>Tirbuson.<\/li>\n<li>Deschiz\u0103tor de conserve.<\/li>\n<li>\u0218urubelni\u021b\u0103 mic\u0103.<\/li>\n<li>Deschizator de sticle.<\/li>\n<li>\u0218urubelni\u021b\u0103.<\/li>\n<li>Instrument de decapare.<\/li>\n<li>Sul\u0103.<\/li>\n<li>Cheie.<\/li>\n<li>Penset\u0103.<\/li>\n<li>Scobitoare.<\/li>\n<li>Foarfece.<\/li>\n<li>C\u00e2rlig multifunc\u021bional.<\/li>\n<li>Pil\u0103 pentru lemn.<\/li>\n<li>Un instrument pentru cur\u0103\u021barea pe\u0219tilor.<\/li>\n<li>Instrument de extrac\u021bie a c\u00e2rligului de pescuit .<\/li>\n<li>Rigl\u0103(cm).<\/li>\n<li>Rigla (inci).<\/li>\n<li>Pil\u0103 pentru unghii.<\/li>\n<li>Pil\u0103 pentru metal.<\/li>\n<li>Instrument de \u00eengrijire a unghiilor.<\/li>\n<li>Fierastrau pentru metal.<\/li>\n<li>\u0218urubelni\u021b\u0103 sub\u021bire.<\/li>\n<li>Dalt\u0103.<\/li>\n<li>Cle\u0219te.<\/li>\n<li>Clippers.<\/li>\n<li>Instrument pentru sertizarea firelor.<\/li>\n<li>\u015eurubelni\u0163\u0103 Phillips.<\/li>\n<li>Lup\u0103.<\/li>\n<li>Stilou.<\/li>\n<li>\u0218tift din o\u021bel inoxidabil.<\/li>\n<li>Mini surubelni\u0163\u0103.<\/li>\n<\/ul>\n<h3>Specificatii<\/h3>\n<ul>\n<li>Foarte u\u0219or.<\/li>\n<li>Universal, util acas\u0103, \u00een c\u0103l\u0103torii etc.<\/li>\n<li>Dimensiuni mici, este foarte convenabil \u00een timpul depozit\u0103rii \u0219i func\u021bion\u0103rii.<\/li>\n<li>Aspect elegant, care v\u0103 permite s\u0103 folosi\u021bi produsul ca breloc.<\/li>\n<\/ul>\n<h3>Caracteristici<\/h3>\n<ul>\n<li>Dimensiuni produs: 9,7 x 2,7 x 3,3 \u0441\u043c.<\/li>\n<li>Num\u0103rul de func\u021bii: 33.<\/li>\n<li>O\u021bel: inox.<\/li>\n<li>Culoare: ro\u015fu.<\/li>\n<li>Greutate: 185 gr.<\/li>\n<\/ul>\n<p><\/p>","protected":false},"excerpt":{"rendered":"<p>Multitool Victorinox Swiss Champ 1.6795<\/p>","protected":false},"featured_media":19797,"comment_status":"open","ping_status":"closed","template":"","meta":{"_acf_changed":false,"inline_featured_image":false},"product_brand":[1327],"product_cat":[415],"product_tag":[],"class_list":{"0":"post-19805","1":"product","2":"type-product","3":"status-publish","4":"has-post-thumbnail","6":"product_brand-victorinox","7":"product_cat-multitools","9":"first","10":"instock","11":"shipping-taxable","12":"purchasable","13":"product-type-simple"},"acf":[],"yoast_head":"<!-- This site is optimized with the Yoast SEO plugin v27.4 - https:\/\/yoast.com\/product\/yoast-seo-wordpress\/ -->\n<title>\u041c\u0443\u043b\u044c\u0442\u0438\u0442\u0443\u043b Victorinox Swiss Champ 1.6795 - \u041c\u0430\u0433\u0430\u0437\u0438\u043d Xstyle<\/title>\n<meta name=\"description\" content=\"\u041c\u0443\u043b\u044c\u0442\u0438\u0442\u0443\u043b Victorinox Swiss Champ 1.6795 \u2013 \u0438\u0434\u0435\u0430\u043b\u044c\u043d\u044b\u0439 \u0441\u043a\u043b\u0430\u0434\u043d\u043e\u0439 \u043d\u0430\u0431\u043e\u0440 \u0438\u043d\u0441\u0442\u0440\u0443\u043c\u0435\u043d\u0442\u043e\u0432. \u041f\u043e\u0434\u0445\u043e\u0434\u0438\u0442 \u0434\u043b\u044f \u043b\u044e\u0431\u044b\u0445 \u0437\u0430\u0434\u0430\u0447: \u043e\u0442 \u0440\u0435\u0437\u043a\u0438 \u0434\u043e \u043e\u0442\u043a\u0440\u044b\u0432\u0430\u043d\u0438\u044f \u0431\u0443\u0442\u044b\u043b\u043e\u043a.\" \/>\n<meta name=\"robots\" content=\"index, follow, max-snippet:-1, max-image-preview:large, max-video-preview:-1\" \/>\n<link rel=\"canonical\" href=\"https:\/\/xstyle.md\/ro\/produs\/shvejcarskij-nozh-victorinox-swiss-champ-1-6795\/\" \/>\n<meta property=\"og:locale\" content=\"ro_RO\" \/>\n<meta property=\"og:type\" content=\"article\" \/>\n<meta property=\"og:title\" content=\"\u041c\u0443\u043b\u044c\u0442\u0438\u0442\u0443\u043b Victorinox Swiss Champ 1.6795 - \u041c\u0430\u0433\u0430\u0437\u0438\u043d Xstyle\" \/>\n<meta property=\"og:description\" content=\"\u041c\u0443\u043b\u044c\u0442\u0438\u0442\u0443\u043b Victorinox Swiss Champ 1.6795 \u2013 \u0438\u0434\u0435\u0430\u043b\u044c\u043d\u044b\u0439 \u0441\u043a\u043b\u0430\u0434\u043d\u043e\u0439 \u043d\u0430\u0431\u043e\u0440 \u0438\u043d\u0441\u0442\u0440\u0443\u043c\u0435\u043d\u0442\u043e\u0432. \u041f\u043e\u0434\u0445\u043e\u0434\u0438\u0442 \u0434\u043b\u044f \u043b\u044e\u0431\u044b\u0445 \u0437\u0430\u0434\u0430\u0447: \u043e\u0442 \u0440\u0435\u0437\u043a\u0438 \u0434\u043e \u043e\u0442\u043a\u0440\u044b\u0432\u0430\u043d\u0438\u044f \u0431\u0443\u0442\u044b\u043b\u043e\u043a.\" \/>\n<meta property=\"og:url\" content=\"https:\/\/xstyle.md\/ro\/produs\/shvejcarskij-nozh-victorinox-swiss-champ-1-6795\/\" \/>\n<meta property=\"og:site_name\" content=\"\u041c\u0430\u0433\u0430\u0437\u0438\u043d Xstyle\" \/>\n<meta property=\"article:publisher\" content=\"https:\/\/www.facebook.com\/xstylemd\" \/>\n<meta property=\"article:modified_time\" content=\"2026-01-09T09:51:17+00:00\" \/>\n<meta property=\"og:image\" content=\"https:\/\/xstyle.md\/wp-content\/uploads\/2020\/07\/victorinox_swiss_champ_1.6795.jpg\" \/>\n\t<meta property=\"og:image:width\" content=\"560\" \/>\n\t<meta property=\"og:image:height\" content=\"490\" \/>\n\t<meta property=\"og:image:type\" content=\"image\/jpeg\" \/>\n<meta name=\"twitter:card\" content=\"summary_large_image\" \/>\n<meta name=\"twitter:label1\" content=\"Pre\u021b\" \/>\n\t<meta name=\"twitter:data1\" content=\"2.480&nbsp;MDL\" \/>\n\t<meta name=\"twitter:label2\" content=\"Disponibilitate\" \/>\n\t<meta name=\"twitter:data2\" content=\"\u00cen stoc\" \/>\n<script type=\"application\/ld+json\" class=\"yoast-schema-graph\">{\"@context\":\"https:\\\/\\\/schema.org\",\"@graph\":[{\"@type\":\"WebPage\",\"@id\":\"https:\\\/\\\/xstyle.md\\\/product\\\/shvejcarskij-nozh-victorinox-swiss-champ-1-6795\\\/\",\"url\":\"https:\\\/\\\/xstyle.md\\\/product\\\/shvejcarskij-nozh-victorinox-swiss-champ-1-6795\\\/\",\"name\":\"\u041c\u0443\u043b\u044c\u0442\u0438\u0442\u0443\u043b Victorinox Swiss Champ 1.6795 - \u041c\u0430\u0433\u0430\u0437\u0438\u043d Xstyle\",\"isPartOf\":{\"@id\":\"https:\\\/\\\/xstyle.md\\\/#website\"},\"primaryImageOfPage\":{\"@id\":\"https:\\\/\\\/xstyle.md\\\/product\\\/shvejcarskij-nozh-victorinox-swiss-champ-1-6795\\\/#primaryimage\"},\"image\":{\"@id\":\"https:\\\/\\\/xstyle.md\\\/product\\\/shvejcarskij-nozh-victorinox-swiss-champ-1-6795\\\/#primaryimage\"},\"thumbnailUrl\":\"https:\\\/\\\/xstyle.md\\\/wp-content\\\/uploads\\\/2020\\\/07\\\/victorinox_swiss_champ_1.6795.jpg\",\"datePublished\":\"2020-07-18T14:15:10+00:00\",\"dateModified\":\"2026-01-09T09:51:17+00:00\",\"description\":\"\u041c\u0443\u043b\u044c\u0442\u0438\u0442\u0443\u043b Victorinox Swiss Champ 1.6795 \u2013 \u0438\u0434\u0435\u0430\u043b\u044c\u043d\u044b\u0439 \u0441\u043a\u043b\u0430\u0434\u043d\u043e\u0439 \u043d\u0430\u0431\u043e\u0440 \u0438\u043d\u0441\u0442\u0440\u0443\u043c\u0435\u043d\u0442\u043e\u0432. \u041f\u043e\u0434\u0445\u043e\u0434\u0438\u0442 \u0434\u043b\u044f \u043b\u044e\u0431\u044b\u0445 \u0437\u0430\u0434\u0430\u0447: \u043e\u0442 \u0440\u0435\u0437\u043a\u0438 \u0434\u043e \u043e\u0442\u043a\u0440\u044b\u0432\u0430\u043d\u0438\u044f \u0431\u0443\u0442\u044b\u043b\u043e\u043a.\",\"breadcrumb\":{\"@id\":\"https:\\\/\\\/xstyle.md\\\/product\\\/shvejcarskij-nozh-victorinox-swiss-champ-1-6795\\\/#breadcrumb\"},\"inLanguage\":\"ro-RO\",\"potentialAction\":[{\"@type\":\"ReadAction\",\"target\":[\"https:\\\/\\\/xstyle.md\\\/product\\\/shvejcarskij-nozh-victorinox-swiss-champ-1-6795\\\/\"]}]},{\"@type\":\"ImageObject\",\"inLanguage\":\"ro-RO\",\"@id\":\"https:\\\/\\\/xstyle.md\\\/product\\\/shvejcarskij-nozh-victorinox-swiss-champ-1-6795\\\/#primaryimage\",\"url\":\"https:\\\/\\\/xstyle.md\\\/wp-content\\\/uploads\\\/2020\\\/07\\\/victorinox_swiss_champ_1.6795.jpg\",\"contentUrl\":\"https:\\\/\\\/xstyle.md\\\/wp-content\\\/uploads\\\/2020\\\/07\\\/victorinox_swiss_champ_1.6795.jpg\",\"width\":560,\"height\":490},{\"@type\":\"BreadcrumbList\",\"@id\":\"https:\\\/\\\/xstyle.md\\\/product\\\/shvejcarskij-nozh-victorinox-swiss-champ-1-6795\\\/#breadcrumb\",\"itemListElement\":[{\"@type\":\"ListItem\",\"position\":1,\"name\":\"\u0413\u043b\u0430\u0432\u043d\u0430\u044f \u0441\u0442\u0440\u0430\u043d\u0438\u0446\u0430\",\"item\":\"https:\\\/\\\/xstyle.md\\\/\"},{\"@type\":\"ListItem\",\"position\":2,\"name\":\"\u041c\u0430\u0433\u0430\u0437\u0438\u043d\",\"item\":\"https:\\\/\\\/xstyle.md\\\/shop\\\/\"},{\"@type\":\"ListItem\",\"position\":3,\"name\":\"\u041c\u0443\u043b\u044c\u0442\u0438\u0442\u0443\u043b Victorinox Swiss Champ 1.6795\"}]},{\"@type\":\"WebSite\",\"@id\":\"https:\\\/\\\/xstyle.md\\\/#website\",\"url\":\"https:\\\/\\\/xstyle.md\\\/\",\"name\":\"\u041c\u0430\u0433\u0430\u0437\u0438\u043d Xstyle\",\"description\":\"C\u043d\u0430\u0440\u044f\u0436\u0435\u043d\u0438\u0435 \u0434\u043b\u044f \u0442\u0443\u0440\u0438\u0437\u043c\u0430 \u0438 \u044d\u043a\u0441\u0442\u0440\u0435\u043c\u0430\u043b\u044c\u043d\u044b\u0445 \u0432\u0438\u0434\u043e\u0432 \u0441\u043f\u043e\u0440\u0442\u0430 \u0432 \u041c\u043e\u043b\u0434\u043e\u0432\u0435.. \u0426\u0435\u043d\u044b, \u0444\u043e\u0442\u043e, \u0445\u0430\u0440\u0430\u043a\u0442\u0435\u0440\u0438\u0441\u0442\u0438\u043a\u0438 \u0432 \u041c\u043e\u043b\u0434\u043e\u0432\u0435.\",\"publisher\":{\"@id\":\"https:\\\/\\\/xstyle.md\\\/#organization\"},\"alternateName\":\"X-Style\",\"potentialAction\":[{\"@type\":\"SearchAction\",\"target\":{\"@type\":\"EntryPoint\",\"urlTemplate\":\"https:\\\/\\\/xstyle.md\\\/?s={search_term_string}\"},\"query-input\":{\"@type\":\"PropertyValueSpecification\",\"valueRequired\":true,\"valueName\":\"search_term_string\"}}],\"inLanguage\":\"ro-RO\"},{\"@type\":\"Organization\",\"@id\":\"https:\\\/\\\/xstyle.md\\\/#organization\",\"name\":\"\u041c\u0430\u0433\u0430\u0437\u0438\u043d Xstyle\",\"alternateName\":\"x-style\",\"url\":\"https:\\\/\\\/xstyle.md\\\/\",\"logo\":{\"@type\":\"ImageObject\",\"inLanguage\":\"ro-RO\",\"@id\":\"https:\\\/\\\/xstyle.md\\\/#\\\/schema\\\/logo\\\/image\\\/\",\"url\":\"https:\\\/\\\/xstyle.md\\\/wp-content\\\/uploads\\\/2020\\\/06\\\/logoicon.svg\",\"contentUrl\":\"https:\\\/\\\/xstyle.md\\\/wp-content\\\/uploads\\\/2020\\\/06\\\/logoicon.svg\",\"caption\":\"\u041c\u0430\u0433\u0430\u0437\u0438\u043d Xstyle\"},\"image\":{\"@id\":\"https:\\\/\\\/xstyle.md\\\/#\\\/schema\\\/logo\\\/image\\\/\"},\"sameAs\":[\"https:\\\/\\\/www.facebook.com\\\/xstylemd\",\"https:\\\/\\\/www.instagram.com\\\/xstyle_md\\\/\",\"https:\\\/\\\/t.me\\\/xstyle_outdoor\"],\"hasMerchantReturnPolicy\":{\"@type\":\"MerchantReturnPolicy\",\"merchantReturnLink\":\"https:\\\/\\\/xstyle.md\\\/ro\\\/conditions\\\/\"}}]}<\/script>\n<meta property=\"product:price:amount\" content=\"2480.00\" \/>\n<meta property=\"product:price:currency\" content=\"MDL\" \/>\n<meta property=\"og:availability\" content=\"instock\" \/>\n<meta property=\"product:availability\" content=\"instock\" \/>\n<meta property=\"product:retailer_item_id\" content=\"7611160100634\" \/>\n<meta property=\"product:condition\" content=\"new\" \/>\n<!-- \/ Yoast SEO plugin. -->","yoast_head_json":{"title":"Multitool Victorinox Swiss Champ 1.6795 - Magazin Xstyle","description":"Multitool Victorinox Swiss Champ 1.6795 \u2013 setul perfect de unelte pliabile. Este potrivit pentru orice sarcin\u0103: de la t\u0103iere p\u00e2n\u0103 la deschiderea sticlelor.","robots":{"index":"index","follow":"follow","max-snippet":"max-snippet:-1","max-image-preview":"max-image-preview:large","max-video-preview":"max-video-preview:-1"},"canonical":"https:\/\/xstyle.md\/ro\/produs\/shvejcarskij-nozh-victorinox-swiss-champ-1-6795\/","og_locale":"ro_RO","og_type":"article","og_title":"\u041c\u0443\u043b\u044c\u0442\u0438\u0442\u0443\u043b Victorinox Swiss Champ 1.6795 - \u041c\u0430\u0433\u0430\u0437\u0438\u043d Xstyle","og_description":"\u041c\u0443\u043b\u044c\u0442\u0438\u0442\u0443\u043b Victorinox Swiss Champ 1.6795 \u2013 \u0438\u0434\u0435\u0430\u043b\u044c\u043d\u044b\u0439 \u0441\u043a\u043b\u0430\u0434\u043d\u043e\u0439 \u043d\u0430\u0431\u043e\u0440 \u0438\u043d\u0441\u0442\u0440\u0443\u043c\u0435\u043d\u0442\u043e\u0432. \u041f\u043e\u0434\u0445\u043e\u0434\u0438\u0442 \u0434\u043b\u044f \u043b\u044e\u0431\u044b\u0445 \u0437\u0430\u0434\u0430\u0447: \u043e\u0442 \u0440\u0435\u0437\u043a\u0438 \u0434\u043e \u043e\u0442\u043a\u0440\u044b\u0432\u0430\u043d\u0438\u044f \u0431\u0443\u0442\u044b\u043b\u043e\u043a.","og_url":"https:\/\/xstyle.md\/ro\/produs\/shvejcarskij-nozh-victorinox-swiss-champ-1-6795\/","og_site_name":"\u041c\u0430\u0433\u0430\u0437\u0438\u043d Xstyle","article_publisher":"https:\/\/www.facebook.com\/xstylemd","article_modified_time":"2026-01-09T09:51:17+00:00","og_image":[{"width":560,"height":490,"url":"https:\/\/xstyle.md\/wp-content\/uploads\/2020\/07\/victorinox_swiss_champ_1.6795.jpg","type":"image\/jpeg"}],"twitter_card":"summary_large_image","twitter_misc":{"Pre\u021b":"2.480&nbsp;MDL","Disponibilitate":"\u00cen stoc"},"schema":{"@context":"https:\/\/schema.org","@graph":[{"@type":"WebPage","@id":"https:\/\/xstyle.md\/product\/shvejcarskij-nozh-victorinox-swiss-champ-1-6795\/","url":"https:\/\/xstyle.md\/product\/shvejcarskij-nozh-victorinox-swiss-champ-1-6795\/","name":"Multitool Victorinox Swiss Champ 1.6795 - Magazin Xstyle","isPartOf":{"@id":"https:\/\/xstyle.md\/#website"},"primaryImageOfPage":{"@id":"https:\/\/xstyle.md\/product\/shvejcarskij-nozh-victorinox-swiss-champ-1-6795\/#primaryimage"},"image":{"@id":"https:\/\/xstyle.md\/product\/shvejcarskij-nozh-victorinox-swiss-champ-1-6795\/#primaryimage"},"thumbnailUrl":"https:\/\/xstyle.md\/wp-content\/uploads\/2020\/07\/victorinox_swiss_champ_1.6795.jpg","datePublished":"2020-07-18T14:15:10+00:00","dateModified":"2026-01-09T09:51:17+00:00","description":"Multitool Victorinox Swiss Champ 1.6795 \u2013 setul perfect de unelte pliabile. Este potrivit pentru orice sarcin\u0103: de la t\u0103iere p\u00e2n\u0103 la deschiderea sticlelor.","breadcrumb":{"@id":"https:\/\/xstyle.md\/product\/shvejcarskij-nozh-victorinox-swiss-champ-1-6795\/#breadcrumb"},"inLanguage":"ro-RO","potentialAction":[{"@type":"ReadAction","target":["https:\/\/xstyle.md\/product\/shvejcarskij-nozh-victorinox-swiss-champ-1-6795\/"]}]},{"@type":"ImageObject","inLanguage":"ro-RO","@id":"https:\/\/xstyle.md\/product\/shvejcarskij-nozh-victorinox-swiss-champ-1-6795\/#primaryimage","url":"https:\/\/xstyle.md\/wp-content\/uploads\/2020\/07\/victorinox_swiss_champ_1.6795.jpg","contentUrl":"https:\/\/xstyle.md\/wp-content\/uploads\/2020\/07\/victorinox_swiss_champ_1.6795.jpg","width":560,"height":490},{"@type":"BreadcrumbList","@id":"https:\/\/xstyle.md\/product\/shvejcarskij-nozh-victorinox-swiss-champ-1-6795\/#breadcrumb","itemListElement":[{"@type":"ListItem","position":1,"name":"\u0413\u043b\u0430\u0432\u043d\u0430\u044f \u0441\u0442\u0440\u0430\u043d\u0438\u0446\u0430","item":"https:\/\/xstyle.md\/"},{"@type":"ListItem","position":2,"name":"\u041c\u0430\u0433\u0430\u0437\u0438\u043d","item":"https:\/\/xstyle.md\/shop\/"},{"@type":"ListItem","position":3,"name":"\u041c\u0443\u043b\u044c\u0442\u0438\u0442\u0443\u043b Victorinox Swiss Champ 1.6795"}]},{"@type":"WebSite","@id":"https:\/\/xstyle.md\/#website","url":"https:\/\/xstyle.md\/","name":"Magazinul X-Style","description":"Echipamente pentru turism \u0219i sporturi extreme \u00een Moldova. Pre\u021buri, fotografii, caracteristici \u00een Moldova.","publisher":{"@id":"https:\/\/xstyle.md\/#organization"},"alternateName":"X-Style","potentialAction":[{"@type":"SearchAction","target":{"@type":"EntryPoint","urlTemplate":"https:\/\/xstyle.md\/?s={search_term_string}"},"query-input":{"@type":"PropertyValueSpecification","valueRequired":true,"valueName":"search_term_string"}}],"inLanguage":"ro-RO"},{"@type":"Organization","@id":"https:\/\/xstyle.md\/#organization","name":"Magazinul X-Style","alternateName":"x-style","url":"https:\/\/xstyle.md\/","logo":{"@type":"ImageObject","inLanguage":"ro-RO","@id":"https:\/\/xstyle.md\/#\/schema\/logo\/image\/","url":"https:\/\/xstyle.md\/wp-content\/uploads\/2020\/06\/logoicon.svg","contentUrl":"https:\/\/xstyle.md\/wp-content\/uploads\/2020\/06\/logoicon.svg","caption":"\u041c\u0430\u0433\u0430\u0437\u0438\u043d Xstyle"},"image":{"@id":"https:\/\/xstyle.md\/#\/schema\/logo\/image\/"},"sameAs":["https:\/\/www.facebook.com\/xstylemd","https:\/\/www.instagram.com\/xstyle_md\/","https:\/\/t.me\/xstyle_outdoor"],"hasMerchantReturnPolicy":{"@type":"MerchantReturnPolicy","merchantReturnLink":"https:\/\/xstyle.md\/ro\/conditions\/"}}]},"product_price_amount":"2480.00","product_price_currency":"MDL","og_availability":"instock","product_availability":"instock","product_retailer_item_id":"7611160100634","product_condition":"new"},"_links":{"self":[{"href":"https:\/\/xstyle.md\/ro\/wp-json\/wp\/v2\/product\/19805","targetHints":{"allow":["GET"]}}],"collection":[{"href":"https:\/\/xstyle.md\/ro\/wp-json\/wp\/v2\/product"}],"about":[{"href":"https:\/\/xstyle.md\/ro\/wp-json\/wp\/v2\/types\/product"}],"replies":[{"embeddable":true,"href":"https:\/\/xstyle.md\/ro\/wp-json\/wp\/v2\/comments?post=19805"}],"wp:featuredmedia":[{"embeddable":true,"href":"https:\/\/xstyle.md\/ro\/wp-json\/wp\/v2\/media\/19797"}],"wp:attachment":[{"href":"https:\/\/xstyle.md\/ro\/wp-json\/wp\/v2\/media?parent=19805"}],"wp:term":[{"taxonomy":"product_brand","embeddable":true,"href":"https:\/\/xstyle.md\/ro\/wp-json\/wp\/v2\/product_brand?post=19805"},{"taxonomy":"product_cat","embeddable":true,"href":"https:\/\/xstyle.md\/ro\/wp-json\/wp\/v2\/product_cat?post=19805"},{"taxonomy":"product_tag","embeddable":true,"href":"https:\/\/xstyle.md\/ro\/wp-json\/wp\/v2\/product_tag?post=19805"}],"curies":[{"name":"wp","href":"https:\/\/api.w.org\/{rel}","templated":true}]}}