{"id":19749,"date":"2020-07-18T17:13:03","date_gmt":"2020-07-18T14:13:03","guid":{"rendered":"https:\/\/xstyle.md\/product\/fonar-nalobnyj-petzl-tikkina-red"},"modified":"2024-11-24T01:55:54","modified_gmt":"2024-11-23T22:55:54","slug":"fonar-nalobnyj-petzl-tikkina-red","status":"publish","type":"product","link":"https:\/\/xstyle.md\/ro\/produs\/fonar-nalobnyj-petzl-tikkina-red\/","title":{"rendered":"Lantern\u0103 frontal\u0103 Petzl Tikkina Red"},"content":{"rendered":"<\/p>\n<p><strong>Petzl Tikkina<\/strong> &#8212; lanterna simpla \u0219i compacta ofer\u0103 un fascicul larg de lumin\u0103 cu o putere de 200 de lumeni. Comoditatea lanternei frontale este de necontestat. Cu autonomia sa de lung\u0103 durat\u0103, v\u0103 va permite s\u0103 ilumina\u021bi spa\u021biul de care ave\u021bi nevoie f\u0103r\u0103 a v\u0103 ocupa m\u00e2inile. Fie c\u0103 citi\u021bi o carte \u00een cort, fie c\u0103 v\u0103 afla\u021bi la punctul de plecare spre v\u00e2rf \u00eenainte de r\u0103s\u0103ritul soarelui, fie c\u0103 v\u0103 afunda\u021bi \u00eentr-o pe\u0219ter\u0103.<\/p>\n<p>Reflectorul luminescent ajut\u0103 la detectarea lanternei \u00een \u00eentuneric, iar lumina ro\u0219ie nu orbe\u0219te ochii celorlal\u021bi. Tehnologia HYBRID permite ca lanterna TIKKA s\u0103 fie utilizat\u0103 at\u00e2t cu baterii conven\u021bionale, c\u00e2t \u0219i cu bateria re\u00eenc\u0103rcabil\u0103 CORE, f\u0103r\u0103 a fi nevoie de adaptoare suplimentare. Accesoriile suplimentare v\u0103 permit s\u0103 monta\u021bi lanterna pe orice casc\u0103 sau biciclet\u0103.<\/p>\n<h3>Particularit\u0103\u021bi<\/h3>\n<ul>\n<li>Compact \u0219i u\u0219or (doar 86 g).<\/li>\n<li>Autonomie mare.<\/li>\n<li>U\u0219or de utilizat, datorit\u0103 unui singur buton care activeaz\u0103 cu u\u0219urin\u021b\u0103 toate modurile de func\u021bionare.<\/li>\n<li>Trei moduri: faz\u0103 scurt\u0103, de deplasare \u0219i faz\u0103 lung\u0103.<\/li>\n<li>Lumina ro\u0219ie p\u0103streaz\u0103 vederea pe timp de noapte, nu orbe\u0219te ochii celorlal\u021bi \u0219i v\u0103 permite s\u0103 r\u0103m\u00e2ne\u021bi discret.<\/li>\n<li>Reflector luminiscent ajut\u0103 la detectarea lanternei \u00een \u00eentuneric.<\/li>\n<li>Compatibil\u0103 cu bateria CORE.<\/li>\n<\/ul>\n<h3>Modul de func\u021bionare<\/h3>\n<ul>\n<li>Lumin\u0103 apropiat\u0103 pentru lucrul de aproape.<\/li>\n<li>Lumin\u0103 \u00eendep\u0103rtat\u0103 focalizat\u0103 pentru mi\u0219care.<\/li>\n<\/ul>\n<h3>Caracteristici<\/h3>\n<ul>\n<li>Alimentare: trei baterii AAA\/LR03 (incluse) sau bateria re\u00eenc\u0103rcabil\u0103 CORE (disponibil\u0103 separat)<\/li>\n<li>Compatibil: baterii alcaline, litiu sau Ni-MH<\/li>\n<li>Putere luminoas\u0103: 250 lumeni (ANSI\/PLATO FL 1)<\/li>\n<li>Rezistent la ap\u0103: IPX4<\/li>\n<li>Certificare: CE<\/li>\n<li>Tip de fascicul: larg<\/li>\n<li>Greutate: 82g.<\/li>\n<\/ul>\n<p><em>Garan\u021bia oficial\u0103 a produc\u0103torului Petzl este de 5 ani.<\/em><\/p>\n<h3>Marca<\/h3>\n<p>PETZL este un brand de renume mondial care produce echipamente specializate pentru alpinism, speologie, escalad\u0103 \u0219i alpinism industrial. Compania a fost fondat\u0103 de Fernand Petzel, un om pasionat de speologie de o via\u021b\u0103 \u00eentreag\u0103. La mijlocul anilor 1970, pasiunea sa \u0219i afacerea de familie au crescut \u00een ceva mai mult. Fernand a \u00eenceput s\u0103 modifice dispozitivele existente folosite \u00een speologie \u0219i apoi s\u0103 inventeze unele complet noi.<\/p>\n<p>Gama de produse a companiei s-a extins pentru a include iluminatul, deoarece \u00een \u00eentunericul pe\u0219terilor acesta este unul dintre cele mai importante echipamente necesare. Dup\u0103 speologie, PETZL a dezvoltat echipamente pentru alpini\u0219ti, iar mai t\u00e2rziu pentru lucrul la \u00een\u0103l\u021bime.<\/p>\n<p>Misiunea PETZL este de a crea instrumente inovatoare care s\u0103 le permit\u0103 b\u0103rba\u021bilor \u0219i femeilor s\u0103 ating\u0103 noi \u00een\u0103l\u021bimi pe vertical\u0103 \u0219i s\u0103 lumineze calea \u00een \u00eentuneric. Compania se afl\u0103 \u00eentr-o c\u0103utare nesf\u00e2r\u0219it\u0103 a celei mai bune solu\u021bii \u00een toate domeniile de activitate. Performan\u021ba, ergonomia, confortul \u0219i, cel mai important, siguran\u021ba sunt cele mai importante criterii \u00een aceast\u0103 c\u0103utare. Accesul la ceea ce este inaccesibil sau &#171;atingerea a ceea ce este de neatins&#187; este motto-ul s\u0103u de lung\u0103 durat\u0103.<\/p>\n<p><\/p>\n<p><img decoding=\"async\" class=\"alignnone\" style=\"width: 100%;\" src=\"https:\/\/xstyle.md\/wp-content\/uploads\/2021\/01\/petzl_tikkina.jpg\" alt=\"\" \/><\/p>","protected":false},"excerpt":{"rendered":"<p>Lantern\u0103 frontal\u0103 Petzl Tikkina Red<\/p>","protected":false},"featured_media":19747,"comment_status":"open","ping_status":"closed","template":"","meta":{"_acf_changed":false,"inline_featured_image":false},"product_brand":[1270],"product_cat":[91],"product_tag":[],"class_list":{"0":"post-19749","1":"product","2":"type-product","3":"status-publish","4":"has-post-thumbnail","6":"product_brand-petzl","7":"product_cat-headlamps","9":"first","10":"instock","11":"shipping-taxable","12":"purchasable","13":"product-type-simple"},"acf":[],"yoast_head":"<!-- This site is optimized with the Yoast SEO plugin v27.2 - https:\/\/yoast.com\/product\/yoast-seo-wordpress\/ -->\n<title>\u0424\u043e\u043d\u0430\u0440\u044c \u043d\u0430\u043b\u043e\u0431\u043d\u044b\u0439 Petzl Tikkina Red - \u041c\u0430\u0433\u0430\u0437\u0438\u043d Xstyle<\/title>\n<meta name=\"description\" content=\"\u0424\u043e\u043d\u0430\u0440\u044c \u043d\u0430\u043b\u043e\u0431\u043d\u044b\u0439 Petzl Tikkina Red - \u043a\u043e\u043c\u043f\u0430\u043a\u0442\u043d\u044b\u0439 \u0438 \u043c\u043e\u0449\u043d\u044b\u0439, 200 \u043b\u043c, \u0438\u0434\u0435\u0430\u043b\u0435\u043d \u0434\u043b\u044f \u0430\u043a\u0442\u0438\u0432\u043d\u043e\u0433\u043e \u043e\u0442\u0434\u044b\u0445\u0430. \u0414\u043e\u043b\u0433\u043e\u0432\u0435\u0447\u043d\u043e\u0441\u0442\u044c \u0438 \u043d\u0430\u0434\u0435\u0436\u043d\u043e\u0441\u0442\u044c \u0432 \u043b\u044e\u0431\u044b\u0445 \u0443\u0441\u043b\u043e\u0432\u0438\u044f\u0445!\" \/>\n<meta name=\"robots\" content=\"index, follow, max-snippet:-1, max-image-preview:large, max-video-preview:-1\" \/>\n<link rel=\"canonical\" href=\"https:\/\/xstyle.md\/ro\/produs\/fonar-nalobnyj-petzl-tikkina-red\/\" \/>\n<meta property=\"og:locale\" content=\"ro_RO\" \/>\n<meta property=\"og:type\" content=\"article\" \/>\n<meta property=\"og:title\" content=\"\u0424\u043e\u043d\u0430\u0440\u044c \u043d\u0430\u043b\u043e\u0431\u043d\u044b\u0439 Petzl Tikkina Red - \u041c\u0430\u0433\u0430\u0437\u0438\u043d Xstyle\" \/>\n<meta property=\"og:description\" content=\"\u0424\u043e\u043d\u0430\u0440\u044c \u043d\u0430\u043b\u043e\u0431\u043d\u044b\u0439 Petzl Tikkina Red - \u043a\u043e\u043c\u043f\u0430\u043a\u0442\u043d\u044b\u0439 \u0438 \u043c\u043e\u0449\u043d\u044b\u0439, 200 \u043b\u043c, \u0438\u0434\u0435\u0430\u043b\u0435\u043d \u0434\u043b\u044f \u0430\u043a\u0442\u0438\u0432\u043d\u043e\u0433\u043e \u043e\u0442\u0434\u044b\u0445\u0430. \u0414\u043e\u043b\u0433\u043e\u0432\u0435\u0447\u043d\u043e\u0441\u0442\u044c \u0438 \u043d\u0430\u0434\u0435\u0436\u043d\u043e\u0441\u0442\u044c \u0432 \u043b\u044e\u0431\u044b\u0445 \u0443\u0441\u043b\u043e\u0432\u0438\u044f\u0445!\" \/>\n<meta property=\"og:url\" content=\"https:\/\/xstyle.md\/ro\/produs\/fonar-nalobnyj-petzl-tikkina-red\/\" \/>\n<meta property=\"og:site_name\" content=\"\u041c\u0430\u0433\u0430\u0437\u0438\u043d Xstyle\" \/>\n<meta property=\"article:publisher\" content=\"https:\/\/www.facebook.com\/xstylemd\" \/>\n<meta property=\"article:modified_time\" content=\"2024-11-23T22:55:54+00:00\" \/>\n<meta property=\"og:image\" content=\"https:\/\/xstyle.md\/wp-content\/uploads\/2020\/07\/tikkina__001.jpeg\" \/>\n\t<meta property=\"og:image:width\" content=\"900\" \/>\n\t<meta property=\"og:image:height\" content=\"438\" \/>\n\t<meta property=\"og:image:type\" content=\"image\/jpeg\" \/>\n<meta name=\"twitter:card\" content=\"summary_large_image\" \/>\n<meta name=\"twitter:label1\" content=\"Pre\u021b\" \/>\n\t<meta name=\"twitter:data1\" content=\"550&nbsp;MDL\" \/>\n\t<meta name=\"twitter:label2\" content=\"Disponibilitate\" \/>\n\t<meta name=\"twitter:data2\" content=\"\u00cen stoc\" \/>\n<script type=\"application\/ld+json\" class=\"yoast-schema-graph\">{\"@context\":\"https:\/\/schema.org\",\"@graph\":[{\"@type\":\"WebPage\",\"@id\":\"https:\/\/xstyle.md\/product\/fonar-nalobnyj-petzl-tikkina-red\/\",\"url\":\"https:\/\/xstyle.md\/product\/fonar-nalobnyj-petzl-tikkina-red\/\",\"name\":\"\u0424\u043e\u043d\u0430\u0440\u044c \u043d\u0430\u043b\u043e\u0431\u043d\u044b\u0439 Petzl Tikkina Red - \u041c\u0430\u0433\u0430\u0437\u0438\u043d Xstyle\",\"isPartOf\":{\"@id\":\"https:\/\/xstyle.md\/#website\"},\"primaryImageOfPage\":{\"@id\":\"https:\/\/xstyle.md\/product\/fonar-nalobnyj-petzl-tikkina-red\/#primaryimage\"},\"image\":{\"@id\":\"https:\/\/xstyle.md\/product\/fonar-nalobnyj-petzl-tikkina-red\/#primaryimage\"},\"thumbnailUrl\":\"https:\/\/xstyle.md\/wp-content\/uploads\/2020\/07\/tikkina__001.jpeg\",\"datePublished\":\"2020-07-18T14:13:03+00:00\",\"dateModified\":\"2024-11-23T22:55:54+00:00\",\"description\":\"\u0424\u043e\u043d\u0430\u0440\u044c \u043d\u0430\u043b\u043e\u0431\u043d\u044b\u0439 Petzl Tikkina Red - \u043a\u043e\u043c\u043f\u0430\u043a\u0442\u043d\u044b\u0439 \u0438 \u043c\u043e\u0449\u043d\u044b\u0439, 200 \u043b\u043c, \u0438\u0434\u0435\u0430\u043b\u0435\u043d \u0434\u043b\u044f \u0430\u043a\u0442\u0438\u0432\u043d\u043e\u0433\u043e \u043e\u0442\u0434\u044b\u0445\u0430. \u0414\u043e\u043b\u0433\u043e\u0432\u0435\u0447\u043d\u043e\u0441\u0442\u044c \u0438 \u043d\u0430\u0434\u0435\u0436\u043d\u043e\u0441\u0442\u044c \u0432 \u043b\u044e\u0431\u044b\u0445 \u0443\u0441\u043b\u043e\u0432\u0438\u044f\u0445!\",\"breadcrumb\":{\"@id\":\"https:\/\/xstyle.md\/product\/fonar-nalobnyj-petzl-tikkina-red\/#breadcrumb\"},\"inLanguage\":\"ro-RO\",\"potentialAction\":[{\"@type\":\"ReadAction\",\"target\":[\"https:\/\/xstyle.md\/product\/fonar-nalobnyj-petzl-tikkina-red\/\"]}]},{\"@type\":\"ImageObject\",\"inLanguage\":\"ro-RO\",\"@id\":\"https:\/\/xstyle.md\/product\/fonar-nalobnyj-petzl-tikkina-red\/#primaryimage\",\"url\":\"https:\/\/xstyle.md\/wp-content\/uploads\/2020\/07\/tikkina__001.jpeg\",\"contentUrl\":\"https:\/\/xstyle.md\/wp-content\/uploads\/2020\/07\/tikkina__001.jpeg\",\"width\":900,\"height\":438},{\"@type\":\"BreadcrumbList\",\"@id\":\"https:\/\/xstyle.md\/product\/fonar-nalobnyj-petzl-tikkina-red\/#breadcrumb\",\"itemListElement\":[{\"@type\":\"ListItem\",\"position\":1,\"name\":\"\u0413\u043b\u0430\u0432\u043d\u0430\u044f \u0441\u0442\u0440\u0430\u043d\u0438\u0446\u0430\",\"item\":\"https:\/\/xstyle.md\/\"},{\"@type\":\"ListItem\",\"position\":2,\"name\":\"\u041c\u0430\u0433\u0430\u0437\u0438\u043d\",\"item\":\"https:\/\/xstyle.md\/shop\/\"},{\"@type\":\"ListItem\",\"position\":3,\"name\":\"\u0424\u043e\u043d\u0430\u0440\u044c \u043d\u0430\u043b\u043e\u0431\u043d\u044b\u0439 Petzl Tikkina Red\"}]},{\"@type\":\"WebSite\",\"@id\":\"https:\/\/xstyle.md\/#website\",\"url\":\"https:\/\/xstyle.md\/\",\"name\":\"\u041c\u0430\u0433\u0430\u0437\u0438\u043d Xstyle\",\"description\":\"C\u043d\u0430\u0440\u044f\u0436\u0435\u043d\u0438\u0435 \u0434\u043b\u044f \u0442\u0443\u0440\u0438\u0437\u043c\u0430 \u0438 \u044d\u043a\u0441\u0442\u0440\u0435\u043c\u0430\u043b\u044c\u043d\u044b\u0445 \u0432\u0438\u0434\u043e\u0432 \u0441\u043f\u043e\u0440\u0442\u0430 \u0432 \u041c\u043e\u043b\u0434\u043e\u0432\u0435.. \u0426\u0435\u043d\u044b, \u0444\u043e\u0442\u043e, \u0445\u0430\u0440\u0430\u043a\u0442\u0435\u0440\u0438\u0441\u0442\u0438\u043a\u0438 \u0432 \u041c\u043e\u043b\u0434\u043e\u0432\u0435.\",\"publisher\":{\"@id\":\"https:\/\/xstyle.md\/#organization\"},\"alternateName\":\"X-Style\",\"potentialAction\":[{\"@type\":\"SearchAction\",\"target\":{\"@type\":\"EntryPoint\",\"urlTemplate\":\"https:\/\/xstyle.md\/?s={search_term_string}\"},\"query-input\":{\"@type\":\"PropertyValueSpecification\",\"valueRequired\":true,\"valueName\":\"search_term_string\"}}],\"inLanguage\":\"ro-RO\"},{\"@type\":\"Organization\",\"@id\":\"https:\/\/xstyle.md\/#organization\",\"name\":\"\u041c\u0430\u0433\u0430\u0437\u0438\u043d Xstyle\",\"alternateName\":\"x-style\",\"url\":\"https:\/\/xstyle.md\/\",\"logo\":{\"@type\":\"ImageObject\",\"inLanguage\":\"ro-RO\",\"@id\":\"https:\/\/xstyle.md\/#\/schema\/logo\/image\/\",\"url\":\"https:\/\/xstyle.md\/wp-content\/uploads\/2020\/06\/logoicon.svg\",\"contentUrl\":\"https:\/\/xstyle.md\/wp-content\/uploads\/2020\/06\/logoicon.svg\",\"caption\":\"\u041c\u0430\u0433\u0430\u0437\u0438\u043d Xstyle\"},\"image\":{\"@id\":\"https:\/\/xstyle.md\/#\/schema\/logo\/image\/\"},\"sameAs\":[\"https:\/\/www.facebook.com\/xstylemd\",\"https:\/\/www.instagram.com\/xstyle_md\/\",\"https:\/\/t.me\/xstyle_outdoor\"],\"hasMerchantReturnPolicy\":{\"@type\":\"MerchantReturnPolicy\",\"merchantReturnLink\":\"https:\/\/xstyle.md\/ro\/conditions\/\"}}]}<\/script>\n<meta property=\"product:price:amount\" content=\"550.00\" \/>\n<meta property=\"product:price:currency\" content=\"MDL\" \/>\n<meta property=\"og:availability\" content=\"instock\" \/>\n<meta property=\"product:availability\" content=\"instock\" \/>\n<meta property=\"product:retailer_item_id\" content=\"3342540827783\" \/>\n<meta property=\"product:condition\" content=\"new\" \/>\n<!-- \/ Yoast SEO plugin. -->","yoast_head_json":{"title":"Lantern\u0103 frontal\u0103 Petzl Tikkina Red - Magazin Xstyle","description":"Lanterna frontal\u0103 Petzl Tikkina Red - compact\u0103 \u0219i puternic\u0103, 200 lm, ideal\u0103 pentru timpul liber activ. Durabilitate \u0219i fiabilitate \u00een orice condi\u021bii!","robots":{"index":"index","follow":"follow","max-snippet":"max-snippet:-1","max-image-preview":"max-image-preview:large","max-video-preview":"max-video-preview:-1"},"canonical":"https:\/\/xstyle.md\/ro\/produs\/fonar-nalobnyj-petzl-tikkina-red\/","og_locale":"ro_RO","og_type":"article","og_title":"\u0424\u043e\u043d\u0430\u0440\u044c \u043d\u0430\u043b\u043e\u0431\u043d\u044b\u0439 Petzl Tikkina Red - \u041c\u0430\u0433\u0430\u0437\u0438\u043d Xstyle","og_description":"\u0424\u043e\u043d\u0430\u0440\u044c \u043d\u0430\u043b\u043e\u0431\u043d\u044b\u0439 Petzl Tikkina Red - \u043a\u043e\u043c\u043f\u0430\u043a\u0442\u043d\u044b\u0439 \u0438 \u043c\u043e\u0449\u043d\u044b\u0439, 200 \u043b\u043c, \u0438\u0434\u0435\u0430\u043b\u0435\u043d \u0434\u043b\u044f \u0430\u043a\u0442\u0438\u0432\u043d\u043e\u0433\u043e \u043e\u0442\u0434\u044b\u0445\u0430. \u0414\u043e\u043b\u0433\u043e\u0432\u0435\u0447\u043d\u043e\u0441\u0442\u044c \u0438 \u043d\u0430\u0434\u0435\u0436\u043d\u043e\u0441\u0442\u044c \u0432 \u043b\u044e\u0431\u044b\u0445 \u0443\u0441\u043b\u043e\u0432\u0438\u044f\u0445!","og_url":"https:\/\/xstyle.md\/ro\/produs\/fonar-nalobnyj-petzl-tikkina-red\/","og_site_name":"\u041c\u0430\u0433\u0430\u0437\u0438\u043d Xstyle","article_publisher":"https:\/\/www.facebook.com\/xstylemd","article_modified_time":"2024-11-23T22:55:54+00:00","og_image":[{"width":900,"height":438,"url":"https:\/\/xstyle.md\/wp-content\/uploads\/2020\/07\/tikkina__001.jpeg","type":"image\/jpeg"}],"twitter_card":"summary_large_image","twitter_misc":{"Pre\u021b":"550&nbsp;MDL","Disponibilitate":"\u00cen stoc"},"schema":{"@context":"https:\/\/schema.org","@graph":[{"@type":"WebPage","@id":"https:\/\/xstyle.md\/product\/fonar-nalobnyj-petzl-tikkina-red\/","url":"https:\/\/xstyle.md\/product\/fonar-nalobnyj-petzl-tikkina-red\/","name":"Lantern\u0103 frontal\u0103 Petzl Tikkina Red - Magazin Xstyle","isPartOf":{"@id":"https:\/\/xstyle.md\/#website"},"primaryImageOfPage":{"@id":"https:\/\/xstyle.md\/product\/fonar-nalobnyj-petzl-tikkina-red\/#primaryimage"},"image":{"@id":"https:\/\/xstyle.md\/product\/fonar-nalobnyj-petzl-tikkina-red\/#primaryimage"},"thumbnailUrl":"https:\/\/xstyle.md\/wp-content\/uploads\/2020\/07\/tikkina__001.jpeg","datePublished":"2020-07-18T14:13:03+00:00","dateModified":"2024-11-23T22:55:54+00:00","description":"Lanterna frontal\u0103 Petzl Tikkina Red - compact\u0103 \u0219i puternic\u0103, 200 lm, ideal\u0103 pentru timpul liber activ. Durabilitate \u0219i fiabilitate \u00een orice condi\u021bii!","breadcrumb":{"@id":"https:\/\/xstyle.md\/product\/fonar-nalobnyj-petzl-tikkina-red\/#breadcrumb"},"inLanguage":"ro-RO","potentialAction":[{"@type":"ReadAction","target":["https:\/\/xstyle.md\/product\/fonar-nalobnyj-petzl-tikkina-red\/"]}]},{"@type":"ImageObject","inLanguage":"ro-RO","@id":"https:\/\/xstyle.md\/product\/fonar-nalobnyj-petzl-tikkina-red\/#primaryimage","url":"https:\/\/xstyle.md\/wp-content\/uploads\/2020\/07\/tikkina__001.jpeg","contentUrl":"https:\/\/xstyle.md\/wp-content\/uploads\/2020\/07\/tikkina__001.jpeg","width":900,"height":438},{"@type":"BreadcrumbList","@id":"https:\/\/xstyle.md\/product\/fonar-nalobnyj-petzl-tikkina-red\/#breadcrumb","itemListElement":[{"@type":"ListItem","position":1,"name":"\u0413\u043b\u0430\u0432\u043d\u0430\u044f \u0441\u0442\u0440\u0430\u043d\u0438\u0446\u0430","item":"https:\/\/xstyle.md\/"},{"@type":"ListItem","position":2,"name":"\u041c\u0430\u0433\u0430\u0437\u0438\u043d","item":"https:\/\/xstyle.md\/shop\/"},{"@type":"ListItem","position":3,"name":"\u0424\u043e\u043d\u0430\u0440\u044c \u043d\u0430\u043b\u043e\u0431\u043d\u044b\u0439 Petzl Tikkina Red"}]},{"@type":"WebSite","@id":"https:\/\/xstyle.md\/#website","url":"https:\/\/xstyle.md\/","name":"Magazinul X-Style","description":"Echipamente pentru turism \u0219i sporturi extreme \u00een Moldova. Pre\u021buri, fotografii, caracteristici \u00een Moldova.","publisher":{"@id":"https:\/\/xstyle.md\/#organization"},"alternateName":"X-Style","potentialAction":[{"@type":"SearchAction","target":{"@type":"EntryPoint","urlTemplate":"https:\/\/xstyle.md\/?s={search_term_string}"},"query-input":{"@type":"PropertyValueSpecification","valueRequired":true,"valueName":"search_term_string"}}],"inLanguage":"ro-RO"},{"@type":"Organization","@id":"https:\/\/xstyle.md\/#organization","name":"Magazinul X-Style","alternateName":"x-style","url":"https:\/\/xstyle.md\/","logo":{"@type":"ImageObject","inLanguage":"ro-RO","@id":"https:\/\/xstyle.md\/#\/schema\/logo\/image\/","url":"https:\/\/xstyle.md\/wp-content\/uploads\/2020\/06\/logoicon.svg","contentUrl":"https:\/\/xstyle.md\/wp-content\/uploads\/2020\/06\/logoicon.svg","caption":"\u041c\u0430\u0433\u0430\u0437\u0438\u043d Xstyle"},"image":{"@id":"https:\/\/xstyle.md\/#\/schema\/logo\/image\/"},"sameAs":["https:\/\/www.facebook.com\/xstylemd","https:\/\/www.instagram.com\/xstyle_md\/","https:\/\/t.me\/xstyle_outdoor"],"hasMerchantReturnPolicy":{"@type":"MerchantReturnPolicy","merchantReturnLink":"https:\/\/xstyle.md\/ro\/conditions\/"}}]},"product_price_amount":"550.00","product_price_currency":"MDL","og_availability":"instock","product_availability":"instock","product_retailer_item_id":"3342540827783","product_condition":"new"},"post_mailing_queue_ids":[],"_links":{"self":[{"href":"https:\/\/xstyle.md\/ro\/wp-json\/wp\/v2\/product\/19749","targetHints":{"allow":["GET"]}}],"collection":[{"href":"https:\/\/xstyle.md\/ro\/wp-json\/wp\/v2\/product"}],"about":[{"href":"https:\/\/xstyle.md\/ro\/wp-json\/wp\/v2\/types\/product"}],"replies":[{"embeddable":true,"href":"https:\/\/xstyle.md\/ro\/wp-json\/wp\/v2\/comments?post=19749"}],"wp:featuredmedia":[{"embeddable":true,"href":"https:\/\/xstyle.md\/ro\/wp-json\/wp\/v2\/media\/19747"}],"wp:attachment":[{"href":"https:\/\/xstyle.md\/ro\/wp-json\/wp\/v2\/media?parent=19749"}],"wp:term":[{"taxonomy":"product_brand","embeddable":true,"href":"https:\/\/xstyle.md\/ro\/wp-json\/wp\/v2\/product_brand?post=19749"},{"taxonomy":"product_cat","embeddable":true,"href":"https:\/\/xstyle.md\/ro\/wp-json\/wp\/v2\/product_cat?post=19749"},{"taxonomy":"product_tag","embeddable":true,"href":"https:\/\/xstyle.md\/ro\/wp-json\/wp\/v2\/product_tag?post=19749"}],"curies":[{"name":"wp","href":"https:\/\/api.w.org\/{rel}","templated":true}]}}