{"id":19665,"date":"2020-07-18T17:10:15","date_gmt":"2020-07-18T14:10:15","guid":{"rendered":"https:\/\/xstyle.md\/product\/termokruzhka-zojirushi-sm-ta48-0-48l"},"modified":"2024-12-16T22:25:39","modified_gmt":"2024-12-16T19:25:39","slug":"termokruzhka-zojirushi-sm-ta48-0-48l","status":"publish","type":"product","link":"https:\/\/xstyle.md\/ro\/produs\/termokruzhka-zojirushi-sm-ta48-0-48l\/","title":{"rendered":"Can\u0103 termic\u0103 Zojirushi SM-TA48 0.48L"},"content":{"rendered":"<\/p>\n<p><strong>Can\u0103 termic\u0103 Zojirushi SM-TA48 0.48L &#8212; <\/strong>u\u0219oar\u0103, din o\u021bel inoxidabil, cu un volum de 480 ml cu un capac de plastic. U\u0219or de deschis cu o singur\u0103 atingere. V\u0103 permite s\u0103 p\u0103stra\u021bi b\u0103uturile calde sau reci mult timp.<\/p>\n<h3>Particularit\u0103\u021bi<\/h3>\n<ul>\n<li>Design elegant<\/li>\n<li>Izola\u021bia \u00een vid asigur\u0103 o p\u0103strare excelent\u0103 a temperaturii b\u0103uturii<\/li>\n<li>Deschidere cu o singur\u0103 atingere<\/li>\n<li>Buton de blocare suplimentar pentru a preveni deschiderea accidental\u0103 a c\u0103nii<\/li>\n<li>Can\u0103 din o\u021bel inoxidabil cu strat antiaderent \u00een interior pentru cur\u0103\u021barea u\u0219oar\u0103 a gr\u0103simii, a ceaiului \u0219i a cafelei.<\/li>\n<li>G\u00e2tul larg v\u0103 permite s\u0103 ad\u0103uga\u021bi cuburi de ghea\u021b\u0103 \u00een b\u0103uturile dumneavoastr\u0103, fiind u\u0219or de cur\u0103\u021bat.<\/li>\n<li>Margine din plastic pe g\u00e2t, pute\u021bi bea direct din cana termo f\u0103r\u0103 teama de a v\u0103 arde pe metal<\/li>\n<li>F\u0103r\u0103 BPA<\/li>\n<\/ul>\n<h3>Caracteristici<\/h3>\n<ul>\n<li>Volum &#8212; 0,480 litri<\/li>\n<li>Dimensiuni &#8212; 65 x 70 x 225 mm<\/li>\n<li>Material &#8212; o\u021bel inoxidabil 18\/8<\/li>\n<li>Greutate &#8212; 200 g<\/li>\n<\/ul>\n<h3>Regimul de temperatur\u0103<\/h3>\n<ul>\n<li>Eficien\u021ba de re\u021binere a c\u0103ldurii 1h\/6h (umple\u021bi apa la 95\u00b0C, testa\u021bi la 20\u00b0C): 87\/71 \u00b0\u0421<\/li>\n<li>Eficien\u021ba conserv\u0103rii la rece dup\u0103 6h (umplere cu ap\u0103 la 4 \u00b0C, testare la 20 \u00b0C): 8 \u00b0\u0421<\/li>\n<\/ul>\n<h3>Tehnologie<\/h3>\n<ul>\n<li>Strat de acoperire antiaderent\u0103 u\u0219or de cur\u0103\u021bat pe balon. Acoperire pe pere\u021bii interiori ai balonului. Un termos cu acest strat este mai pu\u021bin predispus la contaminare \u0219i mai u\u0219or de cur\u0103\u021bat. BPA este un compus chimic organic \u0219i este folosit pentru a face plastic, policarbonat \u0219i r\u0103\u0219in\u0103 epoxidic\u0103. De asemenea, aceast\u0103 substan\u021b\u0103 este ad\u0103ugat\u0103 \u00een produsele din plastic \u0219i \u00een conserve. Principalele propriet\u0103\u021bi ale bisfenolului-A sunt propriet\u0103\u021bile de \u00eent\u0103rire \u0219i antioxidante. BPA este capabil s\u0103 p\u0103trund\u0103 \u00een corpul uman nu numai cu ajutorul alimentelor \u0219i al apei, ci \u0219i prin piele \u0219i pl\u0103m\u00e2ni. Contactul prelungit al lichidelor \u0219i al alimentelor umede cu plasticul, care con\u021bine bisfenol-A, contribuie la eliberarea acestei substan\u021be \u00een alimente. \u00cenc\u0103lzirea unor astfel de recipiente accelereaz\u0103 \u00een mod semnificativ eliberarea de bisfenol-A. Aceast\u0103 can\u0103 termo este etichetat\u0103 bpa fre\u0435, ceea ce indic\u0103 faptul c\u0103 bisfenol-A nu a fost utilizat la fabricarea acestui recipient.<\/li>\n<\/ul>\n<p><\/p>","protected":false},"excerpt":{"rendered":"<p>Can\u0103 termic\u0103 Zojirushi SM-TA48 0.48L<\/p>","protected":false},"featured_media":79504,"comment_status":"open","ping_status":"closed","template":"","meta":{"_acf_changed":false,"inline_featured_image":false},"product_brand":[1377],"product_cat":[1171,874],"product_tag":[],"class_list":{"0":"post-19665","1":"product","2":"type-product","3":"status-publish","4":"has-post-thumbnail","6":"product_brand-zojirushi","7":"product_cat-sticle-si-cani-termice","8":"product_cat-thermo-mug","10":"first","11":"instock","12":"shipping-taxable","13":"purchasable","14":"product-type-simple"},"acf":[],"yoast_head":"<!-- This site is optimized with the Yoast SEO plugin v27.4 - https:\/\/yoast.com\/product\/yoast-seo-wordpress\/ -->\n<title>\u0422\u0435\u0440\u043c\u043e\u043a\u0440\u0443\u0436\u043a\u0430 Zojirushi SM-TA48 0.48L - \u041c\u0430\u0433\u0430\u0437\u0438\u043d Xstyle<\/title>\n<meta name=\"description\" content=\"\u0422\u0435\u0440\u043c\u043e\u043a\u0440\u0443\u0436\u043a\u0430 Zojirushi SM-TA48, 0.48L. \u041b\u0435\u0433\u043a\u0430\u044f, \u0438\u0437 \u043d\u0435\u0440\u0436\u0430\u0432\u0435\u044e\u0449\u0435\u0439 \u0441\u0442\u0430\u043b\u0438, \u0441\u043e\u0445\u0440\u0430\u043d\u044f\u0435\u0442 \u0442\u0435\u043f\u043b\u043e \u0438 \u0445\u043e\u043b\u043e\u0434. BPA-free, \u0441 \u044d\u043b\u0435\u0433\u0430\u043d\u0442\u043d\u044b\u043c \u0434\u0438\u0437\u0430\u0439\u043d\u043e\u043c \u0438 \u0438\u0437\u043e\u043b\u044f\u0446\u0438\u0435\u0439.\" \/>\n<meta name=\"robots\" content=\"index, follow, max-snippet:-1, max-image-preview:large, max-video-preview:-1\" \/>\n<link rel=\"canonical\" href=\"https:\/\/xstyle.md\/ro\/produs\/termokruzhka-zojirushi-sm-ta48-0-48l\/\" \/>\n<meta property=\"og:locale\" content=\"ro_RO\" \/>\n<meta property=\"og:type\" content=\"article\" \/>\n<meta property=\"og:title\" content=\"\u0422\u0435\u0440\u043c\u043e\u043a\u0440\u0443\u0436\u043a\u0430 Zojirushi SM-TA48 0.48L - \u041c\u0430\u0433\u0430\u0437\u0438\u043d Xstyle\" \/>\n<meta property=\"og:description\" content=\"\u0422\u0435\u0440\u043c\u043e\u043a\u0440\u0443\u0436\u043a\u0430 Zojirushi SM-TA48, 0.48L. \u041b\u0435\u0433\u043a\u0430\u044f, \u0438\u0437 \u043d\u0435\u0440\u0436\u0430\u0432\u0435\u044e\u0449\u0435\u0439 \u0441\u0442\u0430\u043b\u0438, \u0441\u043e\u0445\u0440\u0430\u043d\u044f\u0435\u0442 \u0442\u0435\u043f\u043b\u043e \u0438 \u0445\u043e\u043b\u043e\u0434. BPA-free, \u0441 \u044d\u043b\u0435\u0433\u0430\u043d\u0442\u043d\u044b\u043c \u0434\u0438\u0437\u0430\u0439\u043d\u043e\u043c \u0438 \u0438\u0437\u043e\u043b\u044f\u0446\u0438\u0435\u0439.\" \/>\n<meta property=\"og:url\" content=\"https:\/\/xstyle.md\/ro\/produs\/termokruzhka-zojirushi-sm-ta48-0-48l\/\" \/>\n<meta property=\"og:site_name\" content=\"\u041c\u0430\u0433\u0430\u0437\u0438\u043d Xstyle\" \/>\n<meta property=\"article:publisher\" content=\"https:\/\/www.facebook.com\/xstylemd\" \/>\n<meta property=\"article:modified_time\" content=\"2024-12-16T19:25:39+00:00\" \/>\n<meta property=\"og:image\" content=\"https:\/\/xstyle.md\/wp-content\/uploads\/2020\/07\/zojirushi-048-l-sm-ta48dm-gold.jpeg\" \/>\n\t<meta property=\"og:image:width\" content=\"600\" \/>\n\t<meta property=\"og:image:height\" content=\"600\" \/>\n\t<meta property=\"og:image:type\" content=\"image\/jpeg\" \/>\n<meta name=\"twitter:card\" content=\"summary_large_image\" \/>\n<meta name=\"twitter:label1\" content=\"Pre\u021b\" \/>\n\t<meta name=\"twitter:data1\" content=\"990&nbsp;MDL\" \/>\n\t<meta name=\"twitter:label2\" content=\"Disponibilitate\" \/>\n\t<meta name=\"twitter:data2\" content=\"\u00cen stoc\" \/>\n<script type=\"application\/ld+json\" class=\"yoast-schema-graph\">{\"@context\":\"https:\\\/\\\/schema.org\",\"@graph\":[{\"@type\":\"WebPage\",\"@id\":\"https:\\\/\\\/xstyle.md\\\/product\\\/termokruzhka-zojirushi-sm-ta48-0-48l\\\/\",\"url\":\"https:\\\/\\\/xstyle.md\\\/product\\\/termokruzhka-zojirushi-sm-ta48-0-48l\\\/\",\"name\":\"\u0422\u0435\u0440\u043c\u043e\u043a\u0440\u0443\u0436\u043a\u0430 Zojirushi SM-TA48 0.48L - \u041c\u0430\u0433\u0430\u0437\u0438\u043d Xstyle\",\"isPartOf\":{\"@id\":\"https:\\\/\\\/xstyle.md\\\/#website\"},\"primaryImageOfPage\":{\"@id\":\"https:\\\/\\\/xstyle.md\\\/product\\\/termokruzhka-zojirushi-sm-ta48-0-48l\\\/#primaryimage\"},\"image\":{\"@id\":\"https:\\\/\\\/xstyle.md\\\/product\\\/termokruzhka-zojirushi-sm-ta48-0-48l\\\/#primaryimage\"},\"thumbnailUrl\":\"https:\\\/\\\/xstyle.md\\\/wp-content\\\/uploads\\\/2020\\\/07\\\/zojirushi-048-l-sm-ta48dm-gold.jpeg\",\"datePublished\":\"2020-07-18T14:10:15+00:00\",\"dateModified\":\"2024-12-16T19:25:39+00:00\",\"description\":\"\u0422\u0435\u0440\u043c\u043e\u043a\u0440\u0443\u0436\u043a\u0430 Zojirushi SM-TA48, 0.48L. \u041b\u0435\u0433\u043a\u0430\u044f, \u0438\u0437 \u043d\u0435\u0440\u0436\u0430\u0432\u0435\u044e\u0449\u0435\u0439 \u0441\u0442\u0430\u043b\u0438, \u0441\u043e\u0445\u0440\u0430\u043d\u044f\u0435\u0442 \u0442\u0435\u043f\u043b\u043e \u0438 \u0445\u043e\u043b\u043e\u0434. BPA-free, \u0441 \u044d\u043b\u0435\u0433\u0430\u043d\u0442\u043d\u044b\u043c \u0434\u0438\u0437\u0430\u0439\u043d\u043e\u043c \u0438 \u0438\u0437\u043e\u043b\u044f\u0446\u0438\u0435\u0439.\",\"breadcrumb\":{\"@id\":\"https:\\\/\\\/xstyle.md\\\/product\\\/termokruzhka-zojirushi-sm-ta48-0-48l\\\/#breadcrumb\"},\"inLanguage\":\"ro-RO\",\"potentialAction\":[{\"@type\":\"ReadAction\",\"target\":[\"https:\\\/\\\/xstyle.md\\\/product\\\/termokruzhka-zojirushi-sm-ta48-0-48l\\\/\"]}]},{\"@type\":\"ImageObject\",\"inLanguage\":\"ro-RO\",\"@id\":\"https:\\\/\\\/xstyle.md\\\/product\\\/termokruzhka-zojirushi-sm-ta48-0-48l\\\/#primaryimage\",\"url\":\"https:\\\/\\\/xstyle.md\\\/wp-content\\\/uploads\\\/2020\\\/07\\\/zojirushi-048-l-sm-ta48dm-gold.jpeg\",\"contentUrl\":\"https:\\\/\\\/xstyle.md\\\/wp-content\\\/uploads\\\/2020\\\/07\\\/zojirushi-048-l-sm-ta48dm-gold.jpeg\",\"width\":600,\"height\":600,\"caption\":\"\u0422\u0435\u0440\u043c\u043e\u043a\u0440\u0443\u0436\u043a\u0430 Zojirushi SM-TA48 0.48\u041b \u0434\u043b\u044f \u0430\u043a\u0442\u0438\u0432\u043d\u043e\u0433\u043e \u043e\u0442\u0434\u044b\u0445\u0430, \u0442\u0443\u0440\u0438\u0441\u0442\u0438\u0447\u0435\u0441\u043a\u043e\u0439 \u043e\u0434\u0435\u0436\u0434\u044b \u0438 \u043e\u0431\u0443\u0432\u0438, \u043f\u043e\u0445\u043e\u0434\u043e\u0432, \u0433\u043e\u0440\u043d\u043e\u0433\u043e \u0442\u0443\u0440\u0438\u0437\u043c\u0430 \u0438 \u043f\u0443\u0442\u0435\u0448\u0435\u0441\u0442\u0432\u0438\u0439 \u0432 \u0438\u043d\u0442\u0435\u0440\u043d\u0435\u0442-\u043c\u0430\u0433\u0430\u0437\u0438\u043d\u0435\"},{\"@type\":\"BreadcrumbList\",\"@id\":\"https:\\\/\\\/xstyle.md\\\/product\\\/termokruzhka-zojirushi-sm-ta48-0-48l\\\/#breadcrumb\",\"itemListElement\":[{\"@type\":\"ListItem\",\"position\":1,\"name\":\"\u0413\u043b\u0430\u0432\u043d\u0430\u044f \u0441\u0442\u0440\u0430\u043d\u0438\u0446\u0430\",\"item\":\"https:\\\/\\\/xstyle.md\\\/\"},{\"@type\":\"ListItem\",\"position\":2,\"name\":\"\u041c\u0430\u0433\u0430\u0437\u0438\u043d\",\"item\":\"https:\\\/\\\/xstyle.md\\\/shop\\\/\"},{\"@type\":\"ListItem\",\"position\":3,\"name\":\"\u0422\u0435\u0440\u043c\u043e\u043a\u0440\u0443\u0436\u043a\u0430 Zojirushi SM-TA48 0.48L\"}]},{\"@type\":\"WebSite\",\"@id\":\"https:\\\/\\\/xstyle.md\\\/#website\",\"url\":\"https:\\\/\\\/xstyle.md\\\/\",\"name\":\"\u041c\u0430\u0433\u0430\u0437\u0438\u043d Xstyle\",\"description\":\"C\u043d\u0430\u0440\u044f\u0436\u0435\u043d\u0438\u0435 \u0434\u043b\u044f \u0442\u0443\u0440\u0438\u0437\u043c\u0430 \u0438 \u044d\u043a\u0441\u0442\u0440\u0435\u043c\u0430\u043b\u044c\u043d\u044b\u0445 \u0432\u0438\u0434\u043e\u0432 \u0441\u043f\u043e\u0440\u0442\u0430 \u0432 \u041c\u043e\u043b\u0434\u043e\u0432\u0435.. \u0426\u0435\u043d\u044b, \u0444\u043e\u0442\u043e, \u0445\u0430\u0440\u0430\u043a\u0442\u0435\u0440\u0438\u0441\u0442\u0438\u043a\u0438 \u0432 \u041c\u043e\u043b\u0434\u043e\u0432\u0435.\",\"publisher\":{\"@id\":\"https:\\\/\\\/xstyle.md\\\/#organization\"},\"alternateName\":\"X-Style\",\"potentialAction\":[{\"@type\":\"SearchAction\",\"target\":{\"@type\":\"EntryPoint\",\"urlTemplate\":\"https:\\\/\\\/xstyle.md\\\/?s={search_term_string}\"},\"query-input\":{\"@type\":\"PropertyValueSpecification\",\"valueRequired\":true,\"valueName\":\"search_term_string\"}}],\"inLanguage\":\"ro-RO\"},{\"@type\":\"Organization\",\"@id\":\"https:\\\/\\\/xstyle.md\\\/#organization\",\"name\":\"\u041c\u0430\u0433\u0430\u0437\u0438\u043d Xstyle\",\"alternateName\":\"x-style\",\"url\":\"https:\\\/\\\/xstyle.md\\\/\",\"logo\":{\"@type\":\"ImageObject\",\"inLanguage\":\"ro-RO\",\"@id\":\"https:\\\/\\\/xstyle.md\\\/#\\\/schema\\\/logo\\\/image\\\/\",\"url\":\"https:\\\/\\\/xstyle.md\\\/wp-content\\\/uploads\\\/2020\\\/06\\\/logoicon.svg\",\"contentUrl\":\"https:\\\/\\\/xstyle.md\\\/wp-content\\\/uploads\\\/2020\\\/06\\\/logoicon.svg\",\"caption\":\"\u041c\u0430\u0433\u0430\u0437\u0438\u043d Xstyle\"},\"image\":{\"@id\":\"https:\\\/\\\/xstyle.md\\\/#\\\/schema\\\/logo\\\/image\\\/\"},\"sameAs\":[\"https:\\\/\\\/www.facebook.com\\\/xstylemd\",\"https:\\\/\\\/www.instagram.com\\\/xstyle_md\\\/\",\"https:\\\/\\\/t.me\\\/xstyle_outdoor\"],\"hasMerchantReturnPolicy\":{\"@type\":\"MerchantReturnPolicy\",\"merchantReturnLink\":\"https:\\\/\\\/xstyle.md\\\/ro\\\/conditions\\\/\"}}]}<\/script>\n<meta property=\"product:price:amount\" content=\"990.00\" \/>\n<meta property=\"product:price:currency\" content=\"MDL\" \/>\n<meta property=\"og:availability\" content=\"instock\" \/>\n<meta property=\"product:availability\" content=\"instock\" \/>\n<meta property=\"product:retailer_item_id\" content=\"4974305216229\" \/>\n<meta property=\"product:condition\" content=\"new\" \/>\n<!-- \/ Yoast SEO plugin. -->","yoast_head_json":{"title":"Can\u0103 termic\u0103 Zojirushi SM-TA48 0.48L - Magazin Xstyle","description":"Termos Zojirushi SM-TA48, 0.48L. U\u0219or, din o\u021bel inoxidabil, p\u0103streaz\u0103 c\u0103ldura \u0219i frigul. F\u0103r\u0103 BPA, cu un design elegant \u0219i izola\u021bie.","robots":{"index":"index","follow":"follow","max-snippet":"max-snippet:-1","max-image-preview":"max-image-preview:large","max-video-preview":"max-video-preview:-1"},"canonical":"https:\/\/xstyle.md\/ro\/produs\/termokruzhka-zojirushi-sm-ta48-0-48l\/","og_locale":"ro_RO","og_type":"article","og_title":"\u0422\u0435\u0440\u043c\u043e\u043a\u0440\u0443\u0436\u043a\u0430 Zojirushi SM-TA48 0.48L - \u041c\u0430\u0433\u0430\u0437\u0438\u043d Xstyle","og_description":"\u0422\u0435\u0440\u043c\u043e\u043a\u0440\u0443\u0436\u043a\u0430 Zojirushi SM-TA48, 0.48L. \u041b\u0435\u0433\u043a\u0430\u044f, \u0438\u0437 \u043d\u0435\u0440\u0436\u0430\u0432\u0435\u044e\u0449\u0435\u0439 \u0441\u0442\u0430\u043b\u0438, \u0441\u043e\u0445\u0440\u0430\u043d\u044f\u0435\u0442 \u0442\u0435\u043f\u043b\u043e \u0438 \u0445\u043e\u043b\u043e\u0434. BPA-free, \u0441 \u044d\u043b\u0435\u0433\u0430\u043d\u0442\u043d\u044b\u043c \u0434\u0438\u0437\u0430\u0439\u043d\u043e\u043c \u0438 \u0438\u0437\u043e\u043b\u044f\u0446\u0438\u0435\u0439.","og_url":"https:\/\/xstyle.md\/ro\/produs\/termokruzhka-zojirushi-sm-ta48-0-48l\/","og_site_name":"\u041c\u0430\u0433\u0430\u0437\u0438\u043d Xstyle","article_publisher":"https:\/\/www.facebook.com\/xstylemd","article_modified_time":"2024-12-16T19:25:39+00:00","og_image":[{"width":600,"height":600,"url":"https:\/\/xstyle.md\/wp-content\/uploads\/2020\/07\/zojirushi-048-l-sm-ta48dm-gold.jpeg","type":"image\/jpeg"}],"twitter_card":"summary_large_image","twitter_misc":{"Pre\u021b":"990&nbsp;MDL","Disponibilitate":"\u00cen stoc"},"schema":{"@context":"https:\/\/schema.org","@graph":[{"@type":"WebPage","@id":"https:\/\/xstyle.md\/product\/termokruzhka-zojirushi-sm-ta48-0-48l\/","url":"https:\/\/xstyle.md\/product\/termokruzhka-zojirushi-sm-ta48-0-48l\/","name":"Can\u0103 termic\u0103 Zojirushi SM-TA48 0.48L - Magazin Xstyle","isPartOf":{"@id":"https:\/\/xstyle.md\/#website"},"primaryImageOfPage":{"@id":"https:\/\/xstyle.md\/product\/termokruzhka-zojirushi-sm-ta48-0-48l\/#primaryimage"},"image":{"@id":"https:\/\/xstyle.md\/product\/termokruzhka-zojirushi-sm-ta48-0-48l\/#primaryimage"},"thumbnailUrl":"https:\/\/xstyle.md\/wp-content\/uploads\/2020\/07\/zojirushi-048-l-sm-ta48dm-gold.jpeg","datePublished":"2020-07-18T14:10:15+00:00","dateModified":"2024-12-16T19:25:39+00:00","description":"Termos Zojirushi SM-TA48, 0.48L. U\u0219or, din o\u021bel inoxidabil, p\u0103streaz\u0103 c\u0103ldura \u0219i frigul. F\u0103r\u0103 BPA, cu un design elegant \u0219i izola\u021bie.","breadcrumb":{"@id":"https:\/\/xstyle.md\/product\/termokruzhka-zojirushi-sm-ta48-0-48l\/#breadcrumb"},"inLanguage":"ro-RO","potentialAction":[{"@type":"ReadAction","target":["https:\/\/xstyle.md\/product\/termokruzhka-zojirushi-sm-ta48-0-48l\/"]}]},{"@type":"ImageObject","inLanguage":"ro-RO","@id":"https:\/\/xstyle.md\/product\/termokruzhka-zojirushi-sm-ta48-0-48l\/#primaryimage","url":"https:\/\/xstyle.md\/wp-content\/uploads\/2020\/07\/zojirushi-048-l-sm-ta48dm-gold.jpeg","contentUrl":"https:\/\/xstyle.md\/wp-content\/uploads\/2020\/07\/zojirushi-048-l-sm-ta48dm-gold.jpeg","width":600,"height":600,"caption":"\u0422\u0435\u0440\u043c\u043e\u043a\u0440\u0443\u0436\u043a\u0430 Zojirushi SM-TA48 0.48\u041b \u0434\u043b\u044f \u0430\u043a\u0442\u0438\u0432\u043d\u043e\u0433\u043e \u043e\u0442\u0434\u044b\u0445\u0430, \u0442\u0443\u0440\u0438\u0441\u0442\u0438\u0447\u0435\u0441\u043a\u043e\u0439 \u043e\u0434\u0435\u0436\u0434\u044b \u0438 \u043e\u0431\u0443\u0432\u0438, \u043f\u043e\u0445\u043e\u0434\u043e\u0432, \u0433\u043e\u0440\u043d\u043e\u0433\u043e \u0442\u0443\u0440\u0438\u0437\u043c\u0430 \u0438 \u043f\u0443\u0442\u0435\u0448\u0435\u0441\u0442\u0432\u0438\u0439 \u0432 \u0438\u043d\u0442\u0435\u0440\u043d\u0435\u0442-\u043c\u0430\u0433\u0430\u0437\u0438\u043d\u0435"},{"@type":"BreadcrumbList","@id":"https:\/\/xstyle.md\/product\/termokruzhka-zojirushi-sm-ta48-0-48l\/#breadcrumb","itemListElement":[{"@type":"ListItem","position":1,"name":"\u0413\u043b\u0430\u0432\u043d\u0430\u044f \u0441\u0442\u0440\u0430\u043d\u0438\u0446\u0430","item":"https:\/\/xstyle.md\/"},{"@type":"ListItem","position":2,"name":"\u041c\u0430\u0433\u0430\u0437\u0438\u043d","item":"https:\/\/xstyle.md\/shop\/"},{"@type":"ListItem","position":3,"name":"\u0422\u0435\u0440\u043c\u043e\u043a\u0440\u0443\u0436\u043a\u0430 Zojirushi SM-TA48 0.48L"}]},{"@type":"WebSite","@id":"https:\/\/xstyle.md\/#website","url":"https:\/\/xstyle.md\/","name":"Magazinul X-Style","description":"Echipamente pentru turism \u0219i sporturi extreme \u00een Moldova. Pre\u021buri, fotografii, caracteristici \u00een Moldova.","publisher":{"@id":"https:\/\/xstyle.md\/#organization"},"alternateName":"X-Style","potentialAction":[{"@type":"SearchAction","target":{"@type":"EntryPoint","urlTemplate":"https:\/\/xstyle.md\/?s={search_term_string}"},"query-input":{"@type":"PropertyValueSpecification","valueRequired":true,"valueName":"search_term_string"}}],"inLanguage":"ro-RO"},{"@type":"Organization","@id":"https:\/\/xstyle.md\/#organization","name":"Magazinul X-Style","alternateName":"x-style","url":"https:\/\/xstyle.md\/","logo":{"@type":"ImageObject","inLanguage":"ro-RO","@id":"https:\/\/xstyle.md\/#\/schema\/logo\/image\/","url":"https:\/\/xstyle.md\/wp-content\/uploads\/2020\/06\/logoicon.svg","contentUrl":"https:\/\/xstyle.md\/wp-content\/uploads\/2020\/06\/logoicon.svg","caption":"\u041c\u0430\u0433\u0430\u0437\u0438\u043d Xstyle"},"image":{"@id":"https:\/\/xstyle.md\/#\/schema\/logo\/image\/"},"sameAs":["https:\/\/www.facebook.com\/xstylemd","https:\/\/www.instagram.com\/xstyle_md\/","https:\/\/t.me\/xstyle_outdoor"],"hasMerchantReturnPolicy":{"@type":"MerchantReturnPolicy","merchantReturnLink":"https:\/\/xstyle.md\/ro\/conditions\/"}}]},"product_price_amount":"990.00","product_price_currency":"MDL","og_availability":"instock","product_availability":"instock","product_retailer_item_id":"4974305216229","product_condition":"new"},"post_mailing_queue_ids":[],"_links":{"self":[{"href":"https:\/\/xstyle.md\/ro\/wp-json\/wp\/v2\/product\/19665","targetHints":{"allow":["GET"]}}],"collection":[{"href":"https:\/\/xstyle.md\/ro\/wp-json\/wp\/v2\/product"}],"about":[{"href":"https:\/\/xstyle.md\/ro\/wp-json\/wp\/v2\/types\/product"}],"replies":[{"embeddable":true,"href":"https:\/\/xstyle.md\/ro\/wp-json\/wp\/v2\/comments?post=19665"}],"wp:featuredmedia":[{"embeddable":true,"href":"https:\/\/xstyle.md\/ro\/wp-json\/wp\/v2\/media\/79504"}],"wp:attachment":[{"href":"https:\/\/xstyle.md\/ro\/wp-json\/wp\/v2\/media?parent=19665"}],"wp:term":[{"taxonomy":"product_brand","embeddable":true,"href":"https:\/\/xstyle.md\/ro\/wp-json\/wp\/v2\/product_brand?post=19665"},{"taxonomy":"product_cat","embeddable":true,"href":"https:\/\/xstyle.md\/ro\/wp-json\/wp\/v2\/product_cat?post=19665"},{"taxonomy":"product_tag","embeddable":true,"href":"https:\/\/xstyle.md\/ro\/wp-json\/wp\/v2\/product_tag?post=19665"}],"curies":[{"name":"wp","href":"https:\/\/api.w.org\/{rel}","templated":true}]}}