{"id":19655,"date":"2020-07-18T17:10:05","date_gmt":"2020-07-18T14:10:05","guid":{"rendered":"https:\/\/xstyle.md\/product\/termoshtany-smartwool-men-s-nts-mid-200"},"modified":"2026-03-19T16:38:11","modified_gmt":"2026-03-19T13:38:11","slug":"smartwool-nts-mid-200-boot-top-mns-black","status":"publish","type":"product","link":"https:\/\/xstyle.md\/ro\/produs\/smartwool-nts-mid-200-boot-top-mns-black\/","title":{"rendered":"Pantaloni termici Smartwool NTS Mid 250 Boot Top Mns Black"},"content":{"rendered":"<\/p>\n<p>Pantaloni termici pentru b\u0103rba\u021bi <strong>Smartwool NTS Mid 250 Boot Top Black<\/strong> \u2013 au o structur\u0103 dens\u0103 din material elastic \u0219i confortabil \u00eembr\u0103\u021bi\u0219eaz\u0103 silueta.<\/p>\n<p>L\u00e2na fin\u0103 merinos re\u021bine c\u0103ldura \u0219i elimin\u0103 bine excesul de umiditate de la suprafa\u021ba pielii, cre\u00e2nd o c\u0103ldur\u0103 \u0219i o usc\u0103ciune pl\u0103cut\u0103 \u00een orice \u00eenghe\u021b. Materialul moale, elastic, respirabil, protejeaz\u0103 nu numai de frig, ci \u0219i de supra\u00eenc\u0103lzire.<\/p>\n<p>Pantalonii sunt deosebit de moi, invizibili sub haine, nu irita deloc pielea \u0219i sunt potrivi\u021bi persoanelor cu tendin\u021ba la alergii. Se potrive\u0219te confortabil, cu o band\u0103 elastic\u0103, ace\u0219ti pantaloni termici \u00ee\u021bi vor oferi o senza\u021bie uimitoare de confort, c\u0103ldur\u0103 \u0219i usc\u0103ciune.<\/p>\n<p>Ace\u0219ti pantaloni practici pentru b\u0103rba\u021bi te vor \u021bine \u00een cald chiar si pe vreme foarte rece dac\u0103 \u00eei por\u021bi ca lenjerie termic\u0103, iar \u00een timpul antrenamentelor sportive intensive i\u021bi vor men\u021bine pielea calduroas\u0103 \u0219i uscat\u0103. Fire dense \u0219i calde din l\u00e2n\u0103 natural\u0103 L\u00e2na Merinos nu absoarbe umezeala \u0219i nu irit\u0103 pielea. Este bine aerisit \u0219i nu absoarbe mirosurile nepl\u0103cute.<\/p>\n<h3>Particularit\u0103\u021bi:<\/h3>\n<ul>\n<li>P\u0103streaz\u0103 r\u0103coarea \u0219i prospe\u021bimea (respirabil);<\/li>\n<li>Cus\u0103turi plate durabile, care nu zg\u00e2rie;<\/li>\n<li>Urm\u0103re\u0219te conturul corpului pe c\u00e2t posibil;<\/li>\n<li>Poate fi purtat pe tot parcursul anului;<\/li>\n<li>C\u0103ldur\u0103 confortabil\u0103 \u0219i usc\u0103ciune;<\/li>\n<li>Confortabili, pl\u0103cu\u021bi la atingere;<\/li>\n<li>Croial\u0103 anatomic\u0103;<\/li>\n<li>Band\u0103 elastic\u0103 \u00een talie;<\/li>\n<li>Se usuc\u0103 rapid.<\/li>\n<\/ul>\n<h3>Caracteristici:<\/h3>\n<ul>\n<li>Sezon &#8212; toamn\u0103\/iarn\u0103;<\/li>\n<li>Compozi\u021bie &#8212; 100% L\u00e2n\u0103 Merinos;<\/li>\n<li>Aplicare &#8212; \u00een aer liber\/drume\u021bii\/schi\/schi de turism\/snowboarding;<\/li>\n<li>Model &#8212; pentru b\u0103rba\u021bi.<\/li>\n<\/ul>\n<h3><strong>Tehnologie<\/strong><strong>:<\/strong><\/h3>\n<ul>\n<li><strong>L\u00e2n\u0103 Merino<\/strong> &#8212; este l\u00e2na oilor merinos din Australia care are caracteristici unice. Material natural, foarte moale, al c\u0103rui centru de fibre este higroscopic. Un astfel de material se va \u00eenc\u0103lzi chiar \u0219i atunci c\u00e2nd este umed \u0219i izoleaz\u0103 umiditatea de pe piele. Aceast\u0103 tehnologie v\u0103 va ajuta s\u0103 rezista\u021bi chiar \u0219i la temperaturi foarte sc\u0103zute. Datorit\u0103 lungimii mari (65-100 mm) \u0219i a diametrului mic (mai pu\u021bin de 24 de microni), firul este foarte sub\u021bire, iar materialul \u00een sine are o termoreglare excelent\u0103 cu \u00eendepartarea transpira\u021biei, ceea ce permite pielii s\u0103 respire.<\/li>\n<li><strong>Mid 250<\/strong> &#8212; o serie de cele mai calduroase lenjerii de corp. Folosite ca strat de baz\u0103 pe vreme rece.<\/li>\n<\/ul>\n<p><\/p>\n<h3><strong>Marca<\/strong><\/h3>\n<p>Smartwool - este un brand american care a devenit un etalon mondial \u00een produc\u021bia de \u00eembr\u0103c\u0103minte \u0219i accesorii din l\u00e2n\u0103 merino de \u00eenalt\u0103 calitate. Compania a revolu\u021bionat pia\u021ba demonstr\u00e2nd c\u0103 l\u00e2na poate fi incredibil de moale, nu provoac\u0103 m\u00e2nc\u0103rimi \u0219i este ideal\u0103 pentru sport: elimin\u0103 eficient umiditatea, regleaz\u0103 temperatura corpului \u0219i previne natural apari\u021bia mirosurilor nepl\u0103cute. \u0218osetele \u0219i lenjeria termic\u0103 Smartwool sunt apreciate de drume\u021bi \u0219i schiori din \u00eentreaga lume pentru confortul lor de neegalat \u0219i durabilitate.<\/p>","protected":false},"excerpt":{"rendered":"<p>Pantaloni termici Smartwool NTS Mid 250 Boot Top Mns Black<\/p>","protected":false},"featured_media":19654,"comment_status":"open","ping_status":"closed","template":"","meta":{"_acf_changed":false,"inline_featured_image":false},"product_brand":[1352],"product_cat":[288],"product_tag":[],"class_list":{"0":"post-19655","1":"product","2":"type-product","3":"status-publish","4":"has-post-thumbnail","6":"product_brand-smartwool","7":"product_cat-thermals-barbati","9":"first","10":"instock","11":"shipping-taxable","12":"purchasable","13":"product-type-simple"},"acf":[],"yoast_head":"<!-- This site is optimized with the Yoast SEO plugin v27.4 - https:\/\/yoast.com\/product\/yoast-seo-wordpress\/ -->\n<title>\u0422\u0435\u0440\u043c\u043e\u0448\u0442\u0430\u043d\u044b Smartwool NTS Mid 250 Boot Top Mns black - \u041c\u0430\u0433\u0430\u0437\u0438\u043d Xstyle<\/title>\n<meta name=\"description\" content=\"\u0422\u0435\u0440\u043c\u043e\u0448\u0442\u0430\u043d\u044b Smartwool NTS Mid 250 Boot Top Mns black - \u0438\u0434\u0435\u0430\u043b\u044c\u043d\u044b\u0435 \u0434\u043b\u044f \u0437\u0438\u043c\u044b. \u041c\u0435\u0440\u0438\u043d\u043e\u0441\u043e\u0432\u0430\u044f \u0448\u0435\u0440\u0441\u0442\u044c \u043f\u043e\u0437\u0430\u0431\u043e\u0442\u0438\u0442\u0441\u044f \u043e \u0442\u0435\u043f\u043b\u0435 \u0438 \u043a\u043e\u043c\u0444\u043e\u0440\u0442\u0435, \u043e\u0441\u0442\u0430\u0432\u043b\u044f\u044f \u043a\u043e\u0436\u0443 \u0441\u0443\u0445\u043e\u0439.\" \/>\n<meta name=\"robots\" content=\"index, follow, max-snippet:-1, max-image-preview:large, max-video-preview:-1\" \/>\n<link rel=\"canonical\" href=\"https:\/\/xstyle.md\/ro\/produs\/smartwool-nts-mid-200-boot-top-mns-black\/\" \/>\n<meta property=\"og:locale\" content=\"ro_RO\" \/>\n<meta property=\"og:type\" content=\"article\" \/>\n<meta property=\"og:title\" content=\"\u0422\u0435\u0440\u043c\u043e\u0448\u0442\u0430\u043d\u044b Smartwool NTS Mid 250 Boot Top Mns black - \u041c\u0430\u0433\u0430\u0437\u0438\u043d Xstyle\" \/>\n<meta property=\"og:description\" content=\"\u0422\u0435\u0440\u043c\u043e\u0448\u0442\u0430\u043d\u044b Smartwool NTS Mid 250 Boot Top Mns black - \u0438\u0434\u0435\u0430\u043b\u044c\u043d\u044b\u0435 \u0434\u043b\u044f \u0437\u0438\u043c\u044b. \u041c\u0435\u0440\u0438\u043d\u043e\u0441\u043e\u0432\u0430\u044f \u0448\u0435\u0440\u0441\u0442\u044c \u043f\u043e\u0437\u0430\u0431\u043e\u0442\u0438\u0442\u0441\u044f \u043e \u0442\u0435\u043f\u043b\u0435 \u0438 \u043a\u043e\u043c\u0444\u043e\u0440\u0442\u0435, \u043e\u0441\u0442\u0430\u0432\u043b\u044f\u044f \u043a\u043e\u0436\u0443 \u0441\u0443\u0445\u043e\u0439.\" \/>\n<meta property=\"og:url\" content=\"https:\/\/xstyle.md\/ro\/produs\/smartwool-nts-mid-200-boot-top-mns-black\/\" \/>\n<meta property=\"og:site_name\" content=\"\u041c\u0430\u0433\u0430\u0437\u0438\u043d Xstyle\" \/>\n<meta property=\"article:publisher\" content=\"https:\/\/www.facebook.com\/xstylemd\" \/>\n<meta property=\"article:modified_time\" content=\"2026-03-19T13:38:11+00:00\" \/>\n<meta property=\"og:image\" content=\"https:\/\/xstyle.md\/wp-content\/uploads\/2020\/07\/sw0np660001-1-p_tfzwrug-940x940_1_1.jpg\" \/>\n\t<meta property=\"og:image:width\" content=\"201\" \/>\n\t<meta property=\"og:image:height\" content=\"295\" \/>\n\t<meta property=\"og:image:type\" content=\"image\/jpeg\" \/>\n<meta name=\"twitter:card\" content=\"summary_large_image\" \/>\n<meta name=\"twitter:label1\" content=\"Pre\u021b\" \/>\n\t<meta name=\"twitter:data1\" content=\"1.590&nbsp;MDL\" \/>\n\t<meta name=\"twitter:label2\" content=\"Disponibilitate\" \/>\n\t<meta name=\"twitter:data2\" content=\"\u00cen stoc\" \/>\n<script type=\"application\/ld+json\" class=\"yoast-schema-graph\">{\"@context\":\"https:\\\/\\\/schema.org\",\"@graph\":[{\"@type\":\"WebPage\",\"@id\":\"https:\\\/\\\/xstyle.md\\\/product\\\/smartwool-nts-mid-200-boot-top-mns-black\\\/\",\"url\":\"https:\\\/\\\/xstyle.md\\\/product\\\/smartwool-nts-mid-200-boot-top-mns-black\\\/\",\"name\":\"\u0422\u0435\u0440\u043c\u043e\u0448\u0442\u0430\u043d\u044b Smartwool NTS Mid 250 Boot Top Mns black - \u041c\u0430\u0433\u0430\u0437\u0438\u043d Xstyle\",\"isPartOf\":{\"@id\":\"https:\\\/\\\/xstyle.md\\\/#website\"},\"primaryImageOfPage\":{\"@id\":\"https:\\\/\\\/xstyle.md\\\/product\\\/smartwool-nts-mid-200-boot-top-mns-black\\\/#primaryimage\"},\"image\":{\"@id\":\"https:\\\/\\\/xstyle.md\\\/product\\\/smartwool-nts-mid-200-boot-top-mns-black\\\/#primaryimage\"},\"thumbnailUrl\":\"https:\\\/\\\/xstyle.md\\\/wp-content\\\/uploads\\\/2020\\\/07\\\/sw0np660001-1-p_tfzwrug-940x940_1_1.jpg\",\"datePublished\":\"2020-07-18T14:10:05+00:00\",\"dateModified\":\"2026-03-19T13:38:11+00:00\",\"description\":\"\u0422\u0435\u0440\u043c\u043e\u0448\u0442\u0430\u043d\u044b Smartwool NTS Mid 250 Boot Top Mns black - \u0438\u0434\u0435\u0430\u043b\u044c\u043d\u044b\u0435 \u0434\u043b\u044f \u0437\u0438\u043c\u044b. \u041c\u0435\u0440\u0438\u043d\u043e\u0441\u043e\u0432\u0430\u044f \u0448\u0435\u0440\u0441\u0442\u044c \u043f\u043e\u0437\u0430\u0431\u043e\u0442\u0438\u0442\u0441\u044f \u043e \u0442\u0435\u043f\u043b\u0435 \u0438 \u043a\u043e\u043c\u0444\u043e\u0440\u0442\u0435, \u043e\u0441\u0442\u0430\u0432\u043b\u044f\u044f \u043a\u043e\u0436\u0443 \u0441\u0443\u0445\u043e\u0439.\",\"breadcrumb\":{\"@id\":\"https:\\\/\\\/xstyle.md\\\/product\\\/smartwool-nts-mid-200-boot-top-mns-black\\\/#breadcrumb\"},\"inLanguage\":\"ro-RO\",\"potentialAction\":[{\"@type\":\"ReadAction\",\"target\":[\"https:\\\/\\\/xstyle.md\\\/product\\\/smartwool-nts-mid-200-boot-top-mns-black\\\/\"]}]},{\"@type\":\"ImageObject\",\"inLanguage\":\"ro-RO\",\"@id\":\"https:\\\/\\\/xstyle.md\\\/product\\\/smartwool-nts-mid-200-boot-top-mns-black\\\/#primaryimage\",\"url\":\"https:\\\/\\\/xstyle.md\\\/wp-content\\\/uploads\\\/2020\\\/07\\\/sw0np660001-1-p_tfzwrug-940x940_1_1.jpg\",\"contentUrl\":\"https:\\\/\\\/xstyle.md\\\/wp-content\\\/uploads\\\/2020\\\/07\\\/sw0np660001-1-p_tfzwrug-940x940_1_1.jpg\",\"width\":201,\"height\":295},{\"@type\":\"BreadcrumbList\",\"@id\":\"https:\\\/\\\/xstyle.md\\\/product\\\/smartwool-nts-mid-200-boot-top-mns-black\\\/#breadcrumb\",\"itemListElement\":[{\"@type\":\"ListItem\",\"position\":1,\"name\":\"\u0413\u043b\u0430\u0432\u043d\u0430\u044f \u0441\u0442\u0440\u0430\u043d\u0438\u0446\u0430\",\"item\":\"https:\\\/\\\/xstyle.md\\\/\"},{\"@type\":\"ListItem\",\"position\":2,\"name\":\"\u041c\u0430\u0433\u0430\u0437\u0438\u043d\",\"item\":\"https:\\\/\\\/xstyle.md\\\/shop\\\/\"},{\"@type\":\"ListItem\",\"position\":3,\"name\":\"\u0422\u0435\u0440\u043c\u043e\u0448\u0442\u0430\u043d\u044b Smartwool NTS Mid 250 Boot Top Mns black\"}]},{\"@type\":\"WebSite\",\"@id\":\"https:\\\/\\\/xstyle.md\\\/#website\",\"url\":\"https:\\\/\\\/xstyle.md\\\/\",\"name\":\"\u041c\u0430\u0433\u0430\u0437\u0438\u043d Xstyle\",\"description\":\"C\u043d\u0430\u0440\u044f\u0436\u0435\u043d\u0438\u0435 \u0434\u043b\u044f \u0442\u0443\u0440\u0438\u0437\u043c\u0430 \u0438 \u044d\u043a\u0441\u0442\u0440\u0435\u043c\u0430\u043b\u044c\u043d\u044b\u0445 \u0432\u0438\u0434\u043e\u0432 \u0441\u043f\u043e\u0440\u0442\u0430 \u0432 \u041c\u043e\u043b\u0434\u043e\u0432\u0435.. \u0426\u0435\u043d\u044b, \u0444\u043e\u0442\u043e, \u0445\u0430\u0440\u0430\u043a\u0442\u0435\u0440\u0438\u0441\u0442\u0438\u043a\u0438 \u0432 \u041c\u043e\u043b\u0434\u043e\u0432\u0435.\",\"publisher\":{\"@id\":\"https:\\\/\\\/xstyle.md\\\/#organization\"},\"alternateName\":\"X-Style\",\"potentialAction\":[{\"@type\":\"SearchAction\",\"target\":{\"@type\":\"EntryPoint\",\"urlTemplate\":\"https:\\\/\\\/xstyle.md\\\/?s={search_term_string}\"},\"query-input\":{\"@type\":\"PropertyValueSpecification\",\"valueRequired\":true,\"valueName\":\"search_term_string\"}}],\"inLanguage\":\"ro-RO\"},{\"@type\":\"Organization\",\"@id\":\"https:\\\/\\\/xstyle.md\\\/#organization\",\"name\":\"\u041c\u0430\u0433\u0430\u0437\u0438\u043d Xstyle\",\"alternateName\":\"x-style\",\"url\":\"https:\\\/\\\/xstyle.md\\\/\",\"logo\":{\"@type\":\"ImageObject\",\"inLanguage\":\"ro-RO\",\"@id\":\"https:\\\/\\\/xstyle.md\\\/#\\\/schema\\\/logo\\\/image\\\/\",\"url\":\"https:\\\/\\\/xstyle.md\\\/wp-content\\\/uploads\\\/2020\\\/06\\\/logoicon.svg\",\"contentUrl\":\"https:\\\/\\\/xstyle.md\\\/wp-content\\\/uploads\\\/2020\\\/06\\\/logoicon.svg\",\"caption\":\"\u041c\u0430\u0433\u0430\u0437\u0438\u043d Xstyle\"},\"image\":{\"@id\":\"https:\\\/\\\/xstyle.md\\\/#\\\/schema\\\/logo\\\/image\\\/\"},\"sameAs\":[\"https:\\\/\\\/www.facebook.com\\\/xstylemd\",\"https:\\\/\\\/www.instagram.com\\\/xstyle_md\\\/\",\"https:\\\/\\\/t.me\\\/xstyle_outdoor\"],\"hasMerchantReturnPolicy\":{\"@type\":\"MerchantReturnPolicy\",\"merchantReturnLink\":\"https:\\\/\\\/xstyle.md\\\/ro\\\/conditions\\\/\"}}]}<\/script>\n<meta property=\"product:price:amount\" content=\"1590.00\" \/>\n<meta property=\"product:price:currency\" content=\"MDL\" \/>\n<meta property=\"og:availability\" content=\"instock\" \/>\n<meta property=\"product:availability\" content=\"instock\" \/>\n<meta property=\"product:retailer_item_id\" content=\"605284977965\" \/>\n<meta property=\"product:condition\" content=\"new\" \/>\n<!-- \/ Yoast SEO plugin. -->","yoast_head_json":{"title":"Pantaloni termici Smartwool NTS Mid 250 Boot Top Mns Black - Magazin Xstyle","description":"Pantalonii termo Smartwool NTS Mid 250 Boot Top Mns black - ideali pentru iarn\u0103. L\u00e2na merinos se va ocupa de c\u0103ldur\u0103 \u0219i confort, men\u021bin\u00e2nd pielea uscat\u0103.","robots":{"index":"index","follow":"follow","max-snippet":"max-snippet:-1","max-image-preview":"max-image-preview:large","max-video-preview":"max-video-preview:-1"},"canonical":"https:\/\/xstyle.md\/ro\/produs\/smartwool-nts-mid-200-boot-top-mns-black\/","og_locale":"ro_RO","og_type":"article","og_title":"\u0422\u0435\u0440\u043c\u043e\u0448\u0442\u0430\u043d\u044b Smartwool NTS Mid 250 Boot Top Mns black - \u041c\u0430\u0433\u0430\u0437\u0438\u043d Xstyle","og_description":"\u0422\u0435\u0440\u043c\u043e\u0448\u0442\u0430\u043d\u044b Smartwool NTS Mid 250 Boot Top Mns black - \u0438\u0434\u0435\u0430\u043b\u044c\u043d\u044b\u0435 \u0434\u043b\u044f \u0437\u0438\u043c\u044b. \u041c\u0435\u0440\u0438\u043d\u043e\u0441\u043e\u0432\u0430\u044f \u0448\u0435\u0440\u0441\u0442\u044c \u043f\u043e\u0437\u0430\u0431\u043e\u0442\u0438\u0442\u0441\u044f \u043e \u0442\u0435\u043f\u043b\u0435 \u0438 \u043a\u043e\u043c\u0444\u043e\u0440\u0442\u0435, \u043e\u0441\u0442\u0430\u0432\u043b\u044f\u044f \u043a\u043e\u0436\u0443 \u0441\u0443\u0445\u043e\u0439.","og_url":"https:\/\/xstyle.md\/ro\/produs\/smartwool-nts-mid-200-boot-top-mns-black\/","og_site_name":"\u041c\u0430\u0433\u0430\u0437\u0438\u043d Xstyle","article_publisher":"https:\/\/www.facebook.com\/xstylemd","article_modified_time":"2026-03-19T13:38:11+00:00","og_image":[{"width":201,"height":295,"url":"https:\/\/xstyle.md\/wp-content\/uploads\/2020\/07\/sw0np660001-1-p_tfzwrug-940x940_1_1.jpg","type":"image\/jpeg"}],"twitter_card":"summary_large_image","twitter_misc":{"Pre\u021b":"1.590&nbsp;MDL","Disponibilitate":"\u00cen stoc"},"schema":{"@context":"https:\/\/schema.org","@graph":[{"@type":"WebPage","@id":"https:\/\/xstyle.md\/product\/smartwool-nts-mid-200-boot-top-mns-black\/","url":"https:\/\/xstyle.md\/product\/smartwool-nts-mid-200-boot-top-mns-black\/","name":"Pantaloni termici Smartwool NTS Mid 250 Boot Top Mns Black - Magazin Xstyle","isPartOf":{"@id":"https:\/\/xstyle.md\/#website"},"primaryImageOfPage":{"@id":"https:\/\/xstyle.md\/product\/smartwool-nts-mid-200-boot-top-mns-black\/#primaryimage"},"image":{"@id":"https:\/\/xstyle.md\/product\/smartwool-nts-mid-200-boot-top-mns-black\/#primaryimage"},"thumbnailUrl":"https:\/\/xstyle.md\/wp-content\/uploads\/2020\/07\/sw0np660001-1-p_tfzwrug-940x940_1_1.jpg","datePublished":"2020-07-18T14:10:05+00:00","dateModified":"2026-03-19T13:38:11+00:00","description":"Pantalonii termo Smartwool NTS Mid 250 Boot Top Mns black - ideali pentru iarn\u0103. L\u00e2na merinos se va ocupa de c\u0103ldur\u0103 \u0219i confort, men\u021bin\u00e2nd pielea uscat\u0103.","breadcrumb":{"@id":"https:\/\/xstyle.md\/product\/smartwool-nts-mid-200-boot-top-mns-black\/#breadcrumb"},"inLanguage":"ro-RO","potentialAction":[{"@type":"ReadAction","target":["https:\/\/xstyle.md\/product\/smartwool-nts-mid-200-boot-top-mns-black\/"]}]},{"@type":"ImageObject","inLanguage":"ro-RO","@id":"https:\/\/xstyle.md\/product\/smartwool-nts-mid-200-boot-top-mns-black\/#primaryimage","url":"https:\/\/xstyle.md\/wp-content\/uploads\/2020\/07\/sw0np660001-1-p_tfzwrug-940x940_1_1.jpg","contentUrl":"https:\/\/xstyle.md\/wp-content\/uploads\/2020\/07\/sw0np660001-1-p_tfzwrug-940x940_1_1.jpg","width":201,"height":295},{"@type":"BreadcrumbList","@id":"https:\/\/xstyle.md\/product\/smartwool-nts-mid-200-boot-top-mns-black\/#breadcrumb","itemListElement":[{"@type":"ListItem","position":1,"name":"\u0413\u043b\u0430\u0432\u043d\u0430\u044f \u0441\u0442\u0440\u0430\u043d\u0438\u0446\u0430","item":"https:\/\/xstyle.md\/"},{"@type":"ListItem","position":2,"name":"\u041c\u0430\u0433\u0430\u0437\u0438\u043d","item":"https:\/\/xstyle.md\/shop\/"},{"@type":"ListItem","position":3,"name":"\u0422\u0435\u0440\u043c\u043e\u0448\u0442\u0430\u043d\u044b Smartwool NTS Mid 250 Boot Top Mns black"}]},{"@type":"WebSite","@id":"https:\/\/xstyle.md\/#website","url":"https:\/\/xstyle.md\/","name":"Magazinul X-Style","description":"Echipamente pentru turism \u0219i sporturi extreme \u00een Moldova. Pre\u021buri, fotografii, caracteristici \u00een Moldova.","publisher":{"@id":"https:\/\/xstyle.md\/#organization"},"alternateName":"X-Style","potentialAction":[{"@type":"SearchAction","target":{"@type":"EntryPoint","urlTemplate":"https:\/\/xstyle.md\/?s={search_term_string}"},"query-input":{"@type":"PropertyValueSpecification","valueRequired":true,"valueName":"search_term_string"}}],"inLanguage":"ro-RO"},{"@type":"Organization","@id":"https:\/\/xstyle.md\/#organization","name":"Magazinul X-Style","alternateName":"x-style","url":"https:\/\/xstyle.md\/","logo":{"@type":"ImageObject","inLanguage":"ro-RO","@id":"https:\/\/xstyle.md\/#\/schema\/logo\/image\/","url":"https:\/\/xstyle.md\/wp-content\/uploads\/2020\/06\/logoicon.svg","contentUrl":"https:\/\/xstyle.md\/wp-content\/uploads\/2020\/06\/logoicon.svg","caption":"\u041c\u0430\u0433\u0430\u0437\u0438\u043d Xstyle"},"image":{"@id":"https:\/\/xstyle.md\/#\/schema\/logo\/image\/"},"sameAs":["https:\/\/www.facebook.com\/xstylemd","https:\/\/www.instagram.com\/xstyle_md\/","https:\/\/t.me\/xstyle_outdoor"],"hasMerchantReturnPolicy":{"@type":"MerchantReturnPolicy","merchantReturnLink":"https:\/\/xstyle.md\/ro\/conditions\/"}}]},"product_price_amount":"1590.00","product_price_currency":"MDL","og_availability":"instock","product_availability":"instock","product_retailer_item_id":"605284977965","product_condition":"new"},"_links":{"self":[{"href":"https:\/\/xstyle.md\/ro\/wp-json\/wp\/v2\/product\/19655","targetHints":{"allow":["GET"]}}],"collection":[{"href":"https:\/\/xstyle.md\/ro\/wp-json\/wp\/v2\/product"}],"about":[{"href":"https:\/\/xstyle.md\/ro\/wp-json\/wp\/v2\/types\/product"}],"replies":[{"embeddable":true,"href":"https:\/\/xstyle.md\/ro\/wp-json\/wp\/v2\/comments?post=19655"}],"wp:featuredmedia":[{"embeddable":true,"href":"https:\/\/xstyle.md\/ro\/wp-json\/wp\/v2\/media\/19654"}],"wp:attachment":[{"href":"https:\/\/xstyle.md\/ro\/wp-json\/wp\/v2\/media?parent=19655"}],"wp:term":[{"taxonomy":"product_brand","embeddable":true,"href":"https:\/\/xstyle.md\/ro\/wp-json\/wp\/v2\/product_brand?post=19655"},{"taxonomy":"product_cat","embeddable":true,"href":"https:\/\/xstyle.md\/ro\/wp-json\/wp\/v2\/product_cat?post=19655"},{"taxonomy":"product_tag","embeddable":true,"href":"https:\/\/xstyle.md\/ro\/wp-json\/wp\/v2\/product_tag?post=19655"}],"curies":[{"name":"wp","href":"https:\/\/api.w.org\/{rel}","templated":true}]}}