{"id":19570,"date":"2020-07-18T00:12:05","date_gmt":"2020-07-17T21:12:05","guid":{"rendered":"https:\/\/xstyle.md\/product\/snegostupy-tsl-302-freeze-danube"},"modified":"2026-03-19T16:38:08","modified_gmt":"2026-03-19T13:38:08","slug":"snegostupy-tsl-302-freeze-danube","status":"publish","type":"product","link":"https:\/\/xstyle.md\/ro\/produs\/snegostupy-tsl-302-freeze-danube\/","title":{"rendered":"Rachete de z\u0103pad\u0103 TSL 302 Freeze danube"},"content":{"rendered":"<\/p>\n<p>Rachete de z\u0103pad\u0103 <strong>TSL 302 Freeze danube<\/strong> &#8212; rachete de zapada pentru copii, care combin\u0103 cel mai simplificat design de fixare cu o punte complet \u201eadult\u0103\u201d. Acest design permite copiilor s\u0103 se joace \u00een siguran\u021b\u0103 \u00eentr-o p\u0103dure de \u021bar\u0103 \u00eenz\u0103pezit\u0103 sau \u00een apropierea unei sta\u021biuni de schi. Proiectat pentru copii care c\u00e2nt\u0103resc cel mult 50 kg.<\/p>\n<h3>Particularit\u0103\u021bi<\/h3>\n<ul>\n<li>Platform\u0103 (punte) \u00een form\u0103 de clepsidr\u0103 &#8212; datorit\u0103 acestei forme, snowshoes-urile nu interfereaz\u0103 \u00eentre ele la mers \u0219i v\u0103 permit s\u0103 v\u0103 deplasa\u021bi cu un pas normal<\/li>\n<li>Design 3D al platformei &#8212; asigur\u0103 o aderen\u021b\u0103 excelent\u0103 pe pant\u0103 \u0219i trac\u021biune pe toate tipurile de z\u0103pad\u0103 (patentat de TSL).<\/li>\n<li>Din\u021bi frontali pentru o mai bun\u0103 aderen\u021b\u0103 atunci c\u00e2nd v\u0103 deplasa\u021bi la vale<\/li>\n<li>6 din\u021bi deta\u0219abili din o\u021bel pe fiecare punte pentru z\u0103pad\u0103 compactat\u0103 \u0219i \u00eenghe\u021bat\u0103.<\/li>\n<li>Leg\u0103turile ofer\u0103 un nivel ridicat de flexibilitate a piciorului<\/li>\n<li>Leg\u0103turile se fixeaz\u0103 rapid \u0219i u\u0219or pe bocanc cu ajutorul unor \u0219nururi Velcro<\/li>\n<li>Reglare telescopic\u0103 a m\u0103rimii<\/li>\n<li>Completate cu o geant\u0103 de depozitare \u0219i transport.<\/li>\n<\/ul>\n<h3>Caracteristici<\/h3>\n<ul>\n<li>Din\u021bi laterali &#8212; 2 x 6<\/li>\n<li>Din\u021bi frontali &#8212; da<\/li>\n<li>Dimensiuni &#8212; 48,5 x 18 cm<\/li>\n<li>Dimensiunea pantofilor: 30 &#8212; 40<\/li>\n<li>\u00cenc\u0103rcare: 20 &#8212; 50 kg<\/li>\n<li>Greutatea unei perechi &#8212; 400 g<\/li>\n<\/ul>\n<h3>Tehnologie<\/h3>\n<ul>\n<li><strong>Crampons<\/strong> &#8212; inser\u021bii de o\u021bel pentru fixarea snowshoe pe firn dur, pante foarte \u00eenghe\u021bate, precum \u0219i pe ghea\u021ba solid\u0103 a corpurilor de ap\u0103 sau ghe\u021bari..<\/li>\n<li><strong>Natural Walk<\/strong> &#8212; puntea snowshoe are forma unei clepsidre. Aceast\u0103 form\u0103 face ca mersul \u00een ele s\u0103 fie mai natural, deoarece l\u0103\u021bimea pasului este aproape neschimbat\u0103. V\u0103 ve\u021bi obi\u0219nui rapid s\u0103 c\u0103l\u0103tori\u021bi confortabil \u00een z\u0103pad\u0103 \u0219i nu le ve\u021bi mai observa pe picioare.<\/li>\n<li><strong>Front teeth<\/strong> &#8212; crampon frontal, care cre\u0219te aderen\u021ba pe z\u0103pad\u0103 \u00een timpul pasului. Ajut\u0103 foarte mult atunci c\u00e2nd urca\u021bi o pant\u0103. C\u00e2nd face\u021bi un pas, cobor\u00e2\u021bi v\u00e2rful bocancului, iar cramponul love\u0219te mai tare z\u0103pada.<\/li>\n<li><strong>Rapid adjustment<\/strong> &#8212; blocare convenabil\u0103 pentru setarea \u0219i memorarea m\u0103rimii pantofului. C\u00e2ntarul pentru m\u0103rimea pantofului v\u0103 permite s\u0103 v\u0103 pre-seta\u021bi m\u0103rimea pantofului.<\/li>\n<\/ul>\n<h3>Marca<\/h3>\n<p>TSL este o marc\u0103 de renume mondial de fabricare a snowshoe-urilor, de origine francez\u0103, ale c\u0103rei produse sunt la mare c\u0103utare de mai bine de 35 de ani, care \u0219i-a \u00eenceput istoria modern\u0103 \u00een 1986.<\/p>\n<p>Ast\u0103zi, TSL Sport Equipment este una dintre pu\u021binele companii specializate \u00een principal \u00een produc\u021bia de snowshoes, care reprezint\u0103 cea mai mare parte a cifrei de afaceri a companiei. Cu toate acestea, pe l\u00e2ng\u0103 rachete de z\u0103pad\u0103, TSL produce lumini LED de calitate, rucsacuri, pantofi, be\u021be de trekking.<\/p>\n<p><\/p>\n<p><iframe loading=\"lazy\" title=\"302 Freeze (English)\" width=\"640\" height=\"360\" src=\"https:\/\/www.youtube.com\/embed\/JrReYWJfko8?feature=oembed\" frameborder=\"0\" allow=\"accelerometer; autoplay; clipboard-write; encrypted-media; gyroscope; picture-in-picture; web-share\" referrerpolicy=\"strict-origin-when-cross-origin\" allowfullscreen><\/iframe><\/p>","protected":false},"excerpt":{"rendered":"<p>Rachete de z\u0103pad\u0103 TSL 302 Freeze danube<\/p>","protected":false},"featured_media":19567,"comment_status":"open","ping_status":"closed","template":"","meta":{"_acf_changed":false,"inline_featured_image":false},"product_brand":[1308],"product_cat":[350],"product_tag":[],"class_list":{"0":"post-19570","1":"product","2":"type-product","3":"status-publish","4":"has-post-thumbnail","6":"product_brand-tsl","7":"product_cat-snowshoes","9":"first","10":"instock","11":"shipping-taxable","12":"purchasable","13":"product-type-simple"},"acf":[],"yoast_head":"<!-- This site is optimized with the Yoast SEO plugin v27.4 - https:\/\/yoast.com\/product\/yoast-seo-wordpress\/ -->\n<title>\u0421\u043d\u0435\u0433\u043e\u0441\u0442\u0443\u043f\u044b TSL 302 Freeze danube - \u041c\u0430\u0433\u0430\u0437\u0438\u043d Xstyle<\/title>\n<meta name=\"description\" content=\"\u0421\u043d\u0435\u0433\u043e\u0441\u0442\u0443\u043f\u044b TSL 302 Freeze Danube \u2014 \u0438\u0434\u0435\u0430\u043b\u044c\u043d\u044b\u0435 \u0434\u043b\u044f \u0434\u0435\u0442\u0435\u0439! \u041b\u0435\u0433\u043a\u0430\u044f \u043d\u0430\u0441\u0442\u0440\u043e\u0439\u043a\u0430, \u043d\u0430\u0434\u0435\u0436\u043d\u044b\u0435 \u043a\u0440\u0435\u043f\u043b\u0435\u043d\u0438\u044f \u0438 \u043a\u043e\u043c\u0444\u043e\u0440\u0442. \u0418\u0441\u0441\u043b\u0435\u0434\u0443\u0439\u0442\u0435 \u0441\u043d\u0435\u0436\u043d\u044b\u0435 \u043f\u0440\u043e\u0441\u0442\u043e\u0440\u044b \u0441 \u0431\u0435\u0437\u043e\u043f\u0430\u0441\u043d\u043e\u0441\u0442\u044c\u044e!\" \/>\n<meta name=\"robots\" content=\"index, follow, max-snippet:-1, max-image-preview:large, max-video-preview:-1\" \/>\n<link rel=\"canonical\" href=\"https:\/\/xstyle.md\/ro\/produs\/snegostupy-tsl-302-freeze-danube\/\" \/>\n<meta property=\"og:locale\" content=\"ro_RO\" \/>\n<meta property=\"og:type\" content=\"article\" \/>\n<meta property=\"og:title\" content=\"\u0421\u043d\u0435\u0433\u043e\u0441\u0442\u0443\u043f\u044b TSL 302 Freeze danube - \u041c\u0430\u0433\u0430\u0437\u0438\u043d Xstyle\" \/>\n<meta property=\"og:description\" content=\"\u0421\u043d\u0435\u0433\u043e\u0441\u0442\u0443\u043f\u044b TSL 302 Freeze Danube \u2014 \u0438\u0434\u0435\u0430\u043b\u044c\u043d\u044b\u0435 \u0434\u043b\u044f \u0434\u0435\u0442\u0435\u0439! \u041b\u0435\u0433\u043a\u0430\u044f \u043d\u0430\u0441\u0442\u0440\u043e\u0439\u043a\u0430, \u043d\u0430\u0434\u0435\u0436\u043d\u044b\u0435 \u043a\u0440\u0435\u043f\u043b\u0435\u043d\u0438\u044f \u0438 \u043a\u043e\u043c\u0444\u043e\u0440\u0442. \u0418\u0441\u0441\u043b\u0435\u0434\u0443\u0439\u0442\u0435 \u0441\u043d\u0435\u0436\u043d\u044b\u0435 \u043f\u0440\u043e\u0441\u0442\u043e\u0440\u044b \u0441 \u0431\u0435\u0437\u043e\u043f\u0430\u0441\u043d\u043e\u0441\u0442\u044c\u044e!\" \/>\n<meta property=\"og:url\" content=\"https:\/\/xstyle.md\/ro\/produs\/snegostupy-tsl-302-freeze-danube\/\" \/>\n<meta property=\"og:site_name\" content=\"\u041c\u0430\u0433\u0430\u0437\u0438\u043d Xstyle\" \/>\n<meta property=\"article:publisher\" content=\"https:\/\/www.facebook.com\/xstylemd\" \/>\n<meta property=\"article:modified_time\" content=\"2026-03-19T13:38:08+00:00\" \/>\n<meta property=\"og:image\" content=\"https:\/\/xstyle.md\/wp-content\/uploads\/2020\/07\/tsl_302_freeze-1.jpg\" \/>\n\t<meta property=\"og:image:width\" content=\"656\" \/>\n\t<meta property=\"og:image:height\" content=\"1008\" \/>\n\t<meta property=\"og:image:type\" content=\"image\/jpeg\" \/>\n<meta name=\"twitter:card\" content=\"summary_large_image\" \/>\n<meta name=\"twitter:label1\" content=\"Pre\u021b\" \/>\n\t<meta name=\"twitter:data1\" content=\"1.270&nbsp;MDL\" \/>\n\t<meta name=\"twitter:label2\" content=\"Disponibilitate\" \/>\n\t<meta name=\"twitter:data2\" content=\"\u00cen stoc\" \/>\n<script type=\"application\/ld+json\" class=\"yoast-schema-graph\">{\"@context\":\"https:\\\/\\\/schema.org\",\"@graph\":[{\"@type\":\"WebPage\",\"@id\":\"https:\\\/\\\/xstyle.md\\\/product\\\/snegostupy-tsl-302-freeze-danube\\\/\",\"url\":\"https:\\\/\\\/xstyle.md\\\/product\\\/snegostupy-tsl-302-freeze-danube\\\/\",\"name\":\"\u0421\u043d\u0435\u0433\u043e\u0441\u0442\u0443\u043f\u044b TSL 302 Freeze danube - \u041c\u0430\u0433\u0430\u0437\u0438\u043d Xstyle\",\"isPartOf\":{\"@id\":\"https:\\\/\\\/xstyle.md\\\/#website\"},\"primaryImageOfPage\":{\"@id\":\"https:\\\/\\\/xstyle.md\\\/product\\\/snegostupy-tsl-302-freeze-danube\\\/#primaryimage\"},\"image\":{\"@id\":\"https:\\\/\\\/xstyle.md\\\/product\\\/snegostupy-tsl-302-freeze-danube\\\/#primaryimage\"},\"thumbnailUrl\":\"https:\\\/\\\/xstyle.md\\\/wp-content\\\/uploads\\\/2020\\\/07\\\/tsl_302_freeze-1.jpg\",\"datePublished\":\"2020-07-17T21:12:05+00:00\",\"dateModified\":\"2026-03-19T13:38:08+00:00\",\"description\":\"\u0421\u043d\u0435\u0433\u043e\u0441\u0442\u0443\u043f\u044b TSL 302 Freeze Danube \u2014 \u0438\u0434\u0435\u0430\u043b\u044c\u043d\u044b\u0435 \u0434\u043b\u044f \u0434\u0435\u0442\u0435\u0439! \u041b\u0435\u0433\u043a\u0430\u044f \u043d\u0430\u0441\u0442\u0440\u043e\u0439\u043a\u0430, \u043d\u0430\u0434\u0435\u0436\u043d\u044b\u0435 \u043a\u0440\u0435\u043f\u043b\u0435\u043d\u0438\u044f \u0438 \u043a\u043e\u043c\u0444\u043e\u0440\u0442. \u0418\u0441\u0441\u043b\u0435\u0434\u0443\u0439\u0442\u0435 \u0441\u043d\u0435\u0436\u043d\u044b\u0435 \u043f\u0440\u043e\u0441\u0442\u043e\u0440\u044b \u0441 \u0431\u0435\u0437\u043e\u043f\u0430\u0441\u043d\u043e\u0441\u0442\u044c\u044e!\",\"breadcrumb\":{\"@id\":\"https:\\\/\\\/xstyle.md\\\/product\\\/snegostupy-tsl-302-freeze-danube\\\/#breadcrumb\"},\"inLanguage\":\"ro-RO\",\"potentialAction\":[{\"@type\":\"ReadAction\",\"target\":[\"https:\\\/\\\/xstyle.md\\\/product\\\/snegostupy-tsl-302-freeze-danube\\\/\"]}]},{\"@type\":\"ImageObject\",\"inLanguage\":\"ro-RO\",\"@id\":\"https:\\\/\\\/xstyle.md\\\/product\\\/snegostupy-tsl-302-freeze-danube\\\/#primaryimage\",\"url\":\"https:\\\/\\\/xstyle.md\\\/wp-content\\\/uploads\\\/2020\\\/07\\\/tsl_302_freeze-1.jpg\",\"contentUrl\":\"https:\\\/\\\/xstyle.md\\\/wp-content\\\/uploads\\\/2020\\\/07\\\/tsl_302_freeze-1.jpg\",\"width\":656,\"height\":1008},{\"@type\":\"BreadcrumbList\",\"@id\":\"https:\\\/\\\/xstyle.md\\\/product\\\/snegostupy-tsl-302-freeze-danube\\\/#breadcrumb\",\"itemListElement\":[{\"@type\":\"ListItem\",\"position\":1,\"name\":\"\u0413\u043b\u0430\u0432\u043d\u0430\u044f \u0441\u0442\u0440\u0430\u043d\u0438\u0446\u0430\",\"item\":\"https:\\\/\\\/xstyle.md\\\/\"},{\"@type\":\"ListItem\",\"position\":2,\"name\":\"\u041c\u0430\u0433\u0430\u0437\u0438\u043d\",\"item\":\"https:\\\/\\\/xstyle.md\\\/shop\\\/\"},{\"@type\":\"ListItem\",\"position\":3,\"name\":\"\u0421\u043d\u0435\u0433\u043e\u0441\u0442\u0443\u043f\u044b TSL 302 Freeze danube\"}]},{\"@type\":\"WebSite\",\"@id\":\"https:\\\/\\\/xstyle.md\\\/#website\",\"url\":\"https:\\\/\\\/xstyle.md\\\/\",\"name\":\"\u041c\u0430\u0433\u0430\u0437\u0438\u043d Xstyle\",\"description\":\"C\u043d\u0430\u0440\u044f\u0436\u0435\u043d\u0438\u0435 \u0434\u043b\u044f \u0442\u0443\u0440\u0438\u0437\u043c\u0430 \u0438 \u044d\u043a\u0441\u0442\u0440\u0435\u043c\u0430\u043b\u044c\u043d\u044b\u0445 \u0432\u0438\u0434\u043e\u0432 \u0441\u043f\u043e\u0440\u0442\u0430 \u0432 \u041c\u043e\u043b\u0434\u043e\u0432\u0435.. \u0426\u0435\u043d\u044b, \u0444\u043e\u0442\u043e, \u0445\u0430\u0440\u0430\u043a\u0442\u0435\u0440\u0438\u0441\u0442\u0438\u043a\u0438 \u0432 \u041c\u043e\u043b\u0434\u043e\u0432\u0435.\",\"publisher\":{\"@id\":\"https:\\\/\\\/xstyle.md\\\/#organization\"},\"alternateName\":\"X-Style\",\"potentialAction\":[{\"@type\":\"SearchAction\",\"target\":{\"@type\":\"EntryPoint\",\"urlTemplate\":\"https:\\\/\\\/xstyle.md\\\/?s={search_term_string}\"},\"query-input\":{\"@type\":\"PropertyValueSpecification\",\"valueRequired\":true,\"valueName\":\"search_term_string\"}}],\"inLanguage\":\"ro-RO\"},{\"@type\":\"Organization\",\"@id\":\"https:\\\/\\\/xstyle.md\\\/#organization\",\"name\":\"\u041c\u0430\u0433\u0430\u0437\u0438\u043d Xstyle\",\"alternateName\":\"x-style\",\"url\":\"https:\\\/\\\/xstyle.md\\\/\",\"logo\":{\"@type\":\"ImageObject\",\"inLanguage\":\"ro-RO\",\"@id\":\"https:\\\/\\\/xstyle.md\\\/#\\\/schema\\\/logo\\\/image\\\/\",\"url\":\"https:\\\/\\\/xstyle.md\\\/wp-content\\\/uploads\\\/2020\\\/06\\\/logoicon.svg\",\"contentUrl\":\"https:\\\/\\\/xstyle.md\\\/wp-content\\\/uploads\\\/2020\\\/06\\\/logoicon.svg\",\"caption\":\"\u041c\u0430\u0433\u0430\u0437\u0438\u043d Xstyle\"},\"image\":{\"@id\":\"https:\\\/\\\/xstyle.md\\\/#\\\/schema\\\/logo\\\/image\\\/\"},\"sameAs\":[\"https:\\\/\\\/www.facebook.com\\\/xstylemd\",\"https:\\\/\\\/www.instagram.com\\\/xstyle_md\\\/\",\"https:\\\/\\\/t.me\\\/xstyle_outdoor\"],\"hasMerchantReturnPolicy\":{\"@type\":\"MerchantReturnPolicy\",\"merchantReturnLink\":\"https:\\\/\\\/xstyle.md\\\/ro\\\/conditions\\\/\"}}]}<\/script>\n<meta property=\"product:price:amount\" content=\"1270.00\" \/>\n<meta property=\"product:price:currency\" content=\"MDL\" \/>\n<meta property=\"og:availability\" content=\"instock\" \/>\n<meta property=\"product:availability\" content=\"instock\" \/>\n<meta property=\"product:retailer_item_id\" content=\"3436500413663\" \/>\n<meta property=\"product:condition\" content=\"new\" \/>\n<!-- \/ Yoast SEO plugin. -->","yoast_head_json":{"title":"Rachete de z\u0103pad\u0103 TSL 302 Freeze danube - Magazin Xstyle","description":"Raclete TSL 302 Freeze Danube \u2014 ideale pentru copii! Ajustare u\u0219oar\u0103, prinderi fiabile \u0219i confort. Explora\u021bi \u00eentinderile de z\u0103pad\u0103 \u00een siguran\u021b\u0103!","robots":{"index":"index","follow":"follow","max-snippet":"max-snippet:-1","max-image-preview":"max-image-preview:large","max-video-preview":"max-video-preview:-1"},"canonical":"https:\/\/xstyle.md\/ro\/produs\/snegostupy-tsl-302-freeze-danube\/","og_locale":"ro_RO","og_type":"article","og_title":"\u0421\u043d\u0435\u0433\u043e\u0441\u0442\u0443\u043f\u044b TSL 302 Freeze danube - \u041c\u0430\u0433\u0430\u0437\u0438\u043d Xstyle","og_description":"\u0421\u043d\u0435\u0433\u043e\u0441\u0442\u0443\u043f\u044b TSL 302 Freeze Danube \u2014 \u0438\u0434\u0435\u0430\u043b\u044c\u043d\u044b\u0435 \u0434\u043b\u044f \u0434\u0435\u0442\u0435\u0439! \u041b\u0435\u0433\u043a\u0430\u044f \u043d\u0430\u0441\u0442\u0440\u043e\u0439\u043a\u0430, \u043d\u0430\u0434\u0435\u0436\u043d\u044b\u0435 \u043a\u0440\u0435\u043f\u043b\u0435\u043d\u0438\u044f \u0438 \u043a\u043e\u043c\u0444\u043e\u0440\u0442. \u0418\u0441\u0441\u043b\u0435\u0434\u0443\u0439\u0442\u0435 \u0441\u043d\u0435\u0436\u043d\u044b\u0435 \u043f\u0440\u043e\u0441\u0442\u043e\u0440\u044b \u0441 \u0431\u0435\u0437\u043e\u043f\u0430\u0441\u043d\u043e\u0441\u0442\u044c\u044e!","og_url":"https:\/\/xstyle.md\/ro\/produs\/snegostupy-tsl-302-freeze-danube\/","og_site_name":"\u041c\u0430\u0433\u0430\u0437\u0438\u043d Xstyle","article_publisher":"https:\/\/www.facebook.com\/xstylemd","article_modified_time":"2026-03-19T13:38:08+00:00","og_image":[{"width":656,"height":1008,"url":"https:\/\/xstyle.md\/wp-content\/uploads\/2020\/07\/tsl_302_freeze-1.jpg","type":"image\/jpeg"}],"twitter_card":"summary_large_image","twitter_misc":{"Pre\u021b":"1.270&nbsp;MDL","Disponibilitate":"\u00cen stoc"},"schema":{"@context":"https:\/\/schema.org","@graph":[{"@type":"WebPage","@id":"https:\/\/xstyle.md\/product\/snegostupy-tsl-302-freeze-danube\/","url":"https:\/\/xstyle.md\/product\/snegostupy-tsl-302-freeze-danube\/","name":"Rachete de z\u0103pad\u0103 TSL 302 Freeze danube - Magazin Xstyle","isPartOf":{"@id":"https:\/\/xstyle.md\/#website"},"primaryImageOfPage":{"@id":"https:\/\/xstyle.md\/product\/snegostupy-tsl-302-freeze-danube\/#primaryimage"},"image":{"@id":"https:\/\/xstyle.md\/product\/snegostupy-tsl-302-freeze-danube\/#primaryimage"},"thumbnailUrl":"https:\/\/xstyle.md\/wp-content\/uploads\/2020\/07\/tsl_302_freeze-1.jpg","datePublished":"2020-07-17T21:12:05+00:00","dateModified":"2026-03-19T13:38:08+00:00","description":"Raclete TSL 302 Freeze Danube \u2014 ideale pentru copii! Ajustare u\u0219oar\u0103, prinderi fiabile \u0219i confort. Explora\u021bi \u00eentinderile de z\u0103pad\u0103 \u00een siguran\u021b\u0103!","breadcrumb":{"@id":"https:\/\/xstyle.md\/product\/snegostupy-tsl-302-freeze-danube\/#breadcrumb"},"inLanguage":"ro-RO","potentialAction":[{"@type":"ReadAction","target":["https:\/\/xstyle.md\/product\/snegostupy-tsl-302-freeze-danube\/"]}]},{"@type":"ImageObject","inLanguage":"ro-RO","@id":"https:\/\/xstyle.md\/product\/snegostupy-tsl-302-freeze-danube\/#primaryimage","url":"https:\/\/xstyle.md\/wp-content\/uploads\/2020\/07\/tsl_302_freeze-1.jpg","contentUrl":"https:\/\/xstyle.md\/wp-content\/uploads\/2020\/07\/tsl_302_freeze-1.jpg","width":656,"height":1008},{"@type":"BreadcrumbList","@id":"https:\/\/xstyle.md\/product\/snegostupy-tsl-302-freeze-danube\/#breadcrumb","itemListElement":[{"@type":"ListItem","position":1,"name":"\u0413\u043b\u0430\u0432\u043d\u0430\u044f \u0441\u0442\u0440\u0430\u043d\u0438\u0446\u0430","item":"https:\/\/xstyle.md\/"},{"@type":"ListItem","position":2,"name":"\u041c\u0430\u0433\u0430\u0437\u0438\u043d","item":"https:\/\/xstyle.md\/shop\/"},{"@type":"ListItem","position":3,"name":"\u0421\u043d\u0435\u0433\u043e\u0441\u0442\u0443\u043f\u044b TSL 302 Freeze danube"}]},{"@type":"WebSite","@id":"https:\/\/xstyle.md\/#website","url":"https:\/\/xstyle.md\/","name":"Magazinul X-Style","description":"Echipamente pentru turism \u0219i sporturi extreme \u00een Moldova. Pre\u021buri, fotografii, caracteristici \u00een Moldova.","publisher":{"@id":"https:\/\/xstyle.md\/#organization"},"alternateName":"X-Style","potentialAction":[{"@type":"SearchAction","target":{"@type":"EntryPoint","urlTemplate":"https:\/\/xstyle.md\/?s={search_term_string}"},"query-input":{"@type":"PropertyValueSpecification","valueRequired":true,"valueName":"search_term_string"}}],"inLanguage":"ro-RO"},{"@type":"Organization","@id":"https:\/\/xstyle.md\/#organization","name":"Magazinul X-Style","alternateName":"x-style","url":"https:\/\/xstyle.md\/","logo":{"@type":"ImageObject","inLanguage":"ro-RO","@id":"https:\/\/xstyle.md\/#\/schema\/logo\/image\/","url":"https:\/\/xstyle.md\/wp-content\/uploads\/2020\/06\/logoicon.svg","contentUrl":"https:\/\/xstyle.md\/wp-content\/uploads\/2020\/06\/logoicon.svg","caption":"\u041c\u0430\u0433\u0430\u0437\u0438\u043d Xstyle"},"image":{"@id":"https:\/\/xstyle.md\/#\/schema\/logo\/image\/"},"sameAs":["https:\/\/www.facebook.com\/xstylemd","https:\/\/www.instagram.com\/xstyle_md\/","https:\/\/t.me\/xstyle_outdoor"],"hasMerchantReturnPolicy":{"@type":"MerchantReturnPolicy","merchantReturnLink":"https:\/\/xstyle.md\/ro\/conditions\/"}}]},"product_price_amount":"1270.00","product_price_currency":"MDL","og_availability":"instock","product_availability":"instock","product_retailer_item_id":"3436500413663","product_condition":"new"},"_links":{"self":[{"href":"https:\/\/xstyle.md\/ro\/wp-json\/wp\/v2\/product\/19570","targetHints":{"allow":["GET"]}}],"collection":[{"href":"https:\/\/xstyle.md\/ro\/wp-json\/wp\/v2\/product"}],"about":[{"href":"https:\/\/xstyle.md\/ro\/wp-json\/wp\/v2\/types\/product"}],"replies":[{"embeddable":true,"href":"https:\/\/xstyle.md\/ro\/wp-json\/wp\/v2\/comments?post=19570"}],"wp:featuredmedia":[{"embeddable":true,"href":"https:\/\/xstyle.md\/ro\/wp-json\/wp\/v2\/media\/19567"}],"wp:attachment":[{"href":"https:\/\/xstyle.md\/ro\/wp-json\/wp\/v2\/media?parent=19570"}],"wp:term":[{"taxonomy":"product_brand","embeddable":true,"href":"https:\/\/xstyle.md\/ro\/wp-json\/wp\/v2\/product_brand?post=19570"},{"taxonomy":"product_cat","embeddable":true,"href":"https:\/\/xstyle.md\/ro\/wp-json\/wp\/v2\/product_cat?post=19570"},{"taxonomy":"product_tag","embeddable":true,"href":"https:\/\/xstyle.md\/ro\/wp-json\/wp\/v2\/product_tag?post=19570"}],"curies":[{"name":"wp","href":"https:\/\/api.w.org\/{rel}","templated":true}]}}