{"id":19544,"date":"2020-07-18T00:10:34","date_gmt":"2020-07-17T21:10:34","guid":{"rendered":"https:\/\/xstyle.md\/product\/sanki-tsl-didoo-comfort-beery"},"modified":"2026-01-30T13:23:34","modified_gmt":"2026-01-30T10:23:34","slug":"sanki-tsl-didoo-comfort-beery","status":"publish","type":"product","link":"https:\/\/xstyle.md\/ro\/produs\/sanki-tsl-didoo-comfort-beery\/","title":{"rendered":"Sanie TSL Didoo Comfort beery"},"content":{"rendered":"<\/p>\n<p><strong>Sanie TSL Didoo Comfort beery<\/strong>\u00a0&#8212; asigur\u0103 protec\u021bie maxim\u0103 copiilor mici datorit\u0103 scaunului confortabil \u00een form\u0103 de g\u0103leat\u0103 cu c\u0103ptu\u0219eal\u0103 din spum\u0103, centur\u0103 reglabil\u0103 \u00een 3 puncte \u0219i design extrem de stabil. Didoo e sania perfect\u0103 pentru \u00eencep\u0103tori!<\/p>\n<h3>Particularit\u0103\u021bi<\/h3>\n<ul>\n<li>Sanie robust\u0103 pentru cei mai mici<\/li>\n<li>Spa\u021biu de depozitare lateral \u0219i \u00een spate pentru o stabilitate suplimentar\u0103 la tractare<\/li>\n<li>Scaun cu stabilitate bun\u0103, cu laturi \u00eenalte pentru a \u021bine copilul pe loc<\/li>\n<li>C\u0103ptu\u0219eal\u0103 din spum\u0103<\/li>\n<li>Centur\u0103 de siguran\u021b\u0103 reglabil\u0103<\/li>\n<li>M\u00e2ner \u0219i \u0219nur de tragere \u00een partea din fa\u021b\u0103<\/li>\n<li>Stabilitate excelent\u0103.<\/li>\n<\/ul>\n<h3>Caracteristici<\/h3>\n<ul>\n<li>Material &#8212; plastic<\/li>\n<li>Dimensiuni &#8212; 74 x 50 x 32 cm<\/li>\n<li>M\u00e2ner pentru p\u0103rin\u021bi &#8212; disponibil<\/li>\n<li>Centuri de siguran\u021b\u0103 &#8212; disponibile<\/li>\n<li>Num\u0103r de locuri &#8212; 1<\/li>\n<li>Greutate &#8212; 1,6 kg.<\/li>\n<\/ul>\n<h3>Marca<\/h3>\n<p>TSL este un brand de origine francez\u0103 de renume mondial \u00een domeniul produc\u021biei de rachete de z\u0103pad\u0103, ale c\u0103rui produse sunt foarte solicitate de mai bine de 35 de ani, care \u0219i-a \u00eenceput istoria modern\u0103 \u00een 1986.<\/p>\n<p>Ast\u0103zi, TSL Sport Equipment este una dintre pu\u021binele companii specializate \u00een principal \u00een produc\u021bia de snowshoes, care reprezint\u0103 cea mai mare parte a cifrei de afaceri a companiei. Cu toate acestea, pe l\u00e2ng\u0103 snowshoes, TSL produce lumini LED de calitate, rucsacuri, pantofi, be\u021be de trekking.<\/p>\n<p><\/p>","protected":false},"excerpt":{"rendered":"<p>Sanie TSL Didoo Comfort beery<\/p>","protected":false},"featured_media":19543,"comment_status":"open","ping_status":"closed","template":"","meta":{"_acf_changed":false,"inline_featured_image":false},"product_brand":[1308],"product_cat":[402],"product_tag":[],"class_list":{"0":"post-19544","1":"product","2":"type-product","3":"status-publish","4":"has-post-thumbnail","6":"product_brand-tsl","7":"product_cat-racer","9":"first","10":"instock","11":"shipping-taxable","12":"purchasable","13":"product-type-simple"},"acf":[],"yoast_head":"<!-- This site is optimized with the Yoast SEO plugin v27.2 - https:\/\/yoast.com\/product\/yoast-seo-wordpress\/ -->\n<title>\u0421\u0430\u043d\u043a\u0438 TSL Didoo Comfort beery - \u041c\u0430\u0433\u0430\u0437\u0438\u043d Xstyle<\/title>\n<meta name=\"description\" content=\"\u0421\u0430\u043d\u043a\u0438 TSL Didoo Comfort beery \u043e\u0431\u0435\u0441\u043f\u0435\u0447\u0438\u0432\u0430\u044e\u0442 \u043c\u0430\u043a\u0441\u0438\u043c\u0430\u043b\u044c\u043d\u0443\u044e \u0437\u0430\u0449\u0438\u0442\u0443 \u0434\u043b\u044f \u043c\u0430\u043b\u044b\u0448\u0435\u0439 \u0441 \u0443\u044e\u0442\u043d\u044b\u043c \u0441\u0438\u0434\u0435\u043d\u044c\u0435\u043c \u0438 \u0440\u0435\u0433\u0443\u043b\u0438\u0440\u0443\u0435\u043c\u044b\u043c \u0440\u0435\u043c\u043d\u0435\u043c. \u0418\u0434\u0435\u0430\u043b\u044c\u043d\u044b \u0434\u043b\u044f \u043d\u0430\u0447\u0438\u043d\u0430\u044e\u0449\u0438\u0445!\" \/>\n<meta name=\"robots\" content=\"index, follow, max-snippet:-1, max-image-preview:large, max-video-preview:-1\" \/>\n<link rel=\"canonical\" href=\"https:\/\/xstyle.md\/ro\/produs\/sanki-tsl-didoo-comfort-beery\/\" \/>\n<meta property=\"og:locale\" content=\"ro_RO\" \/>\n<meta property=\"og:type\" content=\"article\" \/>\n<meta property=\"og:title\" content=\"\u0421\u0430\u043d\u043a\u0438 TSL Didoo Comfort beery - \u041c\u0430\u0433\u0430\u0437\u0438\u043d Xstyle\" \/>\n<meta property=\"og:description\" content=\"\u0421\u0430\u043d\u043a\u0438 TSL Didoo Comfort beery \u043e\u0431\u0435\u0441\u043f\u0435\u0447\u0438\u0432\u0430\u044e\u0442 \u043c\u0430\u043a\u0441\u0438\u043c\u0430\u043b\u044c\u043d\u0443\u044e \u0437\u0430\u0449\u0438\u0442\u0443 \u0434\u043b\u044f \u043c\u0430\u043b\u044b\u0448\u0435\u0439 \u0441 \u0443\u044e\u0442\u043d\u044b\u043c \u0441\u0438\u0434\u0435\u043d\u044c\u0435\u043c \u0438 \u0440\u0435\u0433\u0443\u043b\u0438\u0440\u0443\u0435\u043c\u044b\u043c \u0440\u0435\u043c\u043d\u0435\u043c. \u0418\u0434\u0435\u0430\u043b\u044c\u043d\u044b \u0434\u043b\u044f \u043d\u0430\u0447\u0438\u043d\u0430\u044e\u0449\u0438\u0445!\" \/>\n<meta property=\"og:url\" content=\"https:\/\/xstyle.md\/ro\/produs\/sanki-tsl-didoo-comfort-beery\/\" \/>\n<meta property=\"og:site_name\" content=\"\u041c\u0430\u0433\u0430\u0437\u0438\u043d Xstyle\" \/>\n<meta property=\"article:publisher\" content=\"https:\/\/www.facebook.com\/xstylemd\" \/>\n<meta property=\"article:modified_time\" content=\"2026-01-30T10:23:34+00:00\" \/>\n<meta property=\"og:image\" content=\"https:\/\/xstyle.md\/wp-content\/uploads\/2020\/07\/tsl_outdoor_-_luge_-_sled_-_didoo_comfort_-_berry.jpg\" \/>\n\t<meta property=\"og:image:width\" content=\"1920\" \/>\n\t<meta property=\"og:image:height\" content=\"1418\" \/>\n\t<meta property=\"og:image:type\" content=\"image\/jpeg\" \/>\n<meta name=\"twitter:card\" content=\"summary_large_image\" \/>\n<meta name=\"twitter:label1\" content=\"Pre\u021b\" \/>\n\t<meta name=\"twitter:data1\" content=\"695&nbsp;MDL\" \/>\n\t<meta name=\"twitter:label2\" content=\"Disponibilitate\" \/>\n\t<meta name=\"twitter:data2\" content=\"\u00cen stoc\" \/>\n<script type=\"application\/ld+json\" class=\"yoast-schema-graph\">{\"@context\":\"https:\/\/schema.org\",\"@graph\":[{\"@type\":\"WebPage\",\"@id\":\"https:\/\/xstyle.md\/product\/sanki-tsl-didoo-comfort-beery\/\",\"url\":\"https:\/\/xstyle.md\/product\/sanki-tsl-didoo-comfort-beery\/\",\"name\":\"\u0421\u0430\u043d\u043a\u0438 TSL Didoo Comfort beery - \u041c\u0430\u0433\u0430\u0437\u0438\u043d Xstyle\",\"isPartOf\":{\"@id\":\"https:\/\/xstyle.md\/#website\"},\"primaryImageOfPage\":{\"@id\":\"https:\/\/xstyle.md\/product\/sanki-tsl-didoo-comfort-beery\/#primaryimage\"},\"image\":{\"@id\":\"https:\/\/xstyle.md\/product\/sanki-tsl-didoo-comfort-beery\/#primaryimage\"},\"thumbnailUrl\":\"https:\/\/xstyle.md\/wp-content\/uploads\/2020\/07\/tsl_outdoor_-_luge_-_sled_-_didoo_comfort_-_berry.jpg\",\"datePublished\":\"2020-07-17T21:10:34+00:00\",\"dateModified\":\"2026-01-30T10:23:34+00:00\",\"description\":\"\u0421\u0430\u043d\u043a\u0438 TSL Didoo Comfort beery \u043e\u0431\u0435\u0441\u043f\u0435\u0447\u0438\u0432\u0430\u044e\u0442 \u043c\u0430\u043a\u0441\u0438\u043c\u0430\u043b\u044c\u043d\u0443\u044e \u0437\u0430\u0449\u0438\u0442\u0443 \u0434\u043b\u044f \u043c\u0430\u043b\u044b\u0448\u0435\u0439 \u0441 \u0443\u044e\u0442\u043d\u044b\u043c \u0441\u0438\u0434\u0435\u043d\u044c\u0435\u043c \u0438 \u0440\u0435\u0433\u0443\u043b\u0438\u0440\u0443\u0435\u043c\u044b\u043c \u0440\u0435\u043c\u043d\u0435\u043c. \u0418\u0434\u0435\u0430\u043b\u044c\u043d\u044b \u0434\u043b\u044f \u043d\u0430\u0447\u0438\u043d\u0430\u044e\u0449\u0438\u0445!\",\"breadcrumb\":{\"@id\":\"https:\/\/xstyle.md\/product\/sanki-tsl-didoo-comfort-beery\/#breadcrumb\"},\"inLanguage\":\"ro-RO\",\"potentialAction\":[{\"@type\":\"ReadAction\",\"target\":[\"https:\/\/xstyle.md\/product\/sanki-tsl-didoo-comfort-beery\/\"]}]},{\"@type\":\"ImageObject\",\"inLanguage\":\"ro-RO\",\"@id\":\"https:\/\/xstyle.md\/product\/sanki-tsl-didoo-comfort-beery\/#primaryimage\",\"url\":\"https:\/\/xstyle.md\/wp-content\/uploads\/2020\/07\/tsl_outdoor_-_luge_-_sled_-_didoo_comfort_-_berry.jpg\",\"contentUrl\":\"https:\/\/xstyle.md\/wp-content\/uploads\/2020\/07\/tsl_outdoor_-_luge_-_sled_-_didoo_comfort_-_berry.jpg\",\"width\":1920,\"height\":1418},{\"@type\":\"BreadcrumbList\",\"@id\":\"https:\/\/xstyle.md\/product\/sanki-tsl-didoo-comfort-beery\/#breadcrumb\",\"itemListElement\":[{\"@type\":\"ListItem\",\"position\":1,\"name\":\"\u0413\u043b\u0430\u0432\u043d\u0430\u044f \u0441\u0442\u0440\u0430\u043d\u0438\u0446\u0430\",\"item\":\"https:\/\/xstyle.md\/\"},{\"@type\":\"ListItem\",\"position\":2,\"name\":\"\u041c\u0430\u0433\u0430\u0437\u0438\u043d\",\"item\":\"https:\/\/xstyle.md\/shop\/\"},{\"@type\":\"ListItem\",\"position\":3,\"name\":\"\u0421\u0430\u043d\u043a\u0438 TSL Didoo Comfort beery\"}]},{\"@type\":\"WebSite\",\"@id\":\"https:\/\/xstyle.md\/#website\",\"url\":\"https:\/\/xstyle.md\/\",\"name\":\"\u041c\u0430\u0433\u0430\u0437\u0438\u043d Xstyle\",\"description\":\"C\u043d\u0430\u0440\u044f\u0436\u0435\u043d\u0438\u0435 \u0434\u043b\u044f \u0442\u0443\u0440\u0438\u0437\u043c\u0430 \u0438 \u044d\u043a\u0441\u0442\u0440\u0435\u043c\u0430\u043b\u044c\u043d\u044b\u0445 \u0432\u0438\u0434\u043e\u0432 \u0441\u043f\u043e\u0440\u0442\u0430 \u0432 \u041c\u043e\u043b\u0434\u043e\u0432\u0435.. \u0426\u0435\u043d\u044b, \u0444\u043e\u0442\u043e, \u0445\u0430\u0440\u0430\u043a\u0442\u0435\u0440\u0438\u0441\u0442\u0438\u043a\u0438 \u0432 \u041c\u043e\u043b\u0434\u043e\u0432\u0435.\",\"publisher\":{\"@id\":\"https:\/\/xstyle.md\/#organization\"},\"alternateName\":\"X-Style\",\"potentialAction\":[{\"@type\":\"SearchAction\",\"target\":{\"@type\":\"EntryPoint\",\"urlTemplate\":\"https:\/\/xstyle.md\/?s={search_term_string}\"},\"query-input\":{\"@type\":\"PropertyValueSpecification\",\"valueRequired\":true,\"valueName\":\"search_term_string\"}}],\"inLanguage\":\"ro-RO\"},{\"@type\":\"Organization\",\"@id\":\"https:\/\/xstyle.md\/#organization\",\"name\":\"\u041c\u0430\u0433\u0430\u0437\u0438\u043d Xstyle\",\"alternateName\":\"x-style\",\"url\":\"https:\/\/xstyle.md\/\",\"logo\":{\"@type\":\"ImageObject\",\"inLanguage\":\"ro-RO\",\"@id\":\"https:\/\/xstyle.md\/#\/schema\/logo\/image\/\",\"url\":\"https:\/\/xstyle.md\/wp-content\/uploads\/2020\/06\/logoicon.svg\",\"contentUrl\":\"https:\/\/xstyle.md\/wp-content\/uploads\/2020\/06\/logoicon.svg\",\"caption\":\"\u041c\u0430\u0433\u0430\u0437\u0438\u043d Xstyle\"},\"image\":{\"@id\":\"https:\/\/xstyle.md\/#\/schema\/logo\/image\/\"},\"sameAs\":[\"https:\/\/www.facebook.com\/xstylemd\",\"https:\/\/www.instagram.com\/xstyle_md\/\",\"https:\/\/t.me\/xstyle_outdoor\"],\"hasMerchantReturnPolicy\":{\"@type\":\"MerchantReturnPolicy\",\"merchantReturnLink\":\"https:\/\/xstyle.md\/ro\/conditions\/\"}}]}<\/script>\n<meta property=\"product:price:amount\" content=\"695.00\" \/>\n<meta property=\"product:price:currency\" content=\"MDL\" \/>\n<meta property=\"og:availability\" content=\"instock\" \/>\n<meta property=\"product:availability\" content=\"instock\" \/>\n<meta property=\"product:retailer_item_id\" content=\"3436500300987\" \/>\n<meta property=\"product:condition\" content=\"new\" \/>\n<!-- \/ Yoast SEO plugin. -->","yoast_head_json":{"title":"Sanie TSL Didoo Comfort beery - Magazin Xstyle","description":"S\u0103niile TSL Didoo Comfort beery ofer\u0103 o protec\u021bie maxim\u0103 pentru cei mici, cu un loc confortabil \u0219i o curea ajustabil\u0103. Sunt ideale pentru \u00eencep\u0103tori!","robots":{"index":"index","follow":"follow","max-snippet":"max-snippet:-1","max-image-preview":"max-image-preview:large","max-video-preview":"max-video-preview:-1"},"canonical":"https:\/\/xstyle.md\/ro\/produs\/sanki-tsl-didoo-comfort-beery\/","og_locale":"ro_RO","og_type":"article","og_title":"\u0421\u0430\u043d\u043a\u0438 TSL Didoo Comfort beery - \u041c\u0430\u0433\u0430\u0437\u0438\u043d Xstyle","og_description":"\u0421\u0430\u043d\u043a\u0438 TSL Didoo Comfort beery \u043e\u0431\u0435\u0441\u043f\u0435\u0447\u0438\u0432\u0430\u044e\u0442 \u043c\u0430\u043a\u0441\u0438\u043c\u0430\u043b\u044c\u043d\u0443\u044e \u0437\u0430\u0449\u0438\u0442\u0443 \u0434\u043b\u044f \u043c\u0430\u043b\u044b\u0448\u0435\u0439 \u0441 \u0443\u044e\u0442\u043d\u044b\u043c \u0441\u0438\u0434\u0435\u043d\u044c\u0435\u043c \u0438 \u0440\u0435\u0433\u0443\u043b\u0438\u0440\u0443\u0435\u043c\u044b\u043c \u0440\u0435\u043c\u043d\u0435\u043c. \u0418\u0434\u0435\u0430\u043b\u044c\u043d\u044b \u0434\u043b\u044f \u043d\u0430\u0447\u0438\u043d\u0430\u044e\u0449\u0438\u0445!","og_url":"https:\/\/xstyle.md\/ro\/produs\/sanki-tsl-didoo-comfort-beery\/","og_site_name":"\u041c\u0430\u0433\u0430\u0437\u0438\u043d Xstyle","article_publisher":"https:\/\/www.facebook.com\/xstylemd","article_modified_time":"2026-01-30T10:23:34+00:00","og_image":[{"width":1920,"height":1418,"url":"https:\/\/xstyle.md\/wp-content\/uploads\/2020\/07\/tsl_outdoor_-_luge_-_sled_-_didoo_comfort_-_berry.jpg","type":"image\/jpeg"}],"twitter_card":"summary_large_image","twitter_misc":{"Pre\u021b":"695&nbsp;MDL","Disponibilitate":"\u00cen stoc"},"schema":{"@context":"https:\/\/schema.org","@graph":[{"@type":"WebPage","@id":"https:\/\/xstyle.md\/product\/sanki-tsl-didoo-comfort-beery\/","url":"https:\/\/xstyle.md\/product\/sanki-tsl-didoo-comfort-beery\/","name":"Sanie TSL Didoo Comfort beery - Magazin Xstyle","isPartOf":{"@id":"https:\/\/xstyle.md\/#website"},"primaryImageOfPage":{"@id":"https:\/\/xstyle.md\/product\/sanki-tsl-didoo-comfort-beery\/#primaryimage"},"image":{"@id":"https:\/\/xstyle.md\/product\/sanki-tsl-didoo-comfort-beery\/#primaryimage"},"thumbnailUrl":"https:\/\/xstyle.md\/wp-content\/uploads\/2020\/07\/tsl_outdoor_-_luge_-_sled_-_didoo_comfort_-_berry.jpg","datePublished":"2020-07-17T21:10:34+00:00","dateModified":"2026-01-30T10:23:34+00:00","description":"S\u0103niile TSL Didoo Comfort beery ofer\u0103 o protec\u021bie maxim\u0103 pentru cei mici, cu un loc confortabil \u0219i o curea ajustabil\u0103. Sunt ideale pentru \u00eencep\u0103tori!","breadcrumb":{"@id":"https:\/\/xstyle.md\/product\/sanki-tsl-didoo-comfort-beery\/#breadcrumb"},"inLanguage":"ro-RO","potentialAction":[{"@type":"ReadAction","target":["https:\/\/xstyle.md\/product\/sanki-tsl-didoo-comfort-beery\/"]}]},{"@type":"ImageObject","inLanguage":"ro-RO","@id":"https:\/\/xstyle.md\/product\/sanki-tsl-didoo-comfort-beery\/#primaryimage","url":"https:\/\/xstyle.md\/wp-content\/uploads\/2020\/07\/tsl_outdoor_-_luge_-_sled_-_didoo_comfort_-_berry.jpg","contentUrl":"https:\/\/xstyle.md\/wp-content\/uploads\/2020\/07\/tsl_outdoor_-_luge_-_sled_-_didoo_comfort_-_berry.jpg","width":1920,"height":1418},{"@type":"BreadcrumbList","@id":"https:\/\/xstyle.md\/product\/sanki-tsl-didoo-comfort-beery\/#breadcrumb","itemListElement":[{"@type":"ListItem","position":1,"name":"\u0413\u043b\u0430\u0432\u043d\u0430\u044f \u0441\u0442\u0440\u0430\u043d\u0438\u0446\u0430","item":"https:\/\/xstyle.md\/"},{"@type":"ListItem","position":2,"name":"\u041c\u0430\u0433\u0430\u0437\u0438\u043d","item":"https:\/\/xstyle.md\/shop\/"},{"@type":"ListItem","position":3,"name":"\u0421\u0430\u043d\u043a\u0438 TSL Didoo Comfort beery"}]},{"@type":"WebSite","@id":"https:\/\/xstyle.md\/#website","url":"https:\/\/xstyle.md\/","name":"Magazinul X-Style","description":"Echipamente pentru turism \u0219i sporturi extreme \u00een Moldova. Pre\u021buri, fotografii, caracteristici \u00een Moldova.","publisher":{"@id":"https:\/\/xstyle.md\/#organization"},"alternateName":"X-Style","potentialAction":[{"@type":"SearchAction","target":{"@type":"EntryPoint","urlTemplate":"https:\/\/xstyle.md\/?s={search_term_string}"},"query-input":{"@type":"PropertyValueSpecification","valueRequired":true,"valueName":"search_term_string"}}],"inLanguage":"ro-RO"},{"@type":"Organization","@id":"https:\/\/xstyle.md\/#organization","name":"Magazinul X-Style","alternateName":"x-style","url":"https:\/\/xstyle.md\/","logo":{"@type":"ImageObject","inLanguage":"ro-RO","@id":"https:\/\/xstyle.md\/#\/schema\/logo\/image\/","url":"https:\/\/xstyle.md\/wp-content\/uploads\/2020\/06\/logoicon.svg","contentUrl":"https:\/\/xstyle.md\/wp-content\/uploads\/2020\/06\/logoicon.svg","caption":"\u041c\u0430\u0433\u0430\u0437\u0438\u043d Xstyle"},"image":{"@id":"https:\/\/xstyle.md\/#\/schema\/logo\/image\/"},"sameAs":["https:\/\/www.facebook.com\/xstylemd","https:\/\/www.instagram.com\/xstyle_md\/","https:\/\/t.me\/xstyle_outdoor"],"hasMerchantReturnPolicy":{"@type":"MerchantReturnPolicy","merchantReturnLink":"https:\/\/xstyle.md\/ro\/conditions\/"}}]},"product_price_amount":"695.00","product_price_currency":"MDL","og_availability":"instock","product_availability":"instock","product_retailer_item_id":"3436500300987","product_condition":"new"},"post_mailing_queue_ids":[],"_links":{"self":[{"href":"https:\/\/xstyle.md\/ro\/wp-json\/wp\/v2\/product\/19544","targetHints":{"allow":["GET"]}}],"collection":[{"href":"https:\/\/xstyle.md\/ro\/wp-json\/wp\/v2\/product"}],"about":[{"href":"https:\/\/xstyle.md\/ro\/wp-json\/wp\/v2\/types\/product"}],"replies":[{"embeddable":true,"href":"https:\/\/xstyle.md\/ro\/wp-json\/wp\/v2\/comments?post=19544"}],"wp:featuredmedia":[{"embeddable":true,"href":"https:\/\/xstyle.md\/ro\/wp-json\/wp\/v2\/media\/19543"}],"wp:attachment":[{"href":"https:\/\/xstyle.md\/ro\/wp-json\/wp\/v2\/media?parent=19544"}],"wp:term":[{"taxonomy":"product_brand","embeddable":true,"href":"https:\/\/xstyle.md\/ro\/wp-json\/wp\/v2\/product_brand?post=19544"},{"taxonomy":"product_cat","embeddable":true,"href":"https:\/\/xstyle.md\/ro\/wp-json\/wp\/v2\/product_cat?post=19544"},{"taxonomy":"product_tag","embeddable":true,"href":"https:\/\/xstyle.md\/ro\/wp-json\/wp\/v2\/product_tag?post=19544"}],"curies":[{"name":"wp","href":"https:\/\/api.w.org\/{rel}","templated":true}]}}