{"id":19530,"date":"2020-07-18T00:08:40","date_gmt":"2020-07-17T21:08:40","guid":{"rendered":"https:\/\/xstyle.md\/product\/bahily-tsl-long-gaiters-trek-grey"},"modified":"2024-11-12T13:01:36","modified_gmt":"2024-11-12T10:01:36","slug":"bahily-tsl-long-gaiters-trek-grey","status":"publish","type":"product","link":"https:\/\/xstyle.md\/ro\/produs\/bahily-tsl-long-gaiters-trek-grey\/","title":{"rendered":"Paraz\u0103pezi TSL Long Gaiters Trek Grey"},"content":{"rendered":"<\/p>\n<p><strong>Paraz\u0103pezi TSL Long Gaiters Trek Grey &#8212;&nbsp;<\/strong>fiabile \u0219i confortabile, pentru drume\u021bii, trekking. Protejeaz\u0103 bine de umiditate, murd\u0103rie, z\u0103pad\u0103, pietre. Echipate cu curea reglabil\u0103. Se fixeaz\u0103 &icirc;n fa\u021b\u0103 &#8212; un fermoar + o bar\u0103 de protec\u021bie.<\/p>\n<p><strong>Caracteristici:<\/strong><\/p>\n<ul>\n<li>Curea reglabil\u0103 rigid\u0103 din material armat pentru fixarea pe &icirc;nc\u0103l\u021b\u0103minte<\/li>\n<li>C&acirc;rlig pentru fixarea la \u0219ireturi<\/li>\n<li>Cu fermoar frontal + curea de protec\u021bie<\/li>\n<li>Velcro reglabil sus<\/li>\n<\/ul>\n<p><\/p>","protected":false},"excerpt":{"rendered":"<p>Paraz\u0103pezi TSL Long Gaiters Trek Grey<\/p>","protected":false},"featured_media":19529,"comment_status":"open","ping_status":"closed","template":"","meta":{"_acf_changed":false,"inline_featured_image":false},"product_brand":[1308],"product_cat":[347],"product_tag":[],"class_list":{"0":"post-19530","1":"product","2":"type-product","3":"status-publish","4":"has-post-thumbnail","6":"product_brand-tsl","7":"product_cat-shoe-covers","9":"first","10":"instock","11":"shipping-taxable","12":"purchasable","13":"product-type-simple"},"acf":[],"yoast_head":"<!-- This site is optimized with the Yoast SEO plugin v27.2 - https:\/\/yoast.com\/product\/yoast-seo-wordpress\/ -->\n<title>\u0411\u0430\u0445\u0438\u043b\u044b TSL Long Gaiters Trek Grey - \u041c\u0430\u0433\u0430\u0437\u0438\u043d Xstyle<\/title>\n<meta name=\"description\" content=\"\u0411\u0430\u0445\u0438\u043b\u044b TSL Long Gaiters Trek Grey \u2014 \u043d\u0430\u0434\u0435\u0436\u043d\u0430\u044f \u0437\u0430\u0449\u0438\u0442\u0430 \u043e\u0442 \u0432\u043b\u0430\u0433\u0438 \u0438 \u0433\u0440\u044f\u0437\u0438 \u0434\u043b\u044f \u043f\u043e\u0445\u043e\u0434\u043e\u0432. \u041e\u0431\u043e\u0440\u0443\u0434\u043e\u0432\u0430\u043d\u044b \u0440\u0435\u0433\u0443\u043b\u0438\u0440\u043e\u0432\u043e\u0447\u043d\u043e\u0439 \u043b\u044f\u043c\u043a\u043e\u0439 \u0438 \u043f\u0440\u043e\u0447\u043d\u043e\u0439 \u0437\u0430\u0441\u0442\u0451\u0436\u043a\u043e\u0439.\" \/>\n<meta name=\"robots\" content=\"index, follow, max-snippet:-1, max-image-preview:large, max-video-preview:-1\" \/>\n<link rel=\"canonical\" href=\"https:\/\/xstyle.md\/ro\/produs\/bahily-tsl-long-gaiters-trek-grey\/\" \/>\n<meta property=\"og:locale\" content=\"ro_RO\" \/>\n<meta property=\"og:type\" content=\"article\" \/>\n<meta property=\"og:title\" content=\"\u0411\u0430\u0445\u0438\u043b\u044b TSL Long Gaiters Trek Grey - \u041c\u0430\u0433\u0430\u0437\u0438\u043d Xstyle\" \/>\n<meta property=\"og:description\" content=\"\u0411\u0430\u0445\u0438\u043b\u044b TSL Long Gaiters Trek Grey \u2014 \u043d\u0430\u0434\u0435\u0436\u043d\u0430\u044f \u0437\u0430\u0449\u0438\u0442\u0430 \u043e\u0442 \u0432\u043b\u0430\u0433\u0438 \u0438 \u0433\u0440\u044f\u0437\u0438 \u0434\u043b\u044f \u043f\u043e\u0445\u043e\u0434\u043e\u0432. \u041e\u0431\u043e\u0440\u0443\u0434\u043e\u0432\u0430\u043d\u044b \u0440\u0435\u0433\u0443\u043b\u0438\u0440\u043e\u0432\u043e\u0447\u043d\u043e\u0439 \u043b\u044f\u043c\u043a\u043e\u0439 \u0438 \u043f\u0440\u043e\u0447\u043d\u043e\u0439 \u0437\u0430\u0441\u0442\u0451\u0436\u043a\u043e\u0439.\" \/>\n<meta property=\"og:url\" content=\"https:\/\/xstyle.md\/ro\/produs\/bahily-tsl-long-gaiters-trek-grey\/\" \/>\n<meta property=\"og:site_name\" content=\"\u041c\u0430\u0433\u0430\u0437\u0438\u043d Xstyle\" \/>\n<meta property=\"article:publisher\" content=\"https:\/\/www.facebook.com\/xstylemd\" \/>\n<meta property=\"article:modified_time\" content=\"2024-11-12T10:01:36+00:00\" \/>\n<meta property=\"og:image\" content=\"https:\/\/xstyle.md\/wp-content\/uploads\/2020\/07\/guetres_trek_l_gry_pfgtl02_02.jpg\" \/>\n\t<meta property=\"og:image:width\" content=\"600\" \/>\n\t<meta property=\"og:image:height\" content=\"600\" \/>\n\t<meta property=\"og:image:type\" content=\"image\/jpeg\" \/>\n<meta name=\"twitter:card\" content=\"summary_large_image\" \/>\n<meta name=\"twitter:label1\" content=\"Pre\u021b\" \/>\n\t<meta name=\"twitter:data1\" content=\"595&nbsp;MDL\" \/>\n\t<meta name=\"twitter:label2\" content=\"Disponibilitate\" \/>\n\t<meta name=\"twitter:data2\" content=\"\u00cen stoc\" \/>\n<script type=\"application\/ld+json\" class=\"yoast-schema-graph\">{\"@context\":\"https:\/\/schema.org\",\"@graph\":[{\"@type\":\"WebPage\",\"@id\":\"https:\/\/xstyle.md\/product\/bahily-tsl-long-gaiters-trek-grey\/\",\"url\":\"https:\/\/xstyle.md\/product\/bahily-tsl-long-gaiters-trek-grey\/\",\"name\":\"\u0411\u0430\u0445\u0438\u043b\u044b TSL Long Gaiters Trek Grey - \u041c\u0430\u0433\u0430\u0437\u0438\u043d Xstyle\",\"isPartOf\":{\"@id\":\"https:\/\/xstyle.md\/#website\"},\"primaryImageOfPage\":{\"@id\":\"https:\/\/xstyle.md\/product\/bahily-tsl-long-gaiters-trek-grey\/#primaryimage\"},\"image\":{\"@id\":\"https:\/\/xstyle.md\/product\/bahily-tsl-long-gaiters-trek-grey\/#primaryimage\"},\"thumbnailUrl\":\"https:\/\/xstyle.md\/wp-content\/uploads\/2020\/07\/guetres_trek_l_gry_pfgtl02_02.jpg\",\"datePublished\":\"2020-07-17T21:08:40+00:00\",\"dateModified\":\"2024-11-12T10:01:36+00:00\",\"description\":\"\u0411\u0430\u0445\u0438\u043b\u044b TSL Long Gaiters Trek Grey \u2014 \u043d\u0430\u0434\u0435\u0436\u043d\u0430\u044f \u0437\u0430\u0449\u0438\u0442\u0430 \u043e\u0442 \u0432\u043b\u0430\u0433\u0438 \u0438 \u0433\u0440\u044f\u0437\u0438 \u0434\u043b\u044f \u043f\u043e\u0445\u043e\u0434\u043e\u0432. \u041e\u0431\u043e\u0440\u0443\u0434\u043e\u0432\u0430\u043d\u044b \u0440\u0435\u0433\u0443\u043b\u0438\u0440\u043e\u0432\u043e\u0447\u043d\u043e\u0439 \u043b\u044f\u043c\u043a\u043e\u0439 \u0438 \u043f\u0440\u043e\u0447\u043d\u043e\u0439 \u0437\u0430\u0441\u0442\u0451\u0436\u043a\u043e\u0439.\",\"breadcrumb\":{\"@id\":\"https:\/\/xstyle.md\/product\/bahily-tsl-long-gaiters-trek-grey\/#breadcrumb\"},\"inLanguage\":\"ro-RO\",\"potentialAction\":[{\"@type\":\"ReadAction\",\"target\":[\"https:\/\/xstyle.md\/product\/bahily-tsl-long-gaiters-trek-grey\/\"]}]},{\"@type\":\"ImageObject\",\"inLanguage\":\"ro-RO\",\"@id\":\"https:\/\/xstyle.md\/product\/bahily-tsl-long-gaiters-trek-grey\/#primaryimage\",\"url\":\"https:\/\/xstyle.md\/wp-content\/uploads\/2020\/07\/guetres_trek_l_gry_pfgtl02_02.jpg\",\"contentUrl\":\"https:\/\/xstyle.md\/wp-content\/uploads\/2020\/07\/guetres_trek_l_gry_pfgtl02_02.jpg\",\"width\":600,\"height\":600},{\"@type\":\"BreadcrumbList\",\"@id\":\"https:\/\/xstyle.md\/product\/bahily-tsl-long-gaiters-trek-grey\/#breadcrumb\",\"itemListElement\":[{\"@type\":\"ListItem\",\"position\":1,\"name\":\"\u0413\u043b\u0430\u0432\u043d\u0430\u044f \u0441\u0442\u0440\u0430\u043d\u0438\u0446\u0430\",\"item\":\"https:\/\/xstyle.md\/\"},{\"@type\":\"ListItem\",\"position\":2,\"name\":\"\u041c\u0430\u0433\u0430\u0437\u0438\u043d\",\"item\":\"https:\/\/xstyle.md\/shop\/\"},{\"@type\":\"ListItem\",\"position\":3,\"name\":\"\u0411\u0430\u0445\u0438\u043b\u044b TSL Long Gaiters Trek Grey\"}]},{\"@type\":\"WebSite\",\"@id\":\"https:\/\/xstyle.md\/#website\",\"url\":\"https:\/\/xstyle.md\/\",\"name\":\"\u041c\u0430\u0433\u0430\u0437\u0438\u043d Xstyle\",\"description\":\"C\u043d\u0430\u0440\u044f\u0436\u0435\u043d\u0438\u0435 \u0434\u043b\u044f \u0442\u0443\u0440\u0438\u0437\u043c\u0430 \u0438 \u044d\u043a\u0441\u0442\u0440\u0435\u043c\u0430\u043b\u044c\u043d\u044b\u0445 \u0432\u0438\u0434\u043e\u0432 \u0441\u043f\u043e\u0440\u0442\u0430 \u0432 \u041c\u043e\u043b\u0434\u043e\u0432\u0435.. \u0426\u0435\u043d\u044b, \u0444\u043e\u0442\u043e, \u0445\u0430\u0440\u0430\u043a\u0442\u0435\u0440\u0438\u0441\u0442\u0438\u043a\u0438 \u0432 \u041c\u043e\u043b\u0434\u043e\u0432\u0435.\",\"publisher\":{\"@id\":\"https:\/\/xstyle.md\/#organization\"},\"alternateName\":\"X-Style\",\"potentialAction\":[{\"@type\":\"SearchAction\",\"target\":{\"@type\":\"EntryPoint\",\"urlTemplate\":\"https:\/\/xstyle.md\/?s={search_term_string}\"},\"query-input\":{\"@type\":\"PropertyValueSpecification\",\"valueRequired\":true,\"valueName\":\"search_term_string\"}}],\"inLanguage\":\"ro-RO\"},{\"@type\":\"Organization\",\"@id\":\"https:\/\/xstyle.md\/#organization\",\"name\":\"\u041c\u0430\u0433\u0430\u0437\u0438\u043d Xstyle\",\"alternateName\":\"x-style\",\"url\":\"https:\/\/xstyle.md\/\",\"logo\":{\"@type\":\"ImageObject\",\"inLanguage\":\"ro-RO\",\"@id\":\"https:\/\/xstyle.md\/#\/schema\/logo\/image\/\",\"url\":\"https:\/\/xstyle.md\/wp-content\/uploads\/2020\/06\/logoicon.svg\",\"contentUrl\":\"https:\/\/xstyle.md\/wp-content\/uploads\/2020\/06\/logoicon.svg\",\"caption\":\"\u041c\u0430\u0433\u0430\u0437\u0438\u043d Xstyle\"},\"image\":{\"@id\":\"https:\/\/xstyle.md\/#\/schema\/logo\/image\/\"},\"sameAs\":[\"https:\/\/www.facebook.com\/xstylemd\",\"https:\/\/www.instagram.com\/xstyle_md\/\",\"https:\/\/t.me\/xstyle_outdoor\"],\"hasMerchantReturnPolicy\":{\"@type\":\"MerchantReturnPolicy\",\"merchantReturnLink\":\"https:\/\/xstyle.md\/ro\/conditions\/\"}}]}<\/script>\n<meta property=\"product:price:amount\" content=\"595.00\" \/>\n<meta property=\"product:price:currency\" content=\"MDL\" \/>\n<meta property=\"og:availability\" content=\"instock\" \/>\n<meta property=\"product:availability\" content=\"instock\" \/>\n<meta property=\"product:retailer_item_id\" content=\"3436500900118\" \/>\n<meta property=\"product:condition\" content=\"new\" \/>\n<!-- \/ Yoast SEO plugin. -->","yoast_head_json":{"title":"Paraz\u0103pezi TSL Long Gaiters Trek Grey - Magazin Xstyle","description":"Bachile TSL Long Gaiters Trek Grey \u2014 protec\u021bie de \u00eencredere \u00eempotriva umezelii \u0219i murd\u0103riei pentru drume\u021bii. Echipate cu curea de ajustare \u0219i \u00eenchidere solid\u0103.","robots":{"index":"index","follow":"follow","max-snippet":"max-snippet:-1","max-image-preview":"max-image-preview:large","max-video-preview":"max-video-preview:-1"},"canonical":"https:\/\/xstyle.md\/ro\/produs\/bahily-tsl-long-gaiters-trek-grey\/","og_locale":"ro_RO","og_type":"article","og_title":"\u0411\u0430\u0445\u0438\u043b\u044b TSL Long Gaiters Trek Grey - \u041c\u0430\u0433\u0430\u0437\u0438\u043d Xstyle","og_description":"\u0411\u0430\u0445\u0438\u043b\u044b TSL Long Gaiters Trek Grey \u2014 \u043d\u0430\u0434\u0435\u0436\u043d\u0430\u044f \u0437\u0430\u0449\u0438\u0442\u0430 \u043e\u0442 \u0432\u043b\u0430\u0433\u0438 \u0438 \u0433\u0440\u044f\u0437\u0438 \u0434\u043b\u044f \u043f\u043e\u0445\u043e\u0434\u043e\u0432. \u041e\u0431\u043e\u0440\u0443\u0434\u043e\u0432\u0430\u043d\u044b \u0440\u0435\u0433\u0443\u043b\u0438\u0440\u043e\u0432\u043e\u0447\u043d\u043e\u0439 \u043b\u044f\u043c\u043a\u043e\u0439 \u0438 \u043f\u0440\u043e\u0447\u043d\u043e\u0439 \u0437\u0430\u0441\u0442\u0451\u0436\u043a\u043e\u0439.","og_url":"https:\/\/xstyle.md\/ro\/produs\/bahily-tsl-long-gaiters-trek-grey\/","og_site_name":"\u041c\u0430\u0433\u0430\u0437\u0438\u043d Xstyle","article_publisher":"https:\/\/www.facebook.com\/xstylemd","article_modified_time":"2024-11-12T10:01:36+00:00","og_image":[{"width":600,"height":600,"url":"https:\/\/xstyle.md\/wp-content\/uploads\/2020\/07\/guetres_trek_l_gry_pfgtl02_02.jpg","type":"image\/jpeg"}],"twitter_card":"summary_large_image","twitter_misc":{"Pre\u021b":"595&nbsp;MDL","Disponibilitate":"\u00cen stoc"},"schema":{"@context":"https:\/\/schema.org","@graph":[{"@type":"WebPage","@id":"https:\/\/xstyle.md\/product\/bahily-tsl-long-gaiters-trek-grey\/","url":"https:\/\/xstyle.md\/product\/bahily-tsl-long-gaiters-trek-grey\/","name":"Paraz\u0103pezi TSL Long Gaiters Trek Grey - Magazin Xstyle","isPartOf":{"@id":"https:\/\/xstyle.md\/#website"},"primaryImageOfPage":{"@id":"https:\/\/xstyle.md\/product\/bahily-tsl-long-gaiters-trek-grey\/#primaryimage"},"image":{"@id":"https:\/\/xstyle.md\/product\/bahily-tsl-long-gaiters-trek-grey\/#primaryimage"},"thumbnailUrl":"https:\/\/xstyle.md\/wp-content\/uploads\/2020\/07\/guetres_trek_l_gry_pfgtl02_02.jpg","datePublished":"2020-07-17T21:08:40+00:00","dateModified":"2024-11-12T10:01:36+00:00","description":"Bachile TSL Long Gaiters Trek Grey \u2014 protec\u021bie de \u00eencredere \u00eempotriva umezelii \u0219i murd\u0103riei pentru drume\u021bii. Echipate cu curea de ajustare \u0219i \u00eenchidere solid\u0103.","breadcrumb":{"@id":"https:\/\/xstyle.md\/product\/bahily-tsl-long-gaiters-trek-grey\/#breadcrumb"},"inLanguage":"ro-RO","potentialAction":[{"@type":"ReadAction","target":["https:\/\/xstyle.md\/product\/bahily-tsl-long-gaiters-trek-grey\/"]}]},{"@type":"ImageObject","inLanguage":"ro-RO","@id":"https:\/\/xstyle.md\/product\/bahily-tsl-long-gaiters-trek-grey\/#primaryimage","url":"https:\/\/xstyle.md\/wp-content\/uploads\/2020\/07\/guetres_trek_l_gry_pfgtl02_02.jpg","contentUrl":"https:\/\/xstyle.md\/wp-content\/uploads\/2020\/07\/guetres_trek_l_gry_pfgtl02_02.jpg","width":600,"height":600},{"@type":"BreadcrumbList","@id":"https:\/\/xstyle.md\/product\/bahily-tsl-long-gaiters-trek-grey\/#breadcrumb","itemListElement":[{"@type":"ListItem","position":1,"name":"\u0413\u043b\u0430\u0432\u043d\u0430\u044f \u0441\u0442\u0440\u0430\u043d\u0438\u0446\u0430","item":"https:\/\/xstyle.md\/"},{"@type":"ListItem","position":2,"name":"\u041c\u0430\u0433\u0430\u0437\u0438\u043d","item":"https:\/\/xstyle.md\/shop\/"},{"@type":"ListItem","position":3,"name":"\u0411\u0430\u0445\u0438\u043b\u044b TSL Long Gaiters Trek Grey"}]},{"@type":"WebSite","@id":"https:\/\/xstyle.md\/#website","url":"https:\/\/xstyle.md\/","name":"Magazinul X-Style","description":"Echipamente pentru turism \u0219i sporturi extreme \u00een Moldova. Pre\u021buri, fotografii, caracteristici \u00een Moldova.","publisher":{"@id":"https:\/\/xstyle.md\/#organization"},"alternateName":"X-Style","potentialAction":[{"@type":"SearchAction","target":{"@type":"EntryPoint","urlTemplate":"https:\/\/xstyle.md\/?s={search_term_string}"},"query-input":{"@type":"PropertyValueSpecification","valueRequired":true,"valueName":"search_term_string"}}],"inLanguage":"ro-RO"},{"@type":"Organization","@id":"https:\/\/xstyle.md\/#organization","name":"Magazinul X-Style","alternateName":"x-style","url":"https:\/\/xstyle.md\/","logo":{"@type":"ImageObject","inLanguage":"ro-RO","@id":"https:\/\/xstyle.md\/#\/schema\/logo\/image\/","url":"https:\/\/xstyle.md\/wp-content\/uploads\/2020\/06\/logoicon.svg","contentUrl":"https:\/\/xstyle.md\/wp-content\/uploads\/2020\/06\/logoicon.svg","caption":"\u041c\u0430\u0433\u0430\u0437\u0438\u043d Xstyle"},"image":{"@id":"https:\/\/xstyle.md\/#\/schema\/logo\/image\/"},"sameAs":["https:\/\/www.facebook.com\/xstylemd","https:\/\/www.instagram.com\/xstyle_md\/","https:\/\/t.me\/xstyle_outdoor"],"hasMerchantReturnPolicy":{"@type":"MerchantReturnPolicy","merchantReturnLink":"https:\/\/xstyle.md\/ro\/conditions\/"}}]},"product_price_amount":"595.00","product_price_currency":"MDL","og_availability":"instock","product_availability":"instock","product_retailer_item_id":"3436500900118","product_condition":"new"},"post_mailing_queue_ids":[],"_links":{"self":[{"href":"https:\/\/xstyle.md\/ro\/wp-json\/wp\/v2\/product\/19530","targetHints":{"allow":["GET"]}}],"collection":[{"href":"https:\/\/xstyle.md\/ro\/wp-json\/wp\/v2\/product"}],"about":[{"href":"https:\/\/xstyle.md\/ro\/wp-json\/wp\/v2\/types\/product"}],"replies":[{"embeddable":true,"href":"https:\/\/xstyle.md\/ro\/wp-json\/wp\/v2\/comments?post=19530"}],"wp:featuredmedia":[{"embeddable":true,"href":"https:\/\/xstyle.md\/ro\/wp-json\/wp\/v2\/media\/19529"}],"wp:attachment":[{"href":"https:\/\/xstyle.md\/ro\/wp-json\/wp\/v2\/media?parent=19530"}],"wp:term":[{"taxonomy":"product_brand","embeddable":true,"href":"https:\/\/xstyle.md\/ro\/wp-json\/wp\/v2\/product_brand?post=19530"},{"taxonomy":"product_cat","embeddable":true,"href":"https:\/\/xstyle.md\/ro\/wp-json\/wp\/v2\/product_cat?post=19530"},{"taxonomy":"product_tag","embeddable":true,"href":"https:\/\/xstyle.md\/ro\/wp-json\/wp\/v2\/product_tag?post=19530"}],"curies":[{"name":"wp","href":"https:\/\/api.w.org\/{rel}","templated":true}]}}