{"id":1953,"date":"2020-07-16T16:44:58","date_gmt":"2020-07-16T13:44:58","guid":{"rendered":"https:\/\/xstyle.md\/?post_type=product&#038;p=1953"},"modified":"2026-03-19T16:24:07","modified_gmt":"2026-03-19T13:24:07","slug":"frend-black-diamond-camalot-c4-1","status":"publish","type":"product","link":"https:\/\/xstyle.md\/ro\/produs\/frend-black-diamond-camalot-c4-1\/","title":{"rendered":"Friend Black Diamond Camalot C4 #1"},"content":{"rendered":"<\/p>\n<p><strong>Friend Black Diamond Camalot C4 #1<\/strong> pentru asigurare mobil\u0103 cu ax dublu, av&acirc;nd o raz\u0103 util\u0103 mult mai mare dec&acirc;t cele clasice pe un ax. Fiecare m\u0103rime are bucl\u0103 de culoare diferit\u0103. Poate fi manevrat cu m\u0103nu\u0219i. Model foarte u\u0219or, ergonomic. Sistem de cablu C-Loop.<\/p>\n<p><strong>Caracteristici:<\/strong><\/p>\n<ul>\n<li>Rezisten\u021b\u0103: 14 kN<\/li>\n<li>Raz\u0103 util\u0103: 30.2-52.1 mm<\/li>\n<li>Greutate: 136 g<\/li>\n<li>Deschidere minim\u0103 &nbsp;&nbsp; &nbsp;30.2 mm<\/li>\n<li>Deschidere maxim\u0103 &nbsp;&nbsp; &nbsp;52.1 mm<\/li>\n<\/ul>\n<p><a href=\"http:\/\/www.youtube.com\/embed\/05i2_C2XZEk\">www.youtube.com\/embed\/05i2_C2XZEk<\/a><\/p>\n<p><\/p>","protected":false},"excerpt":{"rendered":"<p>Friend Black Diamond Camalot C4 #1<\/p>","protected":false},"featured_media":1952,"comment_status":"open","ping_status":"closed","template":"","meta":{"_acf_changed":false,"inline_featured_image":false},"product_brand":[1306],"product_cat":[328],"product_tag":[],"class_list":{"0":"post-1953","1":"product","2":"type-product","3":"status-publish","4":"has-post-thumbnail","6":"product_brand-black-diamond","7":"product_cat-hooks","9":"first","10":"outofstock","11":"shipping-taxable","12":"product-type-simple"},"acf":[],"yoast_head":"<!-- This site is optimized with the Yoast SEO plugin v27.2 - https:\/\/yoast.com\/product\/yoast-seo-wordpress\/ -->\n<title>\u0424\u0440\u0435\u043d\u0434 Black Diamond Camalot C4 #1 - \u041c\u0430\u0433\u0430\u0437\u0438\u043d Xstyle<\/title>\n<meta name=\"description\" content=\"\u041a\u0443\u043f\u0438\u0442\u0435 \u0444\u0440\u0435\u043d\u0434 Black Diamond Camalot C4 #1 \u2013 \u043d\u0430\u0434\u0435\u0436\u043d\u043e\u0435 \u043c\u043e\u0431\u0438\u043b\u044c\u043d\u043e\u0435 \u043e\u0441\u043d\u0430\u0449\u0435\u043d\u0438\u0435 \u0441 \u0434\u0432\u043e\u0439\u043d\u044b\u043c \u043e\u0441\u044c\u044e, \u043b\u0435\u0433\u043a\u0438\u0439 \u0438 \u044d\u0440\u0433\u043e\u043d\u043e\u043c\u0438\u0447\u043d\u044b\u0439. \u041e\u043f\u0442\u0438\u043c\u0430\u043b\u044c\u043d\u0430\u044f \u043c\u043e\u0449\u043d\u043e\u0441\u0442\u044c \u0438 \u043c\u0430\u043a\u0441\u0438\u043c\u0430\u043b\u044c\u043d\u0430\u044f \u0433\u0438\u0431\u043a\u043e\u0441\u0442\u044c!\" \/>\n<meta name=\"robots\" content=\"index, follow, max-snippet:-1, max-image-preview:large, max-video-preview:-1\" \/>\n<link rel=\"canonical\" href=\"https:\/\/xstyle.md\/ro\/produs\/frend-black-diamond-camalot-c4-1\/\" \/>\n<meta property=\"og:locale\" content=\"ro_RO\" \/>\n<meta property=\"og:type\" content=\"article\" \/>\n<meta property=\"og:title\" content=\"\u0424\u0440\u0435\u043d\u0434 Black Diamond Camalot C4 #1 - \u041c\u0430\u0433\u0430\u0437\u0438\u043d Xstyle\" \/>\n<meta property=\"og:description\" content=\"\u041a\u0443\u043f\u0438\u0442\u0435 \u0444\u0440\u0435\u043d\u0434 Black Diamond Camalot C4 #1 \u2013 \u043d\u0430\u0434\u0435\u0436\u043d\u043e\u0435 \u043c\u043e\u0431\u0438\u043b\u044c\u043d\u043e\u0435 \u043e\u0441\u043d\u0430\u0449\u0435\u043d\u0438\u0435 \u0441 \u0434\u0432\u043e\u0439\u043d\u044b\u043c \u043e\u0441\u044c\u044e, \u043b\u0435\u0433\u043a\u0438\u0439 \u0438 \u044d\u0440\u0433\u043e\u043d\u043e\u043c\u0438\u0447\u043d\u044b\u0439. \u041e\u043f\u0442\u0438\u043c\u0430\u043b\u044c\u043d\u0430\u044f \u043c\u043e\u0449\u043d\u043e\u0441\u0442\u044c \u0438 \u043c\u0430\u043a\u0441\u0438\u043c\u0430\u043b\u044c\u043d\u0430\u044f \u0433\u0438\u0431\u043a\u043e\u0441\u0442\u044c!\" \/>\n<meta property=\"og:url\" content=\"https:\/\/xstyle.md\/ro\/produs\/frend-black-diamond-camalot-c4-1\/\" \/>\n<meta property=\"og:site_name\" content=\"\u041c\u0430\u0433\u0430\u0437\u0438\u043d Xstyle\" \/>\n<meta property=\"article:publisher\" content=\"https:\/\/www.facebook.com\/xstylemd\" \/>\n<meta property=\"article:modified_time\" content=\"2026-03-19T13:24:07+00:00\" \/>\n<meta property=\"og:image\" content=\"https:\/\/xstyle.md\/wp-content\/uploads\/2020\/07\/frendnr1.jpg\" \/>\n\t<meta property=\"og:image:width\" content=\"300\" \/>\n\t<meta property=\"og:image:height\" content=\"250\" \/>\n\t<meta property=\"og:image:type\" content=\"image\/jpeg\" \/>\n<meta name=\"twitter:card\" content=\"summary_large_image\" \/>\n<meta name=\"twitter:label1\" content=\"Pre\u021b\" \/>\n\t<meta name=\"twitter:data1\" content=\"1.890&nbsp;MDL\" \/>\n\t<meta name=\"twitter:label2\" content=\"Disponibilitate\" \/>\n\t<meta name=\"twitter:data2\" content=\"Stoc epuizat\" \/>\n<script type=\"application\/ld+json\" class=\"yoast-schema-graph\">{\"@context\":\"https:\/\/schema.org\",\"@graph\":[{\"@type\":\"WebPage\",\"@id\":\"https:\/\/xstyle.md\/product\/frend-black-diamond-camalot-c4-1\/\",\"url\":\"https:\/\/xstyle.md\/product\/frend-black-diamond-camalot-c4-1\/\",\"name\":\"\u0424\u0440\u0435\u043d\u0434 Black Diamond Camalot C4 #1 - \u041c\u0430\u0433\u0430\u0437\u0438\u043d Xstyle\",\"isPartOf\":{\"@id\":\"https:\/\/xstyle.md\/#website\"},\"primaryImageOfPage\":{\"@id\":\"https:\/\/xstyle.md\/product\/frend-black-diamond-camalot-c4-1\/#primaryimage\"},\"image\":{\"@id\":\"https:\/\/xstyle.md\/product\/frend-black-diamond-camalot-c4-1\/#primaryimage\"},\"thumbnailUrl\":\"https:\/\/xstyle.md\/wp-content\/uploads\/2020\/07\/frendnr1.jpg\",\"datePublished\":\"2020-07-16T13:44:58+00:00\",\"dateModified\":\"2026-03-19T13:24:07+00:00\",\"description\":\"\u041a\u0443\u043f\u0438\u0442\u0435 \u0444\u0440\u0435\u043d\u0434 Black Diamond Camalot C4 #1 \u2013 \u043d\u0430\u0434\u0435\u0436\u043d\u043e\u0435 \u043c\u043e\u0431\u0438\u043b\u044c\u043d\u043e\u0435 \u043e\u0441\u043d\u0430\u0449\u0435\u043d\u0438\u0435 \u0441 \u0434\u0432\u043e\u0439\u043d\u044b\u043c \u043e\u0441\u044c\u044e, \u043b\u0435\u0433\u043a\u0438\u0439 \u0438 \u044d\u0440\u0433\u043e\u043d\u043e\u043c\u0438\u0447\u043d\u044b\u0439. \u041e\u043f\u0442\u0438\u043c\u0430\u043b\u044c\u043d\u0430\u044f \u043c\u043e\u0449\u043d\u043e\u0441\u0442\u044c \u0438 \u043c\u0430\u043a\u0441\u0438\u043c\u0430\u043b\u044c\u043d\u0430\u044f \u0433\u0438\u0431\u043a\u043e\u0441\u0442\u044c!\",\"breadcrumb\":{\"@id\":\"https:\/\/xstyle.md\/product\/frend-black-diamond-camalot-c4-1\/#breadcrumb\"},\"inLanguage\":\"ro-RO\",\"potentialAction\":[{\"@type\":\"ReadAction\",\"target\":[\"https:\/\/xstyle.md\/product\/frend-black-diamond-camalot-c4-1\/\"]}]},{\"@type\":\"ImageObject\",\"inLanguage\":\"ro-RO\",\"@id\":\"https:\/\/xstyle.md\/product\/frend-black-diamond-camalot-c4-1\/#primaryimage\",\"url\":\"https:\/\/xstyle.md\/wp-content\/uploads\/2020\/07\/frendnr1.jpg\",\"contentUrl\":\"https:\/\/xstyle.md\/wp-content\/uploads\/2020\/07\/frendnr1.jpg\",\"width\":300,\"height\":250},{\"@type\":\"BreadcrumbList\",\"@id\":\"https:\/\/xstyle.md\/product\/frend-black-diamond-camalot-c4-1\/#breadcrumb\",\"itemListElement\":[{\"@type\":\"ListItem\",\"position\":1,\"name\":\"\u0413\u043b\u0430\u0432\u043d\u0430\u044f \u0441\u0442\u0440\u0430\u043d\u0438\u0446\u0430\",\"item\":\"https:\/\/xstyle.md\/\"},{\"@type\":\"ListItem\",\"position\":2,\"name\":\"\u041c\u0430\u0433\u0430\u0437\u0438\u043d\",\"item\":\"https:\/\/xstyle.md\/shop\/\"},{\"@type\":\"ListItem\",\"position\":3,\"name\":\"\u0424\u0440\u0435\u043d\u0434 Black Diamond Camalot C4 #1\"}]},{\"@type\":\"WebSite\",\"@id\":\"https:\/\/xstyle.md\/#website\",\"url\":\"https:\/\/xstyle.md\/\",\"name\":\"\u041c\u0430\u0433\u0430\u0437\u0438\u043d Xstyle\",\"description\":\"C\u043d\u0430\u0440\u044f\u0436\u0435\u043d\u0438\u0435 \u0434\u043b\u044f \u0442\u0443\u0440\u0438\u0437\u043c\u0430 \u0438 \u044d\u043a\u0441\u0442\u0440\u0435\u043c\u0430\u043b\u044c\u043d\u044b\u0445 \u0432\u0438\u0434\u043e\u0432 \u0441\u043f\u043e\u0440\u0442\u0430 \u0432 \u041c\u043e\u043b\u0434\u043e\u0432\u0435.. \u0426\u0435\u043d\u044b, \u0444\u043e\u0442\u043e, \u0445\u0430\u0440\u0430\u043a\u0442\u0435\u0440\u0438\u0441\u0442\u0438\u043a\u0438 \u0432 \u041c\u043e\u043b\u0434\u043e\u0432\u0435.\",\"publisher\":{\"@id\":\"https:\/\/xstyle.md\/#organization\"},\"alternateName\":\"X-Style\",\"potentialAction\":[{\"@type\":\"SearchAction\",\"target\":{\"@type\":\"EntryPoint\",\"urlTemplate\":\"https:\/\/xstyle.md\/?s={search_term_string}\"},\"query-input\":{\"@type\":\"PropertyValueSpecification\",\"valueRequired\":true,\"valueName\":\"search_term_string\"}}],\"inLanguage\":\"ro-RO\"},{\"@type\":\"Organization\",\"@id\":\"https:\/\/xstyle.md\/#organization\",\"name\":\"\u041c\u0430\u0433\u0430\u0437\u0438\u043d Xstyle\",\"alternateName\":\"x-style\",\"url\":\"https:\/\/xstyle.md\/\",\"logo\":{\"@type\":\"ImageObject\",\"inLanguage\":\"ro-RO\",\"@id\":\"https:\/\/xstyle.md\/#\/schema\/logo\/image\/\",\"url\":\"https:\/\/xstyle.md\/wp-content\/uploads\/2020\/06\/logoicon.svg\",\"contentUrl\":\"https:\/\/xstyle.md\/wp-content\/uploads\/2020\/06\/logoicon.svg\",\"caption\":\"\u041c\u0430\u0433\u0430\u0437\u0438\u043d Xstyle\"},\"image\":{\"@id\":\"https:\/\/xstyle.md\/#\/schema\/logo\/image\/\"},\"sameAs\":[\"https:\/\/www.facebook.com\/xstylemd\",\"https:\/\/www.instagram.com\/xstyle_md\/\",\"https:\/\/t.me\/xstyle_outdoor\"],\"hasMerchantReturnPolicy\":{\"@type\":\"MerchantReturnPolicy\",\"merchantReturnLink\":\"https:\/\/xstyle.md\/ro\/conditions\/\"}}]}<\/script>\n<meta property=\"product:price:amount\" content=\"1890.00\" \/>\n<meta property=\"product:price:currency\" content=\"MDL\" \/>\n<meta property=\"og:availability\" content=\"out of stock\" \/>\n<meta property=\"product:availability\" content=\"out of stock\" \/>\n<meta property=\"product:retailer_item_id\" content=\"793661064374\" \/>\n<meta property=\"product:condition\" content=\"new\" \/>\n<!-- \/ Yoast SEO plugin. -->","yoast_head_json":{"title":"Friend Black Diamond Camalot C4 #1 - Magazin Xstyle","description":"Cump\u0103ra\u021bi frendul Black Diamond Camalot C4 #1 \u2013 un echipament mobil de \u00eencredere cu axa dubl\u0103, u\u0219or \u0219i ergonomic. Putere optim\u0103 \u0219i flexibilitate maxim\u0103!","robots":{"index":"index","follow":"follow","max-snippet":"max-snippet:-1","max-image-preview":"max-image-preview:large","max-video-preview":"max-video-preview:-1"},"canonical":"https:\/\/xstyle.md\/ro\/produs\/frend-black-diamond-camalot-c4-1\/","og_locale":"ro_RO","og_type":"article","og_title":"\u0424\u0440\u0435\u043d\u0434 Black Diamond Camalot C4 #1 - \u041c\u0430\u0433\u0430\u0437\u0438\u043d Xstyle","og_description":"\u041a\u0443\u043f\u0438\u0442\u0435 \u0444\u0440\u0435\u043d\u0434 Black Diamond Camalot C4 #1 \u2013 \u043d\u0430\u0434\u0435\u0436\u043d\u043e\u0435 \u043c\u043e\u0431\u0438\u043b\u044c\u043d\u043e\u0435 \u043e\u0441\u043d\u0430\u0449\u0435\u043d\u0438\u0435 \u0441 \u0434\u0432\u043e\u0439\u043d\u044b\u043c \u043e\u0441\u044c\u044e, \u043b\u0435\u0433\u043a\u0438\u0439 \u0438 \u044d\u0440\u0433\u043e\u043d\u043e\u043c\u0438\u0447\u043d\u044b\u0439. \u041e\u043f\u0442\u0438\u043c\u0430\u043b\u044c\u043d\u0430\u044f \u043c\u043e\u0449\u043d\u043e\u0441\u0442\u044c \u0438 \u043c\u0430\u043a\u0441\u0438\u043c\u0430\u043b\u044c\u043d\u0430\u044f \u0433\u0438\u0431\u043a\u043e\u0441\u0442\u044c!","og_url":"https:\/\/xstyle.md\/ro\/produs\/frend-black-diamond-camalot-c4-1\/","og_site_name":"\u041c\u0430\u0433\u0430\u0437\u0438\u043d Xstyle","article_publisher":"https:\/\/www.facebook.com\/xstylemd","article_modified_time":"2026-03-19T13:24:07+00:00","og_image":[{"width":300,"height":250,"url":"https:\/\/xstyle.md\/wp-content\/uploads\/2020\/07\/frendnr1.jpg","type":"image\/jpeg"}],"twitter_card":"summary_large_image","twitter_misc":{"Pre\u021b":"1.890&nbsp;MDL","Disponibilitate":"Stoc epuizat"},"schema":{"@context":"https:\/\/schema.org","@graph":[{"@type":"WebPage","@id":"https:\/\/xstyle.md\/product\/frend-black-diamond-camalot-c4-1\/","url":"https:\/\/xstyle.md\/product\/frend-black-diamond-camalot-c4-1\/","name":"Friend Black Diamond Camalot C4 #1 - Magazin Xstyle","isPartOf":{"@id":"https:\/\/xstyle.md\/#website"},"primaryImageOfPage":{"@id":"https:\/\/xstyle.md\/product\/frend-black-diamond-camalot-c4-1\/#primaryimage"},"image":{"@id":"https:\/\/xstyle.md\/product\/frend-black-diamond-camalot-c4-1\/#primaryimage"},"thumbnailUrl":"https:\/\/xstyle.md\/wp-content\/uploads\/2020\/07\/frendnr1.jpg","datePublished":"2020-07-16T13:44:58+00:00","dateModified":"2026-03-19T13:24:07+00:00","description":"Cump\u0103ra\u021bi frendul Black Diamond Camalot C4 #1 \u2013 un echipament mobil de \u00eencredere cu axa dubl\u0103, u\u0219or \u0219i ergonomic. Putere optim\u0103 \u0219i flexibilitate maxim\u0103!","breadcrumb":{"@id":"https:\/\/xstyle.md\/product\/frend-black-diamond-camalot-c4-1\/#breadcrumb"},"inLanguage":"ro-RO","potentialAction":[{"@type":"ReadAction","target":["https:\/\/xstyle.md\/product\/frend-black-diamond-camalot-c4-1\/"]}]},{"@type":"ImageObject","inLanguage":"ro-RO","@id":"https:\/\/xstyle.md\/product\/frend-black-diamond-camalot-c4-1\/#primaryimage","url":"https:\/\/xstyle.md\/wp-content\/uploads\/2020\/07\/frendnr1.jpg","contentUrl":"https:\/\/xstyle.md\/wp-content\/uploads\/2020\/07\/frendnr1.jpg","width":300,"height":250},{"@type":"BreadcrumbList","@id":"https:\/\/xstyle.md\/product\/frend-black-diamond-camalot-c4-1\/#breadcrumb","itemListElement":[{"@type":"ListItem","position":1,"name":"\u0413\u043b\u0430\u0432\u043d\u0430\u044f \u0441\u0442\u0440\u0430\u043d\u0438\u0446\u0430","item":"https:\/\/xstyle.md\/"},{"@type":"ListItem","position":2,"name":"\u041c\u0430\u0433\u0430\u0437\u0438\u043d","item":"https:\/\/xstyle.md\/shop\/"},{"@type":"ListItem","position":3,"name":"\u0424\u0440\u0435\u043d\u0434 Black Diamond Camalot C4 #1"}]},{"@type":"WebSite","@id":"https:\/\/xstyle.md\/#website","url":"https:\/\/xstyle.md\/","name":"Magazinul X-Style","description":"Echipamente pentru turism \u0219i sporturi extreme \u00een Moldova. Pre\u021buri, fotografii, caracteristici \u00een Moldova.","publisher":{"@id":"https:\/\/xstyle.md\/#organization"},"alternateName":"X-Style","potentialAction":[{"@type":"SearchAction","target":{"@type":"EntryPoint","urlTemplate":"https:\/\/xstyle.md\/?s={search_term_string}"},"query-input":{"@type":"PropertyValueSpecification","valueRequired":true,"valueName":"search_term_string"}}],"inLanguage":"ro-RO"},{"@type":"Organization","@id":"https:\/\/xstyle.md\/#organization","name":"Magazinul X-Style","alternateName":"x-style","url":"https:\/\/xstyle.md\/","logo":{"@type":"ImageObject","inLanguage":"ro-RO","@id":"https:\/\/xstyle.md\/#\/schema\/logo\/image\/","url":"https:\/\/xstyle.md\/wp-content\/uploads\/2020\/06\/logoicon.svg","contentUrl":"https:\/\/xstyle.md\/wp-content\/uploads\/2020\/06\/logoicon.svg","caption":"\u041c\u0430\u0433\u0430\u0437\u0438\u043d Xstyle"},"image":{"@id":"https:\/\/xstyle.md\/#\/schema\/logo\/image\/"},"sameAs":["https:\/\/www.facebook.com\/xstylemd","https:\/\/www.instagram.com\/xstyle_md\/","https:\/\/t.me\/xstyle_outdoor"],"hasMerchantReturnPolicy":{"@type":"MerchantReturnPolicy","merchantReturnLink":"https:\/\/xstyle.md\/ro\/conditions\/"}}]},"product_price_amount":"1890.00","product_price_currency":"MDL","og_availability":"out of stock","product_availability":"out of stock","product_retailer_item_id":"793661064374","product_condition":"new"},"post_mailing_queue_ids":[],"_links":{"self":[{"href":"https:\/\/xstyle.md\/ro\/wp-json\/wp\/v2\/product\/1953","targetHints":{"allow":["GET"]}}],"collection":[{"href":"https:\/\/xstyle.md\/ro\/wp-json\/wp\/v2\/product"}],"about":[{"href":"https:\/\/xstyle.md\/ro\/wp-json\/wp\/v2\/types\/product"}],"replies":[{"embeddable":true,"href":"https:\/\/xstyle.md\/ro\/wp-json\/wp\/v2\/comments?post=1953"}],"wp:featuredmedia":[{"embeddable":true,"href":"https:\/\/xstyle.md\/ro\/wp-json\/wp\/v2\/media\/1952"}],"wp:attachment":[{"href":"https:\/\/xstyle.md\/ro\/wp-json\/wp\/v2\/media?parent=1953"}],"wp:term":[{"taxonomy":"product_brand","embeddable":true,"href":"https:\/\/xstyle.md\/ro\/wp-json\/wp\/v2\/product_brand?post=1953"},{"taxonomy":"product_cat","embeddable":true,"href":"https:\/\/xstyle.md\/ro\/wp-json\/wp\/v2\/product_cat?post=1953"},{"taxonomy":"product_tag","embeddable":true,"href":"https:\/\/xstyle.md\/ro\/wp-json\/wp\/v2\/product_tag?post=1953"}],"curies":[{"name":"wp","href":"https:\/\/api.w.org\/{rel}","templated":true}]}}