{"id":19487,"date":"2020-07-18T00:05:40","date_gmt":"2020-07-17T21:05:40","guid":{"rendered":"https:\/\/xstyle.md\/product\/nozh-mora-hunting-set-orange-2"},"modified":"2025-10-24T12:55:33","modified_gmt":"2025-10-24T09:55:33","slug":"nozh-mora-hunting-set-orange-2","status":"publish","type":"product","link":"https:\/\/xstyle.md\/ro\/produs\/nozh-mora-hunting-set-orange-2\/","title":{"rendered":"Set cu\u021bite Mora Hunting 2 + Musat ORANGE"},"content":{"rendered":"<\/p>\n<p><strong>Set cu\u021bite Mora Hunting 2 + Musat ORANGE<\/strong> &#8212; include cu\u021bite de t\u0103iere (dezosare \u0219i jupuire), precum \u0219i ascu\u021bitor-musat pentru a men\u021bine claritatea t\u0103ierii. Trusa este realizat\u0103 din o\u021bel inoxidabil durabil \u0219i fiabil. Kitul include de asemenea musat pentru \u00eendreptarea lamelor. Acest set este destinat v\u00e2n\u0103torilor \u0219i turi\u0219tilor. Cu\u021bitele cu\u021bite au o configura\u021bie diferit\u0103, oferind o gam\u0103 larg\u0103 de aplica\u021bii. Culoarea atractiv\u0103, str\u0103lucitoare, original\u0103 datorit\u0103 c\u0103reia poate fi g\u0103sit cu u\u015furin\u0163\u0103.<\/p>\n<p>Lama cu\u021bitelor este realizat\u0103 din o\u021bel inoxidabil Sandvik suedez. Duritatea 52-60 HRC conform Rockwell se realizeaz\u0103 prin stingerea cu azot lichid la o temperatur\u0103 de -80C. Pentru a preveni coroziunea, s-a ad\u0103ugat 13-18% crom la o\u021bel, s-a ad\u0103ugat 0,4-0,7% carbon pentru duritate suplimentar\u0103. O\u021belul inoxidabil rezistent la uzur\u0103 Sandvik este u\u0219or de \u00eentre\u021binut \u0219i igienic. M\u00e2nerurile ergonomice realizate din material sintetic asem\u0103n\u0103tor cauciucului, cu acoperire antiderapant\u0103, asigur\u0103 \u00eencrederea \u0219i siguran\u021ba. Kitul include o cutie pentru depozitarea \u0219i transportul \u00een siguran\u021b\u0103 al kitului.<\/p>\n<p>Cu\u021bitele Mora sunt f\u0103cute \u00een Ostnor de mai bine de un secol. Odat\u0103 au fost f\u0103cute \u00een fiecare cas\u0103 de me\u0219teri locali care \u0219i-au transmis abilit\u0103\u021bile din genera\u021bie \u00een genera\u021bie. Ast\u0103zi, aceste abilit\u0103\u021bi se afl\u0103 sub un singur acoperi\u0219 \u0219i, indiferent cu cine comunica\u021bi \u00een fabric\u0103, pot spune o poveste familial\u0103 \u00een care fabricarea cu\u021bitelor joac\u0103 un rol central! Acum, ca atunci, au aceea\u0219i abordare a produc\u021biei. Mora folose\u0219te metode ra\u021bionale pentru a transfera abordarea maestrului c\u0103tre tehnologia modern\u0103. Singura diferen\u021b\u0103 este utilizarea celor mai recente dezvolt\u0103ri tehnice.<\/p>\n<p>Cump\u0103r\u00e2nd un cu\u021bit Mora, ob\u021bine\u021bi un produs de calitate, care v\u0103 va servi cu credin\u021b\u0103 mul\u021bi ani.<\/p>\n<h3>Include\u021bi<\/h3>\n<ul>\n<li>Cu\u021bitul dezosar &#8212; folosit pentru a separa carnea de os. Cu\u021bitul se caracterizeaz\u0103 printr-o lam\u0103 sub\u021bire \u0219i flexibil\u0103.<\/li>\n<li>Skinner (cu\u021bit Skinning) &#8212; folosit pentru separare \u0219i piele. Cu\u021bitul are o lam\u0103 larg\u0103 curbat\u0103.<\/li>\n<li>Musat pentru ascutirea si indreptarea cutitelor.<\/li>\n<\/ul>\n<h3>Caracteristici<\/h3>\n<ul>\n<li>Tipul de cu\u021bit: pliant.<\/li>\n<li>Lungimea: 17,8 cm.<\/li>\n<li>Lungime total\u0103: 26,0 \u0219i 26,7 cm.<\/li>\n<li>Lungimea lamei: 12,5 \u0219i 15,6 cm.<\/li>\n<li>Material m\u00e2ner: plastic, cauciucat.<\/li>\n<li>Duritatea o\u021belului: 52-60 HRC.<\/li>\n<li>Clasa de o\u021bel: Sandvik12C27.<\/li>\n<li>Greutate: 337 gr.<\/li>\n<\/ul>\n<p><\/p>","protected":false},"excerpt":{"rendered":"<p>Set cu\u021bite Mora Hunting 2 + Musat ORANGE<\/p>","protected":false},"featured_media":19484,"comment_status":"open","ping_status":"closed","template":"","meta":{"_acf_changed":false,"inline_featured_image":false},"product_brand":[1368],"product_cat":[169],"product_tag":[],"class_list":{"0":"post-19487","1":"product","2":"type-product","3":"status-publish","4":"has-post-thumbnail","6":"product_brand-mora","7":"product_cat-knives","9":"first","10":"instock","11":"shipping-taxable","12":"purchasable","13":"product-type-simple"},"acf":[],"yoast_head":"<!-- This site is optimized with the Yoast SEO plugin v27.4 - https:\/\/yoast.com\/product\/yoast-seo-wordpress\/ -->\n<title>\u041d\u0430\u0431\u043e\u0440 Mora Hunting 2 \u041d\u043e\u0436\u0430 + \u041c\u0443\u0441\u0430\u0442 - \u041c\u0430\u0433\u0430\u0437\u0438\u043d Xstyle<\/title>\n<meta name=\"description\" content=\"\u041d\u0430\u0431\u043e\u0440 Mora Hunting 2: \u043d\u043e\u0436 \u0434\u043b\u044f \u043e\u0431\u0440\u0435\u0437\u043a\u0438 \u0438 \u0440\u0430\u0437\u0434\u0435\u043b\u043a\u0438, \u0441\u0434\u0435\u043b\u0430\u043d\u043d\u044b\u0439 \u0438\u0437 \u043f\u0440\u043e\u0447\u043d\u043e\u0439 \u043d\u0435\u0440\u0436\u0430\u0432\u0435\u044e\u0449\u0435\u0439 \u0441\u0442\u0430\u043b\u0438. \u0412\u043a\u043b\u044e\u0447\u0430\u0435\u0442 \u043c\u0443\u0441\u0430\u0442 \u0434\u043b\u044f \u043f\u043e\u0434\u0434\u0435\u0440\u0436\u0430\u043d\u0438\u044f \u043e\u0441\u0442\u0440\u043e\u0442\u044b. \u0418\u0434\u0435\u0430\u043b\u0435\u043d \u0434\u043b\u044f \u043e\u0445\u043e\u0442\u044b!\" \/>\n<meta name=\"robots\" content=\"index, follow, max-snippet:-1, max-image-preview:large, max-video-preview:-1\" \/>\n<link rel=\"canonical\" href=\"https:\/\/xstyle.md\/ro\/produs\/nozh-mora-hunting-set-orange-2\/\" \/>\n<meta property=\"og:locale\" content=\"ro_RO\" \/>\n<meta property=\"og:type\" content=\"article\" \/>\n<meta property=\"og:title\" content=\"\u041d\u0430\u0431\u043e\u0440 Mora Hunting 2 \u041d\u043e\u0436\u0430 + \u041c\u0443\u0441\u0430\u0442 - \u041c\u0430\u0433\u0430\u0437\u0438\u043d Xstyle\" \/>\n<meta property=\"og:description\" content=\"\u041d\u0430\u0431\u043e\u0440 Mora Hunting 2: \u043d\u043e\u0436 \u0434\u043b\u044f \u043e\u0431\u0440\u0435\u0437\u043a\u0438 \u0438 \u0440\u0430\u0437\u0434\u0435\u043b\u043a\u0438, \u0441\u0434\u0435\u043b\u0430\u043d\u043d\u044b\u0439 \u0438\u0437 \u043f\u0440\u043e\u0447\u043d\u043e\u0439 \u043d\u0435\u0440\u0436\u0430\u0432\u0435\u044e\u0449\u0435\u0439 \u0441\u0442\u0430\u043b\u0438. \u0412\u043a\u043b\u044e\u0447\u0430\u0435\u0442 \u043c\u0443\u0441\u0430\u0442 \u0434\u043b\u044f \u043f\u043e\u0434\u0434\u0435\u0440\u0436\u0430\u043d\u0438\u044f \u043e\u0441\u0442\u0440\u043e\u0442\u044b. \u0418\u0434\u0435\u0430\u043b\u0435\u043d \u0434\u043b\u044f \u043e\u0445\u043e\u0442\u044b!\" \/>\n<meta property=\"og:url\" content=\"https:\/\/xstyle.md\/ro\/produs\/nozh-mora-hunting-set-orange-2\/\" \/>\n<meta property=\"og:site_name\" content=\"\u041c\u0430\u0433\u0430\u0437\u0438\u043d Xstyle\" \/>\n<meta property=\"article:publisher\" content=\"https:\/\/www.facebook.com\/xstylemd\" \/>\n<meta property=\"article:modified_time\" content=\"2025-10-24T09:55:33+00:00\" \/>\n<meta property=\"og:image\" content=\"https:\/\/xstyle.md\/wp-content\/uploads\/2020\/07\/1508852965_knifework-ft13860.jpg\" \/>\n\t<meta property=\"og:image:width\" content=\"295\" \/>\n\t<meta property=\"og:image:height\" content=\"295\" \/>\n\t<meta property=\"og:image:type\" content=\"image\/jpeg\" \/>\n<meta name=\"twitter:card\" content=\"summary_large_image\" \/>\n<meta name=\"twitter:label1\" content=\"Pre\u021b\" \/>\n\t<meta name=\"twitter:data1\" content=\"2.750&nbsp;MDL\" \/>\n\t<meta name=\"twitter:label2\" content=\"Disponibilitate\" \/>\n\t<meta name=\"twitter:data2\" content=\"\u00cen stoc\" \/>\n<script type=\"application\/ld+json\" class=\"yoast-schema-graph\">{\"@context\":\"https:\\\/\\\/schema.org\",\"@graph\":[{\"@type\":\"WebPage\",\"@id\":\"https:\\\/\\\/xstyle.md\\\/product\\\/nozh-mora-hunting-set-orange-2\\\/\",\"url\":\"https:\\\/\\\/xstyle.md\\\/product\\\/nozh-mora-hunting-set-orange-2\\\/\",\"name\":\"\u041d\u0430\u0431\u043e\u0440 Mora Hunting 2 \u041d\u043e\u0436\u0430 + \u041c\u0443\u0441\u0430\u0442 - \u041c\u0430\u0433\u0430\u0437\u0438\u043d Xstyle\",\"isPartOf\":{\"@id\":\"https:\\\/\\\/xstyle.md\\\/#website\"},\"primaryImageOfPage\":{\"@id\":\"https:\\\/\\\/xstyle.md\\\/product\\\/nozh-mora-hunting-set-orange-2\\\/#primaryimage\"},\"image\":{\"@id\":\"https:\\\/\\\/xstyle.md\\\/product\\\/nozh-mora-hunting-set-orange-2\\\/#primaryimage\"},\"thumbnailUrl\":\"https:\\\/\\\/xstyle.md\\\/wp-content\\\/uploads\\\/2020\\\/07\\\/1508852965_knifework-ft13860.jpg\",\"datePublished\":\"2020-07-17T21:05:40+00:00\",\"dateModified\":\"2025-10-24T09:55:33+00:00\",\"description\":\"\u041d\u0430\u0431\u043e\u0440 Mora Hunting 2: \u043d\u043e\u0436 \u0434\u043b\u044f \u043e\u0431\u0440\u0435\u0437\u043a\u0438 \u0438 \u0440\u0430\u0437\u0434\u0435\u043b\u043a\u0438, \u0441\u0434\u0435\u043b\u0430\u043d\u043d\u044b\u0439 \u0438\u0437 \u043f\u0440\u043e\u0447\u043d\u043e\u0439 \u043d\u0435\u0440\u0436\u0430\u0432\u0435\u044e\u0449\u0435\u0439 \u0441\u0442\u0430\u043b\u0438. \u0412\u043a\u043b\u044e\u0447\u0430\u0435\u0442 \u043c\u0443\u0441\u0430\u0442 \u0434\u043b\u044f \u043f\u043e\u0434\u0434\u0435\u0440\u0436\u0430\u043d\u0438\u044f \u043e\u0441\u0442\u0440\u043e\u0442\u044b. \u0418\u0434\u0435\u0430\u043b\u0435\u043d \u0434\u043b\u044f \u043e\u0445\u043e\u0442\u044b!\",\"breadcrumb\":{\"@id\":\"https:\\\/\\\/xstyle.md\\\/product\\\/nozh-mora-hunting-set-orange-2\\\/#breadcrumb\"},\"inLanguage\":\"ro-RO\",\"potentialAction\":[{\"@type\":\"ReadAction\",\"target\":[\"https:\\\/\\\/xstyle.md\\\/product\\\/nozh-mora-hunting-set-orange-2\\\/\"]}]},{\"@type\":\"ImageObject\",\"inLanguage\":\"ro-RO\",\"@id\":\"https:\\\/\\\/xstyle.md\\\/product\\\/nozh-mora-hunting-set-orange-2\\\/#primaryimage\",\"url\":\"https:\\\/\\\/xstyle.md\\\/wp-content\\\/uploads\\\/2020\\\/07\\\/1508852965_knifework-ft13860.jpg\",\"contentUrl\":\"https:\\\/\\\/xstyle.md\\\/wp-content\\\/uploads\\\/2020\\\/07\\\/1508852965_knifework-ft13860.jpg\",\"width\":295,\"height\":295},{\"@type\":\"BreadcrumbList\",\"@id\":\"https:\\\/\\\/xstyle.md\\\/product\\\/nozh-mora-hunting-set-orange-2\\\/#breadcrumb\",\"itemListElement\":[{\"@type\":\"ListItem\",\"position\":1,\"name\":\"\u0413\u043b\u0430\u0432\u043d\u0430\u044f \u0441\u0442\u0440\u0430\u043d\u0438\u0446\u0430\",\"item\":\"https:\\\/\\\/xstyle.md\\\/\"},{\"@type\":\"ListItem\",\"position\":2,\"name\":\"\u041c\u0430\u0433\u0430\u0437\u0438\u043d\",\"item\":\"https:\\\/\\\/xstyle.md\\\/shop\\\/\"},{\"@type\":\"ListItem\",\"position\":3,\"name\":\"\u041d\u0430\u0431\u043e\u0440 Mora Hunting 2 \u041d\u043e\u0436\u0430 + \u041c\u0443\u0441\u0430\u0442\"}]},{\"@type\":\"WebSite\",\"@id\":\"https:\\\/\\\/xstyle.md\\\/#website\",\"url\":\"https:\\\/\\\/xstyle.md\\\/\",\"name\":\"\u041c\u0430\u0433\u0430\u0437\u0438\u043d Xstyle\",\"description\":\"C\u043d\u0430\u0440\u044f\u0436\u0435\u043d\u0438\u0435 \u0434\u043b\u044f \u0442\u0443\u0440\u0438\u0437\u043c\u0430 \u0438 \u044d\u043a\u0441\u0442\u0440\u0435\u043c\u0430\u043b\u044c\u043d\u044b\u0445 \u0432\u0438\u0434\u043e\u0432 \u0441\u043f\u043e\u0440\u0442\u0430 \u0432 \u041c\u043e\u043b\u0434\u043e\u0432\u0435.. \u0426\u0435\u043d\u044b, \u0444\u043e\u0442\u043e, \u0445\u0430\u0440\u0430\u043a\u0442\u0435\u0440\u0438\u0441\u0442\u0438\u043a\u0438 \u0432 \u041c\u043e\u043b\u0434\u043e\u0432\u0435.\",\"publisher\":{\"@id\":\"https:\\\/\\\/xstyle.md\\\/#organization\"},\"alternateName\":\"X-Style\",\"potentialAction\":[{\"@type\":\"SearchAction\",\"target\":{\"@type\":\"EntryPoint\",\"urlTemplate\":\"https:\\\/\\\/xstyle.md\\\/?s={search_term_string}\"},\"query-input\":{\"@type\":\"PropertyValueSpecification\",\"valueRequired\":true,\"valueName\":\"search_term_string\"}}],\"inLanguage\":\"ro-RO\"},{\"@type\":\"Organization\",\"@id\":\"https:\\\/\\\/xstyle.md\\\/#organization\",\"name\":\"\u041c\u0430\u0433\u0430\u0437\u0438\u043d Xstyle\",\"alternateName\":\"x-style\",\"url\":\"https:\\\/\\\/xstyle.md\\\/\",\"logo\":{\"@type\":\"ImageObject\",\"inLanguage\":\"ro-RO\",\"@id\":\"https:\\\/\\\/xstyle.md\\\/#\\\/schema\\\/logo\\\/image\\\/\",\"url\":\"https:\\\/\\\/xstyle.md\\\/wp-content\\\/uploads\\\/2020\\\/06\\\/logoicon.svg\",\"contentUrl\":\"https:\\\/\\\/xstyle.md\\\/wp-content\\\/uploads\\\/2020\\\/06\\\/logoicon.svg\",\"caption\":\"\u041c\u0430\u0433\u0430\u0437\u0438\u043d Xstyle\"},\"image\":{\"@id\":\"https:\\\/\\\/xstyle.md\\\/#\\\/schema\\\/logo\\\/image\\\/\"},\"sameAs\":[\"https:\\\/\\\/www.facebook.com\\\/xstylemd\",\"https:\\\/\\\/www.instagram.com\\\/xstyle_md\\\/\",\"https:\\\/\\\/t.me\\\/xstyle_outdoor\"],\"hasMerchantReturnPolicy\":{\"@type\":\"MerchantReturnPolicy\",\"merchantReturnLink\":\"https:\\\/\\\/xstyle.md\\\/ro\\\/conditions\\\/\"}}]}<\/script>\n<meta property=\"product:price:amount\" content=\"2750.00\" \/>\n<meta property=\"product:price:currency\" content=\"MDL\" \/>\n<meta property=\"og:availability\" content=\"instock\" \/>\n<meta property=\"product:availability\" content=\"instock\" \/>\n<meta property=\"product:retailer_item_id\" content=\"7391846013860\" \/>\n<meta property=\"product:condition\" content=\"new\" \/>\n<!-- \/ Yoast SEO plugin. -->","yoast_head_json":{"title":"Set cu\u021bite Mora Hunting 2 + Musat ORANGE - Magazin Xstyle","description":"Setul Mora Hunting 2: cu\u021bit pentru t\u0103iere \u0219i feliere, realizat din o\u021bel inoxidabil rezistent. Include un ascu\u021bitor pentru men\u021binerea t\u0103riei. Ideal pentru v\u00e2n\u0103toare!","robots":{"index":"index","follow":"follow","max-snippet":"max-snippet:-1","max-image-preview":"max-image-preview:large","max-video-preview":"max-video-preview:-1"},"canonical":"https:\/\/xstyle.md\/ro\/produs\/nozh-mora-hunting-set-orange-2\/","og_locale":"ro_RO","og_type":"article","og_title":"\u041d\u0430\u0431\u043e\u0440 Mora Hunting 2 \u041d\u043e\u0436\u0430 + \u041c\u0443\u0441\u0430\u0442 - \u041c\u0430\u0433\u0430\u0437\u0438\u043d Xstyle","og_description":"\u041d\u0430\u0431\u043e\u0440 Mora Hunting 2: \u043d\u043e\u0436 \u0434\u043b\u044f \u043e\u0431\u0440\u0435\u0437\u043a\u0438 \u0438 \u0440\u0430\u0437\u0434\u0435\u043b\u043a\u0438, \u0441\u0434\u0435\u043b\u0430\u043d\u043d\u044b\u0439 \u0438\u0437 \u043f\u0440\u043e\u0447\u043d\u043e\u0439 \u043d\u0435\u0440\u0436\u0430\u0432\u0435\u044e\u0449\u0435\u0439 \u0441\u0442\u0430\u043b\u0438. \u0412\u043a\u043b\u044e\u0447\u0430\u0435\u0442 \u043c\u0443\u0441\u0430\u0442 \u0434\u043b\u044f \u043f\u043e\u0434\u0434\u0435\u0440\u0436\u0430\u043d\u0438\u044f \u043e\u0441\u0442\u0440\u043e\u0442\u044b. \u0418\u0434\u0435\u0430\u043b\u0435\u043d \u0434\u043b\u044f \u043e\u0445\u043e\u0442\u044b!","og_url":"https:\/\/xstyle.md\/ro\/produs\/nozh-mora-hunting-set-orange-2\/","og_site_name":"\u041c\u0430\u0433\u0430\u0437\u0438\u043d Xstyle","article_publisher":"https:\/\/www.facebook.com\/xstylemd","article_modified_time":"2025-10-24T09:55:33+00:00","og_image":[{"width":295,"height":295,"url":"https:\/\/xstyle.md\/wp-content\/uploads\/2020\/07\/1508852965_knifework-ft13860.jpg","type":"image\/jpeg"}],"twitter_card":"summary_large_image","twitter_misc":{"Pre\u021b":"2.750&nbsp;MDL","Disponibilitate":"\u00cen stoc"},"schema":{"@context":"https:\/\/schema.org","@graph":[{"@type":"WebPage","@id":"https:\/\/xstyle.md\/product\/nozh-mora-hunting-set-orange-2\/","url":"https:\/\/xstyle.md\/product\/nozh-mora-hunting-set-orange-2\/","name":"Set cu\u021bite Mora Hunting 2 + Musat ORANGE - Magazin Xstyle","isPartOf":{"@id":"https:\/\/xstyle.md\/#website"},"primaryImageOfPage":{"@id":"https:\/\/xstyle.md\/product\/nozh-mora-hunting-set-orange-2\/#primaryimage"},"image":{"@id":"https:\/\/xstyle.md\/product\/nozh-mora-hunting-set-orange-2\/#primaryimage"},"thumbnailUrl":"https:\/\/xstyle.md\/wp-content\/uploads\/2020\/07\/1508852965_knifework-ft13860.jpg","datePublished":"2020-07-17T21:05:40+00:00","dateModified":"2025-10-24T09:55:33+00:00","description":"Setul Mora Hunting 2: cu\u021bit pentru t\u0103iere \u0219i feliere, realizat din o\u021bel inoxidabil rezistent. Include un ascu\u021bitor pentru men\u021binerea t\u0103riei. Ideal pentru v\u00e2n\u0103toare!","breadcrumb":{"@id":"https:\/\/xstyle.md\/product\/nozh-mora-hunting-set-orange-2\/#breadcrumb"},"inLanguage":"ro-RO","potentialAction":[{"@type":"ReadAction","target":["https:\/\/xstyle.md\/product\/nozh-mora-hunting-set-orange-2\/"]}]},{"@type":"ImageObject","inLanguage":"ro-RO","@id":"https:\/\/xstyle.md\/product\/nozh-mora-hunting-set-orange-2\/#primaryimage","url":"https:\/\/xstyle.md\/wp-content\/uploads\/2020\/07\/1508852965_knifework-ft13860.jpg","contentUrl":"https:\/\/xstyle.md\/wp-content\/uploads\/2020\/07\/1508852965_knifework-ft13860.jpg","width":295,"height":295},{"@type":"BreadcrumbList","@id":"https:\/\/xstyle.md\/product\/nozh-mora-hunting-set-orange-2\/#breadcrumb","itemListElement":[{"@type":"ListItem","position":1,"name":"\u0413\u043b\u0430\u0432\u043d\u0430\u044f \u0441\u0442\u0440\u0430\u043d\u0438\u0446\u0430","item":"https:\/\/xstyle.md\/"},{"@type":"ListItem","position":2,"name":"\u041c\u0430\u0433\u0430\u0437\u0438\u043d","item":"https:\/\/xstyle.md\/shop\/"},{"@type":"ListItem","position":3,"name":"\u041d\u0430\u0431\u043e\u0440 Mora Hunting 2 \u041d\u043e\u0436\u0430 + \u041c\u0443\u0441\u0430\u0442"}]},{"@type":"WebSite","@id":"https:\/\/xstyle.md\/#website","url":"https:\/\/xstyle.md\/","name":"Magazinul X-Style","description":"Echipamente pentru turism \u0219i sporturi extreme \u00een Moldova. Pre\u021buri, fotografii, caracteristici \u00een Moldova.","publisher":{"@id":"https:\/\/xstyle.md\/#organization"},"alternateName":"X-Style","potentialAction":[{"@type":"SearchAction","target":{"@type":"EntryPoint","urlTemplate":"https:\/\/xstyle.md\/?s={search_term_string}"},"query-input":{"@type":"PropertyValueSpecification","valueRequired":true,"valueName":"search_term_string"}}],"inLanguage":"ro-RO"},{"@type":"Organization","@id":"https:\/\/xstyle.md\/#organization","name":"Magazinul X-Style","alternateName":"x-style","url":"https:\/\/xstyle.md\/","logo":{"@type":"ImageObject","inLanguage":"ro-RO","@id":"https:\/\/xstyle.md\/#\/schema\/logo\/image\/","url":"https:\/\/xstyle.md\/wp-content\/uploads\/2020\/06\/logoicon.svg","contentUrl":"https:\/\/xstyle.md\/wp-content\/uploads\/2020\/06\/logoicon.svg","caption":"\u041c\u0430\u0433\u0430\u0437\u0438\u043d Xstyle"},"image":{"@id":"https:\/\/xstyle.md\/#\/schema\/logo\/image\/"},"sameAs":["https:\/\/www.facebook.com\/xstylemd","https:\/\/www.instagram.com\/xstyle_md\/","https:\/\/t.me\/xstyle_outdoor"],"hasMerchantReturnPolicy":{"@type":"MerchantReturnPolicy","merchantReturnLink":"https:\/\/xstyle.md\/ro\/conditions\/"}}]},"product_price_amount":"2750.00","product_price_currency":"MDL","og_availability":"instock","product_availability":"instock","product_retailer_item_id":"7391846013860","product_condition":"new"},"post_mailing_queue_ids":[],"_links":{"self":[{"href":"https:\/\/xstyle.md\/ro\/wp-json\/wp\/v2\/product\/19487","targetHints":{"allow":["GET"]}}],"collection":[{"href":"https:\/\/xstyle.md\/ro\/wp-json\/wp\/v2\/product"}],"about":[{"href":"https:\/\/xstyle.md\/ro\/wp-json\/wp\/v2\/types\/product"}],"replies":[{"embeddable":true,"href":"https:\/\/xstyle.md\/ro\/wp-json\/wp\/v2\/comments?post=19487"}],"wp:featuredmedia":[{"embeddable":true,"href":"https:\/\/xstyle.md\/ro\/wp-json\/wp\/v2\/media\/19484"}],"wp:attachment":[{"href":"https:\/\/xstyle.md\/ro\/wp-json\/wp\/v2\/media?parent=19487"}],"wp:term":[{"taxonomy":"product_brand","embeddable":true,"href":"https:\/\/xstyle.md\/ro\/wp-json\/wp\/v2\/product_brand?post=19487"},{"taxonomy":"product_cat","embeddable":true,"href":"https:\/\/xstyle.md\/ro\/wp-json\/wp\/v2\/product_cat?post=19487"},{"taxonomy":"product_tag","embeddable":true,"href":"https:\/\/xstyle.md\/ro\/wp-json\/wp\/v2\/product_tag?post=19487"}],"curies":[{"name":"wp","href":"https:\/\/api.w.org\/{rel}","templated":true}]}}