{"id":19464,"date":"2020-07-18T00:03:56","date_gmt":"2020-07-17T21:03:56","guid":{"rendered":"https:\/\/xstyle.md\/product\/nozh-mora-survival-black"},"modified":"2025-10-24T12:55:44","modified_gmt":"2025-10-24T09:55:44","slug":"nozh-mora-survival-black","status":"publish","type":"product","link":"https:\/\/xstyle.md\/ro\/produs\/nozh-mora-survival-black\/","title":{"rendered":"Cu\u0163it Mora Survival Black"},"content":{"rendered":"<\/p>\n<p><strong>Mora Survival Black<\/strong> este un cu\u021bit versatil pentru sporturi extreme, deoarece este echipat cu un ascu\u021bitor pentru a men\u021bine cu\u021bitul la zi \u0219i un slav pentru a ajuta la aprinderea focului. Un cu\u021bit va fi o achizi\u021bie util\u0103 pentru un turist, v\u00e2n\u0103tor sau camionier.<\/p>\n<p>Compania scandinav\u0103 Mora din Suedia acord\u0103 o aten\u021bie deosebit\u0103 calit\u0103\u021bii produselor sale \u0219i, prin urmare, este popular\u0103 cu cunosc\u0103torii cu\u021bitelor. Atunci c\u00e2nd dezvolt\u0103 modele de cu\u021bite, compania este ghidat\u0103 de mul\u021bi ani de experien\u021b\u0103 a companiilor produc\u0103toare, care \u00een 2005 au fost asamblate de compania men\u021bionat\u0103 mai sus.<\/p>\n<p>Morakniv BushCraft Survival este un cu\u021bit fix \u0219i versatil. Grosimea \u00een fund este de aproape 2,5 mm, ceea ce indic\u0103 rezisten\u021ba acestuia. Ascu\u021birea direct\u0103 a muchiei de t\u0103iere asigur\u0103 o t\u0103iere bun\u0103, iar stilul de sc\u0103dere al lamei confer\u0103 cu\u021bitului propriet\u0103\u021bi de perforare excelente. Lama \u00een sine este realizat\u0103 din o\u021bel inoxidabil, ob\u021binut\u0103 prin laminare la rece \u0219i \u00eent\u0103rire ulterioar\u0103. M\u00e2nerul ergonomic este confec\u021bionat din plastic negru cauciucat, ceea ce contribuie la o prindere sigur\u0103.<br \/>\nConform tradi\u021biei, cu\u021bitul este echipat cu teci de plastic rezistente la c\u0103ldur\u0103, echipate cu un suport pentru montarea pe centur\u0103, \u0219i au un ascu\u021bitor pentru ascu\u021birea cu\u021bitului \u0219i un loc pentru flint, ceea ce v\u0103 va permite s\u0103 sculpta\u021bi o sc\u00e2nteie \u00een c\u00e2mp \u0219i s\u0103 aprinde\u021bi un foc.<\/p>\n<p>Cu\u021bitele Mora sunt f\u0103cute \u00een Ostnor de mai bine de un secol. Odat\u0103 au fost f\u0103cu\u021bi \u00een fiecare cas\u0103 de me\u0219teri locali care \u0219i-au transmis abilit\u0103\u021bile din genera\u021bie \u00een genera\u021bie. Ast\u0103zi, aceste abilit\u0103\u021bi se afl\u0103 sub un singur acoperi\u0219 \u0219i, indiferent cu cine comunica\u021bi \u00een fabric\u0103, pot spune o poveste familial\u0103 \u00een care fabricarea cu\u021bitelor joac\u0103 un rol central! Acum, ca atunci, au aceea\u0219i abordare a produc\u021biei.<br \/>\nMora folose\u0219te metode ra\u021bionale pentru a transfera abordarea maestrului c\u0103tre tehnologia modern\u0103. Singura diferen\u021b\u0103 este utilizarea celor mai recente dezvolt\u0103ri tehnice. Achizi\u021bion\u00e2nd produse Mora ve\u021bi ob\u021bine un asistent de \u00eencredere, care nu v\u0103 va dezam\u0103gi nici \u00een cele mai dificile situa\u021bii.<\/p>\n<h3>Caracteristici<\/h3>\n<ul>\n<li>Tipul de cu\u021bit: fix.<\/li>\n<li>Inclus: hus\u0103 ascu\u021bitor de cu\u021bit, flint.<\/li>\n<li>Tipul t\u0103ierii: normal.<\/li>\n<li>Lungime total\u0103: 23 cm.<\/li>\n<li>Lungimea lamei: 10,9 cm.<\/li>\n<li>Material m\u00e2ner: plastic cauciucat.<\/li>\n<li>Duritatea o\u021belului: 56-58 HRC.<\/li>\n<li>Clasa de o\u021bel: Sandvik 12C27.<\/li>\n<li>Greutate: 212 gr.<\/li>\n<\/ul>\n<p><\/p>","protected":false},"excerpt":{"rendered":"<p>Cu\u0163it Mora Survival Black<\/p>","protected":false},"featured_media":19459,"comment_status":"open","ping_status":"closed","template":"","meta":{"_acf_changed":false,"inline_featured_image":false},"product_brand":[1368],"product_cat":[169],"product_tag":[],"class_list":{"0":"post-19464","1":"product","2":"type-product","3":"status-publish","4":"has-post-thumbnail","6":"product_brand-mora","7":"product_cat-knives","9":"first","10":"instock","11":"shipping-taxable","12":"purchasable","13":"product-type-simple"},"acf":[],"yoast_head":"<!-- This site is optimized with the Yoast SEO plugin v27.4 - https:\/\/yoast.com\/product\/yoast-seo-wordpress\/ -->\n<title>\u041d\u043e\u0436 Mora Survival Black - \u041c\u0430\u0433\u0430\u0437\u0438\u043d Xstyle<\/title>\n<meta name=\"description\" content=\"\u041d\u043e\u0436 Mora Survival Black - \u0438\u0434\u0435\u0430\u043b\u044c\u043d\u044b\u0439 \u0438\u043d\u0441\u0442\u0440\u0443\u043c\u0435\u043d\u0442 \u0434\u043b\u044f \u044d\u043a\u0441\u0442\u0440\u0435\u043c\u0430\u043b\u044c\u043d\u044b\u0445 \u0432\u0438\u0434\u043e\u0432 \u0441\u043f\u043e\u0440\u0442\u0430 \u0438 \u0442\u0443\u0440\u0438\u0437\u043c\u0430. \u0412 \u043a\u043e\u043c\u043f\u043b\u0435\u043a\u0442\u0435 \u0442\u043e\u0447\u0438\u043b\u043a\u0430 \u0438 \u0441\u0440\u0435\u0434\u0441\u0442\u0432\u043e \u0434\u043b\u044f \u0440\u043e\u0437\u0436\u0438\u0433\u0430. \u0412\u044b\u0441\u043e\u043a\u043e\u0435 \u043a\u0430\u0447\u0435\u0441\u0442\u0432\u043e \u043e\u0442 Mora!\" \/>\n<meta name=\"robots\" content=\"index, follow, max-snippet:-1, max-image-preview:large, max-video-preview:-1\" \/>\n<link rel=\"canonical\" href=\"https:\/\/xstyle.md\/ro\/produs\/nozh-mora-survival-black\/\" \/>\n<meta property=\"og:locale\" content=\"ro_RO\" \/>\n<meta property=\"og:type\" content=\"article\" \/>\n<meta property=\"og:title\" content=\"\u041d\u043e\u0436 Mora Survival Black - \u041c\u0430\u0433\u0430\u0437\u0438\u043d Xstyle\" \/>\n<meta property=\"og:description\" content=\"\u041d\u043e\u0436 Mora Survival Black - \u0438\u0434\u0435\u0430\u043b\u044c\u043d\u044b\u0439 \u0438\u043d\u0441\u0442\u0440\u0443\u043c\u0435\u043d\u0442 \u0434\u043b\u044f \u044d\u043a\u0441\u0442\u0440\u0435\u043c\u0430\u043b\u044c\u043d\u044b\u0445 \u0432\u0438\u0434\u043e\u0432 \u0441\u043f\u043e\u0440\u0442\u0430 \u0438 \u0442\u0443\u0440\u0438\u0437\u043c\u0430. \u0412 \u043a\u043e\u043c\u043f\u043b\u0435\u043a\u0442\u0435 \u0442\u043e\u0447\u0438\u043b\u043a\u0430 \u0438 \u0441\u0440\u0435\u0434\u0441\u0442\u0432\u043e \u0434\u043b\u044f \u0440\u043e\u0437\u0436\u0438\u0433\u0430. \u0412\u044b\u0441\u043e\u043a\u043e\u0435 \u043a\u0430\u0447\u0435\u0441\u0442\u0432\u043e \u043e\u0442 Mora!\" \/>\n<meta property=\"og:url\" content=\"https:\/\/xstyle.md\/ro\/produs\/nozh-mora-survival-black\/\" \/>\n<meta property=\"og:site_name\" content=\"\u041c\u0430\u0433\u0430\u0437\u0438\u043d Xstyle\" \/>\n<meta property=\"article:publisher\" content=\"https:\/\/www.facebook.com\/xstylemd\" \/>\n<meta property=\"article:modified_time\" content=\"2025-10-24T09:55:44+00:00\" \/>\n<meta property=\"og:image\" content=\"https:\/\/xstyle.md\/wp-content\/uploads\/2020\/07\/15_04_1.jpg\" \/>\n\t<meta property=\"og:image:width\" content=\"800\" \/>\n\t<meta property=\"og:image:height\" content=\"800\" \/>\n\t<meta property=\"og:image:type\" content=\"image\/jpeg\" \/>\n<meta name=\"twitter:card\" content=\"summary_large_image\" \/>\n<meta name=\"twitter:label1\" content=\"Pre\u021b\" \/>\n\t<meta name=\"twitter:data1\" content=\"1.775&nbsp;MDL\" \/>\n\t<meta name=\"twitter:label2\" content=\"Disponibilitate\" \/>\n\t<meta name=\"twitter:data2\" content=\"\u00cen stoc\" \/>\n<script type=\"application\/ld+json\" class=\"yoast-schema-graph\">{\"@context\":\"https:\\\/\\\/schema.org\",\"@graph\":[{\"@type\":\"WebPage\",\"@id\":\"https:\\\/\\\/xstyle.md\\\/product\\\/nozh-mora-survival-black\\\/\",\"url\":\"https:\\\/\\\/xstyle.md\\\/product\\\/nozh-mora-survival-black\\\/\",\"name\":\"\u041d\u043e\u0436 Mora Survival Black - \u041c\u0430\u0433\u0430\u0437\u0438\u043d Xstyle\",\"isPartOf\":{\"@id\":\"https:\\\/\\\/xstyle.md\\\/#website\"},\"primaryImageOfPage\":{\"@id\":\"https:\\\/\\\/xstyle.md\\\/product\\\/nozh-mora-survival-black\\\/#primaryimage\"},\"image\":{\"@id\":\"https:\\\/\\\/xstyle.md\\\/product\\\/nozh-mora-survival-black\\\/#primaryimage\"},\"thumbnailUrl\":\"https:\\\/\\\/xstyle.md\\\/wp-content\\\/uploads\\\/2020\\\/07\\\/15_04_1.jpg\",\"datePublished\":\"2020-07-17T21:03:56+00:00\",\"dateModified\":\"2025-10-24T09:55:44+00:00\",\"description\":\"\u041d\u043e\u0436 Mora Survival Black - \u0438\u0434\u0435\u0430\u043b\u044c\u043d\u044b\u0439 \u0438\u043d\u0441\u0442\u0440\u0443\u043c\u0435\u043d\u0442 \u0434\u043b\u044f \u044d\u043a\u0441\u0442\u0440\u0435\u043c\u0430\u043b\u044c\u043d\u044b\u0445 \u0432\u0438\u0434\u043e\u0432 \u0441\u043f\u043e\u0440\u0442\u0430 \u0438 \u0442\u0443\u0440\u0438\u0437\u043c\u0430. \u0412 \u043a\u043e\u043c\u043f\u043b\u0435\u043a\u0442\u0435 \u0442\u043e\u0447\u0438\u043b\u043a\u0430 \u0438 \u0441\u0440\u0435\u0434\u0441\u0442\u0432\u043e \u0434\u043b\u044f \u0440\u043e\u0437\u0436\u0438\u0433\u0430. \u0412\u044b\u0441\u043e\u043a\u043e\u0435 \u043a\u0430\u0447\u0435\u0441\u0442\u0432\u043e \u043e\u0442 Mora!\",\"breadcrumb\":{\"@id\":\"https:\\\/\\\/xstyle.md\\\/product\\\/nozh-mora-survival-black\\\/#breadcrumb\"},\"inLanguage\":\"ro-RO\",\"potentialAction\":[{\"@type\":\"ReadAction\",\"target\":[\"https:\\\/\\\/xstyle.md\\\/product\\\/nozh-mora-survival-black\\\/\"]}]},{\"@type\":\"ImageObject\",\"inLanguage\":\"ro-RO\",\"@id\":\"https:\\\/\\\/xstyle.md\\\/product\\\/nozh-mora-survival-black\\\/#primaryimage\",\"url\":\"https:\\\/\\\/xstyle.md\\\/wp-content\\\/uploads\\\/2020\\\/07\\\/15_04_1.jpg\",\"contentUrl\":\"https:\\\/\\\/xstyle.md\\\/wp-content\\\/uploads\\\/2020\\\/07\\\/15_04_1.jpg\",\"width\":800,\"height\":800},{\"@type\":\"BreadcrumbList\",\"@id\":\"https:\\\/\\\/xstyle.md\\\/product\\\/nozh-mora-survival-black\\\/#breadcrumb\",\"itemListElement\":[{\"@type\":\"ListItem\",\"position\":1,\"name\":\"\u0413\u043b\u0430\u0432\u043d\u0430\u044f \u0441\u0442\u0440\u0430\u043d\u0438\u0446\u0430\",\"item\":\"https:\\\/\\\/xstyle.md\\\/\"},{\"@type\":\"ListItem\",\"position\":2,\"name\":\"\u041c\u0430\u0433\u0430\u0437\u0438\u043d\",\"item\":\"https:\\\/\\\/xstyle.md\\\/shop\\\/\"},{\"@type\":\"ListItem\",\"position\":3,\"name\":\"\u041d\u043e\u0436 Mora Survival Black\"}]},{\"@type\":\"WebSite\",\"@id\":\"https:\\\/\\\/xstyle.md\\\/#website\",\"url\":\"https:\\\/\\\/xstyle.md\\\/\",\"name\":\"\u041c\u0430\u0433\u0430\u0437\u0438\u043d Xstyle\",\"description\":\"C\u043d\u0430\u0440\u044f\u0436\u0435\u043d\u0438\u0435 \u0434\u043b\u044f \u0442\u0443\u0440\u0438\u0437\u043c\u0430 \u0438 \u044d\u043a\u0441\u0442\u0440\u0435\u043c\u0430\u043b\u044c\u043d\u044b\u0445 \u0432\u0438\u0434\u043e\u0432 \u0441\u043f\u043e\u0440\u0442\u0430 \u0432 \u041c\u043e\u043b\u0434\u043e\u0432\u0435.. \u0426\u0435\u043d\u044b, \u0444\u043e\u0442\u043e, \u0445\u0430\u0440\u0430\u043a\u0442\u0435\u0440\u0438\u0441\u0442\u0438\u043a\u0438 \u0432 \u041c\u043e\u043b\u0434\u043e\u0432\u0435.\",\"publisher\":{\"@id\":\"https:\\\/\\\/xstyle.md\\\/#organization\"},\"alternateName\":\"X-Style\",\"potentialAction\":[{\"@type\":\"SearchAction\",\"target\":{\"@type\":\"EntryPoint\",\"urlTemplate\":\"https:\\\/\\\/xstyle.md\\\/?s={search_term_string}\"},\"query-input\":{\"@type\":\"PropertyValueSpecification\",\"valueRequired\":true,\"valueName\":\"search_term_string\"}}],\"inLanguage\":\"ro-RO\"},{\"@type\":\"Organization\",\"@id\":\"https:\\\/\\\/xstyle.md\\\/#organization\",\"name\":\"\u041c\u0430\u0433\u0430\u0437\u0438\u043d Xstyle\",\"alternateName\":\"x-style\",\"url\":\"https:\\\/\\\/xstyle.md\\\/\",\"logo\":{\"@type\":\"ImageObject\",\"inLanguage\":\"ro-RO\",\"@id\":\"https:\\\/\\\/xstyle.md\\\/#\\\/schema\\\/logo\\\/image\\\/\",\"url\":\"https:\\\/\\\/xstyle.md\\\/wp-content\\\/uploads\\\/2020\\\/06\\\/logoicon.svg\",\"contentUrl\":\"https:\\\/\\\/xstyle.md\\\/wp-content\\\/uploads\\\/2020\\\/06\\\/logoicon.svg\",\"caption\":\"\u041c\u0430\u0433\u0430\u0437\u0438\u043d Xstyle\"},\"image\":{\"@id\":\"https:\\\/\\\/xstyle.md\\\/#\\\/schema\\\/logo\\\/image\\\/\"},\"sameAs\":[\"https:\\\/\\\/www.facebook.com\\\/xstylemd\",\"https:\\\/\\\/www.instagram.com\\\/xstyle_md\\\/\",\"https:\\\/\\\/t.me\\\/xstyle_outdoor\"],\"hasMerchantReturnPolicy\":{\"@type\":\"MerchantReturnPolicy\",\"merchantReturnLink\":\"https:\\\/\\\/xstyle.md\\\/ro\\\/conditions\\\/\"}}]}<\/script>\n<meta property=\"product:price:amount\" content=\"1775.00\" \/>\n<meta property=\"product:price:currency\" content=\"MDL\" \/>\n<meta property=\"og:availability\" content=\"instock\" \/>\n<meta property=\"product:availability\" content=\"instock\" \/>\n<meta property=\"product:retailer_item_id\" content=\"7391846013310\" \/>\n<meta property=\"product:condition\" content=\"new\" \/>\n<!-- \/ Yoast SEO plugin. -->","yoast_head_json":{"title":"Cu\u0163it Mora Survival Black - Magazin Xstyle","description":"Cump\u0103r\u0103tur\u0103 Mora Survival Black - instrumentul ideal pentru sporturi extreme \u0219i turism. Include un ascu\u021bitor \u0219i un agent de aprindere. Calitate \u00eenalt\u0103 de la Mora!","robots":{"index":"index","follow":"follow","max-snippet":"max-snippet:-1","max-image-preview":"max-image-preview:large","max-video-preview":"max-video-preview:-1"},"canonical":"https:\/\/xstyle.md\/ro\/produs\/nozh-mora-survival-black\/","og_locale":"ro_RO","og_type":"article","og_title":"\u041d\u043e\u0436 Mora Survival Black - \u041c\u0430\u0433\u0430\u0437\u0438\u043d Xstyle","og_description":"\u041d\u043e\u0436 Mora Survival Black - \u0438\u0434\u0435\u0430\u043b\u044c\u043d\u044b\u0439 \u0438\u043d\u0441\u0442\u0440\u0443\u043c\u0435\u043d\u0442 \u0434\u043b\u044f \u044d\u043a\u0441\u0442\u0440\u0435\u043c\u0430\u043b\u044c\u043d\u044b\u0445 \u0432\u0438\u0434\u043e\u0432 \u0441\u043f\u043e\u0440\u0442\u0430 \u0438 \u0442\u0443\u0440\u0438\u0437\u043c\u0430. \u0412 \u043a\u043e\u043c\u043f\u043b\u0435\u043a\u0442\u0435 \u0442\u043e\u0447\u0438\u043b\u043a\u0430 \u0438 \u0441\u0440\u0435\u0434\u0441\u0442\u0432\u043e \u0434\u043b\u044f \u0440\u043e\u0437\u0436\u0438\u0433\u0430. \u0412\u044b\u0441\u043e\u043a\u043e\u0435 \u043a\u0430\u0447\u0435\u0441\u0442\u0432\u043e \u043e\u0442 Mora!","og_url":"https:\/\/xstyle.md\/ro\/produs\/nozh-mora-survival-black\/","og_site_name":"\u041c\u0430\u0433\u0430\u0437\u0438\u043d Xstyle","article_publisher":"https:\/\/www.facebook.com\/xstylemd","article_modified_time":"2025-10-24T09:55:44+00:00","og_image":[{"width":800,"height":800,"url":"https:\/\/xstyle.md\/wp-content\/uploads\/2020\/07\/15_04_1.jpg","type":"image\/jpeg"}],"twitter_card":"summary_large_image","twitter_misc":{"Pre\u021b":"1.775&nbsp;MDL","Disponibilitate":"\u00cen stoc"},"schema":{"@context":"https:\/\/schema.org","@graph":[{"@type":"WebPage","@id":"https:\/\/xstyle.md\/product\/nozh-mora-survival-black\/","url":"https:\/\/xstyle.md\/product\/nozh-mora-survival-black\/","name":"Cu\u0163it Mora Survival Black - Magazin Xstyle","isPartOf":{"@id":"https:\/\/xstyle.md\/#website"},"primaryImageOfPage":{"@id":"https:\/\/xstyle.md\/product\/nozh-mora-survival-black\/#primaryimage"},"image":{"@id":"https:\/\/xstyle.md\/product\/nozh-mora-survival-black\/#primaryimage"},"thumbnailUrl":"https:\/\/xstyle.md\/wp-content\/uploads\/2020\/07\/15_04_1.jpg","datePublished":"2020-07-17T21:03:56+00:00","dateModified":"2025-10-24T09:55:44+00:00","description":"Cump\u0103r\u0103tur\u0103 Mora Survival Black - instrumentul ideal pentru sporturi extreme \u0219i turism. Include un ascu\u021bitor \u0219i un agent de aprindere. Calitate \u00eenalt\u0103 de la Mora!","breadcrumb":{"@id":"https:\/\/xstyle.md\/product\/nozh-mora-survival-black\/#breadcrumb"},"inLanguage":"ro-RO","potentialAction":[{"@type":"ReadAction","target":["https:\/\/xstyle.md\/product\/nozh-mora-survival-black\/"]}]},{"@type":"ImageObject","inLanguage":"ro-RO","@id":"https:\/\/xstyle.md\/product\/nozh-mora-survival-black\/#primaryimage","url":"https:\/\/xstyle.md\/wp-content\/uploads\/2020\/07\/15_04_1.jpg","contentUrl":"https:\/\/xstyle.md\/wp-content\/uploads\/2020\/07\/15_04_1.jpg","width":800,"height":800},{"@type":"BreadcrumbList","@id":"https:\/\/xstyle.md\/product\/nozh-mora-survival-black\/#breadcrumb","itemListElement":[{"@type":"ListItem","position":1,"name":"\u0413\u043b\u0430\u0432\u043d\u0430\u044f \u0441\u0442\u0440\u0430\u043d\u0438\u0446\u0430","item":"https:\/\/xstyle.md\/"},{"@type":"ListItem","position":2,"name":"\u041c\u0430\u0433\u0430\u0437\u0438\u043d","item":"https:\/\/xstyle.md\/shop\/"},{"@type":"ListItem","position":3,"name":"\u041d\u043e\u0436 Mora Survival Black"}]},{"@type":"WebSite","@id":"https:\/\/xstyle.md\/#website","url":"https:\/\/xstyle.md\/","name":"Magazinul X-Style","description":"Echipamente pentru turism \u0219i sporturi extreme \u00een Moldova. Pre\u021buri, fotografii, caracteristici \u00een Moldova.","publisher":{"@id":"https:\/\/xstyle.md\/#organization"},"alternateName":"X-Style","potentialAction":[{"@type":"SearchAction","target":{"@type":"EntryPoint","urlTemplate":"https:\/\/xstyle.md\/?s={search_term_string}"},"query-input":{"@type":"PropertyValueSpecification","valueRequired":true,"valueName":"search_term_string"}}],"inLanguage":"ro-RO"},{"@type":"Organization","@id":"https:\/\/xstyle.md\/#organization","name":"Magazinul X-Style","alternateName":"x-style","url":"https:\/\/xstyle.md\/","logo":{"@type":"ImageObject","inLanguage":"ro-RO","@id":"https:\/\/xstyle.md\/#\/schema\/logo\/image\/","url":"https:\/\/xstyle.md\/wp-content\/uploads\/2020\/06\/logoicon.svg","contentUrl":"https:\/\/xstyle.md\/wp-content\/uploads\/2020\/06\/logoicon.svg","caption":"\u041c\u0430\u0433\u0430\u0437\u0438\u043d Xstyle"},"image":{"@id":"https:\/\/xstyle.md\/#\/schema\/logo\/image\/"},"sameAs":["https:\/\/www.facebook.com\/xstylemd","https:\/\/www.instagram.com\/xstyle_md\/","https:\/\/t.me\/xstyle_outdoor"],"hasMerchantReturnPolicy":{"@type":"MerchantReturnPolicy","merchantReturnLink":"https:\/\/xstyle.md\/ro\/conditions\/"}}]},"product_price_amount":"1775.00","product_price_currency":"MDL","og_availability":"instock","product_availability":"instock","product_retailer_item_id":"7391846013310","product_condition":"new"},"_links":{"self":[{"href":"https:\/\/xstyle.md\/ro\/wp-json\/wp\/v2\/product\/19464","targetHints":{"allow":["GET"]}}],"collection":[{"href":"https:\/\/xstyle.md\/ro\/wp-json\/wp\/v2\/product"}],"about":[{"href":"https:\/\/xstyle.md\/ro\/wp-json\/wp\/v2\/types\/product"}],"replies":[{"embeddable":true,"href":"https:\/\/xstyle.md\/ro\/wp-json\/wp\/v2\/comments?post=19464"}],"wp:featuredmedia":[{"embeddable":true,"href":"https:\/\/xstyle.md\/ro\/wp-json\/wp\/v2\/media\/19459"}],"wp:attachment":[{"href":"https:\/\/xstyle.md\/ro\/wp-json\/wp\/v2\/media?parent=19464"}],"wp:term":[{"taxonomy":"product_brand","embeddable":true,"href":"https:\/\/xstyle.md\/ro\/wp-json\/wp\/v2\/product_brand?post=19464"},{"taxonomy":"product_cat","embeddable":true,"href":"https:\/\/xstyle.md\/ro\/wp-json\/wp\/v2\/product_cat?post=19464"},{"taxonomy":"product_tag","embeddable":true,"href":"https:\/\/xstyle.md\/ro\/wp-json\/wp\/v2\/product_tag?post=19464"}],"curies":[{"name":"wp","href":"https:\/\/api.w.org\/{rel}","templated":true}]}}