{"id":19449,"date":"2020-07-18T00:02:51","date_gmt":"2020-07-17T21:02:51","guid":{"rendered":"https:\/\/xstyle.md\/product\/nozh-mora-kansbol-with-multi-mount"},"modified":"2025-10-24T12:55:39","modified_gmt":"2025-10-24T09:55:39","slug":"nozh-mora-kansbol-with-multi-mount","status":"publish","type":"product","link":"https:\/\/xstyle.md\/ro\/produs\/nozh-mora-kansbol-with-multi-mount\/","title":{"rendered":"Cu\u0163it Mora Kansbol with Multi-Mount"},"content":{"rendered":"<\/p>\n<p><strong>Cu\u021bitul Mora Kansbol cu Multi-Mount<\/strong> &#8212; se refer\u0103 la num\u0103rul de modele fixe cu dimensiuni complete, care sunt proiectate pentru a efectua orice fel de munc\u0103 \u00een timpul unei c\u0103l\u0103torii \u00een mediul rural. Acesta este un cu\u021bit durabil din inox cu o lam\u0103 ascu\u021bit\u0103 f\u0103r\u0103 probleme. Cu\u021bitul este echipat cu o teac\u0103 cu multi-montare universal\u0103. Fiecare iubitor de agrement din \u021bar\u0103 \u0219tie despre importan\u021ba alegerii unui cu\u021bit de calitate. Morakniv Kansbol este doar un astfel de cu\u021bit. Acesta este un model de lam\u0103 fix\u0103 care este fabricat din o\u021bel inoxidabil. Aceast\u0103 calitate din o\u021bel este produs\u0103 \u00een Suedia \u0219i este considerat\u0103 una dintre cele mai bune din punct de vedere al echilibrului \u0219i calit\u0103\u021bilor de lucru.<\/p>\n<p>Lama cu\u021bitului este suficient de grea pentru a r\u0103m\u00e2ne ascu\u021bit\u0103 mult timp, dar rezist\u0103 foarte bine la apari\u021bia ruginii \u0219i a altor manifest\u0103ri de coroziune. Ascu\u021birea cu\u021bitelor este dreapt\u0103. Acest lucru contribuie la versatilitatea sa \u0219i v\u0103 permite s\u0103 utiliza\u021bi cu\u021bitul pentru orice munc\u0103. Cu ajutorul lui Morakniv Kansbol este convenabil s\u0103 g\u0103ti\u021bi m\u00e2ncare la drumetie, s\u0103 efectua\u021bi gospod\u0103rie \u0219i alte sarcini suplimentare. Grosimea lamei este de 2 mm, este destul de sub\u021bire, dar foarte rezistent\u0103. M\u00e2nerul cu\u021bitului este confec\u021bionat dintr-o varietate de plastic de \u00eenalt\u0103 calitate. Acest material este durabil \u0219i fiabil, iar avantajul s\u0103u este un nivel ridicat de rezisten\u021b\u0103 la orice coroziune. \u00cen plus, un astfel de m\u00e2ner nu va absorbi apa \u0219i nu va arde la soare.<\/p>\n<p>La fel de convenabil s\u0103 \u021bine\u021bi un cu\u021bit cu m\u00e2ner din plastic iarna \u0219i vara la orice temperatur\u0103. Designul m\u00e2nerului este destul de versatil \u0219i va atrage aproape orice client. M\u00e2nerul este vopsit \u00een verde \u00eenchis \u0219i are o suprafa\u021b\u0103 neuniform\u0103, care ajut\u0103 la men\u021binerea cu\u021bitului mai str\u00e2ns\u0103 \u00een m\u00e2ini, inclusiv \u00een timpul ploii. Morakniv Kansbol este completat de teci practice. Sunt suficient de ad\u00e2nci pentru a ascunde complet lama. Acest lucru ajut\u0103 la p\u0103strarea cu\u021bitului \u00een sine, acoperindu-l de murd\u0103rie, precum \u0219i alte lucruri \u00eentr-un moment \u00een care cu\u021bitul este transportat cu ele \u00eentr-un rucsac. Sunt vopsite \u00een aceea\u0219i culoare cu m\u00e2nerul cu\u021bitului.<\/p>\n<p>Cu\u021bitele Mora sunt f\u0103cute \u00een Ostnor de mai bine de un secol. Odat\u0103 au fost f\u0103cu\u021bi \u00een fiecare cas\u0103 de me\u0219teri locali care \u0219i-au transmis abilit\u0103\u021bile din genera\u021bie \u00een genera\u021bie. Ast\u0103zi, aceste abilit\u0103\u021bi se afl\u0103 sub un singur acoperi\u0219 \u0219i, indiferent cu cine comunica\u021bi \u00een fabric\u0103, pot spune o poveste familial\u0103 \u00een care fabricarea cu\u021bitelor joac\u0103 un rol central! Acum, ca atunci, au aceea\u0219i abordare a produc\u021biei. Mora folose\u0219te metode ra\u021bionale pentru a transfera abordarea maestrului c\u0103tre tehnologia modern\u0103. Singura diferen\u021b\u0103 este utilizarea celor mai recente dezvolt\u0103ri tehnice. Cump\u0103r\u00e2nd un cu\u021bit Mora, ob\u021bine\u021bi un produs de calitate, care v\u0103 va servi cu credin\u021b\u0103 mul\u021bi ani.<\/p>\n<h3>Caracteristici<\/h3>\n<ul>\n<li>Tipul de cu\u021bit: fix.<\/li>\n<li>Scornard inclus.<\/li>\n<li>Tipul t\u0103ierii: normal.<\/li>\n<li>Lungime total\u0103: 22,8 cm.<\/li>\n<li>Lungimea lamei: 10,9 cm.<\/li>\n<li>Material m\u00e2ner: plastic, cauciucat.<\/li>\n<li>Duritatea o\u021belului: 56-58 HRC.<\/li>\n<li>Clasa de o\u021bel: Sandvik12C27.<\/li>\n<li>Greutate: 177 gr.<\/li>\n<\/ul>\n<p><\/p>","protected":false},"excerpt":{"rendered":"<p>Cu\u0163it Mora Kansbol with Multi-Mount<\/p>","protected":false},"featured_media":19446,"comment_status":"open","ping_status":"closed","template":"","meta":{"_acf_changed":false,"inline_featured_image":false},"product_brand":[1368],"product_cat":[169],"product_tag":[],"class_list":{"0":"post-19449","1":"product","2":"type-product","3":"status-publish","4":"has-post-thumbnail","6":"product_brand-mora","7":"product_cat-knives","9":"first","10":"instock","11":"shipping-taxable","12":"purchasable","13":"product-type-simple"},"acf":[],"yoast_head":"<!-- This site is optimized with the Yoast SEO plugin v27.4 - https:\/\/yoast.com\/product\/yoast-seo-wordpress\/ -->\n<title>\u041d\u043e\u0436 Mora Kansbol with Multi-Mount - \u041c\u0430\u0433\u0430\u0437\u0438\u043d Xstyle<\/title>\n<meta name=\"description\" content=\"\u041d\u043e\u0436 Mora Kansbol \u0441 Multi-Mount \u2014 \u0438\u0434\u0435\u0430\u043b\u044c\u043d\u044b\u0439 \u0438\u043d\u0441\u0442\u0440\u0443\u043c\u0435\u043d\u0442 \u0434\u043b\u044f \u0430\u043a\u0442\u0438\u0432\u043d\u043e\u0433\u043e \u043e\u0442\u0434\u044b\u0445\u0430. \u0423\u0441\u0442\u043e\u0439\u0447\u0438\u0432\u043e\u0435 \u043b\u0435\u0437\u0432\u0438\u0435 \u0438\u0437 \u043d\u0435\u0440\u0436\u0430\u0432\u0435\u044e\u0449\u0435\u0439 \u0441\u0442\u0430\u043b\u0438, \u0443\u043d\u0438\u0432\u0435\u0440\u0441\u0430\u043b\u044c\u043d\u0430\u044f \u0441\u0442\u0440\u0430\u0445\u043e\u0432\u043a\u0430. \u0421\u0442\u0430\u043d\u044c\u0442\u0435 \u043c\u0430\u0441\u0442\u0435\u0440\u043e\u043c \u0441\u0432\u043e\u0435\u0433\u043e \u0434\u0435\u043b\u0430!\" \/>\n<meta name=\"robots\" content=\"index, follow, max-snippet:-1, max-image-preview:large, max-video-preview:-1\" \/>\n<link rel=\"canonical\" href=\"https:\/\/xstyle.md\/ro\/produs\/nozh-mora-kansbol-with-multi-mount\/\" \/>\n<meta property=\"og:locale\" content=\"ro_RO\" \/>\n<meta property=\"og:type\" content=\"article\" \/>\n<meta property=\"og:title\" content=\"\u041d\u043e\u0436 Mora Kansbol with Multi-Mount - \u041c\u0430\u0433\u0430\u0437\u0438\u043d Xstyle\" \/>\n<meta property=\"og:description\" content=\"\u041d\u043e\u0436 Mora Kansbol \u0441 Multi-Mount \u2014 \u0438\u0434\u0435\u0430\u043b\u044c\u043d\u044b\u0439 \u0438\u043d\u0441\u0442\u0440\u0443\u043c\u0435\u043d\u0442 \u0434\u043b\u044f \u0430\u043a\u0442\u0438\u0432\u043d\u043e\u0433\u043e \u043e\u0442\u0434\u044b\u0445\u0430. \u0423\u0441\u0442\u043e\u0439\u0447\u0438\u0432\u043e\u0435 \u043b\u0435\u0437\u0432\u0438\u0435 \u0438\u0437 \u043d\u0435\u0440\u0436\u0430\u0432\u0435\u044e\u0449\u0435\u0439 \u0441\u0442\u0430\u043b\u0438, \u0443\u043d\u0438\u0432\u0435\u0440\u0441\u0430\u043b\u044c\u043d\u0430\u044f \u0441\u0442\u0440\u0430\u0445\u043e\u0432\u043a\u0430. \u0421\u0442\u0430\u043d\u044c\u0442\u0435 \u043c\u0430\u0441\u0442\u0435\u0440\u043e\u043c \u0441\u0432\u043e\u0435\u0433\u043e \u0434\u0435\u043b\u0430!\" \/>\n<meta property=\"og:url\" content=\"https:\/\/xstyle.md\/ro\/produs\/nozh-mora-kansbol-with-multi-mount\/\" \/>\n<meta property=\"og:site_name\" content=\"\u041c\u0430\u0433\u0430\u0437\u0438\u043d Xstyle\" \/>\n<meta property=\"article:publisher\" content=\"https:\/\/www.facebook.com\/xstylemd\" \/>\n<meta property=\"article:modified_time\" content=\"2025-10-24T09:55:39+00:00\" \/>\n<meta property=\"og:image\" content=\"https:\/\/xstyle.md\/wp-content\/uploads\/2020\/07\/227.900x0.jpg\" \/>\n\t<meta property=\"og:image:width\" content=\"900\" \/>\n\t<meta property=\"og:image:height\" content=\"900\" \/>\n\t<meta property=\"og:image:type\" content=\"image\/jpeg\" \/>\n<meta name=\"twitter:card\" content=\"summary_large_image\" \/>\n<meta name=\"twitter:label1\" content=\"Pre\u021b\" \/>\n\t<meta name=\"twitter:data1\" content=\"1.450&nbsp;MDL\" \/>\n\t<meta name=\"twitter:label2\" content=\"Disponibilitate\" \/>\n\t<meta name=\"twitter:data2\" content=\"\u00cen stoc\" \/>\n<script type=\"application\/ld+json\" class=\"yoast-schema-graph\">{\"@context\":\"https:\\\/\\\/schema.org\",\"@graph\":[{\"@type\":\"WebPage\",\"@id\":\"https:\\\/\\\/xstyle.md\\\/product\\\/nozh-mora-kansbol-with-multi-mount\\\/\",\"url\":\"https:\\\/\\\/xstyle.md\\\/product\\\/nozh-mora-kansbol-with-multi-mount\\\/\",\"name\":\"\u041d\u043e\u0436 Mora Kansbol with Multi-Mount - \u041c\u0430\u0433\u0430\u0437\u0438\u043d Xstyle\",\"isPartOf\":{\"@id\":\"https:\\\/\\\/xstyle.md\\\/#website\"},\"primaryImageOfPage\":{\"@id\":\"https:\\\/\\\/xstyle.md\\\/product\\\/nozh-mora-kansbol-with-multi-mount\\\/#primaryimage\"},\"image\":{\"@id\":\"https:\\\/\\\/xstyle.md\\\/product\\\/nozh-mora-kansbol-with-multi-mount\\\/#primaryimage\"},\"thumbnailUrl\":\"https:\\\/\\\/xstyle.md\\\/wp-content\\\/uploads\\\/2020\\\/07\\\/227.900x0.jpg\",\"datePublished\":\"2020-07-17T21:02:51+00:00\",\"dateModified\":\"2025-10-24T09:55:39+00:00\",\"description\":\"\u041d\u043e\u0436 Mora Kansbol \u0441 Multi-Mount \u2014 \u0438\u0434\u0435\u0430\u043b\u044c\u043d\u044b\u0439 \u0438\u043d\u0441\u0442\u0440\u0443\u043c\u0435\u043d\u0442 \u0434\u043b\u044f \u0430\u043a\u0442\u0438\u0432\u043d\u043e\u0433\u043e \u043e\u0442\u0434\u044b\u0445\u0430. \u0423\u0441\u0442\u043e\u0439\u0447\u0438\u0432\u043e\u0435 \u043b\u0435\u0437\u0432\u0438\u0435 \u0438\u0437 \u043d\u0435\u0440\u0436\u0430\u0432\u0435\u044e\u0449\u0435\u0439 \u0441\u0442\u0430\u043b\u0438, \u0443\u043d\u0438\u0432\u0435\u0440\u0441\u0430\u043b\u044c\u043d\u0430\u044f \u0441\u0442\u0440\u0430\u0445\u043e\u0432\u043a\u0430. \u0421\u0442\u0430\u043d\u044c\u0442\u0435 \u043c\u0430\u0441\u0442\u0435\u0440\u043e\u043c \u0441\u0432\u043e\u0435\u0433\u043e \u0434\u0435\u043b\u0430!\",\"breadcrumb\":{\"@id\":\"https:\\\/\\\/xstyle.md\\\/product\\\/nozh-mora-kansbol-with-multi-mount\\\/#breadcrumb\"},\"inLanguage\":\"ro-RO\",\"potentialAction\":[{\"@type\":\"ReadAction\",\"target\":[\"https:\\\/\\\/xstyle.md\\\/product\\\/nozh-mora-kansbol-with-multi-mount\\\/\"]}]},{\"@type\":\"ImageObject\",\"inLanguage\":\"ro-RO\",\"@id\":\"https:\\\/\\\/xstyle.md\\\/product\\\/nozh-mora-kansbol-with-multi-mount\\\/#primaryimage\",\"url\":\"https:\\\/\\\/xstyle.md\\\/wp-content\\\/uploads\\\/2020\\\/07\\\/227.900x0.jpg\",\"contentUrl\":\"https:\\\/\\\/xstyle.md\\\/wp-content\\\/uploads\\\/2020\\\/07\\\/227.900x0.jpg\",\"width\":900,\"height\":900},{\"@type\":\"BreadcrumbList\",\"@id\":\"https:\\\/\\\/xstyle.md\\\/product\\\/nozh-mora-kansbol-with-multi-mount\\\/#breadcrumb\",\"itemListElement\":[{\"@type\":\"ListItem\",\"position\":1,\"name\":\"\u0413\u043b\u0430\u0432\u043d\u0430\u044f \u0441\u0442\u0440\u0430\u043d\u0438\u0446\u0430\",\"item\":\"https:\\\/\\\/xstyle.md\\\/\"},{\"@type\":\"ListItem\",\"position\":2,\"name\":\"\u041c\u0430\u0433\u0430\u0437\u0438\u043d\",\"item\":\"https:\\\/\\\/xstyle.md\\\/shop\\\/\"},{\"@type\":\"ListItem\",\"position\":3,\"name\":\"\u041d\u043e\u0436 Mora Kansbol with Multi-Mount\"}]},{\"@type\":\"WebSite\",\"@id\":\"https:\\\/\\\/xstyle.md\\\/#website\",\"url\":\"https:\\\/\\\/xstyle.md\\\/\",\"name\":\"\u041c\u0430\u0433\u0430\u0437\u0438\u043d Xstyle\",\"description\":\"C\u043d\u0430\u0440\u044f\u0436\u0435\u043d\u0438\u0435 \u0434\u043b\u044f \u0442\u0443\u0440\u0438\u0437\u043c\u0430 \u0438 \u044d\u043a\u0441\u0442\u0440\u0435\u043c\u0430\u043b\u044c\u043d\u044b\u0445 \u0432\u0438\u0434\u043e\u0432 \u0441\u043f\u043e\u0440\u0442\u0430 \u0432 \u041c\u043e\u043b\u0434\u043e\u0432\u0435.. \u0426\u0435\u043d\u044b, \u0444\u043e\u0442\u043e, \u0445\u0430\u0440\u0430\u043a\u0442\u0435\u0440\u0438\u0441\u0442\u0438\u043a\u0438 \u0432 \u041c\u043e\u043b\u0434\u043e\u0432\u0435.\",\"publisher\":{\"@id\":\"https:\\\/\\\/xstyle.md\\\/#organization\"},\"alternateName\":\"X-Style\",\"potentialAction\":[{\"@type\":\"SearchAction\",\"target\":{\"@type\":\"EntryPoint\",\"urlTemplate\":\"https:\\\/\\\/xstyle.md\\\/?s={search_term_string}\"},\"query-input\":{\"@type\":\"PropertyValueSpecification\",\"valueRequired\":true,\"valueName\":\"search_term_string\"}}],\"inLanguage\":\"ro-RO\"},{\"@type\":\"Organization\",\"@id\":\"https:\\\/\\\/xstyle.md\\\/#organization\",\"name\":\"\u041c\u0430\u0433\u0430\u0437\u0438\u043d Xstyle\",\"alternateName\":\"x-style\",\"url\":\"https:\\\/\\\/xstyle.md\\\/\",\"logo\":{\"@type\":\"ImageObject\",\"inLanguage\":\"ro-RO\",\"@id\":\"https:\\\/\\\/xstyle.md\\\/#\\\/schema\\\/logo\\\/image\\\/\",\"url\":\"https:\\\/\\\/xstyle.md\\\/wp-content\\\/uploads\\\/2020\\\/06\\\/logoicon.svg\",\"contentUrl\":\"https:\\\/\\\/xstyle.md\\\/wp-content\\\/uploads\\\/2020\\\/06\\\/logoicon.svg\",\"caption\":\"\u041c\u0430\u0433\u0430\u0437\u0438\u043d Xstyle\"},\"image\":{\"@id\":\"https:\\\/\\\/xstyle.md\\\/#\\\/schema\\\/logo\\\/image\\\/\"},\"sameAs\":[\"https:\\\/\\\/www.facebook.com\\\/xstylemd\",\"https:\\\/\\\/www.instagram.com\\\/xstyle_md\\\/\",\"https:\\\/\\\/t.me\\\/xstyle_outdoor\"],\"hasMerchantReturnPolicy\":{\"@type\":\"MerchantReturnPolicy\",\"merchantReturnLink\":\"https:\\\/\\\/xstyle.md\\\/ro\\\/conditions\\\/\"}}]}<\/script>\n<meta property=\"product:price:amount\" content=\"1450.00\" \/>\n<meta property=\"product:price:currency\" content=\"MDL\" \/>\n<meta property=\"og:availability\" content=\"instock\" \/>\n<meta property=\"product:availability\" content=\"instock\" \/>\n<meta property=\"product:retailer_item_id\" content=\"7391846017530\" \/>\n<meta property=\"product:condition\" content=\"new\" \/>\n<!-- \/ Yoast SEO plugin. -->","yoast_head_json":{"title":"Cu\u0163it Mora Kansbol with Multi-Mount - Magazin Xstyle","description":"Cureaua Mora Kansbol cu Multi-Mount este un instrument ideal pentru activit\u0103\u021bi \u00een aer liber. Lam\u0103 rezistent\u0103 din o\u021bel inoxidabil, siguran\u021b\u0103 universal\u0103. Devino un expert \u00een domeniul t\u0103u!","robots":{"index":"index","follow":"follow","max-snippet":"max-snippet:-1","max-image-preview":"max-image-preview:large","max-video-preview":"max-video-preview:-1"},"canonical":"https:\/\/xstyle.md\/ro\/produs\/nozh-mora-kansbol-with-multi-mount\/","og_locale":"ro_RO","og_type":"article","og_title":"\u041d\u043e\u0436 Mora Kansbol with Multi-Mount - \u041c\u0430\u0433\u0430\u0437\u0438\u043d Xstyle","og_description":"\u041d\u043e\u0436 Mora Kansbol \u0441 Multi-Mount \u2014 \u0438\u0434\u0435\u0430\u043b\u044c\u043d\u044b\u0439 \u0438\u043d\u0441\u0442\u0440\u0443\u043c\u0435\u043d\u0442 \u0434\u043b\u044f \u0430\u043a\u0442\u0438\u0432\u043d\u043e\u0433\u043e \u043e\u0442\u0434\u044b\u0445\u0430. \u0423\u0441\u0442\u043e\u0439\u0447\u0438\u0432\u043e\u0435 \u043b\u0435\u0437\u0432\u0438\u0435 \u0438\u0437 \u043d\u0435\u0440\u0436\u0430\u0432\u0435\u044e\u0449\u0435\u0439 \u0441\u0442\u0430\u043b\u0438, \u0443\u043d\u0438\u0432\u0435\u0440\u0441\u0430\u043b\u044c\u043d\u0430\u044f \u0441\u0442\u0440\u0430\u0445\u043e\u0432\u043a\u0430. \u0421\u0442\u0430\u043d\u044c\u0442\u0435 \u043c\u0430\u0441\u0442\u0435\u0440\u043e\u043c \u0441\u0432\u043e\u0435\u0433\u043e \u0434\u0435\u043b\u0430!","og_url":"https:\/\/xstyle.md\/ro\/produs\/nozh-mora-kansbol-with-multi-mount\/","og_site_name":"\u041c\u0430\u0433\u0430\u0437\u0438\u043d Xstyle","article_publisher":"https:\/\/www.facebook.com\/xstylemd","article_modified_time":"2025-10-24T09:55:39+00:00","og_image":[{"width":900,"height":900,"url":"https:\/\/xstyle.md\/wp-content\/uploads\/2020\/07\/227.900x0.jpg","type":"image\/jpeg"}],"twitter_card":"summary_large_image","twitter_misc":{"Pre\u021b":"1.450&nbsp;MDL","Disponibilitate":"\u00cen stoc"},"schema":{"@context":"https:\/\/schema.org","@graph":[{"@type":"WebPage","@id":"https:\/\/xstyle.md\/product\/nozh-mora-kansbol-with-multi-mount\/","url":"https:\/\/xstyle.md\/product\/nozh-mora-kansbol-with-multi-mount\/","name":"Cu\u0163it Mora Kansbol with Multi-Mount - Magazin Xstyle","isPartOf":{"@id":"https:\/\/xstyle.md\/#website"},"primaryImageOfPage":{"@id":"https:\/\/xstyle.md\/product\/nozh-mora-kansbol-with-multi-mount\/#primaryimage"},"image":{"@id":"https:\/\/xstyle.md\/product\/nozh-mora-kansbol-with-multi-mount\/#primaryimage"},"thumbnailUrl":"https:\/\/xstyle.md\/wp-content\/uploads\/2020\/07\/227.900x0.jpg","datePublished":"2020-07-17T21:02:51+00:00","dateModified":"2025-10-24T09:55:39+00:00","description":"Cureaua Mora Kansbol cu Multi-Mount este un instrument ideal pentru activit\u0103\u021bi \u00een aer liber. Lam\u0103 rezistent\u0103 din o\u021bel inoxidabil, siguran\u021b\u0103 universal\u0103. Devino un expert \u00een domeniul t\u0103u!","breadcrumb":{"@id":"https:\/\/xstyle.md\/product\/nozh-mora-kansbol-with-multi-mount\/#breadcrumb"},"inLanguage":"ro-RO","potentialAction":[{"@type":"ReadAction","target":["https:\/\/xstyle.md\/product\/nozh-mora-kansbol-with-multi-mount\/"]}]},{"@type":"ImageObject","inLanguage":"ro-RO","@id":"https:\/\/xstyle.md\/product\/nozh-mora-kansbol-with-multi-mount\/#primaryimage","url":"https:\/\/xstyle.md\/wp-content\/uploads\/2020\/07\/227.900x0.jpg","contentUrl":"https:\/\/xstyle.md\/wp-content\/uploads\/2020\/07\/227.900x0.jpg","width":900,"height":900},{"@type":"BreadcrumbList","@id":"https:\/\/xstyle.md\/product\/nozh-mora-kansbol-with-multi-mount\/#breadcrumb","itemListElement":[{"@type":"ListItem","position":1,"name":"\u0413\u043b\u0430\u0432\u043d\u0430\u044f \u0441\u0442\u0440\u0430\u043d\u0438\u0446\u0430","item":"https:\/\/xstyle.md\/"},{"@type":"ListItem","position":2,"name":"\u041c\u0430\u0433\u0430\u0437\u0438\u043d","item":"https:\/\/xstyle.md\/shop\/"},{"@type":"ListItem","position":3,"name":"\u041d\u043e\u0436 Mora Kansbol with Multi-Mount"}]},{"@type":"WebSite","@id":"https:\/\/xstyle.md\/#website","url":"https:\/\/xstyle.md\/","name":"Magazinul X-Style","description":"Echipamente pentru turism \u0219i sporturi extreme \u00een Moldova. Pre\u021buri, fotografii, caracteristici \u00een Moldova.","publisher":{"@id":"https:\/\/xstyle.md\/#organization"},"alternateName":"X-Style","potentialAction":[{"@type":"SearchAction","target":{"@type":"EntryPoint","urlTemplate":"https:\/\/xstyle.md\/?s={search_term_string}"},"query-input":{"@type":"PropertyValueSpecification","valueRequired":true,"valueName":"search_term_string"}}],"inLanguage":"ro-RO"},{"@type":"Organization","@id":"https:\/\/xstyle.md\/#organization","name":"Magazinul X-Style","alternateName":"x-style","url":"https:\/\/xstyle.md\/","logo":{"@type":"ImageObject","inLanguage":"ro-RO","@id":"https:\/\/xstyle.md\/#\/schema\/logo\/image\/","url":"https:\/\/xstyle.md\/wp-content\/uploads\/2020\/06\/logoicon.svg","contentUrl":"https:\/\/xstyle.md\/wp-content\/uploads\/2020\/06\/logoicon.svg","caption":"\u041c\u0430\u0433\u0430\u0437\u0438\u043d Xstyle"},"image":{"@id":"https:\/\/xstyle.md\/#\/schema\/logo\/image\/"},"sameAs":["https:\/\/www.facebook.com\/xstylemd","https:\/\/www.instagram.com\/xstyle_md\/","https:\/\/t.me\/xstyle_outdoor"],"hasMerchantReturnPolicy":{"@type":"MerchantReturnPolicy","merchantReturnLink":"https:\/\/xstyle.md\/ro\/conditions\/"}}]},"product_price_amount":"1450.00","product_price_currency":"MDL","og_availability":"instock","product_availability":"instock","product_retailer_item_id":"7391846017530","product_condition":"new"},"post_mailing_queue_ids":[],"_links":{"self":[{"href":"https:\/\/xstyle.md\/ro\/wp-json\/wp\/v2\/product\/19449","targetHints":{"allow":["GET"]}}],"collection":[{"href":"https:\/\/xstyle.md\/ro\/wp-json\/wp\/v2\/product"}],"about":[{"href":"https:\/\/xstyle.md\/ro\/wp-json\/wp\/v2\/types\/product"}],"replies":[{"embeddable":true,"href":"https:\/\/xstyle.md\/ro\/wp-json\/wp\/v2\/comments?post=19449"}],"wp:featuredmedia":[{"embeddable":true,"href":"https:\/\/xstyle.md\/ro\/wp-json\/wp\/v2\/media\/19446"}],"wp:attachment":[{"href":"https:\/\/xstyle.md\/ro\/wp-json\/wp\/v2\/media?parent=19449"}],"wp:term":[{"taxonomy":"product_brand","embeddable":true,"href":"https:\/\/xstyle.md\/ro\/wp-json\/wp\/v2\/product_brand?post=19449"},{"taxonomy":"product_cat","embeddable":true,"href":"https:\/\/xstyle.md\/ro\/wp-json\/wp\/v2\/product_cat?post=19449"},{"taxonomy":"product_tag","embeddable":true,"href":"https:\/\/xstyle.md\/ro\/wp-json\/wp\/v2\/product_tag?post=19449"}],"curies":[{"name":"wp","href":"https:\/\/api.w.org\/{rel}","templated":true}]}}