{"id":19404,"date":"2020-07-17T23:59:52","date_gmt":"2020-07-17T20:59:52","guid":{"rendered":"https:\/\/xstyle.md\/?post_type=product&#038;p=19404"},"modified":"2026-02-06T18:09:11","modified_gmt":"2026-02-06T15:09:11","slug":"termos-zojirushi-sj-js10ba-1l","status":"publish","type":"product","link":"https:\/\/xstyle.md\/ro\/produs\/termos-zojirushi-sj-js10ba-1l\/","title":{"rendered":"Termos Zojirushi SJ-JS10BA 1L"},"content":{"rendered":"<p><\/p>\n<p><strong>Termosul Zojirushi SJ-JS10 1L<\/strong> &#8212; este fabricat din o\u021bel inoxidabil 18\/8, av\u00e2nd performan\u021be excelente de men\u021binere a c\u0103ldurii. Datorit\u0103 \u00eenveli\u0219ului special al balonului (Non-Stick Coating), b\u0103utura nu intr\u0103 \u00een contact direct cu metalul, p\u0103str\u00e2ndu-\u0219i astfel gustul original.<\/p>\n<p>Tehnologiile inovatoare de produc\u021bie ale Zojirushi Corporation au permis reducerea spa\u021biului de vid din balonul metalic de la standardul de 2 mm la doar 1 mm, pere\u021bii fiind realiza\u021bi dintr-un o\u021bel de \u00eenalt\u0103 rezisten\u021b\u0103 cu grosime redus\u0103. Aceste modele men\u021bin temperatura la fel de mult timp ca produsele tradi\u021bionale, fiind \u00eens\u0103 considerabil mai u\u0219oare \u0219i mai compacte. Un canal de aer suplimentar \u00een capacul termosului faciliteaz\u0103 turnarea b\u0103uturii, ajut\u00e2nd la formarea unui flux de lichid f\u0103r\u0103 stropire.<\/p>\n<h3>Particularit\u0103\u021bi<\/h3>\n<ul>\n<li>Asigur\u0103 o conservare excelent\u0103 a temperaturii b\u0103uturii.<\/li>\n<li>\u00cenveli\u0219 Non-Stick &#8212; interiorul din o\u021bel inoxidabil are un strat special rezistent la depuneri, care permite cur\u0103\u021barea u\u0219oar\u0103 a urmelor de gr\u0103sime, ceai sau cafea.<\/li>\n<li>G\u00e2t larg &#8212; permite ad\u0103ugarea cuburilor de ghea\u021b\u0103 \u00een b\u0103uturi \u0219i faciliteaz\u0103 \u00eentre\u021binerea.<\/li>\n<li>Capac multifunc\u021bional &#8212; poate fi utilizat pe post de can\u0103.<\/li>\n<li>Design &#8212; aspect elegant \u0219i ergonomic.<\/li>\n<li>Nu con\u021bine BPA (BPA-free).<\/li>\n<\/ul>\n<h3>Performan\u021b\u0103 Termic\u0103<\/h3>\n<ul>\n<li>Men\u021binere cald \u2013 p\u00e2n\u0103 la 6 ore<\/li>\n<li>Men\u021binere rece \u2013 p\u00e2n\u0103 la 24 ore<\/li>\n<\/ul>\n<h3>Caracteristici<\/h3>\n<ul>\n<li>Material \u2013 o\u021bel inoxidabil 18\/8<\/li>\n<li>Dimensiuni \u2013 85 x 285 mm<\/li>\n<li>Volum \u2013 1000 ml (1L)<\/li>\n<li>Greutate \u2013 400 g<\/li>\n<\/ul>\n<h3>Tehnologii<\/h3>\n<ul>\n<li>BPA (bisfenol A) este un compus chimic organic utilizat \u00een fabricarea maselor plastice, a policarbonatului \u0219i a r\u0103\u0219inilor epoxidice. Aceast\u0103 substan\u021b\u0103 este ad\u0103ugat\u0103, de asemenea, \u00een produsele din plastic \u0219i \u00een conserve. Principalele propriet\u0103\u021bi ale bisfenolului A sunt cele de \u00eent\u0103rire \u0219i antioxidare. BPA poate p\u0103trunde \u00een organismul uman nu doar prin alimente \u0219i ap\u0103, ci \u0219i prin piele sau pl\u0103m\u00e2ni. Contactul prelungit al lichidelor \u0219i al alimentelor umede cu plasticul care con\u021bine bisfenol A favorizeaz\u0103 eliberarea acestei substan\u021be \u00een produsele alimentare. \u00cenc\u0103lzirea acestor recipiente accelereaz\u0103 semnificativ procesul de eliberare a bisfenolului A. Aceast\u0103 sticl\u0103 de ap\u0103 are marcajul BPA free, ceea ce demonstreaz\u0103 faptul c\u0103 bisfenolul A nu a fost utilizat \u00een fabricarea acestui recipient.<br \/>\n<\/li>\n<\/ul>","protected":false},"excerpt":{"rendered":"<p>Termos Zojirushi SJ-JS10BA 1L<\/p>","protected":false},"featured_media":19401,"comment_status":"open","ping_status":"closed","template":"","meta":{"_acf_changed":false,"inline_featured_image":false},"product_brand":[1377],"product_cat":[855],"product_tag":[],"class_list":{"0":"post-19404","1":"product","2":"type-product","3":"status-publish","4":"has-post-thumbnail","6":"product_brand-zojirushi","7":"product_cat-thermos","9":"first","10":"instock","11":"shipping-taxable","12":"purchasable","13":"product-type-simple"},"acf":[],"yoast_head":"<!-- This site is optimized with the Yoast SEO plugin v27.2 - https:\/\/yoast.com\/product\/yoast-seo-wordpress\/ -->\n<title>\u0422\u0435\u0440\u043c\u043e\u0441 Zojirushi SJ-JS10BA 1L - \u041c\u0430\u0433\u0430\u0437\u0438\u043d Xstyle<\/title>\n<meta name=\"description\" content=\"\u0422\u0435\u0440\u043c\u043e\u0441 Zojirushi SJ-JS10BA 1L \u0438\u0437 \u043d\u0435\u0440\u0436\u0430\u0432\u0435\u044e\u0449\u0435\u0439 \u0441\u0442\u0430\u043b\u0438 \u0438\u0434\u0435\u0430\u043b\u044c\u043d\u043e \u043f\u043e\u0434\u0445\u043e\u0434\u0438\u0442 \u0434\u043b\u044f \u043f\u0443\u0442\u0435\u0448\u0435\u0441\u0442\u0432\u0438\u0439 \u0438 \u0430\u043a\u0442\u0438\u0432\u043d\u043e\u0433\u043e \u043e\u0442\u0434\u044b\u0445\u0430. \u041e\u0442\u043b\u0438\u0447\u043d\u043e\u0435 \u0443\u0434\u0435\u0440\u0436\u0430\u043d\u0438\u0435 \u0442\u0435\u043f\u043b\u0430 \u0438 \u0441\u0442\u0438\u043b\u044c\u043d\u044b\u0439 \u0434\u0438\u0437\u0430\u0439\u043d!\" \/>\n<meta name=\"robots\" content=\"index, follow, max-snippet:-1, max-image-preview:large, max-video-preview:-1\" \/>\n<link rel=\"canonical\" href=\"https:\/\/xstyle.md\/ro\/produs\/termos-zojirushi-sj-js10ba-1l\/\" \/>\n<meta property=\"og:locale\" content=\"ro_RO\" \/>\n<meta property=\"og:type\" content=\"article\" \/>\n<meta property=\"og:title\" content=\"\u0422\u0435\u0440\u043c\u043e\u0441 Zojirushi SJ-JS10BA 1L - \u041c\u0430\u0433\u0430\u0437\u0438\u043d Xstyle\" \/>\n<meta property=\"og:description\" content=\"\u0422\u0435\u0440\u043c\u043e\u0441 Zojirushi SJ-JS10BA 1L \u0438\u0437 \u043d\u0435\u0440\u0436\u0430\u0432\u0435\u044e\u0449\u0435\u0439 \u0441\u0442\u0430\u043b\u0438 \u0438\u0434\u0435\u0430\u043b\u044c\u043d\u043e \u043f\u043e\u0434\u0445\u043e\u0434\u0438\u0442 \u0434\u043b\u044f \u043f\u0443\u0442\u0435\u0448\u0435\u0441\u0442\u0432\u0438\u0439 \u0438 \u0430\u043a\u0442\u0438\u0432\u043d\u043e\u0433\u043e \u043e\u0442\u0434\u044b\u0445\u0430. \u041e\u0442\u043b\u0438\u0447\u043d\u043e\u0435 \u0443\u0434\u0435\u0440\u0436\u0430\u043d\u0438\u0435 \u0442\u0435\u043f\u043b\u0430 \u0438 \u0441\u0442\u0438\u043b\u044c\u043d\u044b\u0439 \u0434\u0438\u0437\u0430\u0439\u043d!\" \/>\n<meta property=\"og:url\" content=\"https:\/\/xstyle.md\/ro\/produs\/termos-zojirushi-sj-js10ba-1l\/\" \/>\n<meta property=\"og:site_name\" content=\"\u041c\u0430\u0433\u0430\u0437\u0438\u043d Xstyle\" \/>\n<meta property=\"article:publisher\" content=\"https:\/\/www.facebook.com\/xstylemd\" \/>\n<meta property=\"article:modified_time\" content=\"2026-02-06T15:09:11+00:00\" \/>\n<meta property=\"og:image\" content=\"https:\/\/xstyle.md\/wp-content\/uploads\/2020\/07\/sj-js10ba.jpg\" \/>\n\t<meta property=\"og:image:width\" content=\"600\" \/>\n\t<meta property=\"og:image:height\" content=\"600\" \/>\n\t<meta property=\"og:image:type\" content=\"image\/jpeg\" \/>\n<meta name=\"twitter:card\" content=\"summary_large_image\" \/>\n<meta name=\"twitter:label1\" content=\"Pre\u021b\" \/>\n\t<meta name=\"twitter:data1\" content=\"990&nbsp;MDL\" \/>\n\t<meta name=\"twitter:label2\" content=\"Disponibilitate\" \/>\n\t<meta name=\"twitter:data2\" content=\"\u00cen stoc\" \/>\n<script type=\"application\/ld+json\" class=\"yoast-schema-graph\">{\"@context\":\"https:\/\/schema.org\",\"@graph\":[{\"@type\":\"WebPage\",\"@id\":\"https:\/\/xstyle.md\/product\/termos-zojirushi-sj-js10ba-1l\/\",\"url\":\"https:\/\/xstyle.md\/product\/termos-zojirushi-sj-js10ba-1l\/\",\"name\":\"\u0422\u0435\u0440\u043c\u043e\u0441 Zojirushi SJ-JS10BA 1L - \u041c\u0430\u0433\u0430\u0437\u0438\u043d Xstyle\",\"isPartOf\":{\"@id\":\"https:\/\/xstyle.md\/#website\"},\"primaryImageOfPage\":{\"@id\":\"https:\/\/xstyle.md\/product\/termos-zojirushi-sj-js10ba-1l\/#primaryimage\"},\"image\":{\"@id\":\"https:\/\/xstyle.md\/product\/termos-zojirushi-sj-js10ba-1l\/#primaryimage\"},\"thumbnailUrl\":\"https:\/\/xstyle.md\/wp-content\/uploads\/2020\/07\/sj-js10ba.jpg\",\"datePublished\":\"2020-07-17T20:59:52+00:00\",\"dateModified\":\"2026-02-06T15:09:11+00:00\",\"description\":\"\u0422\u0435\u0440\u043c\u043e\u0441 Zojirushi SJ-JS10BA 1L \u0438\u0437 \u043d\u0435\u0440\u0436\u0430\u0432\u0435\u044e\u0449\u0435\u0439 \u0441\u0442\u0430\u043b\u0438 \u0438\u0434\u0435\u0430\u043b\u044c\u043d\u043e \u043f\u043e\u0434\u0445\u043e\u0434\u0438\u0442 \u0434\u043b\u044f \u043f\u0443\u0442\u0435\u0448\u0435\u0441\u0442\u0432\u0438\u0439 \u0438 \u0430\u043a\u0442\u0438\u0432\u043d\u043e\u0433\u043e \u043e\u0442\u0434\u044b\u0445\u0430. \u041e\u0442\u043b\u0438\u0447\u043d\u043e\u0435 \u0443\u0434\u0435\u0440\u0436\u0430\u043d\u0438\u0435 \u0442\u0435\u043f\u043b\u0430 \u0438 \u0441\u0442\u0438\u043b\u044c\u043d\u044b\u0439 \u0434\u0438\u0437\u0430\u0439\u043d!\",\"breadcrumb\":{\"@id\":\"https:\/\/xstyle.md\/product\/termos-zojirushi-sj-js10ba-1l\/#breadcrumb\"},\"inLanguage\":\"ro-RO\",\"potentialAction\":[{\"@type\":\"ReadAction\",\"target\":[\"https:\/\/xstyle.md\/product\/termos-zojirushi-sj-js10ba-1l\/\"]}]},{\"@type\":\"ImageObject\",\"inLanguage\":\"ro-RO\",\"@id\":\"https:\/\/xstyle.md\/product\/termos-zojirushi-sj-js10ba-1l\/#primaryimage\",\"url\":\"https:\/\/xstyle.md\/wp-content\/uploads\/2020\/07\/sj-js10ba.jpg\",\"contentUrl\":\"https:\/\/xstyle.md\/wp-content\/uploads\/2020\/07\/sj-js10ba.jpg\",\"width\":600,\"height\":600},{\"@type\":\"BreadcrumbList\",\"@id\":\"https:\/\/xstyle.md\/product\/termos-zojirushi-sj-js10ba-1l\/#breadcrumb\",\"itemListElement\":[{\"@type\":\"ListItem\",\"position\":1,\"name\":\"\u0413\u043b\u0430\u0432\u043d\u0430\u044f \u0441\u0442\u0440\u0430\u043d\u0438\u0446\u0430\",\"item\":\"https:\/\/xstyle.md\/\"},{\"@type\":\"ListItem\",\"position\":2,\"name\":\"\u041c\u0430\u0433\u0430\u0437\u0438\u043d\",\"item\":\"https:\/\/xstyle.md\/shop\/\"},{\"@type\":\"ListItem\",\"position\":3,\"name\":\"\u0422\u0435\u0440\u043c\u043e\u0441 Zojirushi SJ-JS10BA 1L\"}]},{\"@type\":\"WebSite\",\"@id\":\"https:\/\/xstyle.md\/#website\",\"url\":\"https:\/\/xstyle.md\/\",\"name\":\"\u041c\u0430\u0433\u0430\u0437\u0438\u043d Xstyle\",\"description\":\"C\u043d\u0430\u0440\u044f\u0436\u0435\u043d\u0438\u0435 \u0434\u043b\u044f \u0442\u0443\u0440\u0438\u0437\u043c\u0430 \u0438 \u044d\u043a\u0441\u0442\u0440\u0435\u043c\u0430\u043b\u044c\u043d\u044b\u0445 \u0432\u0438\u0434\u043e\u0432 \u0441\u043f\u043e\u0440\u0442\u0430 \u0432 \u041c\u043e\u043b\u0434\u043e\u0432\u0435.. \u0426\u0435\u043d\u044b, \u0444\u043e\u0442\u043e, \u0445\u0430\u0440\u0430\u043a\u0442\u0435\u0440\u0438\u0441\u0442\u0438\u043a\u0438 \u0432 \u041c\u043e\u043b\u0434\u043e\u0432\u0435.\",\"publisher\":{\"@id\":\"https:\/\/xstyle.md\/#organization\"},\"alternateName\":\"X-Style\",\"potentialAction\":[{\"@type\":\"SearchAction\",\"target\":{\"@type\":\"EntryPoint\",\"urlTemplate\":\"https:\/\/xstyle.md\/?s={search_term_string}\"},\"query-input\":{\"@type\":\"PropertyValueSpecification\",\"valueRequired\":true,\"valueName\":\"search_term_string\"}}],\"inLanguage\":\"ro-RO\"},{\"@type\":\"Organization\",\"@id\":\"https:\/\/xstyle.md\/#organization\",\"name\":\"\u041c\u0430\u0433\u0430\u0437\u0438\u043d Xstyle\",\"alternateName\":\"x-style\",\"url\":\"https:\/\/xstyle.md\/\",\"logo\":{\"@type\":\"ImageObject\",\"inLanguage\":\"ro-RO\",\"@id\":\"https:\/\/xstyle.md\/#\/schema\/logo\/image\/\",\"url\":\"https:\/\/xstyle.md\/wp-content\/uploads\/2020\/06\/logoicon.svg\",\"contentUrl\":\"https:\/\/xstyle.md\/wp-content\/uploads\/2020\/06\/logoicon.svg\",\"caption\":\"\u041c\u0430\u0433\u0430\u0437\u0438\u043d Xstyle\"},\"image\":{\"@id\":\"https:\/\/xstyle.md\/#\/schema\/logo\/image\/\"},\"sameAs\":[\"https:\/\/www.facebook.com\/xstylemd\",\"https:\/\/www.instagram.com\/xstyle_md\/\",\"https:\/\/t.me\/xstyle_outdoor\"],\"hasMerchantReturnPolicy\":{\"@type\":\"MerchantReturnPolicy\",\"merchantReturnLink\":\"https:\/\/xstyle.md\/ro\/conditions\/\"}}]}<\/script>\n<meta property=\"product:price:amount\" content=\"990.00\" \/>\n<meta property=\"product:price:currency\" content=\"MDL\" \/>\n<meta property=\"og:availability\" content=\"instock\" \/>\n<meta property=\"product:availability\" content=\"instock\" \/>\n<meta property=\"product:retailer_item_id\" content=\"4974305215222\" \/>\n<meta property=\"product:condition\" content=\"new\" \/>\n<!-- \/ Yoast SEO plugin. -->","yoast_head_json":{"title":"Termos Zojirushi SJ-JS10BA 1L - Magazin Xstyle","description":"Termos Zojirushi SJ-JS10BA 1L din o\u021bel inoxidabil este perfect pentru c\u0103l\u0103torii \u0219i activit\u0103\u021bi \u00een aer liber. O excelent\u0103 p\u0103strare a c\u0103ldurii \u0219i un design elegant!","robots":{"index":"index","follow":"follow","max-snippet":"max-snippet:-1","max-image-preview":"max-image-preview:large","max-video-preview":"max-video-preview:-1"},"canonical":"https:\/\/xstyle.md\/ro\/produs\/termos-zojirushi-sj-js10ba-1l\/","og_locale":"ro_RO","og_type":"article","og_title":"\u0422\u0435\u0440\u043c\u043e\u0441 Zojirushi SJ-JS10BA 1L - \u041c\u0430\u0433\u0430\u0437\u0438\u043d Xstyle","og_description":"\u0422\u0435\u0440\u043c\u043e\u0441 Zojirushi SJ-JS10BA 1L \u0438\u0437 \u043d\u0435\u0440\u0436\u0430\u0432\u0435\u044e\u0449\u0435\u0439 \u0441\u0442\u0430\u043b\u0438 \u0438\u0434\u0435\u0430\u043b\u044c\u043d\u043e \u043f\u043e\u0434\u0445\u043e\u0434\u0438\u0442 \u0434\u043b\u044f \u043f\u0443\u0442\u0435\u0448\u0435\u0441\u0442\u0432\u0438\u0439 \u0438 \u0430\u043a\u0442\u0438\u0432\u043d\u043e\u0433\u043e \u043e\u0442\u0434\u044b\u0445\u0430. \u041e\u0442\u043b\u0438\u0447\u043d\u043e\u0435 \u0443\u0434\u0435\u0440\u0436\u0430\u043d\u0438\u0435 \u0442\u0435\u043f\u043b\u0430 \u0438 \u0441\u0442\u0438\u043b\u044c\u043d\u044b\u0439 \u0434\u0438\u0437\u0430\u0439\u043d!","og_url":"https:\/\/xstyle.md\/ro\/produs\/termos-zojirushi-sj-js10ba-1l\/","og_site_name":"\u041c\u0430\u0433\u0430\u0437\u0438\u043d Xstyle","article_publisher":"https:\/\/www.facebook.com\/xstylemd","article_modified_time":"2026-02-06T15:09:11+00:00","og_image":[{"width":600,"height":600,"url":"https:\/\/xstyle.md\/wp-content\/uploads\/2020\/07\/sj-js10ba.jpg","type":"image\/jpeg"}],"twitter_card":"summary_large_image","twitter_misc":{"Pre\u021b":"990&nbsp;MDL","Disponibilitate":"\u00cen stoc"},"schema":{"@context":"https:\/\/schema.org","@graph":[{"@type":"WebPage","@id":"https:\/\/xstyle.md\/product\/termos-zojirushi-sj-js10ba-1l\/","url":"https:\/\/xstyle.md\/product\/termos-zojirushi-sj-js10ba-1l\/","name":"Termos Zojirushi SJ-JS10BA 1L - Magazin Xstyle","isPartOf":{"@id":"https:\/\/xstyle.md\/#website"},"primaryImageOfPage":{"@id":"https:\/\/xstyle.md\/product\/termos-zojirushi-sj-js10ba-1l\/#primaryimage"},"image":{"@id":"https:\/\/xstyle.md\/product\/termos-zojirushi-sj-js10ba-1l\/#primaryimage"},"thumbnailUrl":"https:\/\/xstyle.md\/wp-content\/uploads\/2020\/07\/sj-js10ba.jpg","datePublished":"2020-07-17T20:59:52+00:00","dateModified":"2026-02-06T15:09:11+00:00","description":"Termos Zojirushi SJ-JS10BA 1L din o\u021bel inoxidabil este perfect pentru c\u0103l\u0103torii \u0219i activit\u0103\u021bi \u00een aer liber. O excelent\u0103 p\u0103strare a c\u0103ldurii \u0219i un design elegant!","breadcrumb":{"@id":"https:\/\/xstyle.md\/product\/termos-zojirushi-sj-js10ba-1l\/#breadcrumb"},"inLanguage":"ro-RO","potentialAction":[{"@type":"ReadAction","target":["https:\/\/xstyle.md\/product\/termos-zojirushi-sj-js10ba-1l\/"]}]},{"@type":"ImageObject","inLanguage":"ro-RO","@id":"https:\/\/xstyle.md\/product\/termos-zojirushi-sj-js10ba-1l\/#primaryimage","url":"https:\/\/xstyle.md\/wp-content\/uploads\/2020\/07\/sj-js10ba.jpg","contentUrl":"https:\/\/xstyle.md\/wp-content\/uploads\/2020\/07\/sj-js10ba.jpg","width":600,"height":600},{"@type":"BreadcrumbList","@id":"https:\/\/xstyle.md\/product\/termos-zojirushi-sj-js10ba-1l\/#breadcrumb","itemListElement":[{"@type":"ListItem","position":1,"name":"\u0413\u043b\u0430\u0432\u043d\u0430\u044f \u0441\u0442\u0440\u0430\u043d\u0438\u0446\u0430","item":"https:\/\/xstyle.md\/"},{"@type":"ListItem","position":2,"name":"\u041c\u0430\u0433\u0430\u0437\u0438\u043d","item":"https:\/\/xstyle.md\/shop\/"},{"@type":"ListItem","position":3,"name":"\u0422\u0435\u0440\u043c\u043e\u0441 Zojirushi SJ-JS10BA 1L"}]},{"@type":"WebSite","@id":"https:\/\/xstyle.md\/#website","url":"https:\/\/xstyle.md\/","name":"Magazinul X-Style","description":"Echipamente pentru turism \u0219i sporturi extreme \u00een Moldova. Pre\u021buri, fotografii, caracteristici \u00een Moldova.","publisher":{"@id":"https:\/\/xstyle.md\/#organization"},"alternateName":"X-Style","potentialAction":[{"@type":"SearchAction","target":{"@type":"EntryPoint","urlTemplate":"https:\/\/xstyle.md\/?s={search_term_string}"},"query-input":{"@type":"PropertyValueSpecification","valueRequired":true,"valueName":"search_term_string"}}],"inLanguage":"ro-RO"},{"@type":"Organization","@id":"https:\/\/xstyle.md\/#organization","name":"Magazinul X-Style","alternateName":"x-style","url":"https:\/\/xstyle.md\/","logo":{"@type":"ImageObject","inLanguage":"ro-RO","@id":"https:\/\/xstyle.md\/#\/schema\/logo\/image\/","url":"https:\/\/xstyle.md\/wp-content\/uploads\/2020\/06\/logoicon.svg","contentUrl":"https:\/\/xstyle.md\/wp-content\/uploads\/2020\/06\/logoicon.svg","caption":"\u041c\u0430\u0433\u0430\u0437\u0438\u043d Xstyle"},"image":{"@id":"https:\/\/xstyle.md\/#\/schema\/logo\/image\/"},"sameAs":["https:\/\/www.facebook.com\/xstylemd","https:\/\/www.instagram.com\/xstyle_md\/","https:\/\/t.me\/xstyle_outdoor"],"hasMerchantReturnPolicy":{"@type":"MerchantReturnPolicy","merchantReturnLink":"https:\/\/xstyle.md\/ro\/conditions\/"}}]},"product_price_amount":"990.00","product_price_currency":"MDL","og_availability":"instock","product_availability":"instock","product_retailer_item_id":"4974305215222","product_condition":"new"},"post_mailing_queue_ids":[],"_links":{"self":[{"href":"https:\/\/xstyle.md\/ro\/wp-json\/wp\/v2\/product\/19404","targetHints":{"allow":["GET"]}}],"collection":[{"href":"https:\/\/xstyle.md\/ro\/wp-json\/wp\/v2\/product"}],"about":[{"href":"https:\/\/xstyle.md\/ro\/wp-json\/wp\/v2\/types\/product"}],"replies":[{"embeddable":true,"href":"https:\/\/xstyle.md\/ro\/wp-json\/wp\/v2\/comments?post=19404"}],"wp:featuredmedia":[{"embeddable":true,"href":"https:\/\/xstyle.md\/ro\/wp-json\/wp\/v2\/media\/19401"}],"wp:attachment":[{"href":"https:\/\/xstyle.md\/ro\/wp-json\/wp\/v2\/media?parent=19404"}],"wp:term":[{"taxonomy":"product_brand","embeddable":true,"href":"https:\/\/xstyle.md\/ro\/wp-json\/wp\/v2\/product_brand?post=19404"},{"taxonomy":"product_cat","embeddable":true,"href":"https:\/\/xstyle.md\/ro\/wp-json\/wp\/v2\/product_cat?post=19404"},{"taxonomy":"product_tag","embeddable":true,"href":"https:\/\/xstyle.md\/ro\/wp-json\/wp\/v2\/product_tag?post=19404"}],"curies":[{"name":"wp","href":"https:\/\/api.w.org\/{rel}","templated":true}]}}