{"id":19191,"date":"2020-07-17T23:44:45","date_gmt":"2020-07-17T20:44:45","guid":{"rendered":"https:\/\/xstyle.md\/?post_type=product&#038;p=19191"},"modified":"2024-10-02T22:24:36","modified_gmt":"2024-10-02T19:24:36","slug":"rjukzak-thule-subterra-25l","status":"publish","type":"product","link":"https:\/\/xstyle.md\/ro\/produs\/rjukzak-thule-subterra-25l\/","title":{"rendered":"Rucsac Thule Subterra 25L"},"content":{"rendered":"<\/p>\n<div><strong>Caracteristici:<\/strong><\/div>\n<div>\n<ul>\n<li>Protec\u021bie sigur\u0103 &icirc;mpotriva \u0219ocurilor cu design special SafeEdge &icirc;n compartimentul pentru laptop<\/li>\n<li>Buzunar de protec\u021bie cu c\u0103ptu\u0219eal\u0103 moale pentru tablet\u0103.<\/li>\n<li>Acces la laptop \u0219i tablet\u0103 din compartimentul principal sau prin fermoarul lateral.<\/li>\n<li>Compartimentul deta\u0219abil SafeZone protejeaz\u0103 ochelarii de soare, un smartphone sau alte obiecte fragile<\/li>\n<li>Un fermoar mare permite deschiderea larg\u0103 a compartimentului principal pentru o stocare u\u0219oar\u0103 \u0219i ofer\u0103 o imagine de ansamblu asupra con\u021binutului<\/li>\n<li>Volumul buzunarului frontal convenabil se m\u0103re\u0219te, ceea ce v\u0103 permite s\u0103 pune\u021bi obiecte mari, cum ar fi o l\u0103cat\u0103 &icirc;n form\u0103 de U sau un adaptor de alimentare pentru laptop<\/li>\n<li>&Icirc;n buzunarul ascuns &icirc;n pozi\u021bie vertical\u0103, pute\u021bi stoca articole utilizate frecvent, de dimensiuni medii, cum ar fi c\u0103\u0219tile, o p\u0103l\u0103rie sau m\u0103nu\u0219i<\/li>\n<li>Buzunar-organizer cu z\u0103vor pentru stocarea cheilor sau altor lucruri<\/li>\n<li>Sistem de montare integrat pentru o carabinier\u0103 sau o lamp\u0103 pentru biciclet\u0103<\/li>\n<li>Un buzunar cu plas\u0103 intern\u0103 cu fermoar v\u0103 permite s\u0103 vede\u021bi obiectele mici, asigur&acirc;nd &icirc;n acela\u0219i timp siguran\u021ba acestora<\/li>\n<\/ul>\n<\/div>\n<div>\n<h2>Specifica\u021bii:<\/h2>\n<div class=\"col-xs-12\">\n<table>\n<tbody>\n<tr>\n<th style=\"text-align: left;\">Dimensiuni<\/th>\n<td>33 x 28 x 47 cm<\/td>\n<\/tr>\n<tr>\n<th>Compartiment laptop&nbsp; &nbsp; &nbsp;<\/th>\n<td>36.4 x 2.4 x 24.9 cm<\/td>\n<\/tr>\n<tr>\n<th style=\"text-align: left;\">Greutate<\/th>\n<td>0.99 kg<\/td>\n<\/tr>\n<tr>\n<th style=\"text-align: left;\">Volum<\/th>\n<td>25 L<\/td>\n<\/tr>\n<tr>\n<th style=\"text-align: left;\">Culoare<\/th>\n<td>Dark Shadow<\/td>\n<\/tr>\n<tr>\n<th style=\"text-align: left;\">Material<\/th>\n<td>nylon<\/td>\n<\/tr>\n<tr>\n<th style=\"text-align: left;\">Model<\/th>\n<td>TSDP-115<\/td>\n<\/tr>\n<tr>\n<th style=\"text-align: left;\">Num\u0103r model<\/th>\n<td>3203037<\/td>\n<\/tr>\n<\/tbody>\n<\/table>\n<\/div>\n<\/div>\n<div class=\"col-xs-12\">&nbsp;<\/div>\n<div class=\"col-xs-12\"><iframe loading=\"lazy\" title=\"Daypacks - Thule Subterra Backpack 25L\" width=\"640\" height=\"360\" src=\"https:\/\/www.youtube.com\/embed\/7cyKW9yb_5I?feature=oembed\" frameborder=\"0\" allow=\"accelerometer; autoplay; clipboard-write; encrypted-media; gyroscope; picture-in-picture; web-share\" referrerpolicy=\"strict-origin-when-cross-origin\" allowfullscreen><\/iframe><\/div>\n<p><\/p>","protected":false},"excerpt":{"rendered":"<p>Rucsac Thule Subterra 25L<\/p>","protected":false},"featured_media":19183,"comment_status":"open","ping_status":"closed","template":"","meta":{"_acf_changed":false,"inline_featured_image":false},"product_brand":[1269],"product_cat":[846],"product_tag":[],"class_list":{"0":"post-19191","1":"product","2":"type-product","3":"status-publish","4":"has-post-thumbnail","6":"product_brand-thule","7":"product_cat-city-bag","9":"first","10":"outofstock","11":"shipping-taxable","12":"product-type-simple"},"acf":[],"yoast_head":"<!-- This site is optimized with the Yoast SEO plugin v27.2 - https:\/\/yoast.com\/product\/yoast-seo-wordpress\/ -->\n<title>\u0420\u044e\u043a\u0437\u0430\u043a Thule Subterra 25L - \u041c\u0430\u0433\u0430\u0437\u0438\u043d Xstyle<\/title>\n<meta name=\"description\" content=\"\u0420\u044e\u043a\u0437\u0430\u043a Thule Subterra 25L - \u0438\u0434\u0435\u0430\u043b\u044c\u043d\u044b\u0439 \u0441\u043f\u0443\u0442\u043d\u0438\u043a \u0434\u043b\u044f MacBook \u0438 iPad. \u041f\u0440\u043e\u0447\u043d\u044b\u0435 \u043c\u0430\u0442\u0435\u0440\u0438\u0430\u043b\u044b, \u0437\u0430\u0449\u0438\u0442\u0430 SafeEdge. \u0423\u0434\u043e\u0431\u043d\u044b\u0439 \u0434\u043e\u0441\u0442\u0443\u043f \u0438 \u0441\u0442\u0438\u043b\u044c\u043d\u044b\u0439 \u0434\u0438\u0437\u0430\u0439\u043d!\" \/>\n<meta name=\"robots\" content=\"index, follow, max-snippet:-1, max-image-preview:large, max-video-preview:-1\" \/>\n<link rel=\"canonical\" href=\"https:\/\/xstyle.md\/ro\/produs\/rjukzak-thule-subterra-25l\/\" \/>\n<meta property=\"og:locale\" content=\"ro_RO\" \/>\n<meta property=\"og:type\" content=\"article\" \/>\n<meta property=\"og:title\" content=\"\u0420\u044e\u043a\u0437\u0430\u043a Thule Subterra 25L - \u041c\u0430\u0433\u0430\u0437\u0438\u043d Xstyle\" \/>\n<meta property=\"og:description\" content=\"\u0420\u044e\u043a\u0437\u0430\u043a Thule Subterra 25L - \u0438\u0434\u0435\u0430\u043b\u044c\u043d\u044b\u0439 \u0441\u043f\u0443\u0442\u043d\u0438\u043a \u0434\u043b\u044f MacBook \u0438 iPad. \u041f\u0440\u043e\u0447\u043d\u044b\u0435 \u043c\u0430\u0442\u0435\u0440\u0438\u0430\u043b\u044b, \u0437\u0430\u0449\u0438\u0442\u0430 SafeEdge. \u0423\u0434\u043e\u0431\u043d\u044b\u0439 \u0434\u043e\u0441\u0442\u0443\u043f \u0438 \u0441\u0442\u0438\u043b\u044c\u043d\u044b\u0439 \u0434\u0438\u0437\u0430\u0439\u043d!\" \/>\n<meta property=\"og:url\" content=\"https:\/\/xstyle.md\/ro\/produs\/rjukzak-thule-subterra-25l\/\" \/>\n<meta property=\"og:site_name\" content=\"\u041c\u0430\u0433\u0430\u0437\u0438\u043d Xstyle\" \/>\n<meta property=\"article:publisher\" content=\"https:\/\/www.facebook.com\/xstylemd\" \/>\n<meta property=\"article:modified_time\" content=\"2024-10-02T19:24:36+00:00\" \/>\n<meta property=\"og:image\" content=\"https:\/\/xstyle.md\/wp-content\/uploads\/2020\/07\/thule_subterra_25l-1_1.jpg\" \/>\n\t<meta property=\"og:image:width\" content=\"852\" \/>\n\t<meta property=\"og:image:height\" content=\"1038\" \/>\n\t<meta property=\"og:image:type\" content=\"image\/jpeg\" \/>\n<meta name=\"twitter:card\" content=\"summary_large_image\" \/>\n<meta name=\"twitter:label1\" content=\"Pre\u021b\" \/>\n\t<meta name=\"twitter:data1\" content=\"2.290&nbsp;MDL\" \/>\n\t<meta name=\"twitter:label2\" content=\"Disponibilitate\" \/>\n\t<meta name=\"twitter:data2\" content=\"Stoc epuizat\" \/>\n<script type=\"application\/ld+json\" class=\"yoast-schema-graph\">{\"@context\":\"https:\/\/schema.org\",\"@graph\":[{\"@type\":\"WebPage\",\"@id\":\"https:\/\/xstyle.md\/product\/rjukzak-thule-subterra-25l\/\",\"url\":\"https:\/\/xstyle.md\/product\/rjukzak-thule-subterra-25l\/\",\"name\":\"\u0420\u044e\u043a\u0437\u0430\u043a Thule Subterra 25L - \u041c\u0430\u0433\u0430\u0437\u0438\u043d Xstyle\",\"isPartOf\":{\"@id\":\"https:\/\/xstyle.md\/#website\"},\"primaryImageOfPage\":{\"@id\":\"https:\/\/xstyle.md\/product\/rjukzak-thule-subterra-25l\/#primaryimage\"},\"image\":{\"@id\":\"https:\/\/xstyle.md\/product\/rjukzak-thule-subterra-25l\/#primaryimage\"},\"thumbnailUrl\":\"https:\/\/xstyle.md\/wp-content\/uploads\/2020\/07\/thule_subterra_25l-1_1.jpg\",\"datePublished\":\"2020-07-17T20:44:45+00:00\",\"dateModified\":\"2024-10-02T19:24:36+00:00\",\"description\":\"\u0420\u044e\u043a\u0437\u0430\u043a Thule Subterra 25L - \u0438\u0434\u0435\u0430\u043b\u044c\u043d\u044b\u0439 \u0441\u043f\u0443\u0442\u043d\u0438\u043a \u0434\u043b\u044f MacBook \u0438 iPad. \u041f\u0440\u043e\u0447\u043d\u044b\u0435 \u043c\u0430\u0442\u0435\u0440\u0438\u0430\u043b\u044b, \u0437\u0430\u0449\u0438\u0442\u0430 SafeEdge. \u0423\u0434\u043e\u0431\u043d\u044b\u0439 \u0434\u043e\u0441\u0442\u0443\u043f \u0438 \u0441\u0442\u0438\u043b\u044c\u043d\u044b\u0439 \u0434\u0438\u0437\u0430\u0439\u043d!\",\"breadcrumb\":{\"@id\":\"https:\/\/xstyle.md\/product\/rjukzak-thule-subterra-25l\/#breadcrumb\"},\"inLanguage\":\"ro-RO\",\"potentialAction\":[{\"@type\":\"ReadAction\",\"target\":[\"https:\/\/xstyle.md\/product\/rjukzak-thule-subterra-25l\/\"]}]},{\"@type\":\"ImageObject\",\"inLanguage\":\"ro-RO\",\"@id\":\"https:\/\/xstyle.md\/product\/rjukzak-thule-subterra-25l\/#primaryimage\",\"url\":\"https:\/\/xstyle.md\/wp-content\/uploads\/2020\/07\/thule_subterra_25l-1_1.jpg\",\"contentUrl\":\"https:\/\/xstyle.md\/wp-content\/uploads\/2020\/07\/thule_subterra_25l-1_1.jpg\",\"width\":852,\"height\":1038},{\"@type\":\"BreadcrumbList\",\"@id\":\"https:\/\/xstyle.md\/product\/rjukzak-thule-subterra-25l\/#breadcrumb\",\"itemListElement\":[{\"@type\":\"ListItem\",\"position\":1,\"name\":\"\u0413\u043b\u0430\u0432\u043d\u0430\u044f \u0441\u0442\u0440\u0430\u043d\u0438\u0446\u0430\",\"item\":\"https:\/\/xstyle.md\/\"},{\"@type\":\"ListItem\",\"position\":2,\"name\":\"\u041c\u0430\u0433\u0430\u0437\u0438\u043d\",\"item\":\"https:\/\/xstyle.md\/shop\/\"},{\"@type\":\"ListItem\",\"position\":3,\"name\":\"\u0420\u044e\u043a\u0437\u0430\u043a Thule Subterra 25L\"}]},{\"@type\":\"WebSite\",\"@id\":\"https:\/\/xstyle.md\/#website\",\"url\":\"https:\/\/xstyle.md\/\",\"name\":\"\u041c\u0430\u0433\u0430\u0437\u0438\u043d Xstyle\",\"description\":\"C\u043d\u0430\u0440\u044f\u0436\u0435\u043d\u0438\u0435 \u0434\u043b\u044f \u0442\u0443\u0440\u0438\u0437\u043c\u0430 \u0438 \u044d\u043a\u0441\u0442\u0440\u0435\u043c\u0430\u043b\u044c\u043d\u044b\u0445 \u0432\u0438\u0434\u043e\u0432 \u0441\u043f\u043e\u0440\u0442\u0430 \u0432 \u041c\u043e\u043b\u0434\u043e\u0432\u0435.. \u0426\u0435\u043d\u044b, \u0444\u043e\u0442\u043e, \u0445\u0430\u0440\u0430\u043a\u0442\u0435\u0440\u0438\u0441\u0442\u0438\u043a\u0438 \u0432 \u041c\u043e\u043b\u0434\u043e\u0432\u0435.\",\"publisher\":{\"@id\":\"https:\/\/xstyle.md\/#organization\"},\"alternateName\":\"X-Style\",\"potentialAction\":[{\"@type\":\"SearchAction\",\"target\":{\"@type\":\"EntryPoint\",\"urlTemplate\":\"https:\/\/xstyle.md\/?s={search_term_string}\"},\"query-input\":{\"@type\":\"PropertyValueSpecification\",\"valueRequired\":true,\"valueName\":\"search_term_string\"}}],\"inLanguage\":\"ro-RO\"},{\"@type\":\"Organization\",\"@id\":\"https:\/\/xstyle.md\/#organization\",\"name\":\"\u041c\u0430\u0433\u0430\u0437\u0438\u043d Xstyle\",\"alternateName\":\"x-style\",\"url\":\"https:\/\/xstyle.md\/\",\"logo\":{\"@type\":\"ImageObject\",\"inLanguage\":\"ro-RO\",\"@id\":\"https:\/\/xstyle.md\/#\/schema\/logo\/image\/\",\"url\":\"https:\/\/xstyle.md\/wp-content\/uploads\/2020\/06\/logoicon.svg\",\"contentUrl\":\"https:\/\/xstyle.md\/wp-content\/uploads\/2020\/06\/logoicon.svg\",\"caption\":\"\u041c\u0430\u0433\u0430\u0437\u0438\u043d Xstyle\"},\"image\":{\"@id\":\"https:\/\/xstyle.md\/#\/schema\/logo\/image\/\"},\"sameAs\":[\"https:\/\/www.facebook.com\/xstylemd\",\"https:\/\/www.instagram.com\/xstyle_md\/\",\"https:\/\/t.me\/xstyle_outdoor\"],\"hasMerchantReturnPolicy\":{\"@type\":\"MerchantReturnPolicy\",\"merchantReturnLink\":\"https:\/\/xstyle.md\/ro\/conditions\/\"}}]}<\/script>\n<meta property=\"product:price:amount\" content=\"2290.00\" \/>\n<meta property=\"product:price:currency\" content=\"MDL\" \/>\n<meta property=\"og:availability\" content=\"out of stock\" \/>\n<meta property=\"product:availability\" content=\"out of stock\" \/>\n<meta property=\"product:retailer_item_id\" content=\"85854234306\" \/>\n<meta property=\"product:condition\" content=\"new\" \/>\n<!-- \/ Yoast SEO plugin. -->","yoast_head_json":{"title":"Rucsac Thule Subterra 25L - Magazin Xstyle","description":"Rucsacul Thule Subterra 25L - companionul perfect pentru MacBook \u0219i iPad. Materiale rezistente, protec\u021bie SafeEdge. Acces comod \u0219i design elegant!","robots":{"index":"index","follow":"follow","max-snippet":"max-snippet:-1","max-image-preview":"max-image-preview:large","max-video-preview":"max-video-preview:-1"},"canonical":"https:\/\/xstyle.md\/ro\/produs\/rjukzak-thule-subterra-25l\/","og_locale":"ro_RO","og_type":"article","og_title":"\u0420\u044e\u043a\u0437\u0430\u043a Thule Subterra 25L - \u041c\u0430\u0433\u0430\u0437\u0438\u043d Xstyle","og_description":"\u0420\u044e\u043a\u0437\u0430\u043a Thule Subterra 25L - \u0438\u0434\u0435\u0430\u043b\u044c\u043d\u044b\u0439 \u0441\u043f\u0443\u0442\u043d\u0438\u043a \u0434\u043b\u044f MacBook \u0438 iPad. \u041f\u0440\u043e\u0447\u043d\u044b\u0435 \u043c\u0430\u0442\u0435\u0440\u0438\u0430\u043b\u044b, \u0437\u0430\u0449\u0438\u0442\u0430 SafeEdge. \u0423\u0434\u043e\u0431\u043d\u044b\u0439 \u0434\u043e\u0441\u0442\u0443\u043f \u0438 \u0441\u0442\u0438\u043b\u044c\u043d\u044b\u0439 \u0434\u0438\u0437\u0430\u0439\u043d!","og_url":"https:\/\/xstyle.md\/ro\/produs\/rjukzak-thule-subterra-25l\/","og_site_name":"\u041c\u0430\u0433\u0430\u0437\u0438\u043d Xstyle","article_publisher":"https:\/\/www.facebook.com\/xstylemd","article_modified_time":"2024-10-02T19:24:36+00:00","og_image":[{"width":852,"height":1038,"url":"https:\/\/xstyle.md\/wp-content\/uploads\/2020\/07\/thule_subterra_25l-1_1.jpg","type":"image\/jpeg"}],"twitter_card":"summary_large_image","twitter_misc":{"Pre\u021b":"2.290&nbsp;MDL","Disponibilitate":"Stoc epuizat"},"schema":{"@context":"https:\/\/schema.org","@graph":[{"@type":"WebPage","@id":"https:\/\/xstyle.md\/product\/rjukzak-thule-subterra-25l\/","url":"https:\/\/xstyle.md\/product\/rjukzak-thule-subterra-25l\/","name":"Rucsac Thule Subterra 25L - Magazin Xstyle","isPartOf":{"@id":"https:\/\/xstyle.md\/#website"},"primaryImageOfPage":{"@id":"https:\/\/xstyle.md\/product\/rjukzak-thule-subterra-25l\/#primaryimage"},"image":{"@id":"https:\/\/xstyle.md\/product\/rjukzak-thule-subterra-25l\/#primaryimage"},"thumbnailUrl":"https:\/\/xstyle.md\/wp-content\/uploads\/2020\/07\/thule_subterra_25l-1_1.jpg","datePublished":"2020-07-17T20:44:45+00:00","dateModified":"2024-10-02T19:24:36+00:00","description":"Rucsacul Thule Subterra 25L - companionul perfect pentru MacBook \u0219i iPad. Materiale rezistente, protec\u021bie SafeEdge. Acces comod \u0219i design elegant!","breadcrumb":{"@id":"https:\/\/xstyle.md\/product\/rjukzak-thule-subterra-25l\/#breadcrumb"},"inLanguage":"ro-RO","potentialAction":[{"@type":"ReadAction","target":["https:\/\/xstyle.md\/product\/rjukzak-thule-subterra-25l\/"]}]},{"@type":"ImageObject","inLanguage":"ro-RO","@id":"https:\/\/xstyle.md\/product\/rjukzak-thule-subterra-25l\/#primaryimage","url":"https:\/\/xstyle.md\/wp-content\/uploads\/2020\/07\/thule_subterra_25l-1_1.jpg","contentUrl":"https:\/\/xstyle.md\/wp-content\/uploads\/2020\/07\/thule_subterra_25l-1_1.jpg","width":852,"height":1038},{"@type":"BreadcrumbList","@id":"https:\/\/xstyle.md\/product\/rjukzak-thule-subterra-25l\/#breadcrumb","itemListElement":[{"@type":"ListItem","position":1,"name":"\u0413\u043b\u0430\u0432\u043d\u0430\u044f \u0441\u0442\u0440\u0430\u043d\u0438\u0446\u0430","item":"https:\/\/xstyle.md\/"},{"@type":"ListItem","position":2,"name":"\u041c\u0430\u0433\u0430\u0437\u0438\u043d","item":"https:\/\/xstyle.md\/shop\/"},{"@type":"ListItem","position":3,"name":"\u0420\u044e\u043a\u0437\u0430\u043a Thule Subterra 25L"}]},{"@type":"WebSite","@id":"https:\/\/xstyle.md\/#website","url":"https:\/\/xstyle.md\/","name":"Magazinul X-Style","description":"Echipamente pentru turism \u0219i sporturi extreme \u00een Moldova. Pre\u021buri, fotografii, caracteristici \u00een Moldova.","publisher":{"@id":"https:\/\/xstyle.md\/#organization"},"alternateName":"X-Style","potentialAction":[{"@type":"SearchAction","target":{"@type":"EntryPoint","urlTemplate":"https:\/\/xstyle.md\/?s={search_term_string}"},"query-input":{"@type":"PropertyValueSpecification","valueRequired":true,"valueName":"search_term_string"}}],"inLanguage":"ro-RO"},{"@type":"Organization","@id":"https:\/\/xstyle.md\/#organization","name":"Magazinul X-Style","alternateName":"x-style","url":"https:\/\/xstyle.md\/","logo":{"@type":"ImageObject","inLanguage":"ro-RO","@id":"https:\/\/xstyle.md\/#\/schema\/logo\/image\/","url":"https:\/\/xstyle.md\/wp-content\/uploads\/2020\/06\/logoicon.svg","contentUrl":"https:\/\/xstyle.md\/wp-content\/uploads\/2020\/06\/logoicon.svg","caption":"\u041c\u0430\u0433\u0430\u0437\u0438\u043d Xstyle"},"image":{"@id":"https:\/\/xstyle.md\/#\/schema\/logo\/image\/"},"sameAs":["https:\/\/www.facebook.com\/xstylemd","https:\/\/www.instagram.com\/xstyle_md\/","https:\/\/t.me\/xstyle_outdoor"],"hasMerchantReturnPolicy":{"@type":"MerchantReturnPolicy","merchantReturnLink":"https:\/\/xstyle.md\/ro\/conditions\/"}}]},"product_price_amount":"2290.00","product_price_currency":"MDL","og_availability":"out of stock","product_availability":"out of stock","product_retailer_item_id":"85854234306","product_condition":"new"},"post_mailing_queue_ids":[],"_links":{"self":[{"href":"https:\/\/xstyle.md\/ro\/wp-json\/wp\/v2\/product\/19191","targetHints":{"allow":["GET"]}}],"collection":[{"href":"https:\/\/xstyle.md\/ro\/wp-json\/wp\/v2\/product"}],"about":[{"href":"https:\/\/xstyle.md\/ro\/wp-json\/wp\/v2\/types\/product"}],"replies":[{"embeddable":true,"href":"https:\/\/xstyle.md\/ro\/wp-json\/wp\/v2\/comments?post=19191"}],"wp:featuredmedia":[{"embeddable":true,"href":"https:\/\/xstyle.md\/ro\/wp-json\/wp\/v2\/media\/19183"}],"wp:attachment":[{"href":"https:\/\/xstyle.md\/ro\/wp-json\/wp\/v2\/media?parent=19191"}],"wp:term":[{"taxonomy":"product_brand","embeddable":true,"href":"https:\/\/xstyle.md\/ro\/wp-json\/wp\/v2\/product_brand?post=19191"},{"taxonomy":"product_cat","embeddable":true,"href":"https:\/\/xstyle.md\/ro\/wp-json\/wp\/v2\/product_cat?post=19191"},{"taxonomy":"product_tag","embeddable":true,"href":"https:\/\/xstyle.md\/ro\/wp-json\/wp\/v2\/product_tag?post=19191"}],"curies":[{"name":"wp","href":"https:\/\/api.w.org\/{rel}","templated":true}]}}