{"id":19177,"date":"2020-07-17T23:43:31","date_gmt":"2020-07-17T20:43:31","guid":{"rendered":"https:\/\/xstyle.md\/?post_type=product&#038;p=19177"},"modified":"2025-03-19T00:20:34","modified_gmt":"2025-03-18T21:20:34","slug":"batarejka-varta-longlife-extra-aa-2-sht","status":"publish","type":"product","link":"https:\/\/xstyle.md\/ro\/produs\/batarejka-varta-longlife-extra-aa-2-sht\/","title":{"rendered":"Baterie Varta Longlife Extra AA 2 buc."},"content":{"rendered":"<\/p>\n<p><strong>Baterie Varta Longlife Extra AA 2 buc.&nbsp;&#8212;&nbsp;<\/strong>surs\u0103 de &icirc;ncredere de energie, proiectat\u0103 pentru utilizarea &icirc;n juc\u0103rii, lanterne, comenzi la distan\u021b\u0103, calculatoare, ceasuri etc. Solu\u021bia optim\u0103 pentru dispozitivele cu consum constant redus de energie. De 4 ori mai mult\u0103 energie dec&acirc;t bateriile cu sare.<\/p>\n<p><strong>Caracteristici:<\/strong><\/p>\n<ul>\n<li>Dimensiunea bateriei AA<\/li>\n<li>Sistem electrochimic alcalin (L)<\/li>\n<li>Forma bateriei &#8212; cilindric\u0103 (R)<\/li>\n<li>Tensiune 1,5 V<\/li>\n<li>Clasificare IEC LR6<\/li>\n<li>Cantitate 2 buc.<\/li>\n<li>Greutate 23 g<\/li>\n<\/ul>\n<p><\/p>","protected":false},"excerpt":{"rendered":"<p>Baterie Varta Longlife Extra AA 2 buc.<\/p>","protected":false},"featured_media":19176,"comment_status":"open","ping_status":"closed","template":"","meta":{"_acf_changed":false,"inline_featured_image":false},"product_brand":[1337],"product_cat":[504],"product_tag":[],"class_list":{"0":"post-19177","1":"product","2":"type-product","3":"status-publish","4":"has-post-thumbnail","6":"product_brand-varta","7":"product_cat-batareichi","9":"first","10":"instock","11":"shipping-taxable","12":"purchasable","13":"product-type-simple"},"acf":[],"yoast_head":"<!-- This site is optimized with the Yoast SEO plugin v27.2 - https:\/\/yoast.com\/product\/yoast-seo-wordpress\/ -->\n<title>\u0411\u0430\u0442\u0430\u0440\u0435\u0439\u043a\u0430 Varta Longlife Extra AA 2 \u0448\u0442 - \u041c\u0430\u0433\u0430\u0437\u0438\u043d Xstyle<\/title>\n<meta name=\"description\" content=\"\u0411\u0430\u0442\u0430\u0440\u0435\u0439\u043a\u0430 Varta Longlife Extra AA (2 \u0448\u0442) \u043e\u0431\u0435\u0441\u043f\u0435\u0447\u0438\u0432\u0430\u0435\u0442 \u043d\u0430\u0434\u0435\u0436\u043d\u0443\u044e \u044d\u043d\u0435\u0440\u0433\u0438\u044e \u0434\u043b\u044f \u0438\u0433\u0440\u0443\u0448\u0435\u043a, \u0444\u043e\u043d\u0430\u0440\u0435\u0439 \u0438 \u0434\u0438\u0441\u0442\u0430\u043d\u0446\u0438\u043e\u043d\u043d\u044b\u0445 \u0443\u0441\u0442\u0440\u043e\u0439\u0441\u0442\u0432. \u0418\u0434\u0435\u0430\u043b\u044c\u043d\u043e\u0435 \u0440\u0435\u0448\u0435\u043d\u0438\u0435 \u0434\u043b\u044f \u044d\u043a\u043e\u043d\u043e\u043c\u0438\u0438!\" \/>\n<meta name=\"robots\" content=\"index, follow, max-snippet:-1, max-image-preview:large, max-video-preview:-1\" \/>\n<link rel=\"canonical\" href=\"https:\/\/xstyle.md\/ro\/produs\/batarejka-varta-longlife-extra-aa-2-sht\/\" \/>\n<meta property=\"og:locale\" content=\"ro_RO\" \/>\n<meta property=\"og:type\" content=\"article\" \/>\n<meta property=\"og:title\" content=\"\u0411\u0430\u0442\u0430\u0440\u0435\u0439\u043a\u0430 Varta Longlife Extra AA 2 \u0448\u0442 - \u041c\u0430\u0433\u0430\u0437\u0438\u043d Xstyle\" \/>\n<meta property=\"og:description\" content=\"\u0411\u0430\u0442\u0430\u0440\u0435\u0439\u043a\u0430 Varta Longlife Extra AA (2 \u0448\u0442) \u043e\u0431\u0435\u0441\u043f\u0435\u0447\u0438\u0432\u0430\u0435\u0442 \u043d\u0430\u0434\u0435\u0436\u043d\u0443\u044e \u044d\u043d\u0435\u0440\u0433\u0438\u044e \u0434\u043b\u044f \u0438\u0433\u0440\u0443\u0448\u0435\u043a, \u0444\u043e\u043d\u0430\u0440\u0435\u0439 \u0438 \u0434\u0438\u0441\u0442\u0430\u043d\u0446\u0438\u043e\u043d\u043d\u044b\u0445 \u0443\u0441\u0442\u0440\u043e\u0439\u0441\u0442\u0432. \u0418\u0434\u0435\u0430\u043b\u044c\u043d\u043e\u0435 \u0440\u0435\u0448\u0435\u043d\u0438\u0435 \u0434\u043b\u044f \u044d\u043a\u043e\u043d\u043e\u043c\u0438\u0438!\" \/>\n<meta property=\"og:url\" content=\"https:\/\/xstyle.md\/ro\/produs\/batarejka-varta-longlife-extra-aa-2-sht\/\" \/>\n<meta property=\"og:site_name\" content=\"\u041c\u0430\u0433\u0430\u0437\u0438\u043d Xstyle\" \/>\n<meta property=\"article:publisher\" content=\"https:\/\/www.facebook.com\/xstylemd\" \/>\n<meta property=\"article:modified_time\" content=\"2025-03-18T21:20:34+00:00\" \/>\n<meta property=\"og:image\" content=\"https:\/\/xstyle.md\/wp-content\/uploads\/2020\/07\/longlife_extra_bli_2_04106101412_3246307565.jpg\" \/>\n\t<meta property=\"og:image:width\" content=\"497\" \/>\n\t<meta property=\"og:image:height\" content=\"906\" \/>\n\t<meta property=\"og:image:type\" content=\"image\/jpeg\" \/>\n<meta name=\"twitter:card\" content=\"summary_large_image\" \/>\n<meta name=\"twitter:label1\" content=\"Pre\u021b\" \/>\n\t<meta name=\"twitter:data1\" content=\"50&nbsp;MDL\" \/>\n\t<meta name=\"twitter:label2\" content=\"Disponibilitate\" \/>\n\t<meta name=\"twitter:data2\" content=\"\u00cen stoc\" \/>\n<script type=\"application\/ld+json\" class=\"yoast-schema-graph\">{\"@context\":\"https:\/\/schema.org\",\"@graph\":[{\"@type\":\"WebPage\",\"@id\":\"https:\/\/xstyle.md\/product\/batarejka-varta-longlife-extra-aa-2-sht\/\",\"url\":\"https:\/\/xstyle.md\/product\/batarejka-varta-longlife-extra-aa-2-sht\/\",\"name\":\"\u0411\u0430\u0442\u0430\u0440\u0435\u0439\u043a\u0430 Varta Longlife Extra AA 2 \u0448\u0442 - \u041c\u0430\u0433\u0430\u0437\u0438\u043d Xstyle\",\"isPartOf\":{\"@id\":\"https:\/\/xstyle.md\/#website\"},\"primaryImageOfPage\":{\"@id\":\"https:\/\/xstyle.md\/product\/batarejka-varta-longlife-extra-aa-2-sht\/#primaryimage\"},\"image\":{\"@id\":\"https:\/\/xstyle.md\/product\/batarejka-varta-longlife-extra-aa-2-sht\/#primaryimage\"},\"thumbnailUrl\":\"https:\/\/xstyle.md\/wp-content\/uploads\/2020\/07\/longlife_extra_bli_2_04106101412_3246307565.jpg\",\"datePublished\":\"2020-07-17T20:43:31+00:00\",\"dateModified\":\"2025-03-18T21:20:34+00:00\",\"description\":\"\u0411\u0430\u0442\u0430\u0440\u0435\u0439\u043a\u0430 Varta Longlife Extra AA (2 \u0448\u0442) \u043e\u0431\u0435\u0441\u043f\u0435\u0447\u0438\u0432\u0430\u0435\u0442 \u043d\u0430\u0434\u0435\u0436\u043d\u0443\u044e \u044d\u043d\u0435\u0440\u0433\u0438\u044e \u0434\u043b\u044f \u0438\u0433\u0440\u0443\u0448\u0435\u043a, \u0444\u043e\u043d\u0430\u0440\u0435\u0439 \u0438 \u0434\u0438\u0441\u0442\u0430\u043d\u0446\u0438\u043e\u043d\u043d\u044b\u0445 \u0443\u0441\u0442\u0440\u043e\u0439\u0441\u0442\u0432. \u0418\u0434\u0435\u0430\u043b\u044c\u043d\u043e\u0435 \u0440\u0435\u0448\u0435\u043d\u0438\u0435 \u0434\u043b\u044f \u044d\u043a\u043e\u043d\u043e\u043c\u0438\u0438!\",\"breadcrumb\":{\"@id\":\"https:\/\/xstyle.md\/product\/batarejka-varta-longlife-extra-aa-2-sht\/#breadcrumb\"},\"inLanguage\":\"ro-RO\",\"potentialAction\":[{\"@type\":\"ReadAction\",\"target\":[\"https:\/\/xstyle.md\/product\/batarejka-varta-longlife-extra-aa-2-sht\/\"]}]},{\"@type\":\"ImageObject\",\"inLanguage\":\"ro-RO\",\"@id\":\"https:\/\/xstyle.md\/product\/batarejka-varta-longlife-extra-aa-2-sht\/#primaryimage\",\"url\":\"https:\/\/xstyle.md\/wp-content\/uploads\/2020\/07\/longlife_extra_bli_2_04106101412_3246307565.jpg\",\"contentUrl\":\"https:\/\/xstyle.md\/wp-content\/uploads\/2020\/07\/longlife_extra_bli_2_04106101412_3246307565.jpg\",\"width\":497,\"height\":906},{\"@type\":\"BreadcrumbList\",\"@id\":\"https:\/\/xstyle.md\/product\/batarejka-varta-longlife-extra-aa-2-sht\/#breadcrumb\",\"itemListElement\":[{\"@type\":\"ListItem\",\"position\":1,\"name\":\"\u0413\u043b\u0430\u0432\u043d\u0430\u044f \u0441\u0442\u0440\u0430\u043d\u0438\u0446\u0430\",\"item\":\"https:\/\/xstyle.md\/\"},{\"@type\":\"ListItem\",\"position\":2,\"name\":\"\u041c\u0430\u0433\u0430\u0437\u0438\u043d\",\"item\":\"https:\/\/xstyle.md\/shop\/\"},{\"@type\":\"ListItem\",\"position\":3,\"name\":\"\u0411\u0430\u0442\u0430\u0440\u0435\u0439\u043a\u0430 Varta Longlife Extra AA 2 \u0448\u0442\"}]},{\"@type\":\"WebSite\",\"@id\":\"https:\/\/xstyle.md\/#website\",\"url\":\"https:\/\/xstyle.md\/\",\"name\":\"\u041c\u0430\u0433\u0430\u0437\u0438\u043d Xstyle\",\"description\":\"C\u043d\u0430\u0440\u044f\u0436\u0435\u043d\u0438\u0435 \u0434\u043b\u044f \u0442\u0443\u0440\u0438\u0437\u043c\u0430 \u0438 \u044d\u043a\u0441\u0442\u0440\u0435\u043c\u0430\u043b\u044c\u043d\u044b\u0445 \u0432\u0438\u0434\u043e\u0432 \u0441\u043f\u043e\u0440\u0442\u0430 \u0432 \u041c\u043e\u043b\u0434\u043e\u0432\u0435.. \u0426\u0435\u043d\u044b, \u0444\u043e\u0442\u043e, \u0445\u0430\u0440\u0430\u043a\u0442\u0435\u0440\u0438\u0441\u0442\u0438\u043a\u0438 \u0432 \u041c\u043e\u043b\u0434\u043e\u0432\u0435.\",\"publisher\":{\"@id\":\"https:\/\/xstyle.md\/#organization\"},\"alternateName\":\"X-Style\",\"potentialAction\":[{\"@type\":\"SearchAction\",\"target\":{\"@type\":\"EntryPoint\",\"urlTemplate\":\"https:\/\/xstyle.md\/?s={search_term_string}\"},\"query-input\":{\"@type\":\"PropertyValueSpecification\",\"valueRequired\":true,\"valueName\":\"search_term_string\"}}],\"inLanguage\":\"ro-RO\"},{\"@type\":\"Organization\",\"@id\":\"https:\/\/xstyle.md\/#organization\",\"name\":\"\u041c\u0430\u0433\u0430\u0437\u0438\u043d Xstyle\",\"alternateName\":\"x-style\",\"url\":\"https:\/\/xstyle.md\/\",\"logo\":{\"@type\":\"ImageObject\",\"inLanguage\":\"ro-RO\",\"@id\":\"https:\/\/xstyle.md\/#\/schema\/logo\/image\/\",\"url\":\"https:\/\/xstyle.md\/wp-content\/uploads\/2020\/06\/logoicon.svg\",\"contentUrl\":\"https:\/\/xstyle.md\/wp-content\/uploads\/2020\/06\/logoicon.svg\",\"caption\":\"\u041c\u0430\u0433\u0430\u0437\u0438\u043d Xstyle\"},\"image\":{\"@id\":\"https:\/\/xstyle.md\/#\/schema\/logo\/image\/\"},\"sameAs\":[\"https:\/\/www.facebook.com\/xstylemd\",\"https:\/\/www.instagram.com\/xstyle_md\/\",\"https:\/\/t.me\/xstyle_outdoor\"],\"hasMerchantReturnPolicy\":{\"@type\":\"MerchantReturnPolicy\",\"merchantReturnLink\":\"https:\/\/xstyle.md\/ro\/conditions\/\"}}]}<\/script>\n<meta property=\"product:price:amount\" content=\"50.00\" \/>\n<meta property=\"product:price:currency\" content=\"MDL\" \/>\n<meta property=\"og:availability\" content=\"instock\" \/>\n<meta property=\"product:availability\" content=\"instock\" \/>\n<meta property=\"product:retailer_item_id\" content=\"4008496594672\" \/>\n<meta property=\"product:condition\" content=\"new\" \/>\n<!-- \/ Yoast SEO plugin. -->","yoast_head_json":{"title":"Baterie Varta Longlife Extra AA 2 buc. - Magazin Xstyle","description":"Bateria Varta Longlife Extra AA (2 buc) ofer\u0103 energie de \u00eencredere pentru juc\u0103rii, lanterne \u0219i dispozitive de control la distan\u021b\u0103. O solu\u021bie ideal\u0103 pentru economisire!","robots":{"index":"index","follow":"follow","max-snippet":"max-snippet:-1","max-image-preview":"max-image-preview:large","max-video-preview":"max-video-preview:-1"},"canonical":"https:\/\/xstyle.md\/ro\/produs\/batarejka-varta-longlife-extra-aa-2-sht\/","og_locale":"ro_RO","og_type":"article","og_title":"\u0411\u0430\u0442\u0430\u0440\u0435\u0439\u043a\u0430 Varta Longlife Extra AA 2 \u0448\u0442 - \u041c\u0430\u0433\u0430\u0437\u0438\u043d Xstyle","og_description":"\u0411\u0430\u0442\u0430\u0440\u0435\u0439\u043a\u0430 Varta Longlife Extra AA (2 \u0448\u0442) \u043e\u0431\u0435\u0441\u043f\u0435\u0447\u0438\u0432\u0430\u0435\u0442 \u043d\u0430\u0434\u0435\u0436\u043d\u0443\u044e \u044d\u043d\u0435\u0440\u0433\u0438\u044e \u0434\u043b\u044f \u0438\u0433\u0440\u0443\u0448\u0435\u043a, \u0444\u043e\u043d\u0430\u0440\u0435\u0439 \u0438 \u0434\u0438\u0441\u0442\u0430\u043d\u0446\u0438\u043e\u043d\u043d\u044b\u0445 \u0443\u0441\u0442\u0440\u043e\u0439\u0441\u0442\u0432. \u0418\u0434\u0435\u0430\u043b\u044c\u043d\u043e\u0435 \u0440\u0435\u0448\u0435\u043d\u0438\u0435 \u0434\u043b\u044f \u044d\u043a\u043e\u043d\u043e\u043c\u0438\u0438!","og_url":"https:\/\/xstyle.md\/ro\/produs\/batarejka-varta-longlife-extra-aa-2-sht\/","og_site_name":"\u041c\u0430\u0433\u0430\u0437\u0438\u043d Xstyle","article_publisher":"https:\/\/www.facebook.com\/xstylemd","article_modified_time":"2025-03-18T21:20:34+00:00","og_image":[{"width":497,"height":906,"url":"https:\/\/xstyle.md\/wp-content\/uploads\/2020\/07\/longlife_extra_bli_2_04106101412_3246307565.jpg","type":"image\/jpeg"}],"twitter_card":"summary_large_image","twitter_misc":{"Pre\u021b":"50&nbsp;MDL","Disponibilitate":"\u00cen stoc"},"schema":{"@context":"https:\/\/schema.org","@graph":[{"@type":"WebPage","@id":"https:\/\/xstyle.md\/product\/batarejka-varta-longlife-extra-aa-2-sht\/","url":"https:\/\/xstyle.md\/product\/batarejka-varta-longlife-extra-aa-2-sht\/","name":"Baterie Varta Longlife Extra AA 2 buc. - Magazin Xstyle","isPartOf":{"@id":"https:\/\/xstyle.md\/#website"},"primaryImageOfPage":{"@id":"https:\/\/xstyle.md\/product\/batarejka-varta-longlife-extra-aa-2-sht\/#primaryimage"},"image":{"@id":"https:\/\/xstyle.md\/product\/batarejka-varta-longlife-extra-aa-2-sht\/#primaryimage"},"thumbnailUrl":"https:\/\/xstyle.md\/wp-content\/uploads\/2020\/07\/longlife_extra_bli_2_04106101412_3246307565.jpg","datePublished":"2020-07-17T20:43:31+00:00","dateModified":"2025-03-18T21:20:34+00:00","description":"Bateria Varta Longlife Extra AA (2 buc) ofer\u0103 energie de \u00eencredere pentru juc\u0103rii, lanterne \u0219i dispozitive de control la distan\u021b\u0103. O solu\u021bie ideal\u0103 pentru economisire!","breadcrumb":{"@id":"https:\/\/xstyle.md\/product\/batarejka-varta-longlife-extra-aa-2-sht\/#breadcrumb"},"inLanguage":"ro-RO","potentialAction":[{"@type":"ReadAction","target":["https:\/\/xstyle.md\/product\/batarejka-varta-longlife-extra-aa-2-sht\/"]}]},{"@type":"ImageObject","inLanguage":"ro-RO","@id":"https:\/\/xstyle.md\/product\/batarejka-varta-longlife-extra-aa-2-sht\/#primaryimage","url":"https:\/\/xstyle.md\/wp-content\/uploads\/2020\/07\/longlife_extra_bli_2_04106101412_3246307565.jpg","contentUrl":"https:\/\/xstyle.md\/wp-content\/uploads\/2020\/07\/longlife_extra_bli_2_04106101412_3246307565.jpg","width":497,"height":906},{"@type":"BreadcrumbList","@id":"https:\/\/xstyle.md\/product\/batarejka-varta-longlife-extra-aa-2-sht\/#breadcrumb","itemListElement":[{"@type":"ListItem","position":1,"name":"\u0413\u043b\u0430\u0432\u043d\u0430\u044f \u0441\u0442\u0440\u0430\u043d\u0438\u0446\u0430","item":"https:\/\/xstyle.md\/"},{"@type":"ListItem","position":2,"name":"\u041c\u0430\u0433\u0430\u0437\u0438\u043d","item":"https:\/\/xstyle.md\/shop\/"},{"@type":"ListItem","position":3,"name":"\u0411\u0430\u0442\u0430\u0440\u0435\u0439\u043a\u0430 Varta Longlife Extra AA 2 \u0448\u0442"}]},{"@type":"WebSite","@id":"https:\/\/xstyle.md\/#website","url":"https:\/\/xstyle.md\/","name":"Magazinul X-Style","description":"Echipamente pentru turism \u0219i sporturi extreme \u00een Moldova. Pre\u021buri, fotografii, caracteristici \u00een Moldova.","publisher":{"@id":"https:\/\/xstyle.md\/#organization"},"alternateName":"X-Style","potentialAction":[{"@type":"SearchAction","target":{"@type":"EntryPoint","urlTemplate":"https:\/\/xstyle.md\/?s={search_term_string}"},"query-input":{"@type":"PropertyValueSpecification","valueRequired":true,"valueName":"search_term_string"}}],"inLanguage":"ro-RO"},{"@type":"Organization","@id":"https:\/\/xstyle.md\/#organization","name":"Magazinul X-Style","alternateName":"x-style","url":"https:\/\/xstyle.md\/","logo":{"@type":"ImageObject","inLanguage":"ro-RO","@id":"https:\/\/xstyle.md\/#\/schema\/logo\/image\/","url":"https:\/\/xstyle.md\/wp-content\/uploads\/2020\/06\/logoicon.svg","contentUrl":"https:\/\/xstyle.md\/wp-content\/uploads\/2020\/06\/logoicon.svg","caption":"\u041c\u0430\u0433\u0430\u0437\u0438\u043d Xstyle"},"image":{"@id":"https:\/\/xstyle.md\/#\/schema\/logo\/image\/"},"sameAs":["https:\/\/www.facebook.com\/xstylemd","https:\/\/www.instagram.com\/xstyle_md\/","https:\/\/t.me\/xstyle_outdoor"],"hasMerchantReturnPolicy":{"@type":"MerchantReturnPolicy","merchantReturnLink":"https:\/\/xstyle.md\/ro\/conditions\/"}}]},"product_price_amount":"50.00","product_price_currency":"MDL","og_availability":"instock","product_availability":"instock","product_retailer_item_id":"4008496594672","product_condition":"new"},"post_mailing_queue_ids":[],"_links":{"self":[{"href":"https:\/\/xstyle.md\/ro\/wp-json\/wp\/v2\/product\/19177","targetHints":{"allow":["GET"]}}],"collection":[{"href":"https:\/\/xstyle.md\/ro\/wp-json\/wp\/v2\/product"}],"about":[{"href":"https:\/\/xstyle.md\/ro\/wp-json\/wp\/v2\/types\/product"}],"replies":[{"embeddable":true,"href":"https:\/\/xstyle.md\/ro\/wp-json\/wp\/v2\/comments?post=19177"}],"wp:featuredmedia":[{"embeddable":true,"href":"https:\/\/xstyle.md\/ro\/wp-json\/wp\/v2\/media\/19176"}],"wp:attachment":[{"href":"https:\/\/xstyle.md\/ro\/wp-json\/wp\/v2\/media?parent=19177"}],"wp:term":[{"taxonomy":"product_brand","embeddable":true,"href":"https:\/\/xstyle.md\/ro\/wp-json\/wp\/v2\/product_brand?post=19177"},{"taxonomy":"product_cat","embeddable":true,"href":"https:\/\/xstyle.md\/ro\/wp-json\/wp\/v2\/product_cat?post=19177"},{"taxonomy":"product_tag","embeddable":true,"href":"https:\/\/xstyle.md\/ro\/wp-json\/wp\/v2\/product_tag?post=19177"}],"curies":[{"name":"wp","href":"https:\/\/api.w.org\/{rel}","templated":true}]}}