{"id":18872,"date":"2020-07-17T23:23:51","date_gmt":"2020-07-17T20:23:51","guid":{"rendered":"https:\/\/xstyle.md\/product\/strahovka-dlja-instrumenta-so-smenymi-nakonechnikami-beal-air-leash"},"modified":"2026-02-12T20:07:02","modified_gmt":"2026-02-12T17:07:02","slug":"strahovka-dlja-instrumenta-so-smenymi-nakonechnikami-beal-air-leash","status":"publish","type":"product","link":"https:\/\/xstyle.md\/ro\/produs\/strahovka-dlja-instrumenta-so-smenymi-nakonechnikami-beal-air-leash\/","title":{"rendered":"Lonj\u0103 pentru unelte Beal Air Leash"},"content":{"rendered":"<\/p>\n<p><strong>Lonj\u0103 pentru unelte Beal Air Leash\u00a0&#8212;\u00a0<\/strong>port-material extensibil pentru ata\u0219area uneltelor \u00een timpul utiliz\u0103rii. Are \u00een componen\u021b\u0103 un cordon spiralat \u0219i 3 capete de ata\u0219are.<\/p>\n<p><strong>Caracteristici:<\/strong><\/p>\n<ul>\n<li>Greutate maxim\u0103 unealt\u0103: 500 g<\/li>\n<li>Greutate 55 g<\/li>\n<li>Lungime maxim\u0103 150 cm<\/li>\n<li>Lungime retractat\u0103 45 cm<\/li>\n<\/ul>\n<p><\/p>","protected":false},"excerpt":{"rendered":"<p>\u0421\u0442\u0440\u0430\u0445\u043e\u0432\u043a\u0430 \u0434\u043b\u044f \u0438\u043d\u0441\u0442\u0440\u0443\u043c\u0435\u043d\u0442\u0430 \u0441\u043e \u0441\u043c\u0435\u043d\u044b\u043c\u0438 \u043d\u0430\u043a\u043e\u043d\u0435\u0447\u043d\u0438\u043a\u0430\u043c\u0438 Beal Air Leash<\/p>","protected":false},"featured_media":18871,"comment_status":"open","ping_status":"closed","template":"","meta":{"_acf_changed":false,"inline_featured_image":false},"product_brand":[1411],"product_cat":[306],"product_tag":[],"class_list":{"0":"post-18872","1":"product","2":"type-product","3":"status-publish","4":"has-post-thumbnail","6":"product_brand-beal","7":"product_cat-ra-accessories","9":"first","10":"outofstock","11":"shipping-taxable","12":"product-type-simple"},"acf":[],"yoast_head":"<!-- This site is optimized with the Yoast SEO plugin v27.2 - https:\/\/yoast.com\/product\/yoast-seo-wordpress\/ -->\n<title>\u0421\u0442\u0440\u0430\u0445\u043e\u0432\u043a\u0430 \u0434\u043b\u044f \u0438\u043d\u0441\u0442\u0440\u0443\u043c\u0435\u043d\u0442\u0430 \u0441\u043e \u0441\u043c\u0435\u043d\u043d\u044b\u043c\u0438 \u043d\u0430\u043a\u043e\u043d\u0435\u0447\u043d\u0438\u043a\u0430\u043c\u0438 Beal Air Leash - \u041c\u0430\u0433\u0430\u0437\u0438\u043d Xstyle<\/title>\n<meta name=\"description\" content=\"\u0421\u0442\u0440\u0430\u0445\u043e\u0432\u043a\u0430 \u0434\u043b\u044f \u0438\u043d\u0441\u0442\u0440\u0443\u043c\u0435\u043d\u0442\u0430 Beal Air Leash: \u043d\u0430\u0434\u0451\u0436\u043d\u043e\u0435 \u043a\u0440\u0435\u043f\u043b\u0435\u043d\u0438\u0435 \u0441 3 \u043d\u0430\u0441\u0430\u0434\u043a\u0430\u043c\u0438. \u041c\u0430\u043a\u0441\u0438\u043c\u0430\u043b\u044c\u043d\u0430\u044f \u043d\u0430\u0433\u0440\u0443\u0437\u043a\u0430 500 \u0433, \u0434\u043b\u0438\u043d\u0430 150 \u0441\u043c. \u0418\u0434\u0435\u0430\u043b\u044c\u043d\u043e \u0434\u043b\u044f \u0440\u0430\u0431\u043e\u0442\u044b \u0438 \u0431\u0435\u0437\u043e\u043f\u0430\u0441\u043d\u043e\u0441\u0442\u0438!\" \/>\n<meta name=\"robots\" content=\"index, follow, max-snippet:-1, max-image-preview:large, max-video-preview:-1\" \/>\n<link rel=\"canonical\" href=\"https:\/\/xstyle.md\/ro\/produs\/strahovka-dlja-instrumenta-so-smenymi-nakonechnikami-beal-air-leash\/\" \/>\n<meta property=\"og:locale\" content=\"ro_RO\" \/>\n<meta property=\"og:type\" content=\"article\" \/>\n<meta property=\"og:title\" content=\"\u0421\u0442\u0440\u0430\u0445\u043e\u0432\u043a\u0430 \u0434\u043b\u044f \u0438\u043d\u0441\u0442\u0440\u0443\u043c\u0435\u043d\u0442\u0430 \u0441\u043e \u0441\u043c\u0435\u043d\u043d\u044b\u043c\u0438 \u043d\u0430\u043a\u043e\u043d\u0435\u0447\u043d\u0438\u043a\u0430\u043c\u0438 Beal Air Leash - \u041c\u0430\u0433\u0430\u0437\u0438\u043d Xstyle\" \/>\n<meta property=\"og:description\" content=\"\u0421\u0442\u0440\u0430\u0445\u043e\u0432\u043a\u0430 \u0434\u043b\u044f \u0438\u043d\u0441\u0442\u0440\u0443\u043c\u0435\u043d\u0442\u0430 Beal Air Leash: \u043d\u0430\u0434\u0451\u0436\u043d\u043e\u0435 \u043a\u0440\u0435\u043f\u043b\u0435\u043d\u0438\u0435 \u0441 3 \u043d\u0430\u0441\u0430\u0434\u043a\u0430\u043c\u0438. \u041c\u0430\u043a\u0441\u0438\u043c\u0430\u043b\u044c\u043d\u0430\u044f \u043d\u0430\u0433\u0440\u0443\u0437\u043a\u0430 500 \u0433, \u0434\u043b\u0438\u043d\u0430 150 \u0441\u043c. \u0418\u0434\u0435\u0430\u043b\u044c\u043d\u043e \u0434\u043b\u044f \u0440\u0430\u0431\u043e\u0442\u044b \u0438 \u0431\u0435\u0437\u043e\u043f\u0430\u0441\u043d\u043e\u0441\u0442\u0438!\" \/>\n<meta property=\"og:url\" content=\"https:\/\/xstyle.md\/ro\/produs\/strahovka-dlja-instrumenta-so-smenymi-nakonechnikami-beal-air-leash\/\" \/>\n<meta property=\"og:site_name\" content=\"\u041c\u0430\u0433\u0430\u0437\u0438\u043d Xstyle\" \/>\n<meta property=\"article:publisher\" content=\"https:\/\/www.facebook.com\/xstylemd\" \/>\n<meta property=\"article:modified_time\" content=\"2026-02-12T17:07:02+00:00\" \/>\n<meta property=\"og:image\" content=\"https:\/\/xstyle.md\/wp-content\/uploads\/2020\/07\/96586-tm_thickbox_default.png\" \/>\n\t<meta property=\"og:image:width\" content=\"1000\" \/>\n\t<meta property=\"og:image:height\" content=\"1000\" \/>\n\t<meta property=\"og:image:type\" content=\"image\/png\" \/>\n<meta name=\"twitter:card\" content=\"summary_large_image\" \/>\n<meta name=\"twitter:label1\" content=\"Pre\u021b\" \/>\n\t<meta name=\"twitter:data1\" content=\"580&nbsp;MDL\" \/>\n\t<meta name=\"twitter:label2\" content=\"Disponibilitate\" \/>\n\t<meta name=\"twitter:data2\" content=\"Stoc epuizat\" \/>\n<script type=\"application\/ld+json\" class=\"yoast-schema-graph\">{\"@context\":\"https:\/\/schema.org\",\"@graph\":[{\"@type\":\"WebPage\",\"@id\":\"https:\/\/xstyle.md\/product\/strahovka-dlja-instrumenta-so-smenymi-nakonechnikami-beal-air-leash\/\",\"url\":\"https:\/\/xstyle.md\/product\/strahovka-dlja-instrumenta-so-smenymi-nakonechnikami-beal-air-leash\/\",\"name\":\"\u0421\u0442\u0440\u0430\u0445\u043e\u0432\u043a\u0430 \u0434\u043b\u044f \u0438\u043d\u0441\u0442\u0440\u0443\u043c\u0435\u043d\u0442\u0430 \u0441\u043e \u0441\u043c\u0435\u043d\u043d\u044b\u043c\u0438 \u043d\u0430\u043a\u043e\u043d\u0435\u0447\u043d\u0438\u043a\u0430\u043c\u0438 Beal Air Leash - \u041c\u0430\u0433\u0430\u0437\u0438\u043d Xstyle\",\"isPartOf\":{\"@id\":\"https:\/\/xstyle.md\/#website\"},\"primaryImageOfPage\":{\"@id\":\"https:\/\/xstyle.md\/product\/strahovka-dlja-instrumenta-so-smenymi-nakonechnikami-beal-air-leash\/#primaryimage\"},\"image\":{\"@id\":\"https:\/\/xstyle.md\/product\/strahovka-dlja-instrumenta-so-smenymi-nakonechnikami-beal-air-leash\/#primaryimage\"},\"thumbnailUrl\":\"https:\/\/xstyle.md\/wp-content\/uploads\/2020\/07\/96586-tm_thickbox_default.png\",\"datePublished\":\"2020-07-17T20:23:51+00:00\",\"dateModified\":\"2026-02-12T17:07:02+00:00\",\"description\":\"\u0421\u0442\u0440\u0430\u0445\u043e\u0432\u043a\u0430 \u0434\u043b\u044f \u0438\u043d\u0441\u0442\u0440\u0443\u043c\u0435\u043d\u0442\u0430 Beal Air Leash: \u043d\u0430\u0434\u0451\u0436\u043d\u043e\u0435 \u043a\u0440\u0435\u043f\u043b\u0435\u043d\u0438\u0435 \u0441 3 \u043d\u0430\u0441\u0430\u0434\u043a\u0430\u043c\u0438. \u041c\u0430\u043a\u0441\u0438\u043c\u0430\u043b\u044c\u043d\u0430\u044f \u043d\u0430\u0433\u0440\u0443\u0437\u043a\u0430 500 \u0433, \u0434\u043b\u0438\u043d\u0430 150 \u0441\u043c. \u0418\u0434\u0435\u0430\u043b\u044c\u043d\u043e \u0434\u043b\u044f \u0440\u0430\u0431\u043e\u0442\u044b \u0438 \u0431\u0435\u0437\u043e\u043f\u0430\u0441\u043d\u043e\u0441\u0442\u0438!\",\"breadcrumb\":{\"@id\":\"https:\/\/xstyle.md\/product\/strahovka-dlja-instrumenta-so-smenymi-nakonechnikami-beal-air-leash\/#breadcrumb\"},\"inLanguage\":\"ro-RO\",\"potentialAction\":[{\"@type\":\"ReadAction\",\"target\":[\"https:\/\/xstyle.md\/product\/strahovka-dlja-instrumenta-so-smenymi-nakonechnikami-beal-air-leash\/\"]}]},{\"@type\":\"ImageObject\",\"inLanguage\":\"ro-RO\",\"@id\":\"https:\/\/xstyle.md\/product\/strahovka-dlja-instrumenta-so-smenymi-nakonechnikami-beal-air-leash\/#primaryimage\",\"url\":\"https:\/\/xstyle.md\/wp-content\/uploads\/2020\/07\/96586-tm_thickbox_default.png\",\"contentUrl\":\"https:\/\/xstyle.md\/wp-content\/uploads\/2020\/07\/96586-tm_thickbox_default.png\",\"width\":1000,\"height\":1000},{\"@type\":\"BreadcrumbList\",\"@id\":\"https:\/\/xstyle.md\/product\/strahovka-dlja-instrumenta-so-smenymi-nakonechnikami-beal-air-leash\/#breadcrumb\",\"itemListElement\":[{\"@type\":\"ListItem\",\"position\":1,\"name\":\"\u0413\u043b\u0430\u0432\u043d\u0430\u044f \u0441\u0442\u0440\u0430\u043d\u0438\u0446\u0430\",\"item\":\"https:\/\/xstyle.md\/\"},{\"@type\":\"ListItem\",\"position\":2,\"name\":\"\u041c\u0430\u0433\u0430\u0437\u0438\u043d\",\"item\":\"https:\/\/xstyle.md\/shop\/\"},{\"@type\":\"ListItem\",\"position\":3,\"name\":\"\u0421\u0442\u0440\u0430\u0445\u043e\u0432\u043a\u0430 \u0434\u043b\u044f \u0438\u043d\u0441\u0442\u0440\u0443\u043c\u0435\u043d\u0442\u0430 \u0441\u043e \u0441\u043c\u0435\u043d\u043d\u044b\u043c\u0438 \u043d\u0430\u043a\u043e\u043d\u0435\u0447\u043d\u0438\u043a\u0430\u043c\u0438 Beal Air Leash\"}]},{\"@type\":\"WebSite\",\"@id\":\"https:\/\/xstyle.md\/#website\",\"url\":\"https:\/\/xstyle.md\/\",\"name\":\"\u041c\u0430\u0433\u0430\u0437\u0438\u043d Xstyle\",\"description\":\"C\u043d\u0430\u0440\u044f\u0436\u0435\u043d\u0438\u0435 \u0434\u043b\u044f \u0442\u0443\u0440\u0438\u0437\u043c\u0430 \u0438 \u044d\u043a\u0441\u0442\u0440\u0435\u043c\u0430\u043b\u044c\u043d\u044b\u0445 \u0432\u0438\u0434\u043e\u0432 \u0441\u043f\u043e\u0440\u0442\u0430 \u0432 \u041c\u043e\u043b\u0434\u043e\u0432\u0435.. \u0426\u0435\u043d\u044b, \u0444\u043e\u0442\u043e, \u0445\u0430\u0440\u0430\u043a\u0442\u0435\u0440\u0438\u0441\u0442\u0438\u043a\u0438 \u0432 \u041c\u043e\u043b\u0434\u043e\u0432\u0435.\",\"publisher\":{\"@id\":\"https:\/\/xstyle.md\/#organization\"},\"alternateName\":\"X-Style\",\"potentialAction\":[{\"@type\":\"SearchAction\",\"target\":{\"@type\":\"EntryPoint\",\"urlTemplate\":\"https:\/\/xstyle.md\/?s={search_term_string}\"},\"query-input\":{\"@type\":\"PropertyValueSpecification\",\"valueRequired\":true,\"valueName\":\"search_term_string\"}}],\"inLanguage\":\"ro-RO\"},{\"@type\":\"Organization\",\"@id\":\"https:\/\/xstyle.md\/#organization\",\"name\":\"\u041c\u0430\u0433\u0430\u0437\u0438\u043d Xstyle\",\"alternateName\":\"x-style\",\"url\":\"https:\/\/xstyle.md\/\",\"logo\":{\"@type\":\"ImageObject\",\"inLanguage\":\"ro-RO\",\"@id\":\"https:\/\/xstyle.md\/#\/schema\/logo\/image\/\",\"url\":\"https:\/\/xstyle.md\/wp-content\/uploads\/2020\/06\/logoicon.svg\",\"contentUrl\":\"https:\/\/xstyle.md\/wp-content\/uploads\/2020\/06\/logoicon.svg\",\"caption\":\"\u041c\u0430\u0433\u0430\u0437\u0438\u043d Xstyle\"},\"image\":{\"@id\":\"https:\/\/xstyle.md\/#\/schema\/logo\/image\/\"},\"sameAs\":[\"https:\/\/www.facebook.com\/xstylemd\",\"https:\/\/www.instagram.com\/xstyle_md\/\",\"https:\/\/t.me\/xstyle_outdoor\"],\"hasMerchantReturnPolicy\":{\"@type\":\"MerchantReturnPolicy\",\"merchantReturnLink\":\"https:\/\/xstyle.md\/ro\/conditions\/\"}}]}<\/script>\n<meta property=\"product:price:amount\" content=\"580.00\" \/>\n<meta property=\"product:price:currency\" content=\"MDL\" \/>\n<meta property=\"og:availability\" content=\"out of stock\" \/>\n<meta property=\"product:availability\" content=\"out of stock\" \/>\n<meta property=\"product:retailer_item_id\" content=\"3700288256881\" \/>\n<meta property=\"product:condition\" content=\"new\" \/>\n<!-- \/ Yoast SEO plugin. -->","yoast_head_json":{"title":"Lonj\u0103 pentru unelte Beal Air Leash - Magazin Xstyle","description":"Asigurare pentru instrumentul Beal Air Leash: un sistem de prindere fiabil cu 3 accesorii. Capacitate maxim\u0103 de \u00eenc\u0103rcare 500 g, lungime 150 cm. Ideal pentru munc\u0103 \u0219i siguran\u021b\u0103!","robots":{"index":"index","follow":"follow","max-snippet":"max-snippet:-1","max-image-preview":"max-image-preview:large","max-video-preview":"max-video-preview:-1"},"canonical":"https:\/\/xstyle.md\/ro\/produs\/strahovka-dlja-instrumenta-so-smenymi-nakonechnikami-beal-air-leash\/","og_locale":"ro_RO","og_type":"article","og_title":"\u0421\u0442\u0440\u0430\u0445\u043e\u0432\u043a\u0430 \u0434\u043b\u044f \u0438\u043d\u0441\u0442\u0440\u0443\u043c\u0435\u043d\u0442\u0430 \u0441\u043e \u0441\u043c\u0435\u043d\u043d\u044b\u043c\u0438 \u043d\u0430\u043a\u043e\u043d\u0435\u0447\u043d\u0438\u043a\u0430\u043c\u0438 Beal Air Leash - \u041c\u0430\u0433\u0430\u0437\u0438\u043d Xstyle","og_description":"\u0421\u0442\u0440\u0430\u0445\u043e\u0432\u043a\u0430 \u0434\u043b\u044f \u0438\u043d\u0441\u0442\u0440\u0443\u043c\u0435\u043d\u0442\u0430 Beal Air Leash: \u043d\u0430\u0434\u0451\u0436\u043d\u043e\u0435 \u043a\u0440\u0435\u043f\u043b\u0435\u043d\u0438\u0435 \u0441 3 \u043d\u0430\u0441\u0430\u0434\u043a\u0430\u043c\u0438. \u041c\u0430\u043a\u0441\u0438\u043c\u0430\u043b\u044c\u043d\u0430\u044f \u043d\u0430\u0433\u0440\u0443\u0437\u043a\u0430 500 \u0433, \u0434\u043b\u0438\u043d\u0430 150 \u0441\u043c. \u0418\u0434\u0435\u0430\u043b\u044c\u043d\u043e \u0434\u043b\u044f \u0440\u0430\u0431\u043e\u0442\u044b \u0438 \u0431\u0435\u0437\u043e\u043f\u0430\u0441\u043d\u043e\u0441\u0442\u0438!","og_url":"https:\/\/xstyle.md\/ro\/produs\/strahovka-dlja-instrumenta-so-smenymi-nakonechnikami-beal-air-leash\/","og_site_name":"\u041c\u0430\u0433\u0430\u0437\u0438\u043d Xstyle","article_publisher":"https:\/\/www.facebook.com\/xstylemd","article_modified_time":"2026-02-12T17:07:02+00:00","og_image":[{"width":1000,"height":1000,"url":"https:\/\/xstyle.md\/wp-content\/uploads\/2020\/07\/96586-tm_thickbox_default.png","type":"image\/png"}],"twitter_card":"summary_large_image","twitter_misc":{"Pre\u021b":"580&nbsp;MDL","Disponibilitate":"Stoc epuizat"},"schema":{"@context":"https:\/\/schema.org","@graph":[{"@type":"WebPage","@id":"https:\/\/xstyle.md\/product\/strahovka-dlja-instrumenta-so-smenymi-nakonechnikami-beal-air-leash\/","url":"https:\/\/xstyle.md\/product\/strahovka-dlja-instrumenta-so-smenymi-nakonechnikami-beal-air-leash\/","name":"Lonj\u0103 pentru unelte Beal Air Leash - Magazin Xstyle","isPartOf":{"@id":"https:\/\/xstyle.md\/#website"},"primaryImageOfPage":{"@id":"https:\/\/xstyle.md\/product\/strahovka-dlja-instrumenta-so-smenymi-nakonechnikami-beal-air-leash\/#primaryimage"},"image":{"@id":"https:\/\/xstyle.md\/product\/strahovka-dlja-instrumenta-so-smenymi-nakonechnikami-beal-air-leash\/#primaryimage"},"thumbnailUrl":"https:\/\/xstyle.md\/wp-content\/uploads\/2020\/07\/96586-tm_thickbox_default.png","datePublished":"2020-07-17T20:23:51+00:00","dateModified":"2026-02-12T17:07:02+00:00","description":"Asigurare pentru instrumentul Beal Air Leash: un sistem de prindere fiabil cu 3 accesorii. Capacitate maxim\u0103 de \u00eenc\u0103rcare 500 g, lungime 150 cm. Ideal pentru munc\u0103 \u0219i siguran\u021b\u0103!","breadcrumb":{"@id":"https:\/\/xstyle.md\/product\/strahovka-dlja-instrumenta-so-smenymi-nakonechnikami-beal-air-leash\/#breadcrumb"},"inLanguage":"ro-RO","potentialAction":[{"@type":"ReadAction","target":["https:\/\/xstyle.md\/product\/strahovka-dlja-instrumenta-so-smenymi-nakonechnikami-beal-air-leash\/"]}]},{"@type":"ImageObject","inLanguage":"ro-RO","@id":"https:\/\/xstyle.md\/product\/strahovka-dlja-instrumenta-so-smenymi-nakonechnikami-beal-air-leash\/#primaryimage","url":"https:\/\/xstyle.md\/wp-content\/uploads\/2020\/07\/96586-tm_thickbox_default.png","contentUrl":"https:\/\/xstyle.md\/wp-content\/uploads\/2020\/07\/96586-tm_thickbox_default.png","width":1000,"height":1000},{"@type":"BreadcrumbList","@id":"https:\/\/xstyle.md\/product\/strahovka-dlja-instrumenta-so-smenymi-nakonechnikami-beal-air-leash\/#breadcrumb","itemListElement":[{"@type":"ListItem","position":1,"name":"\u0413\u043b\u0430\u0432\u043d\u0430\u044f \u0441\u0442\u0440\u0430\u043d\u0438\u0446\u0430","item":"https:\/\/xstyle.md\/"},{"@type":"ListItem","position":2,"name":"\u041c\u0430\u0433\u0430\u0437\u0438\u043d","item":"https:\/\/xstyle.md\/shop\/"},{"@type":"ListItem","position":3,"name":"\u0421\u0442\u0440\u0430\u0445\u043e\u0432\u043a\u0430 \u0434\u043b\u044f \u0438\u043d\u0441\u0442\u0440\u0443\u043c\u0435\u043d\u0442\u0430 \u0441\u043e \u0441\u043c\u0435\u043d\u043d\u044b\u043c\u0438 \u043d\u0430\u043a\u043e\u043d\u0435\u0447\u043d\u0438\u043a\u0430\u043c\u0438 Beal Air Leash"}]},{"@type":"WebSite","@id":"https:\/\/xstyle.md\/#website","url":"https:\/\/xstyle.md\/","name":"Magazinul X-Style","description":"Echipamente pentru turism \u0219i sporturi extreme \u00een Moldova. Pre\u021buri, fotografii, caracteristici \u00een Moldova.","publisher":{"@id":"https:\/\/xstyle.md\/#organization"},"alternateName":"X-Style","potentialAction":[{"@type":"SearchAction","target":{"@type":"EntryPoint","urlTemplate":"https:\/\/xstyle.md\/?s={search_term_string}"},"query-input":{"@type":"PropertyValueSpecification","valueRequired":true,"valueName":"search_term_string"}}],"inLanguage":"ro-RO"},{"@type":"Organization","@id":"https:\/\/xstyle.md\/#organization","name":"Magazinul X-Style","alternateName":"x-style","url":"https:\/\/xstyle.md\/","logo":{"@type":"ImageObject","inLanguage":"ro-RO","@id":"https:\/\/xstyle.md\/#\/schema\/logo\/image\/","url":"https:\/\/xstyle.md\/wp-content\/uploads\/2020\/06\/logoicon.svg","contentUrl":"https:\/\/xstyle.md\/wp-content\/uploads\/2020\/06\/logoicon.svg","caption":"\u041c\u0430\u0433\u0430\u0437\u0438\u043d Xstyle"},"image":{"@id":"https:\/\/xstyle.md\/#\/schema\/logo\/image\/"},"sameAs":["https:\/\/www.facebook.com\/xstylemd","https:\/\/www.instagram.com\/xstyle_md\/","https:\/\/t.me\/xstyle_outdoor"],"hasMerchantReturnPolicy":{"@type":"MerchantReturnPolicy","merchantReturnLink":"https:\/\/xstyle.md\/ro\/conditions\/"}}]},"product_price_amount":"580.00","product_price_currency":"MDL","og_availability":"out of stock","product_availability":"out of stock","product_retailer_item_id":"3700288256881","product_condition":"new"},"post_mailing_queue_ids":[],"_links":{"self":[{"href":"https:\/\/xstyle.md\/ro\/wp-json\/wp\/v2\/product\/18872","targetHints":{"allow":["GET"]}}],"collection":[{"href":"https:\/\/xstyle.md\/ro\/wp-json\/wp\/v2\/product"}],"about":[{"href":"https:\/\/xstyle.md\/ro\/wp-json\/wp\/v2\/types\/product"}],"replies":[{"embeddable":true,"href":"https:\/\/xstyle.md\/ro\/wp-json\/wp\/v2\/comments?post=18872"}],"wp:featuredmedia":[{"embeddable":true,"href":"https:\/\/xstyle.md\/ro\/wp-json\/wp\/v2\/media\/18871"}],"wp:attachment":[{"href":"https:\/\/xstyle.md\/ro\/wp-json\/wp\/v2\/media?parent=18872"}],"wp:term":[{"taxonomy":"product_brand","embeddable":true,"href":"https:\/\/xstyle.md\/ro\/wp-json\/wp\/v2\/product_brand?post=18872"},{"taxonomy":"product_cat","embeddable":true,"href":"https:\/\/xstyle.md\/ro\/wp-json\/wp\/v2\/product_cat?post=18872"},{"taxonomy":"product_tag","embeddable":true,"href":"https:\/\/xstyle.md\/ro\/wp-json\/wp\/v2\/product_tag?post=18872"}],"curies":[{"name":"wp","href":"https:\/\/api.w.org\/{rel}","templated":true}]}}