{"id":18762,"date":"2020-07-17T19:26:54","date_gmt":"2020-07-17T16:26:54","guid":{"rendered":"https:\/\/xstyle.md\/?post_type=product&#038;p=18762"},"modified":"2026-03-19T16:38:04","modified_gmt":"2026-03-19T13:38:04","slug":"spal-nyj-meshok-deuter-astro-pro-1000-l","status":"publish","type":"product","link":"https:\/\/xstyle.md\/ro\/produs\/spal-nyj-meshok-deuter-astro-pro-1000-l\/","title":{"rendered":"Sac de dormit Deuter Astro Pro 1000 L"},"content":{"rendered":"<\/p>\n<p><strong>Sac de dormit Deuter Astro Pro 1000 L\u00a0 &#8212;\u00a0<\/strong>sac de dormit cu puf pentru c\u0103l\u0103torii extreme.<\/p>\n<p><strong>Caracteristici:<\/strong><\/p>\n<ul>\n<li>c\u0103ldur\u0103 \u0219i confort la picioare datorit\u0103 umplerii cu puf \u00een trei camere, astfel \u00eenc\u00e2t se afl\u0103 mereu \u00een form\u0103 \u00eentins\u0103<\/li>\n<li>&#171;Produs Bluesign\u00ae&#187; &#8212; puf de calitate \u00eenalt\u0103, certificat RDS<\/li>\n<li>raport excelent al parametrilor de baz\u0103 &#8212; dimensiunea \u00een form\u0103 ambalat\u0103, c\u0103ldura \u0219i greutatea<\/li>\n<li>\u00eenc\u0103lzirea rapid\u0103 a spa\u021biului interior datorit\u0103 carcasei interne compacte, care poate fi m\u0103rit\u0103 cu p\u00e2n\u0103 la 25% \u00een l\u0103\u021bime, ceea ce contribuie la o odihn\u0103 mai complet\u0103<\/li>\n<li>excelenta izola\u021bie \u0219i lipsa de zone reci datorit\u0103 designului inovator PowerBox: o combina\u021bie unic\u0103 de camere longitudinale, cusute<\/li>\n<li>peste cus\u0103turile elastice<\/li>\n<li>guler izolat cu velcro \u0219i cordon elastic<\/li>\n<li>ideal pentru alpini\u0219ti &#8212; at\u00e2t \u00eentr-un cort c\u00e2t \u0219i sub cerul \u00eenstelat<\/li>\n<\/ul>\n<div><strong>Specifica\u021bii:<\/strong><\/div>\n<ul>\n<li>\u00cenc\u0103lzitor: \u00een jos \/ 90\/10 cu FP 650, certificat de RDS<\/li>\n<li>\u00cenveli\u0219 interior: Softilining 30D Nylon<\/li>\n<li>Carcasa exterioar\u0103: PRO Lite RS 30<\/li>\n<li>Construc\u021bie: Trapezoidal\u0103<\/li>\n<li>Designul camerei, Thermo Stretch- interior<\/li>\n<li>Greutate umplere \/ plin\u0103: 1050\/1830 gr<\/li>\n<li>Dimensiune: 220x93x62cm<\/li>\n<li>\u00cen\u0103l\u021bime: 200 cm<\/li>\n<li>Dimensiune ambalat\u0103: 22\u044546 cm<\/li>\n<li>Temperatur\u0103 de confort: -12 \u00b0<\/li>\n<li>Temperatura limit\u0103: -20 \u00b0<\/li>\n<li>Temperatura extrem\u0103: -44 \u00b0<\/li>\n<\/ul>\n<p><\/p>","protected":false},"excerpt":{"rendered":"<p>Sac de dormit Deuter Astro Pro 1000 L<\/p>","protected":false},"featured_media":18758,"comment_status":"open","ping_status":"closed","template":"","meta":{"_acf_changed":false,"inline_featured_image":false},"product_brand":[1261],"product_cat":[128],"product_tag":[],"class_list":{"0":"post-18762","1":"product","2":"type-product","3":"status-publish","4":"has-post-thumbnail","6":"product_brand-deuter","7":"product_cat-fluff-sleeping-bag","9":"first","10":"instock","11":"shipping-taxable","12":"purchasable","13":"product-type-simple"},"acf":[],"yoast_head":"<!-- This site is optimized with the Yoast SEO plugin v27.4 - https:\/\/yoast.com\/product\/yoast-seo-wordpress\/ -->\n<title>\u0421\u043f\u0430\u043b\u044c\u043d\u044b\u0439 \u043c\u0435\u0448\u043e\u043a Deuter Astro Pro 1000 L - \u041c\u0430\u0433\u0430\u0437\u0438\u043d Xstyle<\/title>\n<meta name=\"description\" content=\"\u0421\u043f\u0430\u043b\u044c\u043d\u044b\u0439 \u043c\u0435\u0448\u043e\u043a Deuter Astro Pro 1000 L \u043e\u0431\u0435\u0441\u043f\u0435\u0447\u0438\u0432\u0430\u0435\u0442 \u043a\u043e\u043c\u0444\u043e\u0440\u0442 \u043f\u0440\u0438 \u0442\u0435\u043c\u043f\u0435\u0440\u0430\u0442\u0443\u0440\u0435 \u0434\u043e -12\u00b0C. \u0418\u0434\u0435\u0430\u043b\u0435\u043d \u0434\u043b\u044f \u043f\u0440\u0438\u043a\u043b\u044e\u0447\u0435\u043d\u0438\u0439 \u043d\u0430 \u043f\u0440\u0438\u0440\u043e\u0434\u0435. \u041b\u0435\u0433\u043a\u0438\u0439, \u043a\u043e\u043c\u043f\u0430\u043a\u0442\u043d\u044b\u0439 \u0438 \u0442\u0435\u043f\u043b\u044b\u0439!\" \/>\n<meta name=\"robots\" content=\"index, follow, max-snippet:-1, max-image-preview:large, max-video-preview:-1\" \/>\n<link rel=\"canonical\" href=\"https:\/\/xstyle.md\/ro\/produs\/spal-nyj-meshok-deuter-astro-pro-1000-l\/\" \/>\n<meta property=\"og:locale\" content=\"ro_RO\" \/>\n<meta property=\"og:type\" content=\"article\" \/>\n<meta property=\"og:title\" content=\"\u0421\u043f\u0430\u043b\u044c\u043d\u044b\u0439 \u043c\u0435\u0448\u043e\u043a Deuter Astro Pro 1000 L - \u041c\u0430\u0433\u0430\u0437\u0438\u043d Xstyle\" \/>\n<meta property=\"og:description\" content=\"\u0421\u043f\u0430\u043b\u044c\u043d\u044b\u0439 \u043c\u0435\u0448\u043e\u043a Deuter Astro Pro 1000 L \u043e\u0431\u0435\u0441\u043f\u0435\u0447\u0438\u0432\u0430\u0435\u0442 \u043a\u043e\u043c\u0444\u043e\u0440\u0442 \u043f\u0440\u0438 \u0442\u0435\u043c\u043f\u0435\u0440\u0430\u0442\u0443\u0440\u0435 \u0434\u043e -12\u00b0C. \u0418\u0434\u0435\u0430\u043b\u0435\u043d \u0434\u043b\u044f \u043f\u0440\u0438\u043a\u043b\u044e\u0447\u0435\u043d\u0438\u0439 \u043d\u0430 \u043f\u0440\u0438\u0440\u043e\u0434\u0435. \u041b\u0435\u0433\u043a\u0438\u0439, \u043a\u043e\u043c\u043f\u0430\u043a\u0442\u043d\u044b\u0439 \u0438 \u0442\u0435\u043f\u043b\u044b\u0439!\" \/>\n<meta property=\"og:url\" content=\"https:\/\/xstyle.md\/ro\/produs\/spal-nyj-meshok-deuter-astro-pro-1000-l\/\" \/>\n<meta property=\"og:site_name\" content=\"\u041c\u0430\u0433\u0430\u0437\u0438\u043d Xstyle\" \/>\n<meta property=\"article:publisher\" content=\"https:\/\/www.facebook.com\/xstylemd\" \/>\n<meta property=\"article:modified_time\" content=\"2026-03-19T13:38:04+00:00\" \/>\n<meta property=\"og:image\" content=\"https:\/\/xstyle.md\/wp-content\/uploads\/2020\/07\/deuter-astro-pro-1000-granite-scaled.jpg\" \/>\n\t<meta property=\"og:image:width\" content=\"641\" \/>\n\t<meta property=\"og:image:height\" content=\"1920\" \/>\n\t<meta property=\"og:image:type\" content=\"image\/jpeg\" \/>\n<meta name=\"twitter:card\" content=\"summary_large_image\" \/>\n<meta name=\"twitter:label1\" content=\"Pre\u021b\" \/>\n\t<meta name=\"twitter:data1\" content=\"11.900&nbsp;MDL\" \/>\n\t<meta name=\"twitter:label2\" content=\"Disponibilitate\" \/>\n\t<meta name=\"twitter:data2\" content=\"\u00cen stoc\" \/>\n<script type=\"application\/ld+json\" class=\"yoast-schema-graph\">{\"@context\":\"https:\\\/\\\/schema.org\",\"@graph\":[{\"@type\":\"WebPage\",\"@id\":\"https:\\\/\\\/xstyle.md\\\/product\\\/spal-nyj-meshok-deuter-astro-pro-1000-l\\\/\",\"url\":\"https:\\\/\\\/xstyle.md\\\/product\\\/spal-nyj-meshok-deuter-astro-pro-1000-l\\\/\",\"name\":\"\u0421\u043f\u0430\u043b\u044c\u043d\u044b\u0439 \u043c\u0435\u0448\u043e\u043a Deuter Astro Pro 1000 L - \u041c\u0430\u0433\u0430\u0437\u0438\u043d Xstyle\",\"isPartOf\":{\"@id\":\"https:\\\/\\\/xstyle.md\\\/#website\"},\"primaryImageOfPage\":{\"@id\":\"https:\\\/\\\/xstyle.md\\\/product\\\/spal-nyj-meshok-deuter-astro-pro-1000-l\\\/#primaryimage\"},\"image\":{\"@id\":\"https:\\\/\\\/xstyle.md\\\/product\\\/spal-nyj-meshok-deuter-astro-pro-1000-l\\\/#primaryimage\"},\"thumbnailUrl\":\"https:\\\/\\\/xstyle.md\\\/wp-content\\\/uploads\\\/2020\\\/07\\\/deuter-astro-pro-1000-granite-scaled.jpg\",\"datePublished\":\"2020-07-17T16:26:54+00:00\",\"dateModified\":\"2026-03-19T13:38:04+00:00\",\"description\":\"\u0421\u043f\u0430\u043b\u044c\u043d\u044b\u0439 \u043c\u0435\u0448\u043e\u043a Deuter Astro Pro 1000 L \u043e\u0431\u0435\u0441\u043f\u0435\u0447\u0438\u0432\u0430\u0435\u0442 \u043a\u043e\u043c\u0444\u043e\u0440\u0442 \u043f\u0440\u0438 \u0442\u0435\u043c\u043f\u0435\u0440\u0430\u0442\u0443\u0440\u0435 \u0434\u043e -12\u00b0C. \u0418\u0434\u0435\u0430\u043b\u0435\u043d \u0434\u043b\u044f \u043f\u0440\u0438\u043a\u043b\u044e\u0447\u0435\u043d\u0438\u0439 \u043d\u0430 \u043f\u0440\u0438\u0440\u043e\u0434\u0435. \u041b\u0435\u0433\u043a\u0438\u0439, \u043a\u043e\u043c\u043f\u0430\u043a\u0442\u043d\u044b\u0439 \u0438 \u0442\u0435\u043f\u043b\u044b\u0439!\",\"breadcrumb\":{\"@id\":\"https:\\\/\\\/xstyle.md\\\/product\\\/spal-nyj-meshok-deuter-astro-pro-1000-l\\\/#breadcrumb\"},\"inLanguage\":\"ro-RO\",\"potentialAction\":[{\"@type\":\"ReadAction\",\"target\":[\"https:\\\/\\\/xstyle.md\\\/product\\\/spal-nyj-meshok-deuter-astro-pro-1000-l\\\/\"]}]},{\"@type\":\"ImageObject\",\"inLanguage\":\"ro-RO\",\"@id\":\"https:\\\/\\\/xstyle.md\\\/product\\\/spal-nyj-meshok-deuter-astro-pro-1000-l\\\/#primaryimage\",\"url\":\"https:\\\/\\\/xstyle.md\\\/wp-content\\\/uploads\\\/2020\\\/07\\\/deuter-astro-pro-1000-granite-scaled.jpg\",\"contentUrl\":\"https:\\\/\\\/xstyle.md\\\/wp-content\\\/uploads\\\/2020\\\/07\\\/deuter-astro-pro-1000-granite-scaled.jpg\",\"width\":641,\"height\":1920},{\"@type\":\"BreadcrumbList\",\"@id\":\"https:\\\/\\\/xstyle.md\\\/product\\\/spal-nyj-meshok-deuter-astro-pro-1000-l\\\/#breadcrumb\",\"itemListElement\":[{\"@type\":\"ListItem\",\"position\":1,\"name\":\"\u0413\u043b\u0430\u0432\u043d\u0430\u044f \u0441\u0442\u0440\u0430\u043d\u0438\u0446\u0430\",\"item\":\"https:\\\/\\\/xstyle.md\\\/\"},{\"@type\":\"ListItem\",\"position\":2,\"name\":\"\u041c\u0430\u0433\u0430\u0437\u0438\u043d\",\"item\":\"https:\\\/\\\/xstyle.md\\\/shop\\\/\"},{\"@type\":\"ListItem\",\"position\":3,\"name\":\"\u0421\u043f\u0430\u043b\u044c\u043d\u044b\u0439 \u043c\u0435\u0448\u043e\u043a Deuter Astro Pro 1000 L\"}]},{\"@type\":\"WebSite\",\"@id\":\"https:\\\/\\\/xstyle.md\\\/#website\",\"url\":\"https:\\\/\\\/xstyle.md\\\/\",\"name\":\"\u041c\u0430\u0433\u0430\u0437\u0438\u043d Xstyle\",\"description\":\"C\u043d\u0430\u0440\u044f\u0436\u0435\u043d\u0438\u0435 \u0434\u043b\u044f \u0442\u0443\u0440\u0438\u0437\u043c\u0430 \u0438 \u044d\u043a\u0441\u0442\u0440\u0435\u043c\u0430\u043b\u044c\u043d\u044b\u0445 \u0432\u0438\u0434\u043e\u0432 \u0441\u043f\u043e\u0440\u0442\u0430 \u0432 \u041c\u043e\u043b\u0434\u043e\u0432\u0435.. \u0426\u0435\u043d\u044b, \u0444\u043e\u0442\u043e, \u0445\u0430\u0440\u0430\u043a\u0442\u0435\u0440\u0438\u0441\u0442\u0438\u043a\u0438 \u0432 \u041c\u043e\u043b\u0434\u043e\u0432\u0435.\",\"publisher\":{\"@id\":\"https:\\\/\\\/xstyle.md\\\/#organization\"},\"alternateName\":\"X-Style\",\"potentialAction\":[{\"@type\":\"SearchAction\",\"target\":{\"@type\":\"EntryPoint\",\"urlTemplate\":\"https:\\\/\\\/xstyle.md\\\/?s={search_term_string}\"},\"query-input\":{\"@type\":\"PropertyValueSpecification\",\"valueRequired\":true,\"valueName\":\"search_term_string\"}}],\"inLanguage\":\"ro-RO\"},{\"@type\":\"Organization\",\"@id\":\"https:\\\/\\\/xstyle.md\\\/#organization\",\"name\":\"\u041c\u0430\u0433\u0430\u0437\u0438\u043d Xstyle\",\"alternateName\":\"x-style\",\"url\":\"https:\\\/\\\/xstyle.md\\\/\",\"logo\":{\"@type\":\"ImageObject\",\"inLanguage\":\"ro-RO\",\"@id\":\"https:\\\/\\\/xstyle.md\\\/#\\\/schema\\\/logo\\\/image\\\/\",\"url\":\"https:\\\/\\\/xstyle.md\\\/wp-content\\\/uploads\\\/2020\\\/06\\\/logoicon.svg\",\"contentUrl\":\"https:\\\/\\\/xstyle.md\\\/wp-content\\\/uploads\\\/2020\\\/06\\\/logoicon.svg\",\"caption\":\"\u041c\u0430\u0433\u0430\u0437\u0438\u043d Xstyle\"},\"image\":{\"@id\":\"https:\\\/\\\/xstyle.md\\\/#\\\/schema\\\/logo\\\/image\\\/\"},\"sameAs\":[\"https:\\\/\\\/www.facebook.com\\\/xstylemd\",\"https:\\\/\\\/www.instagram.com\\\/xstyle_md\\\/\",\"https:\\\/\\\/t.me\\\/xstyle_outdoor\"],\"hasMerchantReturnPolicy\":{\"@type\":\"MerchantReturnPolicy\",\"merchantReturnLink\":\"https:\\\/\\\/xstyle.md\\\/ro\\\/conditions\\\/\"}}]}<\/script>\n<meta property=\"product:price:amount\" content=\"11900.00\" \/>\n<meta property=\"product:price:currency\" content=\"MDL\" \/>\n<meta property=\"og:availability\" content=\"instock\" \/>\n<meta property=\"product:availability\" content=\"instock\" \/>\n<meta property=\"product:retailer_item_id\" content=\"4046051121567\" \/>\n<meta property=\"product:condition\" content=\"new\" \/>\n<!-- \/ Yoast SEO plugin. -->","yoast_head_json":{"title":"Sac de dormit Deuter Astro Pro 1000 L - Magazin Xstyle","description":"Sacul de dormit Deuter Astro Pro 1000 L ofer\u0103 confort la temperaturi de p\u00e2n\u0103 la -12\u00b0C. Ideal pentru aventuri \u00een natur\u0103. U\u0219or, compact \u0219i c\u0103lduros!","robots":{"index":"index","follow":"follow","max-snippet":"max-snippet:-1","max-image-preview":"max-image-preview:large","max-video-preview":"max-video-preview:-1"},"canonical":"https:\/\/xstyle.md\/ro\/produs\/spal-nyj-meshok-deuter-astro-pro-1000-l\/","og_locale":"ro_RO","og_type":"article","og_title":"\u0421\u043f\u0430\u043b\u044c\u043d\u044b\u0439 \u043c\u0435\u0448\u043e\u043a Deuter Astro Pro 1000 L - \u041c\u0430\u0433\u0430\u0437\u0438\u043d Xstyle","og_description":"\u0421\u043f\u0430\u043b\u044c\u043d\u044b\u0439 \u043c\u0435\u0448\u043e\u043a Deuter Astro Pro 1000 L \u043e\u0431\u0435\u0441\u043f\u0435\u0447\u0438\u0432\u0430\u0435\u0442 \u043a\u043e\u043c\u0444\u043e\u0440\u0442 \u043f\u0440\u0438 \u0442\u0435\u043c\u043f\u0435\u0440\u0430\u0442\u0443\u0440\u0435 \u0434\u043e -12\u00b0C. \u0418\u0434\u0435\u0430\u043b\u0435\u043d \u0434\u043b\u044f \u043f\u0440\u0438\u043a\u043b\u044e\u0447\u0435\u043d\u0438\u0439 \u043d\u0430 \u043f\u0440\u0438\u0440\u043e\u0434\u0435. \u041b\u0435\u0433\u043a\u0438\u0439, \u043a\u043e\u043c\u043f\u0430\u043a\u0442\u043d\u044b\u0439 \u0438 \u0442\u0435\u043f\u043b\u044b\u0439!","og_url":"https:\/\/xstyle.md\/ro\/produs\/spal-nyj-meshok-deuter-astro-pro-1000-l\/","og_site_name":"\u041c\u0430\u0433\u0430\u0437\u0438\u043d Xstyle","article_publisher":"https:\/\/www.facebook.com\/xstylemd","article_modified_time":"2026-03-19T13:38:04+00:00","og_image":[{"width":641,"height":1920,"url":"https:\/\/xstyle.md\/wp-content\/uploads\/2020\/07\/deuter-astro-pro-1000-granite-scaled.jpg","type":"image\/jpeg"}],"twitter_card":"summary_large_image","twitter_misc":{"Pre\u021b":"11.900&nbsp;MDL","Disponibilitate":"\u00cen stoc"},"schema":{"@context":"https:\/\/schema.org","@graph":[{"@type":"WebPage","@id":"https:\/\/xstyle.md\/product\/spal-nyj-meshok-deuter-astro-pro-1000-l\/","url":"https:\/\/xstyle.md\/product\/spal-nyj-meshok-deuter-astro-pro-1000-l\/","name":"Sac de dormit Deuter Astro Pro 1000 L - Magazin Xstyle","isPartOf":{"@id":"https:\/\/xstyle.md\/#website"},"primaryImageOfPage":{"@id":"https:\/\/xstyle.md\/product\/spal-nyj-meshok-deuter-astro-pro-1000-l\/#primaryimage"},"image":{"@id":"https:\/\/xstyle.md\/product\/spal-nyj-meshok-deuter-astro-pro-1000-l\/#primaryimage"},"thumbnailUrl":"https:\/\/xstyle.md\/wp-content\/uploads\/2020\/07\/deuter-astro-pro-1000-granite-scaled.jpg","datePublished":"2020-07-17T16:26:54+00:00","dateModified":"2026-03-19T13:38:04+00:00","description":"Sacul de dormit Deuter Astro Pro 1000 L ofer\u0103 confort la temperaturi de p\u00e2n\u0103 la -12\u00b0C. Ideal pentru aventuri \u00een natur\u0103. U\u0219or, compact \u0219i c\u0103lduros!","breadcrumb":{"@id":"https:\/\/xstyle.md\/product\/spal-nyj-meshok-deuter-astro-pro-1000-l\/#breadcrumb"},"inLanguage":"ro-RO","potentialAction":[{"@type":"ReadAction","target":["https:\/\/xstyle.md\/product\/spal-nyj-meshok-deuter-astro-pro-1000-l\/"]}]},{"@type":"ImageObject","inLanguage":"ro-RO","@id":"https:\/\/xstyle.md\/product\/spal-nyj-meshok-deuter-astro-pro-1000-l\/#primaryimage","url":"https:\/\/xstyle.md\/wp-content\/uploads\/2020\/07\/deuter-astro-pro-1000-granite-scaled.jpg","contentUrl":"https:\/\/xstyle.md\/wp-content\/uploads\/2020\/07\/deuter-astro-pro-1000-granite-scaled.jpg","width":641,"height":1920},{"@type":"BreadcrumbList","@id":"https:\/\/xstyle.md\/product\/spal-nyj-meshok-deuter-astro-pro-1000-l\/#breadcrumb","itemListElement":[{"@type":"ListItem","position":1,"name":"\u0413\u043b\u0430\u0432\u043d\u0430\u044f \u0441\u0442\u0440\u0430\u043d\u0438\u0446\u0430","item":"https:\/\/xstyle.md\/"},{"@type":"ListItem","position":2,"name":"\u041c\u0430\u0433\u0430\u0437\u0438\u043d","item":"https:\/\/xstyle.md\/shop\/"},{"@type":"ListItem","position":3,"name":"\u0421\u043f\u0430\u043b\u044c\u043d\u044b\u0439 \u043c\u0435\u0448\u043e\u043a Deuter Astro Pro 1000 L"}]},{"@type":"WebSite","@id":"https:\/\/xstyle.md\/#website","url":"https:\/\/xstyle.md\/","name":"Magazinul X-Style","description":"Echipamente pentru turism \u0219i sporturi extreme \u00een Moldova. Pre\u021buri, fotografii, caracteristici \u00een Moldova.","publisher":{"@id":"https:\/\/xstyle.md\/#organization"},"alternateName":"X-Style","potentialAction":[{"@type":"SearchAction","target":{"@type":"EntryPoint","urlTemplate":"https:\/\/xstyle.md\/?s={search_term_string}"},"query-input":{"@type":"PropertyValueSpecification","valueRequired":true,"valueName":"search_term_string"}}],"inLanguage":"ro-RO"},{"@type":"Organization","@id":"https:\/\/xstyle.md\/#organization","name":"Magazinul X-Style","alternateName":"x-style","url":"https:\/\/xstyle.md\/","logo":{"@type":"ImageObject","inLanguage":"ro-RO","@id":"https:\/\/xstyle.md\/#\/schema\/logo\/image\/","url":"https:\/\/xstyle.md\/wp-content\/uploads\/2020\/06\/logoicon.svg","contentUrl":"https:\/\/xstyle.md\/wp-content\/uploads\/2020\/06\/logoicon.svg","caption":"\u041c\u0430\u0433\u0430\u0437\u0438\u043d Xstyle"},"image":{"@id":"https:\/\/xstyle.md\/#\/schema\/logo\/image\/"},"sameAs":["https:\/\/www.facebook.com\/xstylemd","https:\/\/www.instagram.com\/xstyle_md\/","https:\/\/t.me\/xstyle_outdoor"],"hasMerchantReturnPolicy":{"@type":"MerchantReturnPolicy","merchantReturnLink":"https:\/\/xstyle.md\/ro\/conditions\/"}}]},"product_price_amount":"11900.00","product_price_currency":"MDL","og_availability":"instock","product_availability":"instock","product_retailer_item_id":"4046051121567","product_condition":"new"},"_links":{"self":[{"href":"https:\/\/xstyle.md\/ro\/wp-json\/wp\/v2\/product\/18762","targetHints":{"allow":["GET"]}}],"collection":[{"href":"https:\/\/xstyle.md\/ro\/wp-json\/wp\/v2\/product"}],"about":[{"href":"https:\/\/xstyle.md\/ro\/wp-json\/wp\/v2\/types\/product"}],"replies":[{"embeddable":true,"href":"https:\/\/xstyle.md\/ro\/wp-json\/wp\/v2\/comments?post=18762"}],"wp:featuredmedia":[{"embeddable":true,"href":"https:\/\/xstyle.md\/ro\/wp-json\/wp\/v2\/media\/18758"}],"wp:attachment":[{"href":"https:\/\/xstyle.md\/ro\/wp-json\/wp\/v2\/media?parent=18762"}],"wp:term":[{"taxonomy":"product_brand","embeddable":true,"href":"https:\/\/xstyle.md\/ro\/wp-json\/wp\/v2\/product_brand?post=18762"},{"taxonomy":"product_cat","embeddable":true,"href":"https:\/\/xstyle.md\/ro\/wp-json\/wp\/v2\/product_cat?post=18762"},{"taxonomy":"product_tag","embeddable":true,"href":"https:\/\/xstyle.md\/ro\/wp-json\/wp\/v2\/product_tag?post=18762"}],"curies":[{"name":"wp","href":"https:\/\/api.w.org\/{rel}","templated":true}]}}