{"id":18576,"date":"2020-07-17T19:14:58","date_gmt":"2020-07-17T16:14:58","guid":{"rendered":"https:\/\/xstyle.md\/product\/neoprenovaja-majka-omer-undersuit-m-bardi-2-mm"},"modified":"2024-10-21T09:37:15","modified_gmt":"2024-10-21T06:37:15","slug":"neoprenovaja-majka-omer-undersuit-m-bardi-2-mm","status":"publish","type":"product","link":"https:\/\/xstyle.md\/ro\/produs\/neoprenovaja-majka-omer-undersuit-m-bardi-2-mm\/","title":{"rendered":"Vest\u0103 neopren Omer Undersuit M.Bardi 2 mm"},"content":{"rendered":"<\/p>\n<p><strong>Vest\u0103 neopren Omer Undersuit M.Bardi 2 mm\u00a0&#8212;\u00a0<\/strong>fabricat\u0103 din neopren elastic. Acesta poate fi purtat sub un costum de neopren \u0219i ofer\u0103 protec\u021bie termic\u0103.<\/p>\n<h3>Particularit\u0103\u021bi<\/h3>\n<ul>\n<li>Este utilizat ca \u00eembr\u0103c\u0103minte de corp sub un costum de neopren<\/li>\n<li>Scopul principal este de a cre\u0219te protec\u021bia termic\u0103<\/li>\n<li>Poate fi folosit ca costum de neopren de var\u0103<\/li>\n<\/ul>\n<h3>Caracteristici<\/h3>\n<ul>\n<li>Material &#8212; neopren<\/li>\n<li>Grosime &#8212; 2 mm<\/li>\n<\/ul>\n<h3>Marca<\/h3>\n<p>Omer este unul dintre cei mai mari produc\u0103tori mondiali de echipamente pentru pescuit subacvatic \u0219i freediving. Compania a fost \u00eenfiin\u021bat\u0103 \u00een anii 1970 \u00een Sovino (Italia, regiunea Lombardia). De-a lungul anilor de munc\u0103 fructuoas\u0103 a reu\u0219it s\u0103 ating\u0103 pozi\u021biile de lider \u00een Europa \u0219i s\u0103 c\u00e2\u0219tige reputa\u021bia unui produc\u0103tor de \u00eencredere \u00een \u00eentreaga lume. Gama Omer include sute de produse de calitate, inclusiv costume de neopren, pistoale subacvatice, harpoane \u0219i alte echipamente.<\/p>\n<p><\/p>","protected":false},"excerpt":{"rendered":"<p>Vest\u0103 neopren Omer Undersuit M.Bardi 2 mm<\/p>","protected":false},"featured_media":18575,"comment_status":"open","ping_status":"closed","template":"","meta":{"_acf_changed":false,"inline_featured_image":false},"product_brand":[1316],"product_cat":[180],"product_tag":[],"class_list":{"0":"post-18576","1":"product","2":"type-product","3":"status-publish","4":"has-post-thumbnail","6":"product_brand-omer","7":"product_cat-neoprene-suits-and-accessories","9":"first","10":"instock","11":"shipping-taxable","12":"purchasable","13":"product-type-simple"},"acf":[],"yoast_head":"<!-- This site is optimized with the Yoast SEO plugin v27.2 - https:\/\/yoast.com\/product\/yoast-seo-wordpress\/ -->\n<title>\u041d\u0435\u043e\u043f\u0440\u0435\u043d\u043e\u0432\u0430\u044f \u043c\u0430\u0439\u043a\u0430 Omer Undersuit M.Bardi 2 mm - \u041c\u0430\u0433\u0430\u0437\u0438\u043d Xstyle<\/title>\n<meta name=\"description\" content=\"\u041d\u0435\u043e\u043f\u0440\u0435\u043d\u043e\u0432\u0430\u044f \u043c\u0430\u0439\u043a\u0430 Omer Undersuit M.Bardi 2 \u043c\u043c \u043e\u0431\u0435\u0441\u043f\u0435\u0447\u0438\u0432\u0430\u0435\u0442 \u043e\u0442\u043b\u0438\u0447\u043d\u0443\u044e \u0442\u0435\u0440\u043c\u043e\u0440\u0435\u0433\u0443\u043b\u044f\u0446\u0438\u044e \u0438 \u0437\u0430\u0449\u0438\u0442\u0443 \u043f\u043e\u0434 \u0432\u043e\u0434\u043e\u043b\u0430\u0437\u043d\u044b\u043c \u043a\u043e\u0441\u0442\u044e\u043c\u043e\u043c. \u0418\u0434\u0435\u0430\u043b\u044c\u043d\u0430 \u0434\u043b\u044f \u043b\u0435\u0442\u043d\u0435\u0433\u043e \u0438\u0441\u043f\u043e\u043b\u044c\u0437\u043e\u0432\u0430\u043d\u0438\u044f.\" \/>\n<meta name=\"robots\" content=\"index, follow, max-snippet:-1, max-image-preview:large, max-video-preview:-1\" \/>\n<link rel=\"canonical\" href=\"https:\/\/xstyle.md\/ro\/produs\/neoprenovaja-majka-omer-undersuit-m-bardi-2-mm\/\" \/>\n<meta property=\"og:locale\" content=\"ro_RO\" \/>\n<meta property=\"og:type\" content=\"article\" \/>\n<meta property=\"og:title\" content=\"\u041d\u0435\u043e\u043f\u0440\u0435\u043d\u043e\u0432\u0430\u044f \u043c\u0430\u0439\u043a\u0430 Omer Undersuit M.Bardi 2 mm - \u041c\u0430\u0433\u0430\u0437\u0438\u043d Xstyle\" \/>\n<meta property=\"og:description\" content=\"\u041d\u0435\u043e\u043f\u0440\u0435\u043d\u043e\u0432\u0430\u044f \u043c\u0430\u0439\u043a\u0430 Omer Undersuit M.Bardi 2 \u043c\u043c \u043e\u0431\u0435\u0441\u043f\u0435\u0447\u0438\u0432\u0430\u0435\u0442 \u043e\u0442\u043b\u0438\u0447\u043d\u0443\u044e \u0442\u0435\u0440\u043c\u043e\u0440\u0435\u0433\u0443\u043b\u044f\u0446\u0438\u044e \u0438 \u0437\u0430\u0449\u0438\u0442\u0443 \u043f\u043e\u0434 \u0432\u043e\u0434\u043e\u043b\u0430\u0437\u043d\u044b\u043c \u043a\u043e\u0441\u0442\u044e\u043c\u043e\u043c. \u0418\u0434\u0435\u0430\u043b\u044c\u043d\u0430 \u0434\u043b\u044f \u043b\u0435\u0442\u043d\u0435\u0433\u043e \u0438\u0441\u043f\u043e\u043b\u044c\u0437\u043e\u0432\u0430\u043d\u0438\u044f.\" \/>\n<meta property=\"og:url\" content=\"https:\/\/xstyle.md\/ro\/produs\/neoprenovaja-majka-omer-undersuit-m-bardi-2-mm\/\" \/>\n<meta property=\"og:site_name\" content=\"\u041c\u0430\u0433\u0430\u0437\u0438\u043d Xstyle\" \/>\n<meta property=\"article:publisher\" content=\"https:\/\/www.facebook.com\/xstylemd\" \/>\n<meta property=\"article:modified_time\" content=\"2024-10-21T06:37:15+00:00\" \/>\n<meta property=\"og:image\" content=\"https:\/\/xstyle.md\/wp-content\/uploads\/2020\/07\/39879114_w640_h640_bardi_wetsuit_3_mm_na01004_1.jpg\" \/>\n\t<meta property=\"og:image:width\" content=\"600\" \/>\n\t<meta property=\"og:image:height\" content=\"449\" \/>\n\t<meta property=\"og:image:type\" content=\"image\/jpeg\" \/>\n<meta name=\"twitter:card\" content=\"summary_large_image\" \/>\n<meta name=\"twitter:label1\" content=\"Pre\u021b\" \/>\n\t<meta name=\"twitter:data1\" content=\"890&nbsp;MDL\" \/>\n\t<meta name=\"twitter:label2\" content=\"Disponibilitate\" \/>\n\t<meta name=\"twitter:data2\" content=\"\u00cen stoc\" \/>\n<script type=\"application\/ld+json\" class=\"yoast-schema-graph\">{\"@context\":\"https:\/\/schema.org\",\"@graph\":[{\"@type\":\"WebPage\",\"@id\":\"https:\/\/xstyle.md\/product\/neoprenovaja-majka-omer-undersuit-m-bardi-2-mm\/\",\"url\":\"https:\/\/xstyle.md\/product\/neoprenovaja-majka-omer-undersuit-m-bardi-2-mm\/\",\"name\":\"\u041d\u0435\u043e\u043f\u0440\u0435\u043d\u043e\u0432\u0430\u044f \u043c\u0430\u0439\u043a\u0430 Omer Undersuit M.Bardi 2 mm - \u041c\u0430\u0433\u0430\u0437\u0438\u043d Xstyle\",\"isPartOf\":{\"@id\":\"https:\/\/xstyle.md\/#website\"},\"primaryImageOfPage\":{\"@id\":\"https:\/\/xstyle.md\/product\/neoprenovaja-majka-omer-undersuit-m-bardi-2-mm\/#primaryimage\"},\"image\":{\"@id\":\"https:\/\/xstyle.md\/product\/neoprenovaja-majka-omer-undersuit-m-bardi-2-mm\/#primaryimage\"},\"thumbnailUrl\":\"https:\/\/xstyle.md\/wp-content\/uploads\/2020\/07\/39879114_w640_h640_bardi_wetsuit_3_mm_na01004_1.jpg\",\"datePublished\":\"2020-07-17T16:14:58+00:00\",\"dateModified\":\"2024-10-21T06:37:15+00:00\",\"description\":\"\u041d\u0435\u043e\u043f\u0440\u0435\u043d\u043e\u0432\u0430\u044f \u043c\u0430\u0439\u043a\u0430 Omer Undersuit M.Bardi 2 \u043c\u043c \u043e\u0431\u0435\u0441\u043f\u0435\u0447\u0438\u0432\u0430\u0435\u0442 \u043e\u0442\u043b\u0438\u0447\u043d\u0443\u044e \u0442\u0435\u0440\u043c\u043e\u0440\u0435\u0433\u0443\u043b\u044f\u0446\u0438\u044e \u0438 \u0437\u0430\u0449\u0438\u0442\u0443 \u043f\u043e\u0434 \u0432\u043e\u0434\u043e\u043b\u0430\u0437\u043d\u044b\u043c \u043a\u043e\u0441\u0442\u044e\u043c\u043e\u043c. \u0418\u0434\u0435\u0430\u043b\u044c\u043d\u0430 \u0434\u043b\u044f \u043b\u0435\u0442\u043d\u0435\u0433\u043e \u0438\u0441\u043f\u043e\u043b\u044c\u0437\u043e\u0432\u0430\u043d\u0438\u044f.\",\"breadcrumb\":{\"@id\":\"https:\/\/xstyle.md\/product\/neoprenovaja-majka-omer-undersuit-m-bardi-2-mm\/#breadcrumb\"},\"inLanguage\":\"ro-RO\",\"potentialAction\":[{\"@type\":\"ReadAction\",\"target\":[\"https:\/\/xstyle.md\/product\/neoprenovaja-majka-omer-undersuit-m-bardi-2-mm\/\"]}]},{\"@type\":\"ImageObject\",\"inLanguage\":\"ro-RO\",\"@id\":\"https:\/\/xstyle.md\/product\/neoprenovaja-majka-omer-undersuit-m-bardi-2-mm\/#primaryimage\",\"url\":\"https:\/\/xstyle.md\/wp-content\/uploads\/2020\/07\/39879114_w640_h640_bardi_wetsuit_3_mm_na01004_1.jpg\",\"contentUrl\":\"https:\/\/xstyle.md\/wp-content\/uploads\/2020\/07\/39879114_w640_h640_bardi_wetsuit_3_mm_na01004_1.jpg\",\"width\":600,\"height\":449},{\"@type\":\"BreadcrumbList\",\"@id\":\"https:\/\/xstyle.md\/product\/neoprenovaja-majka-omer-undersuit-m-bardi-2-mm\/#breadcrumb\",\"itemListElement\":[{\"@type\":\"ListItem\",\"position\":1,\"name\":\"\u0413\u043b\u0430\u0432\u043d\u0430\u044f \u0441\u0442\u0440\u0430\u043d\u0438\u0446\u0430\",\"item\":\"https:\/\/xstyle.md\/\"},{\"@type\":\"ListItem\",\"position\":2,\"name\":\"\u041c\u0430\u0433\u0430\u0437\u0438\u043d\",\"item\":\"https:\/\/xstyle.md\/shop\/\"},{\"@type\":\"ListItem\",\"position\":3,\"name\":\"\u041d\u0435\u043e\u043f\u0440\u0435\u043d\u043e\u0432\u0430\u044f \u043c\u0430\u0439\u043a\u0430 Omer Undersuit M.Bardi 2 mm\"}]},{\"@type\":\"WebSite\",\"@id\":\"https:\/\/xstyle.md\/#website\",\"url\":\"https:\/\/xstyle.md\/\",\"name\":\"\u041c\u0430\u0433\u0430\u0437\u0438\u043d Xstyle\",\"description\":\"C\u043d\u0430\u0440\u044f\u0436\u0435\u043d\u0438\u0435 \u0434\u043b\u044f \u0442\u0443\u0440\u0438\u0437\u043c\u0430 \u0438 \u044d\u043a\u0441\u0442\u0440\u0435\u043c\u0430\u043b\u044c\u043d\u044b\u0445 \u0432\u0438\u0434\u043e\u0432 \u0441\u043f\u043e\u0440\u0442\u0430 \u0432 \u041c\u043e\u043b\u0434\u043e\u0432\u0435.. \u0426\u0435\u043d\u044b, \u0444\u043e\u0442\u043e, \u0445\u0430\u0440\u0430\u043a\u0442\u0435\u0440\u0438\u0441\u0442\u0438\u043a\u0438 \u0432 \u041c\u043e\u043b\u0434\u043e\u0432\u0435.\",\"publisher\":{\"@id\":\"https:\/\/xstyle.md\/#organization\"},\"alternateName\":\"X-Style\",\"potentialAction\":[{\"@type\":\"SearchAction\",\"target\":{\"@type\":\"EntryPoint\",\"urlTemplate\":\"https:\/\/xstyle.md\/?s={search_term_string}\"},\"query-input\":{\"@type\":\"PropertyValueSpecification\",\"valueRequired\":true,\"valueName\":\"search_term_string\"}}],\"inLanguage\":\"ro-RO\"},{\"@type\":\"Organization\",\"@id\":\"https:\/\/xstyle.md\/#organization\",\"name\":\"\u041c\u0430\u0433\u0430\u0437\u0438\u043d Xstyle\",\"alternateName\":\"x-style\",\"url\":\"https:\/\/xstyle.md\/\",\"logo\":{\"@type\":\"ImageObject\",\"inLanguage\":\"ro-RO\",\"@id\":\"https:\/\/xstyle.md\/#\/schema\/logo\/image\/\",\"url\":\"https:\/\/xstyle.md\/wp-content\/uploads\/2020\/06\/logoicon.svg\",\"contentUrl\":\"https:\/\/xstyle.md\/wp-content\/uploads\/2020\/06\/logoicon.svg\",\"caption\":\"\u041c\u0430\u0433\u0430\u0437\u0438\u043d Xstyle\"},\"image\":{\"@id\":\"https:\/\/xstyle.md\/#\/schema\/logo\/image\/\"},\"sameAs\":[\"https:\/\/www.facebook.com\/xstylemd\",\"https:\/\/www.instagram.com\/xstyle_md\/\",\"https:\/\/t.me\/xstyle_outdoor\"],\"hasMerchantReturnPolicy\":{\"@type\":\"MerchantReturnPolicy\",\"merchantReturnLink\":\"https:\/\/xstyle.md\/ro\/conditions\/\"}}]}<\/script>\n<meta property=\"product:price:amount\" content=\"890.00\" \/>\n<meta property=\"product:price:currency\" content=\"MDL\" \/>\n<meta property=\"og:availability\" content=\"instock\" \/>\n<meta property=\"product:availability\" content=\"instock\" \/>\n<meta property=\"product:retailer_item_id\" content=\"8017736098050\" \/>\n<meta property=\"product:condition\" content=\"new\" \/>\n<!-- \/ Yoast SEO plugin. -->","yoast_head_json":{"title":"Vest\u0103 neopren Omer Undersuit M.Bardi 2 mm - Magazin Xstyle","description":"Tricoul din neopren Omer Undersuit M.Bardi de 2 mm ofer\u0103 o excelent\u0103 termoregulare \u0219i protec\u021bie sub costumul de scufundare. Este ideal pentru utilizarea de var\u0103.","robots":{"index":"index","follow":"follow","max-snippet":"max-snippet:-1","max-image-preview":"max-image-preview:large","max-video-preview":"max-video-preview:-1"},"canonical":"https:\/\/xstyle.md\/ro\/produs\/neoprenovaja-majka-omer-undersuit-m-bardi-2-mm\/","og_locale":"ro_RO","og_type":"article","og_title":"\u041d\u0435\u043e\u043f\u0440\u0435\u043d\u043e\u0432\u0430\u044f \u043c\u0430\u0439\u043a\u0430 Omer Undersuit M.Bardi 2 mm - \u041c\u0430\u0433\u0430\u0437\u0438\u043d Xstyle","og_description":"\u041d\u0435\u043e\u043f\u0440\u0435\u043d\u043e\u0432\u0430\u044f \u043c\u0430\u0439\u043a\u0430 Omer Undersuit M.Bardi 2 \u043c\u043c \u043e\u0431\u0435\u0441\u043f\u0435\u0447\u0438\u0432\u0430\u0435\u0442 \u043e\u0442\u043b\u0438\u0447\u043d\u0443\u044e \u0442\u0435\u0440\u043c\u043e\u0440\u0435\u0433\u0443\u043b\u044f\u0446\u0438\u044e \u0438 \u0437\u0430\u0449\u0438\u0442\u0443 \u043f\u043e\u0434 \u0432\u043e\u0434\u043e\u043b\u0430\u0437\u043d\u044b\u043c \u043a\u043e\u0441\u0442\u044e\u043c\u043e\u043c. \u0418\u0434\u0435\u0430\u043b\u044c\u043d\u0430 \u0434\u043b\u044f \u043b\u0435\u0442\u043d\u0435\u0433\u043e \u0438\u0441\u043f\u043e\u043b\u044c\u0437\u043e\u0432\u0430\u043d\u0438\u044f.","og_url":"https:\/\/xstyle.md\/ro\/produs\/neoprenovaja-majka-omer-undersuit-m-bardi-2-mm\/","og_site_name":"\u041c\u0430\u0433\u0430\u0437\u0438\u043d Xstyle","article_publisher":"https:\/\/www.facebook.com\/xstylemd","article_modified_time":"2024-10-21T06:37:15+00:00","og_image":[{"width":600,"height":449,"url":"https:\/\/xstyle.md\/wp-content\/uploads\/2020\/07\/39879114_w640_h640_bardi_wetsuit_3_mm_na01004_1.jpg","type":"image\/jpeg"}],"twitter_card":"summary_large_image","twitter_misc":{"Pre\u021b":"890&nbsp;MDL","Disponibilitate":"\u00cen stoc"},"schema":{"@context":"https:\/\/schema.org","@graph":[{"@type":"WebPage","@id":"https:\/\/xstyle.md\/product\/neoprenovaja-majka-omer-undersuit-m-bardi-2-mm\/","url":"https:\/\/xstyle.md\/product\/neoprenovaja-majka-omer-undersuit-m-bardi-2-mm\/","name":"Vest\u0103 neopren Omer Undersuit M.Bardi 2 mm - Magazin Xstyle","isPartOf":{"@id":"https:\/\/xstyle.md\/#website"},"primaryImageOfPage":{"@id":"https:\/\/xstyle.md\/product\/neoprenovaja-majka-omer-undersuit-m-bardi-2-mm\/#primaryimage"},"image":{"@id":"https:\/\/xstyle.md\/product\/neoprenovaja-majka-omer-undersuit-m-bardi-2-mm\/#primaryimage"},"thumbnailUrl":"https:\/\/xstyle.md\/wp-content\/uploads\/2020\/07\/39879114_w640_h640_bardi_wetsuit_3_mm_na01004_1.jpg","datePublished":"2020-07-17T16:14:58+00:00","dateModified":"2024-10-21T06:37:15+00:00","description":"Tricoul din neopren Omer Undersuit M.Bardi de 2 mm ofer\u0103 o excelent\u0103 termoregulare \u0219i protec\u021bie sub costumul de scufundare. Este ideal pentru utilizarea de var\u0103.","breadcrumb":{"@id":"https:\/\/xstyle.md\/product\/neoprenovaja-majka-omer-undersuit-m-bardi-2-mm\/#breadcrumb"},"inLanguage":"ro-RO","potentialAction":[{"@type":"ReadAction","target":["https:\/\/xstyle.md\/product\/neoprenovaja-majka-omer-undersuit-m-bardi-2-mm\/"]}]},{"@type":"ImageObject","inLanguage":"ro-RO","@id":"https:\/\/xstyle.md\/product\/neoprenovaja-majka-omer-undersuit-m-bardi-2-mm\/#primaryimage","url":"https:\/\/xstyle.md\/wp-content\/uploads\/2020\/07\/39879114_w640_h640_bardi_wetsuit_3_mm_na01004_1.jpg","contentUrl":"https:\/\/xstyle.md\/wp-content\/uploads\/2020\/07\/39879114_w640_h640_bardi_wetsuit_3_mm_na01004_1.jpg","width":600,"height":449},{"@type":"BreadcrumbList","@id":"https:\/\/xstyle.md\/product\/neoprenovaja-majka-omer-undersuit-m-bardi-2-mm\/#breadcrumb","itemListElement":[{"@type":"ListItem","position":1,"name":"\u0413\u043b\u0430\u0432\u043d\u0430\u044f \u0441\u0442\u0440\u0430\u043d\u0438\u0446\u0430","item":"https:\/\/xstyle.md\/"},{"@type":"ListItem","position":2,"name":"\u041c\u0430\u0433\u0430\u0437\u0438\u043d","item":"https:\/\/xstyle.md\/shop\/"},{"@type":"ListItem","position":3,"name":"\u041d\u0435\u043e\u043f\u0440\u0435\u043d\u043e\u0432\u0430\u044f \u043c\u0430\u0439\u043a\u0430 Omer Undersuit M.Bardi 2 mm"}]},{"@type":"WebSite","@id":"https:\/\/xstyle.md\/#website","url":"https:\/\/xstyle.md\/","name":"Magazinul X-Style","description":"Echipamente pentru turism \u0219i sporturi extreme \u00een Moldova. Pre\u021buri, fotografii, caracteristici \u00een Moldova.","publisher":{"@id":"https:\/\/xstyle.md\/#organization"},"alternateName":"X-Style","potentialAction":[{"@type":"SearchAction","target":{"@type":"EntryPoint","urlTemplate":"https:\/\/xstyle.md\/?s={search_term_string}"},"query-input":{"@type":"PropertyValueSpecification","valueRequired":true,"valueName":"search_term_string"}}],"inLanguage":"ro-RO"},{"@type":"Organization","@id":"https:\/\/xstyle.md\/#organization","name":"Magazinul X-Style","alternateName":"x-style","url":"https:\/\/xstyle.md\/","logo":{"@type":"ImageObject","inLanguage":"ro-RO","@id":"https:\/\/xstyle.md\/#\/schema\/logo\/image\/","url":"https:\/\/xstyle.md\/wp-content\/uploads\/2020\/06\/logoicon.svg","contentUrl":"https:\/\/xstyle.md\/wp-content\/uploads\/2020\/06\/logoicon.svg","caption":"\u041c\u0430\u0433\u0430\u0437\u0438\u043d Xstyle"},"image":{"@id":"https:\/\/xstyle.md\/#\/schema\/logo\/image\/"},"sameAs":["https:\/\/www.facebook.com\/xstylemd","https:\/\/www.instagram.com\/xstyle_md\/","https:\/\/t.me\/xstyle_outdoor"],"hasMerchantReturnPolicy":{"@type":"MerchantReturnPolicy","merchantReturnLink":"https:\/\/xstyle.md\/ro\/conditions\/"}}]},"product_price_amount":"890.00","product_price_currency":"MDL","og_availability":"instock","product_availability":"instock","product_retailer_item_id":"8017736098050","product_condition":"new"},"post_mailing_queue_ids":[],"_links":{"self":[{"href":"https:\/\/xstyle.md\/ro\/wp-json\/wp\/v2\/product\/18576","targetHints":{"allow":["GET"]}}],"collection":[{"href":"https:\/\/xstyle.md\/ro\/wp-json\/wp\/v2\/product"}],"about":[{"href":"https:\/\/xstyle.md\/ro\/wp-json\/wp\/v2\/types\/product"}],"replies":[{"embeddable":true,"href":"https:\/\/xstyle.md\/ro\/wp-json\/wp\/v2\/comments?post=18576"}],"wp:featuredmedia":[{"embeddable":true,"href":"https:\/\/xstyle.md\/ro\/wp-json\/wp\/v2\/media\/18575"}],"wp:attachment":[{"href":"https:\/\/xstyle.md\/ro\/wp-json\/wp\/v2\/media?parent=18576"}],"wp:term":[{"taxonomy":"product_brand","embeddable":true,"href":"https:\/\/xstyle.md\/ro\/wp-json\/wp\/v2\/product_brand?post=18576"},{"taxonomy":"product_cat","embeddable":true,"href":"https:\/\/xstyle.md\/ro\/wp-json\/wp\/v2\/product_cat?post=18576"},{"taxonomy":"product_tag","embeddable":true,"href":"https:\/\/xstyle.md\/ro\/wp-json\/wp\/v2\/product_tag?post=18576"}],"curies":[{"name":"wp","href":"https:\/\/api.w.org\/{rel}","templated":true}]}}