{"id":18555,"date":"2020-07-17T19:14:09","date_gmt":"2020-07-17T16:14:09","guid":{"rendered":"https:\/\/xstyle.md\/product\/garpun-iz-nerzhavejuschej-stali-6-5-mm-h-135-cm-omer-31035"},"modified":"2025-10-24T12:57:06","modified_gmt":"2025-10-24T09:57:06","slug":"garpun-iz-nerzhavejuschej-stali-6-5-mm-h-135-cm-omer-31035","status":"publish","type":"product","link":"https:\/\/xstyle.md\/ro\/produs\/garpun-iz-nerzhavejuschej-stali-6-5-mm-h-135-cm-omer-31035\/","title":{"rendered":"Harpon din o\u021bel inoxidabil 6,5 mm x 135 cm Omer (31035)"},"content":{"rendered":"<\/p>\n<p><strong>S\u0103geat\u0103 harpon inox 6,5 mm \u0445 135 cm Omer (31035)\u00a0&#8212;\u00a0<\/strong>din o\u021bel inoxidabil de \u00eenalt\u0103 calitate, cu cap\u0103t ascu\u021bit \u0219i un stegule\u021b \u00eencorporat de 74 mm lungime. Ascu\u021birea \u00een form\u0103 conic\u0103 marca Omer.<\/p>\n<p><strong>Caracteristici:<\/strong><\/p>\n<ul>\n<li>Potrivit pentru prada mic\u0103 \u0219i medie &#8212; o petal\u0103 lung\u0103 re\u021bine pe\u0219tele dup\u0103 o \u00eenfr\u00e2ngere reu\u0219it\u0103.<\/li>\n<li>Nu se supune coroziunii \u0219i deform\u0103rilor mecanice.<\/li>\n<li>Potrivit pentru arbalete cu lungimea de 100 centimetri, cum ar fi Omer Cayman Carbon 105 cm, Omer Cayman Sport 105 cm, Omer Cayman 2000 105 cm.<\/li>\n<li>Lungime 135 cm<\/li>\n<li>Material: din o\u021bel inoxidabil<\/li>\n<\/ul>\n<p><\/p>","protected":false},"excerpt":{"rendered":"<p>Harpon din o\u021bel inoxidabil 6,5 mm x 135 cm Omer (31035)<\/p>","protected":false},"featured_media":18554,"comment_status":"open","ping_status":"closed","template":"","meta":{"_acf_changed":false,"inline_featured_image":false},"product_brand":[1316],"product_cat":[464],"product_tag":[],"class_list":{"0":"post-18555","1":"product","2":"type-product","3":"status-publish","4":"has-post-thumbnail","6":"product_brand-omer","7":"product_cat-underwater-guns","9":"first","10":"instock","11":"shipping-taxable","12":"purchasable","13":"product-type-simple"},"acf":[],"yoast_head":"<!-- This site is optimized with the Yoast SEO plugin v27.2 - https:\/\/yoast.com\/product\/yoast-seo-wordpress\/ -->\n<title>\u0413\u0430\u0440\u043f\u0443\u043d \u0438\u0437 \u043d\u0435\u0440\u0436\u0430\u0432\u0435\u044e\u0449\u0435\u0439 \u0441\u0442\u0430\u043b\u0438 6,5 mm \u0445 135 cm Omer (31035) - \u041c\u0430\u0433\u0430\u0437\u0438\u043d Xstyle<\/title>\n<meta name=\"description\" content=\"\u0413\u0430\u0440\u043f\u0443\u043d Omer 31035 \u0438\u0437 \u043d\u0435\u0440\u0436\u0430\u0432\u0435\u044e\u0449\u0435\u0439 \u0441\u0442\u0430\u043b\u0438 6,5 \u043c\u043c \u0445 135 \u0441\u043c \u0438\u0434\u0435\u0430\u043b\u044c\u043d\u043e \u043f\u043e\u0434\u0445\u043e\u0434\u0438\u0442 \u0434\u043b\u044f \u043e\u0445\u043e\u0442\u044b \u043d\u0430 \u0440\u044b\u0431\u0443. \u041a\u0430\u0447\u0435\u0441\u0442\u0432\u0435\u043d\u043d\u043e\u0435 \u043b\u0435\u0437\u0432\u0438\u0435, \u0443\u0441\u0442\u043e\u0439\u0447\u0438\u0432 \u043a \u043a\u043e\u0440\u0440\u043e\u0437\u0438\u0438. \u0417\u0430\u043a\u0430\u0436\u0438\u0442\u0435 \u0441\u0435\u0439\u0447\u0430\u0441!\" \/>\n<meta name=\"robots\" content=\"index, follow, max-snippet:-1, max-image-preview:large, max-video-preview:-1\" \/>\n<link rel=\"canonical\" href=\"https:\/\/xstyle.md\/ro\/produs\/garpun-iz-nerzhavejuschej-stali-6-5-mm-h-135-cm-omer-31035\/\" \/>\n<meta property=\"og:locale\" content=\"ro_RO\" \/>\n<meta property=\"og:type\" content=\"article\" \/>\n<meta property=\"og:title\" content=\"\u0413\u0430\u0440\u043f\u0443\u043d \u0438\u0437 \u043d\u0435\u0440\u0436\u0430\u0432\u0435\u044e\u0449\u0435\u0439 \u0441\u0442\u0430\u043b\u0438 6,5 mm \u0445 135 cm Omer (31035) - \u041c\u0430\u0433\u0430\u0437\u0438\u043d Xstyle\" \/>\n<meta property=\"og:description\" content=\"\u0413\u0430\u0440\u043f\u0443\u043d Omer 31035 \u0438\u0437 \u043d\u0435\u0440\u0436\u0430\u0432\u0435\u044e\u0449\u0435\u0439 \u0441\u0442\u0430\u043b\u0438 6,5 \u043c\u043c \u0445 135 \u0441\u043c \u0438\u0434\u0435\u0430\u043b\u044c\u043d\u043e \u043f\u043e\u0434\u0445\u043e\u0434\u0438\u0442 \u0434\u043b\u044f \u043e\u0445\u043e\u0442\u044b \u043d\u0430 \u0440\u044b\u0431\u0443. \u041a\u0430\u0447\u0435\u0441\u0442\u0432\u0435\u043d\u043d\u043e\u0435 \u043b\u0435\u0437\u0432\u0438\u0435, \u0443\u0441\u0442\u043e\u0439\u0447\u0438\u0432 \u043a \u043a\u043e\u0440\u0440\u043e\u0437\u0438\u0438. \u0417\u0430\u043a\u0430\u0436\u0438\u0442\u0435 \u0441\u0435\u0439\u0447\u0430\u0441!\" \/>\n<meta property=\"og:url\" content=\"https:\/\/xstyle.md\/ro\/produs\/garpun-iz-nerzhavejuschej-stali-6-5-mm-h-135-cm-omer-31035\/\" \/>\n<meta property=\"og:site_name\" content=\"\u041c\u0430\u0433\u0430\u0437\u0438\u043d Xstyle\" \/>\n<meta property=\"article:publisher\" content=\"https:\/\/www.facebook.com\/xstylemd\" \/>\n<meta property=\"article:modified_time\" content=\"2025-10-24T09:57:06+00:00\" \/>\n<meta property=\"og:image\" content=\"https:\/\/xstyle.md\/wp-content\/uploads\/2020\/07\/garpun-iz-nerzhaveyushchey-stali-6_5-mm-kh-135-cm-omer-_31035_.jpeg\" \/>\n\t<meta property=\"og:image:width\" content=\"463\" \/>\n\t<meta property=\"og:image:height\" content=\"120\" \/>\n\t<meta property=\"og:image:type\" content=\"image\/jpeg\" \/>\n<meta name=\"twitter:card\" content=\"summary_large_image\" \/>\n<meta name=\"twitter:label1\" content=\"Pre\u021b\" \/>\n\t<meta name=\"twitter:data1\" content=\"700&nbsp;MDL\" \/>\n\t<meta name=\"twitter:label2\" content=\"Disponibilitate\" \/>\n\t<meta name=\"twitter:data2\" content=\"\u00cen stoc\" \/>\n<script type=\"application\/ld+json\" class=\"yoast-schema-graph\">{\"@context\":\"https:\/\/schema.org\",\"@graph\":[{\"@type\":\"WebPage\",\"@id\":\"https:\/\/xstyle.md\/product\/garpun-iz-nerzhavejuschej-stali-6-5-mm-h-135-cm-omer-31035\/\",\"url\":\"https:\/\/xstyle.md\/product\/garpun-iz-nerzhavejuschej-stali-6-5-mm-h-135-cm-omer-31035\/\",\"name\":\"\u0413\u0430\u0440\u043f\u0443\u043d \u0438\u0437 \u043d\u0435\u0440\u0436\u0430\u0432\u0435\u044e\u0449\u0435\u0439 \u0441\u0442\u0430\u043b\u0438 6,5 mm \u0445 135 cm Omer (31035) - \u041c\u0430\u0433\u0430\u0437\u0438\u043d Xstyle\",\"isPartOf\":{\"@id\":\"https:\/\/xstyle.md\/#website\"},\"primaryImageOfPage\":{\"@id\":\"https:\/\/xstyle.md\/product\/garpun-iz-nerzhavejuschej-stali-6-5-mm-h-135-cm-omer-31035\/#primaryimage\"},\"image\":{\"@id\":\"https:\/\/xstyle.md\/product\/garpun-iz-nerzhavejuschej-stali-6-5-mm-h-135-cm-omer-31035\/#primaryimage\"},\"thumbnailUrl\":\"https:\/\/xstyle.md\/wp-content\/uploads\/2020\/07\/garpun-iz-nerzhaveyushchey-stali-6_5-mm-kh-135-cm-omer-_31035_.jpeg\",\"datePublished\":\"2020-07-17T16:14:09+00:00\",\"dateModified\":\"2025-10-24T09:57:06+00:00\",\"description\":\"\u0413\u0430\u0440\u043f\u0443\u043d Omer 31035 \u0438\u0437 \u043d\u0435\u0440\u0436\u0430\u0432\u0435\u044e\u0449\u0435\u0439 \u0441\u0442\u0430\u043b\u0438 6,5 \u043c\u043c \u0445 135 \u0441\u043c \u0438\u0434\u0435\u0430\u043b\u044c\u043d\u043e \u043f\u043e\u0434\u0445\u043e\u0434\u0438\u0442 \u0434\u043b\u044f \u043e\u0445\u043e\u0442\u044b \u043d\u0430 \u0440\u044b\u0431\u0443. \u041a\u0430\u0447\u0435\u0441\u0442\u0432\u0435\u043d\u043d\u043e\u0435 \u043b\u0435\u0437\u0432\u0438\u0435, \u0443\u0441\u0442\u043e\u0439\u0447\u0438\u0432 \u043a \u043a\u043e\u0440\u0440\u043e\u0437\u0438\u0438. \u0417\u0430\u043a\u0430\u0436\u0438\u0442\u0435 \u0441\u0435\u0439\u0447\u0430\u0441!\",\"breadcrumb\":{\"@id\":\"https:\/\/xstyle.md\/product\/garpun-iz-nerzhavejuschej-stali-6-5-mm-h-135-cm-omer-31035\/#breadcrumb\"},\"inLanguage\":\"ro-RO\",\"potentialAction\":[{\"@type\":\"ReadAction\",\"target\":[\"https:\/\/xstyle.md\/product\/garpun-iz-nerzhavejuschej-stali-6-5-mm-h-135-cm-omer-31035\/\"]}]},{\"@type\":\"ImageObject\",\"inLanguage\":\"ro-RO\",\"@id\":\"https:\/\/xstyle.md\/product\/garpun-iz-nerzhavejuschej-stali-6-5-mm-h-135-cm-omer-31035\/#primaryimage\",\"url\":\"https:\/\/xstyle.md\/wp-content\/uploads\/2020\/07\/garpun-iz-nerzhaveyushchey-stali-6_5-mm-kh-135-cm-omer-_31035_.jpeg\",\"contentUrl\":\"https:\/\/xstyle.md\/wp-content\/uploads\/2020\/07\/garpun-iz-nerzhaveyushchey-stali-6_5-mm-kh-135-cm-omer-_31035_.jpeg\",\"width\":463,\"height\":120},{\"@type\":\"BreadcrumbList\",\"@id\":\"https:\/\/xstyle.md\/product\/garpun-iz-nerzhavejuschej-stali-6-5-mm-h-135-cm-omer-31035\/#breadcrumb\",\"itemListElement\":[{\"@type\":\"ListItem\",\"position\":1,\"name\":\"\u0413\u043b\u0430\u0432\u043d\u0430\u044f \u0441\u0442\u0440\u0430\u043d\u0438\u0446\u0430\",\"item\":\"https:\/\/xstyle.md\/\"},{\"@type\":\"ListItem\",\"position\":2,\"name\":\"\u041c\u0430\u0433\u0430\u0437\u0438\u043d\",\"item\":\"https:\/\/xstyle.md\/shop\/\"},{\"@type\":\"ListItem\",\"position\":3,\"name\":\"\u0413\u0430\u0440\u043f\u0443\u043d \u0438\u0437 \u043d\u0435\u0440\u0436\u0430\u0432\u0435\u044e\u0449\u0435\u0439 \u0441\u0442\u0430\u043b\u0438 6,5 mm \u0445 135 cm Omer (31035)\"}]},{\"@type\":\"WebSite\",\"@id\":\"https:\/\/xstyle.md\/#website\",\"url\":\"https:\/\/xstyle.md\/\",\"name\":\"\u041c\u0430\u0433\u0430\u0437\u0438\u043d Xstyle\",\"description\":\"C\u043d\u0430\u0440\u044f\u0436\u0435\u043d\u0438\u0435 \u0434\u043b\u044f \u0442\u0443\u0440\u0438\u0437\u043c\u0430 \u0438 \u044d\u043a\u0441\u0442\u0440\u0435\u043c\u0430\u043b\u044c\u043d\u044b\u0445 \u0432\u0438\u0434\u043e\u0432 \u0441\u043f\u043e\u0440\u0442\u0430 \u0432 \u041c\u043e\u043b\u0434\u043e\u0432\u0435.. \u0426\u0435\u043d\u044b, \u0444\u043e\u0442\u043e, \u0445\u0430\u0440\u0430\u043a\u0442\u0435\u0440\u0438\u0441\u0442\u0438\u043a\u0438 \u0432 \u041c\u043e\u043b\u0434\u043e\u0432\u0435.\",\"publisher\":{\"@id\":\"https:\/\/xstyle.md\/#organization\"},\"alternateName\":\"X-Style\",\"potentialAction\":[{\"@type\":\"SearchAction\",\"target\":{\"@type\":\"EntryPoint\",\"urlTemplate\":\"https:\/\/xstyle.md\/?s={search_term_string}\"},\"query-input\":{\"@type\":\"PropertyValueSpecification\",\"valueRequired\":true,\"valueName\":\"search_term_string\"}}],\"inLanguage\":\"ro-RO\"},{\"@type\":\"Organization\",\"@id\":\"https:\/\/xstyle.md\/#organization\",\"name\":\"\u041c\u0430\u0433\u0430\u0437\u0438\u043d Xstyle\",\"alternateName\":\"x-style\",\"url\":\"https:\/\/xstyle.md\/\",\"logo\":{\"@type\":\"ImageObject\",\"inLanguage\":\"ro-RO\",\"@id\":\"https:\/\/xstyle.md\/#\/schema\/logo\/image\/\",\"url\":\"https:\/\/xstyle.md\/wp-content\/uploads\/2020\/06\/logoicon.svg\",\"contentUrl\":\"https:\/\/xstyle.md\/wp-content\/uploads\/2020\/06\/logoicon.svg\",\"caption\":\"\u041c\u0430\u0433\u0430\u0437\u0438\u043d Xstyle\"},\"image\":{\"@id\":\"https:\/\/xstyle.md\/#\/schema\/logo\/image\/\"},\"sameAs\":[\"https:\/\/www.facebook.com\/xstylemd\",\"https:\/\/www.instagram.com\/xstyle_md\/\",\"https:\/\/t.me\/xstyle_outdoor\"],\"hasMerchantReturnPolicy\":{\"@type\":\"MerchantReturnPolicy\",\"merchantReturnLink\":\"https:\/\/xstyle.md\/ro\/conditions\/\"}}]}<\/script>\n<meta property=\"product:price:amount\" content=\"700.00\" \/>\n<meta property=\"product:price:currency\" content=\"MDL\" \/>\n<meta property=\"og:availability\" content=\"instock\" \/>\n<meta property=\"product:availability\" content=\"instock\" \/>\n<meta property=\"product:retailer_item_id\" content=\"8017736117812\" \/>\n<meta property=\"product:condition\" content=\"new\" \/>\n<!-- \/ Yoast SEO plugin. -->","yoast_head_json":{"title":"\u0413\u0430\u0440\u043f\u0443\u043d \u0438\u0437 \u043d\u0435\u0440\u0436\u0430\u0432\u0435\u044e\u0449\u0435\u0439 \u0441\u0442\u0430\u043b\u0438 6,5 mm \u0445 135 cm Omer (31035) - \u041c\u0430\u0433\u0430\u0437\u0438\u043d Xstyle","description":"Harpon Omer 31035 din o\u021bel inoxidabil 6,5 mm x 135 cm este perfect pentru v\u00e2n\u0103toarea de pe\u0219te. Lama de calitate, rezistent\u0103 la coroziune. Comand\u0103 acum!","robots":{"index":"index","follow":"follow","max-snippet":"max-snippet:-1","max-image-preview":"max-image-preview:large","max-video-preview":"max-video-preview:-1"},"canonical":"https:\/\/xstyle.md\/ro\/produs\/garpun-iz-nerzhavejuschej-stali-6-5-mm-h-135-cm-omer-31035\/","og_locale":"ro_RO","og_type":"article","og_title":"\u0413\u0430\u0440\u043f\u0443\u043d \u0438\u0437 \u043d\u0435\u0440\u0436\u0430\u0432\u0435\u044e\u0449\u0435\u0439 \u0441\u0442\u0430\u043b\u0438 6,5 mm \u0445 135 cm Omer (31035) - \u041c\u0430\u0433\u0430\u0437\u0438\u043d Xstyle","og_description":"\u0413\u0430\u0440\u043f\u0443\u043d Omer 31035 \u0438\u0437 \u043d\u0435\u0440\u0436\u0430\u0432\u0435\u044e\u0449\u0435\u0439 \u0441\u0442\u0430\u043b\u0438 6,5 \u043c\u043c \u0445 135 \u0441\u043c \u0438\u0434\u0435\u0430\u043b\u044c\u043d\u043e \u043f\u043e\u0434\u0445\u043e\u0434\u0438\u0442 \u0434\u043b\u044f \u043e\u0445\u043e\u0442\u044b \u043d\u0430 \u0440\u044b\u0431\u0443. \u041a\u0430\u0447\u0435\u0441\u0442\u0432\u0435\u043d\u043d\u043e\u0435 \u043b\u0435\u0437\u0432\u0438\u0435, \u0443\u0441\u0442\u043e\u0439\u0447\u0438\u0432 \u043a \u043a\u043e\u0440\u0440\u043e\u0437\u0438\u0438. \u0417\u0430\u043a\u0430\u0436\u0438\u0442\u0435 \u0441\u0435\u0439\u0447\u0430\u0441!","og_url":"https:\/\/xstyle.md\/ro\/produs\/garpun-iz-nerzhavejuschej-stali-6-5-mm-h-135-cm-omer-31035\/","og_site_name":"\u041c\u0430\u0433\u0430\u0437\u0438\u043d Xstyle","article_publisher":"https:\/\/www.facebook.com\/xstylemd","article_modified_time":"2025-10-24T09:57:06+00:00","og_image":[{"width":463,"height":120,"url":"https:\/\/xstyle.md\/wp-content\/uploads\/2020\/07\/garpun-iz-nerzhaveyushchey-stali-6_5-mm-kh-135-cm-omer-_31035_.jpeg","type":"image\/jpeg"}],"twitter_card":"summary_large_image","twitter_misc":{"Pre\u021b":"700&nbsp;MDL","Disponibilitate":"\u00cen stoc"},"schema":{"@context":"https:\/\/schema.org","@graph":[{"@type":"WebPage","@id":"https:\/\/xstyle.md\/product\/garpun-iz-nerzhavejuschej-stali-6-5-mm-h-135-cm-omer-31035\/","url":"https:\/\/xstyle.md\/product\/garpun-iz-nerzhavejuschej-stali-6-5-mm-h-135-cm-omer-31035\/","name":"\u0413\u0430\u0440\u043f\u0443\u043d \u0438\u0437 \u043d\u0435\u0440\u0436\u0430\u0432\u0435\u044e\u0449\u0435\u0439 \u0441\u0442\u0430\u043b\u0438 6,5 mm \u0445 135 cm Omer (31035) - \u041c\u0430\u0433\u0430\u0437\u0438\u043d Xstyle","isPartOf":{"@id":"https:\/\/xstyle.md\/#website"},"primaryImageOfPage":{"@id":"https:\/\/xstyle.md\/product\/garpun-iz-nerzhavejuschej-stali-6-5-mm-h-135-cm-omer-31035\/#primaryimage"},"image":{"@id":"https:\/\/xstyle.md\/product\/garpun-iz-nerzhavejuschej-stali-6-5-mm-h-135-cm-omer-31035\/#primaryimage"},"thumbnailUrl":"https:\/\/xstyle.md\/wp-content\/uploads\/2020\/07\/garpun-iz-nerzhaveyushchey-stali-6_5-mm-kh-135-cm-omer-_31035_.jpeg","datePublished":"2020-07-17T16:14:09+00:00","dateModified":"2025-10-24T09:57:06+00:00","description":"Harpon Omer 31035 din o\u021bel inoxidabil 6,5 mm x 135 cm este perfect pentru v\u00e2n\u0103toarea de pe\u0219te. Lama de calitate, rezistent\u0103 la coroziune. Comand\u0103 acum!","breadcrumb":{"@id":"https:\/\/xstyle.md\/product\/garpun-iz-nerzhavejuschej-stali-6-5-mm-h-135-cm-omer-31035\/#breadcrumb"},"inLanguage":"ro-RO","potentialAction":[{"@type":"ReadAction","target":["https:\/\/xstyle.md\/product\/garpun-iz-nerzhavejuschej-stali-6-5-mm-h-135-cm-omer-31035\/"]}]},{"@type":"ImageObject","inLanguage":"ro-RO","@id":"https:\/\/xstyle.md\/product\/garpun-iz-nerzhavejuschej-stali-6-5-mm-h-135-cm-omer-31035\/#primaryimage","url":"https:\/\/xstyle.md\/wp-content\/uploads\/2020\/07\/garpun-iz-nerzhaveyushchey-stali-6_5-mm-kh-135-cm-omer-_31035_.jpeg","contentUrl":"https:\/\/xstyle.md\/wp-content\/uploads\/2020\/07\/garpun-iz-nerzhaveyushchey-stali-6_5-mm-kh-135-cm-omer-_31035_.jpeg","width":463,"height":120},{"@type":"BreadcrumbList","@id":"https:\/\/xstyle.md\/product\/garpun-iz-nerzhavejuschej-stali-6-5-mm-h-135-cm-omer-31035\/#breadcrumb","itemListElement":[{"@type":"ListItem","position":1,"name":"\u0413\u043b\u0430\u0432\u043d\u0430\u044f \u0441\u0442\u0440\u0430\u043d\u0438\u0446\u0430","item":"https:\/\/xstyle.md\/"},{"@type":"ListItem","position":2,"name":"\u041c\u0430\u0433\u0430\u0437\u0438\u043d","item":"https:\/\/xstyle.md\/shop\/"},{"@type":"ListItem","position":3,"name":"\u0413\u0430\u0440\u043f\u0443\u043d \u0438\u0437 \u043d\u0435\u0440\u0436\u0430\u0432\u0435\u044e\u0449\u0435\u0439 \u0441\u0442\u0430\u043b\u0438 6,5 mm \u0445 135 cm Omer (31035)"}]},{"@type":"WebSite","@id":"https:\/\/xstyle.md\/#website","url":"https:\/\/xstyle.md\/","name":"Magazinul X-Style","description":"Echipamente pentru turism \u0219i sporturi extreme \u00een Moldova. Pre\u021buri, fotografii, caracteristici \u00een Moldova.","publisher":{"@id":"https:\/\/xstyle.md\/#organization"},"alternateName":"X-Style","potentialAction":[{"@type":"SearchAction","target":{"@type":"EntryPoint","urlTemplate":"https:\/\/xstyle.md\/?s={search_term_string}"},"query-input":{"@type":"PropertyValueSpecification","valueRequired":true,"valueName":"search_term_string"}}],"inLanguage":"ro-RO"},{"@type":"Organization","@id":"https:\/\/xstyle.md\/#organization","name":"Magazinul X-Style","alternateName":"x-style","url":"https:\/\/xstyle.md\/","logo":{"@type":"ImageObject","inLanguage":"ro-RO","@id":"https:\/\/xstyle.md\/#\/schema\/logo\/image\/","url":"https:\/\/xstyle.md\/wp-content\/uploads\/2020\/06\/logoicon.svg","contentUrl":"https:\/\/xstyle.md\/wp-content\/uploads\/2020\/06\/logoicon.svg","caption":"\u041c\u0430\u0433\u0430\u0437\u0438\u043d Xstyle"},"image":{"@id":"https:\/\/xstyle.md\/#\/schema\/logo\/image\/"},"sameAs":["https:\/\/www.facebook.com\/xstylemd","https:\/\/www.instagram.com\/xstyle_md\/","https:\/\/t.me\/xstyle_outdoor"],"hasMerchantReturnPolicy":{"@type":"MerchantReturnPolicy","merchantReturnLink":"https:\/\/xstyle.md\/ro\/conditions\/"}}]},"product_price_amount":"700.00","product_price_currency":"MDL","og_availability":"instock","product_availability":"instock","product_retailer_item_id":"8017736117812","product_condition":"new"},"post_mailing_queue_ids":[],"_links":{"self":[{"href":"https:\/\/xstyle.md\/ro\/wp-json\/wp\/v2\/product\/18555","targetHints":{"allow":["GET"]}}],"collection":[{"href":"https:\/\/xstyle.md\/ro\/wp-json\/wp\/v2\/product"}],"about":[{"href":"https:\/\/xstyle.md\/ro\/wp-json\/wp\/v2\/types\/product"}],"replies":[{"embeddable":true,"href":"https:\/\/xstyle.md\/ro\/wp-json\/wp\/v2\/comments?post=18555"}],"wp:featuredmedia":[{"embeddable":true,"href":"https:\/\/xstyle.md\/ro\/wp-json\/wp\/v2\/media\/18554"}],"wp:attachment":[{"href":"https:\/\/xstyle.md\/ro\/wp-json\/wp\/v2\/media?parent=18555"}],"wp:term":[{"taxonomy":"product_brand","embeddable":true,"href":"https:\/\/xstyle.md\/ro\/wp-json\/wp\/v2\/product_brand?post=18555"},{"taxonomy":"product_cat","embeddable":true,"href":"https:\/\/xstyle.md\/ro\/wp-json\/wp\/v2\/product_cat?post=18555"},{"taxonomy":"product_tag","embeddable":true,"href":"https:\/\/xstyle.md\/ro\/wp-json\/wp\/v2\/product_tag?post=18555"}],"curies":[{"name":"wp","href":"https:\/\/api.w.org\/{rel}","templated":true}]}}