{"id":18521,"date":"2020-07-17T19:11:25","date_gmt":"2020-07-17T16:11:25","guid":{"rendered":"https:\/\/xstyle.md\/product\/upor-dlja-zarjadki-ruzh-ja-omer-b006"},"modified":"2025-10-24T12:56:49","modified_gmt":"2025-10-24T09:56:49","slug":"upor-dlja-zarjadki-ruzh-ja-omer-b006","status":"publish","type":"product","link":"https:\/\/xstyle.md\/ro\/produs\/upor-dlja-zarjadki-ruzh-ja-omer-b006\/","title":{"rendered":"Suport pentru \u00eenc\u0103rcarea armei Omer (B006)"},"content":{"rendered":"<\/p>\n<p><strong>Suport pentru \u00eenc\u0103rcarea armei Omer (B006)\u00a0&#8212;\u00a0<\/strong>v\u0103 permite s\u0103 \u00eenc\u0103rca\u021bi pu\u0219ti pneumatice lungi. Cu ajutorul \u00eenc\u0103rc\u0103rii Omer, pute\u021bi s\u0103 introduce\u021bi \u00een siguran\u021b\u0103 harponul \u00een arm\u0103.<\/p>\n<h3><strong>Instruc\u021biuni de utilizare<\/strong><\/h3>\n<ul>\n<li>introduce\u021bi m\u00e2nerul cu gaura mare prin harpon<\/li>\n<li>\u00eembr\u0103ca\u021bi m\u00e2nerul de \u00eenc\u0103rcare pe v\u00e2rf<\/li>\n<li>asigura\u021bi-v\u0103 c\u0103 nimic nu \u00eempiedic\u0103 harponul s\u0103 intre \u00een cilindru \u00een mod corespunz\u0103tor<\/li>\n<li>trage\u021bi m\u00e2nerul de tragere de jos<\/li>\n<li>c\u00e2nd aduce\u021bi harponul \u00een cilindru \u00eenainte de a putea \u021bine m\u00e2nerul superior &#8212; lua\u021bi cu m\u00e2na a doua \u0219i finaliza\u021bi procesul de \u00eenc\u0103rcare<\/li>\n<li>dac\u0103 este necesar, lungimea cablului poate fi ajustat\u0103<\/li>\n<\/ul>\n<h3>Marca<\/h3>\n<p>Omer este unul dintre cei mai mari produc\u0103tori mondiali de echipamente pentru pescuit subacvatic \u0219i freediving. Compania a fost \u00eenfiin\u021bat\u0103 \u00een anii 1970 \u00een Sovino (Italia, regiunea Lombardia). De-a lungul anilor de munc\u0103 fructuoas\u0103 a reu\u0219it s\u0103 ating\u0103 pozi\u021biile de lider \u00een Europa \u0219i s\u0103 c\u00e2\u0219tige reputa\u021bia unui produc\u0103tor de \u00eencredere \u00een \u00eentreaga lume. Gama Omer include sute de produse de calitate, inclusiv costume de neopren, pistoale subacvatice, harpoane \u0219i alte echipamente.<\/p>\n<p><\/p>","protected":false},"excerpt":{"rendered":"<p>Suport pentru \u00eenc\u0103rcarea armei Omer (B006)<\/p>","protected":false},"featured_media":18520,"comment_status":"open","ping_status":"closed","template":"","meta":{"_acf_changed":false,"inline_featured_image":false},"product_brand":[1316],"product_cat":[358],"product_tag":[],"class_list":{"0":"post-18521","1":"product","2":"type-product","3":"status-publish","4":"has-post-thumbnail","6":"product_brand-omer","7":"product_cat-aqua-accessories-and-repair-kits","9":"first","10":"instock","11":"shipping-taxable","12":"purchasable","13":"product-type-simple"},"acf":[],"yoast_head":"<!-- This site is optimized with the Yoast SEO plugin v27.2 - https:\/\/yoast.com\/product\/yoast-seo-wordpress\/ -->\n<title>\u0423\u043f\u043e\u0440 \u0434\u043b\u044f \u0437\u0430\u0440\u044f\u0434\u043a\u0438 \u0440\u0443\u0436\u044c\u044f Omer (B006) - \u041c\u0430\u0433\u0430\u0437\u0438\u043d Xstyle<\/title>\n<meta name=\"description\" content=\"\u0423\u043f\u043e\u0440 \u0434\u043b\u044f \u0437\u0430\u0440\u044f\u0434\u043a\u0438 \u0440\u0443\u0436\u044c\u044f Omer B006 \u043e\u0431\u043b\u0435\u0433\u0447\u0430\u0435\u0442 \u0431\u0435\u0437\u043e\u043f\u0430\u0441\u043d\u043e\u0435 \u0437\u0430\u0440\u044f\u0436\u0435\u043d\u0438\u0435 \u043f\u043d\u0435\u0432\u043c\u0430\u0442\u0438\u0447\u0435\u0441\u043a\u0438\u0445 \u0440\u0443\u0436\u0435\u0439. \u0418\u0434\u0435\u0430\u043b\u0435\u043d \u0434\u043b\u044f \u0442\u043e\u0447\u043d\u043e\u0439 \u0443\u0441\u0442\u0430\u043d\u043e\u0432\u043a\u0438 \u0433\u0430\u0440\u043f\u0443\u043d\u0430.\" \/>\n<meta name=\"robots\" content=\"index, follow, max-snippet:-1, max-image-preview:large, max-video-preview:-1\" \/>\n<link rel=\"canonical\" href=\"https:\/\/xstyle.md\/ro\/produs\/upor-dlja-zarjadki-ruzh-ja-omer-b006\/\" \/>\n<meta property=\"og:locale\" content=\"ro_RO\" \/>\n<meta property=\"og:type\" content=\"article\" \/>\n<meta property=\"og:title\" content=\"\u0423\u043f\u043e\u0440 \u0434\u043b\u044f \u0437\u0430\u0440\u044f\u0434\u043a\u0438 \u0440\u0443\u0436\u044c\u044f Omer (B006) - \u041c\u0430\u0433\u0430\u0437\u0438\u043d Xstyle\" \/>\n<meta property=\"og:description\" content=\"\u0423\u043f\u043e\u0440 \u0434\u043b\u044f \u0437\u0430\u0440\u044f\u0434\u043a\u0438 \u0440\u0443\u0436\u044c\u044f Omer B006 \u043e\u0431\u043b\u0435\u0433\u0447\u0430\u0435\u0442 \u0431\u0435\u0437\u043e\u043f\u0430\u0441\u043d\u043e\u0435 \u0437\u0430\u0440\u044f\u0436\u0435\u043d\u0438\u0435 \u043f\u043d\u0435\u0432\u043c\u0430\u0442\u0438\u0447\u0435\u0441\u043a\u0438\u0445 \u0440\u0443\u0436\u0435\u0439. \u0418\u0434\u0435\u0430\u043b\u0435\u043d \u0434\u043b\u044f \u0442\u043e\u0447\u043d\u043e\u0439 \u0443\u0441\u0442\u0430\u043d\u043e\u0432\u043a\u0438 \u0433\u0430\u0440\u043f\u0443\u043d\u0430.\" \/>\n<meta property=\"og:url\" content=\"https:\/\/xstyle.md\/ro\/produs\/upor-dlja-zarjadki-ruzh-ja-omer-b006\/\" \/>\n<meta property=\"og:site_name\" content=\"\u041c\u0430\u0433\u0430\u0437\u0438\u043d Xstyle\" \/>\n<meta property=\"article:publisher\" content=\"https:\/\/www.facebook.com\/xstylemd\" \/>\n<meta property=\"article:modified_time\" content=\"2025-10-24T09:56:49+00:00\" \/>\n<meta property=\"og:image\" content=\"https:\/\/xstyle.md\/wp-content\/uploads\/2020\/07\/40642341_w800_h640_noj_ohoty_omer_b006_primer.jpg\" \/>\n\t<meta property=\"og:image:width\" content=\"331\" \/>\n\t<meta property=\"og:image:height\" content=\"331\" \/>\n\t<meta property=\"og:image:type\" content=\"image\/jpeg\" \/>\n<meta name=\"twitter:card\" content=\"summary_large_image\" \/>\n<meta name=\"twitter:label1\" content=\"Pre\u021b\" \/>\n\t<meta name=\"twitter:data1\" content=\"330&nbsp;MDL\" \/>\n\t<meta name=\"twitter:label2\" content=\"Disponibilitate\" \/>\n\t<meta name=\"twitter:data2\" content=\"\u00cen stoc\" \/>\n<script type=\"application\/ld+json\" class=\"yoast-schema-graph\">{\"@context\":\"https:\/\/schema.org\",\"@graph\":[{\"@type\":\"WebPage\",\"@id\":\"https:\/\/xstyle.md\/product\/upor-dlja-zarjadki-ruzh-ja-omer-b006\/\",\"url\":\"https:\/\/xstyle.md\/product\/upor-dlja-zarjadki-ruzh-ja-omer-b006\/\",\"name\":\"\u0423\u043f\u043e\u0440 \u0434\u043b\u044f \u0437\u0430\u0440\u044f\u0434\u043a\u0438 \u0440\u0443\u0436\u044c\u044f Omer (B006) - \u041c\u0430\u0433\u0430\u0437\u0438\u043d Xstyle\",\"isPartOf\":{\"@id\":\"https:\/\/xstyle.md\/#website\"},\"primaryImageOfPage\":{\"@id\":\"https:\/\/xstyle.md\/product\/upor-dlja-zarjadki-ruzh-ja-omer-b006\/#primaryimage\"},\"image\":{\"@id\":\"https:\/\/xstyle.md\/product\/upor-dlja-zarjadki-ruzh-ja-omer-b006\/#primaryimage\"},\"thumbnailUrl\":\"https:\/\/xstyle.md\/wp-content\/uploads\/2020\/07\/40642341_w800_h640_noj_ohoty_omer_b006_primer.jpg\",\"datePublished\":\"2020-07-17T16:11:25+00:00\",\"dateModified\":\"2025-10-24T09:56:49+00:00\",\"description\":\"\u0423\u043f\u043e\u0440 \u0434\u043b\u044f \u0437\u0430\u0440\u044f\u0434\u043a\u0438 \u0440\u0443\u0436\u044c\u044f Omer B006 \u043e\u0431\u043b\u0435\u0433\u0447\u0430\u0435\u0442 \u0431\u0435\u0437\u043e\u043f\u0430\u0441\u043d\u043e\u0435 \u0437\u0430\u0440\u044f\u0436\u0435\u043d\u0438\u0435 \u043f\u043d\u0435\u0432\u043c\u0430\u0442\u0438\u0447\u0435\u0441\u043a\u0438\u0445 \u0440\u0443\u0436\u0435\u0439. \u0418\u0434\u0435\u0430\u043b\u0435\u043d \u0434\u043b\u044f \u0442\u043e\u0447\u043d\u043e\u0439 \u0443\u0441\u0442\u0430\u043d\u043e\u0432\u043a\u0438 \u0433\u0430\u0440\u043f\u0443\u043d\u0430.\",\"breadcrumb\":{\"@id\":\"https:\/\/xstyle.md\/product\/upor-dlja-zarjadki-ruzh-ja-omer-b006\/#breadcrumb\"},\"inLanguage\":\"ro-RO\",\"potentialAction\":[{\"@type\":\"ReadAction\",\"target\":[\"https:\/\/xstyle.md\/product\/upor-dlja-zarjadki-ruzh-ja-omer-b006\/\"]}]},{\"@type\":\"ImageObject\",\"inLanguage\":\"ro-RO\",\"@id\":\"https:\/\/xstyle.md\/product\/upor-dlja-zarjadki-ruzh-ja-omer-b006\/#primaryimage\",\"url\":\"https:\/\/xstyle.md\/wp-content\/uploads\/2020\/07\/40642341_w800_h640_noj_ohoty_omer_b006_primer.jpg\",\"contentUrl\":\"https:\/\/xstyle.md\/wp-content\/uploads\/2020\/07\/40642341_w800_h640_noj_ohoty_omer_b006_primer.jpg\",\"width\":331,\"height\":331},{\"@type\":\"BreadcrumbList\",\"@id\":\"https:\/\/xstyle.md\/product\/upor-dlja-zarjadki-ruzh-ja-omer-b006\/#breadcrumb\",\"itemListElement\":[{\"@type\":\"ListItem\",\"position\":1,\"name\":\"\u0413\u043b\u0430\u0432\u043d\u0430\u044f \u0441\u0442\u0440\u0430\u043d\u0438\u0446\u0430\",\"item\":\"https:\/\/xstyle.md\/\"},{\"@type\":\"ListItem\",\"position\":2,\"name\":\"\u041c\u0430\u0433\u0430\u0437\u0438\u043d\",\"item\":\"https:\/\/xstyle.md\/shop\/\"},{\"@type\":\"ListItem\",\"position\":3,\"name\":\"\u0423\u043f\u043e\u0440 \u0434\u043b\u044f \u0437\u0430\u0440\u044f\u0434\u043a\u0438 \u0440\u0443\u0436\u044c\u044f Omer (B006)\"}]},{\"@type\":\"WebSite\",\"@id\":\"https:\/\/xstyle.md\/#website\",\"url\":\"https:\/\/xstyle.md\/\",\"name\":\"\u041c\u0430\u0433\u0430\u0437\u0438\u043d Xstyle\",\"description\":\"C\u043d\u0430\u0440\u044f\u0436\u0435\u043d\u0438\u0435 \u0434\u043b\u044f \u0442\u0443\u0440\u0438\u0437\u043c\u0430 \u0438 \u044d\u043a\u0441\u0442\u0440\u0435\u043c\u0430\u043b\u044c\u043d\u044b\u0445 \u0432\u0438\u0434\u043e\u0432 \u0441\u043f\u043e\u0440\u0442\u0430 \u0432 \u041c\u043e\u043b\u0434\u043e\u0432\u0435.. \u0426\u0435\u043d\u044b, \u0444\u043e\u0442\u043e, \u0445\u0430\u0440\u0430\u043a\u0442\u0435\u0440\u0438\u0441\u0442\u0438\u043a\u0438 \u0432 \u041c\u043e\u043b\u0434\u043e\u0432\u0435.\",\"publisher\":{\"@id\":\"https:\/\/xstyle.md\/#organization\"},\"alternateName\":\"X-Style\",\"potentialAction\":[{\"@type\":\"SearchAction\",\"target\":{\"@type\":\"EntryPoint\",\"urlTemplate\":\"https:\/\/xstyle.md\/?s={search_term_string}\"},\"query-input\":{\"@type\":\"PropertyValueSpecification\",\"valueRequired\":true,\"valueName\":\"search_term_string\"}}],\"inLanguage\":\"ro-RO\"},{\"@type\":\"Organization\",\"@id\":\"https:\/\/xstyle.md\/#organization\",\"name\":\"\u041c\u0430\u0433\u0430\u0437\u0438\u043d Xstyle\",\"alternateName\":\"x-style\",\"url\":\"https:\/\/xstyle.md\/\",\"logo\":{\"@type\":\"ImageObject\",\"inLanguage\":\"ro-RO\",\"@id\":\"https:\/\/xstyle.md\/#\/schema\/logo\/image\/\",\"url\":\"https:\/\/xstyle.md\/wp-content\/uploads\/2020\/06\/logoicon.svg\",\"contentUrl\":\"https:\/\/xstyle.md\/wp-content\/uploads\/2020\/06\/logoicon.svg\",\"caption\":\"\u041c\u0430\u0433\u0430\u0437\u0438\u043d Xstyle\"},\"image\":{\"@id\":\"https:\/\/xstyle.md\/#\/schema\/logo\/image\/\"},\"sameAs\":[\"https:\/\/www.facebook.com\/xstylemd\",\"https:\/\/www.instagram.com\/xstyle_md\/\",\"https:\/\/t.me\/xstyle_outdoor\"],\"hasMerchantReturnPolicy\":{\"@type\":\"MerchantReturnPolicy\",\"merchantReturnLink\":\"https:\/\/xstyle.md\/ro\/conditions\/\"}}]}<\/script>\n<meta property=\"product:price:amount\" content=\"330.00\" \/>\n<meta property=\"product:price:currency\" content=\"MDL\" \/>\n<meta property=\"og:availability\" content=\"instock\" \/>\n<meta property=\"product:availability\" content=\"instock\" \/>\n<meta property=\"product:retailer_item_id\" content=\"8017736114705\" \/>\n<meta property=\"product:condition\" content=\"new\" \/>\n<!-- \/ Yoast SEO plugin. -->","yoast_head_json":{"title":"Suport pentru \u00eenc\u0103rcarea armei Omer (B006) - Magazin Xstyle","description":"Stativul de \u00eenc\u0103rcare pentru pu\u0219ca Omer B006 faciliteaz\u0103 \u00eenc\u0103rcarea \u00een siguran\u021b\u0103 a pu\u0219tilor pneumatice. Este ideal pentru montarea precis\u0103 a harponului.","robots":{"index":"index","follow":"follow","max-snippet":"max-snippet:-1","max-image-preview":"max-image-preview:large","max-video-preview":"max-video-preview:-1"},"canonical":"https:\/\/xstyle.md\/ro\/produs\/upor-dlja-zarjadki-ruzh-ja-omer-b006\/","og_locale":"ro_RO","og_type":"article","og_title":"\u0423\u043f\u043e\u0440 \u0434\u043b\u044f \u0437\u0430\u0440\u044f\u0434\u043a\u0438 \u0440\u0443\u0436\u044c\u044f Omer (B006) - \u041c\u0430\u0433\u0430\u0437\u0438\u043d Xstyle","og_description":"\u0423\u043f\u043e\u0440 \u0434\u043b\u044f \u0437\u0430\u0440\u044f\u0434\u043a\u0438 \u0440\u0443\u0436\u044c\u044f Omer B006 \u043e\u0431\u043b\u0435\u0433\u0447\u0430\u0435\u0442 \u0431\u0435\u0437\u043e\u043f\u0430\u0441\u043d\u043e\u0435 \u0437\u0430\u0440\u044f\u0436\u0435\u043d\u0438\u0435 \u043f\u043d\u0435\u0432\u043c\u0430\u0442\u0438\u0447\u0435\u0441\u043a\u0438\u0445 \u0440\u0443\u0436\u0435\u0439. \u0418\u0434\u0435\u0430\u043b\u0435\u043d \u0434\u043b\u044f \u0442\u043e\u0447\u043d\u043e\u0439 \u0443\u0441\u0442\u0430\u043d\u043e\u0432\u043a\u0438 \u0433\u0430\u0440\u043f\u0443\u043d\u0430.","og_url":"https:\/\/xstyle.md\/ro\/produs\/upor-dlja-zarjadki-ruzh-ja-omer-b006\/","og_site_name":"\u041c\u0430\u0433\u0430\u0437\u0438\u043d Xstyle","article_publisher":"https:\/\/www.facebook.com\/xstylemd","article_modified_time":"2025-10-24T09:56:49+00:00","og_image":[{"width":331,"height":331,"url":"https:\/\/xstyle.md\/wp-content\/uploads\/2020\/07\/40642341_w800_h640_noj_ohoty_omer_b006_primer.jpg","type":"image\/jpeg"}],"twitter_card":"summary_large_image","twitter_misc":{"Pre\u021b":"330&nbsp;MDL","Disponibilitate":"\u00cen stoc"},"schema":{"@context":"https:\/\/schema.org","@graph":[{"@type":"WebPage","@id":"https:\/\/xstyle.md\/product\/upor-dlja-zarjadki-ruzh-ja-omer-b006\/","url":"https:\/\/xstyle.md\/product\/upor-dlja-zarjadki-ruzh-ja-omer-b006\/","name":"Suport pentru \u00eenc\u0103rcarea armei Omer (B006) - Magazin Xstyle","isPartOf":{"@id":"https:\/\/xstyle.md\/#website"},"primaryImageOfPage":{"@id":"https:\/\/xstyle.md\/product\/upor-dlja-zarjadki-ruzh-ja-omer-b006\/#primaryimage"},"image":{"@id":"https:\/\/xstyle.md\/product\/upor-dlja-zarjadki-ruzh-ja-omer-b006\/#primaryimage"},"thumbnailUrl":"https:\/\/xstyle.md\/wp-content\/uploads\/2020\/07\/40642341_w800_h640_noj_ohoty_omer_b006_primer.jpg","datePublished":"2020-07-17T16:11:25+00:00","dateModified":"2025-10-24T09:56:49+00:00","description":"Stativul de \u00eenc\u0103rcare pentru pu\u0219ca Omer B006 faciliteaz\u0103 \u00eenc\u0103rcarea \u00een siguran\u021b\u0103 a pu\u0219tilor pneumatice. Este ideal pentru montarea precis\u0103 a harponului.","breadcrumb":{"@id":"https:\/\/xstyle.md\/product\/upor-dlja-zarjadki-ruzh-ja-omer-b006\/#breadcrumb"},"inLanguage":"ro-RO","potentialAction":[{"@type":"ReadAction","target":["https:\/\/xstyle.md\/product\/upor-dlja-zarjadki-ruzh-ja-omer-b006\/"]}]},{"@type":"ImageObject","inLanguage":"ro-RO","@id":"https:\/\/xstyle.md\/product\/upor-dlja-zarjadki-ruzh-ja-omer-b006\/#primaryimage","url":"https:\/\/xstyle.md\/wp-content\/uploads\/2020\/07\/40642341_w800_h640_noj_ohoty_omer_b006_primer.jpg","contentUrl":"https:\/\/xstyle.md\/wp-content\/uploads\/2020\/07\/40642341_w800_h640_noj_ohoty_omer_b006_primer.jpg","width":331,"height":331},{"@type":"BreadcrumbList","@id":"https:\/\/xstyle.md\/product\/upor-dlja-zarjadki-ruzh-ja-omer-b006\/#breadcrumb","itemListElement":[{"@type":"ListItem","position":1,"name":"\u0413\u043b\u0430\u0432\u043d\u0430\u044f \u0441\u0442\u0440\u0430\u043d\u0438\u0446\u0430","item":"https:\/\/xstyle.md\/"},{"@type":"ListItem","position":2,"name":"\u041c\u0430\u0433\u0430\u0437\u0438\u043d","item":"https:\/\/xstyle.md\/shop\/"},{"@type":"ListItem","position":3,"name":"\u0423\u043f\u043e\u0440 \u0434\u043b\u044f \u0437\u0430\u0440\u044f\u0434\u043a\u0438 \u0440\u0443\u0436\u044c\u044f Omer (B006)"}]},{"@type":"WebSite","@id":"https:\/\/xstyle.md\/#website","url":"https:\/\/xstyle.md\/","name":"Magazinul X-Style","description":"Echipamente pentru turism \u0219i sporturi extreme \u00een Moldova. Pre\u021buri, fotografii, caracteristici \u00een Moldova.","publisher":{"@id":"https:\/\/xstyle.md\/#organization"},"alternateName":"X-Style","potentialAction":[{"@type":"SearchAction","target":{"@type":"EntryPoint","urlTemplate":"https:\/\/xstyle.md\/?s={search_term_string}"},"query-input":{"@type":"PropertyValueSpecification","valueRequired":true,"valueName":"search_term_string"}}],"inLanguage":"ro-RO"},{"@type":"Organization","@id":"https:\/\/xstyle.md\/#organization","name":"Magazinul X-Style","alternateName":"x-style","url":"https:\/\/xstyle.md\/","logo":{"@type":"ImageObject","inLanguage":"ro-RO","@id":"https:\/\/xstyle.md\/#\/schema\/logo\/image\/","url":"https:\/\/xstyle.md\/wp-content\/uploads\/2020\/06\/logoicon.svg","contentUrl":"https:\/\/xstyle.md\/wp-content\/uploads\/2020\/06\/logoicon.svg","caption":"\u041c\u0430\u0433\u0430\u0437\u0438\u043d Xstyle"},"image":{"@id":"https:\/\/xstyle.md\/#\/schema\/logo\/image\/"},"sameAs":["https:\/\/www.facebook.com\/xstylemd","https:\/\/www.instagram.com\/xstyle_md\/","https:\/\/t.me\/xstyle_outdoor"],"hasMerchantReturnPolicy":{"@type":"MerchantReturnPolicy","merchantReturnLink":"https:\/\/xstyle.md\/ro\/conditions\/"}}]},"product_price_amount":"330.00","product_price_currency":"MDL","og_availability":"instock","product_availability":"instock","product_retailer_item_id":"8017736114705","product_condition":"new"},"post_mailing_queue_ids":[],"_links":{"self":[{"href":"https:\/\/xstyle.md\/ro\/wp-json\/wp\/v2\/product\/18521","targetHints":{"allow":["GET"]}}],"collection":[{"href":"https:\/\/xstyle.md\/ro\/wp-json\/wp\/v2\/product"}],"about":[{"href":"https:\/\/xstyle.md\/ro\/wp-json\/wp\/v2\/types\/product"}],"replies":[{"embeddable":true,"href":"https:\/\/xstyle.md\/ro\/wp-json\/wp\/v2\/comments?post=18521"}],"wp:featuredmedia":[{"embeddable":true,"href":"https:\/\/xstyle.md\/ro\/wp-json\/wp\/v2\/media\/18520"}],"wp:attachment":[{"href":"https:\/\/xstyle.md\/ro\/wp-json\/wp\/v2\/media?parent=18521"}],"wp:term":[{"taxonomy":"product_brand","embeddable":true,"href":"https:\/\/xstyle.md\/ro\/wp-json\/wp\/v2\/product_brand?post=18521"},{"taxonomy":"product_cat","embeddable":true,"href":"https:\/\/xstyle.md\/ro\/wp-json\/wp\/v2\/product_cat?post=18521"},{"taxonomy":"product_tag","embeddable":true,"href":"https:\/\/xstyle.md\/ro\/wp-json\/wp\/v2\/product_tag?post=18521"}],"curies":[{"name":"wp","href":"https:\/\/api.w.org\/{rel}","templated":true}]}}