{"id":18490,"date":"2020-07-17T19:09:22","date_gmt":"2020-07-17T16:09:22","guid":{"rendered":"https:\/\/xstyle.md\/product\/termofutbolka-muzhskaja-odlo-s-s-performance"},"modified":"2026-02-20T17:26:17","modified_gmt":"2026-02-20T14:26:17","slug":"odlo-s-s-performance-mns","status":"publish","type":"product","link":"https:\/\/xstyle.md\/ro\/produs\/odlo-s-s-performance-mns\/","title":{"rendered":"Tricou termic Odlo Performance Light Mns grey melange"},"content":{"rendered":"<\/p>\n<p>Tricoul termic pentru b\u0103rba\u021bi <strong>Odlo S\/S Performance<\/strong> &#8212; confec\u021bionat din material elastic, respirabil, ideal pentru antrenamente \u0219i activit\u0103\u021bi \u00een aer liber.<\/p>\n<p>\u021aes\u0103tura inovatoare are un nivel optim de pH pentru piele, nu con\u021bine substan\u021be cancerigene, formaldehide sau coloran\u021bi alergici nocivi. Designul universal, neutru, nu supra\u00eenc\u0103rcat cu elemente decorative inutile \u0219i modele colorate, face tricoul s\u0103 se \u00eembine perfect cu orice. Sistemul de ventila\u021bie a zonei cu inser\u021bii de plas\u0103 pe m\u00e2neci \u0219i spate va preveni supra\u00eenc\u0103lzirea \u00een timpul efortului fizic de mare intensitate.<\/p>\n<h3>Particularit\u0103\u021bi:<\/h3>\n<ul>\n<li>Material u\u0219or, pl\u0103cut pentru piele;<\/li>\n<li>Are propriet\u0103\u021bi hipoalergenice;<\/li>\n<li>Risipe\u0219te \u00een timp util c\u0103ldura \u00een exces la suprafa\u021b\u0103, l\u0103s\u00e2nd corpul uscat;<\/li>\n<li>Croial\u0103 anatomic\u0103, cu m\u00e2neci raglan;<\/li>\n<li>Decolteul rotund v\u0103 permite s\u0103 v\u0103 mi\u0219ca\u021bi liber, permi\u021b\u00e2ndu-v\u0103 s\u0103 crea\u021bi un aspect sportiv \u00eengrijit;<\/li>\n<li>Cus\u0103turile interne netede nu irit\u0103 pielea \u0219i nu provoac\u0103 apari\u021bia urmelor de frecare \u00een timpul purt\u0103rii.<\/li>\n<\/ul>\n<h3>Caracteristici:<\/h3>\n<ul>\n<li>Sezon - tot sezonul;<\/li>\n<li>Compozi\u021bie &#8212; 63% Polyester, 33% Poliamid\u0103, 4% Elastan;<\/li>\n<li>Aplicare &#8212; sporturi active.<\/li>\n<\/ul>\n<h3><strong>Tehnologie<\/strong><\/h3>\n<ul>\n<li><strong>Poliamid\u0103 <\/strong>&#8212; lenjeria termic\u0103 din poliamid\u0103 se caracterizeaz\u0103 prin netezime ridicat\u0103 la atingere \u0219i u\u0219urin\u021b\u0103. Aproape toate variantele de lenjerie f\u0103r\u0103 cus\u0103turi sunt fabricate din poliamid\u0103. Acesta este un material durabil \u0219i elastic, care are propriet\u0103\u021bi excelente de respingere a apei. Lenjeria termic\u0103 din poliamid\u0103 este conceput\u0103 pentru a fi purtat\u0103 confortabil \u00een timpul efortului fizic, drume\u021bii \u0219i \u00een aer liber. Lenjeria re\u021bine bine c\u0103ldura \u0219i \u00eendep\u0103rteaz\u0103 excesul de umiditate, \u021bes\u0103tura este pl\u0103cut\u0103 corpului, practic nu se simte \u0219i nu \u00eengr\u0103de\u0219te mi\u0219carea.<\/li>\n<li><strong>Poliester <\/strong>&#8212; acest material are o structur\u0103 de fibre similar\u0103 fibrelor de bumbac. Lucrurile din poliester dureaz\u0103 mult timp, r\u0103m\u00e2n mereu moi, \u00eendep\u0103rteaz\u0103 bine umezeala. Produsele din poliester pot fi uscate pe baterie \u0219i chiar c\u0103lcate.<\/li>\n<li><strong>Elastan<\/strong> &#8212; pentru a cre\u0219te elasticitatea \u0219i rezisten\u021ba la uzur\u0103, cele mai fine fibre de elastan sunt ad\u0103ugate la lenjeria termic\u0103. Cu c\u00e2t mai mult % elastan, cu at\u00e2t lenjeria se \u00eentinde mai bine f\u0103r\u0103 a l\u0103sa urme de \u00eentindere.<\/li>\n<\/ul>\n<p><\/p>\n<h3>Marca<\/h3>\n<p>Odlo - este un brand elve\u021bian cu r\u0103d\u0103cini norvegiene, considerat pe bun\u0103 dreptate inventatorul conceptului de \u201etrei straturi\u201d \u00een \u00eembr\u0103c\u0103mintea sportiv\u0103. Compania este specializat\u0103 \u00een lenjerie termic\u0103 de \u00eenalt\u0103 tehnologie \u0219i echipamente pentru alergare, schi \u0219i ciclism, pun\u00e2nd un accent imens pe designul anatomic (body mapping). Hainele Odlo sunt renumite pentru \u021bes\u0103turile inovatoare, precum Ceramicool pentru r\u0103cire sau tehnologia Effect cu ioni de argint pentru controlul mirosurilor, fiind alegerea preferat\u0103 a atle\u021bilor profesioni\u0219ti \u0219i a pasiona\u021bilor de sport intens.<\/p>","protected":false},"excerpt":{"rendered":"<p>Tricou termin Odlo S\/S Performance Mns<\/p>","protected":false},"featured_media":18488,"comment_status":"open","ping_status":"closed","template":"","meta":{"_acf_changed":false,"inline_featured_image":false},"product_brand":[1387],"product_cat":[288],"product_tag":[],"class_list":{"0":"post-18490","1":"product","2":"type-product","3":"status-publish","4":"has-post-thumbnail","6":"product_brand-odlo","7":"product_cat-thermals-barbati","9":"first","10":"instock","11":"sale","12":"shipping-taxable","13":"purchasable","14":"product-type-simple"},"acf":[],"yoast_head":"<!-- This site is optimized with the Yoast SEO plugin v27.4 - https:\/\/yoast.com\/product\/yoast-seo-wordpress\/ -->\n<title>\u0422\u0435\u0440\u043c\u043e\u0444\u0443\u0442\u0431\u043e\u043b\u043a\u0430 Odlo Performance Light Mns grey melange - \u041c\u0430\u0433\u0430\u0437\u0438\u043d Xstyle<\/title>\n<meta name=\"description\" content=\"\u0422\u0435\u0440\u043c\u043e\u0444\u0443\u0442\u0431\u043e\u043b\u043a\u0430 Odlo Performance Light Mns grey melange \u043e\u0431\u0435\u0441\u043f\u0435\u0447\u0438\u0442 \u043a\u043e\u043c\u0444\u043e\u0440\u0442 \u0432\u043e \u0432\u0440\u0435\u043c\u044f \u0442\u0440\u0435\u043d\u0438\u0440\u043e\u0432\u043e\u043a \u0431\u043b\u0430\u0433\u043e\u0434\u0430\u0440\u044f \u0434\u044b\u0448\u0430\u0449\u0435\u043c\u0443 \u043c\u0430\u0442\u0435\u0440\u0438\u0430\u043b\u0443 \u0438 \u043e\u043f\u0442\u0438\u043c\u0430\u043b\u044c\u043d\u043e\u043c\u0443 \u0443\u0440\u043e\u0432\u043d\u044e pH.\" \/>\n<meta name=\"robots\" content=\"index, follow, max-snippet:-1, max-image-preview:large, max-video-preview:-1\" \/>\n<link rel=\"canonical\" href=\"https:\/\/xstyle.md\/ro\/produs\/odlo-s-s-performance-mns\/\" \/>\n<meta property=\"og:locale\" content=\"ro_RO\" \/>\n<meta property=\"og:type\" content=\"article\" \/>\n<meta property=\"og:title\" content=\"\u0422\u0435\u0440\u043c\u043e\u0444\u0443\u0442\u0431\u043e\u043b\u043a\u0430 Odlo Performance Light Mns grey melange - \u041c\u0430\u0433\u0430\u0437\u0438\u043d Xstyle\" \/>\n<meta property=\"og:description\" content=\"\u0422\u0435\u0440\u043c\u043e\u0444\u0443\u0442\u0431\u043e\u043b\u043a\u0430 Odlo Performance Light Mns grey melange \u043e\u0431\u0435\u0441\u043f\u0435\u0447\u0438\u0442 \u043a\u043e\u043c\u0444\u043e\u0440\u0442 \u0432\u043e \u0432\u0440\u0435\u043c\u044f \u0442\u0440\u0435\u043d\u0438\u0440\u043e\u0432\u043e\u043a \u0431\u043b\u0430\u0433\u043e\u0434\u0430\u0440\u044f \u0434\u044b\u0448\u0430\u0449\u0435\u043c\u0443 \u043c\u0430\u0442\u0435\u0440\u0438\u0430\u043b\u0443 \u0438 \u043e\u043f\u0442\u0438\u043c\u0430\u043b\u044c\u043d\u043e\u043c\u0443 \u0443\u0440\u043e\u0432\u043d\u044e pH.\" \/>\n<meta property=\"og:url\" content=\"https:\/\/xstyle.md\/ro\/produs\/odlo-s-s-performance-mns\/\" \/>\n<meta property=\"og:site_name\" content=\"\u041c\u0430\u0433\u0430\u0437\u0438\u043d Xstyle\" \/>\n<meta property=\"article:publisher\" content=\"https:\/\/www.facebook.com\/xstylemd\" \/>\n<meta property=\"article:modified_time\" content=\"2026-02-20T14:26:17+00:00\" \/>\n<meta property=\"og:image\" content=\"https:\/\/xstyle.md\/wp-content\/uploads\/2020\/07\/m557315.jpg\" \/>\n\t<meta property=\"og:image:width\" content=\"500\" \/>\n\t<meta property=\"og:image:height\" content=\"500\" \/>\n\t<meta property=\"og:image:type\" content=\"image\/jpeg\" \/>\n<meta name=\"twitter:card\" content=\"summary_large_image\" \/>\n<meta name=\"twitter:label1\" content=\"Pre\u021b\" \/>\n\t<meta name=\"twitter:data1\" content=\"460&nbsp;MDL\" \/>\n\t<meta name=\"twitter:label2\" content=\"Disponibilitate\" \/>\n\t<meta name=\"twitter:data2\" content=\"\u00cen stoc\" \/>\n<script type=\"application\/ld+json\" class=\"yoast-schema-graph\">{\"@context\":\"https:\\\/\\\/schema.org\",\"@graph\":[{\"@type\":\"WebPage\",\"@id\":\"https:\\\/\\\/xstyle.md\\\/product\\\/odlo-s-s-performance-mns\\\/\",\"url\":\"https:\\\/\\\/xstyle.md\\\/product\\\/odlo-s-s-performance-mns\\\/\",\"name\":\"\u0422\u0435\u0440\u043c\u043e\u0444\u0443\u0442\u0431\u043e\u043b\u043a\u0430 Odlo Performance Light Mns grey melange - \u041c\u0430\u0433\u0430\u0437\u0438\u043d Xstyle\",\"isPartOf\":{\"@id\":\"https:\\\/\\\/xstyle.md\\\/#website\"},\"primaryImageOfPage\":{\"@id\":\"https:\\\/\\\/xstyle.md\\\/product\\\/odlo-s-s-performance-mns\\\/#primaryimage\"},\"image\":{\"@id\":\"https:\\\/\\\/xstyle.md\\\/product\\\/odlo-s-s-performance-mns\\\/#primaryimage\"},\"thumbnailUrl\":\"https:\\\/\\\/xstyle.md\\\/wp-content\\\/uploads\\\/2020\\\/07\\\/m557315.jpg\",\"datePublished\":\"2020-07-17T16:09:22+00:00\",\"dateModified\":\"2026-02-20T14:26:17+00:00\",\"description\":\"\u0422\u0435\u0440\u043c\u043e\u0444\u0443\u0442\u0431\u043e\u043b\u043a\u0430 Odlo Performance Light Mns grey melange \u043e\u0431\u0435\u0441\u043f\u0435\u0447\u0438\u0442 \u043a\u043e\u043c\u0444\u043e\u0440\u0442 \u0432\u043e \u0432\u0440\u0435\u043c\u044f \u0442\u0440\u0435\u043d\u0438\u0440\u043e\u0432\u043e\u043a \u0431\u043b\u0430\u0433\u043e\u0434\u0430\u0440\u044f \u0434\u044b\u0448\u0430\u0449\u0435\u043c\u0443 \u043c\u0430\u0442\u0435\u0440\u0438\u0430\u043b\u0443 \u0438 \u043e\u043f\u0442\u0438\u043c\u0430\u043b\u044c\u043d\u043e\u043c\u0443 \u0443\u0440\u043e\u0432\u043d\u044e pH.\",\"breadcrumb\":{\"@id\":\"https:\\\/\\\/xstyle.md\\\/product\\\/odlo-s-s-performance-mns\\\/#breadcrumb\"},\"inLanguage\":\"ro-RO\",\"potentialAction\":[{\"@type\":\"ReadAction\",\"target\":[\"https:\\\/\\\/xstyle.md\\\/product\\\/odlo-s-s-performance-mns\\\/\"]}]},{\"@type\":\"ImageObject\",\"inLanguage\":\"ro-RO\",\"@id\":\"https:\\\/\\\/xstyle.md\\\/product\\\/odlo-s-s-performance-mns\\\/#primaryimage\",\"url\":\"https:\\\/\\\/xstyle.md\\\/wp-content\\\/uploads\\\/2020\\\/07\\\/m557315.jpg\",\"contentUrl\":\"https:\\\/\\\/xstyle.md\\\/wp-content\\\/uploads\\\/2020\\\/07\\\/m557315.jpg\",\"width\":500,\"height\":500},{\"@type\":\"BreadcrumbList\",\"@id\":\"https:\\\/\\\/xstyle.md\\\/product\\\/odlo-s-s-performance-mns\\\/#breadcrumb\",\"itemListElement\":[{\"@type\":\"ListItem\",\"position\":1,\"name\":\"\u0413\u043b\u0430\u0432\u043d\u0430\u044f \u0441\u0442\u0440\u0430\u043d\u0438\u0446\u0430\",\"item\":\"https:\\\/\\\/xstyle.md\\\/\"},{\"@type\":\"ListItem\",\"position\":2,\"name\":\"\u041c\u0430\u0433\u0430\u0437\u0438\u043d\",\"item\":\"https:\\\/\\\/xstyle.md\\\/shop\\\/\"},{\"@type\":\"ListItem\",\"position\":3,\"name\":\"\u0422\u0435\u0440\u043c\u043e\u0444\u0443\u0442\u0431\u043e\u043b\u043a\u0430 Odlo Performance Light Mns grey melange\"}]},{\"@type\":\"WebSite\",\"@id\":\"https:\\\/\\\/xstyle.md\\\/#website\",\"url\":\"https:\\\/\\\/xstyle.md\\\/\",\"name\":\"\u041c\u0430\u0433\u0430\u0437\u0438\u043d Xstyle\",\"description\":\"C\u043d\u0430\u0440\u044f\u0436\u0435\u043d\u0438\u0435 \u0434\u043b\u044f \u0442\u0443\u0440\u0438\u0437\u043c\u0430 \u0438 \u044d\u043a\u0441\u0442\u0440\u0435\u043c\u0430\u043b\u044c\u043d\u044b\u0445 \u0432\u0438\u0434\u043e\u0432 \u0441\u043f\u043e\u0440\u0442\u0430 \u0432 \u041c\u043e\u043b\u0434\u043e\u0432\u0435.. \u0426\u0435\u043d\u044b, \u0444\u043e\u0442\u043e, \u0445\u0430\u0440\u0430\u043a\u0442\u0435\u0440\u0438\u0441\u0442\u0438\u043a\u0438 \u0432 \u041c\u043e\u043b\u0434\u043e\u0432\u0435.\",\"publisher\":{\"@id\":\"https:\\\/\\\/xstyle.md\\\/#organization\"},\"alternateName\":\"X-Style\",\"potentialAction\":[{\"@type\":\"SearchAction\",\"target\":{\"@type\":\"EntryPoint\",\"urlTemplate\":\"https:\\\/\\\/xstyle.md\\\/?s={search_term_string}\"},\"query-input\":{\"@type\":\"PropertyValueSpecification\",\"valueRequired\":true,\"valueName\":\"search_term_string\"}}],\"inLanguage\":\"ro-RO\"},{\"@type\":\"Organization\",\"@id\":\"https:\\\/\\\/xstyle.md\\\/#organization\",\"name\":\"\u041c\u0430\u0433\u0430\u0437\u0438\u043d Xstyle\",\"alternateName\":\"x-style\",\"url\":\"https:\\\/\\\/xstyle.md\\\/\",\"logo\":{\"@type\":\"ImageObject\",\"inLanguage\":\"ro-RO\",\"@id\":\"https:\\\/\\\/xstyle.md\\\/#\\\/schema\\\/logo\\\/image\\\/\",\"url\":\"https:\\\/\\\/xstyle.md\\\/wp-content\\\/uploads\\\/2020\\\/06\\\/logoicon.svg\",\"contentUrl\":\"https:\\\/\\\/xstyle.md\\\/wp-content\\\/uploads\\\/2020\\\/06\\\/logoicon.svg\",\"caption\":\"\u041c\u0430\u0433\u0430\u0437\u0438\u043d Xstyle\"},\"image\":{\"@id\":\"https:\\\/\\\/xstyle.md\\\/#\\\/schema\\\/logo\\\/image\\\/\"},\"sameAs\":[\"https:\\\/\\\/www.facebook.com\\\/xstylemd\",\"https:\\\/\\\/www.instagram.com\\\/xstyle_md\\\/\",\"https:\\\/\\\/t.me\\\/xstyle_outdoor\"],\"hasMerchantReturnPolicy\":{\"@type\":\"MerchantReturnPolicy\",\"merchantReturnLink\":\"https:\\\/\\\/xstyle.md\\\/ro\\\/conditions\\\/\"}}]}<\/script>\n<meta property=\"product:price:amount\" content=\"460.00\" \/>\n<meta property=\"product:price:currency\" content=\"MDL\" \/>\n<meta property=\"og:availability\" content=\"instock\" \/>\n<meta property=\"product:availability\" content=\"instock\" \/>\n<meta property=\"product:retailer_item_id\" content=\"7613361395680\" \/>\n<meta property=\"product:condition\" content=\"new\" \/>\n<!-- \/ Yoast SEO plugin. -->","yoast_head_json":{"title":"Tricou termic Odlo Performance Light Mns grey melange - Magazin Xstyle","description":"Tricoul termic Odlo Performance Light Mns gri melange va asigura confortul \u00een timpul antrenamentelor datorit\u0103 materialului respirabil \u0219i unui nivel optim de pH.","robots":{"index":"index","follow":"follow","max-snippet":"max-snippet:-1","max-image-preview":"max-image-preview:large","max-video-preview":"max-video-preview:-1"},"canonical":"https:\/\/xstyle.md\/ro\/produs\/odlo-s-s-performance-mns\/","og_locale":"ro_RO","og_type":"article","og_title":"\u0422\u0435\u0440\u043c\u043e\u0444\u0443\u0442\u0431\u043e\u043b\u043a\u0430 Odlo Performance Light Mns grey melange - \u041c\u0430\u0433\u0430\u0437\u0438\u043d Xstyle","og_description":"\u0422\u0435\u0440\u043c\u043e\u0444\u0443\u0442\u0431\u043e\u043b\u043a\u0430 Odlo Performance Light Mns grey melange \u043e\u0431\u0435\u0441\u043f\u0435\u0447\u0438\u0442 \u043a\u043e\u043c\u0444\u043e\u0440\u0442 \u0432\u043e \u0432\u0440\u0435\u043c\u044f \u0442\u0440\u0435\u043d\u0438\u0440\u043e\u0432\u043e\u043a \u0431\u043b\u0430\u0433\u043e\u0434\u0430\u0440\u044f \u0434\u044b\u0448\u0430\u0449\u0435\u043c\u0443 \u043c\u0430\u0442\u0435\u0440\u0438\u0430\u043b\u0443 \u0438 \u043e\u043f\u0442\u0438\u043c\u0430\u043b\u044c\u043d\u043e\u043c\u0443 \u0443\u0440\u043e\u0432\u043d\u044e pH.","og_url":"https:\/\/xstyle.md\/ro\/produs\/odlo-s-s-performance-mns\/","og_site_name":"\u041c\u0430\u0433\u0430\u0437\u0438\u043d Xstyle","article_publisher":"https:\/\/www.facebook.com\/xstylemd","article_modified_time":"2026-02-20T14:26:17+00:00","og_image":[{"width":500,"height":500,"url":"https:\/\/xstyle.md\/wp-content\/uploads\/2020\/07\/m557315.jpg","type":"image\/jpeg"}],"twitter_card":"summary_large_image","twitter_misc":{"Pre\u021b":"460&nbsp;MDL","Disponibilitate":"\u00cen stoc"},"schema":{"@context":"https:\/\/schema.org","@graph":[{"@type":"WebPage","@id":"https:\/\/xstyle.md\/product\/odlo-s-s-performance-mns\/","url":"https:\/\/xstyle.md\/product\/odlo-s-s-performance-mns\/","name":"Tricou termic Odlo Performance Light Mns grey melange - Magazin Xstyle","isPartOf":{"@id":"https:\/\/xstyle.md\/#website"},"primaryImageOfPage":{"@id":"https:\/\/xstyle.md\/product\/odlo-s-s-performance-mns\/#primaryimage"},"image":{"@id":"https:\/\/xstyle.md\/product\/odlo-s-s-performance-mns\/#primaryimage"},"thumbnailUrl":"https:\/\/xstyle.md\/wp-content\/uploads\/2020\/07\/m557315.jpg","datePublished":"2020-07-17T16:09:22+00:00","dateModified":"2026-02-20T14:26:17+00:00","description":"Tricoul termic Odlo Performance Light Mns gri melange va asigura confortul \u00een timpul antrenamentelor datorit\u0103 materialului respirabil \u0219i unui nivel optim de pH.","breadcrumb":{"@id":"https:\/\/xstyle.md\/product\/odlo-s-s-performance-mns\/#breadcrumb"},"inLanguage":"ro-RO","potentialAction":[{"@type":"ReadAction","target":["https:\/\/xstyle.md\/product\/odlo-s-s-performance-mns\/"]}]},{"@type":"ImageObject","inLanguage":"ro-RO","@id":"https:\/\/xstyle.md\/product\/odlo-s-s-performance-mns\/#primaryimage","url":"https:\/\/xstyle.md\/wp-content\/uploads\/2020\/07\/m557315.jpg","contentUrl":"https:\/\/xstyle.md\/wp-content\/uploads\/2020\/07\/m557315.jpg","width":500,"height":500},{"@type":"BreadcrumbList","@id":"https:\/\/xstyle.md\/product\/odlo-s-s-performance-mns\/#breadcrumb","itemListElement":[{"@type":"ListItem","position":1,"name":"\u0413\u043b\u0430\u0432\u043d\u0430\u044f \u0441\u0442\u0440\u0430\u043d\u0438\u0446\u0430","item":"https:\/\/xstyle.md\/"},{"@type":"ListItem","position":2,"name":"\u041c\u0430\u0433\u0430\u0437\u0438\u043d","item":"https:\/\/xstyle.md\/shop\/"},{"@type":"ListItem","position":3,"name":"\u0422\u0435\u0440\u043c\u043e\u0444\u0443\u0442\u0431\u043e\u043b\u043a\u0430 Odlo Performance Light Mns grey melange"}]},{"@type":"WebSite","@id":"https:\/\/xstyle.md\/#website","url":"https:\/\/xstyle.md\/","name":"Magazinul X-Style","description":"Echipamente pentru turism \u0219i sporturi extreme \u00een Moldova. Pre\u021buri, fotografii, caracteristici \u00een Moldova.","publisher":{"@id":"https:\/\/xstyle.md\/#organization"},"alternateName":"X-Style","potentialAction":[{"@type":"SearchAction","target":{"@type":"EntryPoint","urlTemplate":"https:\/\/xstyle.md\/?s={search_term_string}"},"query-input":{"@type":"PropertyValueSpecification","valueRequired":true,"valueName":"search_term_string"}}],"inLanguage":"ro-RO"},{"@type":"Organization","@id":"https:\/\/xstyle.md\/#organization","name":"Magazinul X-Style","alternateName":"x-style","url":"https:\/\/xstyle.md\/","logo":{"@type":"ImageObject","inLanguage":"ro-RO","@id":"https:\/\/xstyle.md\/#\/schema\/logo\/image\/","url":"https:\/\/xstyle.md\/wp-content\/uploads\/2020\/06\/logoicon.svg","contentUrl":"https:\/\/xstyle.md\/wp-content\/uploads\/2020\/06\/logoicon.svg","caption":"\u041c\u0430\u0433\u0430\u0437\u0438\u043d Xstyle"},"image":{"@id":"https:\/\/xstyle.md\/#\/schema\/logo\/image\/"},"sameAs":["https:\/\/www.facebook.com\/xstylemd","https:\/\/www.instagram.com\/xstyle_md\/","https:\/\/t.me\/xstyle_outdoor"],"hasMerchantReturnPolicy":{"@type":"MerchantReturnPolicy","merchantReturnLink":"https:\/\/xstyle.md\/ro\/conditions\/"}}]},"product_price_amount":"460.00","product_price_currency":"MDL","og_availability":"instock","product_availability":"instock","product_retailer_item_id":"7613361395680","product_condition":"new"},"_links":{"self":[{"href":"https:\/\/xstyle.md\/ro\/wp-json\/wp\/v2\/product\/18490","targetHints":{"allow":["GET"]}}],"collection":[{"href":"https:\/\/xstyle.md\/ro\/wp-json\/wp\/v2\/product"}],"about":[{"href":"https:\/\/xstyle.md\/ro\/wp-json\/wp\/v2\/types\/product"}],"replies":[{"embeddable":true,"href":"https:\/\/xstyle.md\/ro\/wp-json\/wp\/v2\/comments?post=18490"}],"wp:featuredmedia":[{"embeddable":true,"href":"https:\/\/xstyle.md\/ro\/wp-json\/wp\/v2\/media\/18488"}],"wp:attachment":[{"href":"https:\/\/xstyle.md\/ro\/wp-json\/wp\/v2\/media?parent=18490"}],"wp:term":[{"taxonomy":"product_brand","embeddable":true,"href":"https:\/\/xstyle.md\/ro\/wp-json\/wp\/v2\/product_brand?post=18490"},{"taxonomy":"product_cat","embeddable":true,"href":"https:\/\/xstyle.md\/ro\/wp-json\/wp\/v2\/product_cat?post=18490"},{"taxonomy":"product_tag","embeddable":true,"href":"https:\/\/xstyle.md\/ro\/wp-json\/wp\/v2\/product_tag?post=18490"}],"curies":[{"name":"wp","href":"https:\/\/api.w.org\/{rel}","templated":true}]}}