{"id":18464,"date":"2020-07-17T19:08:00","date_gmt":"2020-07-17T16:08:00","guid":{"rendered":"https:\/\/xstyle.md\/product\/trusy-muzhskie-odlo-performance-light"},"modified":"2026-04-07T15:23:06","modified_gmt":"2026-04-07T12:23:06","slug":"trusy-muzhskie-odlo-performance-light","status":"publish","type":"product","link":"https:\/\/xstyle.md\/ro\/produs\/trusy-muzhskie-odlo-performance-light\/","title":{"rendered":"Chilo\u021bi Odlo Brief Performance Light"},"content":{"rendered":"<\/p>\n<p><strong>Chilo\u021bii pentru\u00a0b\u0103rba\u021bi\u00a0Odlo Brief Performance Light<\/strong>\u00a0&#8212; sunt realiza\u021bi din tricot circular cu elasticitate ridicat\u0103. Materialul asigur\u0103 un nivel ridicat de \u00eendep\u0103rtare a umidit\u0103\u021bii \u0219i termoreglare. Num\u0103rul minim de cus\u0103turi creeaz\u0103 o senza\u021bie suplimentar\u0103 de confort. Fibrele func\u021bionale cu ioni de argint absorb mirosul de transpira\u021bie. Potrivit pentru sporturi active \u0219i competi\u021bii.<\/p>\n<h3>Particularit\u0103\u021bi:<\/h3>\n<ul>\n<li>Lenjerie termic\u0103 u\u0219oar\u0103, care se \u00eentinde \u0219i se usuc\u0103 rapid;<\/li>\n<li>Lenjerie de corp pentru sport pe tot parcursul anului;<\/li>\n<li>Zone func\u021bionale integrate f\u0103r\u0103 cus\u0103turi pentru ventila\u021bie;<\/li>\n<li>\u201eEffect by Odlo\u201d pentru a controla transpira\u021bia nepl\u0103cut\u0103;<\/li>\n<li>Libertate de mi\u0219care de neegalat;<\/li>\n<li>Absorb\u021bie perfect\u0103 a umidit\u0103\u021bii \u0219i uscare rapid\u0103.<\/li>\n<\/ul>\n<h3>Caracteristici:<\/h3>\n<ul>\n<li>Sezon &#8212; primavar\u0103\/toamn\u0103\/iarn\u0103\/var\u0103;<\/li>\n<li>Compozi\u021bie &#8212; 70% Polyester, 19% Poliamid\u0103, 11% Elastan;<\/li>\n<li>Aplicare &#8212; utilizare zilnic\u0103.<\/li>\n<\/ul>\n<h3><strong>Regimul de temperatur\u0103:<\/strong><\/h3>\n<ul>\n<li>Activitate ridicat\u0103: -12\u00b0C p\u00e2n\u0103 la +10\u00b0C;<\/li>\n<li>Activitate medie: de la 0\u00b0C la +17\u00b0C;<\/li>\n<li>Activitate sc\u0103zut\u0103: +15\u00b0C p\u00e2n\u0103 la +27\u00b0C.<\/li>\n<\/ul>\n<h3><strong>Tehnologie<\/strong><strong>:<\/strong><\/h3>\n<ul>\n<li>Tehnologia <strong>Effect by Odlo<\/strong> &#8212; este \u00eendreptat\u0103 spre prevenirea mirosului nepl\u0103cut de transpira\u021bie. Fibrele func\u021bionale \u201eeffect\u201d \u021besute \u00een material con\u021bin ioni de argint, \u00eempiedic\u0103 cre\u0219terea bacteriilor \u0219i opresc eficient dezvoltarea unui miros nepl\u0103cut. Aceast\u0103 tehnologie nu folose\u0219te substan\u021be chimice \u0219i substan\u021be care pot d\u0103una pielii.<\/li>\n<li><strong>Evolution Light.<\/strong> Material tricotat foarte elastic cu fibre Odlo. Tricotajele cu diferite texturi confer\u0103 suprafe\u021bei un aspect tehnic. Absorb\u021bie excelent\u0103 a umidit\u0103\u021bii \u0219i uscare rapid\u0103 asigur\u0103 o temperatur\u0103 optim\u0103 a corpului, indiferent de vreme. Num\u0103rul de cus\u0103turi este men\u021binut la minimum.<\/li>\n<\/ul>\n<p><\/p>","protected":false},"excerpt":{"rendered":"<p>Chilo\u021bi Odlo Brief Performance Light<\/p>","protected":false},"featured_media":18462,"comment_status":"open","ping_status":"closed","template":"","meta":{"_acf_changed":false,"inline_featured_image":false},"product_brand":[1387],"product_cat":[1198],"product_tag":[],"class_list":{"0":"post-18464","1":"product","2":"type-product","3":"status-publish","4":"has-post-thumbnail","6":"product_brand-odlo","7":"product_cat-underwear-sport-for-men","9":"first","10":"instock","11":"shipping-taxable","12":"purchasable","13":"product-type-simple"},"acf":[],"yoast_head":"<!-- This site is optimized with the Yoast SEO plugin v27.2 - https:\/\/yoast.com\/product\/yoast-seo-wordpress\/ -->\n<title>\u0422\u0440\u0443\u0441\u044b Odlo Brief Performance Light - \u041c\u0430\u0433\u0430\u0437\u0438\u043d Xstyle<\/title>\n<meta name=\"description\" content=\"\u0422\u0440\u0443\u0441\u044b Odlo Brief Performance Light \u0438\u0434\u0435\u0430\u043b\u044c\u043d\u043e \u043f\u043e\u0434\u0445\u043e\u0434\u044f\u0442 \u0434\u043b\u044f \u0430\u043a\u0442\u0438\u0432\u043d\u044b\u0445 \u043c\u0443\u0436\u0447\u0438\u043d. \u041e\u0431\u0435\u0441\u043f\u0435\u0447\u0438\u0432\u0430\u044e\u0442 \u043a\u043e\u043c\u0444\u043e\u0440\u0442, \u0442\u0435\u0440\u043c\u043e\u0440\u0435\u0433\u0443\u043b\u044f\u0446\u0438\u044e \u0438 \u043e\u0442\u043b\u0438\u0447\u043d\u043e\u0435 \u043e\u0442\u0432\u0435\u0434\u0435\u043d\u0438\u0435 \u0432\u043b\u0430\u0433\u0438.\" \/>\n<meta name=\"robots\" content=\"index, follow, max-snippet:-1, max-image-preview:large, max-video-preview:-1\" \/>\n<link rel=\"canonical\" href=\"https:\/\/xstyle.md\/ro\/produs\/trusy-muzhskie-odlo-performance-light\/\" \/>\n<meta property=\"og:locale\" content=\"ro_RO\" \/>\n<meta property=\"og:type\" content=\"article\" \/>\n<meta property=\"og:title\" content=\"\u0422\u0440\u0443\u0441\u044b Odlo Brief Performance Light - \u041c\u0430\u0433\u0430\u0437\u0438\u043d Xstyle\" \/>\n<meta property=\"og:description\" content=\"\u0422\u0440\u0443\u0441\u044b Odlo Brief Performance Light \u0438\u0434\u0435\u0430\u043b\u044c\u043d\u043e \u043f\u043e\u0434\u0445\u043e\u0434\u044f\u0442 \u0434\u043b\u044f \u0430\u043a\u0442\u0438\u0432\u043d\u044b\u0445 \u043c\u0443\u0436\u0447\u0438\u043d. \u041e\u0431\u0435\u0441\u043f\u0435\u0447\u0438\u0432\u0430\u044e\u0442 \u043a\u043e\u043c\u0444\u043e\u0440\u0442, \u0442\u0435\u0440\u043c\u043e\u0440\u0435\u0433\u0443\u043b\u044f\u0446\u0438\u044e \u0438 \u043e\u0442\u043b\u0438\u0447\u043d\u043e\u0435 \u043e\u0442\u0432\u0435\u0434\u0435\u043d\u0438\u0435 \u0432\u043b\u0430\u0433\u0438.\" \/>\n<meta property=\"og:url\" content=\"https:\/\/xstyle.md\/ro\/produs\/trusy-muzhskie-odlo-performance-light\/\" \/>\n<meta property=\"og:site_name\" content=\"\u041c\u0430\u0433\u0430\u0437\u0438\u043d Xstyle\" \/>\n<meta property=\"article:publisher\" content=\"https:\/\/www.facebook.com\/xstylemd\" \/>\n<meta property=\"article:modified_time\" content=\"2026-04-07T12:23:06+00:00\" \/>\n<meta property=\"og:image\" content=\"https:\/\/xstyle.md\/wp-content\/uploads\/2020\/07\/280692.jpg\" \/>\n\t<meta property=\"og:image:width\" content=\"570\" \/>\n\t<meta property=\"og:image:height\" content=\"570\" \/>\n\t<meta property=\"og:image:type\" content=\"image\/jpeg\" \/>\n<meta name=\"twitter:card\" content=\"summary_large_image\" \/>\n<meta name=\"twitter:label1\" content=\"Pre\u021b\" \/>\n\t<meta name=\"twitter:data1\" content=\"470&nbsp;MDL\" \/>\n\t<meta name=\"twitter:label2\" content=\"Disponibilitate\" \/>\n\t<meta name=\"twitter:data2\" content=\"\u00cen stoc\" \/>\n<script type=\"application\/ld+json\" class=\"yoast-schema-graph\">{\"@context\":\"https:\/\/schema.org\",\"@graph\":[{\"@type\":\"WebPage\",\"@id\":\"https:\/\/xstyle.md\/product\/trusy-muzhskie-odlo-performance-light\/\",\"url\":\"https:\/\/xstyle.md\/product\/trusy-muzhskie-odlo-performance-light\/\",\"name\":\"\u0422\u0440\u0443\u0441\u044b Odlo Brief Performance Light - \u041c\u0430\u0433\u0430\u0437\u0438\u043d Xstyle\",\"isPartOf\":{\"@id\":\"https:\/\/xstyle.md\/#website\"},\"primaryImageOfPage\":{\"@id\":\"https:\/\/xstyle.md\/product\/trusy-muzhskie-odlo-performance-light\/#primaryimage\"},\"image\":{\"@id\":\"https:\/\/xstyle.md\/product\/trusy-muzhskie-odlo-performance-light\/#primaryimage\"},\"thumbnailUrl\":\"https:\/\/xstyle.md\/wp-content\/uploads\/2020\/07\/280692.jpg\",\"datePublished\":\"2020-07-17T16:08:00+00:00\",\"dateModified\":\"2026-04-07T12:23:06+00:00\",\"description\":\"\u0422\u0440\u0443\u0441\u044b Odlo Brief Performance Light \u0438\u0434\u0435\u0430\u043b\u044c\u043d\u043e \u043f\u043e\u0434\u0445\u043e\u0434\u044f\u0442 \u0434\u043b\u044f \u0430\u043a\u0442\u0438\u0432\u043d\u044b\u0445 \u043c\u0443\u0436\u0447\u0438\u043d. \u041e\u0431\u0435\u0441\u043f\u0435\u0447\u0438\u0432\u0430\u044e\u0442 \u043a\u043e\u043c\u0444\u043e\u0440\u0442, \u0442\u0435\u0440\u043c\u043e\u0440\u0435\u0433\u0443\u043b\u044f\u0446\u0438\u044e \u0438 \u043e\u0442\u043b\u0438\u0447\u043d\u043e\u0435 \u043e\u0442\u0432\u0435\u0434\u0435\u043d\u0438\u0435 \u0432\u043b\u0430\u0433\u0438.\",\"breadcrumb\":{\"@id\":\"https:\/\/xstyle.md\/product\/trusy-muzhskie-odlo-performance-light\/#breadcrumb\"},\"inLanguage\":\"ro-RO\",\"potentialAction\":[{\"@type\":\"ReadAction\",\"target\":[\"https:\/\/xstyle.md\/product\/trusy-muzhskie-odlo-performance-light\/\"]}]},{\"@type\":\"ImageObject\",\"inLanguage\":\"ro-RO\",\"@id\":\"https:\/\/xstyle.md\/product\/trusy-muzhskie-odlo-performance-light\/#primaryimage\",\"url\":\"https:\/\/xstyle.md\/wp-content\/uploads\/2020\/07\/280692.jpg\",\"contentUrl\":\"https:\/\/xstyle.md\/wp-content\/uploads\/2020\/07\/280692.jpg\",\"width\":570,\"height\":570},{\"@type\":\"BreadcrumbList\",\"@id\":\"https:\/\/xstyle.md\/product\/trusy-muzhskie-odlo-performance-light\/#breadcrumb\",\"itemListElement\":[{\"@type\":\"ListItem\",\"position\":1,\"name\":\"\u0413\u043b\u0430\u0432\u043d\u0430\u044f \u0441\u0442\u0440\u0430\u043d\u0438\u0446\u0430\",\"item\":\"https:\/\/xstyle.md\/\"},{\"@type\":\"ListItem\",\"position\":2,\"name\":\"\u041c\u0430\u0433\u0430\u0437\u0438\u043d\",\"item\":\"https:\/\/xstyle.md\/shop\/\"},{\"@type\":\"ListItem\",\"position\":3,\"name\":\"\u0422\u0440\u0443\u0441\u044b Odlo Brief Performance Light\"}]},{\"@type\":\"WebSite\",\"@id\":\"https:\/\/xstyle.md\/#website\",\"url\":\"https:\/\/xstyle.md\/\",\"name\":\"\u041c\u0430\u0433\u0430\u0437\u0438\u043d Xstyle\",\"description\":\"C\u043d\u0430\u0440\u044f\u0436\u0435\u043d\u0438\u0435 \u0434\u043b\u044f \u0442\u0443\u0440\u0438\u0437\u043c\u0430 \u0438 \u044d\u043a\u0441\u0442\u0440\u0435\u043c\u0430\u043b\u044c\u043d\u044b\u0445 \u0432\u0438\u0434\u043e\u0432 \u0441\u043f\u043e\u0440\u0442\u0430 \u0432 \u041c\u043e\u043b\u0434\u043e\u0432\u0435.. \u0426\u0435\u043d\u044b, \u0444\u043e\u0442\u043e, \u0445\u0430\u0440\u0430\u043a\u0442\u0435\u0440\u0438\u0441\u0442\u0438\u043a\u0438 \u0432 \u041c\u043e\u043b\u0434\u043e\u0432\u0435.\",\"publisher\":{\"@id\":\"https:\/\/xstyle.md\/#organization\"},\"alternateName\":\"X-Style\",\"potentialAction\":[{\"@type\":\"SearchAction\",\"target\":{\"@type\":\"EntryPoint\",\"urlTemplate\":\"https:\/\/xstyle.md\/?s={search_term_string}\"},\"query-input\":{\"@type\":\"PropertyValueSpecification\",\"valueRequired\":true,\"valueName\":\"search_term_string\"}}],\"inLanguage\":\"ro-RO\"},{\"@type\":\"Organization\",\"@id\":\"https:\/\/xstyle.md\/#organization\",\"name\":\"\u041c\u0430\u0433\u0430\u0437\u0438\u043d Xstyle\",\"alternateName\":\"x-style\",\"url\":\"https:\/\/xstyle.md\/\",\"logo\":{\"@type\":\"ImageObject\",\"inLanguage\":\"ro-RO\",\"@id\":\"https:\/\/xstyle.md\/#\/schema\/logo\/image\/\",\"url\":\"https:\/\/xstyle.md\/wp-content\/uploads\/2020\/06\/logoicon.svg\",\"contentUrl\":\"https:\/\/xstyle.md\/wp-content\/uploads\/2020\/06\/logoicon.svg\",\"caption\":\"\u041c\u0430\u0433\u0430\u0437\u0438\u043d Xstyle\"},\"image\":{\"@id\":\"https:\/\/xstyle.md\/#\/schema\/logo\/image\/\"},\"sameAs\":[\"https:\/\/www.facebook.com\/xstylemd\",\"https:\/\/www.instagram.com\/xstyle_md\/\",\"https:\/\/t.me\/xstyle_outdoor\"],\"hasMerchantReturnPolicy\":{\"@type\":\"MerchantReturnPolicy\",\"merchantReturnLink\":\"https:\/\/xstyle.md\/ro\/conditions\/\"}}]}<\/script>\n<meta property=\"product:price:amount\" content=\"470.00\" \/>\n<meta property=\"product:price:currency\" content=\"MDL\" \/>\n<meta property=\"og:availability\" content=\"instock\" \/>\n<meta property=\"product:availability\" content=\"instock\" \/>\n<meta property=\"product:retailer_item_id\" content=\"7613361395000\" \/>\n<meta property=\"product:condition\" content=\"new\" \/>\n<!-- \/ Yoast SEO plugin. -->","yoast_head_json":{"title":"Chilo\u021bi Odlo Brief Performance Light - Magazin Xstyle","description":"Boxeri Odlo Brief Performance Light sunt perfecti pentru b\u0103rba\u021bii activi. Ofer\u0103 confort, termoregulare \u0219i o excelent\u0103 evacuare a umidit\u0103\u021bii.","robots":{"index":"index","follow":"follow","max-snippet":"max-snippet:-1","max-image-preview":"max-image-preview:large","max-video-preview":"max-video-preview:-1"},"canonical":"https:\/\/xstyle.md\/ro\/produs\/trusy-muzhskie-odlo-performance-light\/","og_locale":"ro_RO","og_type":"article","og_title":"\u0422\u0440\u0443\u0441\u044b Odlo Brief Performance Light - \u041c\u0430\u0433\u0430\u0437\u0438\u043d Xstyle","og_description":"\u0422\u0440\u0443\u0441\u044b Odlo Brief Performance Light \u0438\u0434\u0435\u0430\u043b\u044c\u043d\u043e \u043f\u043e\u0434\u0445\u043e\u0434\u044f\u0442 \u0434\u043b\u044f \u0430\u043a\u0442\u0438\u0432\u043d\u044b\u0445 \u043c\u0443\u0436\u0447\u0438\u043d. \u041e\u0431\u0435\u0441\u043f\u0435\u0447\u0438\u0432\u0430\u044e\u0442 \u043a\u043e\u043c\u0444\u043e\u0440\u0442, \u0442\u0435\u0440\u043c\u043e\u0440\u0435\u0433\u0443\u043b\u044f\u0446\u0438\u044e \u0438 \u043e\u0442\u043b\u0438\u0447\u043d\u043e\u0435 \u043e\u0442\u0432\u0435\u0434\u0435\u043d\u0438\u0435 \u0432\u043b\u0430\u0433\u0438.","og_url":"https:\/\/xstyle.md\/ro\/produs\/trusy-muzhskie-odlo-performance-light\/","og_site_name":"\u041c\u0430\u0433\u0430\u0437\u0438\u043d Xstyle","article_publisher":"https:\/\/www.facebook.com\/xstylemd","article_modified_time":"2026-04-07T12:23:06+00:00","og_image":[{"width":570,"height":570,"url":"https:\/\/xstyle.md\/wp-content\/uploads\/2020\/07\/280692.jpg","type":"image\/jpeg"}],"twitter_card":"summary_large_image","twitter_misc":{"Pre\u021b":"470&nbsp;MDL","Disponibilitate":"\u00cen stoc"},"schema":{"@context":"https:\/\/schema.org","@graph":[{"@type":"WebPage","@id":"https:\/\/xstyle.md\/product\/trusy-muzhskie-odlo-performance-light\/","url":"https:\/\/xstyle.md\/product\/trusy-muzhskie-odlo-performance-light\/","name":"Chilo\u021bi Odlo Brief Performance Light - Magazin Xstyle","isPartOf":{"@id":"https:\/\/xstyle.md\/#website"},"primaryImageOfPage":{"@id":"https:\/\/xstyle.md\/product\/trusy-muzhskie-odlo-performance-light\/#primaryimage"},"image":{"@id":"https:\/\/xstyle.md\/product\/trusy-muzhskie-odlo-performance-light\/#primaryimage"},"thumbnailUrl":"https:\/\/xstyle.md\/wp-content\/uploads\/2020\/07\/280692.jpg","datePublished":"2020-07-17T16:08:00+00:00","dateModified":"2026-04-07T12:23:06+00:00","description":"Boxeri Odlo Brief Performance Light sunt perfecti pentru b\u0103rba\u021bii activi. Ofer\u0103 confort, termoregulare \u0219i o excelent\u0103 evacuare a umidit\u0103\u021bii.","breadcrumb":{"@id":"https:\/\/xstyle.md\/product\/trusy-muzhskie-odlo-performance-light\/#breadcrumb"},"inLanguage":"ro-RO","potentialAction":[{"@type":"ReadAction","target":["https:\/\/xstyle.md\/product\/trusy-muzhskie-odlo-performance-light\/"]}]},{"@type":"ImageObject","inLanguage":"ro-RO","@id":"https:\/\/xstyle.md\/product\/trusy-muzhskie-odlo-performance-light\/#primaryimage","url":"https:\/\/xstyle.md\/wp-content\/uploads\/2020\/07\/280692.jpg","contentUrl":"https:\/\/xstyle.md\/wp-content\/uploads\/2020\/07\/280692.jpg","width":570,"height":570},{"@type":"BreadcrumbList","@id":"https:\/\/xstyle.md\/product\/trusy-muzhskie-odlo-performance-light\/#breadcrumb","itemListElement":[{"@type":"ListItem","position":1,"name":"\u0413\u043b\u0430\u0432\u043d\u0430\u044f \u0441\u0442\u0440\u0430\u043d\u0438\u0446\u0430","item":"https:\/\/xstyle.md\/"},{"@type":"ListItem","position":2,"name":"\u041c\u0430\u0433\u0430\u0437\u0438\u043d","item":"https:\/\/xstyle.md\/shop\/"},{"@type":"ListItem","position":3,"name":"\u0422\u0440\u0443\u0441\u044b Odlo Brief Performance Light"}]},{"@type":"WebSite","@id":"https:\/\/xstyle.md\/#website","url":"https:\/\/xstyle.md\/","name":"Magazinul X-Style","description":"Echipamente pentru turism \u0219i sporturi extreme \u00een Moldova. Pre\u021buri, fotografii, caracteristici \u00een Moldova.","publisher":{"@id":"https:\/\/xstyle.md\/#organization"},"alternateName":"X-Style","potentialAction":[{"@type":"SearchAction","target":{"@type":"EntryPoint","urlTemplate":"https:\/\/xstyle.md\/?s={search_term_string}"},"query-input":{"@type":"PropertyValueSpecification","valueRequired":true,"valueName":"search_term_string"}}],"inLanguage":"ro-RO"},{"@type":"Organization","@id":"https:\/\/xstyle.md\/#organization","name":"Magazinul X-Style","alternateName":"x-style","url":"https:\/\/xstyle.md\/","logo":{"@type":"ImageObject","inLanguage":"ro-RO","@id":"https:\/\/xstyle.md\/#\/schema\/logo\/image\/","url":"https:\/\/xstyle.md\/wp-content\/uploads\/2020\/06\/logoicon.svg","contentUrl":"https:\/\/xstyle.md\/wp-content\/uploads\/2020\/06\/logoicon.svg","caption":"\u041c\u0430\u0433\u0430\u0437\u0438\u043d Xstyle"},"image":{"@id":"https:\/\/xstyle.md\/#\/schema\/logo\/image\/"},"sameAs":["https:\/\/www.facebook.com\/xstylemd","https:\/\/www.instagram.com\/xstyle_md\/","https:\/\/t.me\/xstyle_outdoor"],"hasMerchantReturnPolicy":{"@type":"MerchantReturnPolicy","merchantReturnLink":"https:\/\/xstyle.md\/ro\/conditions\/"}}]},"product_price_amount":"470.00","product_price_currency":"MDL","og_availability":"instock","product_availability":"instock","product_retailer_item_id":"7613361395000","product_condition":"new"},"post_mailing_queue_ids":[],"_links":{"self":[{"href":"https:\/\/xstyle.md\/ro\/wp-json\/wp\/v2\/product\/18464","targetHints":{"allow":["GET"]}}],"collection":[{"href":"https:\/\/xstyle.md\/ro\/wp-json\/wp\/v2\/product"}],"about":[{"href":"https:\/\/xstyle.md\/ro\/wp-json\/wp\/v2\/types\/product"}],"replies":[{"embeddable":true,"href":"https:\/\/xstyle.md\/ro\/wp-json\/wp\/v2\/comments?post=18464"}],"wp:featuredmedia":[{"embeddable":true,"href":"https:\/\/xstyle.md\/ro\/wp-json\/wp\/v2\/media\/18462"}],"wp:attachment":[{"href":"https:\/\/xstyle.md\/ro\/wp-json\/wp\/v2\/media?parent=18464"}],"wp:term":[{"taxonomy":"product_brand","embeddable":true,"href":"https:\/\/xstyle.md\/ro\/wp-json\/wp\/v2\/product_brand?post=18464"},{"taxonomy":"product_cat","embeddable":true,"href":"https:\/\/xstyle.md\/ro\/wp-json\/wp\/v2\/product_cat?post=18464"},{"taxonomy":"product_tag","embeddable":true,"href":"https:\/\/xstyle.md\/ro\/wp-json\/wp\/v2\/product_tag?post=18464"}],"curies":[{"name":"wp","href":"https:\/\/api.w.org\/{rel}","templated":true}]}}