{"id":18391,"date":"2020-07-17T19:02:49","date_gmt":"2020-07-17T16:02:49","guid":{"rendered":"https:\/\/xstyle.md\/product\/gamak-amazonas-adventure-hammock-moskito-thermo"},"modified":"2026-03-19T16:37:58","modified_gmt":"2026-03-19T13:37:58","slug":"gamak-amazonas-adventure-hammock-moskito-thermo","status":"publish","type":"product","link":"https:\/\/xstyle.md\/ro\/produs\/gamak-amazonas-adventure-hammock-moskito-thermo\/","title":{"rendered":"Hamac Amazonas Adventure Hammock Moskito Thermo"},"content":{"rendered":"<\/p>\n<p><strong>Amazonas Adventure Hammock Moskito Thermo <\/strong>&#8212; hamacul este un strat dublu de \u021bes\u0103tur\u0103, cu o plas\u0103 de \u021b\u00e2n\u021bari pentru protec\u021bie \u00eempotriva insectelor. Hamacul este ata\u0219at de o coard\u0103 de \u00eenalt\u0103 rezisten\u021b\u0103, a c\u0103rei parte central\u0103 formeaz\u0103 bolta superioar\u0103 a hamacului \u0219i, \u00eempreun\u0103 cu \u00eentinderile laterale, creeaz\u0103 forma \u0219i spa\u021biul interior al acestuia. Pe partea exterioar\u0103 a hamacului se afl\u0103 un buzunar pentru izola\u021bie (saltea de drume\u021bie\/karemat\/ spum\u0103). Acesta este format din dou\u0103 straturi ale \u021bes\u0103turii hamacului. \u00centinderile laterale ale hamacului sunt realizate din cablu elastic pentru a compensa c\u0103derea sub presiune \u0219i balansarea.<\/p>\n<p>\u021aes\u0103tura \u0219i plasa de \u021b\u00e2n\u021bari sunt impregnate cu protec\u021bie \u00eempotriva insectelor Tanatex. Aceast\u0103 impregnare ofer\u0103 protec\u021bie \u00eempotriva p\u0103trunderii \u0219i a insectelor t\u00e2r\u00e2toare, care nici m\u0103car nu se vor a\u0219eza pe hamac sau pe plas\u0103. Complet sigur\u0103 pentru oameni, nu irit\u0103 pielea, este inodor\u0103 \u0219i poate rezista p\u00e2n\u0103 la 15 sp\u0103l\u0103ri. Hamac turistic cu baldachin \u0219i plas\u0103 de \u021b\u00e2n\u021bari &#8212; o op\u021biune excelent\u0103 pentru pescari \u0219i v\u00e2n\u0103tori.<\/p>\n<h3>Particularit\u0103\u021bi<\/h3>\n<ul>\n<li>Fabricat din nailon ripstop durabil, respirabil \u0219i prietenos cu pielea.<\/li>\n<li>Are un buzunar special \u00een partea de jos pentru un covora\u0219 sau o spum\u0103 autogonflabil\u0103 pentru utilizarea \u00een condi\u021bii de frig.<\/li>\n<li>Include dou\u0103 bare de \u00eempr\u0103\u0219tiere pentru a m\u0103ri volumul plasei de \u021b\u00e2n\u021bari.<\/li>\n<li>\u021aes\u0103tura \u0219i plasa de \u021b\u00e2n\u021bari sunt impregnate cu repelent de insecte Tanatex. Aceast\u0103 impregnare ofer\u0103 protec\u021bie \u00eempotriva insectelor penetrante \u0219i t\u00e2r\u00e2toare care nici m\u0103car nu se vor a\u0219eza pe hamac sau pe plas\u0103. Complet sigur\u0103 pentru oameni, nu irit\u0103 pielea, este inodor\u0103 \u0219i poate rezista p\u00e2n\u0103 la 15 sp\u0103l\u0103ri.<\/li>\n<\/ul>\n<h3>Caracteristici<\/h3>\n<ul>\n<li>Material &#8212; nailon ripstop<\/li>\n<li>Dimensiuni &#8212; 275 x 140 cm<\/li>\n<li>Dimensiuni sub saltea &#8212; 185 x 60<\/li>\n<li>Dimensiunile ambalajului &#8212; 33 x 3,5 cm<\/li>\n<li>Sarcina maxim\u0103 &#8212; 150 kg<\/li>\n<li>Greutate &#8212; 470 g.<\/li>\n<\/ul>\n<h3>Marca<\/h3>\n<p>Amazonas sunt unii dintre cei mai importan\u021bi produc\u0103tori de hamace. Ace\u0219tia sunt cunoscu\u021bi \u00een principal pentru hamacele lor originale din bumbac brazilian. De asemenea, ace\u0219tia produc o gam\u0103 de hamace ultrau\u0219oare \u0219i accesorii pentru c\u0103l\u0103tori, cum ar fi scaune suspendate, corturi \u0219i p\u0103turi pentru relaxare, precum \u0219i o gam\u0103 de produse pentru copii (c\u0103rucioare, hamace, scaune etc.).<\/p>\n<p><\/p>","protected":false},"excerpt":{"rendered":"<p>Hamac Amazonas Adventure Hammock Moskito Thermo<\/p>","protected":false},"featured_media":18382,"comment_status":"open","ping_status":"closed","template":"","meta":{"_acf_changed":false,"inline_featured_image":false},"product_brand":[1285],"product_cat":[198],"product_tag":[],"class_list":{"0":"post-18391","1":"product","2":"type-product","3":"status-publish","4":"has-post-thumbnail","6":"product_brand-amazonas","7":"product_cat-tourist-hammocks","9":"first","10":"instock","11":"shipping-taxable","12":"purchasable","13":"product-type-simple"},"acf":[],"yoast_head":"<!-- This site is optimized with the Yoast SEO plugin v27.4 - https:\/\/yoast.com\/product\/yoast-seo-wordpress\/ -->\n<title>\u0413\u0430\u043c\u0430\u043a Amazonas Adventure Hammock Moskito Thermo - \u041c\u0430\u0433\u0430\u0437\u0438\u043d Xstyle<\/title>\n<meta name=\"description\" content=\"\u041e\u0442\u043a\u0440\u043e\u0439\u0442\u0435 \u0434\u043b\u044f \u0441\u0435\u0431\u044f \u0433\u0430\u043c\u0430\u043a Amazonas Adventure Hammock Moskito Thermo \u0441 \u0437\u0430\u0449\u0438\u0442\u043e\u0439 \u043e\u0442 \u043d\u0430\u0441\u0435\u043a\u043e\u043c\u044b\u0445, \u0434\u0432\u043e\u0439\u043d\u043e\u0439 \u0442\u043a\u0430\u043d\u044c\u044e \u0438 \u043f\u0440\u043e\u0447\u043d\u044b\u043c \u043a\u0430\u0440\u043a\u0430\u0441\u043e\u043c. \u0418\u0434\u0435\u0430\u043b\u0435\u043d \u0434\u043b\u044f \u043f\u0440\u0438\u043a\u043b\u044e\u0447\u0435\u043d\u0438\u0439!\" \/>\n<meta name=\"robots\" content=\"index, follow, max-snippet:-1, max-image-preview:large, max-video-preview:-1\" \/>\n<link rel=\"canonical\" href=\"https:\/\/xstyle.md\/ro\/produs\/gamak-amazonas-adventure-hammock-moskito-thermo\/\" \/>\n<meta property=\"og:locale\" content=\"ro_RO\" \/>\n<meta property=\"og:type\" content=\"article\" \/>\n<meta property=\"og:title\" content=\"\u0413\u0430\u043c\u0430\u043a Amazonas Adventure Hammock Moskito Thermo - \u041c\u0430\u0433\u0430\u0437\u0438\u043d Xstyle\" \/>\n<meta property=\"og:description\" content=\"\u041e\u0442\u043a\u0440\u043e\u0439\u0442\u0435 \u0434\u043b\u044f \u0441\u0435\u0431\u044f \u0433\u0430\u043c\u0430\u043a Amazonas Adventure Hammock Moskito Thermo \u0441 \u0437\u0430\u0449\u0438\u0442\u043e\u0439 \u043e\u0442 \u043d\u0430\u0441\u0435\u043a\u043e\u043c\u044b\u0445, \u0434\u0432\u043e\u0439\u043d\u043e\u0439 \u0442\u043a\u0430\u043d\u044c\u044e \u0438 \u043f\u0440\u043e\u0447\u043d\u044b\u043c \u043a\u0430\u0440\u043a\u0430\u0441\u043e\u043c. \u0418\u0434\u0435\u0430\u043b\u0435\u043d \u0434\u043b\u044f \u043f\u0440\u0438\u043a\u043b\u044e\u0447\u0435\u043d\u0438\u0439!\" \/>\n<meta property=\"og:url\" content=\"https:\/\/xstyle.md\/ro\/produs\/gamak-amazonas-adventure-hammock-moskito-thermo\/\" \/>\n<meta property=\"og:site_name\" content=\"\u041c\u0430\u0433\u0430\u0437\u0438\u043d Xstyle\" \/>\n<meta property=\"article:publisher\" content=\"https:\/\/www.facebook.com\/xstylemd\" \/>\n<meta property=\"article:modified_time\" content=\"2026-03-19T13:37:58+00:00\" \/>\n<meta property=\"og:image\" content=\"https:\/\/xstyle.md\/wp-content\/uploads\/2020\/07\/gamak-amazonas-adventure-moskito-thermo.jpg\" \/>\n\t<meta property=\"og:image:width\" content=\"800\" \/>\n\t<meta property=\"og:image:height\" content=\"494\" \/>\n\t<meta property=\"og:image:type\" content=\"image\/jpeg\" \/>\n<meta name=\"twitter:card\" content=\"summary_large_image\" \/>\n<meta name=\"twitter:label1\" content=\"Pre\u021b\" \/>\n\t<meta name=\"twitter:data1\" content=\"2.290&nbsp;MDL\" \/>\n\t<meta name=\"twitter:label2\" content=\"Disponibilitate\" \/>\n\t<meta name=\"twitter:data2\" content=\"\u00cen stoc\" \/>\n<script type=\"application\/ld+json\" class=\"yoast-schema-graph\">{\"@context\":\"https:\\\/\\\/schema.org\",\"@graph\":[{\"@type\":\"WebPage\",\"@id\":\"https:\\\/\\\/xstyle.md\\\/product\\\/gamak-amazonas-adventure-hammock-moskito-thermo\\\/\",\"url\":\"https:\\\/\\\/xstyle.md\\\/product\\\/gamak-amazonas-adventure-hammock-moskito-thermo\\\/\",\"name\":\"\u0413\u0430\u043c\u0430\u043a Amazonas Adventure Hammock Moskito Thermo - \u041c\u0430\u0433\u0430\u0437\u0438\u043d Xstyle\",\"isPartOf\":{\"@id\":\"https:\\\/\\\/xstyle.md\\\/#website\"},\"primaryImageOfPage\":{\"@id\":\"https:\\\/\\\/xstyle.md\\\/product\\\/gamak-amazonas-adventure-hammock-moskito-thermo\\\/#primaryimage\"},\"image\":{\"@id\":\"https:\\\/\\\/xstyle.md\\\/product\\\/gamak-amazonas-adventure-hammock-moskito-thermo\\\/#primaryimage\"},\"thumbnailUrl\":\"https:\\\/\\\/xstyle.md\\\/wp-content\\\/uploads\\\/2020\\\/07\\\/gamak-amazonas-adventure-moskito-thermo.jpg\",\"datePublished\":\"2020-07-17T16:02:49+00:00\",\"dateModified\":\"2026-03-19T13:37:58+00:00\",\"description\":\"\u041e\u0442\u043a\u0440\u043e\u0439\u0442\u0435 \u0434\u043b\u044f \u0441\u0435\u0431\u044f \u0433\u0430\u043c\u0430\u043a Amazonas Adventure Hammock Moskito Thermo \u0441 \u0437\u0430\u0449\u0438\u0442\u043e\u0439 \u043e\u0442 \u043d\u0430\u0441\u0435\u043a\u043e\u043c\u044b\u0445, \u0434\u0432\u043e\u0439\u043d\u043e\u0439 \u0442\u043a\u0430\u043d\u044c\u044e \u0438 \u043f\u0440\u043e\u0447\u043d\u044b\u043c \u043a\u0430\u0440\u043a\u0430\u0441\u043e\u043c. \u0418\u0434\u0435\u0430\u043b\u0435\u043d \u0434\u043b\u044f \u043f\u0440\u0438\u043a\u043b\u044e\u0447\u0435\u043d\u0438\u0439!\",\"breadcrumb\":{\"@id\":\"https:\\\/\\\/xstyle.md\\\/product\\\/gamak-amazonas-adventure-hammock-moskito-thermo\\\/#breadcrumb\"},\"inLanguage\":\"ro-RO\",\"potentialAction\":[{\"@type\":\"ReadAction\",\"target\":[\"https:\\\/\\\/xstyle.md\\\/product\\\/gamak-amazonas-adventure-hammock-moskito-thermo\\\/\"]}]},{\"@type\":\"ImageObject\",\"inLanguage\":\"ro-RO\",\"@id\":\"https:\\\/\\\/xstyle.md\\\/product\\\/gamak-amazonas-adventure-hammock-moskito-thermo\\\/#primaryimage\",\"url\":\"https:\\\/\\\/xstyle.md\\\/wp-content\\\/uploads\\\/2020\\\/07\\\/gamak-amazonas-adventure-moskito-thermo.jpg\",\"contentUrl\":\"https:\\\/\\\/xstyle.md\\\/wp-content\\\/uploads\\\/2020\\\/07\\\/gamak-amazonas-adventure-moskito-thermo.jpg\",\"width\":800,\"height\":494},{\"@type\":\"BreadcrumbList\",\"@id\":\"https:\\\/\\\/xstyle.md\\\/product\\\/gamak-amazonas-adventure-hammock-moskito-thermo\\\/#breadcrumb\",\"itemListElement\":[{\"@type\":\"ListItem\",\"position\":1,\"name\":\"\u0413\u043b\u0430\u0432\u043d\u0430\u044f \u0441\u0442\u0440\u0430\u043d\u0438\u0446\u0430\",\"item\":\"https:\\\/\\\/xstyle.md\\\/\"},{\"@type\":\"ListItem\",\"position\":2,\"name\":\"\u041c\u0430\u0433\u0430\u0437\u0438\u043d\",\"item\":\"https:\\\/\\\/xstyle.md\\\/shop\\\/\"},{\"@type\":\"ListItem\",\"position\":3,\"name\":\"\u0413\u0430\u043c\u0430\u043a Amazonas Adventure Hammock Moskito Thermo\"}]},{\"@type\":\"WebSite\",\"@id\":\"https:\\\/\\\/xstyle.md\\\/#website\",\"url\":\"https:\\\/\\\/xstyle.md\\\/\",\"name\":\"\u041c\u0430\u0433\u0430\u0437\u0438\u043d Xstyle\",\"description\":\"C\u043d\u0430\u0440\u044f\u0436\u0435\u043d\u0438\u0435 \u0434\u043b\u044f \u0442\u0443\u0440\u0438\u0437\u043c\u0430 \u0438 \u044d\u043a\u0441\u0442\u0440\u0435\u043c\u0430\u043b\u044c\u043d\u044b\u0445 \u0432\u0438\u0434\u043e\u0432 \u0441\u043f\u043e\u0440\u0442\u0430 \u0432 \u041c\u043e\u043b\u0434\u043e\u0432\u0435.. \u0426\u0435\u043d\u044b, \u0444\u043e\u0442\u043e, \u0445\u0430\u0440\u0430\u043a\u0442\u0435\u0440\u0438\u0441\u0442\u0438\u043a\u0438 \u0432 \u041c\u043e\u043b\u0434\u043e\u0432\u0435.\",\"publisher\":{\"@id\":\"https:\\\/\\\/xstyle.md\\\/#organization\"},\"alternateName\":\"X-Style\",\"potentialAction\":[{\"@type\":\"SearchAction\",\"target\":{\"@type\":\"EntryPoint\",\"urlTemplate\":\"https:\\\/\\\/xstyle.md\\\/?s={search_term_string}\"},\"query-input\":{\"@type\":\"PropertyValueSpecification\",\"valueRequired\":true,\"valueName\":\"search_term_string\"}}],\"inLanguage\":\"ro-RO\"},{\"@type\":\"Organization\",\"@id\":\"https:\\\/\\\/xstyle.md\\\/#organization\",\"name\":\"\u041c\u0430\u0433\u0430\u0437\u0438\u043d Xstyle\",\"alternateName\":\"x-style\",\"url\":\"https:\\\/\\\/xstyle.md\\\/\",\"logo\":{\"@type\":\"ImageObject\",\"inLanguage\":\"ro-RO\",\"@id\":\"https:\\\/\\\/xstyle.md\\\/#\\\/schema\\\/logo\\\/image\\\/\",\"url\":\"https:\\\/\\\/xstyle.md\\\/wp-content\\\/uploads\\\/2020\\\/06\\\/logoicon.svg\",\"contentUrl\":\"https:\\\/\\\/xstyle.md\\\/wp-content\\\/uploads\\\/2020\\\/06\\\/logoicon.svg\",\"caption\":\"\u041c\u0430\u0433\u0430\u0437\u0438\u043d Xstyle\"},\"image\":{\"@id\":\"https:\\\/\\\/xstyle.md\\\/#\\\/schema\\\/logo\\\/image\\\/\"},\"sameAs\":[\"https:\\\/\\\/www.facebook.com\\\/xstylemd\",\"https:\\\/\\\/www.instagram.com\\\/xstyle_md\\\/\",\"https:\\\/\\\/t.me\\\/xstyle_outdoor\"],\"hasMerchantReturnPolicy\":{\"@type\":\"MerchantReturnPolicy\",\"merchantReturnLink\":\"https:\\\/\\\/xstyle.md\\\/ro\\\/conditions\\\/\"}}]}<\/script>\n<meta property=\"product:price:amount\" content=\"2290.00\" \/>\n<meta property=\"product:price:currency\" content=\"MDL\" \/>\n<meta property=\"og:availability\" content=\"instock\" \/>\n<meta property=\"product:availability\" content=\"instock\" \/>\n<meta property=\"product:retailer_item_id\" content=\"4030454006330\" \/>\n<meta property=\"product:condition\" content=\"new\" \/>\n<!-- \/ Yoast SEO plugin. -->","yoast_head_json":{"title":"Hamac Amazonas Adventure Hammock Moskito Thermo - Magazin Xstyle","description":"Descoperi\u021bi hamacul Amazonas Adventure Hammock Moskito Thermo cu protec\u021bie \u00eempotriva insectelor, \u021bes\u0103tur\u0103 dubl\u0103 \u0219i cadru robust. Ideal pentru aventuri!","robots":{"index":"index","follow":"follow","max-snippet":"max-snippet:-1","max-image-preview":"max-image-preview:large","max-video-preview":"max-video-preview:-1"},"canonical":"https:\/\/xstyle.md\/ro\/produs\/gamak-amazonas-adventure-hammock-moskito-thermo\/","og_locale":"ro_RO","og_type":"article","og_title":"\u0413\u0430\u043c\u0430\u043a Amazonas Adventure Hammock Moskito Thermo - \u041c\u0430\u0433\u0430\u0437\u0438\u043d Xstyle","og_description":"\u041e\u0442\u043a\u0440\u043e\u0439\u0442\u0435 \u0434\u043b\u044f \u0441\u0435\u0431\u044f \u0433\u0430\u043c\u0430\u043a Amazonas Adventure Hammock Moskito Thermo \u0441 \u0437\u0430\u0449\u0438\u0442\u043e\u0439 \u043e\u0442 \u043d\u0430\u0441\u0435\u043a\u043e\u043c\u044b\u0445, \u0434\u0432\u043e\u0439\u043d\u043e\u0439 \u0442\u043a\u0430\u043d\u044c\u044e \u0438 \u043f\u0440\u043e\u0447\u043d\u044b\u043c \u043a\u0430\u0440\u043a\u0430\u0441\u043e\u043c. \u0418\u0434\u0435\u0430\u043b\u0435\u043d \u0434\u043b\u044f \u043f\u0440\u0438\u043a\u043b\u044e\u0447\u0435\u043d\u0438\u0439!","og_url":"https:\/\/xstyle.md\/ro\/produs\/gamak-amazonas-adventure-hammock-moskito-thermo\/","og_site_name":"\u041c\u0430\u0433\u0430\u0437\u0438\u043d Xstyle","article_publisher":"https:\/\/www.facebook.com\/xstylemd","article_modified_time":"2026-03-19T13:37:58+00:00","og_image":[{"width":800,"height":494,"url":"https:\/\/xstyle.md\/wp-content\/uploads\/2020\/07\/gamak-amazonas-adventure-moskito-thermo.jpg","type":"image\/jpeg"}],"twitter_card":"summary_large_image","twitter_misc":{"Pre\u021b":"2.290&nbsp;MDL","Disponibilitate":"\u00cen stoc"},"schema":{"@context":"https:\/\/schema.org","@graph":[{"@type":"WebPage","@id":"https:\/\/xstyle.md\/product\/gamak-amazonas-adventure-hammock-moskito-thermo\/","url":"https:\/\/xstyle.md\/product\/gamak-amazonas-adventure-hammock-moskito-thermo\/","name":"Hamac Amazonas Adventure Hammock Moskito Thermo - Magazin Xstyle","isPartOf":{"@id":"https:\/\/xstyle.md\/#website"},"primaryImageOfPage":{"@id":"https:\/\/xstyle.md\/product\/gamak-amazonas-adventure-hammock-moskito-thermo\/#primaryimage"},"image":{"@id":"https:\/\/xstyle.md\/product\/gamak-amazonas-adventure-hammock-moskito-thermo\/#primaryimage"},"thumbnailUrl":"https:\/\/xstyle.md\/wp-content\/uploads\/2020\/07\/gamak-amazonas-adventure-moskito-thermo.jpg","datePublished":"2020-07-17T16:02:49+00:00","dateModified":"2026-03-19T13:37:58+00:00","description":"Descoperi\u021bi hamacul Amazonas Adventure Hammock Moskito Thermo cu protec\u021bie \u00eempotriva insectelor, \u021bes\u0103tur\u0103 dubl\u0103 \u0219i cadru robust. Ideal pentru aventuri!","breadcrumb":{"@id":"https:\/\/xstyle.md\/product\/gamak-amazonas-adventure-hammock-moskito-thermo\/#breadcrumb"},"inLanguage":"ro-RO","potentialAction":[{"@type":"ReadAction","target":["https:\/\/xstyle.md\/product\/gamak-amazonas-adventure-hammock-moskito-thermo\/"]}]},{"@type":"ImageObject","inLanguage":"ro-RO","@id":"https:\/\/xstyle.md\/product\/gamak-amazonas-adventure-hammock-moskito-thermo\/#primaryimage","url":"https:\/\/xstyle.md\/wp-content\/uploads\/2020\/07\/gamak-amazonas-adventure-moskito-thermo.jpg","contentUrl":"https:\/\/xstyle.md\/wp-content\/uploads\/2020\/07\/gamak-amazonas-adventure-moskito-thermo.jpg","width":800,"height":494},{"@type":"BreadcrumbList","@id":"https:\/\/xstyle.md\/product\/gamak-amazonas-adventure-hammock-moskito-thermo\/#breadcrumb","itemListElement":[{"@type":"ListItem","position":1,"name":"\u0413\u043b\u0430\u0432\u043d\u0430\u044f \u0441\u0442\u0440\u0430\u043d\u0438\u0446\u0430","item":"https:\/\/xstyle.md\/"},{"@type":"ListItem","position":2,"name":"\u041c\u0430\u0433\u0430\u0437\u0438\u043d","item":"https:\/\/xstyle.md\/shop\/"},{"@type":"ListItem","position":3,"name":"\u0413\u0430\u043c\u0430\u043a Amazonas Adventure Hammock Moskito Thermo"}]},{"@type":"WebSite","@id":"https:\/\/xstyle.md\/#website","url":"https:\/\/xstyle.md\/","name":"Magazinul X-Style","description":"Echipamente pentru turism \u0219i sporturi extreme \u00een Moldova. Pre\u021buri, fotografii, caracteristici \u00een Moldova.","publisher":{"@id":"https:\/\/xstyle.md\/#organization"},"alternateName":"X-Style","potentialAction":[{"@type":"SearchAction","target":{"@type":"EntryPoint","urlTemplate":"https:\/\/xstyle.md\/?s={search_term_string}"},"query-input":{"@type":"PropertyValueSpecification","valueRequired":true,"valueName":"search_term_string"}}],"inLanguage":"ro-RO"},{"@type":"Organization","@id":"https:\/\/xstyle.md\/#organization","name":"Magazinul X-Style","alternateName":"x-style","url":"https:\/\/xstyle.md\/","logo":{"@type":"ImageObject","inLanguage":"ro-RO","@id":"https:\/\/xstyle.md\/#\/schema\/logo\/image\/","url":"https:\/\/xstyle.md\/wp-content\/uploads\/2020\/06\/logoicon.svg","contentUrl":"https:\/\/xstyle.md\/wp-content\/uploads\/2020\/06\/logoicon.svg","caption":"\u041c\u0430\u0433\u0430\u0437\u0438\u043d Xstyle"},"image":{"@id":"https:\/\/xstyle.md\/#\/schema\/logo\/image\/"},"sameAs":["https:\/\/www.facebook.com\/xstylemd","https:\/\/www.instagram.com\/xstyle_md\/","https:\/\/t.me\/xstyle_outdoor"],"hasMerchantReturnPolicy":{"@type":"MerchantReturnPolicy","merchantReturnLink":"https:\/\/xstyle.md\/ro\/conditions\/"}}]},"product_price_amount":"2290.00","product_price_currency":"MDL","og_availability":"instock","product_availability":"instock","product_retailer_item_id":"4030454006330","product_condition":"new"},"_links":{"self":[{"href":"https:\/\/xstyle.md\/ro\/wp-json\/wp\/v2\/product\/18391","targetHints":{"allow":["GET"]}}],"collection":[{"href":"https:\/\/xstyle.md\/ro\/wp-json\/wp\/v2\/product"}],"about":[{"href":"https:\/\/xstyle.md\/ro\/wp-json\/wp\/v2\/types\/product"}],"replies":[{"embeddable":true,"href":"https:\/\/xstyle.md\/ro\/wp-json\/wp\/v2\/comments?post=18391"}],"wp:featuredmedia":[{"embeddable":true,"href":"https:\/\/xstyle.md\/ro\/wp-json\/wp\/v2\/media\/18382"}],"wp:attachment":[{"href":"https:\/\/xstyle.md\/ro\/wp-json\/wp\/v2\/media?parent=18391"}],"wp:term":[{"taxonomy":"product_brand","embeddable":true,"href":"https:\/\/xstyle.md\/ro\/wp-json\/wp\/v2\/product_brand?post=18391"},{"taxonomy":"product_cat","embeddable":true,"href":"https:\/\/xstyle.md\/ro\/wp-json\/wp\/v2\/product_cat?post=18391"},{"taxonomy":"product_tag","embeddable":true,"href":"https:\/\/xstyle.md\/ro\/wp-json\/wp\/v2\/product_tag?post=18391"}],"curies":[{"name":"wp","href":"https:\/\/api.w.org\/{rel}","templated":true}]}}