{"id":18362,"date":"2020-07-17T19:00:46","date_gmt":"2020-07-17T16:00:46","guid":{"rendered":"https:\/\/xstyle.md\/product\/shorty-zhenskie-la-sportiva-nirvana"},"modified":"2026-03-19T16:37:56","modified_gmt":"2026-03-19T13:37:56","slug":"la-sportiva-nirvana-wmn-slate-aqua","status":"publish","type":"product","link":"https:\/\/xstyle.md\/ro\/produs\/la-sportiva-nirvana-wmn-slate-aqua\/","title":{"rendered":"Pantaloni scur\u021bi La Sportiva Nirvana Wmn slate\/aqua"},"content":{"rendered":"<\/p>\n<p><strong>La Sportiva Nirvana &#8212;\u00a0<\/strong>\u0219or\u021bi func\u021bionali \u0219i minimali\u0219ti, ideali pentru activit\u0103\u021bile de var\u0103, escaladarea \u00een sal\u0103 sau \u00een aer liber. Talia elastic\u0103 asigur\u0103 confort, \u00een timp ce o dantel\u0103 suplimentar\u0103 \u00eempiedic\u0103 alunecarea \u0219or\u021bilor. Buzunarul pentru ceas, o gaur\u0103 elastic\u0103 pentru cret\u0103 &#8212; tot ce are nevoie un alpinist va fi la \u00eendem\u00e2n\u0103.<\/p>\n<h3>Particularit\u0103\u021bi<\/h3>\n<ul>\n<li>Confort datorit\u0103 taliei elastice \u0219i reglabile;<\/li>\n<li>Bucl\u0103 integrat\u0103 pe partea din spate pentru un sac de magnezie;<\/li>\n<li>2 buzunare \u00een spate;<\/li>\n<li>2 buzunare frontale;<\/li>\n<li>Buzunar \u00eencorporat pentru ceas;<\/li>\n<li>Panou elastic pe partea din spate integrat pentru o libertate perfect\u0103 de mi\u0219care;<\/li>\n<li>Extrem de rezisten\u021bi.<\/li>\n<\/ul>\n<h3><strong>Caracteristici<\/strong><\/h3>\n<ul>\n<li>Material &#8212; bumbac, nailon, spandex;<\/li>\n<li>Sezon &#8212; prim\u0103var\u0103\/var\u0103;<\/li>\n<li>Aplicare &#8212; sport\/casual\/alpinism;<\/li>\n<li>Model - pentru femei.<\/li>\n<\/ul>\n<h3 class=\"clear\" data-reader-unique-id=\"30\">Marca<\/h3>\n<p data-reader-unique-id=\"31\">Compania italian\u0103 este cunoscut\u0103 de to\u021bi alpini\u0219tii \u2014 \u00eenc\u0103l\u021b\u0103mintea pentru alpinism La Sportiva \u0219i ghetele pentru altitudini mari sunt considerate cele mai bune din lume. Istoria brandului a \u00eenceput cu fabricarea \u00eenc\u0103l\u021b\u0103mintei din lemn, iar acum este unul dintre liderii mondiali \u00een produc\u021bia \u00eenc\u0103l\u021b\u0103mintei pentru munte. Toat\u0103 \u00eenc\u0103l\u021b\u0103mintea este \u00een continuare cusut\u0103 manual \u0219i numai din materiale de \u00eenalt\u0103 calitate, este confortabil\u0103, de \u00eencredere \u0219i are o durabilitate excelent\u0103. Al\u0103turi de \u00eenc\u0103l\u021b\u0103minte, compania produce \u0219i \u00eembr\u0103c\u0103minte high-tech pentru pasiona\u021bii de alpinism. Standardele \u00eenalte de calitate ale companiei \u0219i tehnologia \u00een evolu\u021bie au ajutat La Sportiva s\u0103 devin\u0103 unul dintre cele mai importante m\u0103rci de \u00eenc\u0103l\u021b\u0103minte \u0219i \u00eembr\u0103c\u0103minte la nivel mondial.<\/p>\n<p><\/p>","protected":false},"excerpt":{"rendered":"<p>Pantaloni scur\u021bi La Sportiva Nirvana Wmn slate\/aqua<\/p>","protected":false},"featured_media":18361,"comment_status":"open","ping_status":"closed","template":"","meta":{"_acf_changed":false,"inline_featured_image":false},"product_brand":[1410],"product_cat":[627,253],"product_tag":[],"class_list":{"0":"post-18362","1":"product","2":"type-product","3":"status-publish","4":"has-post-thumbnail","6":"product_brand-la-sportiva","7":"product_cat-haine-de-alpinism-femei","8":"product_cat-pantaloni-scurti-femei","10":"first","11":"instock","12":"shipping-taxable","13":"purchasable","14":"product-type-simple"},"acf":[],"yoast_head":"<!-- This site is optimized with the Yoast SEO plugin v27.4 - https:\/\/yoast.com\/product\/yoast-seo-wordpress\/ -->\n<title>\u0428\u043e\u0440\u0442\u044b La Sportiva Nirvana Wmn slate\/aqua - \u041c\u0430\u0433\u0430\u0437\u0438\u043d Xstyle<\/title>\n<meta name=\"description\" content=\"\u0428\u043e\u0440\u0442\u044b La Sportiva Nirvana Wmn slate\/aqua \u2013 \u0438\u0434\u0435\u0430\u043b\u044c\u043d\u044b \u0434\u043b\u044f \u043b\u0435\u0442\u0430 \u0438 \u0430\u043a\u0442\u0438\u0432\u043d\u044b\u0445 \u0437\u0430\u043d\u044f\u0442\u0438\u0439. \u0423\u0434\u043e\u0431\u043d\u0430\u044f \u0442\u0430\u043b\u0438\u044f, \u043f\u0440\u043e\u0447\u043d\u044b\u0439 \u043c\u0430\u0442\u0435\u0440\u0438\u0430\u043b \u0438 \u0444\u0443\u043d\u043a\u0446\u0438\u043e\u043d\u0430\u043b\u044c\u043d\u044b\u0435 \u043a\u0430\u0440\u043c\u0430\u043d\u044b \u0434\u043b\u044f \u0430\u043b\u044c\u043f\u0438\u043d\u0438\u0441\u0442\u043e\u0432.\" \/>\n<meta name=\"robots\" content=\"index, follow, max-snippet:-1, max-image-preview:large, max-video-preview:-1\" \/>\n<link rel=\"canonical\" href=\"https:\/\/xstyle.md\/ro\/produs\/la-sportiva-nirvana-wmn-slate-aqua\/\" \/>\n<meta property=\"og:locale\" content=\"ro_RO\" \/>\n<meta property=\"og:type\" content=\"article\" \/>\n<meta property=\"og:title\" content=\"\u0428\u043e\u0440\u0442\u044b La Sportiva Nirvana Wmn slate\/aqua - \u041c\u0430\u0433\u0430\u0437\u0438\u043d Xstyle\" \/>\n<meta property=\"og:description\" content=\"\u0428\u043e\u0440\u0442\u044b La Sportiva Nirvana Wmn slate\/aqua \u2013 \u0438\u0434\u0435\u0430\u043b\u044c\u043d\u044b \u0434\u043b\u044f \u043b\u0435\u0442\u0430 \u0438 \u0430\u043a\u0442\u0438\u0432\u043d\u044b\u0445 \u0437\u0430\u043d\u044f\u0442\u0438\u0439. \u0423\u0434\u043e\u0431\u043d\u0430\u044f \u0442\u0430\u043b\u0438\u044f, \u043f\u0440\u043e\u0447\u043d\u044b\u0439 \u043c\u0430\u0442\u0435\u0440\u0438\u0430\u043b \u0438 \u0444\u0443\u043d\u043a\u0446\u0438\u043e\u043d\u0430\u043b\u044c\u043d\u044b\u0435 \u043a\u0430\u0440\u043c\u0430\u043d\u044b \u0434\u043b\u044f \u0430\u043b\u044c\u043f\u0438\u043d\u0438\u0441\u0442\u043e\u0432.\" \/>\n<meta property=\"og:url\" content=\"https:\/\/xstyle.md\/ro\/produs\/la-sportiva-nirvana-wmn-slate-aqua\/\" \/>\n<meta property=\"og:site_name\" content=\"\u041c\u0430\u0433\u0430\u0437\u0438\u043d Xstyle\" \/>\n<meta property=\"article:publisher\" content=\"https:\/\/www.facebook.com\/xstylemd\" \/>\n<meta property=\"article:modified_time\" content=\"2026-03-19T13:37:56+00:00\" \/>\n<meta property=\"og:image\" content=\"https:\/\/xstyle.md\/wp-content\/uploads\/2020\/07\/la_sportiva_nirvana_short_w_i56903615_slate_aqua_1108.jpg\" \/>\n\t<meta property=\"og:image:width\" content=\"1330\" \/>\n\t<meta property=\"og:image:height\" content=\"1330\" \/>\n\t<meta property=\"og:image:type\" content=\"image\/jpeg\" \/>\n<meta name=\"twitter:card\" content=\"summary_large_image\" \/>\n<meta name=\"twitter:label1\" content=\"Pre\u021b\" \/>\n\t<meta name=\"twitter:data1\" content=\"1.780&nbsp;MDL\" \/>\n\t<meta name=\"twitter:label2\" content=\"Disponibilitate\" \/>\n\t<meta name=\"twitter:data2\" content=\"\u00cen stoc\" \/>\n<script type=\"application\/ld+json\" class=\"yoast-schema-graph\">{\"@context\":\"https:\\\/\\\/schema.org\",\"@graph\":[{\"@type\":\"WebPage\",\"@id\":\"https:\\\/\\\/xstyle.md\\\/product\\\/la-sportiva-nirvana-wmn-slate-aqua\\\/\",\"url\":\"https:\\\/\\\/xstyle.md\\\/product\\\/la-sportiva-nirvana-wmn-slate-aqua\\\/\",\"name\":\"\u0428\u043e\u0440\u0442\u044b La Sportiva Nirvana Wmn slate\\\/aqua - \u041c\u0430\u0433\u0430\u0437\u0438\u043d Xstyle\",\"isPartOf\":{\"@id\":\"https:\\\/\\\/xstyle.md\\\/#website\"},\"primaryImageOfPage\":{\"@id\":\"https:\\\/\\\/xstyle.md\\\/product\\\/la-sportiva-nirvana-wmn-slate-aqua\\\/#primaryimage\"},\"image\":{\"@id\":\"https:\\\/\\\/xstyle.md\\\/product\\\/la-sportiva-nirvana-wmn-slate-aqua\\\/#primaryimage\"},\"thumbnailUrl\":\"https:\\\/\\\/xstyle.md\\\/wp-content\\\/uploads\\\/2020\\\/07\\\/la_sportiva_nirvana_short_w_i56903615_slate_aqua_1108.jpg\",\"datePublished\":\"2020-07-17T16:00:46+00:00\",\"dateModified\":\"2026-03-19T13:37:56+00:00\",\"description\":\"\u0428\u043e\u0440\u0442\u044b La Sportiva Nirvana Wmn slate\\\/aqua \u2013 \u0438\u0434\u0435\u0430\u043b\u044c\u043d\u044b \u0434\u043b\u044f \u043b\u0435\u0442\u0430 \u0438 \u0430\u043a\u0442\u0438\u0432\u043d\u044b\u0445 \u0437\u0430\u043d\u044f\u0442\u0438\u0439. \u0423\u0434\u043e\u0431\u043d\u0430\u044f \u0442\u0430\u043b\u0438\u044f, \u043f\u0440\u043e\u0447\u043d\u044b\u0439 \u043c\u0430\u0442\u0435\u0440\u0438\u0430\u043b \u0438 \u0444\u0443\u043d\u043a\u0446\u0438\u043e\u043d\u0430\u043b\u044c\u043d\u044b\u0435 \u043a\u0430\u0440\u043c\u0430\u043d\u044b \u0434\u043b\u044f \u0430\u043b\u044c\u043f\u0438\u043d\u0438\u0441\u0442\u043e\u0432.\",\"breadcrumb\":{\"@id\":\"https:\\\/\\\/xstyle.md\\\/product\\\/la-sportiva-nirvana-wmn-slate-aqua\\\/#breadcrumb\"},\"inLanguage\":\"ro-RO\",\"potentialAction\":[{\"@type\":\"ReadAction\",\"target\":[\"https:\\\/\\\/xstyle.md\\\/product\\\/la-sportiva-nirvana-wmn-slate-aqua\\\/\"]}]},{\"@type\":\"ImageObject\",\"inLanguage\":\"ro-RO\",\"@id\":\"https:\\\/\\\/xstyle.md\\\/product\\\/la-sportiva-nirvana-wmn-slate-aqua\\\/#primaryimage\",\"url\":\"https:\\\/\\\/xstyle.md\\\/wp-content\\\/uploads\\\/2020\\\/07\\\/la_sportiva_nirvana_short_w_i56903615_slate_aqua_1108.jpg\",\"contentUrl\":\"https:\\\/\\\/xstyle.md\\\/wp-content\\\/uploads\\\/2020\\\/07\\\/la_sportiva_nirvana_short_w_i56903615_slate_aqua_1108.jpg\",\"width\":1330,\"height\":1330},{\"@type\":\"BreadcrumbList\",\"@id\":\"https:\\\/\\\/xstyle.md\\\/product\\\/la-sportiva-nirvana-wmn-slate-aqua\\\/#breadcrumb\",\"itemListElement\":[{\"@type\":\"ListItem\",\"position\":1,\"name\":\"\u0413\u043b\u0430\u0432\u043d\u0430\u044f \u0441\u0442\u0440\u0430\u043d\u0438\u0446\u0430\",\"item\":\"https:\\\/\\\/xstyle.md\\\/\"},{\"@type\":\"ListItem\",\"position\":2,\"name\":\"\u041c\u0430\u0433\u0430\u0437\u0438\u043d\",\"item\":\"https:\\\/\\\/xstyle.md\\\/shop\\\/\"},{\"@type\":\"ListItem\",\"position\":3,\"name\":\"\u0428\u043e\u0440\u0442\u044b La Sportiva Nirvana Wmn slate\\\/aqua\"}]},{\"@type\":\"WebSite\",\"@id\":\"https:\\\/\\\/xstyle.md\\\/#website\",\"url\":\"https:\\\/\\\/xstyle.md\\\/\",\"name\":\"\u041c\u0430\u0433\u0430\u0437\u0438\u043d Xstyle\",\"description\":\"C\u043d\u0430\u0440\u044f\u0436\u0435\u043d\u0438\u0435 \u0434\u043b\u044f \u0442\u0443\u0440\u0438\u0437\u043c\u0430 \u0438 \u044d\u043a\u0441\u0442\u0440\u0435\u043c\u0430\u043b\u044c\u043d\u044b\u0445 \u0432\u0438\u0434\u043e\u0432 \u0441\u043f\u043e\u0440\u0442\u0430 \u0432 \u041c\u043e\u043b\u0434\u043e\u0432\u0435.. \u0426\u0435\u043d\u044b, \u0444\u043e\u0442\u043e, \u0445\u0430\u0440\u0430\u043a\u0442\u0435\u0440\u0438\u0441\u0442\u0438\u043a\u0438 \u0432 \u041c\u043e\u043b\u0434\u043e\u0432\u0435.\",\"publisher\":{\"@id\":\"https:\\\/\\\/xstyle.md\\\/#organization\"},\"alternateName\":\"X-Style\",\"potentialAction\":[{\"@type\":\"SearchAction\",\"target\":{\"@type\":\"EntryPoint\",\"urlTemplate\":\"https:\\\/\\\/xstyle.md\\\/?s={search_term_string}\"},\"query-input\":{\"@type\":\"PropertyValueSpecification\",\"valueRequired\":true,\"valueName\":\"search_term_string\"}}],\"inLanguage\":\"ro-RO\"},{\"@type\":\"Organization\",\"@id\":\"https:\\\/\\\/xstyle.md\\\/#organization\",\"name\":\"\u041c\u0430\u0433\u0430\u0437\u0438\u043d Xstyle\",\"alternateName\":\"x-style\",\"url\":\"https:\\\/\\\/xstyle.md\\\/\",\"logo\":{\"@type\":\"ImageObject\",\"inLanguage\":\"ro-RO\",\"@id\":\"https:\\\/\\\/xstyle.md\\\/#\\\/schema\\\/logo\\\/image\\\/\",\"url\":\"https:\\\/\\\/xstyle.md\\\/wp-content\\\/uploads\\\/2020\\\/06\\\/logoicon.svg\",\"contentUrl\":\"https:\\\/\\\/xstyle.md\\\/wp-content\\\/uploads\\\/2020\\\/06\\\/logoicon.svg\",\"caption\":\"\u041c\u0430\u0433\u0430\u0437\u0438\u043d Xstyle\"},\"image\":{\"@id\":\"https:\\\/\\\/xstyle.md\\\/#\\\/schema\\\/logo\\\/image\\\/\"},\"sameAs\":[\"https:\\\/\\\/www.facebook.com\\\/xstylemd\",\"https:\\\/\\\/www.instagram.com\\\/xstyle_md\\\/\",\"https:\\\/\\\/t.me\\\/xstyle_outdoor\"],\"hasMerchantReturnPolicy\":{\"@type\":\"MerchantReturnPolicy\",\"merchantReturnLink\":\"https:\\\/\\\/xstyle.md\\\/ro\\\/conditions\\\/\"}}]}<\/script>\n<meta property=\"product:price:amount\" content=\"1780.00\" \/>\n<meta property=\"product:price:currency\" content=\"MDL\" \/>\n<meta property=\"og:availability\" content=\"instock\" \/>\n<meta property=\"product:availability\" content=\"instock\" \/>\n<meta property=\"product:retailer_item_id\" content=\"8020647719433\" \/>\n<meta property=\"product:condition\" content=\"new\" \/>\n<!-- \/ Yoast SEO plugin. -->","yoast_head_json":{"title":"Pantaloni scur\u021bi La Sportiva Nirvana Wmn slate\/aqua - Magazin Xstyle","description":"\u0218orturile La Sportiva Nirvana Wmn slate\/aqua sunt ideale pentru var\u0103 \u0219i activit\u0103\u021bi active. Talie confortabil\u0103, material rezistent \u0219i buzunare func\u021bionale pentru alpini\u0219ti.","robots":{"index":"index","follow":"follow","max-snippet":"max-snippet:-1","max-image-preview":"max-image-preview:large","max-video-preview":"max-video-preview:-1"},"canonical":"https:\/\/xstyle.md\/ro\/produs\/la-sportiva-nirvana-wmn-slate-aqua\/","og_locale":"ro_RO","og_type":"article","og_title":"\u0428\u043e\u0440\u0442\u044b La Sportiva Nirvana Wmn slate\/aqua - \u041c\u0430\u0433\u0430\u0437\u0438\u043d Xstyle","og_description":"\u0428\u043e\u0440\u0442\u044b La Sportiva Nirvana Wmn slate\/aqua \u2013 \u0438\u0434\u0435\u0430\u043b\u044c\u043d\u044b \u0434\u043b\u044f \u043b\u0435\u0442\u0430 \u0438 \u0430\u043a\u0442\u0438\u0432\u043d\u044b\u0445 \u0437\u0430\u043d\u044f\u0442\u0438\u0439. \u0423\u0434\u043e\u0431\u043d\u0430\u044f \u0442\u0430\u043b\u0438\u044f, \u043f\u0440\u043e\u0447\u043d\u044b\u0439 \u043c\u0430\u0442\u0435\u0440\u0438\u0430\u043b \u0438 \u0444\u0443\u043d\u043a\u0446\u0438\u043e\u043d\u0430\u043b\u044c\u043d\u044b\u0435 \u043a\u0430\u0440\u043c\u0430\u043d\u044b \u0434\u043b\u044f \u0430\u043b\u044c\u043f\u0438\u043d\u0438\u0441\u0442\u043e\u0432.","og_url":"https:\/\/xstyle.md\/ro\/produs\/la-sportiva-nirvana-wmn-slate-aqua\/","og_site_name":"\u041c\u0430\u0433\u0430\u0437\u0438\u043d Xstyle","article_publisher":"https:\/\/www.facebook.com\/xstylemd","article_modified_time":"2026-03-19T13:37:56+00:00","og_image":[{"width":1330,"height":1330,"url":"https:\/\/xstyle.md\/wp-content\/uploads\/2020\/07\/la_sportiva_nirvana_short_w_i56903615_slate_aqua_1108.jpg","type":"image\/jpeg"}],"twitter_card":"summary_large_image","twitter_misc":{"Pre\u021b":"1.780&nbsp;MDL","Disponibilitate":"\u00cen stoc"},"schema":{"@context":"https:\/\/schema.org","@graph":[{"@type":"WebPage","@id":"https:\/\/xstyle.md\/product\/la-sportiva-nirvana-wmn-slate-aqua\/","url":"https:\/\/xstyle.md\/product\/la-sportiva-nirvana-wmn-slate-aqua\/","name":"Pantaloni scur\u021bi La Sportiva Nirvana Wmn slate\/aqua - Magazin Xstyle","isPartOf":{"@id":"https:\/\/xstyle.md\/#website"},"primaryImageOfPage":{"@id":"https:\/\/xstyle.md\/product\/la-sportiva-nirvana-wmn-slate-aqua\/#primaryimage"},"image":{"@id":"https:\/\/xstyle.md\/product\/la-sportiva-nirvana-wmn-slate-aqua\/#primaryimage"},"thumbnailUrl":"https:\/\/xstyle.md\/wp-content\/uploads\/2020\/07\/la_sportiva_nirvana_short_w_i56903615_slate_aqua_1108.jpg","datePublished":"2020-07-17T16:00:46+00:00","dateModified":"2026-03-19T13:37:56+00:00","description":"\u0218orturile La Sportiva Nirvana Wmn slate\/aqua sunt ideale pentru var\u0103 \u0219i activit\u0103\u021bi active. Talie confortabil\u0103, material rezistent \u0219i buzunare func\u021bionale pentru alpini\u0219ti.","breadcrumb":{"@id":"https:\/\/xstyle.md\/product\/la-sportiva-nirvana-wmn-slate-aqua\/#breadcrumb"},"inLanguage":"ro-RO","potentialAction":[{"@type":"ReadAction","target":["https:\/\/xstyle.md\/product\/la-sportiva-nirvana-wmn-slate-aqua\/"]}]},{"@type":"ImageObject","inLanguage":"ro-RO","@id":"https:\/\/xstyle.md\/product\/la-sportiva-nirvana-wmn-slate-aqua\/#primaryimage","url":"https:\/\/xstyle.md\/wp-content\/uploads\/2020\/07\/la_sportiva_nirvana_short_w_i56903615_slate_aqua_1108.jpg","contentUrl":"https:\/\/xstyle.md\/wp-content\/uploads\/2020\/07\/la_sportiva_nirvana_short_w_i56903615_slate_aqua_1108.jpg","width":1330,"height":1330},{"@type":"BreadcrumbList","@id":"https:\/\/xstyle.md\/product\/la-sportiva-nirvana-wmn-slate-aqua\/#breadcrumb","itemListElement":[{"@type":"ListItem","position":1,"name":"\u0413\u043b\u0430\u0432\u043d\u0430\u044f \u0441\u0442\u0440\u0430\u043d\u0438\u0446\u0430","item":"https:\/\/xstyle.md\/"},{"@type":"ListItem","position":2,"name":"\u041c\u0430\u0433\u0430\u0437\u0438\u043d","item":"https:\/\/xstyle.md\/shop\/"},{"@type":"ListItem","position":3,"name":"\u0428\u043e\u0440\u0442\u044b La Sportiva Nirvana Wmn slate\/aqua"}]},{"@type":"WebSite","@id":"https:\/\/xstyle.md\/#website","url":"https:\/\/xstyle.md\/","name":"Magazinul X-Style","description":"Echipamente pentru turism \u0219i sporturi extreme \u00een Moldova. Pre\u021buri, fotografii, caracteristici \u00een Moldova.","publisher":{"@id":"https:\/\/xstyle.md\/#organization"},"alternateName":"X-Style","potentialAction":[{"@type":"SearchAction","target":{"@type":"EntryPoint","urlTemplate":"https:\/\/xstyle.md\/?s={search_term_string}"},"query-input":{"@type":"PropertyValueSpecification","valueRequired":true,"valueName":"search_term_string"}}],"inLanguage":"ro-RO"},{"@type":"Organization","@id":"https:\/\/xstyle.md\/#organization","name":"Magazinul X-Style","alternateName":"x-style","url":"https:\/\/xstyle.md\/","logo":{"@type":"ImageObject","inLanguage":"ro-RO","@id":"https:\/\/xstyle.md\/#\/schema\/logo\/image\/","url":"https:\/\/xstyle.md\/wp-content\/uploads\/2020\/06\/logoicon.svg","contentUrl":"https:\/\/xstyle.md\/wp-content\/uploads\/2020\/06\/logoicon.svg","caption":"\u041c\u0430\u0433\u0430\u0437\u0438\u043d Xstyle"},"image":{"@id":"https:\/\/xstyle.md\/#\/schema\/logo\/image\/"},"sameAs":["https:\/\/www.facebook.com\/xstylemd","https:\/\/www.instagram.com\/xstyle_md\/","https:\/\/t.me\/xstyle_outdoor"],"hasMerchantReturnPolicy":{"@type":"MerchantReturnPolicy","merchantReturnLink":"https:\/\/xstyle.md\/ro\/conditions\/"}}]},"product_price_amount":"1780.00","product_price_currency":"MDL","og_availability":"instock","product_availability":"instock","product_retailer_item_id":"8020647719433","product_condition":"new"},"_links":{"self":[{"href":"https:\/\/xstyle.md\/ro\/wp-json\/wp\/v2\/product\/18362","targetHints":{"allow":["GET"]}}],"collection":[{"href":"https:\/\/xstyle.md\/ro\/wp-json\/wp\/v2\/product"}],"about":[{"href":"https:\/\/xstyle.md\/ro\/wp-json\/wp\/v2\/types\/product"}],"replies":[{"embeddable":true,"href":"https:\/\/xstyle.md\/ro\/wp-json\/wp\/v2\/comments?post=18362"}],"wp:featuredmedia":[{"embeddable":true,"href":"https:\/\/xstyle.md\/ro\/wp-json\/wp\/v2\/media\/18361"}],"wp:attachment":[{"href":"https:\/\/xstyle.md\/ro\/wp-json\/wp\/v2\/media?parent=18362"}],"wp:term":[{"taxonomy":"product_brand","embeddable":true,"href":"https:\/\/xstyle.md\/ro\/wp-json\/wp\/v2\/product_brand?post=18362"},{"taxonomy":"product_cat","embeddable":true,"href":"https:\/\/xstyle.md\/ro\/wp-json\/wp\/v2\/product_cat?post=18362"},{"taxonomy":"product_tag","embeddable":true,"href":"https:\/\/xstyle.md\/ro\/wp-json\/wp\/v2\/product_tag?post=18362"}],"curies":[{"name":"wp","href":"https:\/\/api.w.org\/{rel}","templated":true}]}}