{"id":18341,"date":"2020-07-17T18:59:13","date_gmt":"2020-07-17T15:59:13","guid":{"rendered":"https:\/\/xstyle.md\/product\/skal-nye-tufli-muzhskie-la-sportiva-miura"},"modified":"2025-10-24T12:46:04","modified_gmt":"2025-10-24T09:46:04","slug":"skal-nye-tufli-la-sportiva-miura-lime","status":"publish","type":"product","link":"https:\/\/xstyle.md\/ro\/produs\/skal-nye-tufli-la-sportiva-miura-lime\/","title":{"rendered":"Espadrile escalad\u0103 La Sportiva Miura lime"},"content":{"rendered":"<p><strong>La Sportiva Miura<\/strong> \u2013 \u044d\u0442\u043e \u0441\u043a\u0430\u043b\u044c\u043d\u044b\u0435 \u0442\u0443\u0444\u043b\u0438 \u0434\u043b\u044f \u043c\u0443\u0436\u0447\u0438\u043d \u0441 \u043f\u043b\u043e\u0442\u043d\u043e\u0439 \u043f\u043e\u0441\u0430\u0434\u043a\u043e\u0439, \u0440\u0430\u0437\u0440\u0430\u0431\u043e\u0442\u0430\u043d\u043d\u044b\u0435 \u0434\u043b\u044f \u0443\u0434\u043e\u0432\u043b\u0435\u0442\u0432\u043e\u0440\u0435\u043d\u0438\u044f \u0441\u0430\u043c\u044b\u0445 \u0432\u044b\u0441\u043e\u043a\u0438\u0445 \u0442\u0440\u0435\u0431\u043e\u0432\u0430\u043d\u0438\u0439 \u0441\u043e\u0432\u0440\u0435\u043c\u0435\u043d\u043d\u043e\u0433\u043e \u0441\u043f\u043e\u0440\u0442\u0438\u0432\u043d\u043e\u0433\u043e \u0441\u043a\u0430\u043b\u043e\u043b\u0430\u0437\u0430\u043d\u0438\u044f: \u0441\u0446\u0435\u043f\u043b\u0435\u043d\u0438\u044f, \u0447\u0443\u0432\u0441\u0442\u0432\u0438\u0442\u0435\u043b\u044c\u043d\u043e\u0441\u0442\u0438, \u0442\u043e\u0447\u043d\u043e\u0441\u0442\u0438 \u0438 \u0443\u0434\u043e\u0431\u0441\u0442\u0432\u0430, \u0430\u0434\u0430\u043f\u0442\u0438\u0440\u043e\u0432\u0430\u043d\u043d\u043e\u0433\u043e \u0434\u043b\u044f \u0436\u0435\u043d\u0441\u043a\u043e\u0439 \u0441\u0442\u043e\u043f\u044b.<\/p>\n<p>\u041d\u043e\u0441\u043e\u043a Miura, \u043d\u0430\u0441\u0442\u0440\u043e\u0435\u043d\u043d\u044b\u0439 \u0434\u043b\u044f \u043c\u0430\u043a\u0441\u0438\u043c\u0430\u043b\u044c\u043d\u043e\u0439 \u043f\u0440\u043e\u0438\u0437\u0432\u043e\u0434\u0438\u0442\u0435\u043b\u044c\u043d\u043e\u0441\u0442\u0438, \u0430\u0433\u0440\u0435\u0441\u0441\u0438\u0432\u0435\u043d \u0438 \u044d\u0444\u0444\u0435\u043a\u0442\u0438\u0432\u0435\u043d \u043d\u0430 \u043c\u0435\u043b\u043a\u0438\u0445 \u0432\u044b\u0441\u0442\u0443\u043f\u0430\u0445, \u043e\u0442\u0432\u0435\u0440\u0441\u0442\u0438\u044f\u0445 \u0438 \u0442\u0440\u0435\u0449\u0438\u043d\u0430\u0445. \u0414\u043b\u044f \u043e\u0431\u0435\u0441\u043f\u0435\u0447\u0435\u043d\u0438\u044f \u043b\u0443\u0447\u0448\u0435\u0433\u043e \u043a\u043e\u043d\u0442\u0430\u043a\u0442\u0430 \u0441\u043e \u0441\u043a\u0430\u043b\u043e\u0439 \u0438\u0441\u043f\u043e\u043b\u044c\u0437\u0443\u0435\u0442\u0441\u044f \u0434\u0432\u043e\u0439\u043d\u043e\u0435 \u043d\u0430\u0442\u044f\u0436\u0435\u043d\u0438\u0435 \u0440\u0435\u0437\u0438\u043d\u043e\u0432\u043e\u0439 \u043a\u0440\u043e\u043c\u043a\u0438, \u0447\u0442\u043e \u043f\u043e\u043c\u043e\u0433\u0430\u0435\u0442 \u043d\u0430\u0434\u0435\u0436\u043d\u043e \u0437\u0430\u0444\u0438\u043a\u0441\u0438\u0440\u043e\u0432\u0430\u0442\u044c \u0441\u0442\u043e\u043f\u0443.<\/p>\n<h3>Particularit\u0103\u021bi<\/h3>\n<ul>\n<li>\u041f\u0440\u0438\u043d\u0430\u0434\u043b\u0435\u0436\u0438\u0442 \u043a \u0433\u0440\u0443\u043f\u043f\u0435 Performance \u0434\u043b\u044f \u043f\u043e\u0432\u044b\u0448\u0435\u043d\u0438\u044f \u043f\u0440\u043e\u0438\u0437\u0432\u043e\u0434\u0438\u0442\u0435\u043b\u044c\u043d\u043e\u0441\u0442\u0438<\/li>\n<li>\u0412\u0435\u0440\u0445 \u0438\u0437 \u0437\u0430\u043c\u0448\u0438, \u043a\u043b\u0430\u0441\u0441\u0438\u0447\u0435\u0441\u043a\u0430\u044f \u0448\u043d\u0443\u0440\u043e\u0432\u043a\u0430<\/li>\n<li>\u041b\u044e\u0432\u0435\u0440\u0441\u044b \u043e\u0431\u0435\u0441\u043f\u0435\u0447\u0438\u0432\u0430\u044e\u0442 \u043a\u043e\u043c\u0444\u043e\u0440\u0442\u043d\u0443\u044e \u043f\u043e\u0441\u0430\u0434\u043a\u0443<\/li>\n<li>\u041d\u0435\u043e\u043f\u0440\u0435\u043d\u043e\u0432\u044b\u0439 \u044f\u0437\u044b\u0447\u043e\u043a \u043e\u0442\u0432\u043e\u0434\u0438\u0442 \u0432\u043b\u0430\u0433\u0443<\/li>\n<li>\u0412\u044b\u0441\u043e\u043a\u0430\u044f \u0447\u0443\u0432\u0441\u0442\u0432\u0438\u0442\u0435\u043b\u044c\u043d\u043e\u0441\u0442\u044c \u0438 \u0442\u043e\u0447\u043d\u043e\u0441\u0442\u044c<\/li>\n<li>\u041f\u0435\u0442\u043b\u0438 \u0434\u043b\u044f \u043b\u0435\u0433\u043a\u043e\u0433\u043e \u043d\u0430\u0434\u0435\u0432\u0430\u043d\u0438\u044f<\/li>\n<li>\u041c\u0435\u0436\u043f\u043e\u0434\u043e\u0448\u0432\u0430 LaSpoFlex \u0441\u043f\u0435\u0440\u0435\u0434\u0438 \u0443\u043b\u0443\u0447\u0448\u0430\u0435\u0442 \u0441\u0446\u0435\u043f\u043b\u0435\u043d\u0438\u0435 \u0438 \u043f\u0440\u0435\u0434\u043e\u0442\u0432\u0440\u0430\u0449\u0430\u0435\u0442 \u0441\u043a\u0440\u0443\u0447\u0438\u0432\u0430\u043d\u0438\u0435<\/li>\n<li>\u0420\u0435\u0437\u0438\u043d\u043e\u0432\u0430\u044f \u043f\u043e\u0434\u043e\u0448\u0432\u0430 Vibram\u00ae XS Grip2 \u0434\u043b\u044f \u043e\u0442\u043b\u0438\u0447\u043d\u043e\u0433\u043e \u0441\u0446\u0435\u043f\u043b\u0435\u043d\u0438\u044f<\/li>\n<\/ul>\n<h3>Caracteristici<\/h3>\n<ul>\n<li>\u0412\u0435\u0440\u0445 \u2013 \u0437\u0430\u043c\u0448\u0430<\/li>\n<li>\u041f\u043e\u043b\u043d\u043e\u0442\u0430 \u2013 \u0441\u0440\u0435\u0434\u043d\u044f\u044f<\/li>\n<li>\u041f\u043e\u0434\u043a\u043b\u0430\u0434\u043a\u0430 \u2013 Dentex<\/li>\n<li>\u0412\u043d\u0443\u0442\u0440\u0435\u043d\u043d\u044f\u044f \u043f\u043e\u0434\u043e\u0448\u0432\u0430 \u2013 LaSpoFlex 1.1 mm<\/li>\n<li>\u041f\u043e\u0434\u043e\u0448\u0432\u0430 \u2013 Vibram XS Grip2 4 mm<\/li>\n<li>\u0412\u0435\u0441 \u2013 440 \u0433 (\u043f\u0430\u0440\u0430)<\/li>\n<\/ul>\n<h3>Marca<\/h3>\n<p>Compania italian\u0103 este cunoscut\u0103 de to\u021bi alpini\u0219tii \u2014 \u00eenc\u0103l\u021b\u0103mintea pentru alpinism La Sportiva \u0219i ghetele pentru altitudini mari sunt considerate cele mai bune din lume. Istoria brandului a \u00eenceput cu fabricarea \u00eenc\u0103l\u021b\u0103mintei din lemn, iar acum este unul dintre liderii mondiali \u00een produc\u021bia \u00eenc\u0103l\u021b\u0103mintei pentru munte. Toat\u0103 \u00eenc\u0103l\u021b\u0103mintea este \u00een continuare cusut\u0103 manual \u0219i numai din materiale de \u00eenalt\u0103 calitate, este confortabil\u0103, de \u00eencredere \u0219i are o durabilitate excelent\u0103. Al\u0103turi de \u00eenc\u0103l\u021b\u0103minte, compania produce \u0219i \u00eembr\u0103c\u0103minte high-tech pentru pasiona\u021bii de alpinism. Standardele \u00eenalte de calitate ale companiei \u0219i tehnologia \u00een evolu\u021bie au ajutat La Sportiva s\u0103 devin\u0103 unul dintre cele mai importante m\u0103rci de \u00eenc\u0103l\u021b\u0103minte \u0219i \u00eembr\u0103c\u0103minte la nivel mondial.<\/p>","protected":false},"excerpt":{"rendered":"<p>Espadrile escalad\u0103 b\u0103rba\u021bi La Sportiva Miura<\/p>","protected":false},"featured_media":18339,"comment_status":"open","ping_status":"closed","template":"","meta":{"_acf_changed":false,"inline_featured_image":false},"product_brand":[1410],"product_cat":[268],"product_tag":[],"class_list":{"0":"post-18341","1":"product","2":"type-product","3":"status-publish","4":"has-post-thumbnail","6":"product_brand-la-sportiva","7":"product_cat-climbing-shoes","9":"first","10":"instock","11":"shipping-taxable","12":"purchasable","13":"product-type-simple"},"acf":[],"yoast_head":"<!-- This site is optimized with the Yoast SEO plugin v27.2 - https:\/\/yoast.com\/product\/yoast-seo-wordpress\/ -->\n<title>\u0421\u043a\u0430\u043b\u044c\u043d\u044b\u0435 \u0442\u0443\u0444\u043b\u0438 La Sportiva Miura lime - \u041c\u0430\u0433\u0430\u0437\u0438\u043d Xstyle<\/title>\n<meta name=\"description\" content=\"\u041e\u0442\u043a\u0440\u043e\u0439\u0442\u0435 \u043d\u043e\u0432\u044b\u0435 \u0432\u0435\u0440\u0448\u0438\u043d\u044b \u0441 \u043c\u0443\u0436\u0441\u043a\u0438\u043c\u0438 \u0441\u043a\u0430\u043b\u044c\u043d\u044b\u043c\u0438 \u0442\u0443\u0444\u043b\u044f\u043c\u0438 La Sportiva Miura. \u041f\u0440\u043e\u0447\u043d\u043e\u0435 \u043f\u043e\u043a\u0440\u044b\u0442\u0438\u0435 \u0438 \u043e\u0442\u043b\u0438\u0447\u043d\u043e\u0435 \u0441\u0446\u0435\u043f\u043b\u0435\u043d\u0438\u0435 \u0434\u043b\u044f \u0443\u0432\u0435\u0440\u0435\u043d\u043d\u043e\u0433\u043e \u043b\u0430\u0437\u0430\u043d\u0438\u044f.\" \/>\n<meta name=\"robots\" content=\"index, follow, max-snippet:-1, max-image-preview:large, max-video-preview:-1\" \/>\n<link rel=\"canonical\" href=\"https:\/\/xstyle.md\/ro\/produs\/skal-nye-tufli-la-sportiva-miura-lime\/\" \/>\n<meta property=\"og:locale\" content=\"ro_RO\" \/>\n<meta property=\"og:type\" content=\"article\" \/>\n<meta property=\"og:title\" content=\"\u0421\u043a\u0430\u043b\u044c\u043d\u044b\u0435 \u0442\u0443\u0444\u043b\u0438 La Sportiva Miura lime - \u041c\u0430\u0433\u0430\u0437\u0438\u043d Xstyle\" \/>\n<meta property=\"og:description\" content=\"\u041e\u0442\u043a\u0440\u043e\u0439\u0442\u0435 \u043d\u043e\u0432\u044b\u0435 \u0432\u0435\u0440\u0448\u0438\u043d\u044b \u0441 \u043c\u0443\u0436\u0441\u043a\u0438\u043c\u0438 \u0441\u043a\u0430\u043b\u044c\u043d\u044b\u043c\u0438 \u0442\u0443\u0444\u043b\u044f\u043c\u0438 La Sportiva Miura. \u041f\u0440\u043e\u0447\u043d\u043e\u0435 \u043f\u043e\u043a\u0440\u044b\u0442\u0438\u0435 \u0438 \u043e\u0442\u043b\u0438\u0447\u043d\u043e\u0435 \u0441\u0446\u0435\u043f\u043b\u0435\u043d\u0438\u0435 \u0434\u043b\u044f \u0443\u0432\u0435\u0440\u0435\u043d\u043d\u043e\u0433\u043e \u043b\u0430\u0437\u0430\u043d\u0438\u044f.\" \/>\n<meta property=\"og:url\" content=\"https:\/\/xstyle.md\/ro\/produs\/skal-nye-tufli-la-sportiva-miura-lime\/\" \/>\n<meta property=\"og:site_name\" content=\"\u041c\u0430\u0433\u0430\u0437\u0438\u043d Xstyle\" \/>\n<meta property=\"article:publisher\" content=\"https:\/\/www.facebook.com\/xstylemd\" \/>\n<meta property=\"article:modified_time\" content=\"2025-10-24T09:46:04+00:00\" \/>\n<meta property=\"og:image\" content=\"https:\/\/xstyle.md\/wp-content\/uploads\/2020\/07\/20g_706706.jpg\" \/>\n\t<meta property=\"og:image:width\" content=\"800\" \/>\n\t<meta property=\"og:image:height\" content=\"604\" \/>\n\t<meta property=\"og:image:type\" content=\"image\/jpeg\" \/>\n<meta name=\"twitter:card\" content=\"summary_large_image\" \/>\n<meta name=\"twitter:label1\" content=\"Pre\u021b\" \/>\n\t<meta name=\"twitter:data1\" content=\"2.990&nbsp;MDL\" \/>\n\t<meta name=\"twitter:label2\" content=\"Disponibilitate\" \/>\n\t<meta name=\"twitter:data2\" content=\"\u00cen stoc\" \/>\n<script type=\"application\/ld+json\" class=\"yoast-schema-graph\">{\"@context\":\"https:\/\/schema.org\",\"@graph\":[{\"@type\":\"WebPage\",\"@id\":\"https:\/\/xstyle.md\/product\/skal-nye-tufli-la-sportiva-miura-lime\/\",\"url\":\"https:\/\/xstyle.md\/product\/skal-nye-tufli-la-sportiva-miura-lime\/\",\"name\":\"\u0421\u043a\u0430\u043b\u044c\u043d\u044b\u0435 \u0442\u0443\u0444\u043b\u0438 La Sportiva Miura lime - \u041c\u0430\u0433\u0430\u0437\u0438\u043d Xstyle\",\"isPartOf\":{\"@id\":\"https:\/\/xstyle.md\/#website\"},\"primaryImageOfPage\":{\"@id\":\"https:\/\/xstyle.md\/product\/skal-nye-tufli-la-sportiva-miura-lime\/#primaryimage\"},\"image\":{\"@id\":\"https:\/\/xstyle.md\/product\/skal-nye-tufli-la-sportiva-miura-lime\/#primaryimage\"},\"thumbnailUrl\":\"https:\/\/xstyle.md\/wp-content\/uploads\/2020\/07\/20g_706706.jpg\",\"datePublished\":\"2020-07-17T15:59:13+00:00\",\"dateModified\":\"2025-10-24T09:46:04+00:00\",\"description\":\"\u041e\u0442\u043a\u0440\u043e\u0439\u0442\u0435 \u043d\u043e\u0432\u044b\u0435 \u0432\u0435\u0440\u0448\u0438\u043d\u044b \u0441 \u043c\u0443\u0436\u0441\u043a\u0438\u043c\u0438 \u0441\u043a\u0430\u043b\u044c\u043d\u044b\u043c\u0438 \u0442\u0443\u0444\u043b\u044f\u043c\u0438 La Sportiva Miura. \u041f\u0440\u043e\u0447\u043d\u043e\u0435 \u043f\u043e\u043a\u0440\u044b\u0442\u0438\u0435 \u0438 \u043e\u0442\u043b\u0438\u0447\u043d\u043e\u0435 \u0441\u0446\u0435\u043f\u043b\u0435\u043d\u0438\u0435 \u0434\u043b\u044f \u0443\u0432\u0435\u0440\u0435\u043d\u043d\u043e\u0433\u043e \u043b\u0430\u0437\u0430\u043d\u0438\u044f.\",\"breadcrumb\":{\"@id\":\"https:\/\/xstyle.md\/product\/skal-nye-tufli-la-sportiva-miura-lime\/#breadcrumb\"},\"inLanguage\":\"ro-RO\",\"potentialAction\":[{\"@type\":\"ReadAction\",\"target\":[\"https:\/\/xstyle.md\/product\/skal-nye-tufli-la-sportiva-miura-lime\/\"]}]},{\"@type\":\"ImageObject\",\"inLanguage\":\"ro-RO\",\"@id\":\"https:\/\/xstyle.md\/product\/skal-nye-tufli-la-sportiva-miura-lime\/#primaryimage\",\"url\":\"https:\/\/xstyle.md\/wp-content\/uploads\/2020\/07\/20g_706706.jpg\",\"contentUrl\":\"https:\/\/xstyle.md\/wp-content\/uploads\/2020\/07\/20g_706706.jpg\",\"width\":800,\"height\":604},{\"@type\":\"BreadcrumbList\",\"@id\":\"https:\/\/xstyle.md\/product\/skal-nye-tufli-la-sportiva-miura-lime\/#breadcrumb\",\"itemListElement\":[{\"@type\":\"ListItem\",\"position\":1,\"name\":\"\u0413\u043b\u0430\u0432\u043d\u0430\u044f \u0441\u0442\u0440\u0430\u043d\u0438\u0446\u0430\",\"item\":\"https:\/\/xstyle.md\/\"},{\"@type\":\"ListItem\",\"position\":2,\"name\":\"\u041c\u0430\u0433\u0430\u0437\u0438\u043d\",\"item\":\"https:\/\/xstyle.md\/shop\/\"},{\"@type\":\"ListItem\",\"position\":3,\"name\":\"\u0421\u043a\u0430\u043b\u044c\u043d\u044b\u0435 \u0442\u0443\u0444\u043b\u0438 La Sportiva Miura lime\"}]},{\"@type\":\"WebSite\",\"@id\":\"https:\/\/xstyle.md\/#website\",\"url\":\"https:\/\/xstyle.md\/\",\"name\":\"\u041c\u0430\u0433\u0430\u0437\u0438\u043d Xstyle\",\"description\":\"C\u043d\u0430\u0440\u044f\u0436\u0435\u043d\u0438\u0435 \u0434\u043b\u044f \u0442\u0443\u0440\u0438\u0437\u043c\u0430 \u0438 \u044d\u043a\u0441\u0442\u0440\u0435\u043c\u0430\u043b\u044c\u043d\u044b\u0445 \u0432\u0438\u0434\u043e\u0432 \u0441\u043f\u043e\u0440\u0442\u0430 \u0432 \u041c\u043e\u043b\u0434\u043e\u0432\u0435.. \u0426\u0435\u043d\u044b, \u0444\u043e\u0442\u043e, \u0445\u0430\u0440\u0430\u043a\u0442\u0435\u0440\u0438\u0441\u0442\u0438\u043a\u0438 \u0432 \u041c\u043e\u043b\u0434\u043e\u0432\u0435.\",\"publisher\":{\"@id\":\"https:\/\/xstyle.md\/#organization\"},\"alternateName\":\"X-Style\",\"potentialAction\":[{\"@type\":\"SearchAction\",\"target\":{\"@type\":\"EntryPoint\",\"urlTemplate\":\"https:\/\/xstyle.md\/?s={search_term_string}\"},\"query-input\":{\"@type\":\"PropertyValueSpecification\",\"valueRequired\":true,\"valueName\":\"search_term_string\"}}],\"inLanguage\":\"ro-RO\"},{\"@type\":\"Organization\",\"@id\":\"https:\/\/xstyle.md\/#organization\",\"name\":\"\u041c\u0430\u0433\u0430\u0437\u0438\u043d Xstyle\",\"alternateName\":\"x-style\",\"url\":\"https:\/\/xstyle.md\/\",\"logo\":{\"@type\":\"ImageObject\",\"inLanguage\":\"ro-RO\",\"@id\":\"https:\/\/xstyle.md\/#\/schema\/logo\/image\/\",\"url\":\"https:\/\/xstyle.md\/wp-content\/uploads\/2020\/06\/logoicon.svg\",\"contentUrl\":\"https:\/\/xstyle.md\/wp-content\/uploads\/2020\/06\/logoicon.svg\",\"caption\":\"\u041c\u0430\u0433\u0430\u0437\u0438\u043d Xstyle\"},\"image\":{\"@id\":\"https:\/\/xstyle.md\/#\/schema\/logo\/image\/\"},\"sameAs\":[\"https:\/\/www.facebook.com\/xstylemd\",\"https:\/\/www.instagram.com\/xstyle_md\/\",\"https:\/\/t.me\/xstyle_outdoor\"],\"hasMerchantReturnPolicy\":{\"@type\":\"MerchantReturnPolicy\",\"merchantReturnLink\":\"https:\/\/xstyle.md\/ro\/conditions\/\"}}]}<\/script>\n<meta property=\"product:price:amount\" content=\"2990.00\" \/>\n<meta property=\"product:price:currency\" content=\"MDL\" \/>\n<meta property=\"og:availability\" content=\"instock\" \/>\n<meta property=\"product:availability\" content=\"instock\" \/>\n<meta property=\"product:retailer_item_id\" content=\"8020647651467\" \/>\n<meta property=\"product:condition\" content=\"new\" \/>\n<!-- \/ Yoast SEO plugin. -->","yoast_head_json":{"title":"\u0421\u043a\u0430\u043b\u044c\u043d\u044b\u0435 \u0442\u0443\u0444\u043b\u0438 La Sportiva Miura lime - \u041c\u0430\u0433\u0430\u0437\u0438\u043d Xstyle","description":"Descoperi\u021bi noi culmi cu pantofii de escalad\u0103 pentru b\u0103rba\u021bi La Sportiva Miura. Materialul durabil \u0219i aderen\u021ba excelent\u0103 asigur\u0103 o escalad\u0103 sigur\u0103.","robots":{"index":"index","follow":"follow","max-snippet":"max-snippet:-1","max-image-preview":"max-image-preview:large","max-video-preview":"max-video-preview:-1"},"canonical":"https:\/\/xstyle.md\/ro\/produs\/skal-nye-tufli-la-sportiva-miura-lime\/","og_locale":"ro_RO","og_type":"article","og_title":"\u0421\u043a\u0430\u043b\u044c\u043d\u044b\u0435 \u0442\u0443\u0444\u043b\u0438 La Sportiva Miura lime - \u041c\u0430\u0433\u0430\u0437\u0438\u043d Xstyle","og_description":"\u041e\u0442\u043a\u0440\u043e\u0439\u0442\u0435 \u043d\u043e\u0432\u044b\u0435 \u0432\u0435\u0440\u0448\u0438\u043d\u044b \u0441 \u043c\u0443\u0436\u0441\u043a\u0438\u043c\u0438 \u0441\u043a\u0430\u043b\u044c\u043d\u044b\u043c\u0438 \u0442\u0443\u0444\u043b\u044f\u043c\u0438 La Sportiva Miura. \u041f\u0440\u043e\u0447\u043d\u043e\u0435 \u043f\u043e\u043a\u0440\u044b\u0442\u0438\u0435 \u0438 \u043e\u0442\u043b\u0438\u0447\u043d\u043e\u0435 \u0441\u0446\u0435\u043f\u043b\u0435\u043d\u0438\u0435 \u0434\u043b\u044f \u0443\u0432\u0435\u0440\u0435\u043d\u043d\u043e\u0433\u043e \u043b\u0430\u0437\u0430\u043d\u0438\u044f.","og_url":"https:\/\/xstyle.md\/ro\/produs\/skal-nye-tufli-la-sportiva-miura-lime\/","og_site_name":"\u041c\u0430\u0433\u0430\u0437\u0438\u043d Xstyle","article_publisher":"https:\/\/www.facebook.com\/xstylemd","article_modified_time":"2025-10-24T09:46:04+00:00","og_image":[{"width":800,"height":604,"url":"https:\/\/xstyle.md\/wp-content\/uploads\/2020\/07\/20g_706706.jpg","type":"image\/jpeg"}],"twitter_card":"summary_large_image","twitter_misc":{"Pre\u021b":"2.990&nbsp;MDL","Disponibilitate":"\u00cen stoc"},"schema":{"@context":"https:\/\/schema.org","@graph":[{"@type":"WebPage","@id":"https:\/\/xstyle.md\/product\/skal-nye-tufli-la-sportiva-miura-lime\/","url":"https:\/\/xstyle.md\/product\/skal-nye-tufli-la-sportiva-miura-lime\/","name":"\u0421\u043a\u0430\u043b\u044c\u043d\u044b\u0435 \u0442\u0443\u0444\u043b\u0438 La Sportiva Miura lime - \u041c\u0430\u0433\u0430\u0437\u0438\u043d Xstyle","isPartOf":{"@id":"https:\/\/xstyle.md\/#website"},"primaryImageOfPage":{"@id":"https:\/\/xstyle.md\/product\/skal-nye-tufli-la-sportiva-miura-lime\/#primaryimage"},"image":{"@id":"https:\/\/xstyle.md\/product\/skal-nye-tufli-la-sportiva-miura-lime\/#primaryimage"},"thumbnailUrl":"https:\/\/xstyle.md\/wp-content\/uploads\/2020\/07\/20g_706706.jpg","datePublished":"2020-07-17T15:59:13+00:00","dateModified":"2025-10-24T09:46:04+00:00","description":"Descoperi\u021bi noi culmi cu pantofii de escalad\u0103 pentru b\u0103rba\u021bi La Sportiva Miura. Materialul durabil \u0219i aderen\u021ba excelent\u0103 asigur\u0103 o escalad\u0103 sigur\u0103.","breadcrumb":{"@id":"https:\/\/xstyle.md\/product\/skal-nye-tufli-la-sportiva-miura-lime\/#breadcrumb"},"inLanguage":"ro-RO","potentialAction":[{"@type":"ReadAction","target":["https:\/\/xstyle.md\/product\/skal-nye-tufli-la-sportiva-miura-lime\/"]}]},{"@type":"ImageObject","inLanguage":"ro-RO","@id":"https:\/\/xstyle.md\/product\/skal-nye-tufli-la-sportiva-miura-lime\/#primaryimage","url":"https:\/\/xstyle.md\/wp-content\/uploads\/2020\/07\/20g_706706.jpg","contentUrl":"https:\/\/xstyle.md\/wp-content\/uploads\/2020\/07\/20g_706706.jpg","width":800,"height":604},{"@type":"BreadcrumbList","@id":"https:\/\/xstyle.md\/product\/skal-nye-tufli-la-sportiva-miura-lime\/#breadcrumb","itemListElement":[{"@type":"ListItem","position":1,"name":"\u0413\u043b\u0430\u0432\u043d\u0430\u044f \u0441\u0442\u0440\u0430\u043d\u0438\u0446\u0430","item":"https:\/\/xstyle.md\/"},{"@type":"ListItem","position":2,"name":"\u041c\u0430\u0433\u0430\u0437\u0438\u043d","item":"https:\/\/xstyle.md\/shop\/"},{"@type":"ListItem","position":3,"name":"\u0421\u043a\u0430\u043b\u044c\u043d\u044b\u0435 \u0442\u0443\u0444\u043b\u0438 La Sportiva Miura lime"}]},{"@type":"WebSite","@id":"https:\/\/xstyle.md\/#website","url":"https:\/\/xstyle.md\/","name":"Magazinul X-Style","description":"Echipamente pentru turism \u0219i sporturi extreme \u00een Moldova. Pre\u021buri, fotografii, caracteristici \u00een Moldova.","publisher":{"@id":"https:\/\/xstyle.md\/#organization"},"alternateName":"X-Style","potentialAction":[{"@type":"SearchAction","target":{"@type":"EntryPoint","urlTemplate":"https:\/\/xstyle.md\/?s={search_term_string}"},"query-input":{"@type":"PropertyValueSpecification","valueRequired":true,"valueName":"search_term_string"}}],"inLanguage":"ro-RO"},{"@type":"Organization","@id":"https:\/\/xstyle.md\/#organization","name":"Magazinul X-Style","alternateName":"x-style","url":"https:\/\/xstyle.md\/","logo":{"@type":"ImageObject","inLanguage":"ro-RO","@id":"https:\/\/xstyle.md\/#\/schema\/logo\/image\/","url":"https:\/\/xstyle.md\/wp-content\/uploads\/2020\/06\/logoicon.svg","contentUrl":"https:\/\/xstyle.md\/wp-content\/uploads\/2020\/06\/logoicon.svg","caption":"\u041c\u0430\u0433\u0430\u0437\u0438\u043d Xstyle"},"image":{"@id":"https:\/\/xstyle.md\/#\/schema\/logo\/image\/"},"sameAs":["https:\/\/www.facebook.com\/xstylemd","https:\/\/www.instagram.com\/xstyle_md\/","https:\/\/t.me\/xstyle_outdoor"],"hasMerchantReturnPolicy":{"@type":"MerchantReturnPolicy","merchantReturnLink":"https:\/\/xstyle.md\/ro\/conditions\/"}}]},"product_price_amount":"2990.00","product_price_currency":"MDL","og_availability":"instock","product_availability":"instock","product_retailer_item_id":"8020647651467","product_condition":"new"},"post_mailing_queue_ids":[],"_links":{"self":[{"href":"https:\/\/xstyle.md\/ro\/wp-json\/wp\/v2\/product\/18341","targetHints":{"allow":["GET"]}}],"collection":[{"href":"https:\/\/xstyle.md\/ro\/wp-json\/wp\/v2\/product"}],"about":[{"href":"https:\/\/xstyle.md\/ro\/wp-json\/wp\/v2\/types\/product"}],"replies":[{"embeddable":true,"href":"https:\/\/xstyle.md\/ro\/wp-json\/wp\/v2\/comments?post=18341"}],"wp:featuredmedia":[{"embeddable":true,"href":"https:\/\/xstyle.md\/ro\/wp-json\/wp\/v2\/media\/18339"}],"wp:attachment":[{"href":"https:\/\/xstyle.md\/ro\/wp-json\/wp\/v2\/media?parent=18341"}],"wp:term":[{"taxonomy":"product_brand","embeddable":true,"href":"https:\/\/xstyle.md\/ro\/wp-json\/wp\/v2\/product_brand?post=18341"},{"taxonomy":"product_cat","embeddable":true,"href":"https:\/\/xstyle.md\/ro\/wp-json\/wp\/v2\/product_cat?post=18341"},{"taxonomy":"product_tag","embeddable":true,"href":"https:\/\/xstyle.md\/ro\/wp-json\/wp\/v2\/product_tag?post=18341"}],"curies":[{"name":"wp","href":"https:\/\/api.w.org\/{rel}","templated":true}]}}