{"id":18333,"date":"2020-07-17T18:58:50","date_gmt":"2020-07-17T15:58:50","guid":{"rendered":"https:\/\/xstyle.md\/product\/botinki-muzhskie-la-sportiva-karakorum-hc-gtx"},"modified":"2026-03-19T16:37:55","modified_gmt":"2026-03-19T13:37:55","slug":"botinki-muzhskie-la-sportiva-karakorum-hc-gtx","status":"publish","type":"product","link":"https:\/\/xstyle.md\/ro\/produs\/botinki-muzhskie-la-sportiva-karakorum-hc-gtx\/","title":{"rendered":"Bocanci La Sportiva Karakorum HC GTX mocha\/forest"},"content":{"rendered":"<\/p>\n<p>Bocanci<strong> La Sportiva Karakorum HC GTX mocha\/forest &#8212; <\/strong>bocanci durabili pentru alpinism clasic \u0219i turism montan.<\/p>\n<p>Man\u0219eta are trei c\u00e2rlige pentru o protec\u021bie \u0219i mai mare a gleznei \u0219i stabilitate a piciorului. Partea superioar\u0103 robust\u0103 este confec\u021bionat\u0103 din piele hidrofob\u0103 dintr-o singur\u0103 bucat\u0103 de 2,8 mm grosime. C\u0103ptu\u0219eala Gore Tex garanteaz\u0103 o incaltaminte impermeabil\u0103 \u0219i respirabil\u0103, iar talpa exterioar\u0103 Vibram Impact Brake System protejeaza de la loviturile cu solul \u0219i se comport\u0103 bine la cobor\u00e2ri.<\/p>\n<h3>Particularit\u0103\u021bi<\/h3>\n<ul>\n<li>Cus\u0103turi minime, ceea ce ofer\u0103 incaltamintei o durabilitate sporit\u0103<\/li>\n<li>Protejeaza contra umezelei, dar are si o bun\u0103 permeabilitate la aer \u0219i elimin\u0103 umezeala din interior.<\/li>\n<li>Modelul este echipat cu dou\u0103 t\u0103vi pentru fixarea pisicilor tari, dar poate fi folosit \u0219i pentru pisicile semi-rigide sau moi.<\/li>\n<li>Un model special al benzii de rulare pe talp\u0103, care are ca rezultat o amortizare mai bun\u0103 pentru a reduce impactul asupra articula\u021biilor \u0219i aderen\u021ba pe teren.<\/li>\n<li>Utilizarea tehnologiei 3D Flex v\u0103 permite s\u0103 combina\u021bi fixarea sigur\u0103 a gleznei cu flexibilitatea bocancului, necesare pentru u\u0219urin\u021ba la mi\u0219care.<\/li>\n<li>Cu ajutorul clemelor speciale pentru \u0219ireturi, pute\u021bi regla tensiunea \u00een mod independent \u00een zona piciorului \u0219i a gleznei.<\/li>\n<li>C\u00e2rlion\u021b de cauciuc \u00een jurul perimetrului cizmei.<\/li>\n<\/ul>\n<h3><strong>Caracteristici<\/strong><\/h3>\n<ul>\n<li>Material superior din piele Perwanger\u00ae<\/li>\n<li>Membrana de amortizare &#8212; Gore-Tex\u00ae Performance Comfort<\/li>\n<li>Talp\u0103 interioar\u0103 &#8212; Nylon\u00ae<\/li>\n<li>Talp\u0103 exterioar\u0103 &#8212; Vibram\u00ae Impact Brake System Trek<\/li>\n<li>C\u0103ptu\u0219eal\u0103 pentru pisici &#8212; sunt<\/li>\n<li>Scop &#8212; alpinism<\/li>\n<li>Greutate &#8212; 1750 g.<\/li>\n<\/ul>\n<h3>Tehnologie<\/h3>\n<ul>\n<li><strong>Gore-Tex\u00ae Extended Comfort<\/strong> este o membran\u0103 care ofer\u0103 protec\u021bie impermeabil\u0103 \u0219i are o respirabilitate excelent\u0103 \u00een condi\u021bii de vreme moderat\u0103 p\u00e2n\u0103 la cald\u0103 \u0219i niveluri ridicate de activitate. Excelent\u0103 pentru situatiile \u00een care reten\u021bia de c\u0103ldur\u0103 \u00een interiorul bocancii trebuie s\u0103 fie redus\u0103 la minimum.<\/li>\n<li><strong>Vibram\u00ae &#8212; <\/strong>liderul mondial \u00een produc\u021bia de t\u0103lpi pentru \u00eenc\u0103l\u021b\u0103minte de alpinism \u0219i trekking. Talpa este fabricat\u0103 dintr-un cauciuc foarte rezistent \u0219i are o aderen\u021b\u0103 excelent\u0103 la suprafa\u021b\u0103. Garanteaz\u0103 o sus\u021binere a piciorului \u0219i o siguranta maxim\u0103.<\/li>\n<li><strong>Nylon<\/strong>\u00ae &#8212; tes\u0103tura este apreciat\u0103 pentru greutatea sa redus\u0103, pentru rezisten\u021ba foarte mare la trac\u021biune \u0219i pentru rezisten\u021ba la deteriorare. \u00ce\u0219i p\u0103streaz\u0103 bine forma, iar hainele din nailon dureaz\u0103 foarte mult timp dac\u0103 sunt \u00eengrijite corespunz\u0103tor. Datorit\u0103 netezimii fibrelor sale, acest material este foarte u\u0219or de sp\u0103lat &#8212; toat\u0103 murd\u0103ria este \u00eendep\u0103rtat\u0103 cu u\u0219urin\u021b\u0103, iar detergen\u021bii nu se depun pe \u021bes\u0103tur\u0103. Nailonul poate fi sp\u0103lat \u0219i \u00een ap\u0103 rece.<\/li>\n<li><strong>Perwanger\u00ae <\/strong>&#8212; renumitul produc\u0103tor de piele natural\u0103 pentru sporturile montane. Pielea Perwanger provine de la o t\u0103b\u0103c\u0103rie din Alpii tirolezi care func\u021bioneaz\u0103 din 1780. \u00cen acest timp, numele a devenit sinonim cu durabilitatea \u0219i rezisten\u021ba la uzur\u0103. Pielea Perwanger este potrivit\u0103 pentru utilizarea pe terenuri ascu\u021bite \u0219i st\u00e2ncoase, este hidrofug\u0103 \u0219i este capabil\u0103 s\u0103 elimine umiditatea \u00een mod eficient.<\/li>\n<\/ul>\n<h3>Marca<\/h3>\n<p>Compania italian\u0103 este cunoscut\u0103 de to\u021bi alpini\u0219tii \u2014 \u00eenc\u0103l\u021b\u0103mintea pentru alpinism La Sportiva \u0219i ghetele pentru altitudini mari sunt considerate cele mai bune din lume. Istoria brandului a \u00eenceput cu fabricarea \u00eenc\u0103l\u021b\u0103mintei din lemn, iar acum este unul dintre liderii mondiali \u00een produc\u021bia \u00eenc\u0103l\u021b\u0103mintei pentru munte. Toat\u0103 \u00eenc\u0103l\u021b\u0103mintea este \u00een continuare cusut\u0103 manual \u0219i numai din materiale de \u00eenalt\u0103 calitate, este confortabil\u0103, de \u00eencredere \u0219i are o durabilitate excelent\u0103. Al\u0103turi de \u00eenc\u0103l\u021b\u0103minte, compania produce \u0219i \u00eembr\u0103c\u0103minte high-tech pentru pasiona\u021bii de alpinism. Standardele \u00eenalte de calitate ale companiei \u0219i tehnologia \u00een evolu\u021bie au ajutat La Sportiva s\u0103 devin\u0103 unul dintre cele mai importante m\u0103rci de \u00eenc\u0103l\u021b\u0103minte \u0219i \u00eembr\u0103c\u0103minte la nivel mondial.<\/p>\n<p>","protected":false},"excerpt":{"rendered":"<p>Bocanci La Sportiva Karakorum HC GTX mocha\/forest<\/p>","protected":false},"featured_media":18332,"comment_status":"open","ping_status":"closed","template":"","meta":{"_acf_changed":false,"inline_featured_image":false},"product_brand":[1410],"product_cat":[143],"product_tag":[],"class_list":{"0":"post-18333","1":"product","2":"type-product","3":"status-publish","4":"has-post-thumbnail","6":"product_brand-la-sportiva","7":"product_cat-trekking","9":"first","10":"instock","11":"shipping-taxable","12":"purchasable","13":"product-type-simple"},"acf":[],"yoast_head":"<!-- This site is optimized with the Yoast SEO plugin v27.2 - https:\/\/yoast.com\/product\/yoast-seo-wordpress\/ -->\n<title>\u0411\u043e\u0442\u0438\u043d\u043a\u0438 La Sportiva Karakorum HC GTX mocha\/forest - \u041c\u0430\u0433\u0430\u0437\u0438\u043d Xstyle<\/title>\n<meta name=\"description\" content=\"\u0411\u043e\u0442\u0438\u043d\u043a\u0438 La Sportiva Karakorum HC GTX mocha\/forest: \u0438\u0434\u0435\u0430\u043b\u044c\u043d\u044b \u0434\u043b\u044f \u0430\u043b\u044c\u043f\u0438\u043d\u0438\u0437\u043c\u0430. \u0417\u0430\u0449\u0438\u0442\u0430 Gore-Tex, \u043f\u043e\u0434\u043e\u0448\u0432\u0430 Vibram, 3D Flex. \u041a\u043e\u043c\u0444\u043e\u0440\u0442 \u0438 \u0434\u043e\u043b\u0433\u043e\u0432\u0435\u0447\u043d\u043e\u0441\u0442\u044c \u0432 \u0433\u043e\u0440\u0430\u0445.\" \/>\n<meta name=\"robots\" content=\"index, follow, max-snippet:-1, max-image-preview:large, max-video-preview:-1\" \/>\n<link rel=\"canonical\" href=\"https:\/\/xstyle.md\/ro\/produs\/botinki-muzhskie-la-sportiva-karakorum-hc-gtx\/\" \/>\n<meta property=\"og:locale\" content=\"ro_RO\" \/>\n<meta property=\"og:type\" content=\"article\" \/>\n<meta property=\"og:title\" content=\"\u0411\u043e\u0442\u0438\u043d\u043a\u0438 La Sportiva Karakorum HC GTX mocha\/forest - \u041c\u0430\u0433\u0430\u0437\u0438\u043d Xstyle\" \/>\n<meta property=\"og:description\" content=\"\u0411\u043e\u0442\u0438\u043d\u043a\u0438 La Sportiva Karakorum HC GTX mocha\/forest: \u0438\u0434\u0435\u0430\u043b\u044c\u043d\u044b \u0434\u043b\u044f \u0430\u043b\u044c\u043f\u0438\u043d\u0438\u0437\u043c\u0430. \u0417\u0430\u0449\u0438\u0442\u0430 Gore-Tex, \u043f\u043e\u0434\u043e\u0448\u0432\u0430 Vibram, 3D Flex. \u041a\u043e\u043c\u0444\u043e\u0440\u0442 \u0438 \u0434\u043e\u043b\u0433\u043e\u0432\u0435\u0447\u043d\u043e\u0441\u0442\u044c \u0432 \u0433\u043e\u0440\u0430\u0445.\" \/>\n<meta property=\"og:url\" content=\"https:\/\/xstyle.md\/ro\/produs\/botinki-muzhskie-la-sportiva-karakorum-hc-gtx\/\" \/>\n<meta property=\"og:site_name\" content=\"\u041c\u0430\u0433\u0430\u0437\u0438\u043d Xstyle\" \/>\n<meta property=\"article:publisher\" content=\"https:\/\/www.facebook.com\/xstylemd\" \/>\n<meta property=\"article:modified_time\" content=\"2026-03-19T13:37:55+00:00\" \/>\n<meta property=\"og:image\" content=\"https:\/\/xstyle.md\/wp-content\/uploads\/2020\/07\/422092.jpg\" \/>\n\t<meta property=\"og:image:width\" content=\"550\" \/>\n\t<meta property=\"og:image:height\" content=\"550\" \/>\n\t<meta property=\"og:image:type\" content=\"image\/jpeg\" \/>\n<meta name=\"twitter:card\" content=\"summary_large_image\" \/>\n<meta name=\"twitter:label1\" content=\"Pre\u021b\" \/>\n\t<meta name=\"twitter:data1\" content=\"7.190&nbsp;MDL\" \/>\n\t<meta name=\"twitter:label2\" content=\"Disponibilitate\" \/>\n\t<meta name=\"twitter:data2\" content=\"\u00cen stoc\" \/>\n<script type=\"application\/ld+json\" class=\"yoast-schema-graph\">{\"@context\":\"https:\/\/schema.org\",\"@graph\":[{\"@type\":\"WebPage\",\"@id\":\"https:\/\/xstyle.md\/product\/botinki-muzhskie-la-sportiva-karakorum-hc-gtx\/\",\"url\":\"https:\/\/xstyle.md\/product\/botinki-muzhskie-la-sportiva-karakorum-hc-gtx\/\",\"name\":\"\u0411\u043e\u0442\u0438\u043d\u043a\u0438 La Sportiva Karakorum HC GTX mocha\/forest - \u041c\u0430\u0433\u0430\u0437\u0438\u043d Xstyle\",\"isPartOf\":{\"@id\":\"https:\/\/xstyle.md\/#website\"},\"primaryImageOfPage\":{\"@id\":\"https:\/\/xstyle.md\/product\/botinki-muzhskie-la-sportiva-karakorum-hc-gtx\/#primaryimage\"},\"image\":{\"@id\":\"https:\/\/xstyle.md\/product\/botinki-muzhskie-la-sportiva-karakorum-hc-gtx\/#primaryimage\"},\"thumbnailUrl\":\"https:\/\/xstyle.md\/wp-content\/uploads\/2020\/07\/422092.jpg\",\"datePublished\":\"2020-07-17T15:58:50+00:00\",\"dateModified\":\"2026-03-19T13:37:55+00:00\",\"description\":\"\u0411\u043e\u0442\u0438\u043d\u043a\u0438 La Sportiva Karakorum HC GTX mocha\/forest: \u0438\u0434\u0435\u0430\u043b\u044c\u043d\u044b \u0434\u043b\u044f \u0430\u043b\u044c\u043f\u0438\u043d\u0438\u0437\u043c\u0430. \u0417\u0430\u0449\u0438\u0442\u0430 Gore-Tex, \u043f\u043e\u0434\u043e\u0448\u0432\u0430 Vibram, 3D Flex. \u041a\u043e\u043c\u0444\u043e\u0440\u0442 \u0438 \u0434\u043e\u043b\u0433\u043e\u0432\u0435\u0447\u043d\u043e\u0441\u0442\u044c \u0432 \u0433\u043e\u0440\u0430\u0445.\",\"breadcrumb\":{\"@id\":\"https:\/\/xstyle.md\/product\/botinki-muzhskie-la-sportiva-karakorum-hc-gtx\/#breadcrumb\"},\"inLanguage\":\"ro-RO\",\"potentialAction\":[{\"@type\":\"ReadAction\",\"target\":[\"https:\/\/xstyle.md\/product\/botinki-muzhskie-la-sportiva-karakorum-hc-gtx\/\"]}]},{\"@type\":\"ImageObject\",\"inLanguage\":\"ro-RO\",\"@id\":\"https:\/\/xstyle.md\/product\/botinki-muzhskie-la-sportiva-karakorum-hc-gtx\/#primaryimage\",\"url\":\"https:\/\/xstyle.md\/wp-content\/uploads\/2020\/07\/422092.jpg\",\"contentUrl\":\"https:\/\/xstyle.md\/wp-content\/uploads\/2020\/07\/422092.jpg\",\"width\":550,\"height\":550},{\"@type\":\"BreadcrumbList\",\"@id\":\"https:\/\/xstyle.md\/product\/botinki-muzhskie-la-sportiva-karakorum-hc-gtx\/#breadcrumb\",\"itemListElement\":[{\"@type\":\"ListItem\",\"position\":1,\"name\":\"\u0413\u043b\u0430\u0432\u043d\u0430\u044f \u0441\u0442\u0440\u0430\u043d\u0438\u0446\u0430\",\"item\":\"https:\/\/xstyle.md\/\"},{\"@type\":\"ListItem\",\"position\":2,\"name\":\"\u041c\u0430\u0433\u0430\u0437\u0438\u043d\",\"item\":\"https:\/\/xstyle.md\/shop\/\"},{\"@type\":\"ListItem\",\"position\":3,\"name\":\"\u0411\u043e\u0442\u0438\u043d\u043a\u0438 La Sportiva Karakorum HC GTX mocha\/forest\"}]},{\"@type\":\"WebSite\",\"@id\":\"https:\/\/xstyle.md\/#website\",\"url\":\"https:\/\/xstyle.md\/\",\"name\":\"\u041c\u0430\u0433\u0430\u0437\u0438\u043d Xstyle\",\"description\":\"C\u043d\u0430\u0440\u044f\u0436\u0435\u043d\u0438\u0435 \u0434\u043b\u044f \u0442\u0443\u0440\u0438\u0437\u043c\u0430 \u0438 \u044d\u043a\u0441\u0442\u0440\u0435\u043c\u0430\u043b\u044c\u043d\u044b\u0445 \u0432\u0438\u0434\u043e\u0432 \u0441\u043f\u043e\u0440\u0442\u0430 \u0432 \u041c\u043e\u043b\u0434\u043e\u0432\u0435.. \u0426\u0435\u043d\u044b, \u0444\u043e\u0442\u043e, \u0445\u0430\u0440\u0430\u043a\u0442\u0435\u0440\u0438\u0441\u0442\u0438\u043a\u0438 \u0432 \u041c\u043e\u043b\u0434\u043e\u0432\u0435.\",\"publisher\":{\"@id\":\"https:\/\/xstyle.md\/#organization\"},\"alternateName\":\"X-Style\",\"potentialAction\":[{\"@type\":\"SearchAction\",\"target\":{\"@type\":\"EntryPoint\",\"urlTemplate\":\"https:\/\/xstyle.md\/?s={search_term_string}\"},\"query-input\":{\"@type\":\"PropertyValueSpecification\",\"valueRequired\":true,\"valueName\":\"search_term_string\"}}],\"inLanguage\":\"ro-RO\"},{\"@type\":\"Organization\",\"@id\":\"https:\/\/xstyle.md\/#organization\",\"name\":\"\u041c\u0430\u0433\u0430\u0437\u0438\u043d Xstyle\",\"alternateName\":\"x-style\",\"url\":\"https:\/\/xstyle.md\/\",\"logo\":{\"@type\":\"ImageObject\",\"inLanguage\":\"ro-RO\",\"@id\":\"https:\/\/xstyle.md\/#\/schema\/logo\/image\/\",\"url\":\"https:\/\/xstyle.md\/wp-content\/uploads\/2020\/06\/logoicon.svg\",\"contentUrl\":\"https:\/\/xstyle.md\/wp-content\/uploads\/2020\/06\/logoicon.svg\",\"caption\":\"\u041c\u0430\u0433\u0430\u0437\u0438\u043d Xstyle\"},\"image\":{\"@id\":\"https:\/\/xstyle.md\/#\/schema\/logo\/image\/\"},\"sameAs\":[\"https:\/\/www.facebook.com\/xstylemd\",\"https:\/\/www.instagram.com\/xstyle_md\/\",\"https:\/\/t.me\/xstyle_outdoor\"],\"hasMerchantReturnPolicy\":{\"@type\":\"MerchantReturnPolicy\",\"merchantReturnLink\":\"https:\/\/xstyle.md\/ro\/conditions\/\"}}]}<\/script>\n<meta property=\"product:price:amount\" content=\"7190.00\" \/>\n<meta property=\"product:price:currency\" content=\"MDL\" \/>\n<meta property=\"og:availability\" content=\"instock\" \/>\n<meta property=\"product:availability\" content=\"instock\" \/>\n<meta property=\"product:retailer_item_id\" content=\"8020647769667\" \/>\n<meta property=\"product:condition\" content=\"new\" \/>\n<!-- \/ Yoast SEO plugin. -->","yoast_head_json":{"title":"Bocanci La Sportiva Karakorum HC GTX mocha\/forest - Magazin Xstyle","description":"Bocanci La Sportiva Karakorum HC GTX mocha\/forest: ideali pentru alpinism. Protec\u021bie Gore-Tex, talp\u0103 Vibram, 3D Flex. Confort \u0219i durabilitate \u00een mun\u021bi.","robots":{"index":"index","follow":"follow","max-snippet":"max-snippet:-1","max-image-preview":"max-image-preview:large","max-video-preview":"max-video-preview:-1"},"canonical":"https:\/\/xstyle.md\/ro\/produs\/botinki-muzhskie-la-sportiva-karakorum-hc-gtx\/","og_locale":"ro_RO","og_type":"article","og_title":"\u0411\u043e\u0442\u0438\u043d\u043a\u0438 La Sportiva Karakorum HC GTX mocha\/forest - \u041c\u0430\u0433\u0430\u0437\u0438\u043d Xstyle","og_description":"\u0411\u043e\u0442\u0438\u043d\u043a\u0438 La Sportiva Karakorum HC GTX mocha\/forest: \u0438\u0434\u0435\u0430\u043b\u044c\u043d\u044b \u0434\u043b\u044f \u0430\u043b\u044c\u043f\u0438\u043d\u0438\u0437\u043c\u0430. \u0417\u0430\u0449\u0438\u0442\u0430 Gore-Tex, \u043f\u043e\u0434\u043e\u0448\u0432\u0430 Vibram, 3D Flex. \u041a\u043e\u043c\u0444\u043e\u0440\u0442 \u0438 \u0434\u043e\u043b\u0433\u043e\u0432\u0435\u0447\u043d\u043e\u0441\u0442\u044c \u0432 \u0433\u043e\u0440\u0430\u0445.","og_url":"https:\/\/xstyle.md\/ro\/produs\/botinki-muzhskie-la-sportiva-karakorum-hc-gtx\/","og_site_name":"\u041c\u0430\u0433\u0430\u0437\u0438\u043d Xstyle","article_publisher":"https:\/\/www.facebook.com\/xstylemd","article_modified_time":"2026-03-19T13:37:55+00:00","og_image":[{"width":550,"height":550,"url":"https:\/\/xstyle.md\/wp-content\/uploads\/2020\/07\/422092.jpg","type":"image\/jpeg"}],"twitter_card":"summary_large_image","twitter_misc":{"Pre\u021b":"7.190&nbsp;MDL","Disponibilitate":"\u00cen stoc"},"schema":{"@context":"https:\/\/schema.org","@graph":[{"@type":"WebPage","@id":"https:\/\/xstyle.md\/product\/botinki-muzhskie-la-sportiva-karakorum-hc-gtx\/","url":"https:\/\/xstyle.md\/product\/botinki-muzhskie-la-sportiva-karakorum-hc-gtx\/","name":"Bocanci La Sportiva Karakorum HC GTX mocha\/forest - Magazin Xstyle","isPartOf":{"@id":"https:\/\/xstyle.md\/#website"},"primaryImageOfPage":{"@id":"https:\/\/xstyle.md\/product\/botinki-muzhskie-la-sportiva-karakorum-hc-gtx\/#primaryimage"},"image":{"@id":"https:\/\/xstyle.md\/product\/botinki-muzhskie-la-sportiva-karakorum-hc-gtx\/#primaryimage"},"thumbnailUrl":"https:\/\/xstyle.md\/wp-content\/uploads\/2020\/07\/422092.jpg","datePublished":"2020-07-17T15:58:50+00:00","dateModified":"2026-03-19T13:37:55+00:00","description":"Bocanci La Sportiva Karakorum HC GTX mocha\/forest: ideali pentru alpinism. Protec\u021bie Gore-Tex, talp\u0103 Vibram, 3D Flex. Confort \u0219i durabilitate \u00een mun\u021bi.","breadcrumb":{"@id":"https:\/\/xstyle.md\/product\/botinki-muzhskie-la-sportiva-karakorum-hc-gtx\/#breadcrumb"},"inLanguage":"ro-RO","potentialAction":[{"@type":"ReadAction","target":["https:\/\/xstyle.md\/product\/botinki-muzhskie-la-sportiva-karakorum-hc-gtx\/"]}]},{"@type":"ImageObject","inLanguage":"ro-RO","@id":"https:\/\/xstyle.md\/product\/botinki-muzhskie-la-sportiva-karakorum-hc-gtx\/#primaryimage","url":"https:\/\/xstyle.md\/wp-content\/uploads\/2020\/07\/422092.jpg","contentUrl":"https:\/\/xstyle.md\/wp-content\/uploads\/2020\/07\/422092.jpg","width":550,"height":550},{"@type":"BreadcrumbList","@id":"https:\/\/xstyle.md\/product\/botinki-muzhskie-la-sportiva-karakorum-hc-gtx\/#breadcrumb","itemListElement":[{"@type":"ListItem","position":1,"name":"\u0413\u043b\u0430\u0432\u043d\u0430\u044f \u0441\u0442\u0440\u0430\u043d\u0438\u0446\u0430","item":"https:\/\/xstyle.md\/"},{"@type":"ListItem","position":2,"name":"\u041c\u0430\u0433\u0430\u0437\u0438\u043d","item":"https:\/\/xstyle.md\/shop\/"},{"@type":"ListItem","position":3,"name":"\u0411\u043e\u0442\u0438\u043d\u043a\u0438 La Sportiva Karakorum HC GTX mocha\/forest"}]},{"@type":"WebSite","@id":"https:\/\/xstyle.md\/#website","url":"https:\/\/xstyle.md\/","name":"Magazinul X-Style","description":"Echipamente pentru turism \u0219i sporturi extreme \u00een Moldova. Pre\u021buri, fotografii, caracteristici \u00een Moldova.","publisher":{"@id":"https:\/\/xstyle.md\/#organization"},"alternateName":"X-Style","potentialAction":[{"@type":"SearchAction","target":{"@type":"EntryPoint","urlTemplate":"https:\/\/xstyle.md\/?s={search_term_string}"},"query-input":{"@type":"PropertyValueSpecification","valueRequired":true,"valueName":"search_term_string"}}],"inLanguage":"ro-RO"},{"@type":"Organization","@id":"https:\/\/xstyle.md\/#organization","name":"Magazinul X-Style","alternateName":"x-style","url":"https:\/\/xstyle.md\/","logo":{"@type":"ImageObject","inLanguage":"ro-RO","@id":"https:\/\/xstyle.md\/#\/schema\/logo\/image\/","url":"https:\/\/xstyle.md\/wp-content\/uploads\/2020\/06\/logoicon.svg","contentUrl":"https:\/\/xstyle.md\/wp-content\/uploads\/2020\/06\/logoicon.svg","caption":"\u041c\u0430\u0433\u0430\u0437\u0438\u043d Xstyle"},"image":{"@id":"https:\/\/xstyle.md\/#\/schema\/logo\/image\/"},"sameAs":["https:\/\/www.facebook.com\/xstylemd","https:\/\/www.instagram.com\/xstyle_md\/","https:\/\/t.me\/xstyle_outdoor"],"hasMerchantReturnPolicy":{"@type":"MerchantReturnPolicy","merchantReturnLink":"https:\/\/xstyle.md\/ro\/conditions\/"}}]},"product_price_amount":"7190.00","product_price_currency":"MDL","og_availability":"instock","product_availability":"instock","product_retailer_item_id":"8020647769667","product_condition":"new"},"post_mailing_queue_ids":[],"_links":{"self":[{"href":"https:\/\/xstyle.md\/ro\/wp-json\/wp\/v2\/product\/18333","targetHints":{"allow":["GET"]}}],"collection":[{"href":"https:\/\/xstyle.md\/ro\/wp-json\/wp\/v2\/product"}],"about":[{"href":"https:\/\/xstyle.md\/ro\/wp-json\/wp\/v2\/types\/product"}],"replies":[{"embeddable":true,"href":"https:\/\/xstyle.md\/ro\/wp-json\/wp\/v2\/comments?post=18333"}],"wp:featuredmedia":[{"embeddable":true,"href":"https:\/\/xstyle.md\/ro\/wp-json\/wp\/v2\/media\/18332"}],"wp:attachment":[{"href":"https:\/\/xstyle.md\/ro\/wp-json\/wp\/v2\/media?parent=18333"}],"wp:term":[{"taxonomy":"product_brand","embeddable":true,"href":"https:\/\/xstyle.md\/ro\/wp-json\/wp\/v2\/product_brand?post=18333"},{"taxonomy":"product_cat","embeddable":true,"href":"https:\/\/xstyle.md\/ro\/wp-json\/wp\/v2\/product_cat?post=18333"},{"taxonomy":"product_tag","embeddable":true,"href":"https:\/\/xstyle.md\/ro\/wp-json\/wp\/v2\/product_tag?post=18333"}],"curies":[{"name":"wp","href":"https:\/\/api.w.org\/{rel}","templated":true}]}}