{"id":18331,"date":"2020-07-17T18:58:42","date_gmt":"2020-07-17T15:58:42","guid":{"rendered":"https:\/\/xstyle.md\/product\/botinki-muzhskie-la-sportiva-g2-sm"},"modified":"2024-10-02T22:17:28","modified_gmt":"2024-10-02T19:17:28","slug":"botinki-muzhskie-la-sportiva-g2-sm","status":"publish","type":"product","link":"https:\/\/xstyle.md\/ro\/produs\/botinki-muzhskie-la-sportiva-g2-sm\/","title":{"rendered":"Bocanci La Sportiva G2 SM black\/yellow"},"content":{"rendered":"<\/p>\n<p>Bocanci <strong>La Sportiva G2 SM blablack\/yellow<\/strong>&#8212; bocanci dubli pentru altitudine cu sistem Boa. Extrem de calde, duble, au fost dezvoltate de c\u0103tre La Sportiva \u00eempreun\u0103 cu alpinistul italian Simone Moreau. Este o alegere ideal\u0103 pentru ascensiunea montan\u0103 extrem\u0103 \u0219i pentru cei care trebuie s\u0103 lucreze mult timp la temperaturi sc\u0103zute.<\/p>\n<p>Acest model utilizeaz\u0103 sistemul Voa. Aceast\u0103 tehnologie v\u0103 va ajuta s\u0103 traversa\u021bi terenuri dificile c\u00e2t mai confortabil posibil. Sistemul v\u0103 permite s\u0103 regla\u021bi etan\u0219eitatea bocancii la picior \u00een 2 puncte: zona piciorului \u0219i partea superioar\u0103 (drezina).<\/p>\n<p>Acest lucru este destul de util, deoarece pentru a traversa suprafe\u021be verticale abrupte, piciorul trebuie s\u0103 fie fixat slab \u00een zona piciorului, iar partea superioar\u0103 (zona tibiei) trebuie fixat\u0103 foarte str\u00e2ns. De asemenea, tehnologia Boa v\u0103 permite s\u0103 \u00eencheia\u021bi \u0219i s\u0103 desface\u021bi gheata cu o singur\u0103 m\u00e2n\u0103 &#8212; un mare avantaj pentru utilizarea la temperaturi extrem de sc\u0103zute.<\/p>\n<p>Numele modelului reprezint\u0103 &#171;Gasherbrum II by Simone Moro&#187;. \u00cen timpul expedi\u021biei sale de iarn\u0103 la Gasherbrum II, Simone Moro, unul dintre cei mai puternici alpini\u0219ti din lume, a testat noile cizme La Sportiva G2 SM.<\/p>\n<p><strong>Caracteristici:<\/strong><\/p>\n<ul>\n<li>C\u0103ptu\u0219eala special\u0103 \u0219i straturile izolatoare interioare asigur\u0103 o rezisten\u021b\u0103 maxim\u0103 la ap\u0103<\/li>\n<li>Bocancul exterior \u0219i interior este fabricat din materiale cu uscare rapid\u0103, ceea ce v\u0103 permite s\u0103 r\u0103m\u00e2ne\u021bi \u00een mun\u021bi pentru o perioad\u0103 lung\u0103 de timp<\/li>\n<li>Combina\u021bia excelent\u0103 de bocancul interior \u0219i exterior ofer\u0103 o izola\u021bie termic\u0103 excelent\u0103<\/li>\n<li>Talpa intermediar\u0103 termopolitiuretan multi-strat e potrivit\u0103 pentru ata\u0219area col\u021barilor<\/li>\n<li>Capacitatea de a fixa rapid bocancii cu o m\u00e2n\u0103 \u00eei face ideali pentru utilizare la temperaturi extrem de sc\u0103zute<\/li>\n<li>Pe bocancul interior exist\u0103 dou\u0103 sisteme BOA care permit ajustarea la picior \u00een dou\u0103 puncte, independente una de cealalt\u0103.<\/li>\n<\/ul>\n<p><strong>Specifica\u021bii:<\/strong><\/p>\n<ul>\n<li>Partea exterioar\u0103 din Cordura rezistent\u0103 la ap\u0103 \u0219i la uzur\u0103<\/li>\n<li>Patru straturi de c\u0103ptu\u0219eal\u0103 termoizolant\u0103<\/li>\n<li>Talp\u0103 interioar\u0103 izolant\u0103 din 3mm carbon Honeycomb Tech<\/li>\n<li>Talp\u0103 Vibram Matterhorn + IBS Sole<\/li>\n<li>Rant\/margine pentru col\u021bari<\/li>\n<li>Domeniu de aplicare Alpinism de \u00eenalt\u0103 altitudine<\/li>\n<li>Greutate pereche 1.97 kg.<\/li>\n<\/ul>\n<h3>Tehnologie<\/h3>\n<ul>\n<li><strong>Cordura<\/strong>\u00ae &#8212; o \u021bes\u0103tur\u0103 groas\u0103 din nailon cu o structur\u0103 special\u0103 a firelor, impregnare hidrofug\u0103 \u0219i un strat de poliuretan. Cordura a fost ini\u021bial conceput\u0103 pentru armat\u0103. \u021aes\u0103tura este tratat\u0103 \u00een mai multe etape, iar \u00eenveli\u0219ul este de foarte bun\u0103 calitate \u0219i rezist\u0103 mult timp.<\/li>\n<li><strong>Vibram\u00ae -\u00a0<\/strong>Cel mai important produc\u0103tor mondial de benzi pentru alpinism \u0219i trekking. Talpa este proiectat\u0103 cu un cauciuc foarte rezistent, care este o aderen\u021b\u0103 excelent\u0103 la suprafa\u021b\u0103. Ofer\u0103 suport\u0103 maxim \u0219i durabilitate.<\/li>\n<li><strong>Boa<\/strong>\u00ae <strong>Double Closure System<\/strong> &#8212; o tehnologie care este utilizat\u0103 \u00een dezvoltarea bocancilor de alpinism. Cu ajutorul sistemului Voa, bocancii pot fi fixate pe picior \u00een dou\u0103 locuri (zona piciorului \u0219i partea superioar\u0103). De asemenea, bocancii pot fi \u00eencheiate \u0219i desf\u0103cute cu o singur\u0103 m\u00e2n\u0103, ceea ce este foarte util la temperaturi sc\u0103zute.<\/li>\n<\/ul>\n<h3>Marca<\/h3>\n<p>Compania italian\u0103 este cunoscut\u0103 de to\u021bi alpini\u0219tii \u2014 \u00eenc\u0103l\u021b\u0103mintea pentru alpinism La Sportiva \u0219i ghetele pentru altitudini mari sunt considerate cele mai bune din lume. Istoria brandului a \u00eenceput cu fabricarea \u00eenc\u0103l\u021b\u0103mintei din lemn, iar acum este unul dintre liderii mondiali \u00een produc\u021bia \u00eenc\u0103l\u021b\u0103mintei pentru munte. Toat\u0103 \u00eenc\u0103l\u021b\u0103mintea este \u00een continuare cusut\u0103 manual \u0219i numai din materiale de \u00eenalt\u0103 calitate, este confortabil\u0103, de \u00eencredere \u0219i are o durabilitate excelent\u0103. Al\u0103turi de \u00eenc\u0103l\u021b\u0103minte, compania produce \u0219i \u00eembr\u0103c\u0103minte high-tech pentru pasiona\u021bii de alpinism. Standardele \u00eenalte de calitate ale companiei \u0219i tehnologia \u00een evolu\u021bie au ajutat La Sportiva s\u0103 devin\u0103 unul dintre cele mai importante m\u0103rci de \u00eenc\u0103l\u021b\u0103minte \u0219i \u00eembr\u0103c\u0103minte la nivel mondial.<\/p>\n<p>","protected":false},"excerpt":{"rendered":"<p>Bocanci La Sportiva G2 SM black\/yellow<\/p>","protected":false},"featured_media":18324,"comment_status":"open","ping_status":"closed","template":"","meta":{"_acf_changed":false,"inline_featured_image":false},"product_brand":[1410],"product_cat":[144],"product_tag":[],"class_list":{"0":"post-18331","1":"product","2":"type-product","3":"status-publish","4":"has-post-thumbnail","6":"product_brand-la-sportiva","7":"product_cat-forwarding","9":"first","10":"instock","11":"shipping-taxable","12":"purchasable","13":"product-type-simple"},"acf":[],"yoast_head":"<!-- This site is optimized with the Yoast SEO plugin v27.2 - https:\/\/yoast.com\/product\/yoast-seo-wordpress\/ -->\n<title>\u0411\u043e\u0442\u0438\u043d\u043a\u0438 La Sportiva G2 SM black\/yellow - \u041c\u0430\u0433\u0430\u0437\u0438\u043d Xstyle<\/title>\n<meta name=\"description\" content=\"\u0411\u043e\u0442\u0438\u043d\u043a\u0438 La Sportiva G2 SM black\/yellow: \u0438\u0434\u0435\u0430\u043b\u044c\u043d\u044b \u0434\u043b\u044f \u0430\u043b\u044c\u043f\u0438\u043d\u0438\u0437\u043c\u0430. \u0421\u0438\u0441\u0442\u0435\u043c\u0430 Boa, \u043c\u0430\u0442\u0435\u0440\u0438\u0430\u043b Cordura \u0438 \u043f\u043e\u0434\u043e\u0448\u0432\u0430 Vibram \u043e\u0431\u0435\u0441\u043f\u0435\u0447\u0438\u0432\u0430\u044e\u0442 \u0442\u0435\u043f\u043b\u043e \u0438 \u043d\u0430\u0434\u0435\u0436\u043d\u043e\u0441\u0442\u044c!\" \/>\n<meta name=\"robots\" content=\"index, follow, max-snippet:-1, max-image-preview:large, max-video-preview:-1\" \/>\n<link rel=\"canonical\" href=\"https:\/\/xstyle.md\/ro\/produs\/botinki-muzhskie-la-sportiva-g2-sm\/\" \/>\n<meta property=\"og:locale\" content=\"ro_RO\" \/>\n<meta property=\"og:type\" content=\"article\" \/>\n<meta property=\"og:title\" content=\"\u0411\u043e\u0442\u0438\u043d\u043a\u0438 La Sportiva G2 SM black\/yellow - \u041c\u0430\u0433\u0430\u0437\u0438\u043d Xstyle\" \/>\n<meta property=\"og:description\" content=\"\u0411\u043e\u0442\u0438\u043d\u043a\u0438 La Sportiva G2 SM black\/yellow: \u0438\u0434\u0435\u0430\u043b\u044c\u043d\u044b \u0434\u043b\u044f \u0430\u043b\u044c\u043f\u0438\u043d\u0438\u0437\u043c\u0430. \u0421\u0438\u0441\u0442\u0435\u043c\u0430 Boa, \u043c\u0430\u0442\u0435\u0440\u0438\u0430\u043b Cordura \u0438 \u043f\u043e\u0434\u043e\u0448\u0432\u0430 Vibram \u043e\u0431\u0435\u0441\u043f\u0435\u0447\u0438\u0432\u0430\u044e\u0442 \u0442\u0435\u043f\u043b\u043e \u0438 \u043d\u0430\u0434\u0435\u0436\u043d\u043e\u0441\u0442\u044c!\" \/>\n<meta property=\"og:url\" content=\"https:\/\/xstyle.md\/ro\/produs\/botinki-muzhskie-la-sportiva-g2-sm\/\" \/>\n<meta property=\"og:site_name\" content=\"\u041c\u0430\u0433\u0430\u0437\u0438\u043d Xstyle\" \/>\n<meta property=\"article:publisher\" content=\"https:\/\/www.facebook.com\/xstylemd\" \/>\n<meta property=\"article:modified_time\" content=\"2024-10-02T19:17:28+00:00\" \/>\n<meta property=\"og:image\" content=\"https:\/\/xstyle.md\/wp-content\/uploads\/2020\/07\/g2_sm_principale.jpg\" \/>\n\t<meta property=\"og:image:width\" content=\"1024\" \/>\n\t<meta property=\"og:image:height\" content=\"1024\" \/>\n\t<meta property=\"og:image:type\" content=\"image\/jpeg\" \/>\n<meta name=\"twitter:card\" content=\"summary_large_image\" \/>\n<meta name=\"twitter:label1\" content=\"Pre\u021b\" \/>\n\t<meta name=\"twitter:data1\" content=\"12.990&nbsp;MDL\" \/>\n\t<meta name=\"twitter:label2\" content=\"Disponibilitate\" \/>\n\t<meta name=\"twitter:data2\" content=\"\u00cen stoc\" \/>\n<script type=\"application\/ld+json\" class=\"yoast-schema-graph\">{\"@context\":\"https:\/\/schema.org\",\"@graph\":[{\"@type\":\"WebPage\",\"@id\":\"https:\/\/xstyle.md\/product\/botinki-muzhskie-la-sportiva-g2-sm\/\",\"url\":\"https:\/\/xstyle.md\/product\/botinki-muzhskie-la-sportiva-g2-sm\/\",\"name\":\"\u0411\u043e\u0442\u0438\u043d\u043a\u0438 La Sportiva G2 SM black\/yellow - \u041c\u0430\u0433\u0430\u0437\u0438\u043d Xstyle\",\"isPartOf\":{\"@id\":\"https:\/\/xstyle.md\/#website\"},\"primaryImageOfPage\":{\"@id\":\"https:\/\/xstyle.md\/product\/botinki-muzhskie-la-sportiva-g2-sm\/#primaryimage\"},\"image\":{\"@id\":\"https:\/\/xstyle.md\/product\/botinki-muzhskie-la-sportiva-g2-sm\/#primaryimage\"},\"thumbnailUrl\":\"https:\/\/xstyle.md\/wp-content\/uploads\/2020\/07\/g2_sm_principale.jpg\",\"datePublished\":\"2020-07-17T15:58:42+00:00\",\"dateModified\":\"2024-10-02T19:17:28+00:00\",\"description\":\"\u0411\u043e\u0442\u0438\u043d\u043a\u0438 La Sportiva G2 SM black\/yellow: \u0438\u0434\u0435\u0430\u043b\u044c\u043d\u044b \u0434\u043b\u044f \u0430\u043b\u044c\u043f\u0438\u043d\u0438\u0437\u043c\u0430. \u0421\u0438\u0441\u0442\u0435\u043c\u0430 Boa, \u043c\u0430\u0442\u0435\u0440\u0438\u0430\u043b Cordura \u0438 \u043f\u043e\u0434\u043e\u0448\u0432\u0430 Vibram \u043e\u0431\u0435\u0441\u043f\u0435\u0447\u0438\u0432\u0430\u044e\u0442 \u0442\u0435\u043f\u043b\u043e \u0438 \u043d\u0430\u0434\u0435\u0436\u043d\u043e\u0441\u0442\u044c!\",\"breadcrumb\":{\"@id\":\"https:\/\/xstyle.md\/product\/botinki-muzhskie-la-sportiva-g2-sm\/#breadcrumb\"},\"inLanguage\":\"ro-RO\",\"potentialAction\":[{\"@type\":\"ReadAction\",\"target\":[\"https:\/\/xstyle.md\/product\/botinki-muzhskie-la-sportiva-g2-sm\/\"]}]},{\"@type\":\"ImageObject\",\"inLanguage\":\"ro-RO\",\"@id\":\"https:\/\/xstyle.md\/product\/botinki-muzhskie-la-sportiva-g2-sm\/#primaryimage\",\"url\":\"https:\/\/xstyle.md\/wp-content\/uploads\/2020\/07\/g2_sm_principale.jpg\",\"contentUrl\":\"https:\/\/xstyle.md\/wp-content\/uploads\/2020\/07\/g2_sm_principale.jpg\",\"width\":1024,\"height\":1024},{\"@type\":\"BreadcrumbList\",\"@id\":\"https:\/\/xstyle.md\/product\/botinki-muzhskie-la-sportiva-g2-sm\/#breadcrumb\",\"itemListElement\":[{\"@type\":\"ListItem\",\"position\":1,\"name\":\"\u0413\u043b\u0430\u0432\u043d\u0430\u044f \u0441\u0442\u0440\u0430\u043d\u0438\u0446\u0430\",\"item\":\"https:\/\/xstyle.md\/\"},{\"@type\":\"ListItem\",\"position\":2,\"name\":\"\u041c\u0430\u0433\u0430\u0437\u0438\u043d\",\"item\":\"https:\/\/xstyle.md\/shop\/\"},{\"@type\":\"ListItem\",\"position\":3,\"name\":\"\u0411\u043e\u0442\u0438\u043d\u043a\u0438 La Sportiva G2 SM black\/yellow\"}]},{\"@type\":\"WebSite\",\"@id\":\"https:\/\/xstyle.md\/#website\",\"url\":\"https:\/\/xstyle.md\/\",\"name\":\"\u041c\u0430\u0433\u0430\u0437\u0438\u043d Xstyle\",\"description\":\"C\u043d\u0430\u0440\u044f\u0436\u0435\u043d\u0438\u0435 \u0434\u043b\u044f \u0442\u0443\u0440\u0438\u0437\u043c\u0430 \u0438 \u044d\u043a\u0441\u0442\u0440\u0435\u043c\u0430\u043b\u044c\u043d\u044b\u0445 \u0432\u0438\u0434\u043e\u0432 \u0441\u043f\u043e\u0440\u0442\u0430 \u0432 \u041c\u043e\u043b\u0434\u043e\u0432\u0435.. \u0426\u0435\u043d\u044b, \u0444\u043e\u0442\u043e, \u0445\u0430\u0440\u0430\u043a\u0442\u0435\u0440\u0438\u0441\u0442\u0438\u043a\u0438 \u0432 \u041c\u043e\u043b\u0434\u043e\u0432\u0435.\",\"publisher\":{\"@id\":\"https:\/\/xstyle.md\/#organization\"},\"alternateName\":\"X-Style\",\"potentialAction\":[{\"@type\":\"SearchAction\",\"target\":{\"@type\":\"EntryPoint\",\"urlTemplate\":\"https:\/\/xstyle.md\/?s={search_term_string}\"},\"query-input\":{\"@type\":\"PropertyValueSpecification\",\"valueRequired\":true,\"valueName\":\"search_term_string\"}}],\"inLanguage\":\"ro-RO\"},{\"@type\":\"Organization\",\"@id\":\"https:\/\/xstyle.md\/#organization\",\"name\":\"\u041c\u0430\u0433\u0430\u0437\u0438\u043d Xstyle\",\"alternateName\":\"x-style\",\"url\":\"https:\/\/xstyle.md\/\",\"logo\":{\"@type\":\"ImageObject\",\"inLanguage\":\"ro-RO\",\"@id\":\"https:\/\/xstyle.md\/#\/schema\/logo\/image\/\",\"url\":\"https:\/\/xstyle.md\/wp-content\/uploads\/2020\/06\/logoicon.svg\",\"contentUrl\":\"https:\/\/xstyle.md\/wp-content\/uploads\/2020\/06\/logoicon.svg\",\"caption\":\"\u041c\u0430\u0433\u0430\u0437\u0438\u043d Xstyle\"},\"image\":{\"@id\":\"https:\/\/xstyle.md\/#\/schema\/logo\/image\/\"},\"sameAs\":[\"https:\/\/www.facebook.com\/xstylemd\",\"https:\/\/www.instagram.com\/xstyle_md\/\",\"https:\/\/t.me\/xstyle_outdoor\"],\"hasMerchantReturnPolicy\":{\"@type\":\"MerchantReturnPolicy\",\"merchantReturnLink\":\"https:\/\/xstyle.md\/ro\/conditions\/\"}}]}<\/script>\n<meta property=\"product:price:amount\" content=\"12990.00\" \/>\n<meta property=\"product:price:currency\" content=\"MDL\" \/>\n<meta property=\"og:availability\" content=\"instock\" \/>\n<meta property=\"product:availability\" content=\"instock\" \/>\n<meta property=\"product:retailer_item_id\" content=\"8020647485666\" \/>\n<meta property=\"product:condition\" content=\"new\" \/>\n<!-- \/ Yoast SEO plugin. -->","yoast_head_json":{"title":"Bocanci La Sportiva G2 SM black\/yellow - Magazin Xstyle","description":"Bocanci La Sportiva G2 SM black\/yellow: ideali pentru alpinism. Sistemul Boa, materialul Cordura \u0219i talpa Vibram asigur\u0103 c\u0103ldur\u0103 \u0219i fiabilitate!","robots":{"index":"index","follow":"follow","max-snippet":"max-snippet:-1","max-image-preview":"max-image-preview:large","max-video-preview":"max-video-preview:-1"},"canonical":"https:\/\/xstyle.md\/ro\/produs\/botinki-muzhskie-la-sportiva-g2-sm\/","og_locale":"ro_RO","og_type":"article","og_title":"\u0411\u043e\u0442\u0438\u043d\u043a\u0438 La Sportiva G2 SM black\/yellow - \u041c\u0430\u0433\u0430\u0437\u0438\u043d Xstyle","og_description":"\u0411\u043e\u0442\u0438\u043d\u043a\u0438 La Sportiva G2 SM black\/yellow: \u0438\u0434\u0435\u0430\u043b\u044c\u043d\u044b \u0434\u043b\u044f \u0430\u043b\u044c\u043f\u0438\u043d\u0438\u0437\u043c\u0430. \u0421\u0438\u0441\u0442\u0435\u043c\u0430 Boa, \u043c\u0430\u0442\u0435\u0440\u0438\u0430\u043b Cordura \u0438 \u043f\u043e\u0434\u043e\u0448\u0432\u0430 Vibram \u043e\u0431\u0435\u0441\u043f\u0435\u0447\u0438\u0432\u0430\u044e\u0442 \u0442\u0435\u043f\u043b\u043e \u0438 \u043d\u0430\u0434\u0435\u0436\u043d\u043e\u0441\u0442\u044c!","og_url":"https:\/\/xstyle.md\/ro\/produs\/botinki-muzhskie-la-sportiva-g2-sm\/","og_site_name":"\u041c\u0430\u0433\u0430\u0437\u0438\u043d Xstyle","article_publisher":"https:\/\/www.facebook.com\/xstylemd","article_modified_time":"2024-10-02T19:17:28+00:00","og_image":[{"width":1024,"height":1024,"url":"https:\/\/xstyle.md\/wp-content\/uploads\/2020\/07\/g2_sm_principale.jpg","type":"image\/jpeg"}],"twitter_card":"summary_large_image","twitter_misc":{"Pre\u021b":"12.990&nbsp;MDL","Disponibilitate":"\u00cen stoc"},"schema":{"@context":"https:\/\/schema.org","@graph":[{"@type":"WebPage","@id":"https:\/\/xstyle.md\/product\/botinki-muzhskie-la-sportiva-g2-sm\/","url":"https:\/\/xstyle.md\/product\/botinki-muzhskie-la-sportiva-g2-sm\/","name":"Bocanci La Sportiva G2 SM black\/yellow - Magazin Xstyle","isPartOf":{"@id":"https:\/\/xstyle.md\/#website"},"primaryImageOfPage":{"@id":"https:\/\/xstyle.md\/product\/botinki-muzhskie-la-sportiva-g2-sm\/#primaryimage"},"image":{"@id":"https:\/\/xstyle.md\/product\/botinki-muzhskie-la-sportiva-g2-sm\/#primaryimage"},"thumbnailUrl":"https:\/\/xstyle.md\/wp-content\/uploads\/2020\/07\/g2_sm_principale.jpg","datePublished":"2020-07-17T15:58:42+00:00","dateModified":"2024-10-02T19:17:28+00:00","description":"Bocanci La Sportiva G2 SM black\/yellow: ideali pentru alpinism. Sistemul Boa, materialul Cordura \u0219i talpa Vibram asigur\u0103 c\u0103ldur\u0103 \u0219i fiabilitate!","breadcrumb":{"@id":"https:\/\/xstyle.md\/product\/botinki-muzhskie-la-sportiva-g2-sm\/#breadcrumb"},"inLanguage":"ro-RO","potentialAction":[{"@type":"ReadAction","target":["https:\/\/xstyle.md\/product\/botinki-muzhskie-la-sportiva-g2-sm\/"]}]},{"@type":"ImageObject","inLanguage":"ro-RO","@id":"https:\/\/xstyle.md\/product\/botinki-muzhskie-la-sportiva-g2-sm\/#primaryimage","url":"https:\/\/xstyle.md\/wp-content\/uploads\/2020\/07\/g2_sm_principale.jpg","contentUrl":"https:\/\/xstyle.md\/wp-content\/uploads\/2020\/07\/g2_sm_principale.jpg","width":1024,"height":1024},{"@type":"BreadcrumbList","@id":"https:\/\/xstyle.md\/product\/botinki-muzhskie-la-sportiva-g2-sm\/#breadcrumb","itemListElement":[{"@type":"ListItem","position":1,"name":"\u0413\u043b\u0430\u0432\u043d\u0430\u044f \u0441\u0442\u0440\u0430\u043d\u0438\u0446\u0430","item":"https:\/\/xstyle.md\/"},{"@type":"ListItem","position":2,"name":"\u041c\u0430\u0433\u0430\u0437\u0438\u043d","item":"https:\/\/xstyle.md\/shop\/"},{"@type":"ListItem","position":3,"name":"\u0411\u043e\u0442\u0438\u043d\u043a\u0438 La Sportiva G2 SM black\/yellow"}]},{"@type":"WebSite","@id":"https:\/\/xstyle.md\/#website","url":"https:\/\/xstyle.md\/","name":"Magazinul X-Style","description":"Echipamente pentru turism \u0219i sporturi extreme \u00een Moldova. Pre\u021buri, fotografii, caracteristici \u00een Moldova.","publisher":{"@id":"https:\/\/xstyle.md\/#organization"},"alternateName":"X-Style","potentialAction":[{"@type":"SearchAction","target":{"@type":"EntryPoint","urlTemplate":"https:\/\/xstyle.md\/?s={search_term_string}"},"query-input":{"@type":"PropertyValueSpecification","valueRequired":true,"valueName":"search_term_string"}}],"inLanguage":"ro-RO"},{"@type":"Organization","@id":"https:\/\/xstyle.md\/#organization","name":"Magazinul X-Style","alternateName":"x-style","url":"https:\/\/xstyle.md\/","logo":{"@type":"ImageObject","inLanguage":"ro-RO","@id":"https:\/\/xstyle.md\/#\/schema\/logo\/image\/","url":"https:\/\/xstyle.md\/wp-content\/uploads\/2020\/06\/logoicon.svg","contentUrl":"https:\/\/xstyle.md\/wp-content\/uploads\/2020\/06\/logoicon.svg","caption":"\u041c\u0430\u0433\u0430\u0437\u0438\u043d Xstyle"},"image":{"@id":"https:\/\/xstyle.md\/#\/schema\/logo\/image\/"},"sameAs":["https:\/\/www.facebook.com\/xstylemd","https:\/\/www.instagram.com\/xstyle_md\/","https:\/\/t.me\/xstyle_outdoor"],"hasMerchantReturnPolicy":{"@type":"MerchantReturnPolicy","merchantReturnLink":"https:\/\/xstyle.md\/ro\/conditions\/"}}]},"product_price_amount":"12990.00","product_price_currency":"MDL","og_availability":"instock","product_availability":"instock","product_retailer_item_id":"8020647485666","product_condition":"new"},"post_mailing_queue_ids":[],"_links":{"self":[{"href":"https:\/\/xstyle.md\/ro\/wp-json\/wp\/v2\/product\/18331","targetHints":{"allow":["GET"]}}],"collection":[{"href":"https:\/\/xstyle.md\/ro\/wp-json\/wp\/v2\/product"}],"about":[{"href":"https:\/\/xstyle.md\/ro\/wp-json\/wp\/v2\/types\/product"}],"replies":[{"embeddable":true,"href":"https:\/\/xstyle.md\/ro\/wp-json\/wp\/v2\/comments?post=18331"}],"wp:featuredmedia":[{"embeddable":true,"href":"https:\/\/xstyle.md\/ro\/wp-json\/wp\/v2\/media\/18324"}],"wp:attachment":[{"href":"https:\/\/xstyle.md\/ro\/wp-json\/wp\/v2\/media?parent=18331"}],"wp:term":[{"taxonomy":"product_brand","embeddable":true,"href":"https:\/\/xstyle.md\/ro\/wp-json\/wp\/v2\/product_brand?post=18331"},{"taxonomy":"product_cat","embeddable":true,"href":"https:\/\/xstyle.md\/ro\/wp-json\/wp\/v2\/product_cat?post=18331"},{"taxonomy":"product_tag","embeddable":true,"href":"https:\/\/xstyle.md\/ro\/wp-json\/wp\/v2\/product_tag?post=18331"}],"curies":[{"name":"wp","href":"https:\/\/api.w.org\/{rel}","templated":true}]}}