{"id":18317,"date":"2020-07-17T18:56:56","date_gmt":"2020-07-17T15:56:56","guid":{"rendered":"https:\/\/xstyle.md\/product\/krossovki-detskie-la-sportiva-falkon-low"},"modified":"2025-09-04T17:31:43","modified_gmt":"2025-09-04T14:31:43","slug":"krossovki-detskie-la-sportiva-falkon-low","status":"publish","type":"product","link":"https:\/\/xstyle.md\/ro\/produs\/krossovki-detskie-la-sportiva-falkon-low\/","title":{"rendered":"Adida\u0219i La Sportiva Falkon Low JR Carbon"},"content":{"rendered":"<\/p>\n<p>Adida\u0219ii <strong>La Sportiva Falkon Low Carbon<\/strong> &#8212; alegerea perfect\u0103 pentru utilizarea de zi cu zi, precum \u0219i pentru jogging sau mersul pe drum. Partea superioar\u0103 confortabil\u0103 garanteaz\u0103 confort maxim chiar \u0219i dup\u0103 utilizare \u00eendelungat\u0103. Inser\u021biile din microfibr\u0103, inser\u021bii de cauciuc \u0219i un stabilizator in zona c\u0103lc\u00e2iului protejeaz\u0103 \u00eempotriva denivel\u0103rilor \u0219i abraziunii, asigur\u00e2nd siguran\u021ba continu\u0103. O man\u0219et\u0103 moale suplimentar\u0103 \u00eembun\u0103t\u0103\u021be\u0219te \u0219i mai mult confortul, \u00een timp ce un sistem de \u0219iret cu bucle echipat cu o eliberare automat\u0103 contribuie la siguran\u021ba general\u0103 a modelului pentru copil. Talpa moale EVA \u0219i talpa FriXion At contribuie la confortul \u0219i stabilitatea general\u0103 a modelului.<\/p>\n<h3>Particularit\u0103\u021bi<\/h3>\n<ul>\n<li>Exteriorul confortabil din plas\u0103, cu inser\u021bii de microfibr\u0103 de protec\u021bie, nu pune presiune pe picior \u0219i ofer\u0103 un confort maxim chiar \u0219i dup\u0103 multe ore de utilizare<\/li>\n<li>Talpa interioar\u0103 moale EVA \u0219i cauciucul FriXion AT adaug\u0103 confort \u0219i stabilitate general\u0103 la drum<\/li>\n<li>Sistem de fixare cu bucle cu reglare rapid\u0103<\/li>\n<li>V\u00e2rful din cauciuc rezistent la \u0219ocuri<\/li>\n<li>Alegere excelent\u0103 pentru fiecare zi \u0219i pentru alergare sau plimbare pe teren accidentat.<\/li>\n<\/ul>\n<h3>Caracteristici<\/h3>\n<ul>\n<li>Partea superioar\u0103 &#8212; material de plas\u0103 respirabil cu inser\u021bii termoadezive \u00eent\u0103rite<\/li>\n<li>C\u0103ptu\u0219eal\u0103 &#8212; plas\u0103 special\u0103 antiderapant\u0103<\/li>\n<li>Talp\u0103 interioar\u0103 &#8212; Memlex Eva<\/li>\n<li>Talp\u0103 exterioar\u0103 &#8212; compus FriXion AT cu IBS<\/li>\n<li>Destina\u021bie &#8212; trekking, alergare<\/li>\n<li>Sezonul &#8212; iarn\u0103, demi-sezon<\/li>\n<li>Greutatea unei perechi &#8212; 215g.<\/li>\n<\/ul>\n<h3>Tehnologie<\/h3>\n<ul>\n<li><strong>Impact Brake System <\/strong>&#8212; Sistemul reduce \u0219i mai mult tensiunea asupra articula\u021biei genunchiului \u0219i gleznei.<\/li>\n<li><strong>FriXion AT<\/strong> &#8212; talpa dezvoltat\u0103 de departamentul de cercetare al La Sportiva folose\u0219te o band\u0103 rezistent\u0103 la \u0219ocuri \u0219i un design exclusiv cu tehnologia Trail Rocker care ofer\u0103 suport natural pentru c\u0103lc\u00e2ie \u0219i degetul interior. Absoarbe bine loviturile \u0219i va protejeaz\u0103 picioarele.<\/li>\n<\/ul>\n<p>\n\n<\/p>\n<h3>Marca<\/h3>\n<p>Compania italian\u0103 este cunoscut\u0103 de to\u021bi alpini\u0219tii \u2014 \u00eenc\u0103l\u021b\u0103mintea pentru alpinism La Sportiva \u0219i ghetele pentru altitudini mari sunt considerate cele mai bune din lume. Istoria brandului a \u00eenceput cu fabricarea \u00eenc\u0103l\u021b\u0103mintei din lemn, iar acum este unul dintre liderii mondiali \u00een produc\u021bia \u00eenc\u0103l\u021b\u0103mintei pentru munte. Toat\u0103 \u00eenc\u0103l\u021b\u0103mintea este \u00een continuare cusut\u0103 manual \u0219i numai din materiale de \u00eenalt\u0103 calitate, este confortabil\u0103, de \u00eencredere \u0219i are o durabilitate excelent\u0103. Al\u0103turi de \u00eenc\u0103l\u021b\u0103minte, compania produce \u0219i \u00eembr\u0103c\u0103minte high-tech pentru pasiona\u021bii de alpinism. Standardele \u00eenalte de calitate ale companiei \u0219i tehnologia \u00een evolu\u021bie au ajutat La Sportiva s\u0103 devin\u0103 unul dintre cele mai importante m\u0103rci de \u00eenc\u0103l\u021b\u0103minte \u0219i \u00eembr\u0103c\u0103minte la nivel mondial.<\/p>\n<p>","protected":false},"excerpt":{"rendered":"<p>\u041a\u0440\u043e\u0441\u0441\u043e\u0432\u043a\u0438 \u0434\u0435\u0442\u0441\u043a\u0438\u0435 La Sportiva Falkon Low Carbon<\/p>","protected":false},"featured_media":18312,"comment_status":"open","ping_status":"closed","template":"","meta":{"_acf_changed":false,"inline_featured_image":false},"product_brand":[1410],"product_cat":[905],"product_tag":[],"class_list":{"0":"post-18317","1":"product","2":"type-product","3":"status-publish","4":"has-post-thumbnail","6":"product_brand-la-sportiva","7":"product_cat-kids-sport-shoes","8":"pa_naznachenie-obuvi-beg","9":"pa_naznachenie-obuvi-trekking","10":"pa_razmer-shoes-1031","11":"pa_razmer-shoes-1032","12":"pa_razmer-shoes-666","13":"pa_sex-jr","14":"pa_sezon-demisezon","16":"first","17":"outofstock","18":"shipping-taxable","19":"product-type-variable"},"acf":[],"yoast_head":"<!-- This site is optimized with the Yoast SEO plugin v27.2 - https:\/\/yoast.com\/product\/yoast-seo-wordpress\/ -->\n<title>\u041a\u0440\u043e\u0441\u0441\u043e\u0432\u043a\u0438 La Sportiva Falkon Low JR Carbon - \u041c\u0430\u0433\u0430\u0437\u0438\u043d Xstyle<\/title>\n<meta name=\"description\" content=\"\u041a\u0440\u043e\u0441\u0441\u043e\u0432\u043a\u0438 La Sportiva Falkon Low JR Carbon - \u0438\u0434\u0435\u0430\u043b\u044c\u043d\u044b \u0434\u043b\u044f \u043f\u043e\u0432\u0441\u0435\u0434\u043d\u0435\u0432\u043d\u043e\u0433\u043e \u0438\u0441\u043f\u043e\u043b\u044c\u0437\u043e\u0432\u0430\u043d\u0438\u044f \u0438 \u0431\u0435\u0433\u0430. \u041a\u043e\u043c\u0444\u043e\u0440\u0442\u043d\u0430\u044f \u0432\u0435\u0440\u0445\u043d\u044f\u044f \u0447\u0430\u0441\u0442\u044c \u0438 \u043b\u0435\u0433\u043a\u043e\u0441\u0442\u044c \u0431\u043b\u0430\u0433\u043e\u0434\u0430\u0440\u044f FriXion AT!\" \/>\n<meta name=\"robots\" content=\"index, follow, max-snippet:-1, max-image-preview:large, max-video-preview:-1\" \/>\n<link rel=\"canonical\" href=\"https:\/\/xstyle.md\/ro\/produs\/krossovki-detskie-la-sportiva-falkon-low\/\" \/>\n<meta property=\"og:locale\" content=\"ro_RO\" \/>\n<meta property=\"og:type\" content=\"article\" \/>\n<meta property=\"og:title\" content=\"\u041a\u0440\u043e\u0441\u0441\u043e\u0432\u043a\u0438 La Sportiva Falkon Low JR Carbon - \u041c\u0430\u0433\u0430\u0437\u0438\u043d Xstyle\" \/>\n<meta property=\"og:description\" content=\"\u041a\u0440\u043e\u0441\u0441\u043e\u0432\u043a\u0438 La Sportiva Falkon Low JR Carbon - \u0438\u0434\u0435\u0430\u043b\u044c\u043d\u044b \u0434\u043b\u044f \u043f\u043e\u0432\u0441\u0435\u0434\u043d\u0435\u0432\u043d\u043e\u0433\u043e \u0438\u0441\u043f\u043e\u043b\u044c\u0437\u043e\u0432\u0430\u043d\u0438\u044f \u0438 \u0431\u0435\u0433\u0430. \u041a\u043e\u043c\u0444\u043e\u0440\u0442\u043d\u0430\u044f \u0432\u0435\u0440\u0445\u043d\u044f\u044f \u0447\u0430\u0441\u0442\u044c \u0438 \u043b\u0435\u0433\u043a\u043e\u0441\u0442\u044c \u0431\u043b\u0430\u0433\u043e\u0434\u0430\u0440\u044f FriXion AT!\" \/>\n<meta property=\"og:url\" content=\"https:\/\/xstyle.md\/ro\/produs\/krossovki-detskie-la-sportiva-falkon-low\/\" \/>\n<meta property=\"og:site_name\" content=\"\u041c\u0430\u0433\u0430\u0437\u0438\u043d Xstyle\" \/>\n<meta property=\"article:publisher\" content=\"https:\/\/www.facebook.com\/xstylemd\" \/>\n<meta property=\"article:modified_time\" content=\"2025-09-04T14:31:43+00:00\" \/>\n<meta property=\"og:image\" content=\"https:\/\/xstyle.md\/wp-content\/uploads\/2020\/07\/la-sportiva-kids-falkon-low-17a-lsp-15l-carbon-flame-1_1.jpg\" \/>\n\t<meta property=\"og:image:width\" content=\"550\" \/>\n\t<meta property=\"og:image:height\" content=\"550\" \/>\n\t<meta property=\"og:image:type\" content=\"image\/jpeg\" \/>\n<meta name=\"twitter:card\" content=\"summary_large_image\" \/>\n<meta name=\"twitter:label1\" content=\"Disponibilitate\" \/>\n\t<meta name=\"twitter:data1\" content=\"Stoc epuizat\" \/>\n<script type=\"application\/ld+json\" class=\"yoast-schema-graph\">{\"@context\":\"https:\/\/schema.org\",\"@graph\":[{\"@type\":\"WebPage\",\"@id\":\"https:\/\/xstyle.md\/product\/krossovki-detskie-la-sportiva-falkon-low\/\",\"url\":\"https:\/\/xstyle.md\/product\/krossovki-detskie-la-sportiva-falkon-low\/\",\"name\":\"\u041a\u0440\u043e\u0441\u0441\u043e\u0432\u043a\u0438 La Sportiva Falkon Low JR Carbon - \u041c\u0430\u0433\u0430\u0437\u0438\u043d Xstyle\",\"isPartOf\":{\"@id\":\"https:\/\/xstyle.md\/#website\"},\"primaryImageOfPage\":{\"@id\":\"https:\/\/xstyle.md\/product\/krossovki-detskie-la-sportiva-falkon-low\/#primaryimage\"},\"image\":{\"@id\":\"https:\/\/xstyle.md\/product\/krossovki-detskie-la-sportiva-falkon-low\/#primaryimage\"},\"thumbnailUrl\":\"https:\/\/xstyle.md\/wp-content\/uploads\/2020\/07\/la-sportiva-kids-falkon-low-17a-lsp-15l-carbon-flame-1_1.jpg\",\"datePublished\":\"2020-07-17T15:56:56+00:00\",\"dateModified\":\"2025-09-04T14:31:43+00:00\",\"description\":\"\u041a\u0440\u043e\u0441\u0441\u043e\u0432\u043a\u0438 La Sportiva Falkon Low JR Carbon - \u0438\u0434\u0435\u0430\u043b\u044c\u043d\u044b \u0434\u043b\u044f \u043f\u043e\u0432\u0441\u0435\u0434\u043d\u0435\u0432\u043d\u043e\u0433\u043e \u0438\u0441\u043f\u043e\u043b\u044c\u0437\u043e\u0432\u0430\u043d\u0438\u044f \u0438 \u0431\u0435\u0433\u0430. \u041a\u043e\u043c\u0444\u043e\u0440\u0442\u043d\u0430\u044f \u0432\u0435\u0440\u0445\u043d\u044f\u044f \u0447\u0430\u0441\u0442\u044c \u0438 \u043b\u0435\u0433\u043a\u043e\u0441\u0442\u044c \u0431\u043b\u0430\u0433\u043e\u0434\u0430\u0440\u044f FriXion AT!\",\"breadcrumb\":{\"@id\":\"https:\/\/xstyle.md\/product\/krossovki-detskie-la-sportiva-falkon-low\/#breadcrumb\"},\"inLanguage\":\"ro-RO\",\"potentialAction\":[{\"@type\":\"ReadAction\",\"target\":[\"https:\/\/xstyle.md\/product\/krossovki-detskie-la-sportiva-falkon-low\/\"]}]},{\"@type\":\"ImageObject\",\"inLanguage\":\"ro-RO\",\"@id\":\"https:\/\/xstyle.md\/product\/krossovki-detskie-la-sportiva-falkon-low\/#primaryimage\",\"url\":\"https:\/\/xstyle.md\/wp-content\/uploads\/2020\/07\/la-sportiva-kids-falkon-low-17a-lsp-15l-carbon-flame-1_1.jpg\",\"contentUrl\":\"https:\/\/xstyle.md\/wp-content\/uploads\/2020\/07\/la-sportiva-kids-falkon-low-17a-lsp-15l-carbon-flame-1_1.jpg\",\"width\":550,\"height\":550},{\"@type\":\"BreadcrumbList\",\"@id\":\"https:\/\/xstyle.md\/product\/krossovki-detskie-la-sportiva-falkon-low\/#breadcrumb\",\"itemListElement\":[{\"@type\":\"ListItem\",\"position\":1,\"name\":\"\u0413\u043b\u0430\u0432\u043d\u0430\u044f \u0441\u0442\u0440\u0430\u043d\u0438\u0446\u0430\",\"item\":\"https:\/\/xstyle.md\/\"},{\"@type\":\"ListItem\",\"position\":2,\"name\":\"\u041c\u0430\u0433\u0430\u0437\u0438\u043d\",\"item\":\"https:\/\/xstyle.md\/shop\/\"},{\"@type\":\"ListItem\",\"position\":3,\"name\":\"\u041a\u0440\u043e\u0441\u0441\u043e\u0432\u043a\u0438 La Sportiva Falkon Low JR Carbon\"}]},{\"@type\":\"WebSite\",\"@id\":\"https:\/\/xstyle.md\/#website\",\"url\":\"https:\/\/xstyle.md\/\",\"name\":\"\u041c\u0430\u0433\u0430\u0437\u0438\u043d Xstyle\",\"description\":\"C\u043d\u0430\u0440\u044f\u0436\u0435\u043d\u0438\u0435 \u0434\u043b\u044f \u0442\u0443\u0440\u0438\u0437\u043c\u0430 \u0438 \u044d\u043a\u0441\u0442\u0440\u0435\u043c\u0430\u043b\u044c\u043d\u044b\u0445 \u0432\u0438\u0434\u043e\u0432 \u0441\u043f\u043e\u0440\u0442\u0430 \u0432 \u041c\u043e\u043b\u0434\u043e\u0432\u0435.. \u0426\u0435\u043d\u044b, \u0444\u043e\u0442\u043e, \u0445\u0430\u0440\u0430\u043a\u0442\u0435\u0440\u0438\u0441\u0442\u0438\u043a\u0438 \u0432 \u041c\u043e\u043b\u0434\u043e\u0432\u0435.\",\"publisher\":{\"@id\":\"https:\/\/xstyle.md\/#organization\"},\"alternateName\":\"X-Style\",\"potentialAction\":[{\"@type\":\"SearchAction\",\"target\":{\"@type\":\"EntryPoint\",\"urlTemplate\":\"https:\/\/xstyle.md\/?s={search_term_string}\"},\"query-input\":{\"@type\":\"PropertyValueSpecification\",\"valueRequired\":true,\"valueName\":\"search_term_string\"}}],\"inLanguage\":\"ro-RO\"},{\"@type\":\"Organization\",\"@id\":\"https:\/\/xstyle.md\/#organization\",\"name\":\"\u041c\u0430\u0433\u0430\u0437\u0438\u043d Xstyle\",\"alternateName\":\"x-style\",\"url\":\"https:\/\/xstyle.md\/\",\"logo\":{\"@type\":\"ImageObject\",\"inLanguage\":\"ro-RO\",\"@id\":\"https:\/\/xstyle.md\/#\/schema\/logo\/image\/\",\"url\":\"https:\/\/xstyle.md\/wp-content\/uploads\/2020\/06\/logoicon.svg\",\"contentUrl\":\"https:\/\/xstyle.md\/wp-content\/uploads\/2020\/06\/logoicon.svg\",\"caption\":\"\u041c\u0430\u0433\u0430\u0437\u0438\u043d Xstyle\"},\"image\":{\"@id\":\"https:\/\/xstyle.md\/#\/schema\/logo\/image\/\"},\"sameAs\":[\"https:\/\/www.facebook.com\/xstylemd\",\"https:\/\/www.instagram.com\/xstyle_md\/\",\"https:\/\/t.me\/xstyle_outdoor\"],\"hasMerchantReturnPolicy\":{\"@type\":\"MerchantReturnPolicy\",\"merchantReturnLink\":\"https:\/\/xstyle.md\/ro\/conditions\/\"}}]}<\/script>\n<meta property=\"og:availability\" content=\"out of stock\" \/>\n<meta property=\"product:availability\" content=\"out of stock\" \/>\n<meta property=\"product:retailer_item_id\" content=\"X22018a\" \/>\n<meta property=\"product:condition\" content=\"new\" \/>\n<!-- \/ Yoast SEO plugin. -->","yoast_head_json":{"title":"Adidasi La Sportiva Falkon Low JR Carbon - Magazin Xstyle","description":"Pantofii sport La Sportiva Falkon Low JR Carbon sunt ideali pentru utilizare zilnic\u0103 \u0219i alergare. Partea superioar\u0103 confortabil\u0103 \u0219i greutatea redus\u0103 datorit\u0103 FriXion AT!","robots":{"index":"index","follow":"follow","max-snippet":"max-snippet:-1","max-image-preview":"max-image-preview:large","max-video-preview":"max-video-preview:-1"},"canonical":"https:\/\/xstyle.md\/ro\/produs\/krossovki-detskie-la-sportiva-falkon-low\/","og_locale":"ro_RO","og_type":"article","og_title":"\u041a\u0440\u043e\u0441\u0441\u043e\u0432\u043a\u0438 La Sportiva Falkon Low JR Carbon - \u041c\u0430\u0433\u0430\u0437\u0438\u043d Xstyle","og_description":"\u041a\u0440\u043e\u0441\u0441\u043e\u0432\u043a\u0438 La Sportiva Falkon Low JR Carbon - \u0438\u0434\u0435\u0430\u043b\u044c\u043d\u044b \u0434\u043b\u044f \u043f\u043e\u0432\u0441\u0435\u0434\u043d\u0435\u0432\u043d\u043e\u0433\u043e \u0438\u0441\u043f\u043e\u043b\u044c\u0437\u043e\u0432\u0430\u043d\u0438\u044f \u0438 \u0431\u0435\u0433\u0430. \u041a\u043e\u043c\u0444\u043e\u0440\u0442\u043d\u0430\u044f \u0432\u0435\u0440\u0445\u043d\u044f\u044f \u0447\u0430\u0441\u0442\u044c \u0438 \u043b\u0435\u0433\u043a\u043e\u0441\u0442\u044c \u0431\u043b\u0430\u0433\u043e\u0434\u0430\u0440\u044f FriXion AT!","og_url":"https:\/\/xstyle.md\/ro\/produs\/krossovki-detskie-la-sportiva-falkon-low\/","og_site_name":"\u041c\u0430\u0433\u0430\u0437\u0438\u043d Xstyle","article_publisher":"https:\/\/www.facebook.com\/xstylemd","article_modified_time":"2025-09-04T14:31:43+00:00","og_image":[{"width":550,"height":550,"url":"https:\/\/xstyle.md\/wp-content\/uploads\/2020\/07\/la-sportiva-kids-falkon-low-17a-lsp-15l-carbon-flame-1_1.jpg","type":"image\/jpeg"}],"twitter_card":"summary_large_image","twitter_misc":{"Disponibilitate":"Stoc epuizat"},"schema":{"@context":"https:\/\/schema.org","@graph":[{"@type":"WebPage","@id":"https:\/\/xstyle.md\/product\/krossovki-detskie-la-sportiva-falkon-low\/","url":"https:\/\/xstyle.md\/product\/krossovki-detskie-la-sportiva-falkon-low\/","name":"Adidasi La Sportiva Falkon Low JR Carbon - Magazin Xstyle","isPartOf":{"@id":"https:\/\/xstyle.md\/#website"},"primaryImageOfPage":{"@id":"https:\/\/xstyle.md\/product\/krossovki-detskie-la-sportiva-falkon-low\/#primaryimage"},"image":{"@id":"https:\/\/xstyle.md\/product\/krossovki-detskie-la-sportiva-falkon-low\/#primaryimage"},"thumbnailUrl":"https:\/\/xstyle.md\/wp-content\/uploads\/2020\/07\/la-sportiva-kids-falkon-low-17a-lsp-15l-carbon-flame-1_1.jpg","datePublished":"2020-07-17T15:56:56+00:00","dateModified":"2025-09-04T14:31:43+00:00","description":"Pantofii sport La Sportiva Falkon Low JR Carbon sunt ideali pentru utilizare zilnic\u0103 \u0219i alergare. Partea superioar\u0103 confortabil\u0103 \u0219i greutatea redus\u0103 datorit\u0103 FriXion AT!","breadcrumb":{"@id":"https:\/\/xstyle.md\/product\/krossovki-detskie-la-sportiva-falkon-low\/#breadcrumb"},"inLanguage":"ro-RO","potentialAction":[{"@type":"ReadAction","target":["https:\/\/xstyle.md\/product\/krossovki-detskie-la-sportiva-falkon-low\/"]}]},{"@type":"ImageObject","inLanguage":"ro-RO","@id":"https:\/\/xstyle.md\/product\/krossovki-detskie-la-sportiva-falkon-low\/#primaryimage","url":"https:\/\/xstyle.md\/wp-content\/uploads\/2020\/07\/la-sportiva-kids-falkon-low-17a-lsp-15l-carbon-flame-1_1.jpg","contentUrl":"https:\/\/xstyle.md\/wp-content\/uploads\/2020\/07\/la-sportiva-kids-falkon-low-17a-lsp-15l-carbon-flame-1_1.jpg","width":550,"height":550},{"@type":"BreadcrumbList","@id":"https:\/\/xstyle.md\/product\/krossovki-detskie-la-sportiva-falkon-low\/#breadcrumb","itemListElement":[{"@type":"ListItem","position":1,"name":"\u0413\u043b\u0430\u0432\u043d\u0430\u044f \u0441\u0442\u0440\u0430\u043d\u0438\u0446\u0430","item":"https:\/\/xstyle.md\/"},{"@type":"ListItem","position":2,"name":"\u041c\u0430\u0433\u0430\u0437\u0438\u043d","item":"https:\/\/xstyle.md\/shop\/"},{"@type":"ListItem","position":3,"name":"\u041a\u0440\u043e\u0441\u0441\u043e\u0432\u043a\u0438 La Sportiva Falkon Low JR Carbon"}]},{"@type":"WebSite","@id":"https:\/\/xstyle.md\/#website","url":"https:\/\/xstyle.md\/","name":"Magazinul X-Style","description":"Echipamente pentru turism \u0219i sporturi extreme \u00een Moldova. Pre\u021buri, fotografii, caracteristici \u00een Moldova.","publisher":{"@id":"https:\/\/xstyle.md\/#organization"},"alternateName":"X-Style","potentialAction":[{"@type":"SearchAction","target":{"@type":"EntryPoint","urlTemplate":"https:\/\/xstyle.md\/?s={search_term_string}"},"query-input":{"@type":"PropertyValueSpecification","valueRequired":true,"valueName":"search_term_string"}}],"inLanguage":"ro-RO"},{"@type":"Organization","@id":"https:\/\/xstyle.md\/#organization","name":"Magazinul X-Style","alternateName":"x-style","url":"https:\/\/xstyle.md\/","logo":{"@type":"ImageObject","inLanguage":"ro-RO","@id":"https:\/\/xstyle.md\/#\/schema\/logo\/image\/","url":"https:\/\/xstyle.md\/wp-content\/uploads\/2020\/06\/logoicon.svg","contentUrl":"https:\/\/xstyle.md\/wp-content\/uploads\/2020\/06\/logoicon.svg","caption":"\u041c\u0430\u0433\u0430\u0437\u0438\u043d Xstyle"},"image":{"@id":"https:\/\/xstyle.md\/#\/schema\/logo\/image\/"},"sameAs":["https:\/\/www.facebook.com\/xstylemd","https:\/\/www.instagram.com\/xstyle_md\/","https:\/\/t.me\/xstyle_outdoor"],"hasMerchantReturnPolicy":{"@type":"MerchantReturnPolicy","merchantReturnLink":"https:\/\/xstyle.md\/ro\/conditions\/"}}]},"og_availability":"out of stock","product_availability":"out of stock","product_retailer_item_id":"X22018a","product_condition":"new"},"post_mailing_queue_ids":[],"_links":{"self":[{"href":"https:\/\/xstyle.md\/ro\/wp-json\/wp\/v2\/product\/18317","targetHints":{"allow":["GET"]}}],"collection":[{"href":"https:\/\/xstyle.md\/ro\/wp-json\/wp\/v2\/product"}],"about":[{"href":"https:\/\/xstyle.md\/ro\/wp-json\/wp\/v2\/types\/product"}],"replies":[{"embeddable":true,"href":"https:\/\/xstyle.md\/ro\/wp-json\/wp\/v2\/comments?post=18317"}],"wp:featuredmedia":[{"embeddable":true,"href":"https:\/\/xstyle.md\/ro\/wp-json\/wp\/v2\/media\/18312"}],"wp:attachment":[{"href":"https:\/\/xstyle.md\/ro\/wp-json\/wp\/v2\/media?parent=18317"}],"wp:term":[{"taxonomy":"product_brand","embeddable":true,"href":"https:\/\/xstyle.md\/ro\/wp-json\/wp\/v2\/product_brand?post=18317"},{"taxonomy":"product_cat","embeddable":true,"href":"https:\/\/xstyle.md\/ro\/wp-json\/wp\/v2\/product_cat?post=18317"},{"taxonomy":"product_tag","embeddable":true,"href":"https:\/\/xstyle.md\/ro\/wp-json\/wp\/v2\/product_tag?post=18317"}],"curies":[{"name":"wp","href":"https:\/\/api.w.org\/{rel}","templated":true}]}}