{"id":1820,"date":"2020-07-16T16:40:15","date_gmt":"2020-07-16T13:40:15","guid":{"rendered":"https:\/\/xstyle.md\/product\/spal-nyj-meshok-pinguin-travel-hollowfibre"},"modified":"2025-10-24T13:02:42","modified_gmt":"2025-10-24T10:02:42","slug":"spal-nyj-meshok-pinguin-travel-khaki","status":"publish","type":"product","link":"https:\/\/xstyle.md\/ro\/produs\/spal-nyj-meshok-pinguin-travel-khaki\/","title":{"rendered":"Sac de dormit Pinguin Travel khaki"},"content":{"rendered":"<\/p>\n<p>Sac de dormit <strong> Pinguin Travel\u00a0<\/strong>se poate transforma \u00eentr-o p\u0103tur\u0103 mare cu o atingere u\u0219oar\u0103. Acest lucru este deosebit de util atunci c\u00e2nd dormi\u021bi pe o saltea gonflabil\u0103. Pinguin Travel este o op\u021biune excelent\u0103 pentru c\u0103l\u0103toriile de var\u0103 la mare, drume\u021bii \u0219i camping. Chiar dac\u0103 iarna r\u0103m\u00e2i f\u0103r\u0103 \u00eenc\u0103lzire, va va ajuta enorm.<\/p>\n<p>Sacul de dormit este alc\u0103tuit dintr-un singur strat de umplutur\u0103 sintetic\u0103 non-alergenic\u0103. De\u0219i este u\u0219or \u0219i compact, poate fi ata\u0219at \u00een afara rucsacului, \u00eempreun\u0103 cu be\u021be de trekking. Este ideal pentru drume\u021bii necomplicate.<\/p>\n<h3>Particularit\u0103\u021bi<\/h3>\n<ul>\n<li>P\u0103tur\u0103-sac de dormit<\/li>\n<li>&#171;Cus\u0103turi&#187; calde (nu g\u0103urite)<\/li>\n<li>Partea de sus cu \u0219ireturi<\/li>\n<li>Dou\u0103 fermoare laterale<\/li>\n<li>Curele de harna\u0219ament pentru ag\u0103\u021bare \u0219i uscare<\/li>\n<li>Nealergenic<\/li>\n<li>Fermoar &#8212; YKK cu dou\u0103 fe\u021be, cu fermoar anti-\u00een\u021bep\u0103tur\u0103.<\/li>\n<\/ul>\n<h3>Caracteristici<\/h3>\n<ul>\n<li>Greutate &#8212; 1,35 kg<\/li>\n<li>Dimensiuni ambalate &#8212; 19 x 38 x 24 cm<\/li>\n<li>\u00cen\u0103l\u021bimea corpului &#8212; p\u00e2n\u0103 la 190 cm<\/li>\n<li>\u021aes\u0103tur\u0103 exterioar\u0103 &#8212; nailon DWR<\/li>\n<li>\u021aes\u0103tur\u0103 interioar\u0103 &#8212; poliester SoftLite<\/li>\n<li>Umplutur\u0103 &#8212; ThermicFibre 1<\/li>\n<li>Structura umpluturii &#8212; un singur strat<\/li>\n<li>Tip de izola\u021bie &#8212; sintetic\u0103<\/li>\n<li>Densitatea izola\u021biei &#8212; 200 g\/m2<\/li>\n<li>Destina\u021bie &#8212; camping<\/li>\n<li>Sezonul &#8212; prim\u0103var\u0103\/toamn\u0103.<\/li>\n<\/ul>\n<h3>Modul de temperatur\u0103<\/h3>\n<ul>\n<li>Temperatura de confort: +9\u00b0 (temperatura la care o femeie normal\u0103 poate dormi lini\u0219tit\u0103 \u00eentr-o pozi\u021bie relaxat\u0103)<\/li>\n<li>Temperatura limit\u0103: +5\u00b0 (temperatura la care un b\u0103rbat normal poate dormi timp de 8 ore \u00een pozi\u021bie fetal\u0103 f\u0103r\u0103 s\u0103 se trezeasc\u0103)<\/li>\n<li>Temperatura extrem\u0103: -10\u00b0 (temperatura minim\u0103 la care se poate dormi timp de 6 ore f\u0103r\u0103 hipotermie).<\/li>\n<\/ul>\n<h3>Tehnologie<\/h3>\n<ul>\n<li><strong>DWR\u00a0\u00abdurable water repellent\u00bb<\/strong> \u2014 &#171;impregnare hidrofug\u0103 rezistent\u0103 la uzur\u0103&#187; \u0219i este utilizat\u0103 pentru a trata \u021bes\u0103turile folosite la \u00eembr\u0103c\u0103minte, rucsacuri, corturi \u0219i chiar saci de dormit. DWR este un strat de polimer hidrofob durabil care este aplicat pe material \u0219i formeaz\u0103 o structur\u0103 specific\u0103 care reduce coeficientul de tensiune superficial\u0103. Acest lucru face ca pic\u0103turile de ap\u0103 s\u0103 se rostogoleasc\u0103 de pe materialul tratat f\u0103r\u0103 a-l uda.<\/li>\n<li><strong>ThermicFibre 1 <\/strong>&#8212; este o holofibra \u00eembun\u0103t\u0103\u021bit\u0103 &#8212; fibre siliconate din poliester r\u0103sucite, care are 1 canal de aer. Izola\u021bia termic\u0103 se realizeaz\u0103 prin aerul acumulat \u00een canal. Datorit\u0103 silicon\u0103rii, exist\u0103 mai pu\u021bin\u0103 frictiune \u00eentre fibre, ceea ce cre\u0219te durata de via\u021b\u0103 a sacului de dormit.<\/li>\n<\/ul>\n<h3>Marca<\/h3>\n<p>Pinguin &#8212; este cea mai experimentat\u0103 companie ceh\u0103 de echipamente pentru activit\u0103\u021bi \u00een aer liber, primele sale produse fiind pe pia\u021b\u0103 \u00eenc\u0103 din 1989. Echipamentele Pinguin au fost folosite de multe ori de alpini\u0219ti \u0219i drume\u021bi celebri pentru a cuceri cele mai \u00eenalte v\u00e2rfuri montane din lume. Compania a fost numit\u0103 dup\u0103 o pas\u0103re care tr\u0103ie\u0219te \u00een frigul sever din Antarctica, fiind specializat\u0103 \u00een echipamente pentru activit\u0103\u021bi \u00een aer liber care \u00eei vor men\u021bine pe to\u021bi pasiona\u021bii de activit\u0103\u021bi \u00een aer liber confortabili \u0219i calzi \u00een frigul iernii sau pe v\u00e2rfurile \u00eenghe\u021bate ale mun\u021bilor.<\/p>\n<p><\/p>","protected":false},"excerpt":{"rendered":"<p>\u0421\u043f\u0430\u043b\u044c\u043d\u044b\u0439 \u043c\u0435\u0448\u043e\u043a Pinguin Travel<\/p>","protected":false},"featured_media":87750,"comment_status":"open","ping_status":"closed","template":"","meta":{"_acf_changed":false,"inline_featured_image":false},"product_brand":[1263],"product_cat":[304],"product_tag":[],"class_list":{"0":"post-1820","1":"product","2":"type-product","3":"status-publish","4":"has-post-thumbnail","6":"product_brand-pinguin","7":"product_cat-blankets","9":"first","10":"instock","11":"shipping-taxable","12":"purchasable","13":"product-type-simple"},"acf":[],"yoast_head":"<!-- This site is optimized with the Yoast SEO plugin v27.2 - https:\/\/yoast.com\/product\/yoast-seo-wordpress\/ -->\n<title>\u0421\u043f\u0430\u043b\u044c\u043d\u044b\u0439 \u043c\u0435\u0448\u043e\u043a Pinguin Travel khaki - \u041c\u0430\u0433\u0430\u0437\u0438\u043d Xstyle<\/title>\n<meta name=\"description\" content=\"\u0421\u043f\u0430\u043b\u044c\u043d\u044b\u0439 \u043c\u0435\u0448\u043e\u043a Pinguin Travel khaki \u2013 \u043b\u0435\u0433\u043a\u0438\u0439, \u0432\u043e\u0434\u043e\u043e\u0442\u0442\u0430\u043b\u043a\u0438\u0432\u0430\u044e\u0449\u0438\u0439 \u0438 \u0442\u0435\u043f\u043b\u044b\u0439. \u0418\u0434\u0435\u0430\u043b\u0435\u043d \u0434\u043b\u044f \u043f\u0440\u0438\u043a\u043b\u044e\u0447\u0435\u043d\u0438\u0439 \u043d\u0430 \u043e\u0442\u043a\u0440\u044b\u0442\u043e\u043c \u0432\u043e\u0437\u0434\u0443\u0445\u0435. \u0423\u0434\u043e\u0431\u0435\u043d \u0438 \u043a\u043e\u043c\u043f\u0430\u043a\u0442\u0435\u043d \u0432 \u0443\u043f\u0430\u043a\u043e\u0432\u043a\u0435!\" \/>\n<meta name=\"robots\" content=\"index, follow, max-snippet:-1, max-image-preview:large, max-video-preview:-1\" \/>\n<link rel=\"canonical\" href=\"https:\/\/xstyle.md\/ro\/produs\/spal-nyj-meshok-pinguin-travel-khaki\/\" \/>\n<meta property=\"og:locale\" content=\"ro_RO\" \/>\n<meta property=\"og:type\" content=\"article\" \/>\n<meta property=\"og:title\" content=\"\u0421\u043f\u0430\u043b\u044c\u043d\u044b\u0439 \u043c\u0435\u0448\u043e\u043a Pinguin Travel khaki - \u041c\u0430\u0433\u0430\u0437\u0438\u043d Xstyle\" \/>\n<meta property=\"og:description\" content=\"\u0421\u043f\u0430\u043b\u044c\u043d\u044b\u0439 \u043c\u0435\u0448\u043e\u043a Pinguin Travel khaki \u2013 \u043b\u0435\u0433\u043a\u0438\u0439, \u0432\u043e\u0434\u043e\u043e\u0442\u0442\u0430\u043b\u043a\u0438\u0432\u0430\u044e\u0449\u0438\u0439 \u0438 \u0442\u0435\u043f\u043b\u044b\u0439. \u0418\u0434\u0435\u0430\u043b\u0435\u043d \u0434\u043b\u044f \u043f\u0440\u0438\u043a\u043b\u044e\u0447\u0435\u043d\u0438\u0439 \u043d\u0430 \u043e\u0442\u043a\u0440\u044b\u0442\u043e\u043c \u0432\u043e\u0437\u0434\u0443\u0445\u0435. \u0423\u0434\u043e\u0431\u0435\u043d \u0438 \u043a\u043e\u043c\u043f\u0430\u043a\u0442\u0435\u043d \u0432 \u0443\u043f\u0430\u043a\u043e\u0432\u043a\u0435!\" \/>\n<meta property=\"og:url\" content=\"https:\/\/xstyle.md\/ro\/produs\/spal-nyj-meshok-pinguin-travel-khaki\/\" \/>\n<meta property=\"og:site_name\" content=\"\u041c\u0430\u0433\u0430\u0437\u0438\u043d Xstyle\" \/>\n<meta property=\"article:publisher\" content=\"https:\/\/www.facebook.com\/xstylemd\" \/>\n<meta property=\"article:modified_time\" content=\"2025-10-24T10:02:42+00:00\" \/>\n<meta property=\"og:image\" content=\"https:\/\/xstyle.md\/wp-content\/uploads\/2020\/07\/pinguin_travel_khaki.jpg\" \/>\n\t<meta property=\"og:image:width\" content=\"495\" \/>\n\t<meta property=\"og:image:height\" content=\"765\" \/>\n\t<meta property=\"og:image:type\" content=\"image\/jpeg\" \/>\n<meta name=\"twitter:card\" content=\"summary_large_image\" \/>\n<meta name=\"twitter:label1\" content=\"Pre\u021b\" \/>\n\t<meta name=\"twitter:data1\" content=\"1.190&nbsp;MDL\" \/>\n\t<meta name=\"twitter:label2\" content=\"Disponibilitate\" \/>\n\t<meta name=\"twitter:data2\" content=\"\u00cen stoc\" \/>\n<script type=\"application\/ld+json\" class=\"yoast-schema-graph\">{\"@context\":\"https:\/\/schema.org\",\"@graph\":[{\"@type\":\"WebPage\",\"@id\":\"https:\/\/xstyle.md\/product\/spal-nyj-meshok-pinguin-travel-khaki\/\",\"url\":\"https:\/\/xstyle.md\/product\/spal-nyj-meshok-pinguin-travel-khaki\/\",\"name\":\"\u0421\u043f\u0430\u043b\u044c\u043d\u044b\u0439 \u043c\u0435\u0448\u043e\u043a Pinguin Travel khaki - \u041c\u0430\u0433\u0430\u0437\u0438\u043d Xstyle\",\"isPartOf\":{\"@id\":\"https:\/\/xstyle.md\/#website\"},\"primaryImageOfPage\":{\"@id\":\"https:\/\/xstyle.md\/product\/spal-nyj-meshok-pinguin-travel-khaki\/#primaryimage\"},\"image\":{\"@id\":\"https:\/\/xstyle.md\/product\/spal-nyj-meshok-pinguin-travel-khaki\/#primaryimage\"},\"thumbnailUrl\":\"https:\/\/xstyle.md\/wp-content\/uploads\/2020\/07\/pinguin_travel_khaki.jpg\",\"datePublished\":\"2020-07-16T13:40:15+00:00\",\"dateModified\":\"2025-10-24T10:02:42+00:00\",\"description\":\"\u0421\u043f\u0430\u043b\u044c\u043d\u044b\u0439 \u043c\u0435\u0448\u043e\u043a Pinguin Travel khaki \u2013 \u043b\u0435\u0433\u043a\u0438\u0439, \u0432\u043e\u0434\u043e\u043e\u0442\u0442\u0430\u043b\u043a\u0438\u0432\u0430\u044e\u0449\u0438\u0439 \u0438 \u0442\u0435\u043f\u043b\u044b\u0439. \u0418\u0434\u0435\u0430\u043b\u0435\u043d \u0434\u043b\u044f \u043f\u0440\u0438\u043a\u043b\u044e\u0447\u0435\u043d\u0438\u0439 \u043d\u0430 \u043e\u0442\u043a\u0440\u044b\u0442\u043e\u043c \u0432\u043e\u0437\u0434\u0443\u0445\u0435. \u0423\u0434\u043e\u0431\u0435\u043d \u0438 \u043a\u043e\u043c\u043f\u0430\u043a\u0442\u0435\u043d \u0432 \u0443\u043f\u0430\u043a\u043e\u0432\u043a\u0435!\",\"breadcrumb\":{\"@id\":\"https:\/\/xstyle.md\/product\/spal-nyj-meshok-pinguin-travel-khaki\/#breadcrumb\"},\"inLanguage\":\"ro-RO\",\"potentialAction\":[{\"@type\":\"ReadAction\",\"target\":[\"https:\/\/xstyle.md\/product\/spal-nyj-meshok-pinguin-travel-khaki\/\"]}]},{\"@type\":\"ImageObject\",\"inLanguage\":\"ro-RO\",\"@id\":\"https:\/\/xstyle.md\/product\/spal-nyj-meshok-pinguin-travel-khaki\/#primaryimage\",\"url\":\"https:\/\/xstyle.md\/wp-content\/uploads\/2020\/07\/pinguin_travel_khaki.jpg\",\"contentUrl\":\"https:\/\/xstyle.md\/wp-content\/uploads\/2020\/07\/pinguin_travel_khaki.jpg\",\"width\":495,\"height\":765,\"caption\":\"\u041a\u0443\u0440\u0442\u043a\u0430 \u0434\u043b\u044f \u0430\u043a\u0442\u0438\u0432\u043d\u043e\u0433\u043e \u043e\u0442\u0434\u044b\u0445\u0430 \u0446\u0432\u0435\u0442\u0430 \u0445\u0430\u043a\u0438, \u0438\u0434\u0435\u0430\u043b\u044c\u043d\u0430\u044f \u0434\u043b\u044f \u043f\u043e\u0445\u043e\u0434\u043e\u0432, \u0430\u043b\u044c\u043f\u0438\u043d\u0438\u0437\u043c\u0430 \u0438 \u043f\u0443\u0442\u0435\u0448\u0435\u0441\u0442\u0432\u0438\u0439.\"},{\"@type\":\"BreadcrumbList\",\"@id\":\"https:\/\/xstyle.md\/product\/spal-nyj-meshok-pinguin-travel-khaki\/#breadcrumb\",\"itemListElement\":[{\"@type\":\"ListItem\",\"position\":1,\"name\":\"\u0413\u043b\u0430\u0432\u043d\u0430\u044f \u0441\u0442\u0440\u0430\u043d\u0438\u0446\u0430\",\"item\":\"https:\/\/xstyle.md\/\"},{\"@type\":\"ListItem\",\"position\":2,\"name\":\"\u041c\u0430\u0433\u0430\u0437\u0438\u043d\",\"item\":\"https:\/\/xstyle.md\/shop\/\"},{\"@type\":\"ListItem\",\"position\":3,\"name\":\"\u0421\u043f\u0430\u043b\u044c\u043d\u044b\u0439 \u043c\u0435\u0448\u043e\u043a Pinguin Travel khaki\"}]},{\"@type\":\"WebSite\",\"@id\":\"https:\/\/xstyle.md\/#website\",\"url\":\"https:\/\/xstyle.md\/\",\"name\":\"\u041c\u0430\u0433\u0430\u0437\u0438\u043d Xstyle\",\"description\":\"C\u043d\u0430\u0440\u044f\u0436\u0435\u043d\u0438\u0435 \u0434\u043b\u044f \u0442\u0443\u0440\u0438\u0437\u043c\u0430 \u0438 \u044d\u043a\u0441\u0442\u0440\u0435\u043c\u0430\u043b\u044c\u043d\u044b\u0445 \u0432\u0438\u0434\u043e\u0432 \u0441\u043f\u043e\u0440\u0442\u0430 \u0432 \u041c\u043e\u043b\u0434\u043e\u0432\u0435.. \u0426\u0435\u043d\u044b, \u0444\u043e\u0442\u043e, \u0445\u0430\u0440\u0430\u043a\u0442\u0435\u0440\u0438\u0441\u0442\u0438\u043a\u0438 \u0432 \u041c\u043e\u043b\u0434\u043e\u0432\u0435.\",\"publisher\":{\"@id\":\"https:\/\/xstyle.md\/#organization\"},\"alternateName\":\"X-Style\",\"potentialAction\":[{\"@type\":\"SearchAction\",\"target\":{\"@type\":\"EntryPoint\",\"urlTemplate\":\"https:\/\/xstyle.md\/?s={search_term_string}\"},\"query-input\":{\"@type\":\"PropertyValueSpecification\",\"valueRequired\":true,\"valueName\":\"search_term_string\"}}],\"inLanguage\":\"ro-RO\"},{\"@type\":\"Organization\",\"@id\":\"https:\/\/xstyle.md\/#organization\",\"name\":\"\u041c\u0430\u0433\u0430\u0437\u0438\u043d Xstyle\",\"alternateName\":\"x-style\",\"url\":\"https:\/\/xstyle.md\/\",\"logo\":{\"@type\":\"ImageObject\",\"inLanguage\":\"ro-RO\",\"@id\":\"https:\/\/xstyle.md\/#\/schema\/logo\/image\/\",\"url\":\"https:\/\/xstyle.md\/wp-content\/uploads\/2020\/06\/logoicon.svg\",\"contentUrl\":\"https:\/\/xstyle.md\/wp-content\/uploads\/2020\/06\/logoicon.svg\",\"caption\":\"\u041c\u0430\u0433\u0430\u0437\u0438\u043d Xstyle\"},\"image\":{\"@id\":\"https:\/\/xstyle.md\/#\/schema\/logo\/image\/\"},\"sameAs\":[\"https:\/\/www.facebook.com\/xstylemd\",\"https:\/\/www.instagram.com\/xstyle_md\/\",\"https:\/\/t.me\/xstyle_outdoor\"],\"hasMerchantReturnPolicy\":{\"@type\":\"MerchantReturnPolicy\",\"merchantReturnLink\":\"https:\/\/xstyle.md\/ro\/conditions\/\"}}]}<\/script>\n<meta property=\"product:price:amount\" content=\"1190.00\" \/>\n<meta property=\"product:price:currency\" content=\"MDL\" \/>\n<meta property=\"og:availability\" content=\"instock\" \/>\n<meta property=\"product:availability\" content=\"instock\" \/>\n<meta property=\"product:retailer_item_id\" content=\"8592638241440\" \/>\n<meta property=\"product:condition\" content=\"new\" \/>\n<!-- \/ Yoast SEO plugin. -->","yoast_head_json":{"title":"Sac de dormit Pinguin Travel khaki - Magazin Xstyle","description":"\u0421\u043f\u0430\u043b\u044c\u043d\u044b\u0439 \u043c\u0435\u0448\u043e\u043a Pinguin Travel khaki \u2013 \u043b\u0435\u0433\u043a\u0438\u0439, \u0432\u043e\u0434\u043e\u043e\u0442\u0442\u0430\u043b\u043a\u0438\u0432\u0430\u044e\u0449\u0438\u0439 \u0438 \u0442\u0435\u043f\u043b\u044b\u0439. \u0418\u0434\u0435\u0430\u043b\u0435\u043d \u0434\u043b\u044f \u043f\u0440\u0438\u043a\u043b\u044e\u0447\u0435\u043d\u0438\u0439 \u043d\u0430 \u043e\u0442\u043a\u0440\u044b\u0442\u043e\u043c \u0432\u043e\u0437\u0434\u0443\u0445\u0435. \u0423\u0434\u043e\u0431\u0435\u043d \u0438 \u043a\u043e\u043c\u043f\u0430\u043a\u0442\u0435\u043d \u0432 \u0443\u043f\u0430\u043a\u043e\u0432\u043a\u0435!","robots":{"index":"index","follow":"follow","max-snippet":"max-snippet:-1","max-image-preview":"max-image-preview:large","max-video-preview":"max-video-preview:-1"},"canonical":"https:\/\/xstyle.md\/ro\/produs\/spal-nyj-meshok-pinguin-travel-khaki\/","og_locale":"ro_RO","og_type":"article","og_title":"\u0421\u043f\u0430\u043b\u044c\u043d\u044b\u0439 \u043c\u0435\u0448\u043e\u043a Pinguin Travel khaki - \u041c\u0430\u0433\u0430\u0437\u0438\u043d Xstyle","og_description":"\u0421\u043f\u0430\u043b\u044c\u043d\u044b\u0439 \u043c\u0435\u0448\u043e\u043a Pinguin Travel khaki \u2013 \u043b\u0435\u0433\u043a\u0438\u0439, \u0432\u043e\u0434\u043e\u043e\u0442\u0442\u0430\u043b\u043a\u0438\u0432\u0430\u044e\u0449\u0438\u0439 \u0438 \u0442\u0435\u043f\u043b\u044b\u0439. \u0418\u0434\u0435\u0430\u043b\u0435\u043d \u0434\u043b\u044f \u043f\u0440\u0438\u043a\u043b\u044e\u0447\u0435\u043d\u0438\u0439 \u043d\u0430 \u043e\u0442\u043a\u0440\u044b\u0442\u043e\u043c \u0432\u043e\u0437\u0434\u0443\u0445\u0435. \u0423\u0434\u043e\u0431\u0435\u043d \u0438 \u043a\u043e\u043c\u043f\u0430\u043a\u0442\u0435\u043d \u0432 \u0443\u043f\u0430\u043a\u043e\u0432\u043a\u0435!","og_url":"https:\/\/xstyle.md\/ro\/produs\/spal-nyj-meshok-pinguin-travel-khaki\/","og_site_name":"\u041c\u0430\u0433\u0430\u0437\u0438\u043d Xstyle","article_publisher":"https:\/\/www.facebook.com\/xstylemd","article_modified_time":"2025-10-24T10:02:42+00:00","og_image":[{"width":495,"height":765,"url":"https:\/\/xstyle.md\/wp-content\/uploads\/2020\/07\/pinguin_travel_khaki.jpg","type":"image\/jpeg"}],"twitter_card":"summary_large_image","twitter_misc":{"Pre\u021b":"1.190&nbsp;MDL","Disponibilitate":"\u00cen stoc"},"schema":{"@context":"https:\/\/schema.org","@graph":[{"@type":"WebPage","@id":"https:\/\/xstyle.md\/product\/spal-nyj-meshok-pinguin-travel-khaki\/","url":"https:\/\/xstyle.md\/product\/spal-nyj-meshok-pinguin-travel-khaki\/","name":"Sac de dormit Pinguin Travel khaki - Magazin Xstyle","isPartOf":{"@id":"https:\/\/xstyle.md\/#website"},"primaryImageOfPage":{"@id":"https:\/\/xstyle.md\/product\/spal-nyj-meshok-pinguin-travel-khaki\/#primaryimage"},"image":{"@id":"https:\/\/xstyle.md\/product\/spal-nyj-meshok-pinguin-travel-khaki\/#primaryimage"},"thumbnailUrl":"https:\/\/xstyle.md\/wp-content\/uploads\/2020\/07\/pinguin_travel_khaki.jpg","datePublished":"2020-07-16T13:40:15+00:00","dateModified":"2025-10-24T10:02:42+00:00","description":"\u0421\u043f\u0430\u043b\u044c\u043d\u044b\u0439 \u043c\u0435\u0448\u043e\u043a Pinguin Travel khaki \u2013 \u043b\u0435\u0433\u043a\u0438\u0439, \u0432\u043e\u0434\u043e\u043e\u0442\u0442\u0430\u043b\u043a\u0438\u0432\u0430\u044e\u0449\u0438\u0439 \u0438 \u0442\u0435\u043f\u043b\u044b\u0439. \u0418\u0434\u0435\u0430\u043b\u0435\u043d \u0434\u043b\u044f \u043f\u0440\u0438\u043a\u043b\u044e\u0447\u0435\u043d\u0438\u0439 \u043d\u0430 \u043e\u0442\u043a\u0440\u044b\u0442\u043e\u043c \u0432\u043e\u0437\u0434\u0443\u0445\u0435. \u0423\u0434\u043e\u0431\u0435\u043d \u0438 \u043a\u043e\u043c\u043f\u0430\u043a\u0442\u0435\u043d \u0432 \u0443\u043f\u0430\u043a\u043e\u0432\u043a\u0435!","breadcrumb":{"@id":"https:\/\/xstyle.md\/product\/spal-nyj-meshok-pinguin-travel-khaki\/#breadcrumb"},"inLanguage":"ro-RO","potentialAction":[{"@type":"ReadAction","target":["https:\/\/xstyle.md\/product\/spal-nyj-meshok-pinguin-travel-khaki\/"]}]},{"@type":"ImageObject","inLanguage":"ro-RO","@id":"https:\/\/xstyle.md\/product\/spal-nyj-meshok-pinguin-travel-khaki\/#primaryimage","url":"https:\/\/xstyle.md\/wp-content\/uploads\/2020\/07\/pinguin_travel_khaki.jpg","contentUrl":"https:\/\/xstyle.md\/wp-content\/uploads\/2020\/07\/pinguin_travel_khaki.jpg","width":495,"height":765,"caption":"\u041a\u0443\u0440\u0442\u043a\u0430 \u0434\u043b\u044f \u0430\u043a\u0442\u0438\u0432\u043d\u043e\u0433\u043e \u043e\u0442\u0434\u044b\u0445\u0430 \u0446\u0432\u0435\u0442\u0430 \u0445\u0430\u043a\u0438, \u0438\u0434\u0435\u0430\u043b\u044c\u043d\u0430\u044f \u0434\u043b\u044f \u043f\u043e\u0445\u043e\u0434\u043e\u0432, \u0430\u043b\u044c\u043f\u0438\u043d\u0438\u0437\u043c\u0430 \u0438 \u043f\u0443\u0442\u0435\u0448\u0435\u0441\u0442\u0432\u0438\u0439."},{"@type":"BreadcrumbList","@id":"https:\/\/xstyle.md\/product\/spal-nyj-meshok-pinguin-travel-khaki\/#breadcrumb","itemListElement":[{"@type":"ListItem","position":1,"name":"\u0413\u043b\u0430\u0432\u043d\u0430\u044f \u0441\u0442\u0440\u0430\u043d\u0438\u0446\u0430","item":"https:\/\/xstyle.md\/"},{"@type":"ListItem","position":2,"name":"\u041c\u0430\u0433\u0430\u0437\u0438\u043d","item":"https:\/\/xstyle.md\/shop\/"},{"@type":"ListItem","position":3,"name":"\u0421\u043f\u0430\u043b\u044c\u043d\u044b\u0439 \u043c\u0435\u0448\u043e\u043a Pinguin Travel khaki"}]},{"@type":"WebSite","@id":"https:\/\/xstyle.md\/#website","url":"https:\/\/xstyle.md\/","name":"Magazinul X-Style","description":"Echipamente pentru turism \u0219i sporturi extreme \u00een Moldova. Pre\u021buri, fotografii, caracteristici \u00een Moldova.","publisher":{"@id":"https:\/\/xstyle.md\/#organization"},"alternateName":"X-Style","potentialAction":[{"@type":"SearchAction","target":{"@type":"EntryPoint","urlTemplate":"https:\/\/xstyle.md\/?s={search_term_string}"},"query-input":{"@type":"PropertyValueSpecification","valueRequired":true,"valueName":"search_term_string"}}],"inLanguage":"ro-RO"},{"@type":"Organization","@id":"https:\/\/xstyle.md\/#organization","name":"Magazinul X-Style","alternateName":"x-style","url":"https:\/\/xstyle.md\/","logo":{"@type":"ImageObject","inLanguage":"ro-RO","@id":"https:\/\/xstyle.md\/#\/schema\/logo\/image\/","url":"https:\/\/xstyle.md\/wp-content\/uploads\/2020\/06\/logoicon.svg","contentUrl":"https:\/\/xstyle.md\/wp-content\/uploads\/2020\/06\/logoicon.svg","caption":"\u041c\u0430\u0433\u0430\u0437\u0438\u043d Xstyle"},"image":{"@id":"https:\/\/xstyle.md\/#\/schema\/logo\/image\/"},"sameAs":["https:\/\/www.facebook.com\/xstylemd","https:\/\/www.instagram.com\/xstyle_md\/","https:\/\/t.me\/xstyle_outdoor"],"hasMerchantReturnPolicy":{"@type":"MerchantReturnPolicy","merchantReturnLink":"https:\/\/xstyle.md\/ro\/conditions\/"}}]},"product_price_amount":"1190.00","product_price_currency":"MDL","og_availability":"instock","product_availability":"instock","product_retailer_item_id":"8592638241440","product_condition":"new"},"post_mailing_queue_ids":[],"_links":{"self":[{"href":"https:\/\/xstyle.md\/ro\/wp-json\/wp\/v2\/product\/1820","targetHints":{"allow":["GET"]}}],"collection":[{"href":"https:\/\/xstyle.md\/ro\/wp-json\/wp\/v2\/product"}],"about":[{"href":"https:\/\/xstyle.md\/ro\/wp-json\/wp\/v2\/types\/product"}],"replies":[{"embeddable":true,"href":"https:\/\/xstyle.md\/ro\/wp-json\/wp\/v2\/comments?post=1820"}],"wp:featuredmedia":[{"embeddable":true,"href":"https:\/\/xstyle.md\/ro\/wp-json\/wp\/v2\/media\/87750"}],"wp:attachment":[{"href":"https:\/\/xstyle.md\/ro\/wp-json\/wp\/v2\/media?parent=1820"}],"wp:term":[{"taxonomy":"product_brand","embeddable":true,"href":"https:\/\/xstyle.md\/ro\/wp-json\/wp\/v2\/product_brand?post=1820"},{"taxonomy":"product_cat","embeddable":true,"href":"https:\/\/xstyle.md\/ro\/wp-json\/wp\/v2\/product_cat?post=1820"},{"taxonomy":"product_tag","embeddable":true,"href":"https:\/\/xstyle.md\/ro\/wp-json\/wp\/v2\/product_tag?post=1820"}],"curies":[{"name":"wp","href":"https:\/\/api.w.org\/{rel}","templated":true}]}}