{"id":1808,"date":"2020-07-16T16:39:34","date_gmt":"2020-07-16T13:39:34","guid":{"rendered":"https:\/\/xstyle.md\/product\/polotence-pinguin-towel-60x120"},"modified":"2024-12-27T14:47:54","modified_gmt":"2024-12-27T11:47:54","slug":"polotence-pinguin-towel-60x120","status":"publish","type":"product","link":"https:\/\/xstyle.md\/ro\/produs\/polotence-pinguin-towel-60x120\/","title":{"rendered":"\u041f\u043e\u043b\u043e\u0442\u0435\u043d\u0446\u0435 Pinguin Micro L 60&#215;120 cm"},"content":{"rendered":"<\/p>\n<p><strong>Prosop Pinguin Towel 60&#215;120 cm<\/strong> &#8212; antibacterian, u\u0219or \u0219i cu uscare rapid\u0103, fabricat din microfibr\u0103 extrem de fin\u0103. Potrivit pentru c\u0103l\u0103torii, drume\u021bii, camping, vacan\u021be pe plaj\u0103, piscin\u0103 \u0219i sal\u0103 de gimnastic\u0103. \u00cen plus, produsul este fabricat dintr-o \u021bes\u0103tur\u0103 incredibil de moale, care este excelent\u0103 pentru pielea sensibil\u0103. Acest model este livrat cu o pung\u0103 cu plas\u0103 pentru depozitare \u0219i transport.<\/p>\n<h3>Particularit\u0103\u021bi<\/h3>\n<ul>\n<li>U\u0219or \u0219i compact<\/li>\n<li>Impregnare antibacterian\u0103<\/li>\n<li>Uscare rapid\u0103<\/li>\n<li>Hus\u0103 de transport<\/li>\n<\/ul>\n<h3>Caracteristici<\/h3>\n<ul>\n<li>Material &#8212; 80% poliester, 20% nailon<\/li>\n<li>Dimensiuni &#8212; 60 x 120 cm<\/li>\n<li>Greutate &#8212; 165 g<\/li>\n<\/ul>\n<h3>Marca<\/h3>\n<p>Pinguin este cea mai experimentat\u0103 companie ceh\u0103 produc\u0103toare de echipamente pentru activit\u0103\u021bi \u00een aer liber, deoarece primele produse au fost lansate pe pia\u021b\u0103 \u00een 1989. Echipamentul Pinguin a fost folosit de multe ori de alpini\u0219ti \u0219i c\u0103l\u0103tori celebri \u00een cucerirea celor mai \u00eenalte v\u00e2rfuri muntoase din lume.<\/p>\n<p>Compania a fost denumit\u0103 dup\u0103 o pas\u0103re care tr\u0103ie\u0219te \u00een gerul aspru din Antarctica, fiind specializat\u0103 \u00een echipamente de c\u0103l\u0103torie care vor oferi tuturor iubitorilor de activit\u0103\u021bi \u00een aer liber confort \u0219i c\u0103ldur\u0103 \u00een frigul iernii sau pe calotele de ghea\u021b\u0103 ale v\u00e2rfurilor muntoase.<\/p>\n<p><\/p>","protected":false},"excerpt":{"rendered":"<p>\u041f\u043e\u043b\u043e\u0442\u0435\u043d\u0446\u0435 Pinguin Micro L 60&#215;120 cm<\/p>","protected":false},"featured_media":86359,"comment_status":"open","ping_status":"closed","template":"","meta":{"_acf_changed":false,"inline_featured_image":false},"product_brand":[1263],"product_cat":[303],"product_tag":[],"class_list":{"0":"post-1808","1":"product","2":"type-product","3":"status-publish","4":"has-post-thumbnail","6":"product_brand-pinguin","7":"product_cat-towels","9":"first","10":"instock","11":"shipping-taxable","12":"purchasable","13":"product-type-simple"},"acf":[],"yoast_head":"<!-- This site is optimized with the Yoast SEO plugin v27.2 - https:\/\/yoast.com\/product\/yoast-seo-wordpress\/ -->\n<title>\u041f\u043e\u043b\u043e\u0442\u0435\u043d\u0446\u0435 Pinguin Micro L 60x120 cm - \u041c\u0430\u0433\u0430\u0437\u0438\u043d Xstyle<\/title>\n<meta name=\"description\" content=\"\u041f\u043e\u043b\u043e\u0442\u0435\u043d\u0446\u0435 Pinguin Micro L 60x120 \u0441\u043c - \u0430\u043d\u0442\u0438\u0431\u0430\u043a\u0442\u0435\u0440\u0438\u0430\u043b\u044c\u043d\u043e\u0435, \u0431\u044b\u0441\u0442\u0440\u043e \u0441\u043e\u0445\u043d\u0443\u0449\u0435\u0435, \u0438\u0434\u0435\u0430\u043b\u044c\u043d\u043e \u0434\u043b\u044f \u043f\u0443\u0442\u0435\u0448\u0435\u0441\u0442\u0432\u0438\u0439, \u043a\u0435\u043c\u043f\u0438\u043d\u0433\u0430 \u0438 \u043f\u043b\u044f\u0436\u0430. \u041c\u044f\u0433\u043a\u0430\u044f \u043c\u0438\u043a\u0440\u043e\u0444\u0438\u0431\u0440\u0430 \u0434\u043b\u044f \u0447\u0443\u0432\u0441\u0442\u0432\u0438\u0442\u0435\u043b\u044c\u043d\u043e\u0439 \u043a\u043e\u0436\u0438.\" \/>\n<meta name=\"robots\" content=\"index, follow, max-snippet:-1, max-image-preview:large, max-video-preview:-1\" \/>\n<link rel=\"canonical\" href=\"https:\/\/xstyle.md\/ro\/produs\/polotence-pinguin-towel-60x120\/\" \/>\n<meta property=\"og:locale\" content=\"ro_RO\" \/>\n<meta property=\"og:type\" content=\"article\" \/>\n<meta property=\"og:title\" content=\"\u041f\u043e\u043b\u043e\u0442\u0435\u043d\u0446\u0435 Pinguin Micro L 60x120 cm - \u041c\u0430\u0433\u0430\u0437\u0438\u043d Xstyle\" \/>\n<meta property=\"og:description\" content=\"\u041f\u043e\u043b\u043e\u0442\u0435\u043d\u0446\u0435 Pinguin Micro L 60x120 \u0441\u043c - \u0430\u043d\u0442\u0438\u0431\u0430\u043a\u0442\u0435\u0440\u0438\u0430\u043b\u044c\u043d\u043e\u0435, \u0431\u044b\u0441\u0442\u0440\u043e \u0441\u043e\u0445\u043d\u0443\u0449\u0435\u0435, \u0438\u0434\u0435\u0430\u043b\u044c\u043d\u043e \u0434\u043b\u044f \u043f\u0443\u0442\u0435\u0448\u0435\u0441\u0442\u0432\u0438\u0439, \u043a\u0435\u043c\u043f\u0438\u043d\u0433\u0430 \u0438 \u043f\u043b\u044f\u0436\u0430. \u041c\u044f\u0433\u043a\u0430\u044f \u043c\u0438\u043a\u0440\u043e\u0444\u0438\u0431\u0440\u0430 \u0434\u043b\u044f \u0447\u0443\u0432\u0441\u0442\u0432\u0438\u0442\u0435\u043b\u044c\u043d\u043e\u0439 \u043a\u043e\u0436\u0438.\" \/>\n<meta property=\"og:url\" content=\"https:\/\/xstyle.md\/ro\/produs\/polotence-pinguin-towel-60x120\/\" \/>\n<meta property=\"og:site_name\" content=\"\u041c\u0430\u0433\u0430\u0437\u0438\u043d Xstyle\" \/>\n<meta property=\"article:publisher\" content=\"https:\/\/www.facebook.com\/xstylemd\" \/>\n<meta property=\"article:modified_time\" content=\"2024-12-27T11:47:54+00:00\" \/>\n<meta property=\"og:image\" content=\"https:\/\/xstyle.md\/wp-content\/uploads\/2020\/07\/micro-towel-l0.jpg\" \/>\n\t<meta property=\"og:image:width\" content=\"357\" \/>\n\t<meta property=\"og:image:height\" content=\"420\" \/>\n\t<meta property=\"og:image:type\" content=\"image\/jpeg\" \/>\n<meta name=\"twitter:card\" content=\"summary_large_image\" \/>\n<meta name=\"twitter:label1\" content=\"Pre\u021b\" \/>\n\t<meta name=\"twitter:data1\" content=\"275&nbsp;MDL\" \/>\n\t<meta name=\"twitter:label2\" content=\"Disponibilitate\" \/>\n\t<meta name=\"twitter:data2\" content=\"\u00cen stoc\" \/>\n<script type=\"application\/ld+json\" class=\"yoast-schema-graph\">{\"@context\":\"https:\/\/schema.org\",\"@graph\":[{\"@type\":\"WebPage\",\"@id\":\"https:\/\/xstyle.md\/product\/polotence-pinguin-towel-60x120\/\",\"url\":\"https:\/\/xstyle.md\/product\/polotence-pinguin-towel-60x120\/\",\"name\":\"\u041f\u043e\u043b\u043e\u0442\u0435\u043d\u0446\u0435 Pinguin Micro L 60x120 cm - \u041c\u0430\u0433\u0430\u0437\u0438\u043d Xstyle\",\"isPartOf\":{\"@id\":\"https:\/\/xstyle.md\/#website\"},\"primaryImageOfPage\":{\"@id\":\"https:\/\/xstyle.md\/product\/polotence-pinguin-towel-60x120\/#primaryimage\"},\"image\":{\"@id\":\"https:\/\/xstyle.md\/product\/polotence-pinguin-towel-60x120\/#primaryimage\"},\"thumbnailUrl\":\"https:\/\/xstyle.md\/wp-content\/uploads\/2020\/07\/micro-towel-l0.jpg\",\"datePublished\":\"2020-07-16T13:39:34+00:00\",\"dateModified\":\"2024-12-27T11:47:54+00:00\",\"description\":\"\u041f\u043e\u043b\u043e\u0442\u0435\u043d\u0446\u0435 Pinguin Micro L 60x120 \u0441\u043c - \u0430\u043d\u0442\u0438\u0431\u0430\u043a\u0442\u0435\u0440\u0438\u0430\u043b\u044c\u043d\u043e\u0435, \u0431\u044b\u0441\u0442\u0440\u043e \u0441\u043e\u0445\u043d\u0443\u0449\u0435\u0435, \u0438\u0434\u0435\u0430\u043b\u044c\u043d\u043e \u0434\u043b\u044f \u043f\u0443\u0442\u0435\u0448\u0435\u0441\u0442\u0432\u0438\u0439, \u043a\u0435\u043c\u043f\u0438\u043d\u0433\u0430 \u0438 \u043f\u043b\u044f\u0436\u0430. \u041c\u044f\u0433\u043a\u0430\u044f \u043c\u0438\u043a\u0440\u043e\u0444\u0438\u0431\u0440\u0430 \u0434\u043b\u044f \u0447\u0443\u0432\u0441\u0442\u0432\u0438\u0442\u0435\u043b\u044c\u043d\u043e\u0439 \u043a\u043e\u0436\u0438.\",\"breadcrumb\":{\"@id\":\"https:\/\/xstyle.md\/product\/polotence-pinguin-towel-60x120\/#breadcrumb\"},\"inLanguage\":\"ro-RO\",\"potentialAction\":[{\"@type\":\"ReadAction\",\"target\":[\"https:\/\/xstyle.md\/product\/polotence-pinguin-towel-60x120\/\"]}]},{\"@type\":\"ImageObject\",\"inLanguage\":\"ro-RO\",\"@id\":\"https:\/\/xstyle.md\/product\/polotence-pinguin-towel-60x120\/#primaryimage\",\"url\":\"https:\/\/xstyle.md\/wp-content\/uploads\/2020\/07\/micro-towel-l0.jpg\",\"contentUrl\":\"https:\/\/xstyle.md\/wp-content\/uploads\/2020\/07\/micro-towel-l0.jpg\",\"width\":357,\"height\":420,\"caption\":\"\u041c\u0438\u043a\u0440\u043e\u0432\u043e\u043b\u043e\u043a\u043e\u043d\u043d\u043e\u0435 \u043f\u043e\u043b\u043e\u0442\u0435\u043d\u0446\u0435 Pinguin Micro L 60x120 \u0441\u043c \u0434\u043b\u044f \u0430\u043a\u0442\u0438\u0432\u043d\u043e\u0433\u043e \u043e\u0442\u0434\u044b\u0445\u0430 \u043f\u043e\u0445\u043e\u0434\u043e\u0432 \u0438 \u043f\u0443\u0442\u0435\u0448\u0435\u0441\u0442\u0432\u0438\u0439 \u0432 \u0438\u043d\u0442\u0435\u0440\u043d\u0435\u0442 \u043c\u0430\u0433\u0430\u0437\u0438\u043d\u0435 \u043e\u0434\u0435\u0436\u0434\u044b \u0438 \u0441\u043d\u0430\u0440\u044f\u0436\u0435\u043d\u0438\u044f \u0434\u043b\u044f \u0430\u043a\u0442\u0438\u0432\u043d\u043e\u0439 \u0436\u0438\u0437\u043d\u0438\"},{\"@type\":\"BreadcrumbList\",\"@id\":\"https:\/\/xstyle.md\/product\/polotence-pinguin-towel-60x120\/#breadcrumb\",\"itemListElement\":[{\"@type\":\"ListItem\",\"position\":1,\"name\":\"\u0413\u043b\u0430\u0432\u043d\u0430\u044f \u0441\u0442\u0440\u0430\u043d\u0438\u0446\u0430\",\"item\":\"https:\/\/xstyle.md\/\"},{\"@type\":\"ListItem\",\"position\":2,\"name\":\"\u041c\u0430\u0433\u0430\u0437\u0438\u043d\",\"item\":\"https:\/\/xstyle.md\/shop\/\"},{\"@type\":\"ListItem\",\"position\":3,\"name\":\"\u041f\u043e\u043b\u043e\u0442\u0435\u043d\u0446\u0435 Pinguin Micro L 60&#215;120 cm\"}]},{\"@type\":\"WebSite\",\"@id\":\"https:\/\/xstyle.md\/#website\",\"url\":\"https:\/\/xstyle.md\/\",\"name\":\"\u041c\u0430\u0433\u0430\u0437\u0438\u043d Xstyle\",\"description\":\"C\u043d\u0430\u0440\u044f\u0436\u0435\u043d\u0438\u0435 \u0434\u043b\u044f \u0442\u0443\u0440\u0438\u0437\u043c\u0430 \u0438 \u044d\u043a\u0441\u0442\u0440\u0435\u043c\u0430\u043b\u044c\u043d\u044b\u0445 \u0432\u0438\u0434\u043e\u0432 \u0441\u043f\u043e\u0440\u0442\u0430 \u0432 \u041c\u043e\u043b\u0434\u043e\u0432\u0435.. \u0426\u0435\u043d\u044b, \u0444\u043e\u0442\u043e, \u0445\u0430\u0440\u0430\u043a\u0442\u0435\u0440\u0438\u0441\u0442\u0438\u043a\u0438 \u0432 \u041c\u043e\u043b\u0434\u043e\u0432\u0435.\",\"publisher\":{\"@id\":\"https:\/\/xstyle.md\/#organization\"},\"alternateName\":\"X-Style\",\"potentialAction\":[{\"@type\":\"SearchAction\",\"target\":{\"@type\":\"EntryPoint\",\"urlTemplate\":\"https:\/\/xstyle.md\/?s={search_term_string}\"},\"query-input\":{\"@type\":\"PropertyValueSpecification\",\"valueRequired\":true,\"valueName\":\"search_term_string\"}}],\"inLanguage\":\"ro-RO\"},{\"@type\":\"Organization\",\"@id\":\"https:\/\/xstyle.md\/#organization\",\"name\":\"\u041c\u0430\u0433\u0430\u0437\u0438\u043d Xstyle\",\"alternateName\":\"x-style\",\"url\":\"https:\/\/xstyle.md\/\",\"logo\":{\"@type\":\"ImageObject\",\"inLanguage\":\"ro-RO\",\"@id\":\"https:\/\/xstyle.md\/#\/schema\/logo\/image\/\",\"url\":\"https:\/\/xstyle.md\/wp-content\/uploads\/2020\/06\/logoicon.svg\",\"contentUrl\":\"https:\/\/xstyle.md\/wp-content\/uploads\/2020\/06\/logoicon.svg\",\"caption\":\"\u041c\u0430\u0433\u0430\u0437\u0438\u043d Xstyle\"},\"image\":{\"@id\":\"https:\/\/xstyle.md\/#\/schema\/logo\/image\/\"},\"sameAs\":[\"https:\/\/www.facebook.com\/xstylemd\",\"https:\/\/www.instagram.com\/xstyle_md\/\",\"https:\/\/t.me\/xstyle_outdoor\"],\"hasMerchantReturnPolicy\":{\"@type\":\"MerchantReturnPolicy\",\"merchantReturnLink\":\"https:\/\/xstyle.md\/ro\/conditions\/\"}}]}<\/script>\n<meta property=\"product:price:amount\" content=\"275.00\" \/>\n<meta property=\"product:price:currency\" content=\"MDL\" \/>\n<meta property=\"og:availability\" content=\"instock\" \/>\n<meta property=\"product:availability\" content=\"instock\" \/>\n<meta property=\"product:retailer_item_id\" content=\"8592638616446\" \/>\n<meta property=\"product:condition\" content=\"new\" \/>\n<!-- \/ Yoast SEO plugin. -->","yoast_head_json":{"title":"Prosop Pinguin Towel 60x120 - Magazin Xstyle","description":"\u041f\u043e\u043b\u043e\u0442\u0435\u043d\u0446\u0435 Pinguin Micro L 60x120 \u0441\u043c - \u0430\u043d\u0442\u0438\u0431\u0430\u043a\u0442\u0435\u0440\u0438\u0430\u043b\u044c\u043d\u043e\u0435, \u0431\u044b\u0441\u0442\u0440\u043e \u0441\u043e\u0445\u043d\u0443\u0449\u0435\u0435, \u0438\u0434\u0435\u0430\u043b\u044c\u043d\u043e \u0434\u043b\u044f \u043f\u0443\u0442\u0435\u0448\u0435\u0441\u0442\u0432\u0438\u0439, \u043a\u0435\u043c\u043f\u0438\u043d\u0433\u0430 \u0438 \u043f\u043b\u044f\u0436\u0430. \u041c\u044f\u0433\u043a\u0430\u044f \u043c\u0438\u043a\u0440\u043e\u0444\u0438\u0431\u0440\u0430 \u0434\u043b\u044f \u0447\u0443\u0432\u0441\u0442\u0432\u0438\u0442\u0435\u043b\u044c\u043d\u043e\u0439 \u043a\u043e\u0436\u0438.","robots":{"index":"index","follow":"follow","max-snippet":"max-snippet:-1","max-image-preview":"max-image-preview:large","max-video-preview":"max-video-preview:-1"},"canonical":"https:\/\/xstyle.md\/ro\/produs\/polotence-pinguin-towel-60x120\/","og_locale":"ro_RO","og_type":"article","og_title":"\u041f\u043e\u043b\u043e\u0442\u0435\u043d\u0446\u0435 Pinguin Micro L 60x120 cm - \u041c\u0430\u0433\u0430\u0437\u0438\u043d Xstyle","og_description":"\u041f\u043e\u043b\u043e\u0442\u0435\u043d\u0446\u0435 Pinguin Micro L 60x120 \u0441\u043c - \u0430\u043d\u0442\u0438\u0431\u0430\u043a\u0442\u0435\u0440\u0438\u0430\u043b\u044c\u043d\u043e\u0435, \u0431\u044b\u0441\u0442\u0440\u043e \u0441\u043e\u0445\u043d\u0443\u0449\u0435\u0435, \u0438\u0434\u0435\u0430\u043b\u044c\u043d\u043e \u0434\u043b\u044f \u043f\u0443\u0442\u0435\u0448\u0435\u0441\u0442\u0432\u0438\u0439, \u043a\u0435\u043c\u043f\u0438\u043d\u0433\u0430 \u0438 \u043f\u043b\u044f\u0436\u0430. \u041c\u044f\u0433\u043a\u0430\u044f \u043c\u0438\u043a\u0440\u043e\u0444\u0438\u0431\u0440\u0430 \u0434\u043b\u044f \u0447\u0443\u0432\u0441\u0442\u0432\u0438\u0442\u0435\u043b\u044c\u043d\u043e\u0439 \u043a\u043e\u0436\u0438.","og_url":"https:\/\/xstyle.md\/ro\/produs\/polotence-pinguin-towel-60x120\/","og_site_name":"\u041c\u0430\u0433\u0430\u0437\u0438\u043d Xstyle","article_publisher":"https:\/\/www.facebook.com\/xstylemd","article_modified_time":"2024-12-27T11:47:54+00:00","og_image":[{"width":357,"height":420,"url":"https:\/\/xstyle.md\/wp-content\/uploads\/2020\/07\/micro-towel-l0.jpg","type":"image\/jpeg"}],"twitter_card":"summary_large_image","twitter_misc":{"Pre\u021b":"275&nbsp;MDL","Disponibilitate":"\u00cen stoc"},"schema":{"@context":"https:\/\/schema.org","@graph":[{"@type":"WebPage","@id":"https:\/\/xstyle.md\/product\/polotence-pinguin-towel-60x120\/","url":"https:\/\/xstyle.md\/product\/polotence-pinguin-towel-60x120\/","name":"Prosop Pinguin Towel 60x120 - Magazin Xstyle","isPartOf":{"@id":"https:\/\/xstyle.md\/#website"},"primaryImageOfPage":{"@id":"https:\/\/xstyle.md\/product\/polotence-pinguin-towel-60x120\/#primaryimage"},"image":{"@id":"https:\/\/xstyle.md\/product\/polotence-pinguin-towel-60x120\/#primaryimage"},"thumbnailUrl":"https:\/\/xstyle.md\/wp-content\/uploads\/2020\/07\/micro-towel-l0.jpg","datePublished":"2020-07-16T13:39:34+00:00","dateModified":"2024-12-27T11:47:54+00:00","description":"\u041f\u043e\u043b\u043e\u0442\u0435\u043d\u0446\u0435 Pinguin Micro L 60x120 \u0441\u043c - \u0430\u043d\u0442\u0438\u0431\u0430\u043a\u0442\u0435\u0440\u0438\u0430\u043b\u044c\u043d\u043e\u0435, \u0431\u044b\u0441\u0442\u0440\u043e \u0441\u043e\u0445\u043d\u0443\u0449\u0435\u0435, \u0438\u0434\u0435\u0430\u043b\u044c\u043d\u043e \u0434\u043b\u044f \u043f\u0443\u0442\u0435\u0448\u0435\u0441\u0442\u0432\u0438\u0439, \u043a\u0435\u043c\u043f\u0438\u043d\u0433\u0430 \u0438 \u043f\u043b\u044f\u0436\u0430. \u041c\u044f\u0433\u043a\u0430\u044f \u043c\u0438\u043a\u0440\u043e\u0444\u0438\u0431\u0440\u0430 \u0434\u043b\u044f \u0447\u0443\u0432\u0441\u0442\u0432\u0438\u0442\u0435\u043b\u044c\u043d\u043e\u0439 \u043a\u043e\u0436\u0438.","breadcrumb":{"@id":"https:\/\/xstyle.md\/product\/polotence-pinguin-towel-60x120\/#breadcrumb"},"inLanguage":"ro-RO","potentialAction":[{"@type":"ReadAction","target":["https:\/\/xstyle.md\/product\/polotence-pinguin-towel-60x120\/"]}]},{"@type":"ImageObject","inLanguage":"ro-RO","@id":"https:\/\/xstyle.md\/product\/polotence-pinguin-towel-60x120\/#primaryimage","url":"https:\/\/xstyle.md\/wp-content\/uploads\/2020\/07\/micro-towel-l0.jpg","contentUrl":"https:\/\/xstyle.md\/wp-content\/uploads\/2020\/07\/micro-towel-l0.jpg","width":357,"height":420,"caption":"\u041c\u0438\u043a\u0440\u043e\u0432\u043e\u043b\u043e\u043a\u043e\u043d\u043d\u043e\u0435 \u043f\u043e\u043b\u043e\u0442\u0435\u043d\u0446\u0435 Pinguin Micro L 60x120 \u0441\u043c \u0434\u043b\u044f \u0430\u043a\u0442\u0438\u0432\u043d\u043e\u0433\u043e \u043e\u0442\u0434\u044b\u0445\u0430 \u043f\u043e\u0445\u043e\u0434\u043e\u0432 \u0438 \u043f\u0443\u0442\u0435\u0448\u0435\u0441\u0442\u0432\u0438\u0439 \u0432 \u0438\u043d\u0442\u0435\u0440\u043d\u0435\u0442 \u043c\u0430\u0433\u0430\u0437\u0438\u043d\u0435 \u043e\u0434\u0435\u0436\u0434\u044b \u0438 \u0441\u043d\u0430\u0440\u044f\u0436\u0435\u043d\u0438\u044f \u0434\u043b\u044f \u0430\u043a\u0442\u0438\u0432\u043d\u043e\u0439 \u0436\u0438\u0437\u043d\u0438"},{"@type":"BreadcrumbList","@id":"https:\/\/xstyle.md\/product\/polotence-pinguin-towel-60x120\/#breadcrumb","itemListElement":[{"@type":"ListItem","position":1,"name":"\u0413\u043b\u0430\u0432\u043d\u0430\u044f \u0441\u0442\u0440\u0430\u043d\u0438\u0446\u0430","item":"https:\/\/xstyle.md\/"},{"@type":"ListItem","position":2,"name":"\u041c\u0430\u0433\u0430\u0437\u0438\u043d","item":"https:\/\/xstyle.md\/shop\/"},{"@type":"ListItem","position":3,"name":"\u041f\u043e\u043b\u043e\u0442\u0435\u043d\u0446\u0435 Pinguin Micro L 60&#215;120 cm"}]},{"@type":"WebSite","@id":"https:\/\/xstyle.md\/#website","url":"https:\/\/xstyle.md\/","name":"Magazinul X-Style","description":"Echipamente pentru turism \u0219i sporturi extreme \u00een Moldova. Pre\u021buri, fotografii, caracteristici \u00een Moldova.","publisher":{"@id":"https:\/\/xstyle.md\/#organization"},"alternateName":"X-Style","potentialAction":[{"@type":"SearchAction","target":{"@type":"EntryPoint","urlTemplate":"https:\/\/xstyle.md\/?s={search_term_string}"},"query-input":{"@type":"PropertyValueSpecification","valueRequired":true,"valueName":"search_term_string"}}],"inLanguage":"ro-RO"},{"@type":"Organization","@id":"https:\/\/xstyle.md\/#organization","name":"Magazinul X-Style","alternateName":"x-style","url":"https:\/\/xstyle.md\/","logo":{"@type":"ImageObject","inLanguage":"ro-RO","@id":"https:\/\/xstyle.md\/#\/schema\/logo\/image\/","url":"https:\/\/xstyle.md\/wp-content\/uploads\/2020\/06\/logoicon.svg","contentUrl":"https:\/\/xstyle.md\/wp-content\/uploads\/2020\/06\/logoicon.svg","caption":"\u041c\u0430\u0433\u0430\u0437\u0438\u043d Xstyle"},"image":{"@id":"https:\/\/xstyle.md\/#\/schema\/logo\/image\/"},"sameAs":["https:\/\/www.facebook.com\/xstylemd","https:\/\/www.instagram.com\/xstyle_md\/","https:\/\/t.me\/xstyle_outdoor"],"hasMerchantReturnPolicy":{"@type":"MerchantReturnPolicy","merchantReturnLink":"https:\/\/xstyle.md\/ro\/conditions\/"}}]},"product_price_amount":"275.00","product_price_currency":"MDL","og_availability":"instock","product_availability":"instock","product_retailer_item_id":"8592638616446","product_condition":"new"},"post_mailing_queue_ids":[],"_links":{"self":[{"href":"https:\/\/xstyle.md\/ro\/wp-json\/wp\/v2\/product\/1808","targetHints":{"allow":["GET"]}}],"collection":[{"href":"https:\/\/xstyle.md\/ro\/wp-json\/wp\/v2\/product"}],"about":[{"href":"https:\/\/xstyle.md\/ro\/wp-json\/wp\/v2\/types\/product"}],"replies":[{"embeddable":true,"href":"https:\/\/xstyle.md\/ro\/wp-json\/wp\/v2\/comments?post=1808"}],"wp:featuredmedia":[{"embeddable":true,"href":"https:\/\/xstyle.md\/ro\/wp-json\/wp\/v2\/media\/86359"}],"wp:attachment":[{"href":"https:\/\/xstyle.md\/ro\/wp-json\/wp\/v2\/media?parent=1808"}],"wp:term":[{"taxonomy":"product_brand","embeddable":true,"href":"https:\/\/xstyle.md\/ro\/wp-json\/wp\/v2\/product_brand?post=1808"},{"taxonomy":"product_cat","embeddable":true,"href":"https:\/\/xstyle.md\/ro\/wp-json\/wp\/v2\/product_cat?post=1808"},{"taxonomy":"product_tag","embeddable":true,"href":"https:\/\/xstyle.md\/ro\/wp-json\/wp\/v2\/product_tag?post=1808"}],"curies":[{"name":"wp","href":"https:\/\/api.w.org\/{rel}","templated":true}]}}