{"id":17994,"date":"2020-07-17T18:35:13","date_gmt":"2020-07-17T15:35:13","guid":{"rendered":"https:\/\/xstyle.md\/product\/bahily-lowe-alpine-trek-gaiter"},"modified":"2025-12-10T15:52:33","modified_gmt":"2025-12-10T12:52:33","slug":"bahily-lowe-alpine-trek-gaiter","status":"publish","type":"product","link":"https:\/\/xstyle.md\/ro\/produs\/bahily-lowe-alpine-trek-gaiter\/","title":{"rendered":"Paraz\u0103pezi Rab Trek Gaiter black"},"content":{"rendered":"<\/p>\n<p>Parazapezi<strong> Rab Trek Gaiter <\/strong>&#8212; parazapezi u\u0219oare \u0219i durabile pentru plimb\u0103ri lungi \u0219i expedi\u021bii \u00een mun\u021bi. Asigur\u0103 protec\u021bie \u00eempotriva noroiului, apei \u0219i z\u0103pezii. M\u00e2necile pe toat\u0103 lungimea prezint\u0103 o \u00eenchidere cu fermoar \u00een fa\u021b\u0103 care protejeaz\u0103 man\u0219eta \u0219i nasturii cu Velcro.<\/p>\n<h3>Particularit\u0103\u021bi<\/h3>\n<ul>\n<li>Material Watergate\u2122 ripstop impermeabil \u0219i respirabil<\/li>\n<li>Fermoar cu c\u00e2rlig \u0219i bucl\u0103<\/li>\n<li>Se inchid cu fermoar si cu velcro<\/li>\n<li>Partea superioar\u0103 este reglabil\u0103 cu elastic<\/li>\n<li>Band\u0103 elastic\u0103 la nivelul gleznei<\/li>\n<li>Partea de sus este reglabil\u0103 cu elastic<\/li>\n<li>Band\u0103 elastic\u0103 la glezn\u0103<\/li>\n<li>\u00cen partea de jos a man\u0219etei, unde exist\u0103 posibilitatea de deteriorare mecanic\u0103, materialul este \u00eent\u0103rit cu poliester 600D<\/li>\n<li>Se fixeaz\u0103 pe picior cu ajutorul unei centuri<\/li>\n<li>Lungime reglabil\u0103 a curelei de jos<\/li>\n<li>Partea de jos a parazapezilor este confec\u021bionat\u0103 din material rezistent Cordura\u00ae pentru a proteja \u00eempotriva t\u0103ieturilor provocate de crampoane sau de marginile schiurilor.<\/li>\n<\/ul>\n<h3>Caracteristici<\/h3>\n<ul>\n<li>Material &#8212; Ripstop<\/li>\n<li>Scop &#8212; trekking \/ drume\u021bii \/ expedi\u021bie<\/li>\n<li>Model &#8212; unisex.<\/li>\n<\/ul>\n<h3>Tehnologie<\/h3>\n<ul>\n<li><strong>Triplepoint<\/strong>\u00ae &#8212; este o \u021bes\u0103tur\u0103 cu membran\u0103 foarte cunoscut\u0103. Testat\u0103 de alpini\u0219ti \u00een cele mai extreme condi\u021bii meteorologice, aceasta v\u0103 asigur\u0103 un corp uscat \u0219i confortabil. Testele independente de laborator arat\u0103 c\u0103 Triplepoint\u00ae respir\u0103 bine chiar \u0219i atunci c\u00e2nd plou\u0103, datorit\u0103 structurii sale hidrofobe. \u00cenveli\u0219ul din poliuretan se integreaz\u0103 pe \u021bes\u0103tur\u0103 \u0219i pare s\u0103 fie &#171;implantat&#187; \u00een fibrele acesteia, sporindu-i durabilitatea \u0219i longevitatea. Rezultatul este o structur\u0103 unic\u0103, f\u0103r\u0103 goluri de aer care s\u0103 \u00eempiedice ie\u0219irea umidit\u0103\u021bii. Datorit\u0103 acestei tehnologii, materialul nu se delamineaz\u0103, chiar \u0219i dup\u0103 o utilizare \u00eendelungat\u0103.<\/li>\n<li><strong>Cordura<\/strong>\u00ae &#8212; o \u021bes\u0103tur\u0103 groas\u0103 din nailon cu o structur\u0103 special\u0103 a firelor, impregnare hidrofug\u0103 \u0219i un strat de poliuretan. Cordura a fost ini\u021bial conceput\u0103 pentru armat\u0103. \u021aes\u0103tura este prelucrata \u00een mai multe etape, iar \u00eenveli\u0219ul este de foarte bun\u0103 calitate \u0219i rezist\u0103 mult timp.<\/li>\n<li><strong>Velcro <\/strong>&#8212; dispozitiv de fixare textil\u0103, cunoscut sub numele de Velcro, care func\u021bioneaz\u0103 pe principiul unui brusture. Acesta este un bun exemplu de biomimetic\u0103. Un tip de \u00eenchiz\u0103toare, este o pereche de panglici textile, dintre care una are micro-c\u00e2rlige \u0219i cealalt\u0103 micro-bucle. Atunci c\u00e2nd cele dou\u0103 benzi intr\u0103 \u00een contact, microc\u00e2rligele \u0219i microbuclucurile se aga\u021b\u0103 \u0219i o band\u0103 se &#171;lipe\u0219te&#187; de cealalt\u0103, motiv pentru care dispozitivul de fixare este numit &#171;Velcro&#187;.<\/li>\n<li><strong>Ripstop <\/strong>&#8212; este un grup mare de materiale \u021besute cu rezisten\u021b\u0103 sporit\u0103. Rezisten\u021ba la rupere este asigurat\u0103 prin \u00eencorporarea de fire polimerice. \u021aes\u0103turile Ripstop sunt utilizate pentru \u00eembr\u0103c\u0103minte special\u0103, uniforme militare, echipamente sportive \u0219i multe alte produse care sunt supuse unor sarcini grele.<\/li>\n<\/ul>\n<h3>Marca<\/h3>\n<p>Rab \u2014 un produc\u0103tor britanic de \u00eembr\u0103c\u0103minte \u0219i echipament pentru alpinism, al c\u0103rui punct forte este \u00eembr\u0103c\u0103mintea sportiv\u0103 de \u00eenalt\u0103 calitate \u0219i tehnologic avansat\u0103, izola\u021bia din puf \u0219i chestii pentru cap. Balaclavele acestui produc\u0103tor, de exemplu, sunt unele dintre cele mai bune exemple de pe pia\u021b\u0103, sacii de dormit se remarc\u0103 prin chibzuin\u021b\u0103.<\/p>\n<p>Compania a fost fondat\u0103 \u00een 1981 de alpinistul Rab Carrington. Baz\u00e2ndu-se pe propria sa experien\u021b\u0103 \u00een expedi\u021bii numeroase, Carrington a conceput ideea unui program ambi\u021bios pentru a asigura confort, protec\u021bie, \u0219 i libertate \u00een muni\u021bie, tobe \u0219 i alpinism.<\/p>\n<p>Gecile, sacii de dormit \u0219i \u00eembr\u0103c\u0103mintea de expedi\u021bie Rab sunt fabricate din puf de g\u00e2sc\u0103 \u0219i ra\u021b\u0103 certificate de c\u0103tre Responsible Down. Un tratament hidrofug f\u0103r\u0103 fluorocarbon numit Nikwax este, de asemenea, folosit \u00een \u00eembr\u0103c\u0103minte \u0219i saci de dormit pentru a preveni \u00eengreunarea lor \u00een ap\u0103. \u00cen plus, pentru izola\u021bie se folosesc materiale sintetice de \u00eenalt\u0103 calitate. \u00cembr\u0103c\u0103mintea Rab a devenit &#171;sinonim cu produsele de calitate superioar\u0103 fabricate din puf&#187;.<\/p>\n<p><\/p>","protected":false},"excerpt":{"rendered":"<p>\u0411\u0430\u0445\u0438\u043b\u044b Lowe Alpine Trek Gaiter black<\/p>","protected":false},"featured_media":58618,"comment_status":"open","ping_status":"closed","template":"","meta":{"_acf_changed":false,"inline_featured_image":false},"product_brand":[1295],"product_cat":[347],"product_tag":[],"class_list":{"0":"post-17994","1":"product","2":"type-product","3":"status-publish","4":"has-post-thumbnail","6":"product_brand-lowe-alpine","7":"product_cat-shoe-covers","9":"first","10":"instock","11":"shipping-taxable","12":"purchasable","13":"product-type-simple"},"acf":[],"yoast_head":"<!-- This site is optimized with the Yoast SEO plugin v27.2 - https:\/\/yoast.com\/product\/yoast-seo-wordpress\/ -->\n<title>\u0411\u0430\u0445\u0438\u043b\u044b Rab Trek Gaiter black - \u041c\u0430\u0433\u0430\u0437\u0438\u043d Xstyle<\/title>\n<meta name=\"description\" content=\"\u0411\u0430\u0445\u0438\u043b\u044b Rab Trek Gaiter \u0447\u0435\u0440\u043d\u044b\u0435 \u2013 \u043b\u0435\u0433\u043a\u0438\u0435 \u0438 \u043f\u0440\u043e\u0447\u043d\u044b\u0435, \u0437\u0430\u0449\u0438\u0449\u0430\u044e\u0442 \u043e\u0442 \u0433\u0440\u044f\u0437\u0438, \u0432\u043e\u0434\u044b \u0438 \u0441\u043d\u0435\u0433\u0430. \u0418\u0434\u0435\u0430\u043b\u044c\u043d\u044b \u0434\u043b\u044f \u0434\u043b\u0438\u0442\u0435\u043b\u044c\u043d\u044b\u0445 \u043f\u0440\u043e\u0433\u0443\u043b\u043e\u043a \u0438 \u0433\u043e\u0440\u043d\u044b\u0445 \u044d\u043a\u0441\u043f\u0435\u0434\u0438\u0446\u0438\u0439.\" \/>\n<meta name=\"robots\" content=\"index, follow, max-snippet:-1, max-image-preview:large, max-video-preview:-1\" \/>\n<link rel=\"canonical\" href=\"https:\/\/xstyle.md\/ro\/produs\/bahily-lowe-alpine-trek-gaiter\/\" \/>\n<meta property=\"og:locale\" content=\"ro_RO\" \/>\n<meta property=\"og:type\" content=\"article\" \/>\n<meta property=\"og:title\" content=\"\u0411\u0430\u0445\u0438\u043b\u044b Rab Trek Gaiter black - \u041c\u0430\u0433\u0430\u0437\u0438\u043d Xstyle\" \/>\n<meta property=\"og:description\" content=\"\u0411\u0430\u0445\u0438\u043b\u044b Rab Trek Gaiter \u0447\u0435\u0440\u043d\u044b\u0435 \u2013 \u043b\u0435\u0433\u043a\u0438\u0435 \u0438 \u043f\u0440\u043e\u0447\u043d\u044b\u0435, \u0437\u0430\u0449\u0438\u0449\u0430\u044e\u0442 \u043e\u0442 \u0433\u0440\u044f\u0437\u0438, \u0432\u043e\u0434\u044b \u0438 \u0441\u043d\u0435\u0433\u0430. \u0418\u0434\u0435\u0430\u043b\u044c\u043d\u044b \u0434\u043b\u044f \u0434\u043b\u0438\u0442\u0435\u043b\u044c\u043d\u044b\u0445 \u043f\u0440\u043e\u0433\u0443\u043b\u043e\u043a \u0438 \u0433\u043e\u0440\u043d\u044b\u0445 \u044d\u043a\u0441\u043f\u0435\u0434\u0438\u0446\u0438\u0439.\" \/>\n<meta property=\"og:url\" content=\"https:\/\/xstyle.md\/ro\/produs\/bahily-lowe-alpine-trek-gaiter\/\" \/>\n<meta property=\"og:site_name\" content=\"\u041c\u0430\u0433\u0430\u0437\u0438\u043d Xstyle\" \/>\n<meta property=\"article:publisher\" content=\"https:\/\/www.facebook.com\/xstylemd\" \/>\n<meta property=\"article:modified_time\" content=\"2025-12-10T12:52:33+00:00\" \/>\n<meta property=\"og:image\" content=\"https:\/\/xstyle.md\/wp-content\/uploads\/2020\/07\/lowe-alpine-trek-gaiter-black.jpg\" \/>\n\t<meta property=\"og:image:width\" content=\"650\" \/>\n\t<meta property=\"og:image:height\" content=\"750\" \/>\n\t<meta property=\"og:image:type\" content=\"image\/jpeg\" \/>\n<meta name=\"twitter:card\" content=\"summary_large_image\" \/>\n<meta name=\"twitter:label1\" content=\"Pre\u021b\" \/>\n\t<meta name=\"twitter:data1\" content=\"895&nbsp;MDL\" \/>\n\t<meta name=\"twitter:label2\" content=\"Disponibilitate\" \/>\n\t<meta name=\"twitter:data2\" content=\"\u00cen stoc\" \/>\n<script type=\"application\/ld+json\" class=\"yoast-schema-graph\">{\"@context\":\"https:\/\/schema.org\",\"@graph\":[{\"@type\":\"WebPage\",\"@id\":\"https:\/\/xstyle.md\/product\/bahily-lowe-alpine-trek-gaiter\/\",\"url\":\"https:\/\/xstyle.md\/product\/bahily-lowe-alpine-trek-gaiter\/\",\"name\":\"\u0411\u0430\u0445\u0438\u043b\u044b Rab Trek Gaiter black - \u041c\u0430\u0433\u0430\u0437\u0438\u043d Xstyle\",\"isPartOf\":{\"@id\":\"https:\/\/xstyle.md\/#website\"},\"primaryImageOfPage\":{\"@id\":\"https:\/\/xstyle.md\/product\/bahily-lowe-alpine-trek-gaiter\/#primaryimage\"},\"image\":{\"@id\":\"https:\/\/xstyle.md\/product\/bahily-lowe-alpine-trek-gaiter\/#primaryimage\"},\"thumbnailUrl\":\"https:\/\/xstyle.md\/wp-content\/uploads\/2020\/07\/lowe-alpine-trek-gaiter-black.jpg\",\"datePublished\":\"2020-07-17T15:35:13+00:00\",\"dateModified\":\"2025-12-10T12:52:33+00:00\",\"description\":\"\u0411\u0430\u0445\u0438\u043b\u044b Rab Trek Gaiter \u0447\u0435\u0440\u043d\u044b\u0435 \u2013 \u043b\u0435\u0433\u043a\u0438\u0435 \u0438 \u043f\u0440\u043e\u0447\u043d\u044b\u0435, \u0437\u0430\u0449\u0438\u0449\u0430\u044e\u0442 \u043e\u0442 \u0433\u0440\u044f\u0437\u0438, \u0432\u043e\u0434\u044b \u0438 \u0441\u043d\u0435\u0433\u0430. \u0418\u0434\u0435\u0430\u043b\u044c\u043d\u044b \u0434\u043b\u044f \u0434\u043b\u0438\u0442\u0435\u043b\u044c\u043d\u044b\u0445 \u043f\u0440\u043e\u0433\u0443\u043b\u043e\u043a \u0438 \u0433\u043e\u0440\u043d\u044b\u0445 \u044d\u043a\u0441\u043f\u0435\u0434\u0438\u0446\u0438\u0439.\",\"breadcrumb\":{\"@id\":\"https:\/\/xstyle.md\/product\/bahily-lowe-alpine-trek-gaiter\/#breadcrumb\"},\"inLanguage\":\"ro-RO\",\"potentialAction\":[{\"@type\":\"ReadAction\",\"target\":[\"https:\/\/xstyle.md\/product\/bahily-lowe-alpine-trek-gaiter\/\"]}]},{\"@type\":\"ImageObject\",\"inLanguage\":\"ro-RO\",\"@id\":\"https:\/\/xstyle.md\/product\/bahily-lowe-alpine-trek-gaiter\/#primaryimage\",\"url\":\"https:\/\/xstyle.md\/wp-content\/uploads\/2020\/07\/lowe-alpine-trek-gaiter-black.jpg\",\"contentUrl\":\"https:\/\/xstyle.md\/wp-content\/uploads\/2020\/07\/lowe-alpine-trek-gaiter-black.jpg\",\"width\":650,\"height\":750,\"caption\":\"\u0411\u0430\u0445\u0438\u043b\u044b Rab Trek Gaiter \u0447\u0435\u0440\u043d\u044b\u0435 \u0434\u043b\u044f \u0430\u043a\u0442\u0438\u0432\u043d\u043e\u0439 \u0436\u0438\u0437\u043d\u0438 \u2014 \u043e\u0434\u0435\u0436\u0434\u0430 \u0438 \u043e\u0431\u0443\u0432\u044c \u0434\u043b\u044f \u0442\u0443\u0440\u0438\u0437\u043c\u0430 \u0438 \u0430\u043b\u044c\u043f\u0438\u043d\u0438\u0437\u043c\u0430 \u0432 \u043e\u043d\u043b\u0430\u0439\u043d-\u043c\u0430\u0433\u0430\u0437\u0438\u043d\u0435\"},{\"@type\":\"BreadcrumbList\",\"@id\":\"https:\/\/xstyle.md\/product\/bahily-lowe-alpine-trek-gaiter\/#breadcrumb\",\"itemListElement\":[{\"@type\":\"ListItem\",\"position\":1,\"name\":\"\u0413\u043b\u0430\u0432\u043d\u0430\u044f \u0441\u0442\u0440\u0430\u043d\u0438\u0446\u0430\",\"item\":\"https:\/\/xstyle.md\/\"},{\"@type\":\"ListItem\",\"position\":2,\"name\":\"\u041c\u0430\u0433\u0430\u0437\u0438\u043d\",\"item\":\"https:\/\/xstyle.md\/shop\/\"},{\"@type\":\"ListItem\",\"position\":3,\"name\":\"\u0411\u0430\u0445\u0438\u043b\u044b Rab Trek Gaiter black\"}]},{\"@type\":\"WebSite\",\"@id\":\"https:\/\/xstyle.md\/#website\",\"url\":\"https:\/\/xstyle.md\/\",\"name\":\"\u041c\u0430\u0433\u0430\u0437\u0438\u043d Xstyle\",\"description\":\"C\u043d\u0430\u0440\u044f\u0436\u0435\u043d\u0438\u0435 \u0434\u043b\u044f \u0442\u0443\u0440\u0438\u0437\u043c\u0430 \u0438 \u044d\u043a\u0441\u0442\u0440\u0435\u043c\u0430\u043b\u044c\u043d\u044b\u0445 \u0432\u0438\u0434\u043e\u0432 \u0441\u043f\u043e\u0440\u0442\u0430 \u0432 \u041c\u043e\u043b\u0434\u043e\u0432\u0435.. \u0426\u0435\u043d\u044b, \u0444\u043e\u0442\u043e, \u0445\u0430\u0440\u0430\u043a\u0442\u0435\u0440\u0438\u0441\u0442\u0438\u043a\u0438 \u0432 \u041c\u043e\u043b\u0434\u043e\u0432\u0435.\",\"publisher\":{\"@id\":\"https:\/\/xstyle.md\/#organization\"},\"alternateName\":\"X-Style\",\"potentialAction\":[{\"@type\":\"SearchAction\",\"target\":{\"@type\":\"EntryPoint\",\"urlTemplate\":\"https:\/\/xstyle.md\/?s={search_term_string}\"},\"query-input\":{\"@type\":\"PropertyValueSpecification\",\"valueRequired\":true,\"valueName\":\"search_term_string\"}}],\"inLanguage\":\"ro-RO\"},{\"@type\":\"Organization\",\"@id\":\"https:\/\/xstyle.md\/#organization\",\"name\":\"\u041c\u0430\u0433\u0430\u0437\u0438\u043d Xstyle\",\"alternateName\":\"x-style\",\"url\":\"https:\/\/xstyle.md\/\",\"logo\":{\"@type\":\"ImageObject\",\"inLanguage\":\"ro-RO\",\"@id\":\"https:\/\/xstyle.md\/#\/schema\/logo\/image\/\",\"url\":\"https:\/\/xstyle.md\/wp-content\/uploads\/2020\/06\/logoicon.svg\",\"contentUrl\":\"https:\/\/xstyle.md\/wp-content\/uploads\/2020\/06\/logoicon.svg\",\"caption\":\"\u041c\u0430\u0433\u0430\u0437\u0438\u043d Xstyle\"},\"image\":{\"@id\":\"https:\/\/xstyle.md\/#\/schema\/logo\/image\/\"},\"sameAs\":[\"https:\/\/www.facebook.com\/xstylemd\",\"https:\/\/www.instagram.com\/xstyle_md\/\",\"https:\/\/t.me\/xstyle_outdoor\"],\"hasMerchantReturnPolicy\":{\"@type\":\"MerchantReturnPolicy\",\"merchantReturnLink\":\"https:\/\/xstyle.md\/ro\/conditions\/\"}}]}<\/script>\n<meta property=\"product:price:amount\" content=\"895.00\" \/>\n<meta property=\"product:price:currency\" content=\"MDL\" \/>\n<meta property=\"og:availability\" content=\"instock\" \/>\n<meta property=\"product:availability\" content=\"instock\" \/>\n<meta property=\"product:retailer_item_id\" content=\"821468781825\" \/>\n<meta property=\"product:condition\" content=\"new\" \/>\n<!-- \/ Yoast SEO plugin. -->","yoast_head_json":{"title":"Paraz\u0103pezi Rab Trek Gaiter black - Magazin Xstyle","description":"Bachile Rab Trek Gaiter negre \u2013 u\u0219oare \u0219i durabile, protejeaz\u0103 de murd\u0103rie, ap\u0103 \u0219i z\u0103pad\u0103. Ideale pentru plimb\u0103ri \u00eendelungate \u0219i expedi\u021bii montane.","robots":{"index":"index","follow":"follow","max-snippet":"max-snippet:-1","max-image-preview":"max-image-preview:large","max-video-preview":"max-video-preview:-1"},"canonical":"https:\/\/xstyle.md\/ro\/produs\/bahily-lowe-alpine-trek-gaiter\/","og_locale":"ro_RO","og_type":"article","og_title":"\u0411\u0430\u0445\u0438\u043b\u044b Rab Trek Gaiter black - \u041c\u0430\u0433\u0430\u0437\u0438\u043d Xstyle","og_description":"\u0411\u0430\u0445\u0438\u043b\u044b Rab Trek Gaiter \u0447\u0435\u0440\u043d\u044b\u0435 \u2013 \u043b\u0435\u0433\u043a\u0438\u0435 \u0438 \u043f\u0440\u043e\u0447\u043d\u044b\u0435, \u0437\u0430\u0449\u0438\u0449\u0430\u044e\u0442 \u043e\u0442 \u0433\u0440\u044f\u0437\u0438, \u0432\u043e\u0434\u044b \u0438 \u0441\u043d\u0435\u0433\u0430. \u0418\u0434\u0435\u0430\u043b\u044c\u043d\u044b \u0434\u043b\u044f \u0434\u043b\u0438\u0442\u0435\u043b\u044c\u043d\u044b\u0445 \u043f\u0440\u043e\u0433\u0443\u043b\u043e\u043a \u0438 \u0433\u043e\u0440\u043d\u044b\u0445 \u044d\u043a\u0441\u043f\u0435\u0434\u0438\u0446\u0438\u0439.","og_url":"https:\/\/xstyle.md\/ro\/produs\/bahily-lowe-alpine-trek-gaiter\/","og_site_name":"\u041c\u0430\u0433\u0430\u0437\u0438\u043d Xstyle","article_publisher":"https:\/\/www.facebook.com\/xstylemd","article_modified_time":"2025-12-10T12:52:33+00:00","og_image":[{"width":650,"height":750,"url":"https:\/\/xstyle.md\/wp-content\/uploads\/2020\/07\/lowe-alpine-trek-gaiter-black.jpg","type":"image\/jpeg"}],"twitter_card":"summary_large_image","twitter_misc":{"Pre\u021b":"895&nbsp;MDL","Disponibilitate":"\u00cen stoc"},"schema":{"@context":"https:\/\/schema.org","@graph":[{"@type":"WebPage","@id":"https:\/\/xstyle.md\/product\/bahily-lowe-alpine-trek-gaiter\/","url":"https:\/\/xstyle.md\/product\/bahily-lowe-alpine-trek-gaiter\/","name":"Paraz\u0103pezi Rab Trek Gaiter black - Magazin Xstyle","isPartOf":{"@id":"https:\/\/xstyle.md\/#website"},"primaryImageOfPage":{"@id":"https:\/\/xstyle.md\/product\/bahily-lowe-alpine-trek-gaiter\/#primaryimage"},"image":{"@id":"https:\/\/xstyle.md\/product\/bahily-lowe-alpine-trek-gaiter\/#primaryimage"},"thumbnailUrl":"https:\/\/xstyle.md\/wp-content\/uploads\/2020\/07\/lowe-alpine-trek-gaiter-black.jpg","datePublished":"2020-07-17T15:35:13+00:00","dateModified":"2025-12-10T12:52:33+00:00","description":"Bachile Rab Trek Gaiter negre \u2013 u\u0219oare \u0219i durabile, protejeaz\u0103 de murd\u0103rie, ap\u0103 \u0219i z\u0103pad\u0103. Ideale pentru plimb\u0103ri \u00eendelungate \u0219i expedi\u021bii montane.","breadcrumb":{"@id":"https:\/\/xstyle.md\/product\/bahily-lowe-alpine-trek-gaiter\/#breadcrumb"},"inLanguage":"ro-RO","potentialAction":[{"@type":"ReadAction","target":["https:\/\/xstyle.md\/product\/bahily-lowe-alpine-trek-gaiter\/"]}]},{"@type":"ImageObject","inLanguage":"ro-RO","@id":"https:\/\/xstyle.md\/product\/bahily-lowe-alpine-trek-gaiter\/#primaryimage","url":"https:\/\/xstyle.md\/wp-content\/uploads\/2020\/07\/lowe-alpine-trek-gaiter-black.jpg","contentUrl":"https:\/\/xstyle.md\/wp-content\/uploads\/2020\/07\/lowe-alpine-trek-gaiter-black.jpg","width":650,"height":750,"caption":"\u0411\u0430\u0445\u0438\u043b\u044b Rab Trek Gaiter \u0447\u0435\u0440\u043d\u044b\u0435 \u0434\u043b\u044f \u0430\u043a\u0442\u0438\u0432\u043d\u043e\u0439 \u0436\u0438\u0437\u043d\u0438 \u2014 \u043e\u0434\u0435\u0436\u0434\u0430 \u0438 \u043e\u0431\u0443\u0432\u044c \u0434\u043b\u044f \u0442\u0443\u0440\u0438\u0437\u043c\u0430 \u0438 \u0430\u043b\u044c\u043f\u0438\u043d\u0438\u0437\u043c\u0430 \u0432 \u043e\u043d\u043b\u0430\u0439\u043d-\u043c\u0430\u0433\u0430\u0437\u0438\u043d\u0435"},{"@type":"BreadcrumbList","@id":"https:\/\/xstyle.md\/product\/bahily-lowe-alpine-trek-gaiter\/#breadcrumb","itemListElement":[{"@type":"ListItem","position":1,"name":"\u0413\u043b\u0430\u0432\u043d\u0430\u044f \u0441\u0442\u0440\u0430\u043d\u0438\u0446\u0430","item":"https:\/\/xstyle.md\/"},{"@type":"ListItem","position":2,"name":"\u041c\u0430\u0433\u0430\u0437\u0438\u043d","item":"https:\/\/xstyle.md\/shop\/"},{"@type":"ListItem","position":3,"name":"\u0411\u0430\u0445\u0438\u043b\u044b Rab Trek Gaiter black"}]},{"@type":"WebSite","@id":"https:\/\/xstyle.md\/#website","url":"https:\/\/xstyle.md\/","name":"Magazinul X-Style","description":"Echipamente pentru turism \u0219i sporturi extreme \u00een Moldova. Pre\u021buri, fotografii, caracteristici \u00een Moldova.","publisher":{"@id":"https:\/\/xstyle.md\/#organization"},"alternateName":"X-Style","potentialAction":[{"@type":"SearchAction","target":{"@type":"EntryPoint","urlTemplate":"https:\/\/xstyle.md\/?s={search_term_string}"},"query-input":{"@type":"PropertyValueSpecification","valueRequired":true,"valueName":"search_term_string"}}],"inLanguage":"ro-RO"},{"@type":"Organization","@id":"https:\/\/xstyle.md\/#organization","name":"Magazinul X-Style","alternateName":"x-style","url":"https:\/\/xstyle.md\/","logo":{"@type":"ImageObject","inLanguage":"ro-RO","@id":"https:\/\/xstyle.md\/#\/schema\/logo\/image\/","url":"https:\/\/xstyle.md\/wp-content\/uploads\/2020\/06\/logoicon.svg","contentUrl":"https:\/\/xstyle.md\/wp-content\/uploads\/2020\/06\/logoicon.svg","caption":"\u041c\u0430\u0433\u0430\u0437\u0438\u043d Xstyle"},"image":{"@id":"https:\/\/xstyle.md\/#\/schema\/logo\/image\/"},"sameAs":["https:\/\/www.facebook.com\/xstylemd","https:\/\/www.instagram.com\/xstyle_md\/","https:\/\/t.me\/xstyle_outdoor"],"hasMerchantReturnPolicy":{"@type":"MerchantReturnPolicy","merchantReturnLink":"https:\/\/xstyle.md\/ro\/conditions\/"}}]},"product_price_amount":"895.00","product_price_currency":"MDL","og_availability":"instock","product_availability":"instock","product_retailer_item_id":"821468781825","product_condition":"new"},"post_mailing_queue_ids":[],"_links":{"self":[{"href":"https:\/\/xstyle.md\/ro\/wp-json\/wp\/v2\/product\/17994","targetHints":{"allow":["GET"]}}],"collection":[{"href":"https:\/\/xstyle.md\/ro\/wp-json\/wp\/v2\/product"}],"about":[{"href":"https:\/\/xstyle.md\/ro\/wp-json\/wp\/v2\/types\/product"}],"replies":[{"embeddable":true,"href":"https:\/\/xstyle.md\/ro\/wp-json\/wp\/v2\/comments?post=17994"}],"wp:featuredmedia":[{"embeddable":true,"href":"https:\/\/xstyle.md\/ro\/wp-json\/wp\/v2\/media\/58618"}],"wp:attachment":[{"href":"https:\/\/xstyle.md\/ro\/wp-json\/wp\/v2\/media?parent=17994"}],"wp:term":[{"taxonomy":"product_brand","embeddable":true,"href":"https:\/\/xstyle.md\/ro\/wp-json\/wp\/v2\/product_brand?post=17994"},{"taxonomy":"product_cat","embeddable":true,"href":"https:\/\/xstyle.md\/ro\/wp-json\/wp\/v2\/product_cat?post=17994"},{"taxonomy":"product_tag","embeddable":true,"href":"https:\/\/xstyle.md\/ro\/wp-json\/wp\/v2\/product_tag?post=17994"}],"curies":[{"name":"wp","href":"https:\/\/api.w.org\/{rel}","templated":true}]}}