{"id":1777,"date":"2020-07-16T16:37:37","date_gmt":"2020-07-16T13:37:37","guid":{"rendered":"https:\/\/xstyle.md\/?post_type=product&#038;p=1777"},"modified":"2026-04-15T12:38:13","modified_gmt":"2026-04-15T09:38:13","slug":"gamak-amazonas-palacio-cafe","status":"publish","type":"product","link":"https:\/\/xstyle.md\/ro\/produs\/gamak-amazonas-palacio-cafe\/","title":{"rendered":"Hamac Amazonas Palacio Cafe"},"content":{"rendered":"<\/p>\n<p><strong>Hamac Amazonas Palacio Cafe<\/strong> &#8212; bumbac de lux \u00eentr-o dimensiune mare pentru \u00eentreaga familie. Bumbac foarte moale, prietenos cu corpul, cu impregnare hidrofug\u0103 \u0219i rezistent la UV. Cusut \u00een stilul celor mai bune hamacuri braziliene.<\/p>\n<p>Hamacul de cas\u0103 mare Amazonas Palacio cu trepte din lemn foarte rezistente permite distribuirea corect\u0103 a greut\u0103\u021bii \u0219i a \u00eenc\u0103rc\u0103turii. Unul dintre cele mai spectaculoase, precum \u0219i, modele scumpe din gama Amazonas. Este realizat \u00een maniera celui mai luxos p\u0103tu\u021b.<\/p>\n<p>Este fabricat cu o \u021bes\u0103tur\u0103 jacquard special\u0103, care garanteaz\u0103 nu numai propriet\u0103\u021bile estetice ridicate ale hamacului, ci \u0219i moliciunea \u0219i, prin urmare, confortul. Fiecare hamac este \u021besut manual \u0219i \u00eentruchipeaz\u0103 tradi\u021biile de v\u00e2rf ale artizanilor brazilieni. Densitatea \u021bes\u0103turii este de 450 gr\/m, ceea ce \u00eei permite s\u0103 reziste la greut\u0103\u021bi mari.<\/p>\n<h3>Particularit\u0103\u021bi<\/h3>\n<ul>\n<li>Durabil \u0219i confortabil pentru \u00eentreaga familie<\/li>\n<li>\u021aes\u0103tura este fabricat\u0103 din bumbac durabil, rezistent la ap\u0103<\/li>\n<li>Rezistent la UV<\/li>\n<li>Barele transversale maximizeaz\u0103 distribu\u021bia sarcinii<\/li>\n<li>Este utilizat lemn robust de cea mai bun\u0103 calitate<\/li>\n<\/ul>\n<h3>Caracteristici<\/h3>\n<ul>\n<li>Material: 100% bumbac<\/li>\n<li>Dimensiuni: 240 x 160 cm<\/li>\n<li>L\u0103\u021bimea sc\u00e2ndurii: 140 cm<\/li>\n<li>Sarcina maxim\u0103: 200 kg<\/li>\n<li>Greutate: 4 kg<\/li>\n<\/ul>\n<h3>Marca<\/h3>\n<p>Amazonas sunt unii dintre cei mai importan\u021bi produc\u0103tori de hamace. Ei sunt cunoscu\u021bi \u00een primul r\u00e2nd pentru hamacele lor originale din bumbac brazilian. Ei produc, de asemenea, o gam\u0103 de hamace \u0219i accesorii ultrau\u0219oare pentru c\u0103l\u0103tori, cum ar fi scaune suspendate, corturi \u0219i p\u0103turi pentru relaxare, precum \u0219i o gam\u0103 de produse pentru copii (c\u0103rucioare, hamace, scaune etc.).<\/p>\n<p><\/p>","protected":false},"excerpt":{"rendered":"<p>Hamac Amazonas Palacio Cafe<\/p>","protected":false},"featured_media":1771,"comment_status":"open","ping_status":"closed","template":"","meta":{"_acf_changed":false,"inline_featured_image":false},"product_brand":[1285],"product_cat":[197],"product_tag":[],"class_list":{"0":"post-1777","1":"product","2":"type-product","3":"status-publish","4":"has-post-thumbnail","6":"product_brand-amazonas","7":"product_cat-camping-hammocks","9":"first","10":"instock","11":"shipping-taxable","12":"purchasable","13":"product-type-simple"},"acf":[],"yoast_head":"<!-- This site is optimized with the Yoast SEO plugin v27.4 - https:\/\/yoast.com\/product\/yoast-seo-wordpress\/ -->\n<title>\u0413\u0430\u043c\u0430\u043a Amazonas Palacio Cafe - \u041c\u0430\u0433\u0430\u0437\u0438\u043d Xstyle<\/title>\n<meta name=\"description\" content=\"\u0413\u0430\u043c\u0430\u043a Amazonas Palacio Cafe \u2013 \u0438\u0434\u0435\u0430\u043b\u044c\u043d\u044b\u0439 \u0432\u044b\u0431\u043e\u0440 \u0434\u043b\u044f \u043e\u0442\u0434\u044b\u0445\u0430 \u0432\u0441\u0435\u0439 \u0441\u0435\u043c\u044c\u0438. \u0423\u0434\u043e\u0431\u043d\u044b\u0439, \u043f\u0440\u043e\u0447\u043d\u044b\u0439, \u0441 \u0432\u043e\u0434\u043e\u043e\u0442\u0442\u0430\u043b\u043a\u0438\u0432\u0430\u044e\u0449\u0435\u0439 \u0438 \u0423\u0424-\u0437\u0430\u0449\u0438\u0442\u043e\u0439. \u041d\u0430\u0441\u043b\u0430\u0436\u0434\u0430\u0439\u0442\u0435\u0441\u044c \u043a\u043e\u043c\u0444\u043e\u0440\u0442\u043e\u043c!\" \/>\n<meta name=\"robots\" content=\"index, follow, max-snippet:-1, max-image-preview:large, max-video-preview:-1\" \/>\n<link rel=\"canonical\" href=\"https:\/\/xstyle.md\/ro\/produs\/gamak-amazonas-palacio-cafe\/\" \/>\n<meta property=\"og:locale\" content=\"ro_RO\" \/>\n<meta property=\"og:type\" content=\"article\" \/>\n<meta property=\"og:title\" content=\"\u0413\u0430\u043c\u0430\u043a Amazonas Palacio Cafe - \u041c\u0430\u0433\u0430\u0437\u0438\u043d Xstyle\" \/>\n<meta property=\"og:description\" content=\"\u0413\u0430\u043c\u0430\u043a Amazonas Palacio Cafe \u2013 \u0438\u0434\u0435\u0430\u043b\u044c\u043d\u044b\u0439 \u0432\u044b\u0431\u043e\u0440 \u0434\u043b\u044f \u043e\u0442\u0434\u044b\u0445\u0430 \u0432\u0441\u0435\u0439 \u0441\u0435\u043c\u044c\u0438. \u0423\u0434\u043e\u0431\u043d\u044b\u0439, \u043f\u0440\u043e\u0447\u043d\u044b\u0439, \u0441 \u0432\u043e\u0434\u043e\u043e\u0442\u0442\u0430\u043b\u043a\u0438\u0432\u0430\u044e\u0449\u0435\u0439 \u0438 \u0423\u0424-\u0437\u0430\u0449\u0438\u0442\u043e\u0439. \u041d\u0430\u0441\u043b\u0430\u0436\u0434\u0430\u0439\u0442\u0435\u0441\u044c \u043a\u043e\u043c\u0444\u043e\u0440\u0442\u043e\u043c!\" \/>\n<meta property=\"og:url\" content=\"https:\/\/xstyle.md\/ro\/produs\/gamak-amazonas-palacio-cafe\/\" \/>\n<meta property=\"og:site_name\" content=\"\u041c\u0430\u0433\u0430\u0437\u0438\u043d Xstyle\" \/>\n<meta property=\"article:publisher\" content=\"https:\/\/www.facebook.com\/xstylemd\" \/>\n<meta property=\"article:modified_time\" content=\"2026-04-15T09:38:13+00:00\" \/>\n<meta property=\"og:image\" content=\"https:\/\/xstyle.md\/wp-content\/uploads\/2020\/07\/amazonas_palacio_cafe-2.jpg\" \/>\n\t<meta property=\"og:image:width\" content=\"1024\" \/>\n\t<meta property=\"og:image:height\" content=\"1024\" \/>\n\t<meta property=\"og:image:type\" content=\"image\/jpeg\" \/>\n<meta name=\"twitter:card\" content=\"summary_large_image\" \/>\n<meta name=\"twitter:label1\" content=\"Pre\u021b\" \/>\n\t<meta name=\"twitter:data1\" content=\"3.290&nbsp;MDL\" \/>\n\t<meta name=\"twitter:label2\" content=\"Disponibilitate\" \/>\n\t<meta name=\"twitter:data2\" content=\"\u00cen stoc\" \/>\n<script type=\"application\/ld+json\" class=\"yoast-schema-graph\">{\"@context\":\"https:\\\/\\\/schema.org\",\"@graph\":[{\"@type\":\"WebPage\",\"@id\":\"https:\\\/\\\/xstyle.md\\\/product\\\/gamak-amazonas-palacio-cafe\\\/\",\"url\":\"https:\\\/\\\/xstyle.md\\\/product\\\/gamak-amazonas-palacio-cafe\\\/\",\"name\":\"\u0413\u0430\u043c\u0430\u043a Amazonas Palacio Cafe - \u041c\u0430\u0433\u0430\u0437\u0438\u043d Xstyle\",\"isPartOf\":{\"@id\":\"https:\\\/\\\/xstyle.md\\\/#website\"},\"primaryImageOfPage\":{\"@id\":\"https:\\\/\\\/xstyle.md\\\/product\\\/gamak-amazonas-palacio-cafe\\\/#primaryimage\"},\"image\":{\"@id\":\"https:\\\/\\\/xstyle.md\\\/product\\\/gamak-amazonas-palacio-cafe\\\/#primaryimage\"},\"thumbnailUrl\":\"https:\\\/\\\/xstyle.md\\\/wp-content\\\/uploads\\\/2020\\\/07\\\/amazonas_palacio_cafe-2.jpg\",\"datePublished\":\"2020-07-16T13:37:37+00:00\",\"dateModified\":\"2026-04-15T09:38:13+00:00\",\"description\":\"\u0413\u0430\u043c\u0430\u043a Amazonas Palacio Cafe \u2013 \u0438\u0434\u0435\u0430\u043b\u044c\u043d\u044b\u0439 \u0432\u044b\u0431\u043e\u0440 \u0434\u043b\u044f \u043e\u0442\u0434\u044b\u0445\u0430 \u0432\u0441\u0435\u0439 \u0441\u0435\u043c\u044c\u0438. \u0423\u0434\u043e\u0431\u043d\u044b\u0439, \u043f\u0440\u043e\u0447\u043d\u044b\u0439, \u0441 \u0432\u043e\u0434\u043e\u043e\u0442\u0442\u0430\u043b\u043a\u0438\u0432\u0430\u044e\u0449\u0435\u0439 \u0438 \u0423\u0424-\u0437\u0430\u0449\u0438\u0442\u043e\u0439. \u041d\u0430\u0441\u043b\u0430\u0436\u0434\u0430\u0439\u0442\u0435\u0441\u044c \u043a\u043e\u043c\u0444\u043e\u0440\u0442\u043e\u043c!\",\"breadcrumb\":{\"@id\":\"https:\\\/\\\/xstyle.md\\\/product\\\/gamak-amazonas-palacio-cafe\\\/#breadcrumb\"},\"inLanguage\":\"ro-RO\",\"potentialAction\":[{\"@type\":\"ReadAction\",\"target\":[\"https:\\\/\\\/xstyle.md\\\/product\\\/gamak-amazonas-palacio-cafe\\\/\"]}]},{\"@type\":\"ImageObject\",\"inLanguage\":\"ro-RO\",\"@id\":\"https:\\\/\\\/xstyle.md\\\/product\\\/gamak-amazonas-palacio-cafe\\\/#primaryimage\",\"url\":\"https:\\\/\\\/xstyle.md\\\/wp-content\\\/uploads\\\/2020\\\/07\\\/amazonas_palacio_cafe-2.jpg\",\"contentUrl\":\"https:\\\/\\\/xstyle.md\\\/wp-content\\\/uploads\\\/2020\\\/07\\\/amazonas_palacio_cafe-2.jpg\",\"width\":1024,\"height\":1024},{\"@type\":\"BreadcrumbList\",\"@id\":\"https:\\\/\\\/xstyle.md\\\/product\\\/gamak-amazonas-palacio-cafe\\\/#breadcrumb\",\"itemListElement\":[{\"@type\":\"ListItem\",\"position\":1,\"name\":\"\u0413\u043b\u0430\u0432\u043d\u0430\u044f \u0441\u0442\u0440\u0430\u043d\u0438\u0446\u0430\",\"item\":\"https:\\\/\\\/xstyle.md\\\/\"},{\"@type\":\"ListItem\",\"position\":2,\"name\":\"\u041c\u0430\u0433\u0430\u0437\u0438\u043d\",\"item\":\"https:\\\/\\\/xstyle.md\\\/shop\\\/\"},{\"@type\":\"ListItem\",\"position\":3,\"name\":\"\u0413\u0430\u043c\u0430\u043a Amazonas Palacio Cafe\"}]},{\"@type\":\"WebSite\",\"@id\":\"https:\\\/\\\/xstyle.md\\\/#website\",\"url\":\"https:\\\/\\\/xstyle.md\\\/\",\"name\":\"\u041c\u0430\u0433\u0430\u0437\u0438\u043d Xstyle\",\"description\":\"C\u043d\u0430\u0440\u044f\u0436\u0435\u043d\u0438\u0435 \u0434\u043b\u044f \u0442\u0443\u0440\u0438\u0437\u043c\u0430 \u0438 \u044d\u043a\u0441\u0442\u0440\u0435\u043c\u0430\u043b\u044c\u043d\u044b\u0445 \u0432\u0438\u0434\u043e\u0432 \u0441\u043f\u043e\u0440\u0442\u0430 \u0432 \u041c\u043e\u043b\u0434\u043e\u0432\u0435.. \u0426\u0435\u043d\u044b, \u0444\u043e\u0442\u043e, \u0445\u0430\u0440\u0430\u043a\u0442\u0435\u0440\u0438\u0441\u0442\u0438\u043a\u0438 \u0432 \u041c\u043e\u043b\u0434\u043e\u0432\u0435.\",\"publisher\":{\"@id\":\"https:\\\/\\\/xstyle.md\\\/#organization\"},\"alternateName\":\"X-Style\",\"potentialAction\":[{\"@type\":\"SearchAction\",\"target\":{\"@type\":\"EntryPoint\",\"urlTemplate\":\"https:\\\/\\\/xstyle.md\\\/?s={search_term_string}\"},\"query-input\":{\"@type\":\"PropertyValueSpecification\",\"valueRequired\":true,\"valueName\":\"search_term_string\"}}],\"inLanguage\":\"ro-RO\"},{\"@type\":\"Organization\",\"@id\":\"https:\\\/\\\/xstyle.md\\\/#organization\",\"name\":\"\u041c\u0430\u0433\u0430\u0437\u0438\u043d Xstyle\",\"alternateName\":\"x-style\",\"url\":\"https:\\\/\\\/xstyle.md\\\/\",\"logo\":{\"@type\":\"ImageObject\",\"inLanguage\":\"ro-RO\",\"@id\":\"https:\\\/\\\/xstyle.md\\\/#\\\/schema\\\/logo\\\/image\\\/\",\"url\":\"https:\\\/\\\/xstyle.md\\\/wp-content\\\/uploads\\\/2020\\\/06\\\/logoicon.svg\",\"contentUrl\":\"https:\\\/\\\/xstyle.md\\\/wp-content\\\/uploads\\\/2020\\\/06\\\/logoicon.svg\",\"caption\":\"\u041c\u0430\u0433\u0430\u0437\u0438\u043d Xstyle\"},\"image\":{\"@id\":\"https:\\\/\\\/xstyle.md\\\/#\\\/schema\\\/logo\\\/image\\\/\"},\"sameAs\":[\"https:\\\/\\\/www.facebook.com\\\/xstylemd\",\"https:\\\/\\\/www.instagram.com\\\/xstyle_md\\\/\",\"https:\\\/\\\/t.me\\\/xstyle_outdoor\"],\"hasMerchantReturnPolicy\":{\"@type\":\"MerchantReturnPolicy\",\"merchantReturnLink\":\"https:\\\/\\\/xstyle.md\\\/ro\\\/conditions\\\/\"}}]}<\/script>\n<meta property=\"product:price:amount\" content=\"3290.00\" \/>\n<meta property=\"product:price:currency\" content=\"MDL\" \/>\n<meta property=\"og:availability\" content=\"instock\" \/>\n<meta property=\"product:availability\" content=\"instock\" \/>\n<meta property=\"product:retailer_item_id\" content=\"4030454003186\" \/>\n<meta property=\"product:condition\" content=\"new\" \/>\n<!-- \/ Yoast SEO plugin. -->","yoast_head_json":{"title":"Hamac Amazonas Palacio Cafe - Magazin Xstyle","description":"\u0413\u0430\u043c\u0430\u043a Amazonas Palacio Cafe \u2013 \u0438\u0434\u0435\u0430\u043b\u044c\u043d\u044b\u0439 \u0432\u044b\u0431\u043e\u0440 \u0434\u043b\u044f \u043e\u0442\u0434\u044b\u0445\u0430 \u0432\u0441\u0435\u0439 \u0441\u0435\u043c\u044c\u0438. \u0423\u0434\u043e\u0431\u043d\u044b\u0439, \u043f\u0440\u043e\u0447\u043d\u044b\u0439, \u0441 \u0432\u043e\u0434\u043e\u043e\u0442\u0442\u0430\u043b\u043a\u0438\u0432\u0430\u044e\u0449\u0435\u0439 \u0438 \u0423\u0424-\u0437\u0430\u0449\u0438\u0442\u043e\u0439. \u041d\u0430\u0441\u043b\u0430\u0436\u0434\u0430\u0439\u0442\u0435\u0441\u044c \u043a\u043e\u043c\u0444\u043e\u0440\u0442\u043e\u043c!","robots":{"index":"index","follow":"follow","max-snippet":"max-snippet:-1","max-image-preview":"max-image-preview:large","max-video-preview":"max-video-preview:-1"},"canonical":"https:\/\/xstyle.md\/ro\/produs\/gamak-amazonas-palacio-cafe\/","og_locale":"ro_RO","og_type":"article","og_title":"\u0413\u0430\u043c\u0430\u043a Amazonas Palacio Cafe - \u041c\u0430\u0433\u0430\u0437\u0438\u043d Xstyle","og_description":"\u0413\u0430\u043c\u0430\u043a Amazonas Palacio Cafe \u2013 \u0438\u0434\u0435\u0430\u043b\u044c\u043d\u044b\u0439 \u0432\u044b\u0431\u043e\u0440 \u0434\u043b\u044f \u043e\u0442\u0434\u044b\u0445\u0430 \u0432\u0441\u0435\u0439 \u0441\u0435\u043c\u044c\u0438. \u0423\u0434\u043e\u0431\u043d\u044b\u0439, \u043f\u0440\u043e\u0447\u043d\u044b\u0439, \u0441 \u0432\u043e\u0434\u043e\u043e\u0442\u0442\u0430\u043b\u043a\u0438\u0432\u0430\u044e\u0449\u0435\u0439 \u0438 \u0423\u0424-\u0437\u0430\u0449\u0438\u0442\u043e\u0439. \u041d\u0430\u0441\u043b\u0430\u0436\u0434\u0430\u0439\u0442\u0435\u0441\u044c \u043a\u043e\u043c\u0444\u043e\u0440\u0442\u043e\u043c!","og_url":"https:\/\/xstyle.md\/ro\/produs\/gamak-amazonas-palacio-cafe\/","og_site_name":"\u041c\u0430\u0433\u0430\u0437\u0438\u043d Xstyle","article_publisher":"https:\/\/www.facebook.com\/xstylemd","article_modified_time":"2026-04-15T09:38:13+00:00","og_image":[{"width":1024,"height":1024,"url":"https:\/\/xstyle.md\/wp-content\/uploads\/2020\/07\/amazonas_palacio_cafe-2.jpg","type":"image\/jpeg"}],"twitter_card":"summary_large_image","twitter_misc":{"Pre\u021b":"3.290&nbsp;MDL","Disponibilitate":"\u00cen stoc"},"schema":{"@context":"https:\/\/schema.org","@graph":[{"@type":"WebPage","@id":"https:\/\/xstyle.md\/product\/gamak-amazonas-palacio-cafe\/","url":"https:\/\/xstyle.md\/product\/gamak-amazonas-palacio-cafe\/","name":"Hamac Amazonas Palacio Cafe - Magazin Xstyle","isPartOf":{"@id":"https:\/\/xstyle.md\/#website"},"primaryImageOfPage":{"@id":"https:\/\/xstyle.md\/product\/gamak-amazonas-palacio-cafe\/#primaryimage"},"image":{"@id":"https:\/\/xstyle.md\/product\/gamak-amazonas-palacio-cafe\/#primaryimage"},"thumbnailUrl":"https:\/\/xstyle.md\/wp-content\/uploads\/2020\/07\/amazonas_palacio_cafe-2.jpg","datePublished":"2020-07-16T13:37:37+00:00","dateModified":"2026-04-15T09:38:13+00:00","description":"\u0413\u0430\u043c\u0430\u043a Amazonas Palacio Cafe \u2013 \u0438\u0434\u0435\u0430\u043b\u044c\u043d\u044b\u0439 \u0432\u044b\u0431\u043e\u0440 \u0434\u043b\u044f \u043e\u0442\u0434\u044b\u0445\u0430 \u0432\u0441\u0435\u0439 \u0441\u0435\u043c\u044c\u0438. \u0423\u0434\u043e\u0431\u043d\u044b\u0439, \u043f\u0440\u043e\u0447\u043d\u044b\u0439, \u0441 \u0432\u043e\u0434\u043e\u043e\u0442\u0442\u0430\u043b\u043a\u0438\u0432\u0430\u044e\u0449\u0435\u0439 \u0438 \u0423\u0424-\u0437\u0430\u0449\u0438\u0442\u043e\u0439. \u041d\u0430\u0441\u043b\u0430\u0436\u0434\u0430\u0439\u0442\u0435\u0441\u044c \u043a\u043e\u043c\u0444\u043e\u0440\u0442\u043e\u043c!","breadcrumb":{"@id":"https:\/\/xstyle.md\/product\/gamak-amazonas-palacio-cafe\/#breadcrumb"},"inLanguage":"ro-RO","potentialAction":[{"@type":"ReadAction","target":["https:\/\/xstyle.md\/product\/gamak-amazonas-palacio-cafe\/"]}]},{"@type":"ImageObject","inLanguage":"ro-RO","@id":"https:\/\/xstyle.md\/product\/gamak-amazonas-palacio-cafe\/#primaryimage","url":"https:\/\/xstyle.md\/wp-content\/uploads\/2020\/07\/amazonas_palacio_cafe-2.jpg","contentUrl":"https:\/\/xstyle.md\/wp-content\/uploads\/2020\/07\/amazonas_palacio_cafe-2.jpg","width":1024,"height":1024},{"@type":"BreadcrumbList","@id":"https:\/\/xstyle.md\/product\/gamak-amazonas-palacio-cafe\/#breadcrumb","itemListElement":[{"@type":"ListItem","position":1,"name":"\u0413\u043b\u0430\u0432\u043d\u0430\u044f \u0441\u0442\u0440\u0430\u043d\u0438\u0446\u0430","item":"https:\/\/xstyle.md\/"},{"@type":"ListItem","position":2,"name":"\u041c\u0430\u0433\u0430\u0437\u0438\u043d","item":"https:\/\/xstyle.md\/shop\/"},{"@type":"ListItem","position":3,"name":"\u0413\u0430\u043c\u0430\u043a Amazonas Palacio Cafe"}]},{"@type":"WebSite","@id":"https:\/\/xstyle.md\/#website","url":"https:\/\/xstyle.md\/","name":"Magazinul X-Style","description":"Echipamente pentru turism \u0219i sporturi extreme \u00een Moldova. Pre\u021buri, fotografii, caracteristici \u00een Moldova.","publisher":{"@id":"https:\/\/xstyle.md\/#organization"},"alternateName":"X-Style","potentialAction":[{"@type":"SearchAction","target":{"@type":"EntryPoint","urlTemplate":"https:\/\/xstyle.md\/?s={search_term_string}"},"query-input":{"@type":"PropertyValueSpecification","valueRequired":true,"valueName":"search_term_string"}}],"inLanguage":"ro-RO"},{"@type":"Organization","@id":"https:\/\/xstyle.md\/#organization","name":"Magazinul X-Style","alternateName":"x-style","url":"https:\/\/xstyle.md\/","logo":{"@type":"ImageObject","inLanguage":"ro-RO","@id":"https:\/\/xstyle.md\/#\/schema\/logo\/image\/","url":"https:\/\/xstyle.md\/wp-content\/uploads\/2020\/06\/logoicon.svg","contentUrl":"https:\/\/xstyle.md\/wp-content\/uploads\/2020\/06\/logoicon.svg","caption":"\u041c\u0430\u0433\u0430\u0437\u0438\u043d Xstyle"},"image":{"@id":"https:\/\/xstyle.md\/#\/schema\/logo\/image\/"},"sameAs":["https:\/\/www.facebook.com\/xstylemd","https:\/\/www.instagram.com\/xstyle_md\/","https:\/\/t.me\/xstyle_outdoor"],"hasMerchantReturnPolicy":{"@type":"MerchantReturnPolicy","merchantReturnLink":"https:\/\/xstyle.md\/ro\/conditions\/"}}]},"product_price_amount":"3290.00","product_price_currency":"MDL","og_availability":"instock","product_availability":"instock","product_retailer_item_id":"4030454003186","product_condition":"new"},"post_mailing_queue_ids":[],"_links":{"self":[{"href":"https:\/\/xstyle.md\/ro\/wp-json\/wp\/v2\/product\/1777","targetHints":{"allow":["GET"]}}],"collection":[{"href":"https:\/\/xstyle.md\/ro\/wp-json\/wp\/v2\/product"}],"about":[{"href":"https:\/\/xstyle.md\/ro\/wp-json\/wp\/v2\/types\/product"}],"replies":[{"embeddable":true,"href":"https:\/\/xstyle.md\/ro\/wp-json\/wp\/v2\/comments?post=1777"}],"wp:featuredmedia":[{"embeddable":true,"href":"https:\/\/xstyle.md\/ro\/wp-json\/wp\/v2\/media\/1771"}],"wp:attachment":[{"href":"https:\/\/xstyle.md\/ro\/wp-json\/wp\/v2\/media?parent=1777"}],"wp:term":[{"taxonomy":"product_brand","embeddable":true,"href":"https:\/\/xstyle.md\/ro\/wp-json\/wp\/v2\/product_brand?post=1777"},{"taxonomy":"product_cat","embeddable":true,"href":"https:\/\/xstyle.md\/ro\/wp-json\/wp\/v2\/product_cat?post=1777"},{"taxonomy":"product_tag","embeddable":true,"href":"https:\/\/xstyle.md\/ro\/wp-json\/wp\/v2\/product_tag?post=1777"}],"curies":[{"name":"wp","href":"https:\/\/api.w.org\/{rel}","templated":true}]}}