{"id":17751,"date":"2020-07-17T18:16:29","date_gmt":"2020-07-17T15:16:29","guid":{"rendered":"https:\/\/xstyle.md\/?post_type=product&#038;p=17751"},"modified":"2026-03-19T16:37:25","modified_gmt":"2026-03-19T13:37:25","slug":"velosipednyj-shlem-m-wave-mamba-green-black-white","status":"publish","type":"product","link":"https:\/\/xstyle.md\/ro\/produs\/velosipednyj-shlem-m-wave-mamba-green-black-white\/","title":{"rendered":"Casc\u0103 ciclism M-Wave Mamba green\/black\/white"},"content":{"rendered":"<\/p>\n<p><strong>M-Wave Mamba<\/strong> &#8212; o op\u021biune excelent\u0103 pentru o casc\u0103 bine ventilat\u0103, care v\u0103 va proteja capul de c\u0103deri. Arat\u0103 foarte bine \u0219i se potrive\u0219te confortabil.<\/p>\n<p>O casc\u0103 de biciclist v\u0103 poate ajuta s\u0103 evita\u021bi diverse leziuni la cap \u00een cazul unei c\u0103z\u0103turi. Cu toate acestea, trebuie reamintit faptul c\u0103, pentru o protec\u021bie maxim\u0103, casca trebuie s\u0103 fie de bun\u0103 calitate \u0219i s\u0103 fie montat\u0103 \u0219i purtat\u0103 \u00een mod corespunz\u0103tor.<\/p>\n<p>EPS sau spuma de polistiren expandat este o spum\u0103 rigid\u0103 care este utilizat\u0103 ca \u0219i c\u0103ptu\u0219eal\u0103 interioar\u0103. Este foarte rezistent\u0103, dar \u00een acela\u0219i timp u\u0219oar\u0103. Tampoanele moi deta\u0219abile din interior sunt concepute pentru o purtare confortabil\u0103, se adapteaz\u0103 la dimensiunea capului \u0219i absorb transpira\u021bia. De asemenea, acestea se pot sp\u0103la \u00een mod convenabil.<\/p>\n<p>Ventila\u021bie 3D &#8212; ventila\u021bia avansat\u0103 asigur\u0103 o termoreglare optim\u0103 a capului \u00een timpul mi\u0219c\u0103rii. Curelele fixeaz\u0103 casca, \u00eempiedic\u00e2nd-o s\u0103 se deplaseze \u0219i s\u0103 cad\u0103 de pe cap \u00een timpul unei c\u0103z\u0103turi. Catarama convenabil\u0103 v\u0103 permite s\u0103 o desface\u021bi cu o singur\u0103 m\u00e2n\u0103.<\/p>\n<p>Casca de biciclet\u0103 M-Wave Mamba are un inel de reglare pe spate. Pune\u021bi casca \u0219i regla\u021bi discul de reglare pentru a v\u0103 asigura c\u0103 aceasta se potrive\u0219te confortabil \u0219i bine pe cap. Fiabil\u0103, u\u0219oar\u0103, confortabil\u0103, cu un design clasic &#8212; toate acestea fac din casc\u0103 un companion indispensabil pentru c\u0103l\u0103toriile dvs. cu bicicleta.<\/p>\n<h3>Particularit\u0103\u021bi<\/h3>\n<ul>\n<li>Rezistent \u0219i robust, v\u0103 protejeaz\u0103 \u00eempotriva r\u0103nilor \u00een caz de c\u0103dere.<\/li>\n<li>Orificii de aerisire &#8212; creeaz\u0103 un flux de aer \u00een jurul capului, r\u0103corindu-l pe vreme cald\u0103. Dac\u0103 nu le ave\u021bi, capul se va aburi rapid pe o plimbare de var\u0103.<\/li>\n<li>Prezen\u021ba unor caneluri speciale de aer pe suprafa\u021ba interioar\u0103 a c\u0103\u0219tii, prin care aerul trece din partea frontal\u0103 a c\u0103\u0219tii spre partea occipital\u0103, elimin\u00e2nd c\u0103ldura din cap. Transpira\u021bia din timpul c\u0103l\u0103toriei active nu v\u0103 va ajunge \u00een ochi.<\/li>\n<li>Plas\u0103 anti-insecte pe orificiile de aerisire.<\/li>\n<li>Vizier\u0103 deta\u0219abil\u0103.<\/li>\n<li>Inel de reglare, ajut\u0103 la ajustarea c\u0103\u0219tii la dimensiunea exact\u0103, pentru o mai bun\u0103 potrivire la cap.<\/li>\n<li>Greutate foarte redus\u0103.<\/li>\n<\/ul>\n<h3>Caracteristici<\/h3>\n<ul>\n<li>C\u0103ptu\u0219eal\u0103 deta\u0219abil\u0103 pentru o cur\u0103\u021bare u\u0219oar\u0103 &#8212; da<\/li>\n<li>G\u0103uri de ventila\u021bie &#8212; 11<\/li>\n<li>Greutate &#8212; 280 g.<\/li>\n<\/ul>\n<p><\/p>","protected":false},"excerpt":{"rendered":"<p>\u0412\u0435\u043b\u043e\u0441\u0438\u043f\u0435\u0434\u043d\u044b\u0439 \u0448\u043b\u0435\u043c Ventura Mamba Green\/Black\/White<\/p>","protected":false},"featured_media":48253,"comment_status":"open","ping_status":"closed","template":"","meta":{"_acf_changed":false,"inline_featured_image":false},"product_brand":[1372],"product_cat":[536],"product_tag":[],"class_list":{"0":"post-17751","1":"product","2":"type-product","3":"status-publish","4":"has-post-thumbnail","6":"product_brand-messingschlager","7":"product_cat-velo-helmets","9":"first","10":"instock","11":"shipping-taxable","12":"purchasable","13":"product-type-simple"},"acf":[],"yoast_head":"<!-- This site is optimized with the Yoast SEO plugin v27.2 - https:\/\/yoast.com\/product\/yoast-seo-wordpress\/ -->\n<title>\u0412\u0435\u043b\u043e\u0441\u0438\u043f\u0435\u0434\u043d\u044b\u0439 \u0448\u043b\u0435\u043c M-Wave Mamba green\/black\/white - \u041c\u0430\u0433\u0430\u0437\u0438\u043d Xstyle<\/title>\n<meta name=\"description\" content=\"\u041a\u0443\u043f\u0438\u0442\u0435 \u0448\u043b\u0435\u043c M-Wave Mamba \u0432 \u0437\u0435\u043b\u0451\u043d\u043e\u043c, \u0447\u0451\u0440\u043d\u043e\u043c \u0438 \u0431\u0435\u043b\u043e\u043c \u0446\u0432\u0435\u0442\u0435! \u041e\u0442\u043b\u0438\u0447\u043d\u0430\u044f \u0432\u0435\u043d\u0442\u0438\u043b\u044f\u0446\u0438\u044f \u0438 \u0437\u0430\u0449\u0438\u0442\u0430 \u0434\u043b\u044f \u0432\u0430\u0448\u0435\u0433\u043e \u0433\u043e\u043b\u043e\u0432\u044b. \u041a\u043e\u043c\u0444\u043e\u0440\u0442 \u0438 \u0441\u0442\u0438\u043b\u044c \u0434\u043b\u044f \u0431\u0435\u0437\u043e\u043f\u0430\u0441\u043d\u044b\u0445 \u043f\u043e\u0435\u0437\u0434\u043e\u043a!\" \/>\n<meta name=\"robots\" content=\"index, follow, max-snippet:-1, max-image-preview:large, max-video-preview:-1\" \/>\n<link rel=\"canonical\" href=\"https:\/\/xstyle.md\/ro\/produs\/velosipednyj-shlem-m-wave-mamba-green-black-white\/\" \/>\n<meta property=\"og:locale\" content=\"ro_RO\" \/>\n<meta property=\"og:type\" content=\"article\" \/>\n<meta property=\"og:title\" content=\"\u0412\u0435\u043b\u043e\u0441\u0438\u043f\u0435\u0434\u043d\u044b\u0439 \u0448\u043b\u0435\u043c M-Wave Mamba green\/black\/white - \u041c\u0430\u0433\u0430\u0437\u0438\u043d Xstyle\" \/>\n<meta property=\"og:description\" content=\"\u041a\u0443\u043f\u0438\u0442\u0435 \u0448\u043b\u0435\u043c M-Wave Mamba \u0432 \u0437\u0435\u043b\u0451\u043d\u043e\u043c, \u0447\u0451\u0440\u043d\u043e\u043c \u0438 \u0431\u0435\u043b\u043e\u043c \u0446\u0432\u0435\u0442\u0435! \u041e\u0442\u043b\u0438\u0447\u043d\u0430\u044f \u0432\u0435\u043d\u0442\u0438\u043b\u044f\u0446\u0438\u044f \u0438 \u0437\u0430\u0449\u0438\u0442\u0430 \u0434\u043b\u044f \u0432\u0430\u0448\u0435\u0433\u043e \u0433\u043e\u043b\u043e\u0432\u044b. \u041a\u043e\u043c\u0444\u043e\u0440\u0442 \u0438 \u0441\u0442\u0438\u043b\u044c \u0434\u043b\u044f \u0431\u0435\u0437\u043e\u043f\u0430\u0441\u043d\u044b\u0445 \u043f\u043e\u0435\u0437\u0434\u043e\u043a!\" \/>\n<meta property=\"og:url\" content=\"https:\/\/xstyle.md\/ro\/produs\/velosipednyj-shlem-m-wave-mamba-green-black-white\/\" \/>\n<meta property=\"og:site_name\" content=\"\u041c\u0430\u0433\u0430\u0437\u0438\u043d Xstyle\" \/>\n<meta property=\"article:publisher\" content=\"https:\/\/www.facebook.com\/xstylemd\" \/>\n<meta property=\"article:modified_time\" content=\"2026-03-19T13:37:25+00:00\" \/>\n<meta property=\"og:image\" content=\"https:\/\/xstyle.md\/wp-content\/uploads\/2020\/07\/ventura-mamba-greenblackwhite.jpg\" \/>\n\t<meta property=\"og:image:width\" content=\"1500\" \/>\n\t<meta property=\"og:image:height\" content=\"1500\" \/>\n\t<meta property=\"og:image:type\" content=\"image\/jpeg\" \/>\n<meta name=\"twitter:card\" content=\"summary_large_image\" \/>\n<meta name=\"twitter:label1\" content=\"Pre\u021b\" \/>\n\t<meta name=\"twitter:data1\" content=\"670&nbsp;MDL\" \/>\n\t<meta name=\"twitter:label2\" content=\"Disponibilitate\" \/>\n\t<meta name=\"twitter:data2\" content=\"\u00cen stoc\" \/>\n<script type=\"application\/ld+json\" class=\"yoast-schema-graph\">{\"@context\":\"https:\/\/schema.org\",\"@graph\":[{\"@type\":\"WebPage\",\"@id\":\"https:\/\/xstyle.md\/product\/velosipednyj-shlem-m-wave-mamba-green-black-white\/\",\"url\":\"https:\/\/xstyle.md\/product\/velosipednyj-shlem-m-wave-mamba-green-black-white\/\",\"name\":\"\u0412\u0435\u043b\u043e\u0441\u0438\u043f\u0435\u0434\u043d\u044b\u0439 \u0448\u043b\u0435\u043c M-Wave Mamba green\/black\/white - \u041c\u0430\u0433\u0430\u0437\u0438\u043d Xstyle\",\"isPartOf\":{\"@id\":\"https:\/\/xstyle.md\/#website\"},\"primaryImageOfPage\":{\"@id\":\"https:\/\/xstyle.md\/product\/velosipednyj-shlem-m-wave-mamba-green-black-white\/#primaryimage\"},\"image\":{\"@id\":\"https:\/\/xstyle.md\/product\/velosipednyj-shlem-m-wave-mamba-green-black-white\/#primaryimage\"},\"thumbnailUrl\":\"https:\/\/xstyle.md\/wp-content\/uploads\/2020\/07\/ventura-mamba-greenblackwhite.jpg\",\"datePublished\":\"2020-07-17T15:16:29+00:00\",\"dateModified\":\"2026-03-19T13:37:25+00:00\",\"description\":\"\u041a\u0443\u043f\u0438\u0442\u0435 \u0448\u043b\u0435\u043c M-Wave Mamba \u0432 \u0437\u0435\u043b\u0451\u043d\u043e\u043c, \u0447\u0451\u0440\u043d\u043e\u043c \u0438 \u0431\u0435\u043b\u043e\u043c \u0446\u0432\u0435\u0442\u0435! \u041e\u0442\u043b\u0438\u0447\u043d\u0430\u044f \u0432\u0435\u043d\u0442\u0438\u043b\u044f\u0446\u0438\u044f \u0438 \u0437\u0430\u0449\u0438\u0442\u0430 \u0434\u043b\u044f \u0432\u0430\u0448\u0435\u0433\u043e \u0433\u043e\u043b\u043e\u0432\u044b. \u041a\u043e\u043c\u0444\u043e\u0440\u0442 \u0438 \u0441\u0442\u0438\u043b\u044c \u0434\u043b\u044f \u0431\u0435\u0437\u043e\u043f\u0430\u0441\u043d\u044b\u0445 \u043f\u043e\u0435\u0437\u0434\u043e\u043a!\",\"breadcrumb\":{\"@id\":\"https:\/\/xstyle.md\/product\/velosipednyj-shlem-m-wave-mamba-green-black-white\/#breadcrumb\"},\"inLanguage\":\"ro-RO\",\"potentialAction\":[{\"@type\":\"ReadAction\",\"target\":[\"https:\/\/xstyle.md\/product\/velosipednyj-shlem-m-wave-mamba-green-black-white\/\"]}]},{\"@type\":\"ImageObject\",\"inLanguage\":\"ro-RO\",\"@id\":\"https:\/\/xstyle.md\/product\/velosipednyj-shlem-m-wave-mamba-green-black-white\/#primaryimage\",\"url\":\"https:\/\/xstyle.md\/wp-content\/uploads\/2020\/07\/ventura-mamba-greenblackwhite.jpg\",\"contentUrl\":\"https:\/\/xstyle.md\/wp-content\/uploads\/2020\/07\/ventura-mamba-greenblackwhite.jpg\",\"width\":1500,\"height\":1500,\"caption\":\"\u0428\u043b\u0435\u043c M-Wave Mamba \u0437\u0435\u043b\u0435\u043d\u044b\u0439 \u0447\u0435\u0440\u043d\u044b\u0439 \u0431\u0435\u043b\u044b\u0439 \u0434\u043b\u044f \u0430\u043a\u0442\u0438\u0432\u043d\u043e\u0433\u043e \u043e\u0442\u0434\u044b\u0445\u0430, \u0432\u0435\u043b\u043e\u0441\u043f\u043e\u0440\u0442\u0430, \u0442\u0443\u0440\u0438\u0437\u043c\u0430 \u0438 \u0430\u043b\u044c\u043f\u0438\u0439\u0441\u043a\u043e\u0433\u043e \u0441\u0430\u0444\u0430\u0440\u0438 \u0432 \u0438\u043d\u0442\u0435\u0440\u043d\u0435\u0442-\u043c\u0430\u0433\u0430\u0437\u0438\u043d\u0435 \u0434\u043b\u044f \u043b\u044e\u0431\u0438\u0442\u0435\u043b\u0435\u0439 \u0430\u043a\u0442\u0438\u0432\u043d\u043e\u0433\u043e \u043e\u0431\u0440\u0430\u0437\u0430 \u0436\u0438\u0437\u043d\u0438\"},{\"@type\":\"BreadcrumbList\",\"@id\":\"https:\/\/xstyle.md\/product\/velosipednyj-shlem-m-wave-mamba-green-black-white\/#breadcrumb\",\"itemListElement\":[{\"@type\":\"ListItem\",\"position\":1,\"name\":\"\u0413\u043b\u0430\u0432\u043d\u0430\u044f \u0441\u0442\u0440\u0430\u043d\u0438\u0446\u0430\",\"item\":\"https:\/\/xstyle.md\/\"},{\"@type\":\"ListItem\",\"position\":2,\"name\":\"\u041c\u0430\u0433\u0430\u0437\u0438\u043d\",\"item\":\"https:\/\/xstyle.md\/shop\/\"},{\"@type\":\"ListItem\",\"position\":3,\"name\":\"\u0412\u0435\u043b\u043e\u0441\u0438\u043f\u0435\u0434\u043d\u044b\u0439 \u0448\u043b\u0435\u043c M-Wave Mamba green\/black\/white\"}]},{\"@type\":\"WebSite\",\"@id\":\"https:\/\/xstyle.md\/#website\",\"url\":\"https:\/\/xstyle.md\/\",\"name\":\"\u041c\u0430\u0433\u0430\u0437\u0438\u043d Xstyle\",\"description\":\"C\u043d\u0430\u0440\u044f\u0436\u0435\u043d\u0438\u0435 \u0434\u043b\u044f \u0442\u0443\u0440\u0438\u0437\u043c\u0430 \u0438 \u044d\u043a\u0441\u0442\u0440\u0435\u043c\u0430\u043b\u044c\u043d\u044b\u0445 \u0432\u0438\u0434\u043e\u0432 \u0441\u043f\u043e\u0440\u0442\u0430 \u0432 \u041c\u043e\u043b\u0434\u043e\u0432\u0435.. \u0426\u0435\u043d\u044b, \u0444\u043e\u0442\u043e, \u0445\u0430\u0440\u0430\u043a\u0442\u0435\u0440\u0438\u0441\u0442\u0438\u043a\u0438 \u0432 \u041c\u043e\u043b\u0434\u043e\u0432\u0435.\",\"publisher\":{\"@id\":\"https:\/\/xstyle.md\/#organization\"},\"alternateName\":\"X-Style\",\"potentialAction\":[{\"@type\":\"SearchAction\",\"target\":{\"@type\":\"EntryPoint\",\"urlTemplate\":\"https:\/\/xstyle.md\/?s={search_term_string}\"},\"query-input\":{\"@type\":\"PropertyValueSpecification\",\"valueRequired\":true,\"valueName\":\"search_term_string\"}}],\"inLanguage\":\"ro-RO\"},{\"@type\":\"Organization\",\"@id\":\"https:\/\/xstyle.md\/#organization\",\"name\":\"\u041c\u0430\u0433\u0430\u0437\u0438\u043d Xstyle\",\"alternateName\":\"x-style\",\"url\":\"https:\/\/xstyle.md\/\",\"logo\":{\"@type\":\"ImageObject\",\"inLanguage\":\"ro-RO\",\"@id\":\"https:\/\/xstyle.md\/#\/schema\/logo\/image\/\",\"url\":\"https:\/\/xstyle.md\/wp-content\/uploads\/2020\/06\/logoicon.svg\",\"contentUrl\":\"https:\/\/xstyle.md\/wp-content\/uploads\/2020\/06\/logoicon.svg\",\"caption\":\"\u041c\u0430\u0433\u0430\u0437\u0438\u043d Xstyle\"},\"image\":{\"@id\":\"https:\/\/xstyle.md\/#\/schema\/logo\/image\/\"},\"sameAs\":[\"https:\/\/www.facebook.com\/xstylemd\",\"https:\/\/www.instagram.com\/xstyle_md\/\",\"https:\/\/t.me\/xstyle_outdoor\"],\"hasMerchantReturnPolicy\":{\"@type\":\"MerchantReturnPolicy\",\"merchantReturnLink\":\"https:\/\/xstyle.md\/ro\/conditions\/\"}}]}<\/script>\n<meta property=\"product:price:amount\" content=\"670.00\" \/>\n<meta property=\"product:price:currency\" content=\"MDL\" \/>\n<meta property=\"og:availability\" content=\"instock\" \/>\n<meta property=\"product:availability\" content=\"instock\" \/>\n<meta property=\"product:retailer_item_id\" content=\"4015493730217\" \/>\n<meta property=\"product:condition\" content=\"new\" \/>\n<!-- \/ Yoast SEO plugin. -->","yoast_head_json":{"title":"Casc\u0103 pentru ciclism M-Wave Mamba green\/black\/white - Magazin Xstyle","description":"Cump\u0103ra\u021bi casca M-Wave Mamba \u00een culorile verde, negru \u0219i alb! Ventila\u021bie excelent\u0103 \u0219i protec\u021bie pentru capul dumneavoastr\u0103. Confort \u0219i stil pentru c\u0103l\u0103torii \u00een siguran\u021b\u0103!","robots":{"index":"index","follow":"follow","max-snippet":"max-snippet:-1","max-image-preview":"max-image-preview:large","max-video-preview":"max-video-preview:-1"},"canonical":"https:\/\/xstyle.md\/ro\/produs\/velosipednyj-shlem-m-wave-mamba-green-black-white\/","og_locale":"ro_RO","og_type":"article","og_title":"\u0412\u0435\u043b\u043e\u0441\u0438\u043f\u0435\u0434\u043d\u044b\u0439 \u0448\u043b\u0435\u043c M-Wave Mamba green\/black\/white - \u041c\u0430\u0433\u0430\u0437\u0438\u043d Xstyle","og_description":"\u041a\u0443\u043f\u0438\u0442\u0435 \u0448\u043b\u0435\u043c M-Wave Mamba \u0432 \u0437\u0435\u043b\u0451\u043d\u043e\u043c, \u0447\u0451\u0440\u043d\u043e\u043c \u0438 \u0431\u0435\u043b\u043e\u043c \u0446\u0432\u0435\u0442\u0435! \u041e\u0442\u043b\u0438\u0447\u043d\u0430\u044f \u0432\u0435\u043d\u0442\u0438\u043b\u044f\u0446\u0438\u044f \u0438 \u0437\u0430\u0449\u0438\u0442\u0430 \u0434\u043b\u044f \u0432\u0430\u0448\u0435\u0433\u043e \u0433\u043e\u043b\u043e\u0432\u044b. \u041a\u043e\u043c\u0444\u043e\u0440\u0442 \u0438 \u0441\u0442\u0438\u043b\u044c \u0434\u043b\u044f \u0431\u0435\u0437\u043e\u043f\u0430\u0441\u043d\u044b\u0445 \u043f\u043e\u0435\u0437\u0434\u043e\u043a!","og_url":"https:\/\/xstyle.md\/ro\/produs\/velosipednyj-shlem-m-wave-mamba-green-black-white\/","og_site_name":"\u041c\u0430\u0433\u0430\u0437\u0438\u043d Xstyle","article_publisher":"https:\/\/www.facebook.com\/xstylemd","article_modified_time":"2026-03-19T13:37:25+00:00","og_image":[{"width":1500,"height":1500,"url":"https:\/\/xstyle.md\/wp-content\/uploads\/2020\/07\/ventura-mamba-greenblackwhite.jpg","type":"image\/jpeg"}],"twitter_card":"summary_large_image","twitter_misc":{"Pre\u021b":"670&nbsp;MDL","Disponibilitate":"\u00cen stoc"},"schema":{"@context":"https:\/\/schema.org","@graph":[{"@type":"WebPage","@id":"https:\/\/xstyle.md\/product\/velosipednyj-shlem-m-wave-mamba-green-black-white\/","url":"https:\/\/xstyle.md\/product\/velosipednyj-shlem-m-wave-mamba-green-black-white\/","name":"Casc\u0103 pentru ciclism M-Wave Mamba green\/black\/white - Magazin Xstyle","isPartOf":{"@id":"https:\/\/xstyle.md\/#website"},"primaryImageOfPage":{"@id":"https:\/\/xstyle.md\/product\/velosipednyj-shlem-m-wave-mamba-green-black-white\/#primaryimage"},"image":{"@id":"https:\/\/xstyle.md\/product\/velosipednyj-shlem-m-wave-mamba-green-black-white\/#primaryimage"},"thumbnailUrl":"https:\/\/xstyle.md\/wp-content\/uploads\/2020\/07\/ventura-mamba-greenblackwhite.jpg","datePublished":"2020-07-17T15:16:29+00:00","dateModified":"2026-03-19T13:37:25+00:00","description":"Cump\u0103ra\u021bi casca M-Wave Mamba \u00een culorile verde, negru \u0219i alb! Ventila\u021bie excelent\u0103 \u0219i protec\u021bie pentru capul dumneavoastr\u0103. Confort \u0219i stil pentru c\u0103l\u0103torii \u00een siguran\u021b\u0103!","breadcrumb":{"@id":"https:\/\/xstyle.md\/product\/velosipednyj-shlem-m-wave-mamba-green-black-white\/#breadcrumb"},"inLanguage":"ro-RO","potentialAction":[{"@type":"ReadAction","target":["https:\/\/xstyle.md\/product\/velosipednyj-shlem-m-wave-mamba-green-black-white\/"]}]},{"@type":"ImageObject","inLanguage":"ro-RO","@id":"https:\/\/xstyle.md\/product\/velosipednyj-shlem-m-wave-mamba-green-black-white\/#primaryimage","url":"https:\/\/xstyle.md\/wp-content\/uploads\/2020\/07\/ventura-mamba-greenblackwhite.jpg","contentUrl":"https:\/\/xstyle.md\/wp-content\/uploads\/2020\/07\/ventura-mamba-greenblackwhite.jpg","width":1500,"height":1500,"caption":"\u0428\u043b\u0435\u043c M-Wave Mamba \u0437\u0435\u043b\u0435\u043d\u044b\u0439 \u0447\u0435\u0440\u043d\u044b\u0439 \u0431\u0435\u043b\u044b\u0439 \u0434\u043b\u044f \u0430\u043a\u0442\u0438\u0432\u043d\u043e\u0433\u043e \u043e\u0442\u0434\u044b\u0445\u0430, \u0432\u0435\u043b\u043e\u0441\u043f\u043e\u0440\u0442\u0430, \u0442\u0443\u0440\u0438\u0437\u043c\u0430 \u0438 \u0430\u043b\u044c\u043f\u0438\u0439\u0441\u043a\u043e\u0433\u043e \u0441\u0430\u0444\u0430\u0440\u0438 \u0432 \u0438\u043d\u0442\u0435\u0440\u043d\u0435\u0442-\u043c\u0430\u0433\u0430\u0437\u0438\u043d\u0435 \u0434\u043b\u044f \u043b\u044e\u0431\u0438\u0442\u0435\u043b\u0435\u0439 \u0430\u043a\u0442\u0438\u0432\u043d\u043e\u0433\u043e \u043e\u0431\u0440\u0430\u0437\u0430 \u0436\u0438\u0437\u043d\u0438"},{"@type":"BreadcrumbList","@id":"https:\/\/xstyle.md\/product\/velosipednyj-shlem-m-wave-mamba-green-black-white\/#breadcrumb","itemListElement":[{"@type":"ListItem","position":1,"name":"\u0413\u043b\u0430\u0432\u043d\u0430\u044f \u0441\u0442\u0440\u0430\u043d\u0438\u0446\u0430","item":"https:\/\/xstyle.md\/"},{"@type":"ListItem","position":2,"name":"\u041c\u0430\u0433\u0430\u0437\u0438\u043d","item":"https:\/\/xstyle.md\/shop\/"},{"@type":"ListItem","position":3,"name":"\u0412\u0435\u043b\u043e\u0441\u0438\u043f\u0435\u0434\u043d\u044b\u0439 \u0448\u043b\u0435\u043c M-Wave Mamba green\/black\/white"}]},{"@type":"WebSite","@id":"https:\/\/xstyle.md\/#website","url":"https:\/\/xstyle.md\/","name":"Magazinul X-Style","description":"Echipamente pentru turism \u0219i sporturi extreme \u00een Moldova. Pre\u021buri, fotografii, caracteristici \u00een Moldova.","publisher":{"@id":"https:\/\/xstyle.md\/#organization"},"alternateName":"X-Style","potentialAction":[{"@type":"SearchAction","target":{"@type":"EntryPoint","urlTemplate":"https:\/\/xstyle.md\/?s={search_term_string}"},"query-input":{"@type":"PropertyValueSpecification","valueRequired":true,"valueName":"search_term_string"}}],"inLanguage":"ro-RO"},{"@type":"Organization","@id":"https:\/\/xstyle.md\/#organization","name":"Magazinul X-Style","alternateName":"x-style","url":"https:\/\/xstyle.md\/","logo":{"@type":"ImageObject","inLanguage":"ro-RO","@id":"https:\/\/xstyle.md\/#\/schema\/logo\/image\/","url":"https:\/\/xstyle.md\/wp-content\/uploads\/2020\/06\/logoicon.svg","contentUrl":"https:\/\/xstyle.md\/wp-content\/uploads\/2020\/06\/logoicon.svg","caption":"\u041c\u0430\u0433\u0430\u0437\u0438\u043d Xstyle"},"image":{"@id":"https:\/\/xstyle.md\/#\/schema\/logo\/image\/"},"sameAs":["https:\/\/www.facebook.com\/xstylemd","https:\/\/www.instagram.com\/xstyle_md\/","https:\/\/t.me\/xstyle_outdoor"],"hasMerchantReturnPolicy":{"@type":"MerchantReturnPolicy","merchantReturnLink":"https:\/\/xstyle.md\/ro\/conditions\/"}}]},"product_price_amount":"670.00","product_price_currency":"MDL","og_availability":"instock","product_availability":"instock","product_retailer_item_id":"4015493730217","product_condition":"new"},"post_mailing_queue_ids":[],"_links":{"self":[{"href":"https:\/\/xstyle.md\/ro\/wp-json\/wp\/v2\/product\/17751","targetHints":{"allow":["GET"]}}],"collection":[{"href":"https:\/\/xstyle.md\/ro\/wp-json\/wp\/v2\/product"}],"about":[{"href":"https:\/\/xstyle.md\/ro\/wp-json\/wp\/v2\/types\/product"}],"replies":[{"embeddable":true,"href":"https:\/\/xstyle.md\/ro\/wp-json\/wp\/v2\/comments?post=17751"}],"wp:featuredmedia":[{"embeddable":true,"href":"https:\/\/xstyle.md\/ro\/wp-json\/wp\/v2\/media\/48253"}],"wp:attachment":[{"href":"https:\/\/xstyle.md\/ro\/wp-json\/wp\/v2\/media?parent=17751"}],"wp:term":[{"taxonomy":"product_brand","embeddable":true,"href":"https:\/\/xstyle.md\/ro\/wp-json\/wp\/v2\/product_brand?post=17751"},{"taxonomy":"product_cat","embeddable":true,"href":"https:\/\/xstyle.md\/ro\/wp-json\/wp\/v2\/product_cat?post=17751"},{"taxonomy":"product_tag","embeddable":true,"href":"https:\/\/xstyle.md\/ro\/wp-json\/wp\/v2\/product_tag?post=17751"}],"curies":[{"name":"wp","href":"https:\/\/api.w.org\/{rel}","templated":true}]}}