{"id":17707,"date":"2020-07-17T18:12:22","date_gmt":"2020-07-17T15:12:22","guid":{"rendered":"https:\/\/xstyle.md\/product\/pojasnaja-sumka-lowe-alpine-fjell-4"},"modified":"2025-12-10T15:52:30","modified_gmt":"2025-12-10T12:52:30","slug":"pojasnaja-sumka-lowe-alpine-fjell-4","status":"publish","type":"product","link":"https:\/\/xstyle.md\/ro\/produs\/pojasnaja-sumka-lowe-alpine-fjell-4\/","title":{"rendered":"Borset\u0103 Lowe Alpine Fjell 4"},"content":{"rendered":"<\/p>\n<p><strong>Lowe Alpine Fjell 4<\/strong> &#8212; geant\u0103 de curea conceput\u0103 pentru plimb\u0103ri simple prin ora\u0219 \u0219i pentru mersul pe biciclet\u0103.<\/p>\n<p>Capacitatea de 4 litri este potrivit\u0103 pentru depozitarea unei gust\u0103ri mici, a unei jachete u\u0219oare sau a unui mackintosh. Geanta Fjell are curele de compresie care faciliteaz\u0103 ajustarea acesteia, astfel \u00eenc\u00e2t s\u0103 nu v\u0103 \u00eencurce atunci c\u00e2nd sunte\u021bi \u00een mi\u0219care. Elementele reflectorizante \u0219i accesoriile pentru lumina de biciclet\u0103 fac din geanta o alegere bun\u0103 pentru ciclism sau alergare pe timp de noapte.<\/p>\n<h3>Particularit\u0103\u021bi<\/h3>\n<ul>\n<li>Bulk mesh panoul din spate<\/li>\n<li>Curele laterale<\/li>\n<li>Bucla de lumin\u0103 pentru biciclete<\/li>\n<li>Elemente reflectorizante<\/li>\n<li>Buzunar intern<\/li>\n<li>Carabin\u0103 pentru chei<\/li>\n<\/ul>\n<h3>Caracteristici<\/h3>\n<ul>\n<li>Greutate &#8212; 200 g<\/li>\n<li>Volum &#8212; 4 l<\/li>\n<li>Material &#8212; 210D nailon 6 + nailon 6.6 ripstop<\/li>\n<li>Scop &#8212; ciclism, alergare<\/li>\n<li>Model &#8212; unisex<\/li>\n<\/ul>\n<h3>Marca<\/h3>\n<p>Lowe Alpine este un brand care produce echipamente pentru alpinism \u0219i activit\u0103\u021bi recreative \u00een aer liber, precum \u0219i \u00eembr\u0103c\u0103minte. Produsele companiei se caracterizeaz\u0103 prin confort \u0219i practicitate. Compania angajeaz\u0103 alpini\u0219ti \u0219i sportivi profesioni\u0219ti care \u00ee\u0219i aplic\u0103 cuno\u0219tin\u021bele \u00een practic\u0103. Ace\u0219tia \u00een\u021beleg mai bine dec\u00e2t oricine altcineva ce produse sunt necesare pentru a asigura confortul maxim al utilizatorului.<\/p>\n<p>Dorin\u021bele sportivilor profesioni\u0219ti \u0219i viziunea lor asupra produselor de calitate sunt luate \u00een considerare \u00een timpul dezvolt\u0103rii. Produsele sunt concepute pentru a fi utilizate \u00eentr-o varietate de condi\u021bii meteorologice, inclusiv \u00een condi\u021bii destul de severe.<\/p>\n<p>Produsele sunt conforme cu standardele interna\u021bionale de calitate. Acestea se caracterizeaz\u0103 prin fiabilitate \u0219i sunt capabile s\u0103 satisfac\u0103 cerin\u021bele celei mai exigente persoane. \u00cen procesul de fabrica\u021bie se folosesc tehnologii inovatoare \u0219i materiale moderne, se efectueaz\u0103 diverse cercet\u0103ri pentru a ob\u021bine cele mai bune rezultate. Marca \u00eentr-un timp scurt a reu\u0219it s\u0103 ob\u021bin\u0103 faima \u0219i recunoa\u0219terea mondial\u0103. Compania este cunoscut\u0103 ca un produc\u0103tor de produse de \u00eenalt\u0103 tehnologie.<\/p>\n<p><\/p>","protected":false},"excerpt":{"rendered":"<p>Borset\u0103 Lowe Alpine Fjell 4<\/p>","protected":false},"featured_media":77573,"comment_status":"open","ping_status":"closed","template":"","meta":{"_acf_changed":false,"inline_featured_image":false},"product_brand":[1295],"product_cat":[330],"product_tag":[],"class_list":{"0":"post-17707","1":"product","2":"type-product","3":"status-publish","4":"has-post-thumbnail","6":"product_brand-lowe-alpine","7":"product_cat-waist-packs","9":"first","10":"instock","11":"shipping-taxable","12":"purchasable","13":"product-type-simple"},"acf":[],"yoast_head":"<!-- This site is optimized with the Yoast SEO plugin v27.2 - https:\/\/yoast.com\/product\/yoast-seo-wordpress\/ -->\n<title>\u041f\u043e\u044f\u0441\u043d\u0430\u044f \u0441\u0443\u043c\u043a\u0430 Lowe Alpine Fjell 4 - \u041c\u0430\u0433\u0430\u0437\u0438\u043d Xstyle<\/title>\n<meta name=\"description\" content=\"\u041f\u043e\u044f\u0441\u043d\u0430\u044f \u0441\u0443\u043c\u043a\u0430 Lowe Alpine Fjell 4 \u2014 \u0438\u0434\u0435\u0430\u043b\u044c\u043d\u0430 \u0434\u043b\u044f \u043f\u0440\u043e\u0433\u0443\u043b\u043e\u043a \u0438 \u0432\u0435\u043b\u043e\u0441\u044a\u0435\u0437\u0434\u043e\u0432. \u0412\u043c\u0435\u0441\u0442\u0438\u043c\u043e\u0441\u0442\u044c 4 \u043b\u0438\u0442\u0440\u0430, \u043b\u0435\u0433\u043a\u0438\u0439 \u0434\u043e\u0441\u0442\u0443\u043f \u0438 \u043d\u0430\u0434\u0435\u0436\u043d\u044b\u0435 \u043c\u0430\u0442\u0435\u0440\u0438\u0430\u043b\u044b \u0434\u043b\u044f \u0430\u043a\u0442\u0438\u0432\u043d\u043e\u0433\u043e \u043e\u0442\u0434\u044b\u0445\u0430.\" \/>\n<meta name=\"robots\" content=\"index, follow, max-snippet:-1, max-image-preview:large, max-video-preview:-1\" \/>\n<link rel=\"canonical\" href=\"https:\/\/xstyle.md\/ro\/produs\/pojasnaja-sumka-lowe-alpine-fjell-4\/\" \/>\n<meta property=\"og:locale\" content=\"ro_RO\" \/>\n<meta property=\"og:type\" content=\"article\" \/>\n<meta property=\"og:title\" content=\"\u041f\u043e\u044f\u0441\u043d\u0430\u044f \u0441\u0443\u043c\u043a\u0430 Lowe Alpine Fjell 4 - \u041c\u0430\u0433\u0430\u0437\u0438\u043d Xstyle\" \/>\n<meta property=\"og:description\" content=\"\u041f\u043e\u044f\u0441\u043d\u0430\u044f \u0441\u0443\u043c\u043a\u0430 Lowe Alpine Fjell 4 \u2014 \u0438\u0434\u0435\u0430\u043b\u044c\u043d\u0430 \u0434\u043b\u044f \u043f\u0440\u043e\u0433\u0443\u043b\u043e\u043a \u0438 \u0432\u0435\u043b\u043e\u0441\u044a\u0435\u0437\u0434\u043e\u0432. \u0412\u043c\u0435\u0441\u0442\u0438\u043c\u043e\u0441\u0442\u044c 4 \u043b\u0438\u0442\u0440\u0430, \u043b\u0435\u0433\u043a\u0438\u0439 \u0434\u043e\u0441\u0442\u0443\u043f \u0438 \u043d\u0430\u0434\u0435\u0436\u043d\u044b\u0435 \u043c\u0430\u0442\u0435\u0440\u0438\u0430\u043b\u044b \u0434\u043b\u044f \u0430\u043a\u0442\u0438\u0432\u043d\u043e\u0433\u043e \u043e\u0442\u0434\u044b\u0445\u0430.\" \/>\n<meta property=\"og:url\" content=\"https:\/\/xstyle.md\/ro\/produs\/pojasnaja-sumka-lowe-alpine-fjell-4\/\" \/>\n<meta property=\"og:site_name\" content=\"\u041c\u0430\u0433\u0430\u0437\u0438\u043d Xstyle\" \/>\n<meta property=\"article:publisher\" content=\"https:\/\/www.facebook.com\/xstylemd\" \/>\n<meta property=\"article:modified_time\" content=\"2025-12-10T12:52:30+00:00\" \/>\n<meta property=\"og:image\" content=\"https:\/\/xstyle.md\/wp-content\/uploads\/2020\/07\/lowe-alpine-fjell-4-light-khaki.jpg\" \/>\n\t<meta property=\"og:image:width\" content=\"482\" \/>\n\t<meta property=\"og:image:height\" content=\"482\" \/>\n\t<meta property=\"og:image:type\" content=\"image\/jpeg\" \/>\n<meta name=\"twitter:card\" content=\"summary_large_image\" \/>\n<meta name=\"twitter:label1\" content=\"Pre\u021b\" \/>\n\t<meta name=\"twitter:data1\" content=\"695&nbsp;MDL\" \/>\n\t<meta name=\"twitter:label2\" content=\"Disponibilitate\" \/>\n\t<meta name=\"twitter:data2\" content=\"\u00cen stoc\" \/>\n<script type=\"application\/ld+json\" class=\"yoast-schema-graph\">{\"@context\":\"https:\/\/schema.org\",\"@graph\":[{\"@type\":\"WebPage\",\"@id\":\"https:\/\/xstyle.md\/product\/pojasnaja-sumka-lowe-alpine-fjell-4\/\",\"url\":\"https:\/\/xstyle.md\/product\/pojasnaja-sumka-lowe-alpine-fjell-4\/\",\"name\":\"\u041f\u043e\u044f\u0441\u043d\u0430\u044f \u0441\u0443\u043c\u043a\u0430 Lowe Alpine Fjell 4 - \u041c\u0430\u0433\u0430\u0437\u0438\u043d Xstyle\",\"isPartOf\":{\"@id\":\"https:\/\/xstyle.md\/#website\"},\"primaryImageOfPage\":{\"@id\":\"https:\/\/xstyle.md\/product\/pojasnaja-sumka-lowe-alpine-fjell-4\/#primaryimage\"},\"image\":{\"@id\":\"https:\/\/xstyle.md\/product\/pojasnaja-sumka-lowe-alpine-fjell-4\/#primaryimage\"},\"thumbnailUrl\":\"https:\/\/xstyle.md\/wp-content\/uploads\/2020\/07\/lowe-alpine-fjell-4-light-khaki.jpg\",\"datePublished\":\"2020-07-17T15:12:22+00:00\",\"dateModified\":\"2025-12-10T12:52:30+00:00\",\"description\":\"\u041f\u043e\u044f\u0441\u043d\u0430\u044f \u0441\u0443\u043c\u043a\u0430 Lowe Alpine Fjell 4 \u2014 \u0438\u0434\u0435\u0430\u043b\u044c\u043d\u0430 \u0434\u043b\u044f \u043f\u0440\u043e\u0433\u0443\u043b\u043e\u043a \u0438 \u0432\u0435\u043b\u043e\u0441\u044a\u0435\u0437\u0434\u043e\u0432. \u0412\u043c\u0435\u0441\u0442\u0438\u043c\u043e\u0441\u0442\u044c 4 \u043b\u0438\u0442\u0440\u0430, \u043b\u0435\u0433\u043a\u0438\u0439 \u0434\u043e\u0441\u0442\u0443\u043f \u0438 \u043d\u0430\u0434\u0435\u0436\u043d\u044b\u0435 \u043c\u0430\u0442\u0435\u0440\u0438\u0430\u043b\u044b \u0434\u043b\u044f \u0430\u043a\u0442\u0438\u0432\u043d\u043e\u0433\u043e \u043e\u0442\u0434\u044b\u0445\u0430.\",\"breadcrumb\":{\"@id\":\"https:\/\/xstyle.md\/product\/pojasnaja-sumka-lowe-alpine-fjell-4\/#breadcrumb\"},\"inLanguage\":\"ro-RO\",\"potentialAction\":[{\"@type\":\"ReadAction\",\"target\":[\"https:\/\/xstyle.md\/product\/pojasnaja-sumka-lowe-alpine-fjell-4\/\"]}]},{\"@type\":\"ImageObject\",\"inLanguage\":\"ro-RO\",\"@id\":\"https:\/\/xstyle.md\/product\/pojasnaja-sumka-lowe-alpine-fjell-4\/#primaryimage\",\"url\":\"https:\/\/xstyle.md\/wp-content\/uploads\/2020\/07\/lowe-alpine-fjell-4-light-khaki.jpg\",\"contentUrl\":\"https:\/\/xstyle.md\/wp-content\/uploads\/2020\/07\/lowe-alpine-fjell-4-light-khaki.jpg\",\"width\":482,\"height\":482,\"caption\":\"\u041f\u043e\u044f\u0441\u043d\u0430\u044f \u0441\u0443\u043c\u043a\u0430 Lowe Alpine Fjell 4 \u0434\u043b\u044f \u0430\u043a\u0442\u0438\u0432\u043d\u043e\u0433\u043e \u043e\u0442\u0434\u044b\u0445\u0430 \u0442\u0443\u0440\u0438\u0441\u0442\u0438\u0447\u0435\u0441\u043a\u0430\u044f \u0441\u043d\u0430\u0440\u044f\u0436\u0435\u043d\u0438\u0435 \u043f\u043e\u0445\u043e\u0434\u044b \u0438 \u043f\u0443\u0442\u0435\u0448\u0435\u0441\u0442\u0432\u0438\u044f \u0432 \u043c\u0430\u0433\u0430\u0437\u0438\u043d\u0435 \u0441\u043f\u043e\u0440\u0442\u0438\u0432\u043d\u043e\u0439 \u043e\u0434\u0435\u0436\u0434\u044b \u043e\u0431\u0443\u0432\u0438 \u0434\u043b\u044f \u0445\u0430\u0439\u043a\u0438\u043d\u0433\u0430 \u0430\u043b\u044c\u043f\u0438\u043d\u0438\u0437\u043c\u0430 \u0438 \u0430\u043a\u0442\u0438\u0432\u043d\u043e\u0439 \u0436\u0438\u0437\u043d\u0438\"},{\"@type\":\"BreadcrumbList\",\"@id\":\"https:\/\/xstyle.md\/product\/pojasnaja-sumka-lowe-alpine-fjell-4\/#breadcrumb\",\"itemListElement\":[{\"@type\":\"ListItem\",\"position\":1,\"name\":\"\u0413\u043b\u0430\u0432\u043d\u0430\u044f \u0441\u0442\u0440\u0430\u043d\u0438\u0446\u0430\",\"item\":\"https:\/\/xstyle.md\/\"},{\"@type\":\"ListItem\",\"position\":2,\"name\":\"\u041c\u0430\u0433\u0430\u0437\u0438\u043d\",\"item\":\"https:\/\/xstyle.md\/shop\/\"},{\"@type\":\"ListItem\",\"position\":3,\"name\":\"\u041f\u043e\u044f\u0441\u043d\u0430\u044f \u0441\u0443\u043c\u043a\u0430 Lowe Alpine Fjell 4\"}]},{\"@type\":\"WebSite\",\"@id\":\"https:\/\/xstyle.md\/#website\",\"url\":\"https:\/\/xstyle.md\/\",\"name\":\"\u041c\u0430\u0433\u0430\u0437\u0438\u043d Xstyle\",\"description\":\"C\u043d\u0430\u0440\u044f\u0436\u0435\u043d\u0438\u0435 \u0434\u043b\u044f \u0442\u0443\u0440\u0438\u0437\u043c\u0430 \u0438 \u044d\u043a\u0441\u0442\u0440\u0435\u043c\u0430\u043b\u044c\u043d\u044b\u0445 \u0432\u0438\u0434\u043e\u0432 \u0441\u043f\u043e\u0440\u0442\u0430 \u0432 \u041c\u043e\u043b\u0434\u043e\u0432\u0435.. \u0426\u0435\u043d\u044b, \u0444\u043e\u0442\u043e, \u0445\u0430\u0440\u0430\u043a\u0442\u0435\u0440\u0438\u0441\u0442\u0438\u043a\u0438 \u0432 \u041c\u043e\u043b\u0434\u043e\u0432\u0435.\",\"publisher\":{\"@id\":\"https:\/\/xstyle.md\/#organization\"},\"alternateName\":\"X-Style\",\"potentialAction\":[{\"@type\":\"SearchAction\",\"target\":{\"@type\":\"EntryPoint\",\"urlTemplate\":\"https:\/\/xstyle.md\/?s={search_term_string}\"},\"query-input\":{\"@type\":\"PropertyValueSpecification\",\"valueRequired\":true,\"valueName\":\"search_term_string\"}}],\"inLanguage\":\"ro-RO\"},{\"@type\":\"Organization\",\"@id\":\"https:\/\/xstyle.md\/#organization\",\"name\":\"\u041c\u0430\u0433\u0430\u0437\u0438\u043d Xstyle\",\"alternateName\":\"x-style\",\"url\":\"https:\/\/xstyle.md\/\",\"logo\":{\"@type\":\"ImageObject\",\"inLanguage\":\"ro-RO\",\"@id\":\"https:\/\/xstyle.md\/#\/schema\/logo\/image\/\",\"url\":\"https:\/\/xstyle.md\/wp-content\/uploads\/2020\/06\/logoicon.svg\",\"contentUrl\":\"https:\/\/xstyle.md\/wp-content\/uploads\/2020\/06\/logoicon.svg\",\"caption\":\"\u041c\u0430\u0433\u0430\u0437\u0438\u043d Xstyle\"},\"image\":{\"@id\":\"https:\/\/xstyle.md\/#\/schema\/logo\/image\/\"},\"sameAs\":[\"https:\/\/www.facebook.com\/xstylemd\",\"https:\/\/www.instagram.com\/xstyle_md\/\",\"https:\/\/t.me\/xstyle_outdoor\"],\"hasMerchantReturnPolicy\":{\"@type\":\"MerchantReturnPolicy\",\"merchantReturnLink\":\"https:\/\/xstyle.md\/ro\/conditions\/\"}}]}<\/script>\n<meta property=\"product:price:amount\" content=\"695.00\" \/>\n<meta property=\"product:price:currency\" content=\"MDL\" \/>\n<meta property=\"og:availability\" content=\"instock\" \/>\n<meta property=\"product:availability\" content=\"instock\" \/>\n<meta property=\"product:retailer_item_id\" content=\"821468855908\" \/>\n<meta property=\"product:condition\" content=\"new\" \/>\n<!-- \/ Yoast SEO plugin. -->","yoast_head_json":{"title":"Borset\u0103 Lowe Alpine Fjell 4 - Magazin Xstyle","description":"Buzunarul Lowe Alpine Fjell 4 - ideal pentru plimb\u0103ri \u0219i excursii cu bicicleta. Capacitate de 4 litri, acces u\u0219or \u0219i materiale fiabile pentru activit\u0103\u021bi \u00een aer liber.","robots":{"index":"index","follow":"follow","max-snippet":"max-snippet:-1","max-image-preview":"max-image-preview:large","max-video-preview":"max-video-preview:-1"},"canonical":"https:\/\/xstyle.md\/ro\/produs\/pojasnaja-sumka-lowe-alpine-fjell-4\/","og_locale":"ro_RO","og_type":"article","og_title":"\u041f\u043e\u044f\u0441\u043d\u0430\u044f \u0441\u0443\u043c\u043a\u0430 Lowe Alpine Fjell 4 - \u041c\u0430\u0433\u0430\u0437\u0438\u043d Xstyle","og_description":"\u041f\u043e\u044f\u0441\u043d\u0430\u044f \u0441\u0443\u043c\u043a\u0430 Lowe Alpine Fjell 4 \u2014 \u0438\u0434\u0435\u0430\u043b\u044c\u043d\u0430 \u0434\u043b\u044f \u043f\u0440\u043e\u0433\u0443\u043b\u043e\u043a \u0438 \u0432\u0435\u043b\u043e\u0441\u044a\u0435\u0437\u0434\u043e\u0432. \u0412\u043c\u0435\u0441\u0442\u0438\u043c\u043e\u0441\u0442\u044c 4 \u043b\u0438\u0442\u0440\u0430, \u043b\u0435\u0433\u043a\u0438\u0439 \u0434\u043e\u0441\u0442\u0443\u043f \u0438 \u043d\u0430\u0434\u0435\u0436\u043d\u044b\u0435 \u043c\u0430\u0442\u0435\u0440\u0438\u0430\u043b\u044b \u0434\u043b\u044f \u0430\u043a\u0442\u0438\u0432\u043d\u043e\u0433\u043e \u043e\u0442\u0434\u044b\u0445\u0430.","og_url":"https:\/\/xstyle.md\/ro\/produs\/pojasnaja-sumka-lowe-alpine-fjell-4\/","og_site_name":"\u041c\u0430\u0433\u0430\u0437\u0438\u043d Xstyle","article_publisher":"https:\/\/www.facebook.com\/xstylemd","article_modified_time":"2025-12-10T12:52:30+00:00","og_image":[{"width":482,"height":482,"url":"https:\/\/xstyle.md\/wp-content\/uploads\/2020\/07\/lowe-alpine-fjell-4-light-khaki.jpg","type":"image\/jpeg"}],"twitter_card":"summary_large_image","twitter_misc":{"Pre\u021b":"695&nbsp;MDL","Disponibilitate":"\u00cen stoc"},"schema":{"@context":"https:\/\/schema.org","@graph":[{"@type":"WebPage","@id":"https:\/\/xstyle.md\/product\/pojasnaja-sumka-lowe-alpine-fjell-4\/","url":"https:\/\/xstyle.md\/product\/pojasnaja-sumka-lowe-alpine-fjell-4\/","name":"Borset\u0103 Lowe Alpine Fjell 4 - Magazin Xstyle","isPartOf":{"@id":"https:\/\/xstyle.md\/#website"},"primaryImageOfPage":{"@id":"https:\/\/xstyle.md\/product\/pojasnaja-sumka-lowe-alpine-fjell-4\/#primaryimage"},"image":{"@id":"https:\/\/xstyle.md\/product\/pojasnaja-sumka-lowe-alpine-fjell-4\/#primaryimage"},"thumbnailUrl":"https:\/\/xstyle.md\/wp-content\/uploads\/2020\/07\/lowe-alpine-fjell-4-light-khaki.jpg","datePublished":"2020-07-17T15:12:22+00:00","dateModified":"2025-12-10T12:52:30+00:00","description":"Buzunarul Lowe Alpine Fjell 4 - ideal pentru plimb\u0103ri \u0219i excursii cu bicicleta. Capacitate de 4 litri, acces u\u0219or \u0219i materiale fiabile pentru activit\u0103\u021bi \u00een aer liber.","breadcrumb":{"@id":"https:\/\/xstyle.md\/product\/pojasnaja-sumka-lowe-alpine-fjell-4\/#breadcrumb"},"inLanguage":"ro-RO","potentialAction":[{"@type":"ReadAction","target":["https:\/\/xstyle.md\/product\/pojasnaja-sumka-lowe-alpine-fjell-4\/"]}]},{"@type":"ImageObject","inLanguage":"ro-RO","@id":"https:\/\/xstyle.md\/product\/pojasnaja-sumka-lowe-alpine-fjell-4\/#primaryimage","url":"https:\/\/xstyle.md\/wp-content\/uploads\/2020\/07\/lowe-alpine-fjell-4-light-khaki.jpg","contentUrl":"https:\/\/xstyle.md\/wp-content\/uploads\/2020\/07\/lowe-alpine-fjell-4-light-khaki.jpg","width":482,"height":482,"caption":"\u041f\u043e\u044f\u0441\u043d\u0430\u044f \u0441\u0443\u043c\u043a\u0430 Lowe Alpine Fjell 4 \u0434\u043b\u044f \u0430\u043a\u0442\u0438\u0432\u043d\u043e\u0433\u043e \u043e\u0442\u0434\u044b\u0445\u0430 \u0442\u0443\u0440\u0438\u0441\u0442\u0438\u0447\u0435\u0441\u043a\u0430\u044f \u0441\u043d\u0430\u0440\u044f\u0436\u0435\u043d\u0438\u0435 \u043f\u043e\u0445\u043e\u0434\u044b \u0438 \u043f\u0443\u0442\u0435\u0448\u0435\u0441\u0442\u0432\u0438\u044f \u0432 \u043c\u0430\u0433\u0430\u0437\u0438\u043d\u0435 \u0441\u043f\u043e\u0440\u0442\u0438\u0432\u043d\u043e\u0439 \u043e\u0434\u0435\u0436\u0434\u044b \u043e\u0431\u0443\u0432\u0438 \u0434\u043b\u044f \u0445\u0430\u0439\u043a\u0438\u043d\u0433\u0430 \u0430\u043b\u044c\u043f\u0438\u043d\u0438\u0437\u043c\u0430 \u0438 \u0430\u043a\u0442\u0438\u0432\u043d\u043e\u0439 \u0436\u0438\u0437\u043d\u0438"},{"@type":"BreadcrumbList","@id":"https:\/\/xstyle.md\/product\/pojasnaja-sumka-lowe-alpine-fjell-4\/#breadcrumb","itemListElement":[{"@type":"ListItem","position":1,"name":"\u0413\u043b\u0430\u0432\u043d\u0430\u044f \u0441\u0442\u0440\u0430\u043d\u0438\u0446\u0430","item":"https:\/\/xstyle.md\/"},{"@type":"ListItem","position":2,"name":"\u041c\u0430\u0433\u0430\u0437\u0438\u043d","item":"https:\/\/xstyle.md\/shop\/"},{"@type":"ListItem","position":3,"name":"\u041f\u043e\u044f\u0441\u043d\u0430\u044f \u0441\u0443\u043c\u043a\u0430 Lowe Alpine Fjell 4"}]},{"@type":"WebSite","@id":"https:\/\/xstyle.md\/#website","url":"https:\/\/xstyle.md\/","name":"Magazinul X-Style","description":"Echipamente pentru turism \u0219i sporturi extreme \u00een Moldova. Pre\u021buri, fotografii, caracteristici \u00een Moldova.","publisher":{"@id":"https:\/\/xstyle.md\/#organization"},"alternateName":"X-Style","potentialAction":[{"@type":"SearchAction","target":{"@type":"EntryPoint","urlTemplate":"https:\/\/xstyle.md\/?s={search_term_string}"},"query-input":{"@type":"PropertyValueSpecification","valueRequired":true,"valueName":"search_term_string"}}],"inLanguage":"ro-RO"},{"@type":"Organization","@id":"https:\/\/xstyle.md\/#organization","name":"Magazinul X-Style","alternateName":"x-style","url":"https:\/\/xstyle.md\/","logo":{"@type":"ImageObject","inLanguage":"ro-RO","@id":"https:\/\/xstyle.md\/#\/schema\/logo\/image\/","url":"https:\/\/xstyle.md\/wp-content\/uploads\/2020\/06\/logoicon.svg","contentUrl":"https:\/\/xstyle.md\/wp-content\/uploads\/2020\/06\/logoicon.svg","caption":"\u041c\u0430\u0433\u0430\u0437\u0438\u043d Xstyle"},"image":{"@id":"https:\/\/xstyle.md\/#\/schema\/logo\/image\/"},"sameAs":["https:\/\/www.facebook.com\/xstylemd","https:\/\/www.instagram.com\/xstyle_md\/","https:\/\/t.me\/xstyle_outdoor"],"hasMerchantReturnPolicy":{"@type":"MerchantReturnPolicy","merchantReturnLink":"https:\/\/xstyle.md\/ro\/conditions\/"}}]},"product_price_amount":"695.00","product_price_currency":"MDL","og_availability":"instock","product_availability":"instock","product_retailer_item_id":"821468855908","product_condition":"new"},"post_mailing_queue_ids":[],"_links":{"self":[{"href":"https:\/\/xstyle.md\/ro\/wp-json\/wp\/v2\/product\/17707","targetHints":{"allow":["GET"]}}],"collection":[{"href":"https:\/\/xstyle.md\/ro\/wp-json\/wp\/v2\/product"}],"about":[{"href":"https:\/\/xstyle.md\/ro\/wp-json\/wp\/v2\/types\/product"}],"replies":[{"embeddable":true,"href":"https:\/\/xstyle.md\/ro\/wp-json\/wp\/v2\/comments?post=17707"}],"wp:featuredmedia":[{"embeddable":true,"href":"https:\/\/xstyle.md\/ro\/wp-json\/wp\/v2\/media\/77573"}],"wp:attachment":[{"href":"https:\/\/xstyle.md\/ro\/wp-json\/wp\/v2\/media?parent=17707"}],"wp:term":[{"taxonomy":"product_brand","embeddable":true,"href":"https:\/\/xstyle.md\/ro\/wp-json\/wp\/v2\/product_brand?post=17707"},{"taxonomy":"product_cat","embeddable":true,"href":"https:\/\/xstyle.md\/ro\/wp-json\/wp\/v2\/product_cat?post=17707"},{"taxonomy":"product_tag","embeddable":true,"href":"https:\/\/xstyle.md\/ro\/wp-json\/wp\/v2\/product_tag?post=17707"}],"curies":[{"name":"wp","href":"https:\/\/api.w.org\/{rel}","templated":true}]}}