{"id":17701,"date":"2020-07-17T18:12:00","date_gmt":"2020-07-17T15:12:00","guid":{"rendered":"https:\/\/xstyle.md\/product\/kurtka-muzhskaja-black-diamond-m-stormline-stretch-rain-shell"},"modified":"2026-04-08T12:38:27","modified_gmt":"2026-04-08T09:38:27","slug":"black-diamond-mns-stormline-stretch-rain-shell","status":"publish","type":"product","link":"https:\/\/xstyle.md\/ro\/produs\/black-diamond-mns-stormline-stretch-rain-shell\/","title":{"rendered":"Geac\u0103 Black Diamond Stormline Stretch Rain Mns Shell"},"content":{"rendered":"<\/p>\n<p>Geac\u0103 pentru b\u0103rba\u021bi<strong> Black Diamond Stormline Stretch Rain Shell &#8212; <\/strong>conceput\u0103 pentru a proteja \u00eempotriva celor mai mari ploi, este o geac\u0103 de ploaie cu caracteristici complet func\u021bionale. Combin\u00e2nd propriet\u0103\u021bile impermeabile\/respirabile\/rezistente la v\u00e2nt ale BD.dry\u2122 cu o gam\u0103 complet\u0103 de caracteristici \u0219i elasticitate bun\u0103 a materialului, StormLine ofer\u0103 protec\u021bie fiabil\u0103 \u00een condi\u021bii meteorologice nefavorabile.<\/p>\n<p>StormLine Stretch Rain Shell poate face fa\u021b\u0103 chiar \u0219i furtunele de munte sau ploile din ora\u0219. Cu propriet\u0103\u021bi impermeabile\/respirabile\/rezistente la v\u00e2nt BD.dry\u2122 concepute pentru a v\u0103 proteja de toate condi\u021biile meteorologice, StormLine este o geac\u0103 de ploaie cu caracteristici complete func\u021bionale. Cu fermoare sigilate la subra\u021b DWR, dou\u0103 buzunare pentru m\u00e2ini cu fermoar \u0219i un fermoar central impermeabil \u00een fa\u021b\u0103, StormLine este perfect pentru cele mai umede condi\u021bii, dar se adapteaz\u0103 rapid \u0219i la vremea moderat\u0103. Inser\u021biile StormLine la subra\u021b \u0219i materialul ultra-stretch adaug\u0103 mobilitate \u0219i durabilitate, \u00een timp ce gluga compatibil\u0103 cu c\u0103\u0219tile este perfect\u0103 pentru drume\u021bii pe itinerare pe vreme nefavorabil\u0103. StormLine are, de asemenea, capacitatea de a regla \u021bivul \u0219i man\u0219etele pentru o potrivire personalizat\u0103, iar c\u00e2nd iese soarele, geaca se depoziteaz\u0103 \u00een propriul buzunar drept \u0219i se fixeaz\u0103 de o curea de siguran\u021b\u0103 sau o geant\u0103 cu o piuli\u021b\u0103 pentru carabin\u0103.<\/p>\n<h3>Particularit\u0103\u021bi<\/h3>\n<ul>\n<li>Rezistent la ap\u0103\/Respirabil\/Rezistent la v\u00e2nt BD.dry\u2122<\/li>\n<li>Materialul elastic care spore\u0219te durabilitatea \u0219i confortul<\/li>\n<li>Fermoare DWR sub bra\u021be pentru aerisire<\/li>\n<li>Inser\u021bii la subra\u021b pentru mobilitate sporit\u0103<\/li>\n<li>Glug\u0103 reglabil\u0103 compatibil\u0103 cu o casc\u0103<\/li>\n<li>Fermoar central frontal YKK cu acoperire poliuretanic\u0103 \u0219i reversibil<\/li>\n<li>Man\u0219ete \u0219i tiv reglabile<\/li>\n<\/ul>\n<h3>Caracteristici<\/h3>\n<ul>\n<li>Material \u2013 BD.dry\u2122 2.5L with DWR Finish: 100% Nylon<\/li>\n<li>Scop &#8212; trekking\/hiking\/alpinism<\/li>\n<li>Sezon &#8212; prim\u0103var\u0103\/var\u0103<\/li>\n<li>Model &#8212; pentru b\u0103rba\u021bi<\/li>\n<\/ul>\n<h3>Tehnologie<\/h3>\n<ul>\n<li><strong>BD.dry\u2122<\/strong>\u00a0&#8212; este un material rezistent la ap\u0103, respirabil \u0219i rezistent la v\u00e2nt.<\/li>\n<\/ul>\n<h3>Marca<\/h3>\n<p>Black Diamond &#8212; este un produc\u0103tor american de echipamente sportive \u0219i outdoor de \u00eenalt\u0103 tehnologie, un dezvoltator legendar \u0219i \u201erevolu\u021bionar\u201d, unul dintre cele mai cunoscute m\u0103rci care exist\u0103 ast\u0103zi pe pia\u021ba global\u0103 de outdoor. Produsele companiei sunt larg reprezentate \u00een domenii precum alpinism \u0219i schi. &#171;Fier&#187; \u0219i carabine, echipamente pentru ghea\u021b\u0103, sisteme de siguran\u021b\u0103, c\u0103\u0219ti, rucsacuri, corturi, felinare, st\u00e2lpi telescopici, schiuri, bocanci, \u00eembr\u0103c\u0103minte &#8212; toate acestea au fost produse pentru multe decenii sub sigla Black Diamond, care \u00eentruchipeaz\u0103 tehnologia avansat\u0103 \u0219i este un garant de cea mai \u00eenalt\u0103 calitate, fiabilitate maxim\u0103 \u0219i confort \u00een utilizare.<\/p>\n<p><\/p>","protected":false},"excerpt":{"rendered":"<p>Geac\u0103 Black Diamond Stormline Stretch Rain Mns Shell<\/p>","protected":false},"featured_media":17698,"comment_status":"open","ping_status":"closed","template":"","meta":{"_acf_changed":false,"inline_featured_image":false},"product_brand":[1306],"product_cat":[246],"product_tag":[],"class_list":{"0":"post-17701","1":"product","2":"type-product","3":"status-publish","4":"has-post-thumbnail","6":"product_brand-black-diamond","7":"product_cat-membrane-jackets-barbati","9":"first","10":"instock","11":"shipping-taxable","12":"purchasable","13":"product-type-simple"},"acf":[],"yoast_head":"<!-- This site is optimized with the Yoast SEO plugin v27.4 - https:\/\/yoast.com\/product\/yoast-seo-wordpress\/ -->\n<title>\u041a\u0443\u0440\u0442\u043a\u0430 Black Diamond Stormline Stretch Rain Mns shell - \u041c\u0430\u0433\u0430\u0437\u0438\u043d Xstyle<\/title>\n<meta name=\"description\" content=\"\u041a\u0443\u0440\u0442\u043a\u0430 Black Diamond Stormline Stretch Rain Mns \u043e\u0431\u0435\u0441\u043f\u0435\u0447\u0438\u0432\u0430\u0435\u0442 \u0437\u0430\u0449\u0438\u0442\u0443 \u043e\u0442 \u0434\u043e\u0436\u0434\u044f, \u043b\u0435\u0433\u043a\u043e \u0434\u044b\u0448\u0438\u0442 \u0438 \u043e\u0431\u043b\u0430\u0434\u0430\u0435\u0442 \u043d\u0430\u0434\u0435\u0436\u043d\u043e\u0439 \u0432\u043e\u0434\u043e\u043e\u0442\u0442\u0430\u043b\u043a\u0438\u0432\u0430\u044e\u0449\u0435\u0439 \u043f\u0440\u043e\u043f\u0438\u0442\u043a\u043e\u0439.\" \/>\n<meta name=\"robots\" content=\"index, follow, max-snippet:-1, max-image-preview:large, max-video-preview:-1\" \/>\n<link rel=\"canonical\" href=\"https:\/\/xstyle.md\/ro\/produs\/black-diamond-mns-stormline-stretch-rain-shell\/\" \/>\n<meta property=\"og:locale\" content=\"ro_RO\" \/>\n<meta property=\"og:type\" content=\"article\" \/>\n<meta property=\"og:title\" content=\"\u041a\u0443\u0440\u0442\u043a\u0430 Black Diamond Stormline Stretch Rain Mns shell - \u041c\u0430\u0433\u0430\u0437\u0438\u043d Xstyle\" \/>\n<meta property=\"og:description\" content=\"\u041a\u0443\u0440\u0442\u043a\u0430 Black Diamond Stormline Stretch Rain Mns \u043e\u0431\u0435\u0441\u043f\u0435\u0447\u0438\u0432\u0430\u0435\u0442 \u0437\u0430\u0449\u0438\u0442\u0443 \u043e\u0442 \u0434\u043e\u0436\u0434\u044f, \u043b\u0435\u0433\u043a\u043e \u0434\u044b\u0448\u0438\u0442 \u0438 \u043e\u0431\u043b\u0430\u0434\u0430\u0435\u0442 \u043d\u0430\u0434\u0435\u0436\u043d\u043e\u0439 \u0432\u043e\u0434\u043e\u043e\u0442\u0442\u0430\u043b\u043a\u0438\u0432\u0430\u044e\u0449\u0435\u0439 \u043f\u0440\u043e\u043f\u0438\u0442\u043a\u043e\u0439.\" \/>\n<meta property=\"og:url\" content=\"https:\/\/xstyle.md\/ro\/produs\/black-diamond-mns-stormline-stretch-rain-shell\/\" \/>\n<meta property=\"og:site_name\" content=\"\u041c\u0430\u0433\u0430\u0437\u0438\u043d Xstyle\" \/>\n<meta property=\"article:publisher\" content=\"https:\/\/www.facebook.com\/xstylemd\" \/>\n<meta property=\"article:modified_time\" content=\"2026-04-08T09:38:27+00:00\" \/>\n<meta property=\"og:image\" content=\"https:\/\/xstyle.md\/wp-content\/uploads\/2020\/07\/stormline_stretch_rain-3.jpg\" \/>\n\t<meta property=\"og:image:width\" content=\"1920\" \/>\n\t<meta property=\"og:image:height\" content=\"1728\" \/>\n\t<meta property=\"og:image:type\" content=\"image\/jpeg\" \/>\n<meta name=\"twitter:card\" content=\"summary_large_image\" \/>\n<meta name=\"twitter:label1\" content=\"Pre\u021b\" \/>\n\t<meta name=\"twitter:data1\" content=\"3.595&nbsp;MDL\" \/>\n\t<meta name=\"twitter:label2\" content=\"Disponibilitate\" \/>\n\t<meta name=\"twitter:data2\" content=\"\u00cen stoc\" \/>\n<script type=\"application\/ld+json\" class=\"yoast-schema-graph\">{\"@context\":\"https:\\\/\\\/schema.org\",\"@graph\":[{\"@type\":\"WebPage\",\"@id\":\"https:\\\/\\\/xstyle.md\\\/product\\\/black-diamond-mns-stormline-stretch-rain-shell\\\/\",\"url\":\"https:\\\/\\\/xstyle.md\\\/product\\\/black-diamond-mns-stormline-stretch-rain-shell\\\/\",\"name\":\"\u041a\u0443\u0440\u0442\u043a\u0430 Black Diamond Stormline Stretch Rain Mns shell - \u041c\u0430\u0433\u0430\u0437\u0438\u043d Xstyle\",\"isPartOf\":{\"@id\":\"https:\\\/\\\/xstyle.md\\\/#website\"},\"primaryImageOfPage\":{\"@id\":\"https:\\\/\\\/xstyle.md\\\/product\\\/black-diamond-mns-stormline-stretch-rain-shell\\\/#primaryimage\"},\"image\":{\"@id\":\"https:\\\/\\\/xstyle.md\\\/product\\\/black-diamond-mns-stormline-stretch-rain-shell\\\/#primaryimage\"},\"thumbnailUrl\":\"https:\\\/\\\/xstyle.md\\\/wp-content\\\/uploads\\\/2020\\\/07\\\/stormline_stretch_rain-3.jpg\",\"datePublished\":\"2020-07-17T15:12:00+00:00\",\"dateModified\":\"2026-04-08T09:38:27+00:00\",\"description\":\"\u041a\u0443\u0440\u0442\u043a\u0430 Black Diamond Stormline Stretch Rain Mns \u043e\u0431\u0435\u0441\u043f\u0435\u0447\u0438\u0432\u0430\u0435\u0442 \u0437\u0430\u0449\u0438\u0442\u0443 \u043e\u0442 \u0434\u043e\u0436\u0434\u044f, \u043b\u0435\u0433\u043a\u043e \u0434\u044b\u0448\u0438\u0442 \u0438 \u043e\u0431\u043b\u0430\u0434\u0430\u0435\u0442 \u043d\u0430\u0434\u0435\u0436\u043d\u043e\u0439 \u0432\u043e\u0434\u043e\u043e\u0442\u0442\u0430\u043b\u043a\u0438\u0432\u0430\u044e\u0449\u0435\u0439 \u043f\u0440\u043e\u043f\u0438\u0442\u043a\u043e\u0439.\",\"breadcrumb\":{\"@id\":\"https:\\\/\\\/xstyle.md\\\/product\\\/black-diamond-mns-stormline-stretch-rain-shell\\\/#breadcrumb\"},\"inLanguage\":\"ro-RO\",\"potentialAction\":[{\"@type\":\"ReadAction\",\"target\":[\"https:\\\/\\\/xstyle.md\\\/product\\\/black-diamond-mns-stormline-stretch-rain-shell\\\/\"]}]},{\"@type\":\"ImageObject\",\"inLanguage\":\"ro-RO\",\"@id\":\"https:\\\/\\\/xstyle.md\\\/product\\\/black-diamond-mns-stormline-stretch-rain-shell\\\/#primaryimage\",\"url\":\"https:\\\/\\\/xstyle.md\\\/wp-content\\\/uploads\\\/2020\\\/07\\\/stormline_stretch_rain-3.jpg\",\"contentUrl\":\"https:\\\/\\\/xstyle.md\\\/wp-content\\\/uploads\\\/2020\\\/07\\\/stormline_stretch_rain-3.jpg\",\"width\":1920,\"height\":1728},{\"@type\":\"BreadcrumbList\",\"@id\":\"https:\\\/\\\/xstyle.md\\\/product\\\/black-diamond-mns-stormline-stretch-rain-shell\\\/#breadcrumb\",\"itemListElement\":[{\"@type\":\"ListItem\",\"position\":1,\"name\":\"\u0413\u043b\u0430\u0432\u043d\u0430\u044f \u0441\u0442\u0440\u0430\u043d\u0438\u0446\u0430\",\"item\":\"https:\\\/\\\/xstyle.md\\\/\"},{\"@type\":\"ListItem\",\"position\":2,\"name\":\"\u041c\u0430\u0433\u0430\u0437\u0438\u043d\",\"item\":\"https:\\\/\\\/xstyle.md\\\/shop\\\/\"},{\"@type\":\"ListItem\",\"position\":3,\"name\":\"\u041a\u0443\u0440\u0442\u043a\u0430 Black Diamond Stormline Stretch Rain Mns shell\"}]},{\"@type\":\"WebSite\",\"@id\":\"https:\\\/\\\/xstyle.md\\\/#website\",\"url\":\"https:\\\/\\\/xstyle.md\\\/\",\"name\":\"\u041c\u0430\u0433\u0430\u0437\u0438\u043d Xstyle\",\"description\":\"C\u043d\u0430\u0440\u044f\u0436\u0435\u043d\u0438\u0435 \u0434\u043b\u044f \u0442\u0443\u0440\u0438\u0437\u043c\u0430 \u0438 \u044d\u043a\u0441\u0442\u0440\u0435\u043c\u0430\u043b\u044c\u043d\u044b\u0445 \u0432\u0438\u0434\u043e\u0432 \u0441\u043f\u043e\u0440\u0442\u0430 \u0432 \u041c\u043e\u043b\u0434\u043e\u0432\u0435.. \u0426\u0435\u043d\u044b, \u0444\u043e\u0442\u043e, \u0445\u0430\u0440\u0430\u043a\u0442\u0435\u0440\u0438\u0441\u0442\u0438\u043a\u0438 \u0432 \u041c\u043e\u043b\u0434\u043e\u0432\u0435.\",\"publisher\":{\"@id\":\"https:\\\/\\\/xstyle.md\\\/#organization\"},\"alternateName\":\"X-Style\",\"potentialAction\":[{\"@type\":\"SearchAction\",\"target\":{\"@type\":\"EntryPoint\",\"urlTemplate\":\"https:\\\/\\\/xstyle.md\\\/?s={search_term_string}\"},\"query-input\":{\"@type\":\"PropertyValueSpecification\",\"valueRequired\":true,\"valueName\":\"search_term_string\"}}],\"inLanguage\":\"ro-RO\"},{\"@type\":\"Organization\",\"@id\":\"https:\\\/\\\/xstyle.md\\\/#organization\",\"name\":\"\u041c\u0430\u0433\u0430\u0437\u0438\u043d Xstyle\",\"alternateName\":\"x-style\",\"url\":\"https:\\\/\\\/xstyle.md\\\/\",\"logo\":{\"@type\":\"ImageObject\",\"inLanguage\":\"ro-RO\",\"@id\":\"https:\\\/\\\/xstyle.md\\\/#\\\/schema\\\/logo\\\/image\\\/\",\"url\":\"https:\\\/\\\/xstyle.md\\\/wp-content\\\/uploads\\\/2020\\\/06\\\/logoicon.svg\",\"contentUrl\":\"https:\\\/\\\/xstyle.md\\\/wp-content\\\/uploads\\\/2020\\\/06\\\/logoicon.svg\",\"caption\":\"\u041c\u0430\u0433\u0430\u0437\u0438\u043d Xstyle\"},\"image\":{\"@id\":\"https:\\\/\\\/xstyle.md\\\/#\\\/schema\\\/logo\\\/image\\\/\"},\"sameAs\":[\"https:\\\/\\\/www.facebook.com\\\/xstylemd\",\"https:\\\/\\\/www.instagram.com\\\/xstyle_md\\\/\",\"https:\\\/\\\/t.me\\\/xstyle_outdoor\"],\"hasMerchantReturnPolicy\":{\"@type\":\"MerchantReturnPolicy\",\"merchantReturnLink\":\"https:\\\/\\\/xstyle.md\\\/ro\\\/conditions\\\/\"}}]}<\/script>\n<meta property=\"product:price:amount\" content=\"3595.00\" \/>\n<meta property=\"product:price:currency\" content=\"MDL\" \/>\n<meta property=\"og:availability\" content=\"instock\" \/>\n<meta property=\"product:availability\" content=\"instock\" \/>\n<meta property=\"product:retailer_item_id\" content=\"793661353829\" \/>\n<meta property=\"product:condition\" content=\"new\" \/>\n<!-- \/ Yoast SEO plugin. -->","yoast_head_json":{"title":"Geac\u0103 Black Diamond Stormline Stretch Rain Mns Shell - Magazin Xstyle","description":"Jacheta Black Diamond Stormline Stretch Rain Mns ofer\u0103 protec\u021bie \u00eempotriva ploii, respir\u0103 u\u0219or \u0219i are un tratament rezistent la ap\u0103 de \u00eencredere.","robots":{"index":"index","follow":"follow","max-snippet":"max-snippet:-1","max-image-preview":"max-image-preview:large","max-video-preview":"max-video-preview:-1"},"canonical":"https:\/\/xstyle.md\/ro\/produs\/black-diamond-mns-stormline-stretch-rain-shell\/","og_locale":"ro_RO","og_type":"article","og_title":"\u041a\u0443\u0440\u0442\u043a\u0430 Black Diamond Stormline Stretch Rain Mns shell - \u041c\u0430\u0433\u0430\u0437\u0438\u043d Xstyle","og_description":"\u041a\u0443\u0440\u0442\u043a\u0430 Black Diamond Stormline Stretch Rain Mns \u043e\u0431\u0435\u0441\u043f\u0435\u0447\u0438\u0432\u0430\u0435\u0442 \u0437\u0430\u0449\u0438\u0442\u0443 \u043e\u0442 \u0434\u043e\u0436\u0434\u044f, \u043b\u0435\u0433\u043a\u043e \u0434\u044b\u0448\u0438\u0442 \u0438 \u043e\u0431\u043b\u0430\u0434\u0430\u0435\u0442 \u043d\u0430\u0434\u0435\u0436\u043d\u043e\u0439 \u0432\u043e\u0434\u043e\u043e\u0442\u0442\u0430\u043b\u043a\u0438\u0432\u0430\u044e\u0449\u0435\u0439 \u043f\u0440\u043e\u043f\u0438\u0442\u043a\u043e\u0439.","og_url":"https:\/\/xstyle.md\/ro\/produs\/black-diamond-mns-stormline-stretch-rain-shell\/","og_site_name":"\u041c\u0430\u0433\u0430\u0437\u0438\u043d Xstyle","article_publisher":"https:\/\/www.facebook.com\/xstylemd","article_modified_time":"2026-04-08T09:38:27+00:00","og_image":[{"width":1920,"height":1728,"url":"https:\/\/xstyle.md\/wp-content\/uploads\/2020\/07\/stormline_stretch_rain-3.jpg","type":"image\/jpeg"}],"twitter_card":"summary_large_image","twitter_misc":{"Pre\u021b":"3.595&nbsp;MDL","Disponibilitate":"\u00cen stoc"},"schema":{"@context":"https:\/\/schema.org","@graph":[{"@type":"WebPage","@id":"https:\/\/xstyle.md\/product\/black-diamond-mns-stormline-stretch-rain-shell\/","url":"https:\/\/xstyle.md\/product\/black-diamond-mns-stormline-stretch-rain-shell\/","name":"Geac\u0103 Black Diamond Stormline Stretch Rain Mns Shell - Magazin Xstyle","isPartOf":{"@id":"https:\/\/xstyle.md\/#website"},"primaryImageOfPage":{"@id":"https:\/\/xstyle.md\/product\/black-diamond-mns-stormline-stretch-rain-shell\/#primaryimage"},"image":{"@id":"https:\/\/xstyle.md\/product\/black-diamond-mns-stormline-stretch-rain-shell\/#primaryimage"},"thumbnailUrl":"https:\/\/xstyle.md\/wp-content\/uploads\/2020\/07\/stormline_stretch_rain-3.jpg","datePublished":"2020-07-17T15:12:00+00:00","dateModified":"2026-04-08T09:38:27+00:00","description":"Jacheta Black Diamond Stormline Stretch Rain Mns ofer\u0103 protec\u021bie \u00eempotriva ploii, respir\u0103 u\u0219or \u0219i are un tratament rezistent la ap\u0103 de \u00eencredere.","breadcrumb":{"@id":"https:\/\/xstyle.md\/product\/black-diamond-mns-stormline-stretch-rain-shell\/#breadcrumb"},"inLanguage":"ro-RO","potentialAction":[{"@type":"ReadAction","target":["https:\/\/xstyle.md\/product\/black-diamond-mns-stormline-stretch-rain-shell\/"]}]},{"@type":"ImageObject","inLanguage":"ro-RO","@id":"https:\/\/xstyle.md\/product\/black-diamond-mns-stormline-stretch-rain-shell\/#primaryimage","url":"https:\/\/xstyle.md\/wp-content\/uploads\/2020\/07\/stormline_stretch_rain-3.jpg","contentUrl":"https:\/\/xstyle.md\/wp-content\/uploads\/2020\/07\/stormline_stretch_rain-3.jpg","width":1920,"height":1728},{"@type":"BreadcrumbList","@id":"https:\/\/xstyle.md\/product\/black-diamond-mns-stormline-stretch-rain-shell\/#breadcrumb","itemListElement":[{"@type":"ListItem","position":1,"name":"\u0413\u043b\u0430\u0432\u043d\u0430\u044f \u0441\u0442\u0440\u0430\u043d\u0438\u0446\u0430","item":"https:\/\/xstyle.md\/"},{"@type":"ListItem","position":2,"name":"\u041c\u0430\u0433\u0430\u0437\u0438\u043d","item":"https:\/\/xstyle.md\/shop\/"},{"@type":"ListItem","position":3,"name":"\u041a\u0443\u0440\u0442\u043a\u0430 Black Diamond Stormline Stretch Rain Mns shell"}]},{"@type":"WebSite","@id":"https:\/\/xstyle.md\/#website","url":"https:\/\/xstyle.md\/","name":"Magazinul X-Style","description":"Echipamente pentru turism \u0219i sporturi extreme \u00een Moldova. Pre\u021buri, fotografii, caracteristici \u00een Moldova.","publisher":{"@id":"https:\/\/xstyle.md\/#organization"},"alternateName":"X-Style","potentialAction":[{"@type":"SearchAction","target":{"@type":"EntryPoint","urlTemplate":"https:\/\/xstyle.md\/?s={search_term_string}"},"query-input":{"@type":"PropertyValueSpecification","valueRequired":true,"valueName":"search_term_string"}}],"inLanguage":"ro-RO"},{"@type":"Organization","@id":"https:\/\/xstyle.md\/#organization","name":"Magazinul X-Style","alternateName":"x-style","url":"https:\/\/xstyle.md\/","logo":{"@type":"ImageObject","inLanguage":"ro-RO","@id":"https:\/\/xstyle.md\/#\/schema\/logo\/image\/","url":"https:\/\/xstyle.md\/wp-content\/uploads\/2020\/06\/logoicon.svg","contentUrl":"https:\/\/xstyle.md\/wp-content\/uploads\/2020\/06\/logoicon.svg","caption":"\u041c\u0430\u0433\u0430\u0437\u0438\u043d Xstyle"},"image":{"@id":"https:\/\/xstyle.md\/#\/schema\/logo\/image\/"},"sameAs":["https:\/\/www.facebook.com\/xstylemd","https:\/\/www.instagram.com\/xstyle_md\/","https:\/\/t.me\/xstyle_outdoor"],"hasMerchantReturnPolicy":{"@type":"MerchantReturnPolicy","merchantReturnLink":"https:\/\/xstyle.md\/ro\/conditions\/"}}]},"product_price_amount":"3595.00","product_price_currency":"MDL","og_availability":"instock","product_availability":"instock","product_retailer_item_id":"793661353829","product_condition":"new"},"_links":{"self":[{"href":"https:\/\/xstyle.md\/ro\/wp-json\/wp\/v2\/product\/17701","targetHints":{"allow":["GET"]}}],"collection":[{"href":"https:\/\/xstyle.md\/ro\/wp-json\/wp\/v2\/product"}],"about":[{"href":"https:\/\/xstyle.md\/ro\/wp-json\/wp\/v2\/types\/product"}],"replies":[{"embeddable":true,"href":"https:\/\/xstyle.md\/ro\/wp-json\/wp\/v2\/comments?post=17701"}],"wp:featuredmedia":[{"embeddable":true,"href":"https:\/\/xstyle.md\/ro\/wp-json\/wp\/v2\/media\/17698"}],"wp:attachment":[{"href":"https:\/\/xstyle.md\/ro\/wp-json\/wp\/v2\/media?parent=17701"}],"wp:term":[{"taxonomy":"product_brand","embeddable":true,"href":"https:\/\/xstyle.md\/ro\/wp-json\/wp\/v2\/product_brand?post=17701"},{"taxonomy":"product_cat","embeddable":true,"href":"https:\/\/xstyle.md\/ro\/wp-json\/wp\/v2\/product_cat?post=17701"},{"taxonomy":"product_tag","embeddable":true,"href":"https:\/\/xstyle.md\/ro\/wp-json\/wp\/v2\/product_tag?post=17701"}],"curies":[{"name":"wp","href":"https:\/\/api.w.org\/{rel}","templated":true}]}}