{"id":17639,"date":"2020-07-17T18:07:25","date_gmt":"2020-07-17T15:07:25","guid":{"rendered":"https:\/\/xstyle.md\/?post_type=product&#038;p=17639"},"modified":"2025-05-13T18:17:27","modified_gmt":"2025-05-13T15:17:27","slug":"kaska-black-diamond-half-dome-women-aluminium","status":"publish","type":"product","link":"https:\/\/xstyle.md\/ro\/produs\/kaska-black-diamond-half-dome-women-aluminium\/","title":{"rendered":"Casc\u0103 Black Diamond Half Dome Women Aluminium"},"content":{"rendered":"<\/p>\n<p><strong>Casc\u0103 Black Diamond Half Dome Women Aluminium\u00a0&#8212;\u00a0<\/strong>casc\u0103 u\u0219oar\u0103 pentru femei, cu fixare pentru lanterna frontal\u0103 \u0219i cu o ajustare rapid\u0103. Ia \u00een considerare caracteristicile capului feminin \u0219i este destinat\u0103 utiliz\u0103rii zilnice pe termen lung \u00een escalad\u0103, alpinism sportiv, alpinism industrial \u0219i speologie.<\/p>\n<h3>Particularit\u0103\u021bi<\/h3>\n<ul>\n<li>Partea exterioar\u0103 a c\u0103\u0219tii din policarbonat rezistent la zg\u00e2rieturi, u\u0219oar\u0103 \u0219i durabil\u0103, rezistent\u0103 la zg\u00e2rieturi<\/li>\n<li>Interior moale din spum\u0103 de polistiren &#8212; casca se potrive\u0219te confortabil pe cap<\/li>\n<li>Designul p\u0103r\u021bii interioare a c\u0103\u0219tii a fost dezvoltat pentru a se potrivi capului feminin, inclusiv p\u0103rului str\u00e2ns \u00een &#171;coad\u0103 de cal&#187;.<\/li>\n<li>Reglarea u\u0219oar\u0103 a m\u0103rimii cu o singur\u0103 m\u00e2n\u0103<\/li>\n<li>Ventila\u021bie inteligent\u0103<\/li>\n<li>Patru cleme pentru lanternele frontale<\/li>\n<li>Cureaua sub\u021bire pentru b\u0103rbie nu interfereaz\u0103 cu mi\u0219c\u0103rile capului<\/li>\n<li>Toate materialele c\u0103\u0219tii nu absorb apa \u0219i se spal\u0103 bine<\/li>\n<\/ul>\n<h3>Caracteristici<\/h3>\n<ul>\n<li>Materiale &#8212; spum\u0103 EPS, carcas\u0103 din policarbonat dur<\/li>\n<li>Dimensiunea S\/M &#8212; 50-58cm (circumferin\u021ba capului), 330g (greutate)<\/li>\n<\/ul>\n<h3>Marca<\/h3>\n<p>Compania american\u0103 Black Diamond este creat\u0103 de legenda alpinismului Yvon Chouinard. \u00cencep\u00e2nd cu fabricarea de c\u00e2rlige de st\u00e2nc\u0103 pentru propriile nevoi \u00een forja sa improvizat\u0103, acesta a creat un \u00eentreg imperiu \u00een lumea activit\u0103\u021bilor \u00een aer liber &#8212; Chouinard Equipment, Patagonia, Black Diamond. Ast\u0103zi, Black Diamond este unul dintre cei mai importan\u021bi produc\u0103tori de echipamente pentru freeride, schi de tur\u0103, alpinism \u0219i alte sporturi montane, cu o serie de tehnologii \u0219i premii unice. Recent, linia de \u00eembr\u0103c\u0103minte Black Diamond a fost ad\u0103ugat\u0103 la gam\u0103.<\/p>\n<p><\/p>","protected":false},"excerpt":{"rendered":"<p>Casc\u0103 Black Diamond Half Dome Women Aluminium<\/p>","protected":false},"featured_media":17638,"comment_status":"open","ping_status":"closed","template":"","meta":{"_acf_changed":false,"inline_featured_image":false},"product_brand":[1306],"product_cat":[105,106],"product_tag":[],"class_list":{"0":"post-17639","1":"product","2":"type-product","3":"status-publish","4":"has-post-thumbnail","6":"product_brand-black-diamond","7":"product_cat-alp-helmets","8":"product_cat-ra-helmets","10":"first","11":"outofstock","12":"shipping-taxable","13":"product-type-simple"},"acf":[],"yoast_head":"<!-- This site is optimized with the Yoast SEO plugin v27.2 - https:\/\/yoast.com\/product\/yoast-seo-wordpress\/ -->\n<title>\u041a\u0430\u0441\u043a\u0430 Black Diamond Half Dome Women Aluminium - \u041c\u0430\u0433\u0430\u0437\u0438\u043d Xstyle<\/title>\n<meta name=\"description\" content=\"\u041b\u0435\u0433\u043a\u0430\u044f \u043a\u0430\u0441\u043a\u0430 Black Diamond Half Dome Women \u0438\u0437 \u0430\u043b\u044e\u043c\u0438\u043d\u0438\u044f \u0441 \u0431\u044b\u0441\u0442\u0440\u043e\u0439 \u0440\u0435\u0433\u0443\u043b\u0438\u0440\u043e\u0432\u043a\u043e\u0439 \u0438 \u043a\u0440\u043e\u043d\u0448\u0442\u0435\u0439\u043d\u043e\u043c \u0434\u043b\u044f \u0444\u043e\u043d\u0430\u0440\u044f. \u0418\u0434\u0435\u0430\u043b\u044c\u043d\u0430 \u0434\u043b\u044f \u0430\u043b\u044c\u043f\u0438\u043d\u0438\u0437\u043c\u0430 \u0438 \u0435\u0436\u0435\u0434\u043d\u0435\u0432\u043d\u043e\u0433\u043e \u0438\u0441\u043f\u043e\u043b\u044c\u0437\u043e\u0432\u0430\u043d\u0438\u044f.\" \/>\n<meta name=\"robots\" content=\"index, follow, max-snippet:-1, max-image-preview:large, max-video-preview:-1\" \/>\n<link rel=\"canonical\" href=\"https:\/\/xstyle.md\/ro\/produs\/kaska-black-diamond-half-dome-women-aluminium\/\" \/>\n<meta property=\"og:locale\" content=\"ro_RO\" \/>\n<meta property=\"og:type\" content=\"article\" \/>\n<meta property=\"og:title\" content=\"\u041a\u0430\u0441\u043a\u0430 Black Diamond Half Dome Women Aluminium - \u041c\u0430\u0433\u0430\u0437\u0438\u043d Xstyle\" \/>\n<meta property=\"og:description\" content=\"\u041b\u0435\u0433\u043a\u0430\u044f \u043a\u0430\u0441\u043a\u0430 Black Diamond Half Dome Women \u0438\u0437 \u0430\u043b\u044e\u043c\u0438\u043d\u0438\u044f \u0441 \u0431\u044b\u0441\u0442\u0440\u043e\u0439 \u0440\u0435\u0433\u0443\u043b\u0438\u0440\u043e\u0432\u043a\u043e\u0439 \u0438 \u043a\u0440\u043e\u043d\u0448\u0442\u0435\u0439\u043d\u043e\u043c \u0434\u043b\u044f \u0444\u043e\u043d\u0430\u0440\u044f. \u0418\u0434\u0435\u0430\u043b\u044c\u043d\u0430 \u0434\u043b\u044f \u0430\u043b\u044c\u043f\u0438\u043d\u0438\u0437\u043c\u0430 \u0438 \u0435\u0436\u0435\u0434\u043d\u0435\u0432\u043d\u043e\u0433\u043e \u0438\u0441\u043f\u043e\u043b\u044c\u0437\u043e\u0432\u0430\u043d\u0438\u044f.\" \/>\n<meta property=\"og:url\" content=\"https:\/\/xstyle.md\/ro\/produs\/kaska-black-diamond-half-dome-women-aluminium\/\" \/>\n<meta property=\"og:site_name\" content=\"\u041c\u0430\u0433\u0430\u0437\u0438\u043d Xstyle\" \/>\n<meta property=\"article:publisher\" content=\"https:\/\/www.facebook.com\/xstylemd\" \/>\n<meta property=\"article:modified_time\" content=\"2025-05-13T15:17:27+00:00\" \/>\n<meta property=\"og:image\" content=\"https:\/\/xstyle.md\/wp-content\/uploads\/2020\/07\/620208_alum_aluminum_halfdome-womens.jpg\" \/>\n\t<meta property=\"og:image:width\" content=\"1391\" \/>\n\t<meta property=\"og:image:height\" content=\"1682\" \/>\n\t<meta property=\"og:image:type\" content=\"image\/jpeg\" \/>\n<meta name=\"twitter:card\" content=\"summary_large_image\" \/>\n<meta name=\"twitter:label1\" content=\"Pre\u021b\" \/>\n\t<meta name=\"twitter:data1\" content=\"1.350&nbsp;MDL\" \/>\n\t<meta name=\"twitter:label2\" content=\"Disponibilitate\" \/>\n\t<meta name=\"twitter:data2\" content=\"Stoc epuizat\" \/>\n<script type=\"application\/ld+json\" class=\"yoast-schema-graph\">{\"@context\":\"https:\/\/schema.org\",\"@graph\":[{\"@type\":\"WebPage\",\"@id\":\"https:\/\/xstyle.md\/product\/kaska-black-diamond-half-dome-women-aluminium\/\",\"url\":\"https:\/\/xstyle.md\/product\/kaska-black-diamond-half-dome-women-aluminium\/\",\"name\":\"\u041a\u0430\u0441\u043a\u0430 Black Diamond Half Dome Women Aluminium - \u041c\u0430\u0433\u0430\u0437\u0438\u043d Xstyle\",\"isPartOf\":{\"@id\":\"https:\/\/xstyle.md\/#website\"},\"primaryImageOfPage\":{\"@id\":\"https:\/\/xstyle.md\/product\/kaska-black-diamond-half-dome-women-aluminium\/#primaryimage\"},\"image\":{\"@id\":\"https:\/\/xstyle.md\/product\/kaska-black-diamond-half-dome-women-aluminium\/#primaryimage\"},\"thumbnailUrl\":\"https:\/\/xstyle.md\/wp-content\/uploads\/2020\/07\/620208_alum_aluminum_halfdome-womens.jpg\",\"datePublished\":\"2020-07-17T15:07:25+00:00\",\"dateModified\":\"2025-05-13T15:17:27+00:00\",\"description\":\"\u041b\u0435\u0433\u043a\u0430\u044f \u043a\u0430\u0441\u043a\u0430 Black Diamond Half Dome Women \u0438\u0437 \u0430\u043b\u044e\u043c\u0438\u043d\u0438\u044f \u0441 \u0431\u044b\u0441\u0442\u0440\u043e\u0439 \u0440\u0435\u0433\u0443\u043b\u0438\u0440\u043e\u0432\u043a\u043e\u0439 \u0438 \u043a\u0440\u043e\u043d\u0448\u0442\u0435\u0439\u043d\u043e\u043c \u0434\u043b\u044f \u0444\u043e\u043d\u0430\u0440\u044f. \u0418\u0434\u0435\u0430\u043b\u044c\u043d\u0430 \u0434\u043b\u044f \u0430\u043b\u044c\u043f\u0438\u043d\u0438\u0437\u043c\u0430 \u0438 \u0435\u0436\u0435\u0434\u043d\u0435\u0432\u043d\u043e\u0433\u043e \u0438\u0441\u043f\u043e\u043b\u044c\u0437\u043e\u0432\u0430\u043d\u0438\u044f.\",\"breadcrumb\":{\"@id\":\"https:\/\/xstyle.md\/product\/kaska-black-diamond-half-dome-women-aluminium\/#breadcrumb\"},\"inLanguage\":\"ro-RO\",\"potentialAction\":[{\"@type\":\"ReadAction\",\"target\":[\"https:\/\/xstyle.md\/product\/kaska-black-diamond-half-dome-women-aluminium\/\"]}]},{\"@type\":\"ImageObject\",\"inLanguage\":\"ro-RO\",\"@id\":\"https:\/\/xstyle.md\/product\/kaska-black-diamond-half-dome-women-aluminium\/#primaryimage\",\"url\":\"https:\/\/xstyle.md\/wp-content\/uploads\/2020\/07\/620208_alum_aluminum_halfdome-womens.jpg\",\"contentUrl\":\"https:\/\/xstyle.md\/wp-content\/uploads\/2020\/07\/620208_alum_aluminum_halfdome-womens.jpg\",\"width\":1391,\"height\":1682},{\"@type\":\"BreadcrumbList\",\"@id\":\"https:\/\/xstyle.md\/product\/kaska-black-diamond-half-dome-women-aluminium\/#breadcrumb\",\"itemListElement\":[{\"@type\":\"ListItem\",\"position\":1,\"name\":\"\u0413\u043b\u0430\u0432\u043d\u0430\u044f \u0441\u0442\u0440\u0430\u043d\u0438\u0446\u0430\",\"item\":\"https:\/\/xstyle.md\/\"},{\"@type\":\"ListItem\",\"position\":2,\"name\":\"\u041c\u0430\u0433\u0430\u0437\u0438\u043d\",\"item\":\"https:\/\/xstyle.md\/shop\/\"},{\"@type\":\"ListItem\",\"position\":3,\"name\":\"\u041a\u0430\u0441\u043a\u0430 Black Diamond Half Dome Women Aluminium\"}]},{\"@type\":\"WebSite\",\"@id\":\"https:\/\/xstyle.md\/#website\",\"url\":\"https:\/\/xstyle.md\/\",\"name\":\"\u041c\u0430\u0433\u0430\u0437\u0438\u043d Xstyle\",\"description\":\"C\u043d\u0430\u0440\u044f\u0436\u0435\u043d\u0438\u0435 \u0434\u043b\u044f \u0442\u0443\u0440\u0438\u0437\u043c\u0430 \u0438 \u044d\u043a\u0441\u0442\u0440\u0435\u043c\u0430\u043b\u044c\u043d\u044b\u0445 \u0432\u0438\u0434\u043e\u0432 \u0441\u043f\u043e\u0440\u0442\u0430 \u0432 \u041c\u043e\u043b\u0434\u043e\u0432\u0435.. \u0426\u0435\u043d\u044b, \u0444\u043e\u0442\u043e, \u0445\u0430\u0440\u0430\u043a\u0442\u0435\u0440\u0438\u0441\u0442\u0438\u043a\u0438 \u0432 \u041c\u043e\u043b\u0434\u043e\u0432\u0435.\",\"publisher\":{\"@id\":\"https:\/\/xstyle.md\/#organization\"},\"alternateName\":\"X-Style\",\"potentialAction\":[{\"@type\":\"SearchAction\",\"target\":{\"@type\":\"EntryPoint\",\"urlTemplate\":\"https:\/\/xstyle.md\/?s={search_term_string}\"},\"query-input\":{\"@type\":\"PropertyValueSpecification\",\"valueRequired\":true,\"valueName\":\"search_term_string\"}}],\"inLanguage\":\"ro-RO\"},{\"@type\":\"Organization\",\"@id\":\"https:\/\/xstyle.md\/#organization\",\"name\":\"\u041c\u0430\u0433\u0430\u0437\u0438\u043d Xstyle\",\"alternateName\":\"x-style\",\"url\":\"https:\/\/xstyle.md\/\",\"logo\":{\"@type\":\"ImageObject\",\"inLanguage\":\"ro-RO\",\"@id\":\"https:\/\/xstyle.md\/#\/schema\/logo\/image\/\",\"url\":\"https:\/\/xstyle.md\/wp-content\/uploads\/2020\/06\/logoicon.svg\",\"contentUrl\":\"https:\/\/xstyle.md\/wp-content\/uploads\/2020\/06\/logoicon.svg\",\"caption\":\"\u041c\u0430\u0433\u0430\u0437\u0438\u043d Xstyle\"},\"image\":{\"@id\":\"https:\/\/xstyle.md\/#\/schema\/logo\/image\/\"},\"sameAs\":[\"https:\/\/www.facebook.com\/xstylemd\",\"https:\/\/www.instagram.com\/xstyle_md\/\",\"https:\/\/t.me\/xstyle_outdoor\"],\"hasMerchantReturnPolicy\":{\"@type\":\"MerchantReturnPolicy\",\"merchantReturnLink\":\"https:\/\/xstyle.md\/ro\/conditions\/\"}}]}<\/script>\n<meta property=\"product:price:amount\" content=\"1350.00\" \/>\n<meta property=\"product:price:currency\" content=\"MDL\" \/>\n<meta property=\"og:availability\" content=\"out of stock\" \/>\n<meta property=\"product:availability\" content=\"out of stock\" \/>\n<meta property=\"product:retailer_item_id\" content=\"793661331544\" \/>\n<meta property=\"product:condition\" content=\"new\" \/>\n<!-- \/ Yoast SEO plugin. -->","yoast_head_json":{"title":"Casc\u0103 Black Diamond Half Dome Women Aluminium - Magazin Xstyle","description":"Casc\u0103 u\u0219oar\u0103 Black Diamond Half Dome Women din aluminiu, cu ajustare rapid\u0103 \u0219i suport pentru lantern\u0103. Ideal\u0103 pentru alpinism \u0219i utilizare zilnic\u0103.","robots":{"index":"index","follow":"follow","max-snippet":"max-snippet:-1","max-image-preview":"max-image-preview:large","max-video-preview":"max-video-preview:-1"},"canonical":"https:\/\/xstyle.md\/ro\/produs\/kaska-black-diamond-half-dome-women-aluminium\/","og_locale":"ro_RO","og_type":"article","og_title":"\u041a\u0430\u0441\u043a\u0430 Black Diamond Half Dome Women Aluminium - \u041c\u0430\u0433\u0430\u0437\u0438\u043d Xstyle","og_description":"\u041b\u0435\u0433\u043a\u0430\u044f \u043a\u0430\u0441\u043a\u0430 Black Diamond Half Dome Women \u0438\u0437 \u0430\u043b\u044e\u043c\u0438\u043d\u0438\u044f \u0441 \u0431\u044b\u0441\u0442\u0440\u043e\u0439 \u0440\u0435\u0433\u0443\u043b\u0438\u0440\u043e\u0432\u043a\u043e\u0439 \u0438 \u043a\u0440\u043e\u043d\u0448\u0442\u0435\u0439\u043d\u043e\u043c \u0434\u043b\u044f \u0444\u043e\u043d\u0430\u0440\u044f. \u0418\u0434\u0435\u0430\u043b\u044c\u043d\u0430 \u0434\u043b\u044f \u0430\u043b\u044c\u043f\u0438\u043d\u0438\u0437\u043c\u0430 \u0438 \u0435\u0436\u0435\u0434\u043d\u0435\u0432\u043d\u043e\u0433\u043e \u0438\u0441\u043f\u043e\u043b\u044c\u0437\u043e\u0432\u0430\u043d\u0438\u044f.","og_url":"https:\/\/xstyle.md\/ro\/produs\/kaska-black-diamond-half-dome-women-aluminium\/","og_site_name":"\u041c\u0430\u0433\u0430\u0437\u0438\u043d Xstyle","article_publisher":"https:\/\/www.facebook.com\/xstylemd","article_modified_time":"2025-05-13T15:17:27+00:00","og_image":[{"width":1391,"height":1682,"url":"https:\/\/xstyle.md\/wp-content\/uploads\/2020\/07\/620208_alum_aluminum_halfdome-womens.jpg","type":"image\/jpeg"}],"twitter_card":"summary_large_image","twitter_misc":{"Pre\u021b":"1.350&nbsp;MDL","Disponibilitate":"Stoc epuizat"},"schema":{"@context":"https:\/\/schema.org","@graph":[{"@type":"WebPage","@id":"https:\/\/xstyle.md\/product\/kaska-black-diamond-half-dome-women-aluminium\/","url":"https:\/\/xstyle.md\/product\/kaska-black-diamond-half-dome-women-aluminium\/","name":"Casc\u0103 Black Diamond Half Dome Women Aluminium - Magazin Xstyle","isPartOf":{"@id":"https:\/\/xstyle.md\/#website"},"primaryImageOfPage":{"@id":"https:\/\/xstyle.md\/product\/kaska-black-diamond-half-dome-women-aluminium\/#primaryimage"},"image":{"@id":"https:\/\/xstyle.md\/product\/kaska-black-diamond-half-dome-women-aluminium\/#primaryimage"},"thumbnailUrl":"https:\/\/xstyle.md\/wp-content\/uploads\/2020\/07\/620208_alum_aluminum_halfdome-womens.jpg","datePublished":"2020-07-17T15:07:25+00:00","dateModified":"2025-05-13T15:17:27+00:00","description":"Casc\u0103 u\u0219oar\u0103 Black Diamond Half Dome Women din aluminiu, cu ajustare rapid\u0103 \u0219i suport pentru lantern\u0103. Ideal\u0103 pentru alpinism \u0219i utilizare zilnic\u0103.","breadcrumb":{"@id":"https:\/\/xstyle.md\/product\/kaska-black-diamond-half-dome-women-aluminium\/#breadcrumb"},"inLanguage":"ro-RO","potentialAction":[{"@type":"ReadAction","target":["https:\/\/xstyle.md\/product\/kaska-black-diamond-half-dome-women-aluminium\/"]}]},{"@type":"ImageObject","inLanguage":"ro-RO","@id":"https:\/\/xstyle.md\/product\/kaska-black-diamond-half-dome-women-aluminium\/#primaryimage","url":"https:\/\/xstyle.md\/wp-content\/uploads\/2020\/07\/620208_alum_aluminum_halfdome-womens.jpg","contentUrl":"https:\/\/xstyle.md\/wp-content\/uploads\/2020\/07\/620208_alum_aluminum_halfdome-womens.jpg","width":1391,"height":1682},{"@type":"BreadcrumbList","@id":"https:\/\/xstyle.md\/product\/kaska-black-diamond-half-dome-women-aluminium\/#breadcrumb","itemListElement":[{"@type":"ListItem","position":1,"name":"\u0413\u043b\u0430\u0432\u043d\u0430\u044f \u0441\u0442\u0440\u0430\u043d\u0438\u0446\u0430","item":"https:\/\/xstyle.md\/"},{"@type":"ListItem","position":2,"name":"\u041c\u0430\u0433\u0430\u0437\u0438\u043d","item":"https:\/\/xstyle.md\/shop\/"},{"@type":"ListItem","position":3,"name":"\u041a\u0430\u0441\u043a\u0430 Black Diamond Half Dome Women Aluminium"}]},{"@type":"WebSite","@id":"https:\/\/xstyle.md\/#website","url":"https:\/\/xstyle.md\/","name":"Magazinul X-Style","description":"Echipamente pentru turism \u0219i sporturi extreme \u00een Moldova. Pre\u021buri, fotografii, caracteristici \u00een Moldova.","publisher":{"@id":"https:\/\/xstyle.md\/#organization"},"alternateName":"X-Style","potentialAction":[{"@type":"SearchAction","target":{"@type":"EntryPoint","urlTemplate":"https:\/\/xstyle.md\/?s={search_term_string}"},"query-input":{"@type":"PropertyValueSpecification","valueRequired":true,"valueName":"search_term_string"}}],"inLanguage":"ro-RO"},{"@type":"Organization","@id":"https:\/\/xstyle.md\/#organization","name":"Magazinul X-Style","alternateName":"x-style","url":"https:\/\/xstyle.md\/","logo":{"@type":"ImageObject","inLanguage":"ro-RO","@id":"https:\/\/xstyle.md\/#\/schema\/logo\/image\/","url":"https:\/\/xstyle.md\/wp-content\/uploads\/2020\/06\/logoicon.svg","contentUrl":"https:\/\/xstyle.md\/wp-content\/uploads\/2020\/06\/logoicon.svg","caption":"\u041c\u0430\u0433\u0430\u0437\u0438\u043d Xstyle"},"image":{"@id":"https:\/\/xstyle.md\/#\/schema\/logo\/image\/"},"sameAs":["https:\/\/www.facebook.com\/xstylemd","https:\/\/www.instagram.com\/xstyle_md\/","https:\/\/t.me\/xstyle_outdoor"],"hasMerchantReturnPolicy":{"@type":"MerchantReturnPolicy","merchantReturnLink":"https:\/\/xstyle.md\/ro\/conditions\/"}}]},"product_price_amount":"1350.00","product_price_currency":"MDL","og_availability":"out of stock","product_availability":"out of stock","product_retailer_item_id":"793661331544","product_condition":"new"},"post_mailing_queue_ids":[],"_links":{"self":[{"href":"https:\/\/xstyle.md\/ro\/wp-json\/wp\/v2\/product\/17639","targetHints":{"allow":["GET"]}}],"collection":[{"href":"https:\/\/xstyle.md\/ro\/wp-json\/wp\/v2\/product"}],"about":[{"href":"https:\/\/xstyle.md\/ro\/wp-json\/wp\/v2\/types\/product"}],"replies":[{"embeddable":true,"href":"https:\/\/xstyle.md\/ro\/wp-json\/wp\/v2\/comments?post=17639"}],"wp:featuredmedia":[{"embeddable":true,"href":"https:\/\/xstyle.md\/ro\/wp-json\/wp\/v2\/media\/17638"}],"wp:attachment":[{"href":"https:\/\/xstyle.md\/ro\/wp-json\/wp\/v2\/media?parent=17639"}],"wp:term":[{"taxonomy":"product_brand","embeddable":true,"href":"https:\/\/xstyle.md\/ro\/wp-json\/wp\/v2\/product_brand?post=17639"},{"taxonomy":"product_cat","embeddable":true,"href":"https:\/\/xstyle.md\/ro\/wp-json\/wp\/v2\/product_cat?post=17639"},{"taxonomy":"product_tag","embeddable":true,"href":"https:\/\/xstyle.md\/ro\/wp-json\/wp\/v2\/product_tag?post=17639"}],"curies":[{"name":"wp","href":"https:\/\/api.w.org\/{rel}","templated":true}]}}