{"id":17431,"date":"2020-07-17T17:52:49","date_gmt":"2020-07-17T14:52:49","guid":{"rendered":"https:\/\/xstyle.md\/product\/mul-titul-ganzo-g201"},"modified":"2025-10-24T12:35:54","modified_gmt":"2025-10-24T09:35:54","slug":"mul-titul-ganzo-g201","status":"publish","type":"product","link":"https:\/\/xstyle.md\/ro\/produs\/mul-titul-ganzo-g201\/","title":{"rendered":"Multitool Ganzo G201"},"content":{"rendered":"<\/p>\n<p><strong>Multitool-ul Ganzo G201<\/strong> &#8212; atrage aten\u021bia prin practicitatea implement\u0103rii \u0219i select\u0103rii instrumentelor. Cu acesta, pute\u021bi efectua toate sarcinile de repara\u021bie de baz\u0103. De asemenea, este important ca instrumentul s\u0103 nu aib\u0103 dimensiuni mari \u0219i s\u0103 fie potrivit ca instrument de camping. Caracteristicile suplimentare sunt perfecte pentru pescari.<\/p>\n<p>Acest instrument multiplu va fi o achizi\u021bie excelent\u0103 pentru un turist \u0219i dar \u0219i pentru o persoan\u0103 activ\u0103. De fapt, este un adev\u0103rat atelier. \u00centr-o structur\u0103 mic\u0103, exist\u0103 imediat 25 de elemente diferite care v\u0103 vor ajuta s\u0103 face\u021bi fa\u021b\u0103 unei mari variet\u0103\u021bi de defec\u021biuni \u0219i.<\/p>\n<p>Este foarte comod s\u0103 deschide\u021bi toate elementele individuale pentru a utiliza unul dintre ele, nu este necesar s\u0103 folosi\u021bi for\u021ba. Dimensiunea compact\u0103 a produsului \u00eel face u\u0219or de transportat \u00eentr-un buzunar sau un rucsac de drume\u021bie. Pentru o comoditate \u0219i mai mare, \u00eel pute\u021bi purta pe curea. Multitool-ul este foarte solid \u0219i practic \u0219i, prin urmare, va fi o achizi\u021bie excelent\u0103 at\u00e2t pentru uz propriu, c\u00e2t \u0219i ca cadou util.<\/p>\n<h3>Include\u021bi<\/h3>\n<ul>\n<li>Cle\u0219te.<\/li>\n<li>Foarfec\u0103-cle\u0219te.<\/li>\n<li>Ferastr\u0103u.<\/li>\n<li>Rigl\u0103.<\/li>\n<li>Cu\u021bit.<\/li>\n<li>Lama zim\u021bat\u0103.<\/li>\n<li>Foarfece.<\/li>\n<li>\u0218urubelni\u021b\u0103 plat\u0103 &#8212; 3 buc.<\/li>\n<li>Surubelnita Phillips.<\/li>\n<li>Tribu\u0219or.<\/li>\n<li>Dispozitiv pentru stripping.<\/li>\n<li>Scaler pentru pe\u0219te C\u00e2rlig.<\/li>\n<li>Inel pandantiv.<\/li>\n<li>Adapter pentru chei tubulare si surubelnite.<\/li>\n<li>11 duze interschimbabile cu \u0219urubelni\u021be \u0219i chei.<\/li>\n<\/ul>\n<h3>Specificatii<\/h3>\n<ul>\n<li>Multitool-ul este realizat pe baza unui cle\u0219te cu dimensiuni complete.<\/li>\n<li>Puternic \u0219i de \u00eencredere.<\/li>\n<li>Universal, util acas\u0103, c\u0103l\u0103torind etc.<\/li>\n<li>M\u00e2nere cu un design atractiv.<\/li>\n<li>Dimensiuni mici, care este foarte convenabil \u00een timpul depozit\u0103rii \u0219i func\u021bion\u0103rii.<\/li>\n<\/ul>\n<h3>Caracteristici<\/h3>\n<ul>\n<li>Dimensiune pliat\u0103: 10,5 cm.<\/li>\n<li>Dimensiunea \u00een stare deschis\u0103 este de 16,5 cm.<\/li>\n<li>Tipul de multitool: full-size.<\/li>\n<li>Num\u0103rul de func\u021bii: 25.<\/li>\n<li>Lam\u0103 de o\u021bel: 440C.<\/li>\n<li>Culoare multitool: cromatice.<\/li>\n<li>Greutate 265 gr.<\/li>\n<\/ul>\n<p><\/p>","protected":false},"excerpt":{"rendered":"<p>Multitool Ganzo G201<\/p>","protected":false},"featured_media":17425,"comment_status":"open","ping_status":"closed","template":"","meta":{"_acf_changed":false,"inline_featured_image":false},"product_brand":[1367],"product_cat":[415],"product_tag":[],"class_list":{"0":"post-17431","1":"product","2":"type-product","3":"status-publish","4":"has-post-thumbnail","6":"product_brand-ganzo","7":"product_cat-multitools","9":"first","10":"instock","11":"shipping-taxable","12":"purchasable","13":"product-type-simple"},"acf":[],"yoast_head":"<!-- This site is optimized with the Yoast SEO plugin v27.2 - https:\/\/yoast.com\/product\/yoast-seo-wordpress\/ -->\n<title>\u041c\u0443\u043b\u044c\u0442\u0438\u0442\u0443\u043b Ganzo G201 - \u041c\u0430\u0433\u0430\u0437\u0438\u043d Xstyle<\/title>\n<meta name=\"description\" content=\"\u041c\u0443\u043b\u044c\u0442\u0438\u0442\u0443\u043b Ganzo G201 \u2014 \u0438\u0434\u0435\u0430\u043b\u044c\u043d\u044b\u0439 \u043f\u043e\u043c\u043e\u0449\u043d\u0438\u043a \u0434\u043b\u044f \u0442\u0443\u0440\u0438\u0441\u0442\u043e\u0432 \u0438 \u043b\u044e\u0431\u0438\u0442\u0435\u043b\u0435\u0439 \u0430\u043a\u0442\u0438\u0432\u043d\u043e\u0433\u043e \u043e\u0442\u0434\u044b\u0445\u0430. \u041a\u043e\u043c\u043f\u0430\u043a\u0442\u043d\u044b\u0439, \u0443\u0434\u043e\u0431\u043d\u044b\u0439, \u0441 25 \u0444\u0443\u043d\u043a\u0446\u0438\u044f\u043c\u0438 \u0434\u043b\u044f \u043b\u044e\u0431\u044b\u0445 \u0437\u0430\u0434\u0430\u0447!\" \/>\n<meta name=\"robots\" content=\"index, follow, max-snippet:-1, max-image-preview:large, max-video-preview:-1\" \/>\n<link rel=\"canonical\" href=\"https:\/\/xstyle.md\/ro\/produs\/mul-titul-ganzo-g201\/\" \/>\n<meta property=\"og:locale\" content=\"ro_RO\" \/>\n<meta property=\"og:type\" content=\"article\" \/>\n<meta property=\"og:title\" content=\"\u041c\u0443\u043b\u044c\u0442\u0438\u0442\u0443\u043b Ganzo G201 - \u041c\u0430\u0433\u0430\u0437\u0438\u043d Xstyle\" \/>\n<meta property=\"og:description\" content=\"\u041c\u0443\u043b\u044c\u0442\u0438\u0442\u0443\u043b Ganzo G201 \u2014 \u0438\u0434\u0435\u0430\u043b\u044c\u043d\u044b\u0439 \u043f\u043e\u043c\u043e\u0449\u043d\u0438\u043a \u0434\u043b\u044f \u0442\u0443\u0440\u0438\u0441\u0442\u043e\u0432 \u0438 \u043b\u044e\u0431\u0438\u0442\u0435\u043b\u0435\u0439 \u0430\u043a\u0442\u0438\u0432\u043d\u043e\u0433\u043e \u043e\u0442\u0434\u044b\u0445\u0430. \u041a\u043e\u043c\u043f\u0430\u043a\u0442\u043d\u044b\u0439, \u0443\u0434\u043e\u0431\u043d\u044b\u0439, \u0441 25 \u0444\u0443\u043d\u043a\u0446\u0438\u044f\u043c\u0438 \u0434\u043b\u044f \u043b\u044e\u0431\u044b\u0445 \u0437\u0430\u0434\u0430\u0447!\" \/>\n<meta property=\"og:url\" content=\"https:\/\/xstyle.md\/ro\/produs\/mul-titul-ganzo-g201\/\" \/>\n<meta property=\"og:site_name\" content=\"\u041c\u0430\u0433\u0430\u0437\u0438\u043d Xstyle\" \/>\n<meta property=\"article:publisher\" content=\"https:\/\/www.facebook.com\/xstylemd\" \/>\n<meta property=\"article:modified_time\" content=\"2025-10-24T09:35:54+00:00\" \/>\n<meta property=\"og:image\" content=\"https:\/\/xstyle.md\/wp-content\/uploads\/2020\/07\/62_1.jpg\" \/>\n\t<meta property=\"og:image:width\" content=\"1024\" \/>\n\t<meta property=\"og:image:height\" content=\"702\" \/>\n\t<meta property=\"og:image:type\" content=\"image\/jpeg\" \/>\n<meta name=\"twitter:card\" content=\"summary_large_image\" \/>\n<meta name=\"twitter:label1\" content=\"Pre\u021b\" \/>\n\t<meta name=\"twitter:data1\" content=\"490&nbsp;MDL\" \/>\n\t<meta name=\"twitter:label2\" content=\"Disponibilitate\" \/>\n\t<meta name=\"twitter:data2\" content=\"\u00cen stoc\" \/>\n<script type=\"application\/ld+json\" class=\"yoast-schema-graph\">{\"@context\":\"https:\/\/schema.org\",\"@graph\":[{\"@type\":\"WebPage\",\"@id\":\"https:\/\/xstyle.md\/product\/mul-titul-ganzo-g201\/\",\"url\":\"https:\/\/xstyle.md\/product\/mul-titul-ganzo-g201\/\",\"name\":\"\u041c\u0443\u043b\u044c\u0442\u0438\u0442\u0443\u043b Ganzo G201 - \u041c\u0430\u0433\u0430\u0437\u0438\u043d Xstyle\",\"isPartOf\":{\"@id\":\"https:\/\/xstyle.md\/#website\"},\"primaryImageOfPage\":{\"@id\":\"https:\/\/xstyle.md\/product\/mul-titul-ganzo-g201\/#primaryimage\"},\"image\":{\"@id\":\"https:\/\/xstyle.md\/product\/mul-titul-ganzo-g201\/#primaryimage\"},\"thumbnailUrl\":\"https:\/\/xstyle.md\/wp-content\/uploads\/2020\/07\/62_1.jpg\",\"datePublished\":\"2020-07-17T14:52:49+00:00\",\"dateModified\":\"2025-10-24T09:35:54+00:00\",\"description\":\"\u041c\u0443\u043b\u044c\u0442\u0438\u0442\u0443\u043b Ganzo G201 \u2014 \u0438\u0434\u0435\u0430\u043b\u044c\u043d\u044b\u0439 \u043f\u043e\u043c\u043e\u0449\u043d\u0438\u043a \u0434\u043b\u044f \u0442\u0443\u0440\u0438\u0441\u0442\u043e\u0432 \u0438 \u043b\u044e\u0431\u0438\u0442\u0435\u043b\u0435\u0439 \u0430\u043a\u0442\u0438\u0432\u043d\u043e\u0433\u043e \u043e\u0442\u0434\u044b\u0445\u0430. \u041a\u043e\u043c\u043f\u0430\u043a\u0442\u043d\u044b\u0439, \u0443\u0434\u043e\u0431\u043d\u044b\u0439, \u0441 25 \u0444\u0443\u043d\u043a\u0446\u0438\u044f\u043c\u0438 \u0434\u043b\u044f \u043b\u044e\u0431\u044b\u0445 \u0437\u0430\u0434\u0430\u0447!\",\"breadcrumb\":{\"@id\":\"https:\/\/xstyle.md\/product\/mul-titul-ganzo-g201\/#breadcrumb\"},\"inLanguage\":\"ro-RO\",\"potentialAction\":[{\"@type\":\"ReadAction\",\"target\":[\"https:\/\/xstyle.md\/product\/mul-titul-ganzo-g201\/\"]}]},{\"@type\":\"ImageObject\",\"inLanguage\":\"ro-RO\",\"@id\":\"https:\/\/xstyle.md\/product\/mul-titul-ganzo-g201\/#primaryimage\",\"url\":\"https:\/\/xstyle.md\/wp-content\/uploads\/2020\/07\/62_1.jpg\",\"contentUrl\":\"https:\/\/xstyle.md\/wp-content\/uploads\/2020\/07\/62_1.jpg\",\"width\":1024,\"height\":702},{\"@type\":\"BreadcrumbList\",\"@id\":\"https:\/\/xstyle.md\/product\/mul-titul-ganzo-g201\/#breadcrumb\",\"itemListElement\":[{\"@type\":\"ListItem\",\"position\":1,\"name\":\"\u0413\u043b\u0430\u0432\u043d\u0430\u044f \u0441\u0442\u0440\u0430\u043d\u0438\u0446\u0430\",\"item\":\"https:\/\/xstyle.md\/\"},{\"@type\":\"ListItem\",\"position\":2,\"name\":\"\u041c\u0430\u0433\u0430\u0437\u0438\u043d\",\"item\":\"https:\/\/xstyle.md\/shop\/\"},{\"@type\":\"ListItem\",\"position\":3,\"name\":\"\u041c\u0443\u043b\u044c\u0442\u0438\u0442\u0443\u043b Ganzo G201\"}]},{\"@type\":\"WebSite\",\"@id\":\"https:\/\/xstyle.md\/#website\",\"url\":\"https:\/\/xstyle.md\/\",\"name\":\"\u041c\u0430\u0433\u0430\u0437\u0438\u043d Xstyle\",\"description\":\"C\u043d\u0430\u0440\u044f\u0436\u0435\u043d\u0438\u0435 \u0434\u043b\u044f \u0442\u0443\u0440\u0438\u0437\u043c\u0430 \u0438 \u044d\u043a\u0441\u0442\u0440\u0435\u043c\u0430\u043b\u044c\u043d\u044b\u0445 \u0432\u0438\u0434\u043e\u0432 \u0441\u043f\u043e\u0440\u0442\u0430 \u0432 \u041c\u043e\u043b\u0434\u043e\u0432\u0435.. \u0426\u0435\u043d\u044b, \u0444\u043e\u0442\u043e, \u0445\u0430\u0440\u0430\u043a\u0442\u0435\u0440\u0438\u0441\u0442\u0438\u043a\u0438 \u0432 \u041c\u043e\u043b\u0434\u043e\u0432\u0435.\",\"publisher\":{\"@id\":\"https:\/\/xstyle.md\/#organization\"},\"alternateName\":\"X-Style\",\"potentialAction\":[{\"@type\":\"SearchAction\",\"target\":{\"@type\":\"EntryPoint\",\"urlTemplate\":\"https:\/\/xstyle.md\/?s={search_term_string}\"},\"query-input\":{\"@type\":\"PropertyValueSpecification\",\"valueRequired\":true,\"valueName\":\"search_term_string\"}}],\"inLanguage\":\"ro-RO\"},{\"@type\":\"Organization\",\"@id\":\"https:\/\/xstyle.md\/#organization\",\"name\":\"\u041c\u0430\u0433\u0430\u0437\u0438\u043d Xstyle\",\"alternateName\":\"x-style\",\"url\":\"https:\/\/xstyle.md\/\",\"logo\":{\"@type\":\"ImageObject\",\"inLanguage\":\"ro-RO\",\"@id\":\"https:\/\/xstyle.md\/#\/schema\/logo\/image\/\",\"url\":\"https:\/\/xstyle.md\/wp-content\/uploads\/2020\/06\/logoicon.svg\",\"contentUrl\":\"https:\/\/xstyle.md\/wp-content\/uploads\/2020\/06\/logoicon.svg\",\"caption\":\"\u041c\u0430\u0433\u0430\u0437\u0438\u043d Xstyle\"},\"image\":{\"@id\":\"https:\/\/xstyle.md\/#\/schema\/logo\/image\/\"},\"sameAs\":[\"https:\/\/www.facebook.com\/xstylemd\",\"https:\/\/www.instagram.com\/xstyle_md\/\",\"https:\/\/t.me\/xstyle_outdoor\"],\"hasMerchantReturnPolicy\":{\"@type\":\"MerchantReturnPolicy\",\"merchantReturnLink\":\"https:\/\/xstyle.md\/ro\/conditions\/\"}}]}<\/script>\n<meta property=\"product:price:amount\" content=\"490.00\" \/>\n<meta property=\"product:price:currency\" content=\"MDL\" \/>\n<meta property=\"og:availability\" content=\"instock\" \/>\n<meta property=\"product:availability\" content=\"instock\" \/>\n<meta property=\"product:retailer_item_id\" content=\"6955800400496\" \/>\n<meta property=\"product:condition\" content=\"new\" \/>\n<!-- \/ Yoast SEO plugin. -->","yoast_head_json":{"title":"Multitool Ganzo G201 - Magazin Xstyle","description":"Multitool Ganzo G201 \u2014 asistentul ideal pentru turi\u0219ti \u0219i iubitorii de activit\u0103\u021bi \u00een aer liber. Compac, practic, cu 25 de func\u021bii pentru orice sarcin\u0103!","robots":{"index":"index","follow":"follow","max-snippet":"max-snippet:-1","max-image-preview":"max-image-preview:large","max-video-preview":"max-video-preview:-1"},"canonical":"https:\/\/xstyle.md\/ro\/produs\/mul-titul-ganzo-g201\/","og_locale":"ro_RO","og_type":"article","og_title":"\u041c\u0443\u043b\u044c\u0442\u0438\u0442\u0443\u043b Ganzo G201 - \u041c\u0430\u0433\u0430\u0437\u0438\u043d Xstyle","og_description":"\u041c\u0443\u043b\u044c\u0442\u0438\u0442\u0443\u043b Ganzo G201 \u2014 \u0438\u0434\u0435\u0430\u043b\u044c\u043d\u044b\u0439 \u043f\u043e\u043c\u043e\u0449\u043d\u0438\u043a \u0434\u043b\u044f \u0442\u0443\u0440\u0438\u0441\u0442\u043e\u0432 \u0438 \u043b\u044e\u0431\u0438\u0442\u0435\u043b\u0435\u0439 \u0430\u043a\u0442\u0438\u0432\u043d\u043e\u0433\u043e \u043e\u0442\u0434\u044b\u0445\u0430. \u041a\u043e\u043c\u043f\u0430\u043a\u0442\u043d\u044b\u0439, \u0443\u0434\u043e\u0431\u043d\u044b\u0439, \u0441 25 \u0444\u0443\u043d\u043a\u0446\u0438\u044f\u043c\u0438 \u0434\u043b\u044f \u043b\u044e\u0431\u044b\u0445 \u0437\u0430\u0434\u0430\u0447!","og_url":"https:\/\/xstyle.md\/ro\/produs\/mul-titul-ganzo-g201\/","og_site_name":"\u041c\u0430\u0433\u0430\u0437\u0438\u043d Xstyle","article_publisher":"https:\/\/www.facebook.com\/xstylemd","article_modified_time":"2025-10-24T09:35:54+00:00","og_image":[{"width":1024,"height":702,"url":"https:\/\/xstyle.md\/wp-content\/uploads\/2020\/07\/62_1.jpg","type":"image\/jpeg"}],"twitter_card":"summary_large_image","twitter_misc":{"Pre\u021b":"490&nbsp;MDL","Disponibilitate":"\u00cen stoc"},"schema":{"@context":"https:\/\/schema.org","@graph":[{"@type":"WebPage","@id":"https:\/\/xstyle.md\/product\/mul-titul-ganzo-g201\/","url":"https:\/\/xstyle.md\/product\/mul-titul-ganzo-g201\/","name":"Multitool Ganzo G201 - Magazin Xstyle","isPartOf":{"@id":"https:\/\/xstyle.md\/#website"},"primaryImageOfPage":{"@id":"https:\/\/xstyle.md\/product\/mul-titul-ganzo-g201\/#primaryimage"},"image":{"@id":"https:\/\/xstyle.md\/product\/mul-titul-ganzo-g201\/#primaryimage"},"thumbnailUrl":"https:\/\/xstyle.md\/wp-content\/uploads\/2020\/07\/62_1.jpg","datePublished":"2020-07-17T14:52:49+00:00","dateModified":"2025-10-24T09:35:54+00:00","description":"Multitool Ganzo G201 \u2014 asistentul ideal pentru turi\u0219ti \u0219i iubitorii de activit\u0103\u021bi \u00een aer liber. Compac, practic, cu 25 de func\u021bii pentru orice sarcin\u0103!","breadcrumb":{"@id":"https:\/\/xstyle.md\/product\/mul-titul-ganzo-g201\/#breadcrumb"},"inLanguage":"ro-RO","potentialAction":[{"@type":"ReadAction","target":["https:\/\/xstyle.md\/product\/mul-titul-ganzo-g201\/"]}]},{"@type":"ImageObject","inLanguage":"ro-RO","@id":"https:\/\/xstyle.md\/product\/mul-titul-ganzo-g201\/#primaryimage","url":"https:\/\/xstyle.md\/wp-content\/uploads\/2020\/07\/62_1.jpg","contentUrl":"https:\/\/xstyle.md\/wp-content\/uploads\/2020\/07\/62_1.jpg","width":1024,"height":702},{"@type":"BreadcrumbList","@id":"https:\/\/xstyle.md\/product\/mul-titul-ganzo-g201\/#breadcrumb","itemListElement":[{"@type":"ListItem","position":1,"name":"\u0413\u043b\u0430\u0432\u043d\u0430\u044f \u0441\u0442\u0440\u0430\u043d\u0438\u0446\u0430","item":"https:\/\/xstyle.md\/"},{"@type":"ListItem","position":2,"name":"\u041c\u0430\u0433\u0430\u0437\u0438\u043d","item":"https:\/\/xstyle.md\/shop\/"},{"@type":"ListItem","position":3,"name":"\u041c\u0443\u043b\u044c\u0442\u0438\u0442\u0443\u043b Ganzo G201"}]},{"@type":"WebSite","@id":"https:\/\/xstyle.md\/#website","url":"https:\/\/xstyle.md\/","name":"Magazinul X-Style","description":"Echipamente pentru turism \u0219i sporturi extreme \u00een Moldova. Pre\u021buri, fotografii, caracteristici \u00een Moldova.","publisher":{"@id":"https:\/\/xstyle.md\/#organization"},"alternateName":"X-Style","potentialAction":[{"@type":"SearchAction","target":{"@type":"EntryPoint","urlTemplate":"https:\/\/xstyle.md\/?s={search_term_string}"},"query-input":{"@type":"PropertyValueSpecification","valueRequired":true,"valueName":"search_term_string"}}],"inLanguage":"ro-RO"},{"@type":"Organization","@id":"https:\/\/xstyle.md\/#organization","name":"Magazinul X-Style","alternateName":"x-style","url":"https:\/\/xstyle.md\/","logo":{"@type":"ImageObject","inLanguage":"ro-RO","@id":"https:\/\/xstyle.md\/#\/schema\/logo\/image\/","url":"https:\/\/xstyle.md\/wp-content\/uploads\/2020\/06\/logoicon.svg","contentUrl":"https:\/\/xstyle.md\/wp-content\/uploads\/2020\/06\/logoicon.svg","caption":"\u041c\u0430\u0433\u0430\u0437\u0438\u043d Xstyle"},"image":{"@id":"https:\/\/xstyle.md\/#\/schema\/logo\/image\/"},"sameAs":["https:\/\/www.facebook.com\/xstylemd","https:\/\/www.instagram.com\/xstyle_md\/","https:\/\/t.me\/xstyle_outdoor"],"hasMerchantReturnPolicy":{"@type":"MerchantReturnPolicy","merchantReturnLink":"https:\/\/xstyle.md\/ro\/conditions\/"}}]},"product_price_amount":"490.00","product_price_currency":"MDL","og_availability":"instock","product_availability":"instock","product_retailer_item_id":"6955800400496","product_condition":"new"},"post_mailing_queue_ids":[],"_links":{"self":[{"href":"https:\/\/xstyle.md\/ro\/wp-json\/wp\/v2\/product\/17431","targetHints":{"allow":["GET"]}}],"collection":[{"href":"https:\/\/xstyle.md\/ro\/wp-json\/wp\/v2\/product"}],"about":[{"href":"https:\/\/xstyle.md\/ro\/wp-json\/wp\/v2\/types\/product"}],"replies":[{"embeddable":true,"href":"https:\/\/xstyle.md\/ro\/wp-json\/wp\/v2\/comments?post=17431"}],"wp:featuredmedia":[{"embeddable":true,"href":"https:\/\/xstyle.md\/ro\/wp-json\/wp\/v2\/media\/17425"}],"wp:attachment":[{"href":"https:\/\/xstyle.md\/ro\/wp-json\/wp\/v2\/media?parent=17431"}],"wp:term":[{"taxonomy":"product_brand","embeddable":true,"href":"https:\/\/xstyle.md\/ro\/wp-json\/wp\/v2\/product_brand?post=17431"},{"taxonomy":"product_cat","embeddable":true,"href":"https:\/\/xstyle.md\/ro\/wp-json\/wp\/v2\/product_cat?post=17431"},{"taxonomy":"product_tag","embeddable":true,"href":"https:\/\/xstyle.md\/ro\/wp-json\/wp\/v2\/product_tag?post=17431"}],"curies":[{"name":"wp","href":"https:\/\/api.w.org\/{rel}","templated":true}]}}