{"id":17223,"date":"2020-07-17T17:38:36","date_gmt":"2020-07-17T14:38:36","guid":{"rendered":"https:\/\/xstyle.md\/product\/bahily-tatonka-gaiter-420-hd-jr"},"modified":"2025-03-07T20:28:06","modified_gmt":"2025-03-07T17:28:06","slug":"bahily-tatonka-gaiter-420-hd-jr","status":"publish","type":"product","link":"https:\/\/xstyle.md\/ro\/produs\/bahily-tatonka-gaiter-420-hd-jr\/","title":{"rendered":"Paraz\u0103pezi Tatonka Gaiter 420 HD JR"},"content":{"rendered":"<\/p>\n<p><strong>Paraz\u0103pezi Tatonka Gaiter 420 HD JR&nbsp;&#8212;&nbsp;<\/strong>confortabile, pentru copii \u0219i adolescen\u021bi, confec\u021bionate &icirc;n Germania, cu propriet\u0103\u021bi bune de respingere a apei. Purt&acirc;nd astfel de paraz\u0103pezi, nu v\u0103 ve\u021bi uda, nici m\u0103car c\u0103l\u0103torind prin z\u0103pad\u0103, pe un teren umed, pe iarba cu rou\u0103. De asemenea, ve\u021bi fi protejat de zg&acirc;rieturi \u0219i de mu\u0219c\u0103turile insectelor. Fabricate din material rezistent 420 HD Polyoxford respirabil. Se &icirc;nchid pe partea din urm\u0103.<\/p>\n<p><strong>Caracteristici:<\/strong><\/p>\n<ul>\n<li>fermoare sigure la spate<\/li>\n<li>curele reglabile pentru fixarea pe t\u0103lpi<\/li>\n<li>c&acirc;rlig pentru fixare pe \u0219ireturi de pantofi<\/li>\n<li>dantel\u0103 de reglare superioar\u0103 ofer\u0103 o fixare sigur\u0103<\/li>\n<li>utilizare: trekking, turism, turism montan, multisport<\/li>\n<li>Material 420 HD Nylon<\/li>\n<li>Greutate (g) 180<\/li>\n<li>Dimensiunea piciorului (cm) 35<\/li>\n<li>Lungime (mm) 35<\/li>\n<\/ul>\n<p><\/p>","protected":false},"excerpt":{"rendered":"<p>Paraz\u0103pezi Tatonka Gaiter 420 HD JR<\/p>","protected":false},"featured_media":17222,"comment_status":"open","ping_status":"closed","template":"","meta":{"_acf_changed":false,"inline_featured_image":false},"product_brand":[1262],"product_cat":[347],"product_tag":[],"class_list":{"0":"post-17223","1":"product","2":"type-product","3":"status-publish","4":"has-post-thumbnail","6":"product_brand-tatonka","7":"product_cat-shoe-covers","9":"first","10":"instock","11":"shipping-taxable","12":"purchasable","13":"product-type-simple"},"acf":[],"yoast_head":"<!-- This site is optimized with the Yoast SEO plugin v27.2 - https:\/\/yoast.com\/product\/yoast-seo-wordpress\/ -->\n<title>\u0411\u0430\u0445\u0438\u043b\u044b Tatonka Gaiter 420 HD JR black - \u041c\u0430\u0433\u0430\u0437\u0438\u043d Xstyle<\/title>\n<meta name=\"description\" content=\"\u041f\u043e\u043b\u0443\u0447\u0438\u0442\u0435 \u0437\u0430\u0449\u0438\u0442\u0443 \u043e\u0442 \u0432\u043e\u0434\u044b \u0438 \u0433\u0440\u044f\u0437\u0438 \u0441 \u0431\u0430\u0445\u0438\u043b\u0430\u043c\u0438 Tatonka Gaiter 420 HD JR black. \u0418\u0434\u0435\u0430\u043b\u044c\u043d\u044b \u0434\u043b\u044f \u0434\u0435\u0442\u0435\u0439 \u0438 \u043f\u043e\u0434\u0440\u043e\u0441\u0442\u043a\u043e\u0432, \u0438\u0437\u0433\u043e\u0442\u043e\u0432\u043b\u0435\u043d\u044b \u0432 \u0413\u0435\u0440\u043c\u0430\u043d\u0438\u0438.\" \/>\n<meta name=\"robots\" content=\"index, follow, max-snippet:-1, max-image-preview:large, max-video-preview:-1\" \/>\n<link rel=\"canonical\" href=\"https:\/\/xstyle.md\/ro\/produs\/bahily-tatonka-gaiter-420-hd-jr\/\" \/>\n<meta property=\"og:locale\" content=\"ro_RO\" \/>\n<meta property=\"og:type\" content=\"article\" \/>\n<meta property=\"og:title\" content=\"\u0411\u0430\u0445\u0438\u043b\u044b Tatonka Gaiter 420 HD JR black - \u041c\u0430\u0433\u0430\u0437\u0438\u043d Xstyle\" \/>\n<meta property=\"og:description\" content=\"\u041f\u043e\u043b\u0443\u0447\u0438\u0442\u0435 \u0437\u0430\u0449\u0438\u0442\u0443 \u043e\u0442 \u0432\u043e\u0434\u044b \u0438 \u0433\u0440\u044f\u0437\u0438 \u0441 \u0431\u0430\u0445\u0438\u043b\u0430\u043c\u0438 Tatonka Gaiter 420 HD JR black. \u0418\u0434\u0435\u0430\u043b\u044c\u043d\u044b \u0434\u043b\u044f \u0434\u0435\u0442\u0435\u0439 \u0438 \u043f\u043e\u0434\u0440\u043e\u0441\u0442\u043a\u043e\u0432, \u0438\u0437\u0433\u043e\u0442\u043e\u0432\u043b\u0435\u043d\u044b \u0432 \u0413\u0435\u0440\u043c\u0430\u043d\u0438\u0438.\" \/>\n<meta property=\"og:url\" content=\"https:\/\/xstyle.md\/ro\/produs\/bahily-tatonka-gaiter-420-hd-jr\/\" \/>\n<meta property=\"og:site_name\" content=\"\u041c\u0430\u0433\u0430\u0437\u0438\u043d Xstyle\" \/>\n<meta property=\"article:publisher\" content=\"https:\/\/www.facebook.com\/xstylemd\" \/>\n<meta property=\"article:modified_time\" content=\"2025-03-07T17:28:06+00:00\" \/>\n<meta property=\"og:image\" content=\"https:\/\/xstyle.md\/wp-content\/uploads\/2020\/07\/20140604100636-6923.jpg\" \/>\n\t<meta property=\"og:image:width\" content=\"837\" \/>\n\t<meta property=\"og:image:height\" content=\"991\" \/>\n\t<meta property=\"og:image:type\" content=\"image\/jpeg\" \/>\n<meta name=\"twitter:card\" content=\"summary_large_image\" \/>\n<meta name=\"twitter:label1\" content=\"Pre\u021b\" \/>\n\t<meta name=\"twitter:data1\" content=\"650&nbsp;MDL\" \/>\n\t<meta name=\"twitter:label2\" content=\"Disponibilitate\" \/>\n\t<meta name=\"twitter:data2\" content=\"\u00cen stoc\" \/>\n<script type=\"application\/ld+json\" class=\"yoast-schema-graph\">{\"@context\":\"https:\/\/schema.org\",\"@graph\":[{\"@type\":\"WebPage\",\"@id\":\"https:\/\/xstyle.md\/product\/bahily-tatonka-gaiter-420-hd-jr\/\",\"url\":\"https:\/\/xstyle.md\/product\/bahily-tatonka-gaiter-420-hd-jr\/\",\"name\":\"\u0411\u0430\u0445\u0438\u043b\u044b Tatonka Gaiter 420 HD JR black - \u041c\u0430\u0433\u0430\u0437\u0438\u043d Xstyle\",\"isPartOf\":{\"@id\":\"https:\/\/xstyle.md\/#website\"},\"primaryImageOfPage\":{\"@id\":\"https:\/\/xstyle.md\/product\/bahily-tatonka-gaiter-420-hd-jr\/#primaryimage\"},\"image\":{\"@id\":\"https:\/\/xstyle.md\/product\/bahily-tatonka-gaiter-420-hd-jr\/#primaryimage\"},\"thumbnailUrl\":\"https:\/\/xstyle.md\/wp-content\/uploads\/2020\/07\/20140604100636-6923.jpg\",\"datePublished\":\"2020-07-17T14:38:36+00:00\",\"dateModified\":\"2025-03-07T17:28:06+00:00\",\"description\":\"\u041f\u043e\u043b\u0443\u0447\u0438\u0442\u0435 \u0437\u0430\u0449\u0438\u0442\u0443 \u043e\u0442 \u0432\u043e\u0434\u044b \u0438 \u0433\u0440\u044f\u0437\u0438 \u0441 \u0431\u0430\u0445\u0438\u043b\u0430\u043c\u0438 Tatonka Gaiter 420 HD JR black. \u0418\u0434\u0435\u0430\u043b\u044c\u043d\u044b \u0434\u043b\u044f \u0434\u0435\u0442\u0435\u0439 \u0438 \u043f\u043e\u0434\u0440\u043e\u0441\u0442\u043a\u043e\u0432, \u0438\u0437\u0433\u043e\u0442\u043e\u0432\u043b\u0435\u043d\u044b \u0432 \u0413\u0435\u0440\u043c\u0430\u043d\u0438\u0438.\",\"breadcrumb\":{\"@id\":\"https:\/\/xstyle.md\/product\/bahily-tatonka-gaiter-420-hd-jr\/#breadcrumb\"},\"inLanguage\":\"ro-RO\",\"potentialAction\":[{\"@type\":\"ReadAction\",\"target\":[\"https:\/\/xstyle.md\/product\/bahily-tatonka-gaiter-420-hd-jr\/\"]}]},{\"@type\":\"ImageObject\",\"inLanguage\":\"ro-RO\",\"@id\":\"https:\/\/xstyle.md\/product\/bahily-tatonka-gaiter-420-hd-jr\/#primaryimage\",\"url\":\"https:\/\/xstyle.md\/wp-content\/uploads\/2020\/07\/20140604100636-6923.jpg\",\"contentUrl\":\"https:\/\/xstyle.md\/wp-content\/uploads\/2020\/07\/20140604100636-6923.jpg\",\"width\":837,\"height\":991},{\"@type\":\"BreadcrumbList\",\"@id\":\"https:\/\/xstyle.md\/product\/bahily-tatonka-gaiter-420-hd-jr\/#breadcrumb\",\"itemListElement\":[{\"@type\":\"ListItem\",\"position\":1,\"name\":\"\u0413\u043b\u0430\u0432\u043d\u0430\u044f \u0441\u0442\u0440\u0430\u043d\u0438\u0446\u0430\",\"item\":\"https:\/\/xstyle.md\/\"},{\"@type\":\"ListItem\",\"position\":2,\"name\":\"\u041c\u0430\u0433\u0430\u0437\u0438\u043d\",\"item\":\"https:\/\/xstyle.md\/shop\/\"},{\"@type\":\"ListItem\",\"position\":3,\"name\":\"\u0411\u0430\u0445\u0438\u043b\u044b Tatonka Gaiter 420 HD JR black\"}]},{\"@type\":\"WebSite\",\"@id\":\"https:\/\/xstyle.md\/#website\",\"url\":\"https:\/\/xstyle.md\/\",\"name\":\"\u041c\u0430\u0433\u0430\u0437\u0438\u043d Xstyle\",\"description\":\"C\u043d\u0430\u0440\u044f\u0436\u0435\u043d\u0438\u0435 \u0434\u043b\u044f \u0442\u0443\u0440\u0438\u0437\u043c\u0430 \u0438 \u044d\u043a\u0441\u0442\u0440\u0435\u043c\u0430\u043b\u044c\u043d\u044b\u0445 \u0432\u0438\u0434\u043e\u0432 \u0441\u043f\u043e\u0440\u0442\u0430 \u0432 \u041c\u043e\u043b\u0434\u043e\u0432\u0435.. \u0426\u0435\u043d\u044b, \u0444\u043e\u0442\u043e, \u0445\u0430\u0440\u0430\u043a\u0442\u0435\u0440\u0438\u0441\u0442\u0438\u043a\u0438 \u0432 \u041c\u043e\u043b\u0434\u043e\u0432\u0435.\",\"publisher\":{\"@id\":\"https:\/\/xstyle.md\/#organization\"},\"alternateName\":\"X-Style\",\"potentialAction\":[{\"@type\":\"SearchAction\",\"target\":{\"@type\":\"EntryPoint\",\"urlTemplate\":\"https:\/\/xstyle.md\/?s={search_term_string}\"},\"query-input\":{\"@type\":\"PropertyValueSpecification\",\"valueRequired\":true,\"valueName\":\"search_term_string\"}}],\"inLanguage\":\"ro-RO\"},{\"@type\":\"Organization\",\"@id\":\"https:\/\/xstyle.md\/#organization\",\"name\":\"\u041c\u0430\u0433\u0430\u0437\u0438\u043d Xstyle\",\"alternateName\":\"x-style\",\"url\":\"https:\/\/xstyle.md\/\",\"logo\":{\"@type\":\"ImageObject\",\"inLanguage\":\"ro-RO\",\"@id\":\"https:\/\/xstyle.md\/#\/schema\/logo\/image\/\",\"url\":\"https:\/\/xstyle.md\/wp-content\/uploads\/2020\/06\/logoicon.svg\",\"contentUrl\":\"https:\/\/xstyle.md\/wp-content\/uploads\/2020\/06\/logoicon.svg\",\"caption\":\"\u041c\u0430\u0433\u0430\u0437\u0438\u043d Xstyle\"},\"image\":{\"@id\":\"https:\/\/xstyle.md\/#\/schema\/logo\/image\/\"},\"sameAs\":[\"https:\/\/www.facebook.com\/xstylemd\",\"https:\/\/www.instagram.com\/xstyle_md\/\",\"https:\/\/t.me\/xstyle_outdoor\"],\"hasMerchantReturnPolicy\":{\"@type\":\"MerchantReturnPolicy\",\"merchantReturnLink\":\"https:\/\/xstyle.md\/ro\/conditions\/\"}}]}<\/script>\n<meta property=\"product:price:amount\" content=\"650.00\" \/>\n<meta property=\"product:price:currency\" content=\"MDL\" \/>\n<meta property=\"og:availability\" content=\"instock\" \/>\n<meta property=\"product:availability\" content=\"instock\" \/>\n<meta property=\"product:retailer_item_id\" content=\"4013236122220\" \/>\n<meta property=\"product:condition\" content=\"new\" \/>\n<!-- \/ Yoast SEO plugin. -->","yoast_head_json":{"title":"Paraz\u0103pezi Tatonka Gaiter 420 HD JR - Magazin Xstyle","description":"Ob\u021bine\u021bi protec\u021bie \u00eempotriva apei \u0219i murd\u0103riei cu \u0431\u0430\u0445\u0438\u043b\u0430\u043c\u0438 Tatonka Gaiter 420 HD JR black. Ideale pentru copii \u0219i adolescen\u021bi, fabricate \u00een Germania.","robots":{"index":"index","follow":"follow","max-snippet":"max-snippet:-1","max-image-preview":"max-image-preview:large","max-video-preview":"max-video-preview:-1"},"canonical":"https:\/\/xstyle.md\/ro\/produs\/bahily-tatonka-gaiter-420-hd-jr\/","og_locale":"ro_RO","og_type":"article","og_title":"\u0411\u0430\u0445\u0438\u043b\u044b Tatonka Gaiter 420 HD JR black - \u041c\u0430\u0433\u0430\u0437\u0438\u043d Xstyle","og_description":"\u041f\u043e\u043b\u0443\u0447\u0438\u0442\u0435 \u0437\u0430\u0449\u0438\u0442\u0443 \u043e\u0442 \u0432\u043e\u0434\u044b \u0438 \u0433\u0440\u044f\u0437\u0438 \u0441 \u0431\u0430\u0445\u0438\u043b\u0430\u043c\u0438 Tatonka Gaiter 420 HD JR black. \u0418\u0434\u0435\u0430\u043b\u044c\u043d\u044b \u0434\u043b\u044f \u0434\u0435\u0442\u0435\u0439 \u0438 \u043f\u043e\u0434\u0440\u043e\u0441\u0442\u043a\u043e\u0432, \u0438\u0437\u0433\u043e\u0442\u043e\u0432\u043b\u0435\u043d\u044b \u0432 \u0413\u0435\u0440\u043c\u0430\u043d\u0438\u0438.","og_url":"https:\/\/xstyle.md\/ro\/produs\/bahily-tatonka-gaiter-420-hd-jr\/","og_site_name":"\u041c\u0430\u0433\u0430\u0437\u0438\u043d Xstyle","article_publisher":"https:\/\/www.facebook.com\/xstylemd","article_modified_time":"2025-03-07T17:28:06+00:00","og_image":[{"width":837,"height":991,"url":"https:\/\/xstyle.md\/wp-content\/uploads\/2020\/07\/20140604100636-6923.jpg","type":"image\/jpeg"}],"twitter_card":"summary_large_image","twitter_misc":{"Pre\u021b":"650&nbsp;MDL","Disponibilitate":"\u00cen stoc"},"schema":{"@context":"https:\/\/schema.org","@graph":[{"@type":"WebPage","@id":"https:\/\/xstyle.md\/product\/bahily-tatonka-gaiter-420-hd-jr\/","url":"https:\/\/xstyle.md\/product\/bahily-tatonka-gaiter-420-hd-jr\/","name":"Paraz\u0103pezi Tatonka Gaiter 420 HD JR - Magazin Xstyle","isPartOf":{"@id":"https:\/\/xstyle.md\/#website"},"primaryImageOfPage":{"@id":"https:\/\/xstyle.md\/product\/bahily-tatonka-gaiter-420-hd-jr\/#primaryimage"},"image":{"@id":"https:\/\/xstyle.md\/product\/bahily-tatonka-gaiter-420-hd-jr\/#primaryimage"},"thumbnailUrl":"https:\/\/xstyle.md\/wp-content\/uploads\/2020\/07\/20140604100636-6923.jpg","datePublished":"2020-07-17T14:38:36+00:00","dateModified":"2025-03-07T17:28:06+00:00","description":"Ob\u021bine\u021bi protec\u021bie \u00eempotriva apei \u0219i murd\u0103riei cu \u0431\u0430\u0445\u0438\u043b\u0430\u043c\u0438 Tatonka Gaiter 420 HD JR black. Ideale pentru copii \u0219i adolescen\u021bi, fabricate \u00een Germania.","breadcrumb":{"@id":"https:\/\/xstyle.md\/product\/bahily-tatonka-gaiter-420-hd-jr\/#breadcrumb"},"inLanguage":"ro-RO","potentialAction":[{"@type":"ReadAction","target":["https:\/\/xstyle.md\/product\/bahily-tatonka-gaiter-420-hd-jr\/"]}]},{"@type":"ImageObject","inLanguage":"ro-RO","@id":"https:\/\/xstyle.md\/product\/bahily-tatonka-gaiter-420-hd-jr\/#primaryimage","url":"https:\/\/xstyle.md\/wp-content\/uploads\/2020\/07\/20140604100636-6923.jpg","contentUrl":"https:\/\/xstyle.md\/wp-content\/uploads\/2020\/07\/20140604100636-6923.jpg","width":837,"height":991},{"@type":"BreadcrumbList","@id":"https:\/\/xstyle.md\/product\/bahily-tatonka-gaiter-420-hd-jr\/#breadcrumb","itemListElement":[{"@type":"ListItem","position":1,"name":"\u0413\u043b\u0430\u0432\u043d\u0430\u044f \u0441\u0442\u0440\u0430\u043d\u0438\u0446\u0430","item":"https:\/\/xstyle.md\/"},{"@type":"ListItem","position":2,"name":"\u041c\u0430\u0433\u0430\u0437\u0438\u043d","item":"https:\/\/xstyle.md\/shop\/"},{"@type":"ListItem","position":3,"name":"\u0411\u0430\u0445\u0438\u043b\u044b Tatonka Gaiter 420 HD JR black"}]},{"@type":"WebSite","@id":"https:\/\/xstyle.md\/#website","url":"https:\/\/xstyle.md\/","name":"Magazinul X-Style","description":"Echipamente pentru turism \u0219i sporturi extreme \u00een Moldova. Pre\u021buri, fotografii, caracteristici \u00een Moldova.","publisher":{"@id":"https:\/\/xstyle.md\/#organization"},"alternateName":"X-Style","potentialAction":[{"@type":"SearchAction","target":{"@type":"EntryPoint","urlTemplate":"https:\/\/xstyle.md\/?s={search_term_string}"},"query-input":{"@type":"PropertyValueSpecification","valueRequired":true,"valueName":"search_term_string"}}],"inLanguage":"ro-RO"},{"@type":"Organization","@id":"https:\/\/xstyle.md\/#organization","name":"Magazinul X-Style","alternateName":"x-style","url":"https:\/\/xstyle.md\/","logo":{"@type":"ImageObject","inLanguage":"ro-RO","@id":"https:\/\/xstyle.md\/#\/schema\/logo\/image\/","url":"https:\/\/xstyle.md\/wp-content\/uploads\/2020\/06\/logoicon.svg","contentUrl":"https:\/\/xstyle.md\/wp-content\/uploads\/2020\/06\/logoicon.svg","caption":"\u041c\u0430\u0433\u0430\u0437\u0438\u043d Xstyle"},"image":{"@id":"https:\/\/xstyle.md\/#\/schema\/logo\/image\/"},"sameAs":["https:\/\/www.facebook.com\/xstylemd","https:\/\/www.instagram.com\/xstyle_md\/","https:\/\/t.me\/xstyle_outdoor"],"hasMerchantReturnPolicy":{"@type":"MerchantReturnPolicy","merchantReturnLink":"https:\/\/xstyle.md\/ro\/conditions\/"}}]},"product_price_amount":"650.00","product_price_currency":"MDL","og_availability":"instock","product_availability":"instock","product_retailer_item_id":"4013236122220","product_condition":"new"},"post_mailing_queue_ids":[],"_links":{"self":[{"href":"https:\/\/xstyle.md\/ro\/wp-json\/wp\/v2\/product\/17223","targetHints":{"allow":["GET"]}}],"collection":[{"href":"https:\/\/xstyle.md\/ro\/wp-json\/wp\/v2\/product"}],"about":[{"href":"https:\/\/xstyle.md\/ro\/wp-json\/wp\/v2\/types\/product"}],"replies":[{"embeddable":true,"href":"https:\/\/xstyle.md\/ro\/wp-json\/wp\/v2\/comments?post=17223"}],"wp:featuredmedia":[{"embeddable":true,"href":"https:\/\/xstyle.md\/ro\/wp-json\/wp\/v2\/media\/17222"}],"wp:attachment":[{"href":"https:\/\/xstyle.md\/ro\/wp-json\/wp\/v2\/media?parent=17223"}],"wp:term":[{"taxonomy":"product_brand","embeddable":true,"href":"https:\/\/xstyle.md\/ro\/wp-json\/wp\/v2\/product_brand?post=17223"},{"taxonomy":"product_cat","embeddable":true,"href":"https:\/\/xstyle.md\/ro\/wp-json\/wp\/v2\/product_cat?post=17223"},{"taxonomy":"product_tag","embeddable":true,"href":"https:\/\/xstyle.md\/ro\/wp-json\/wp\/v2\/product_tag?post=17223"}],"curies":[{"name":"wp","href":"https:\/\/api.w.org\/{rel}","templated":true}]}}