{"id":17193,"date":"2020-07-17T17:36:22","date_gmt":"2020-07-17T14:36:22","guid":{"rendered":"https:\/\/xstyle.md\/product\/krossovki-detskie-keen-chandler-cnx-c-bright"},"modified":"2026-04-08T10:28:43","modified_gmt":"2026-04-08T07:28:43","slug":"krossovki-detskie-keen-chandler-cnx-c-bright","status":"publish","type":"product","link":"https:\/\/xstyle.md\/ro\/produs\/krossovki-detskie-keen-chandler-cnx-c-bright\/","title":{"rendered":"Adida\u0219i Keen Chandler CNX C-bright"},"content":{"rendered":"<\/p>\n<p><strong>Keen Chandler CNX C-bright<\/strong> &#8212; adida\u0219i de var\u0103 aerodinamici, u\u0219ori \u0219i rezisten\u021bi. Confec\u021biona\u021bi din material sintetic cu uscare rapid\u0103 \u0219i plas\u0103 respirabil\u0103. Forma special\u0103 elimin\u0103 cus\u0103turile din interiorul incaltamintei. Talpa de cauciuc are o banda de rulare multi-direc\u021bional\u0103 pentru o trac\u021biune excelent\u0103 cu diferite suprafe\u021be. Un suport este \u00eencorporat \u00een talp\u0103 pentru a men\u021bine arca piciorului. Sistemul de \u0219iret elastic \u0219i cureaua de fixare Velcro sunt practice. Piciorul este protejat de lovituri nea\u0219teptate prin tehnologia KEEN.PROTECT \u2122.<\/p>\n<h3>Particularit\u0103\u021bi<\/h3>\n<ul>\n<li>U\u0219oari \u0219i confortabili<\/li>\n<li>C\u0103ptu\u0219eal\u0103 cu plas\u0103 respirabil\u0103<\/li>\n<li>Suport pentru sprijinirea arcului piciorului<\/li>\n<li>Trac\u021biune maxim\u0103<\/li>\n<li>Virful protejat<\/li>\n<li>Cus\u0103tur\u0103 special\u0103 elimin\u0103 suprapunerea materialului \u00een interior<\/li>\n<li>\u0218ireturi confortabile.<\/li>\n<\/ul>\n<h3>Caracteristici<\/h3>\n<ul>\n<li>Stratul exterior: plas\u0103 respirabil\u0103.<\/li>\n<li>Talp\u0103 anatomic\u0103 + suport arc.<\/li>\n<li>Talp\u0103 cu model multidirec\u021bional.<\/li>\n<li>Numire: drume\u021bie.<\/li>\n<li>Greutate: 280 gr.<\/li>\n<\/ul>\n<h3>Tehnologie<\/h3>\n<ul>\n<li><strong>Keen.Protect<\/strong> \u2013 protec\u021bia \u00een zona degetelor de la picioare \u0219i \u00een alt\u0103 parte va oferi confort \u00eempotriva denivel\u0103rilor nea\u0219teptate. Tehnologie brevetat\u0103.<\/li>\n<li><strong>Cleansport nxt<\/strong> &#8212; este procesul de utilizare a tehnologiei probiotice pentru a reduce mirosurile \u00een \u00eembr\u0103c\u0103mintea \u0219i \u00eenc\u0103l\u021b\u0103mintea sport. Microbii utili care se g\u0103sesc \u00een jurul nostru \u00een natur\u0103 sunt selecta\u021bi \u0219i combina\u021bi cu suprafa\u021ba \u021besutului. Acest proces inovator ecologic de aplicare a microorganismelor vii pe fibre are un efect pozitiv pentru proprietarul incaltamintei \u0219i nu d\u0103uneaz\u0103 mediului, spre deosebire de tehnologiile chimice.<\/li>\n<\/ul>\n<p>\n\n<\/p>\n<h3>Marca<\/h3>\n<p>KEEN este compania de outdoor cu cea mai rapid\u0103 cre\u0219tere din lume. Keen s-a n\u0103scut relativ recent, \u00een martie 2003. Fondatorii s\u0103i, Martin Keen \u0219i Rory Foust, \u0219i-au propus s\u0103 creeze sandale care s\u0103 ofere protec\u021bie pentru degetele de la picioare.<\/p>\n<p>Modelele primile de incaltaminte KEEN sunt concepute pentru activit\u0103\u021bi sportive. Modelele dispuns un v\u00e2rf \u00eent\u0103rit care protejeaz\u0103 degetele de la picioare \u0219i \u00eenc\u0103l\u021b\u0103mintea \u00een sine de uzur\u0103 \u0219i deteriorare.<\/p>\n<p>\u00cen prezent, KEEN ofer\u0103 at\u00e2t \u00eenc\u0103l\u021b\u0103minte pentru odihna activ\u0103 \u0219i sport, c\u00e2t \u0219i \u00eenc\u0103l\u021b\u0103minte de mod\u0103 pentru ora\u0219e. Compania cre\u0219te \u0219i se dezvolt\u0103 rapid \u0219i, odat\u0103 cu cre\u0219terea, se schimb\u0103 constant: extinde gama de modele, adaug\u0103 noi stiluri \u0219i culori.<\/p>\n<p>","protected":false},"excerpt":{"rendered":"<p>Adida\u0219i Keen Chandler CNX C-bright<\/p>","protected":false},"featured_media":17186,"comment_status":"open","ping_status":"closed","template":"","meta":{"_acf_changed":false,"inline_featured_image":false},"product_brand":[1335],"product_cat":[905],"product_tag":[],"class_list":{"0":"post-17193","1":"product","2":"type-product","3":"status-publish","4":"has-post-thumbnail","6":"product_brand-keen","7":"product_cat-kids-sport-shoes","8":"pa_naznachenie-obuvi-trekking","9":"pa_razmer-shoes-1029","10":"pa_razmer-shoes-1030","11":"pa_razmer-shoes-1031","12":"pa_razmer-shoes-1032","13":"pa_razmer-shoes-1033","14":"pa_razmer-shoes-666","15":"pa_sex-jr","16":"pa_sezon-demisezon","18":"first","19":"outofstock","20":"shipping-taxable","21":"product-type-variable"},"acf":[],"yoast_head":"<!-- This site is optimized with the Yoast SEO plugin v27.2 - https:\/\/yoast.com\/product\/yoast-seo-wordpress\/ -->\n<title>\u041a\u0440\u043e\u0441\u0441\u043e\u0432\u043a\u0438 \u0434\u0435\u0442\u0441\u043a\u0438\u0435 Keen Chandler CNX C-bright - \u041c\u0430\u0433\u0430\u0437\u0438\u043d Xstyle<\/title>\n<meta name=\"description\" content=\"\u041a\u0440\u043e\u0441\u0441\u043e\u0432\u043a\u0438 \u0434\u0435\u0442\u0441\u043a\u0438\u0435 Keen Chandler CNX C-bright - \u043b\u0435\u0433\u043a\u0438\u0435 \u0438 \u0434\u044b\u0448\u0430\u0449\u0438\u0435, \u0441 KeenProtect \u0438 \u043e\u0442\u043b\u0438\u0447\u043d\u043e\u0439 traction. \u0418\u0434\u0435\u0430\u043b\u044c\u043d\u044b \u0434\u043b\u044f \u0430\u043a\u0442\u0438\u0432\u043d\u044b\u0445 \u043b\u0435\u0442\u043d\u0438\u0445 \u043f\u0440\u0438\u043a\u043b\u044e\u0447\u0435\u043d\u0438\u0439!\" \/>\n<meta name=\"robots\" content=\"index, follow, max-snippet:-1, max-image-preview:large, max-video-preview:-1\" \/>\n<link rel=\"canonical\" href=\"https:\/\/xstyle.md\/ro\/produs\/krossovki-detskie-keen-chandler-cnx-c-bright\/\" \/>\n<meta property=\"og:locale\" content=\"ro_RO\" \/>\n<meta property=\"og:type\" content=\"article\" \/>\n<meta property=\"og:title\" content=\"\u041a\u0440\u043e\u0441\u0441\u043e\u0432\u043a\u0438 \u0434\u0435\u0442\u0441\u043a\u0438\u0435 Keen Chandler CNX C-bright - \u041c\u0430\u0433\u0430\u0437\u0438\u043d Xstyle\" \/>\n<meta property=\"og:description\" content=\"\u041a\u0440\u043e\u0441\u0441\u043e\u0432\u043a\u0438 \u0434\u0435\u0442\u0441\u043a\u0438\u0435 Keen Chandler CNX C-bright - \u043b\u0435\u0433\u043a\u0438\u0435 \u0438 \u0434\u044b\u0448\u0430\u0449\u0438\u0435, \u0441 KeenProtect \u0438 \u043e\u0442\u043b\u0438\u0447\u043d\u043e\u0439 traction. \u0418\u0434\u0435\u0430\u043b\u044c\u043d\u044b \u0434\u043b\u044f \u0430\u043a\u0442\u0438\u0432\u043d\u044b\u0445 \u043b\u0435\u0442\u043d\u0438\u0445 \u043f\u0440\u0438\u043a\u043b\u044e\u0447\u0435\u043d\u0438\u0439!\" \/>\n<meta property=\"og:url\" content=\"https:\/\/xstyle.md\/ro\/produs\/krossovki-detskie-keen-chandler-cnx-c-bright\/\" \/>\n<meta property=\"og:site_name\" content=\"\u041c\u0430\u0433\u0430\u0437\u0438\u043d Xstyle\" \/>\n<meta property=\"article:publisher\" content=\"https:\/\/www.facebook.com\/xstylemd\" \/>\n<meta property=\"article:modified_time\" content=\"2026-04-08T07:28:43+00:00\" \/>\n<meta property=\"og:image\" content=\"https:\/\/xstyle.md\/wp-content\/uploads\/2020\/07\/1000_2__22.jpg\" \/>\n\t<meta property=\"og:image:width\" content=\"1023\" \/>\n\t<meta property=\"og:image:height\" content=\"659\" \/>\n\t<meta property=\"og:image:type\" content=\"image\/jpeg\" \/>\n<meta name=\"twitter:card\" content=\"summary_large_image\" \/>\n<meta name=\"twitter:label1\" content=\"Disponibilitate\" \/>\n\t<meta name=\"twitter:data1\" content=\"Stoc epuizat\" \/>\n<script type=\"application\/ld+json\" class=\"yoast-schema-graph\">{\"@context\":\"https:\/\/schema.org\",\"@graph\":[{\"@type\":\"WebPage\",\"@id\":\"https:\/\/xstyle.md\/product\/krossovki-detskie-keen-chandler-cnx-c-bright\/\",\"url\":\"https:\/\/xstyle.md\/product\/krossovki-detskie-keen-chandler-cnx-c-bright\/\",\"name\":\"\u041a\u0440\u043e\u0441\u0441\u043e\u0432\u043a\u0438 \u0434\u0435\u0442\u0441\u043a\u0438\u0435 Keen Chandler CNX C-bright - \u041c\u0430\u0433\u0430\u0437\u0438\u043d Xstyle\",\"isPartOf\":{\"@id\":\"https:\/\/xstyle.md\/#website\"},\"primaryImageOfPage\":{\"@id\":\"https:\/\/xstyle.md\/product\/krossovki-detskie-keen-chandler-cnx-c-bright\/#primaryimage\"},\"image\":{\"@id\":\"https:\/\/xstyle.md\/product\/krossovki-detskie-keen-chandler-cnx-c-bright\/#primaryimage\"},\"thumbnailUrl\":\"https:\/\/xstyle.md\/wp-content\/uploads\/2020\/07\/1000_2__22.jpg\",\"datePublished\":\"2020-07-17T14:36:22+00:00\",\"dateModified\":\"2026-04-08T07:28:43+00:00\",\"description\":\"\u041a\u0440\u043e\u0441\u0441\u043e\u0432\u043a\u0438 \u0434\u0435\u0442\u0441\u043a\u0438\u0435 Keen Chandler CNX C-bright - \u043b\u0435\u0433\u043a\u0438\u0435 \u0438 \u0434\u044b\u0448\u0430\u0449\u0438\u0435, \u0441 KeenProtect \u0438 \u043e\u0442\u043b\u0438\u0447\u043d\u043e\u0439 traction. \u0418\u0434\u0435\u0430\u043b\u044c\u043d\u044b \u0434\u043b\u044f \u0430\u043a\u0442\u0438\u0432\u043d\u044b\u0445 \u043b\u0435\u0442\u043d\u0438\u0445 \u043f\u0440\u0438\u043a\u043b\u044e\u0447\u0435\u043d\u0438\u0439!\",\"breadcrumb\":{\"@id\":\"https:\/\/xstyle.md\/product\/krossovki-detskie-keen-chandler-cnx-c-bright\/#breadcrumb\"},\"inLanguage\":\"ro-RO\",\"potentialAction\":[{\"@type\":\"ReadAction\",\"target\":[\"https:\/\/xstyle.md\/product\/krossovki-detskie-keen-chandler-cnx-c-bright\/\"]}]},{\"@type\":\"ImageObject\",\"inLanguage\":\"ro-RO\",\"@id\":\"https:\/\/xstyle.md\/product\/krossovki-detskie-keen-chandler-cnx-c-bright\/#primaryimage\",\"url\":\"https:\/\/xstyle.md\/wp-content\/uploads\/2020\/07\/1000_2__22.jpg\",\"contentUrl\":\"https:\/\/xstyle.md\/wp-content\/uploads\/2020\/07\/1000_2__22.jpg\",\"width\":1023,\"height\":659},{\"@type\":\"BreadcrumbList\",\"@id\":\"https:\/\/xstyle.md\/product\/krossovki-detskie-keen-chandler-cnx-c-bright\/#breadcrumb\",\"itemListElement\":[{\"@type\":\"ListItem\",\"position\":1,\"name\":\"\u0413\u043b\u0430\u0432\u043d\u0430\u044f \u0441\u0442\u0440\u0430\u043d\u0438\u0446\u0430\",\"item\":\"https:\/\/xstyle.md\/\"},{\"@type\":\"ListItem\",\"position\":2,\"name\":\"\u041c\u0430\u0433\u0430\u0437\u0438\u043d\",\"item\":\"https:\/\/xstyle.md\/shop\/\"},{\"@type\":\"ListItem\",\"position\":3,\"name\":\"\u041a\u0440\u043e\u0441\u0441\u043e\u0432\u043a\u0438 \u0434\u0435\u0442\u0441\u043a\u0438\u0435 Keen Chandler CNX C-bright\"}]},{\"@type\":\"WebSite\",\"@id\":\"https:\/\/xstyle.md\/#website\",\"url\":\"https:\/\/xstyle.md\/\",\"name\":\"\u041c\u0430\u0433\u0430\u0437\u0438\u043d Xstyle\",\"description\":\"C\u043d\u0430\u0440\u044f\u0436\u0435\u043d\u0438\u0435 \u0434\u043b\u044f \u0442\u0443\u0440\u0438\u0437\u043c\u0430 \u0438 \u044d\u043a\u0441\u0442\u0440\u0435\u043c\u0430\u043b\u044c\u043d\u044b\u0445 \u0432\u0438\u0434\u043e\u0432 \u0441\u043f\u043e\u0440\u0442\u0430 \u0432 \u041c\u043e\u043b\u0434\u043e\u0432\u0435.. \u0426\u0435\u043d\u044b, \u0444\u043e\u0442\u043e, \u0445\u0430\u0440\u0430\u043a\u0442\u0435\u0440\u0438\u0441\u0442\u0438\u043a\u0438 \u0432 \u041c\u043e\u043b\u0434\u043e\u0432\u0435.\",\"publisher\":{\"@id\":\"https:\/\/xstyle.md\/#organization\"},\"alternateName\":\"X-Style\",\"potentialAction\":[{\"@type\":\"SearchAction\",\"target\":{\"@type\":\"EntryPoint\",\"urlTemplate\":\"https:\/\/xstyle.md\/?s={search_term_string}\"},\"query-input\":{\"@type\":\"PropertyValueSpecification\",\"valueRequired\":true,\"valueName\":\"search_term_string\"}}],\"inLanguage\":\"ro-RO\"},{\"@type\":\"Organization\",\"@id\":\"https:\/\/xstyle.md\/#organization\",\"name\":\"\u041c\u0430\u0433\u0430\u0437\u0438\u043d Xstyle\",\"alternateName\":\"x-style\",\"url\":\"https:\/\/xstyle.md\/\",\"logo\":{\"@type\":\"ImageObject\",\"inLanguage\":\"ro-RO\",\"@id\":\"https:\/\/xstyle.md\/#\/schema\/logo\/image\/\",\"url\":\"https:\/\/xstyle.md\/wp-content\/uploads\/2020\/06\/logoicon.svg\",\"contentUrl\":\"https:\/\/xstyle.md\/wp-content\/uploads\/2020\/06\/logoicon.svg\",\"caption\":\"\u041c\u0430\u0433\u0430\u0437\u0438\u043d Xstyle\"},\"image\":{\"@id\":\"https:\/\/xstyle.md\/#\/schema\/logo\/image\/\"},\"sameAs\":[\"https:\/\/www.facebook.com\/xstylemd\",\"https:\/\/www.instagram.com\/xstyle_md\/\",\"https:\/\/t.me\/xstyle_outdoor\"],\"hasMerchantReturnPolicy\":{\"@type\":\"MerchantReturnPolicy\",\"merchantReturnLink\":\"https:\/\/xstyle.md\/ro\/conditions\/\"}}]}<\/script>\n<meta property=\"og:availability\" content=\"out of stock\" \/>\n<meta property=\"product:availability\" content=\"out of stock\" \/>\n<meta property=\"product:retailer_item_id\" content=\"X22011a\" \/>\n<meta property=\"product:condition\" content=\"new\" \/>\n<!-- \/ Yoast SEO plugin. -->","yoast_head_json":{"title":"Adidasi pentru copii Keen Chandler CNX C-bright - Magazin Xstyle","description":"Pantofi sport copii Keen Chandler CNX C-bright - u\u0219ori \u0219i respirabili, cu KeenProtect \u0219i o excelent\u0103 aderen\u021b\u0103. Ideali pentru aventuri active de var\u0103!","robots":{"index":"index","follow":"follow","max-snippet":"max-snippet:-1","max-image-preview":"max-image-preview:large","max-video-preview":"max-video-preview:-1"},"canonical":"https:\/\/xstyle.md\/ro\/produs\/krossovki-detskie-keen-chandler-cnx-c-bright\/","og_locale":"ro_RO","og_type":"article","og_title":"\u041a\u0440\u043e\u0441\u0441\u043e\u0432\u043a\u0438 \u0434\u0435\u0442\u0441\u043a\u0438\u0435 Keen Chandler CNX C-bright - \u041c\u0430\u0433\u0430\u0437\u0438\u043d Xstyle","og_description":"\u041a\u0440\u043e\u0441\u0441\u043e\u0432\u043a\u0438 \u0434\u0435\u0442\u0441\u043a\u0438\u0435 Keen Chandler CNX C-bright - \u043b\u0435\u0433\u043a\u0438\u0435 \u0438 \u0434\u044b\u0448\u0430\u0449\u0438\u0435, \u0441 KeenProtect \u0438 \u043e\u0442\u043b\u0438\u0447\u043d\u043e\u0439 traction. \u0418\u0434\u0435\u0430\u043b\u044c\u043d\u044b \u0434\u043b\u044f \u0430\u043a\u0442\u0438\u0432\u043d\u044b\u0445 \u043b\u0435\u0442\u043d\u0438\u0445 \u043f\u0440\u0438\u043a\u043b\u044e\u0447\u0435\u043d\u0438\u0439!","og_url":"https:\/\/xstyle.md\/ro\/produs\/krossovki-detskie-keen-chandler-cnx-c-bright\/","og_site_name":"\u041c\u0430\u0433\u0430\u0437\u0438\u043d Xstyle","article_publisher":"https:\/\/www.facebook.com\/xstylemd","article_modified_time":"2026-04-08T07:28:43+00:00","og_image":[{"width":1023,"height":659,"url":"https:\/\/xstyle.md\/wp-content\/uploads\/2020\/07\/1000_2__22.jpg","type":"image\/jpeg"}],"twitter_card":"summary_large_image","twitter_misc":{"Disponibilitate":"Stoc epuizat"},"schema":{"@context":"https:\/\/schema.org","@graph":[{"@type":"WebPage","@id":"https:\/\/xstyle.md\/product\/krossovki-detskie-keen-chandler-cnx-c-bright\/","url":"https:\/\/xstyle.md\/product\/krossovki-detskie-keen-chandler-cnx-c-bright\/","name":"Adidasi pentru copii Keen Chandler CNX C-bright - Magazin Xstyle","isPartOf":{"@id":"https:\/\/xstyle.md\/#website"},"primaryImageOfPage":{"@id":"https:\/\/xstyle.md\/product\/krossovki-detskie-keen-chandler-cnx-c-bright\/#primaryimage"},"image":{"@id":"https:\/\/xstyle.md\/product\/krossovki-detskie-keen-chandler-cnx-c-bright\/#primaryimage"},"thumbnailUrl":"https:\/\/xstyle.md\/wp-content\/uploads\/2020\/07\/1000_2__22.jpg","datePublished":"2020-07-17T14:36:22+00:00","dateModified":"2026-04-08T07:28:43+00:00","description":"Pantofi sport copii Keen Chandler CNX C-bright - u\u0219ori \u0219i respirabili, cu KeenProtect \u0219i o excelent\u0103 aderen\u021b\u0103. Ideali pentru aventuri active de var\u0103!","breadcrumb":{"@id":"https:\/\/xstyle.md\/product\/krossovki-detskie-keen-chandler-cnx-c-bright\/#breadcrumb"},"inLanguage":"ro-RO","potentialAction":[{"@type":"ReadAction","target":["https:\/\/xstyle.md\/product\/krossovki-detskie-keen-chandler-cnx-c-bright\/"]}]},{"@type":"ImageObject","inLanguage":"ro-RO","@id":"https:\/\/xstyle.md\/product\/krossovki-detskie-keen-chandler-cnx-c-bright\/#primaryimage","url":"https:\/\/xstyle.md\/wp-content\/uploads\/2020\/07\/1000_2__22.jpg","contentUrl":"https:\/\/xstyle.md\/wp-content\/uploads\/2020\/07\/1000_2__22.jpg","width":1023,"height":659},{"@type":"BreadcrumbList","@id":"https:\/\/xstyle.md\/product\/krossovki-detskie-keen-chandler-cnx-c-bright\/#breadcrumb","itemListElement":[{"@type":"ListItem","position":1,"name":"\u0413\u043b\u0430\u0432\u043d\u0430\u044f \u0441\u0442\u0440\u0430\u043d\u0438\u0446\u0430","item":"https:\/\/xstyle.md\/"},{"@type":"ListItem","position":2,"name":"\u041c\u0430\u0433\u0430\u0437\u0438\u043d","item":"https:\/\/xstyle.md\/shop\/"},{"@type":"ListItem","position":3,"name":"\u041a\u0440\u043e\u0441\u0441\u043e\u0432\u043a\u0438 \u0434\u0435\u0442\u0441\u043a\u0438\u0435 Keen Chandler CNX C-bright"}]},{"@type":"WebSite","@id":"https:\/\/xstyle.md\/#website","url":"https:\/\/xstyle.md\/","name":"Magazinul X-Style","description":"Echipamente pentru turism \u0219i sporturi extreme \u00een Moldova. Pre\u021buri, fotografii, caracteristici \u00een Moldova.","publisher":{"@id":"https:\/\/xstyle.md\/#organization"},"alternateName":"X-Style","potentialAction":[{"@type":"SearchAction","target":{"@type":"EntryPoint","urlTemplate":"https:\/\/xstyle.md\/?s={search_term_string}"},"query-input":{"@type":"PropertyValueSpecification","valueRequired":true,"valueName":"search_term_string"}}],"inLanguage":"ro-RO"},{"@type":"Organization","@id":"https:\/\/xstyle.md\/#organization","name":"Magazinul X-Style","alternateName":"x-style","url":"https:\/\/xstyle.md\/","logo":{"@type":"ImageObject","inLanguage":"ro-RO","@id":"https:\/\/xstyle.md\/#\/schema\/logo\/image\/","url":"https:\/\/xstyle.md\/wp-content\/uploads\/2020\/06\/logoicon.svg","contentUrl":"https:\/\/xstyle.md\/wp-content\/uploads\/2020\/06\/logoicon.svg","caption":"\u041c\u0430\u0433\u0430\u0437\u0438\u043d Xstyle"},"image":{"@id":"https:\/\/xstyle.md\/#\/schema\/logo\/image\/"},"sameAs":["https:\/\/www.facebook.com\/xstylemd","https:\/\/www.instagram.com\/xstyle_md\/","https:\/\/t.me\/xstyle_outdoor"],"hasMerchantReturnPolicy":{"@type":"MerchantReturnPolicy","merchantReturnLink":"https:\/\/xstyle.md\/ro\/conditions\/"}}]},"og_availability":"out of stock","product_availability":"out of stock","product_retailer_item_id":"X22011a","product_condition":"new"},"post_mailing_queue_ids":[],"_links":{"self":[{"href":"https:\/\/xstyle.md\/ro\/wp-json\/wp\/v2\/product\/17193","targetHints":{"allow":["GET"]}}],"collection":[{"href":"https:\/\/xstyle.md\/ro\/wp-json\/wp\/v2\/product"}],"about":[{"href":"https:\/\/xstyle.md\/ro\/wp-json\/wp\/v2\/types\/product"}],"replies":[{"embeddable":true,"href":"https:\/\/xstyle.md\/ro\/wp-json\/wp\/v2\/comments?post=17193"}],"wp:featuredmedia":[{"embeddable":true,"href":"https:\/\/xstyle.md\/ro\/wp-json\/wp\/v2\/media\/17186"}],"wp:attachment":[{"href":"https:\/\/xstyle.md\/ro\/wp-json\/wp\/v2\/media?parent=17193"}],"wp:term":[{"taxonomy":"product_brand","embeddable":true,"href":"https:\/\/xstyle.md\/ro\/wp-json\/wp\/v2\/product_brand?post=17193"},{"taxonomy":"product_cat","embeddable":true,"href":"https:\/\/xstyle.md\/ro\/wp-json\/wp\/v2\/product_cat?post=17193"},{"taxonomy":"product_tag","embeddable":true,"href":"https:\/\/xstyle.md\/ro\/wp-json\/wp\/v2\/product_tag?post=17193"}],"curies":[{"name":"wp","href":"https:\/\/api.w.org\/{rel}","templated":true}]}}