{"id":16953,"date":"2020-07-17T17:21:36","date_gmt":"2020-07-17T14:21:36","guid":{"rendered":"https:\/\/xstyle.md\/product\/ledobur-vento-spin-l-220mm"},"modified":"2025-10-24T13:15:32","modified_gmt":"2025-10-24T10:15:32","slug":"ledobur-vento-spin-l-220mm","status":"publish","type":"product","link":"https:\/\/xstyle.md\/ro\/produs\/ledobur-vento-spin-l-220mm\/","title":{"rendered":"Piolet Vento Spin L 220mm"},"content":{"rendered":"<\/p>\n<p><strong>Piolet Vento Spin L 220mm\u00a0&#8212;\u00a0<\/strong>cu acest piolet din inox pute\u021bi organiza puncte de siguran\u021b\u0103 fiabile pe ghea\u021b\u0103 \u0219i cobor\u00ee pe relief de ghea\u021b\u0103. Trainic \u0219i sigur.<\/p>\n<h3><strong>Particularit\u0103\u021bi<\/strong><\/h3>\n<ul>\n<li>Din\u021bi foarte ascu\u021bi\u021bi pentru o \u00een\u0219urubare u\u0219oar\u0103 \u00een ghea\u021b\u0103.<\/li>\n<li>Lustruirea de \u00eenalt\u0103 calitate a suprafe\u021bei interioare \u0219i exterioare faciliteaz\u0103 \u00een\u0219urubarea \/ de\u0219urubarea.<\/li>\n<li>Suprafa\u021ba mare a cilindrului \u0219i t\u0103ierea \u00een form\u0103 conic\u0103 reduc riscul de rupere a pioletului.<\/li>\n<li>M\u00e2nerul convenabil pentru \u00een\u0219urubarea \/ de\u0219urubarea rapid\u0103 v\u0103 permite s\u0103-l roti\u021bi la 360 \u00b0.<\/li>\n<li>Ureche (m\u00e2ner) cu dou\u0103 g\u0103uri pentru fixarea carabinierelor.<\/li>\n<\/ul>\n<h3><strong>Caracteristici<\/strong><\/h3>\n<ul>\n<li>Sarcin\u0103: nu mai pu\u021bin de 10 kN<\/li>\n<li>Lungime: 220 mm<\/li>\n<li>Greutate: 195g.<\/li>\n<\/ul>\n<h3>Marca<\/h3>\n<p>Vento este o companie rus\u0103 fondat\u0103 \u00een 1990, care a fost ini\u021bial angajat\u0103 \u00een dezvoltarea \u0219i produc\u021bia de echipamente pentru recreere activ\u0103 asociat\u0103 cu mun\u021bii: alpinism \u0219i turism montan. \u00cen 2008, a fost format\u0103 o direc\u021bie mare separat\u0103 &#8212; PPE industriale \u00eempotriva c\u0103derilor de la \u00een\u0103l\u021bime. Echipamentul a devenit rapid solicitat \u00een r\u00e2ndul pasiona\u021bilor de alpinism \u0219i escalad\u0103. De asemenea, este utilizat \u00een speologie, ac\u021biuni de salvare, \u00een alpinism industrial. Calitatea ridicat\u0103 \u0219i costul accesibil au f\u0103cut ca echipamentele de protec\u021bie marca Vento s\u0103 fie populare at\u00e2t \u00een r\u00e2ndul clien\u021bilor priva\u021bi, c\u00e2t \u0219i al organiza\u021biilor. Ast\u0103zi, produsele produc\u0103torului rus sunt utilizate de Ministerul Situa\u021biilor de Urgen\u021b\u0103, Ministerul Afacerilor Interne, Ministerul Ap\u0103r\u0103rii, societ\u0103\u021bi turistice \u0219i sportive.<\/p>\n<p><\/p>","protected":false},"excerpt":{"rendered":"<p>Piolet Vento Spin L 220mm<\/p>","protected":false},"featured_media":16952,"comment_status":"open","ping_status":"closed","template":"","meta":{"_acf_changed":false,"inline_featured_image":false},"product_brand":[1282],"product_cat":[270],"product_tag":[],"class_list":{"0":"post-16953","1":"product","2":"type-product","3":"status-publish","4":"has-post-thumbnail","6":"product_brand-vento","7":"product_cat-ice-equipment","9":"first","10":"instock","11":"shipping-taxable","12":"purchasable","13":"product-type-simple"},"acf":[],"yoast_head":"<!-- This site is optimized with the Yoast SEO plugin v27.4 - https:\/\/yoast.com\/product\/yoast-seo-wordpress\/ -->\n<title>\u041b\u0435\u0434\u043e\u0431\u0443\u0440 Vento Spin L 220mm - \u041c\u0430\u0433\u0430\u0437\u0438\u043d Xstyle<\/title>\n<meta name=\"description\" content=\"\u041b\u0435\u0434\u043e\u0431\u0443\u0440 Vento Spin L 220mm \u2014 \u043d\u0430\u0434\u0435\u0436\u043d\u044b\u0439 \u0438\u043d\u0441\u0442\u0440\u0443\u043c\u0435\u043d\u0442 \u0434\u043b\u044f \u043f\u0440\u043e\u0431\u0438\u0432\u043a\u0438 \u043b\u044c\u0434\u0430 \u0441 \u043e\u0441\u0442\u0440\u044b\u043c\u0438 \u0437\u0443\u0431\u0446\u0430\u043c\u0438. \u0418\u0434\u0435\u0430\u043b\u0435\u043d \u0434\u043b\u044f \u0431\u0435\u0437\u043e\u043f\u0430\u0441\u043d\u043e\u0441\u0442\u0438 \u043d\u0430 \u043b\u044c\u0434\u0443, \u043a\u0430\u0447\u0435\u0441\u0442\u0432\u0435\u043d\u043d\u0430\u044f \u043e\u0442\u0434\u0435\u043b\u043a\u0430.\" \/>\n<meta name=\"robots\" content=\"index, follow, max-snippet:-1, max-image-preview:large, max-video-preview:-1\" \/>\n<link rel=\"canonical\" href=\"https:\/\/xstyle.md\/ro\/produs\/ledobur-vento-spin-l-220mm\/\" \/>\n<meta property=\"og:locale\" content=\"ro_RO\" \/>\n<meta property=\"og:type\" content=\"article\" \/>\n<meta property=\"og:title\" content=\"\u041b\u0435\u0434\u043e\u0431\u0443\u0440 Vento Spin L 220mm - \u041c\u0430\u0433\u0430\u0437\u0438\u043d Xstyle\" \/>\n<meta property=\"og:description\" content=\"\u041b\u0435\u0434\u043e\u0431\u0443\u0440 Vento Spin L 220mm \u2014 \u043d\u0430\u0434\u0435\u0436\u043d\u044b\u0439 \u0438\u043d\u0441\u0442\u0440\u0443\u043c\u0435\u043d\u0442 \u0434\u043b\u044f \u043f\u0440\u043e\u0431\u0438\u0432\u043a\u0438 \u043b\u044c\u0434\u0430 \u0441 \u043e\u0441\u0442\u0440\u044b\u043c\u0438 \u0437\u0443\u0431\u0446\u0430\u043c\u0438. \u0418\u0434\u0435\u0430\u043b\u0435\u043d \u0434\u043b\u044f \u0431\u0435\u0437\u043e\u043f\u0430\u0441\u043d\u043e\u0441\u0442\u0438 \u043d\u0430 \u043b\u044c\u0434\u0443, \u043a\u0430\u0447\u0435\u0441\u0442\u0432\u0435\u043d\u043d\u0430\u044f \u043e\u0442\u0434\u0435\u043b\u043a\u0430.\" \/>\n<meta property=\"og:url\" content=\"https:\/\/xstyle.md\/ro\/produs\/ledobur-vento-spin-l-220mm\/\" \/>\n<meta property=\"og:site_name\" content=\"\u041c\u0430\u0433\u0430\u0437\u0438\u043d Xstyle\" \/>\n<meta property=\"article:publisher\" content=\"https:\/\/www.facebook.com\/xstylemd\" \/>\n<meta property=\"article:modified_time\" content=\"2025-10-24T10:15:32+00:00\" \/>\n<meta property=\"og:image\" content=\"https:\/\/xstyle.md\/wp-content\/uploads\/2020\/07\/20150113172523-9324_1.jpg\" \/>\n\t<meta property=\"og:image:width\" content=\"328\" \/>\n\t<meta property=\"og:image:height\" content=\"554\" \/>\n\t<meta property=\"og:image:type\" content=\"image\/jpeg\" \/>\n<meta name=\"twitter:card\" content=\"summary_large_image\" \/>\n<meta name=\"twitter:label1\" content=\"Pre\u021b\" \/>\n\t<meta name=\"twitter:data1\" content=\"1.250&nbsp;MDL\" \/>\n\t<meta name=\"twitter:label2\" content=\"Disponibilitate\" \/>\n\t<meta name=\"twitter:data2\" content=\"\u00cen stoc\" \/>\n<script type=\"application\/ld+json\" class=\"yoast-schema-graph\">{\"@context\":\"https:\\\/\\\/schema.org\",\"@graph\":[{\"@type\":\"WebPage\",\"@id\":\"https:\\\/\\\/xstyle.md\\\/product\\\/ledobur-vento-spin-l-220mm\\\/\",\"url\":\"https:\\\/\\\/xstyle.md\\\/product\\\/ledobur-vento-spin-l-220mm\\\/\",\"name\":\"\u041b\u0435\u0434\u043e\u0431\u0443\u0440 Vento Spin L 220mm - \u041c\u0430\u0433\u0430\u0437\u0438\u043d Xstyle\",\"isPartOf\":{\"@id\":\"https:\\\/\\\/xstyle.md\\\/#website\"},\"primaryImageOfPage\":{\"@id\":\"https:\\\/\\\/xstyle.md\\\/product\\\/ledobur-vento-spin-l-220mm\\\/#primaryimage\"},\"image\":{\"@id\":\"https:\\\/\\\/xstyle.md\\\/product\\\/ledobur-vento-spin-l-220mm\\\/#primaryimage\"},\"thumbnailUrl\":\"https:\\\/\\\/xstyle.md\\\/wp-content\\\/uploads\\\/2020\\\/07\\\/20150113172523-9324_1.jpg\",\"datePublished\":\"2020-07-17T14:21:36+00:00\",\"dateModified\":\"2025-10-24T10:15:32+00:00\",\"description\":\"\u041b\u0435\u0434\u043e\u0431\u0443\u0440 Vento Spin L 220mm \u2014 \u043d\u0430\u0434\u0435\u0436\u043d\u044b\u0439 \u0438\u043d\u0441\u0442\u0440\u0443\u043c\u0435\u043d\u0442 \u0434\u043b\u044f \u043f\u0440\u043e\u0431\u0438\u0432\u043a\u0438 \u043b\u044c\u0434\u0430 \u0441 \u043e\u0441\u0442\u0440\u044b\u043c\u0438 \u0437\u0443\u0431\u0446\u0430\u043c\u0438. \u0418\u0434\u0435\u0430\u043b\u0435\u043d \u0434\u043b\u044f \u0431\u0435\u0437\u043e\u043f\u0430\u0441\u043d\u043e\u0441\u0442\u0438 \u043d\u0430 \u043b\u044c\u0434\u0443, \u043a\u0430\u0447\u0435\u0441\u0442\u0432\u0435\u043d\u043d\u0430\u044f \u043e\u0442\u0434\u0435\u043b\u043a\u0430.\",\"breadcrumb\":{\"@id\":\"https:\\\/\\\/xstyle.md\\\/product\\\/ledobur-vento-spin-l-220mm\\\/#breadcrumb\"},\"inLanguage\":\"ro-RO\",\"potentialAction\":[{\"@type\":\"ReadAction\",\"target\":[\"https:\\\/\\\/xstyle.md\\\/product\\\/ledobur-vento-spin-l-220mm\\\/\"]}]},{\"@type\":\"ImageObject\",\"inLanguage\":\"ro-RO\",\"@id\":\"https:\\\/\\\/xstyle.md\\\/product\\\/ledobur-vento-spin-l-220mm\\\/#primaryimage\",\"url\":\"https:\\\/\\\/xstyle.md\\\/wp-content\\\/uploads\\\/2020\\\/07\\\/20150113172523-9324_1.jpg\",\"contentUrl\":\"https:\\\/\\\/xstyle.md\\\/wp-content\\\/uploads\\\/2020\\\/07\\\/20150113172523-9324_1.jpg\",\"width\":328,\"height\":554},{\"@type\":\"BreadcrumbList\",\"@id\":\"https:\\\/\\\/xstyle.md\\\/product\\\/ledobur-vento-spin-l-220mm\\\/#breadcrumb\",\"itemListElement\":[{\"@type\":\"ListItem\",\"position\":1,\"name\":\"\u0413\u043b\u0430\u0432\u043d\u0430\u044f \u0441\u0442\u0440\u0430\u043d\u0438\u0446\u0430\",\"item\":\"https:\\\/\\\/xstyle.md\\\/\"},{\"@type\":\"ListItem\",\"position\":2,\"name\":\"\u041c\u0430\u0433\u0430\u0437\u0438\u043d\",\"item\":\"https:\\\/\\\/xstyle.md\\\/shop\\\/\"},{\"@type\":\"ListItem\",\"position\":3,\"name\":\"\u041b\u0435\u0434\u043e\u0431\u0443\u0440 Vento Spin L 220mm\"}]},{\"@type\":\"WebSite\",\"@id\":\"https:\\\/\\\/xstyle.md\\\/#website\",\"url\":\"https:\\\/\\\/xstyle.md\\\/\",\"name\":\"\u041c\u0430\u0433\u0430\u0437\u0438\u043d Xstyle\",\"description\":\"C\u043d\u0430\u0440\u044f\u0436\u0435\u043d\u0438\u0435 \u0434\u043b\u044f \u0442\u0443\u0440\u0438\u0437\u043c\u0430 \u0438 \u044d\u043a\u0441\u0442\u0440\u0435\u043c\u0430\u043b\u044c\u043d\u044b\u0445 \u0432\u0438\u0434\u043e\u0432 \u0441\u043f\u043e\u0440\u0442\u0430 \u0432 \u041c\u043e\u043b\u0434\u043e\u0432\u0435.. \u0426\u0435\u043d\u044b, \u0444\u043e\u0442\u043e, \u0445\u0430\u0440\u0430\u043a\u0442\u0435\u0440\u0438\u0441\u0442\u0438\u043a\u0438 \u0432 \u041c\u043e\u043b\u0434\u043e\u0432\u0435.\",\"publisher\":{\"@id\":\"https:\\\/\\\/xstyle.md\\\/#organization\"},\"alternateName\":\"X-Style\",\"potentialAction\":[{\"@type\":\"SearchAction\",\"target\":{\"@type\":\"EntryPoint\",\"urlTemplate\":\"https:\\\/\\\/xstyle.md\\\/?s={search_term_string}\"},\"query-input\":{\"@type\":\"PropertyValueSpecification\",\"valueRequired\":true,\"valueName\":\"search_term_string\"}}],\"inLanguage\":\"ro-RO\"},{\"@type\":\"Organization\",\"@id\":\"https:\\\/\\\/xstyle.md\\\/#organization\",\"name\":\"\u041c\u0430\u0433\u0430\u0437\u0438\u043d Xstyle\",\"alternateName\":\"x-style\",\"url\":\"https:\\\/\\\/xstyle.md\\\/\",\"logo\":{\"@type\":\"ImageObject\",\"inLanguage\":\"ro-RO\",\"@id\":\"https:\\\/\\\/xstyle.md\\\/#\\\/schema\\\/logo\\\/image\\\/\",\"url\":\"https:\\\/\\\/xstyle.md\\\/wp-content\\\/uploads\\\/2020\\\/06\\\/logoicon.svg\",\"contentUrl\":\"https:\\\/\\\/xstyle.md\\\/wp-content\\\/uploads\\\/2020\\\/06\\\/logoicon.svg\",\"caption\":\"\u041c\u0430\u0433\u0430\u0437\u0438\u043d Xstyle\"},\"image\":{\"@id\":\"https:\\\/\\\/xstyle.md\\\/#\\\/schema\\\/logo\\\/image\\\/\"},\"sameAs\":[\"https:\\\/\\\/www.facebook.com\\\/xstylemd\",\"https:\\\/\\\/www.instagram.com\\\/xstyle_md\\\/\",\"https:\\\/\\\/t.me\\\/xstyle_outdoor\"],\"hasMerchantReturnPolicy\":{\"@type\":\"MerchantReturnPolicy\",\"merchantReturnLink\":\"https:\\\/\\\/xstyle.md\\\/ro\\\/conditions\\\/\"}}]}<\/script>\n<meta property=\"product:price:amount\" content=\"1250.00\" \/>\n<meta property=\"product:price:currency\" content=\"MDL\" \/>\n<meta property=\"og:availability\" content=\"instock\" \/>\n<meta property=\"product:availability\" content=\"instock\" \/>\n<meta property=\"product:retailer_item_id\" content=\"2880009515884\" \/>\n<meta property=\"product:condition\" content=\"new\" \/>\n<!-- \/ Yoast SEO plugin. -->","yoast_head_json":{"title":"Piolet Vento Spin L 220mm - Magazin Xstyle","description":"\u041b\u0435\u0434\u043e\u0431\u0443\u0440 Vento Spin L 220mm \u2014 un instrument fiabil pentru a sparge ghea\u021ba, dotat cu din\u021bi ascu\u021bi\u021bi. Ideal pentru siguran\u021ba pe ghea\u021b\u0103, finisaj de calitate.","robots":{"index":"index","follow":"follow","max-snippet":"max-snippet:-1","max-image-preview":"max-image-preview:large","max-video-preview":"max-video-preview:-1"},"canonical":"https:\/\/xstyle.md\/ro\/produs\/ledobur-vento-spin-l-220mm\/","og_locale":"ro_RO","og_type":"article","og_title":"\u041b\u0435\u0434\u043e\u0431\u0443\u0440 Vento Spin L 220mm - \u041c\u0430\u0433\u0430\u0437\u0438\u043d Xstyle","og_description":"\u041b\u0435\u0434\u043e\u0431\u0443\u0440 Vento Spin L 220mm \u2014 \u043d\u0430\u0434\u0435\u0436\u043d\u044b\u0439 \u0438\u043d\u0441\u0442\u0440\u0443\u043c\u0435\u043d\u0442 \u0434\u043b\u044f \u043f\u0440\u043e\u0431\u0438\u0432\u043a\u0438 \u043b\u044c\u0434\u0430 \u0441 \u043e\u0441\u0442\u0440\u044b\u043c\u0438 \u0437\u0443\u0431\u0446\u0430\u043c\u0438. \u0418\u0434\u0435\u0430\u043b\u0435\u043d \u0434\u043b\u044f \u0431\u0435\u0437\u043e\u043f\u0430\u0441\u043d\u043e\u0441\u0442\u0438 \u043d\u0430 \u043b\u044c\u0434\u0443, \u043a\u0430\u0447\u0435\u0441\u0442\u0432\u0435\u043d\u043d\u0430\u044f \u043e\u0442\u0434\u0435\u043b\u043a\u0430.","og_url":"https:\/\/xstyle.md\/ro\/produs\/ledobur-vento-spin-l-220mm\/","og_site_name":"\u041c\u0430\u0433\u0430\u0437\u0438\u043d Xstyle","article_publisher":"https:\/\/www.facebook.com\/xstylemd","article_modified_time":"2025-10-24T10:15:32+00:00","og_image":[{"width":328,"height":554,"url":"https:\/\/xstyle.md\/wp-content\/uploads\/2020\/07\/20150113172523-9324_1.jpg","type":"image\/jpeg"}],"twitter_card":"summary_large_image","twitter_misc":{"Pre\u021b":"1.250&nbsp;MDL","Disponibilitate":"\u00cen stoc"},"schema":{"@context":"https:\/\/schema.org","@graph":[{"@type":"WebPage","@id":"https:\/\/xstyle.md\/product\/ledobur-vento-spin-l-220mm\/","url":"https:\/\/xstyle.md\/product\/ledobur-vento-spin-l-220mm\/","name":"Piolet Vento Spin L 220mm - Magazin Xstyle","isPartOf":{"@id":"https:\/\/xstyle.md\/#website"},"primaryImageOfPage":{"@id":"https:\/\/xstyle.md\/product\/ledobur-vento-spin-l-220mm\/#primaryimage"},"image":{"@id":"https:\/\/xstyle.md\/product\/ledobur-vento-spin-l-220mm\/#primaryimage"},"thumbnailUrl":"https:\/\/xstyle.md\/wp-content\/uploads\/2020\/07\/20150113172523-9324_1.jpg","datePublished":"2020-07-17T14:21:36+00:00","dateModified":"2025-10-24T10:15:32+00:00","description":"\u041b\u0435\u0434\u043e\u0431\u0443\u0440 Vento Spin L 220mm \u2014 un instrument fiabil pentru a sparge ghea\u021ba, dotat cu din\u021bi ascu\u021bi\u021bi. Ideal pentru siguran\u021ba pe ghea\u021b\u0103, finisaj de calitate.","breadcrumb":{"@id":"https:\/\/xstyle.md\/product\/ledobur-vento-spin-l-220mm\/#breadcrumb"},"inLanguage":"ro-RO","potentialAction":[{"@type":"ReadAction","target":["https:\/\/xstyle.md\/product\/ledobur-vento-spin-l-220mm\/"]}]},{"@type":"ImageObject","inLanguage":"ro-RO","@id":"https:\/\/xstyle.md\/product\/ledobur-vento-spin-l-220mm\/#primaryimage","url":"https:\/\/xstyle.md\/wp-content\/uploads\/2020\/07\/20150113172523-9324_1.jpg","contentUrl":"https:\/\/xstyle.md\/wp-content\/uploads\/2020\/07\/20150113172523-9324_1.jpg","width":328,"height":554},{"@type":"BreadcrumbList","@id":"https:\/\/xstyle.md\/product\/ledobur-vento-spin-l-220mm\/#breadcrumb","itemListElement":[{"@type":"ListItem","position":1,"name":"\u0413\u043b\u0430\u0432\u043d\u0430\u044f \u0441\u0442\u0440\u0430\u043d\u0438\u0446\u0430","item":"https:\/\/xstyle.md\/"},{"@type":"ListItem","position":2,"name":"\u041c\u0430\u0433\u0430\u0437\u0438\u043d","item":"https:\/\/xstyle.md\/shop\/"},{"@type":"ListItem","position":3,"name":"\u041b\u0435\u0434\u043e\u0431\u0443\u0440 Vento Spin L 220mm"}]},{"@type":"WebSite","@id":"https:\/\/xstyle.md\/#website","url":"https:\/\/xstyle.md\/","name":"Magazinul X-Style","description":"Echipamente pentru turism \u0219i sporturi extreme \u00een Moldova. Pre\u021buri, fotografii, caracteristici \u00een Moldova.","publisher":{"@id":"https:\/\/xstyle.md\/#organization"},"alternateName":"X-Style","potentialAction":[{"@type":"SearchAction","target":{"@type":"EntryPoint","urlTemplate":"https:\/\/xstyle.md\/?s={search_term_string}"},"query-input":{"@type":"PropertyValueSpecification","valueRequired":true,"valueName":"search_term_string"}}],"inLanguage":"ro-RO"},{"@type":"Organization","@id":"https:\/\/xstyle.md\/#organization","name":"Magazinul X-Style","alternateName":"x-style","url":"https:\/\/xstyle.md\/","logo":{"@type":"ImageObject","inLanguage":"ro-RO","@id":"https:\/\/xstyle.md\/#\/schema\/logo\/image\/","url":"https:\/\/xstyle.md\/wp-content\/uploads\/2020\/06\/logoicon.svg","contentUrl":"https:\/\/xstyle.md\/wp-content\/uploads\/2020\/06\/logoicon.svg","caption":"\u041c\u0430\u0433\u0430\u0437\u0438\u043d Xstyle"},"image":{"@id":"https:\/\/xstyle.md\/#\/schema\/logo\/image\/"},"sameAs":["https:\/\/www.facebook.com\/xstylemd","https:\/\/www.instagram.com\/xstyle_md\/","https:\/\/t.me\/xstyle_outdoor"],"hasMerchantReturnPolicy":{"@type":"MerchantReturnPolicy","merchantReturnLink":"https:\/\/xstyle.md\/ro\/conditions\/"}}]},"product_price_amount":"1250.00","product_price_currency":"MDL","og_availability":"instock","product_availability":"instock","product_retailer_item_id":"2880009515884","product_condition":"new"},"_links":{"self":[{"href":"https:\/\/xstyle.md\/ro\/wp-json\/wp\/v2\/product\/16953","targetHints":{"allow":["GET"]}}],"collection":[{"href":"https:\/\/xstyle.md\/ro\/wp-json\/wp\/v2\/product"}],"about":[{"href":"https:\/\/xstyle.md\/ro\/wp-json\/wp\/v2\/types\/product"}],"replies":[{"embeddable":true,"href":"https:\/\/xstyle.md\/ro\/wp-json\/wp\/v2\/comments?post=16953"}],"wp:featuredmedia":[{"embeddable":true,"href":"https:\/\/xstyle.md\/ro\/wp-json\/wp\/v2\/media\/16952"}],"wp:attachment":[{"href":"https:\/\/xstyle.md\/ro\/wp-json\/wp\/v2\/media?parent=16953"}],"wp:term":[{"taxonomy":"product_brand","embeddable":true,"href":"https:\/\/xstyle.md\/ro\/wp-json\/wp\/v2\/product_brand?post=16953"},{"taxonomy":"product_cat","embeddable":true,"href":"https:\/\/xstyle.md\/ro\/wp-json\/wp\/v2\/product_cat?post=16953"},{"taxonomy":"product_tag","embeddable":true,"href":"https:\/\/xstyle.md\/ro\/wp-json\/wp\/v2\/product_tag?post=16953"}],"curies":[{"name":"wp","href":"https:\/\/api.w.org\/{rel}","templated":true}]}}