{"id":16945,"date":"2020-07-17T17:21:18","date_gmt":"2020-07-17T14:21:18","guid":{"rendered":"https:\/\/xstyle.md\/product\/ottjazhka-s-karabinami-vento-light-set-10"},"modified":"2024-10-21T10:05:34","modified_gmt":"2024-10-21T07:05:34","slug":"ottjazhka-s-karabinami-vento-light-set-10","status":"publish","type":"product","link":"https:\/\/xstyle.md\/ro\/produs\/ottjazhka-s-karabinami-vento-light-set-10\/","title":{"rendered":"Bucl\u0103 echipat\u0103 cu carabiniere Vento Light Set 10"},"content":{"rendered":"<\/p>\n<p><strong>Bucl\u0103 echipat\u0103 cu carabiniere Vento Light Set 10\u00a0&#8212;\u00a0<\/strong>pot fi utilizate \u00een alpinism, turism, escalad\u0103. Proiectat pentru sportivi, alpini\u0219ti urc\u00e2nd cu asigurare de jos, pentru iubitorii de stil fast and light &#8212; repede \u0219i u\u0219or.<\/p>\n<h3>Particularit\u0103\u021bi<\/h3>\n<ul>\n<li>Greutate foarte redus\u0103, u\u0219or de utilizat \u0219i caracteristici de rezisten\u021b\u0103 ridicat\u0103.<\/li>\n<li>Harna\u0219amentul Dyneema (l\u0103\u021bime 10 mm, lungime 110 mm) are un sistem de blocare integrat pentru carabiniera inferioar\u0103, care \u00eempiedic\u0103 \u00eentoarcerea acesteia.<\/li>\n<li>Accesorii: 2 carabiniere &#171;Rock Climbing Light&#187; cu clem\u0103 (num\u0103r de articol vpro 0075), centur\u0103 &#171;Light&#187; (num\u0103r de articol vnt 262 11).<\/li>\n<\/ul>\n<h3>Caracteristici<\/h3>\n<ul>\n<li>Greutate &#8212; 68 g<\/li>\n<li>Materiale &#8212; Dural, Dyneema\u00ae<\/li>\n<li>Sarcina longitudinal\u0103 &#8212; 22 kN.<\/li>\n<\/ul>\n<h3>Tehnologie<\/h3>\n<ul>\n<li><strong>Dyneema<\/strong>\u00ae &#8212; este o fibr\u0103 fabricat\u0103 din polietilen\u0103 cu greutate molecular\u0103 mare (marcaj HPPE), care este produs\u0103 printr-un proces unic de sintez\u0103 a fibrelor numit &#171;gel-spinning&#187; sau, altfel spus, &#171;gel-forming&#187;. Acest material se caracterizeaz\u0103 printr-o rezisten\u021b\u0103 ridicat\u0103 \u0219i o capacitate de \u00eentindere practic nul\u0103. Imunitatea la ap\u0103 \u0219i la un num\u0103r cople\u0219itor de al\u021bi solven\u021bi, uleiuri, UV, substan\u021be naturale \u0219i medii agresive este un alt avantaj al acestui material. De asemenea, are o rezisten\u021b\u0103 ridicat\u0103 la \u00eenghe\u021b, un coeficient de frecare sc\u0103zut, niciun efect de memorie \u0219i greutate redus\u0103. Datorit\u0103 propriet\u0103\u021bilor men\u021bionate mai sus, materialele Dyneema \u0219i-au g\u0103sit o larg\u0103 aplicare \u00een diverse domenii: \u00een avia\u021bie \u0219i \u00een echipamentele militare, acestea sunt utilizate pentru produc\u021bia de veste antiglon\u021b; ca \u0219i drize, cabluri \u00een echipamentul navelor cu vele, iahturi; pasiona\u021bii de off-road (jeeperi) \u00eenf\u0103\u0219oar\u0103 din ce \u00een ce mai des cabluri Dyneema pe vinciurile vehiculelor lor off-road \u00een locul cablurilor de o\u021bel; \u0219i, bine\u00een\u021beles, \u00een alpinism pentru ridicarea diferitelor sarcini.<\/li>\n<\/ul>\n<h3>Marca<\/h3>\n<p>SINGING ROCK este o companie ceh\u0103 angajat\u0103 \u00een produc\u021bia de echipamente de alpinism \u0219i escalad\u0103. A fondat\u0103 \u00een 1992 de doi alpini\u0219ti cehi \u0219i de un om de afaceri belgian. Compania se concentreaz\u0103 pe utilizarea celor mai moderne progrese \u0219i evolu\u021bii \u00een produc\u021bie. SingingRock lucreaz\u0103 \u00een str\u00e2ns\u0103 leg\u0103tur\u0103 cu mul\u021bi alpini\u0219ti renumi\u021bi care testeaz\u0103 noile produse \u0219i ale c\u0103ror opinii suntotdeauna luate \u00een considerare \u00een timpul dezvolt\u0103rii.<\/p>\n<p>SINGING ROCK este una dintre cele mai importante companii din lume \u00een domeniul echipamentelor profesionale, \u00een scopul instruirii \u00een domeniul criminalit\u0103\u021bii, pentru militari \u0219 i pentru serviciile de urgen\u021b\u0103. Societatea furnizeaz\u0103 hamuri, fr\u00e2nghii, scripe\u021bi \u0219i carabiniere, dispozitive de cobor\u00e2re \u00een rapel, dispozitive de siguran\u021b\u0103 pentru lucrul \u00een\u0103l\u021bime, dispozitive de prindere ancorelor, fr\u00e2nghii de siguran\u021b\u0103 \u0219i alte echipamente necesare pentru acest tip de munc\u0103. Toate aceste produse sunt dezvoltate \u0219i fabricate \u00een Republica Ceh\u0103, \u00een Europa. Acestea sunt certificate \u0219i respect\u0103 standardele interna\u021bionale de securitate a muncii.<\/p>\n<p><\/p>","protected":false},"excerpt":{"rendered":"<p>Bucl\u0103 echipat\u0103 cu carabiniere Vento Light Set 10<\/p>","protected":false},"featured_media":16944,"comment_status":"open","ping_status":"closed","template":"","meta":{"_acf_changed":false,"inline_featured_image":false},"product_brand":[1282],"product_cat":[159],"product_tag":[],"class_list":{"0":"post-16945","1":"product","2":"type-product","3":"status-publish","4":"has-post-thumbnail","6":"product_brand-vento","7":"product_cat-carabiners","9":"first","10":"instock","11":"shipping-taxable","12":"purchasable","13":"product-type-simple"},"acf":[],"yoast_head":"<!-- This site is optimized with the Yoast SEO plugin v27.2 - https:\/\/yoast.com\/product\/yoast-seo-wordpress\/ -->\n<title>\u041e\u0442\u0442\u044f\u0436\u043a\u0430 \u0441 \u043a\u0430\u0440\u0430\u0431\u0438\u043d\u0430\u043c\u0438 Vento Light Set 10 - \u041c\u0430\u0433\u0430\u0437\u0438\u043d Xstyle<\/title>\n<meta name=\"description\" content=\"\u041e\u0442\u0442\u044f\u0436\u043a\u0430 \u0441 \u043a\u0430\u0440\u0430\u0431\u0438\u043d\u0430\u043c\u0438 Vento Light Set 10 \u2013 \u043b\u0435\u0433\u043a\u0438\u0435 \u0438 \u043a\u0440\u0435\u043f\u043a\u0438\u0435, \u0438\u0434\u0435\u0430\u043b\u044c\u043d\u044b \u0434\u043b\u044f \u0430\u043b\u044c\u043f\u0438\u043d\u0438\u0437\u043c\u0430 \u0438 \u0442\u0443\u0440\u0438\u0437\u043c\u0430. \u041f\u0440\u043e\u0447\u043d\u044b\u0435 \u0438 \u043d\u0430\u0434\u0435\u0436\u043d\u044b\u0435, \u0434\u043b\u044f \u043b\u044e\u0431\u0438\u0442\u0435\u043b\u0435\u0439 \u0430\u043a\u0442\u0438\u0432\u043d\u043e\u0433\u043e \u043e\u0442\u0434\u044b\u0445\u0430!\" \/>\n<meta name=\"robots\" content=\"index, follow, max-snippet:-1, max-image-preview:large, max-video-preview:-1\" \/>\n<link rel=\"canonical\" href=\"https:\/\/xstyle.md\/ro\/produs\/ottjazhka-s-karabinami-vento-light-set-10\/\" \/>\n<meta property=\"og:locale\" content=\"ro_RO\" \/>\n<meta property=\"og:type\" content=\"article\" \/>\n<meta property=\"og:title\" content=\"\u041e\u0442\u0442\u044f\u0436\u043a\u0430 \u0441 \u043a\u0430\u0440\u0430\u0431\u0438\u043d\u0430\u043c\u0438 Vento Light Set 10 - \u041c\u0430\u0433\u0430\u0437\u0438\u043d Xstyle\" \/>\n<meta property=\"og:description\" content=\"\u041e\u0442\u0442\u044f\u0436\u043a\u0430 \u0441 \u043a\u0430\u0440\u0430\u0431\u0438\u043d\u0430\u043c\u0438 Vento Light Set 10 \u2013 \u043b\u0435\u0433\u043a\u0438\u0435 \u0438 \u043a\u0440\u0435\u043f\u043a\u0438\u0435, \u0438\u0434\u0435\u0430\u043b\u044c\u043d\u044b \u0434\u043b\u044f \u0430\u043b\u044c\u043f\u0438\u043d\u0438\u0437\u043c\u0430 \u0438 \u0442\u0443\u0440\u0438\u0437\u043c\u0430. \u041f\u0440\u043e\u0447\u043d\u044b\u0435 \u0438 \u043d\u0430\u0434\u0435\u0436\u043d\u044b\u0435, \u0434\u043b\u044f \u043b\u044e\u0431\u0438\u0442\u0435\u043b\u0435\u0439 \u0430\u043a\u0442\u0438\u0432\u043d\u043e\u0433\u043e \u043e\u0442\u0434\u044b\u0445\u0430!\" \/>\n<meta property=\"og:url\" content=\"https:\/\/xstyle.md\/ro\/produs\/ottjazhka-s-karabinami-vento-light-set-10\/\" \/>\n<meta property=\"og:site_name\" content=\"\u041c\u0430\u0433\u0430\u0437\u0438\u043d Xstyle\" \/>\n<meta property=\"article:publisher\" content=\"https:\/\/www.facebook.com\/xstylemd\" \/>\n<meta property=\"article:modified_time\" content=\"2024-10-21T07:05:34+00:00\" \/>\n<meta property=\"og:image\" content=\"https:\/\/xstyle.md\/wp-content\/uploads\/2020\/07\/vpro_set10_0.jpg\" \/>\n\t<meta property=\"og:image:width\" content=\"499\" \/>\n\t<meta property=\"og:image:height\" content=\"600\" \/>\n\t<meta property=\"og:image:type\" content=\"image\/jpeg\" \/>\n<meta name=\"twitter:card\" content=\"summary_large_image\" \/>\n<meta name=\"twitter:label1\" content=\"Pre\u021b\" \/>\n\t<meta name=\"twitter:data1\" content=\"395&nbsp;MDL\" \/>\n\t<meta name=\"twitter:label2\" content=\"Disponibilitate\" \/>\n\t<meta name=\"twitter:data2\" content=\"\u00cen stoc\" \/>\n<script type=\"application\/ld+json\" class=\"yoast-schema-graph\">{\"@context\":\"https:\/\/schema.org\",\"@graph\":[{\"@type\":\"WebPage\",\"@id\":\"https:\/\/xstyle.md\/product\/ottjazhka-s-karabinami-vento-light-set-10\/\",\"url\":\"https:\/\/xstyle.md\/product\/ottjazhka-s-karabinami-vento-light-set-10\/\",\"name\":\"\u041e\u0442\u0442\u044f\u0436\u043a\u0430 \u0441 \u043a\u0430\u0440\u0430\u0431\u0438\u043d\u0430\u043c\u0438 Vento Light Set 10 - \u041c\u0430\u0433\u0430\u0437\u0438\u043d Xstyle\",\"isPartOf\":{\"@id\":\"https:\/\/xstyle.md\/#website\"},\"primaryImageOfPage\":{\"@id\":\"https:\/\/xstyle.md\/product\/ottjazhka-s-karabinami-vento-light-set-10\/#primaryimage\"},\"image\":{\"@id\":\"https:\/\/xstyle.md\/product\/ottjazhka-s-karabinami-vento-light-set-10\/#primaryimage\"},\"thumbnailUrl\":\"https:\/\/xstyle.md\/wp-content\/uploads\/2020\/07\/vpro_set10_0.jpg\",\"datePublished\":\"2020-07-17T14:21:18+00:00\",\"dateModified\":\"2024-10-21T07:05:34+00:00\",\"description\":\"\u041e\u0442\u0442\u044f\u0436\u043a\u0430 \u0441 \u043a\u0430\u0440\u0430\u0431\u0438\u043d\u0430\u043c\u0438 Vento Light Set 10 \u2013 \u043b\u0435\u0433\u043a\u0438\u0435 \u0438 \u043a\u0440\u0435\u043f\u043a\u0438\u0435, \u0438\u0434\u0435\u0430\u043b\u044c\u043d\u044b \u0434\u043b\u044f \u0430\u043b\u044c\u043f\u0438\u043d\u0438\u0437\u043c\u0430 \u0438 \u0442\u0443\u0440\u0438\u0437\u043c\u0430. \u041f\u0440\u043e\u0447\u043d\u044b\u0435 \u0438 \u043d\u0430\u0434\u0435\u0436\u043d\u044b\u0435, \u0434\u043b\u044f \u043b\u044e\u0431\u0438\u0442\u0435\u043b\u0435\u0439 \u0430\u043a\u0442\u0438\u0432\u043d\u043e\u0433\u043e \u043e\u0442\u0434\u044b\u0445\u0430!\",\"breadcrumb\":{\"@id\":\"https:\/\/xstyle.md\/product\/ottjazhka-s-karabinami-vento-light-set-10\/#breadcrumb\"},\"inLanguage\":\"ro-RO\",\"potentialAction\":[{\"@type\":\"ReadAction\",\"target\":[\"https:\/\/xstyle.md\/product\/ottjazhka-s-karabinami-vento-light-set-10\/\"]}]},{\"@type\":\"ImageObject\",\"inLanguage\":\"ro-RO\",\"@id\":\"https:\/\/xstyle.md\/product\/ottjazhka-s-karabinami-vento-light-set-10\/#primaryimage\",\"url\":\"https:\/\/xstyle.md\/wp-content\/uploads\/2020\/07\/vpro_set10_0.jpg\",\"contentUrl\":\"https:\/\/xstyle.md\/wp-content\/uploads\/2020\/07\/vpro_set10_0.jpg\",\"width\":499,\"height\":600},{\"@type\":\"BreadcrumbList\",\"@id\":\"https:\/\/xstyle.md\/product\/ottjazhka-s-karabinami-vento-light-set-10\/#breadcrumb\",\"itemListElement\":[{\"@type\":\"ListItem\",\"position\":1,\"name\":\"\u0413\u043b\u0430\u0432\u043d\u0430\u044f \u0441\u0442\u0440\u0430\u043d\u0438\u0446\u0430\",\"item\":\"https:\/\/xstyle.md\/\"},{\"@type\":\"ListItem\",\"position\":2,\"name\":\"\u041c\u0430\u0433\u0430\u0437\u0438\u043d\",\"item\":\"https:\/\/xstyle.md\/shop\/\"},{\"@type\":\"ListItem\",\"position\":3,\"name\":\"\u041e\u0442\u0442\u044f\u0436\u043a\u0430 \u0441 \u043a\u0430\u0440\u0430\u0431\u0438\u043d\u0430\u043c\u0438 Vento Light Set 10\"}]},{\"@type\":\"WebSite\",\"@id\":\"https:\/\/xstyle.md\/#website\",\"url\":\"https:\/\/xstyle.md\/\",\"name\":\"\u041c\u0430\u0433\u0430\u0437\u0438\u043d Xstyle\",\"description\":\"C\u043d\u0430\u0440\u044f\u0436\u0435\u043d\u0438\u0435 \u0434\u043b\u044f \u0442\u0443\u0440\u0438\u0437\u043c\u0430 \u0438 \u044d\u043a\u0441\u0442\u0440\u0435\u043c\u0430\u043b\u044c\u043d\u044b\u0445 \u0432\u0438\u0434\u043e\u0432 \u0441\u043f\u043e\u0440\u0442\u0430 \u0432 \u041c\u043e\u043b\u0434\u043e\u0432\u0435.. \u0426\u0435\u043d\u044b, \u0444\u043e\u0442\u043e, \u0445\u0430\u0440\u0430\u043a\u0442\u0435\u0440\u0438\u0441\u0442\u0438\u043a\u0438 \u0432 \u041c\u043e\u043b\u0434\u043e\u0432\u0435.\",\"publisher\":{\"@id\":\"https:\/\/xstyle.md\/#organization\"},\"alternateName\":\"X-Style\",\"potentialAction\":[{\"@type\":\"SearchAction\",\"target\":{\"@type\":\"EntryPoint\",\"urlTemplate\":\"https:\/\/xstyle.md\/?s={search_term_string}\"},\"query-input\":{\"@type\":\"PropertyValueSpecification\",\"valueRequired\":true,\"valueName\":\"search_term_string\"}}],\"inLanguage\":\"ro-RO\"},{\"@type\":\"Organization\",\"@id\":\"https:\/\/xstyle.md\/#organization\",\"name\":\"\u041c\u0430\u0433\u0430\u0437\u0438\u043d Xstyle\",\"alternateName\":\"x-style\",\"url\":\"https:\/\/xstyle.md\/\",\"logo\":{\"@type\":\"ImageObject\",\"inLanguage\":\"ro-RO\",\"@id\":\"https:\/\/xstyle.md\/#\/schema\/logo\/image\/\",\"url\":\"https:\/\/xstyle.md\/wp-content\/uploads\/2020\/06\/logoicon.svg\",\"contentUrl\":\"https:\/\/xstyle.md\/wp-content\/uploads\/2020\/06\/logoicon.svg\",\"caption\":\"\u041c\u0430\u0433\u0430\u0437\u0438\u043d Xstyle\"},\"image\":{\"@id\":\"https:\/\/xstyle.md\/#\/schema\/logo\/image\/\"},\"sameAs\":[\"https:\/\/www.facebook.com\/xstylemd\",\"https:\/\/www.instagram.com\/xstyle_md\/\",\"https:\/\/t.me\/xstyle_outdoor\"],\"hasMerchantReturnPolicy\":{\"@type\":\"MerchantReturnPolicy\",\"merchantReturnLink\":\"https:\/\/xstyle.md\/ro\/conditions\/\"}}]}<\/script>\n<meta property=\"product:price:amount\" content=\"395.00\" \/>\n<meta property=\"product:price:currency\" content=\"MDL\" \/>\n<meta property=\"og:availability\" content=\"instock\" \/>\n<meta property=\"product:availability\" content=\"instock\" \/>\n<meta property=\"product:retailer_item_id\" content=\"2880009515983\" \/>\n<meta property=\"product:condition\" content=\"new\" \/>\n<!-- \/ Yoast SEO plugin. -->","yoast_head_json":{"title":"Bucl\u0103 echipat\u0103 cu carabiniere Vento Light Set 10 - Magazin Xstyle","description":"Setul de extensie cu carabine Vento Light 10 \u2013 u\u0219oare \u0219i rezistente, ideale pentru alpinism \u0219i turism. Robuste \u0219i fiabile, pentru iubitorii de activit\u0103\u021bi \u00een aer liber!","robots":{"index":"index","follow":"follow","max-snippet":"max-snippet:-1","max-image-preview":"max-image-preview:large","max-video-preview":"max-video-preview:-1"},"canonical":"https:\/\/xstyle.md\/ro\/produs\/ottjazhka-s-karabinami-vento-light-set-10\/","og_locale":"ro_RO","og_type":"article","og_title":"\u041e\u0442\u0442\u044f\u0436\u043a\u0430 \u0441 \u043a\u0430\u0440\u0430\u0431\u0438\u043d\u0430\u043c\u0438 Vento Light Set 10 - \u041c\u0430\u0433\u0430\u0437\u0438\u043d Xstyle","og_description":"\u041e\u0442\u0442\u044f\u0436\u043a\u0430 \u0441 \u043a\u0430\u0440\u0430\u0431\u0438\u043d\u0430\u043c\u0438 Vento Light Set 10 \u2013 \u043b\u0435\u0433\u043a\u0438\u0435 \u0438 \u043a\u0440\u0435\u043f\u043a\u0438\u0435, \u0438\u0434\u0435\u0430\u043b\u044c\u043d\u044b \u0434\u043b\u044f \u0430\u043b\u044c\u043f\u0438\u043d\u0438\u0437\u043c\u0430 \u0438 \u0442\u0443\u0440\u0438\u0437\u043c\u0430. \u041f\u0440\u043e\u0447\u043d\u044b\u0435 \u0438 \u043d\u0430\u0434\u0435\u0436\u043d\u044b\u0435, \u0434\u043b\u044f \u043b\u044e\u0431\u0438\u0442\u0435\u043b\u0435\u0439 \u0430\u043a\u0442\u0438\u0432\u043d\u043e\u0433\u043e \u043e\u0442\u0434\u044b\u0445\u0430!","og_url":"https:\/\/xstyle.md\/ro\/produs\/ottjazhka-s-karabinami-vento-light-set-10\/","og_site_name":"\u041c\u0430\u0433\u0430\u0437\u0438\u043d Xstyle","article_publisher":"https:\/\/www.facebook.com\/xstylemd","article_modified_time":"2024-10-21T07:05:34+00:00","og_image":[{"width":499,"height":600,"url":"https:\/\/xstyle.md\/wp-content\/uploads\/2020\/07\/vpro_set10_0.jpg","type":"image\/jpeg"}],"twitter_card":"summary_large_image","twitter_misc":{"Pre\u021b":"395&nbsp;MDL","Disponibilitate":"\u00cen stoc"},"schema":{"@context":"https:\/\/schema.org","@graph":[{"@type":"WebPage","@id":"https:\/\/xstyle.md\/product\/ottjazhka-s-karabinami-vento-light-set-10\/","url":"https:\/\/xstyle.md\/product\/ottjazhka-s-karabinami-vento-light-set-10\/","name":"Bucl\u0103 echipat\u0103 cu carabiniere Vento Light Set 10 - Magazin Xstyle","isPartOf":{"@id":"https:\/\/xstyle.md\/#website"},"primaryImageOfPage":{"@id":"https:\/\/xstyle.md\/product\/ottjazhka-s-karabinami-vento-light-set-10\/#primaryimage"},"image":{"@id":"https:\/\/xstyle.md\/product\/ottjazhka-s-karabinami-vento-light-set-10\/#primaryimage"},"thumbnailUrl":"https:\/\/xstyle.md\/wp-content\/uploads\/2020\/07\/vpro_set10_0.jpg","datePublished":"2020-07-17T14:21:18+00:00","dateModified":"2024-10-21T07:05:34+00:00","description":"Setul de extensie cu carabine Vento Light 10 \u2013 u\u0219oare \u0219i rezistente, ideale pentru alpinism \u0219i turism. Robuste \u0219i fiabile, pentru iubitorii de activit\u0103\u021bi \u00een aer liber!","breadcrumb":{"@id":"https:\/\/xstyle.md\/product\/ottjazhka-s-karabinami-vento-light-set-10\/#breadcrumb"},"inLanguage":"ro-RO","potentialAction":[{"@type":"ReadAction","target":["https:\/\/xstyle.md\/product\/ottjazhka-s-karabinami-vento-light-set-10\/"]}]},{"@type":"ImageObject","inLanguage":"ro-RO","@id":"https:\/\/xstyle.md\/product\/ottjazhka-s-karabinami-vento-light-set-10\/#primaryimage","url":"https:\/\/xstyle.md\/wp-content\/uploads\/2020\/07\/vpro_set10_0.jpg","contentUrl":"https:\/\/xstyle.md\/wp-content\/uploads\/2020\/07\/vpro_set10_0.jpg","width":499,"height":600},{"@type":"BreadcrumbList","@id":"https:\/\/xstyle.md\/product\/ottjazhka-s-karabinami-vento-light-set-10\/#breadcrumb","itemListElement":[{"@type":"ListItem","position":1,"name":"\u0413\u043b\u0430\u0432\u043d\u0430\u044f \u0441\u0442\u0440\u0430\u043d\u0438\u0446\u0430","item":"https:\/\/xstyle.md\/"},{"@type":"ListItem","position":2,"name":"\u041c\u0430\u0433\u0430\u0437\u0438\u043d","item":"https:\/\/xstyle.md\/shop\/"},{"@type":"ListItem","position":3,"name":"\u041e\u0442\u0442\u044f\u0436\u043a\u0430 \u0441 \u043a\u0430\u0440\u0430\u0431\u0438\u043d\u0430\u043c\u0438 Vento Light Set 10"}]},{"@type":"WebSite","@id":"https:\/\/xstyle.md\/#website","url":"https:\/\/xstyle.md\/","name":"Magazinul X-Style","description":"Echipamente pentru turism \u0219i sporturi extreme \u00een Moldova. Pre\u021buri, fotografii, caracteristici \u00een Moldova.","publisher":{"@id":"https:\/\/xstyle.md\/#organization"},"alternateName":"X-Style","potentialAction":[{"@type":"SearchAction","target":{"@type":"EntryPoint","urlTemplate":"https:\/\/xstyle.md\/?s={search_term_string}"},"query-input":{"@type":"PropertyValueSpecification","valueRequired":true,"valueName":"search_term_string"}}],"inLanguage":"ro-RO"},{"@type":"Organization","@id":"https:\/\/xstyle.md\/#organization","name":"Magazinul X-Style","alternateName":"x-style","url":"https:\/\/xstyle.md\/","logo":{"@type":"ImageObject","inLanguage":"ro-RO","@id":"https:\/\/xstyle.md\/#\/schema\/logo\/image\/","url":"https:\/\/xstyle.md\/wp-content\/uploads\/2020\/06\/logoicon.svg","contentUrl":"https:\/\/xstyle.md\/wp-content\/uploads\/2020\/06\/logoicon.svg","caption":"\u041c\u0430\u0433\u0430\u0437\u0438\u043d Xstyle"},"image":{"@id":"https:\/\/xstyle.md\/#\/schema\/logo\/image\/"},"sameAs":["https:\/\/www.facebook.com\/xstylemd","https:\/\/www.instagram.com\/xstyle_md\/","https:\/\/t.me\/xstyle_outdoor"],"hasMerchantReturnPolicy":{"@type":"MerchantReturnPolicy","merchantReturnLink":"https:\/\/xstyle.md\/ro\/conditions\/"}}]},"product_price_amount":"395.00","product_price_currency":"MDL","og_availability":"instock","product_availability":"instock","product_retailer_item_id":"2880009515983","product_condition":"new"},"post_mailing_queue_ids":[],"_links":{"self":[{"href":"https:\/\/xstyle.md\/ro\/wp-json\/wp\/v2\/product\/16945","targetHints":{"allow":["GET"]}}],"collection":[{"href":"https:\/\/xstyle.md\/ro\/wp-json\/wp\/v2\/product"}],"about":[{"href":"https:\/\/xstyle.md\/ro\/wp-json\/wp\/v2\/types\/product"}],"replies":[{"embeddable":true,"href":"https:\/\/xstyle.md\/ro\/wp-json\/wp\/v2\/comments?post=16945"}],"wp:featuredmedia":[{"embeddable":true,"href":"https:\/\/xstyle.md\/ro\/wp-json\/wp\/v2\/media\/16944"}],"wp:attachment":[{"href":"https:\/\/xstyle.md\/ro\/wp-json\/wp\/v2\/media?parent=16945"}],"wp:term":[{"taxonomy":"product_brand","embeddable":true,"href":"https:\/\/xstyle.md\/ro\/wp-json\/wp\/v2\/product_brand?post=16945"},{"taxonomy":"product_cat","embeddable":true,"href":"https:\/\/xstyle.md\/ro\/wp-json\/wp\/v2\/product_cat?post=16945"},{"taxonomy":"product_tag","embeddable":true,"href":"https:\/\/xstyle.md\/ro\/wp-json\/wp\/v2\/product_tag?post=16945"}],"curies":[{"name":"wp","href":"https:\/\/api.w.org\/{rel}","templated":true}]}}