{"id":16915,"date":"2020-07-17T17:20:04","date_gmt":"2020-07-17T14:20:04","guid":{"rendered":"https:\/\/xstyle.md\/product\/silikonovyj-chehol-gopro-sleeve-lanyard-pink-acsst-004"},"modified":"2025-03-24T16:43:11","modified_gmt":"2025-03-24T13:43:11","slug":"silikonovyj-chehol-gopro-sleeve-lanyard-pink-acsst-004","status":"publish","type":"product","link":"https:\/\/xstyle.md\/ro\/produs\/silikonovyj-chehol-gopro-sleeve-lanyard-pink-acsst-004\/","title":{"rendered":"Hus\u0103 camer\u0103 GoPro Sleeve Lanyard Pink (ACSST-004)"},"content":{"rendered":"<\/p>\n<p><strong>Hus\u0103 din silicon GoPro Sleeve Lanyard Pink (ACSST-004)\u00a0\u2014\u00a0<\/strong>va schimba aspectul camerei Dumneavoastr\u0103, acord\u00e2ndu-i un aspect original \u0219i elegant.<\/p>\n<p><strong>Caracteristici:<\/strong><\/p>\n<ul>\n<li>Materialul este pl\u0103cut la atingere, camera nu va aluneca nici din m\u00e2inile ude.<\/li>\n<li>Nu creeaz\u0103 un volum suplimentar, camera \u00ee\u0219i p\u0103streaz\u0103 dimensiunile compacte.<\/li>\n<li>Datorit\u0103 materialului flexibil, este u\u0219or de pus\/scos.<\/li>\n<li>Las\u0103 obiectivul \u0219i afi\u0219ajul din spate deschis.<\/li>\n<li>Proiectat pentru filmare f\u0103r\u0103 instalare pe orice suport.<\/li>\n<li>Pute\u021bi utiliza filtre de lumin\u0103 diferite pentru a regla extinderea culorilor \u00een func\u021bie de condi\u021biile de fotografiere.<\/li>\n<li>Vine cu o curea pentru purtare confortabil\u0103 pe g\u00e2t sau pe \u00eencheietura m\u00e2inii.<\/li>\n<li>Pentru ca toate accesoriile dvs. GoPro s\u0103 fie \u00een sigura\u021b\u0103, este recomandat s\u0103 le depozita\u021bi \u0219i s\u0103 le transporta\u021bi \u00een rucsacuri sau cazuri originale.<\/li>\n<\/ul>\n<p><\/p>","protected":false},"excerpt":{"rendered":"<p>\u0421\u0438\u043b\u0438\u043a\u043e\u043d\u043e\u0432\u044b\u0439 \u0447\u0435\u0445\u043e\u043b GoPro Sleeve Lanyard Pink (ACSST-004)<\/p>","protected":false},"featured_media":61485,"comment_status":"open","ping_status":"closed","template":"","meta":{"_acf_changed":false,"inline_featured_image":false},"product_brand":[1307],"product_cat":[879],"product_tag":[],"class_list":{"0":"post-16915","1":"product","2":"type-product","3":"status-publish","4":"has-post-thumbnail","6":"product_brand-gopro","7":"product_cat-accessories-camera","9":"first","10":"instock","11":"sale","12":"shipping-taxable","13":"purchasable","14":"product-type-simple"},"acf":[],"yoast_head":"<!-- This site is optimized with the Yoast SEO plugin v27.2 - https:\/\/yoast.com\/product\/yoast-seo-wordpress\/ -->\n<title>\u0421\u0438\u043b\u0438\u043a\u043e\u043d\u043e\u0432\u044b\u0439 \u0447\u0435\u0445\u043e\u043b \u0441 \u0440\u0435\u043c\u0435\u0448\u043a\u043e\u043c GoPro Sleeve Lanyard Pink (ACSST-004) - \u041c\u0430\u0433\u0430\u0437\u0438\u043d Xstyle<\/title>\n<meta name=\"description\" content=\"\u041a\u0443\u043f\u0438\u0442\u0435 \u0441\u0438\u043b\u0438\u043a\u043e\u043d\u043e\u0432\u044b\u0439 \u0447\u0435\u0445\u043e\u043b GoPro Sleeve Lanyard Pink ACSST004 \u0434\u043b\u044f \u0441\u0442\u0438\u043b\u044f \u0438 \u0437\u0430\u0449\u0438\u0442\u044b \u0432\u0430\u0448\u0435\u0439 \u043a\u0430\u043c\u0435\u0440\u044b. \u0423\u0434\u043e\u0431\u043d\u044b\u0439 \u0438 \u043a\u043e\u043c\u043f\u0430\u043a\u0442\u043d\u044b\u0439, \u043e\u043d \u043f\u0440\u0435\u0434\u043e\u0442\u0432\u0440\u0430\u0449\u0430\u0435\u0442 \u0441\u043a\u043e\u043b\u044c\u0436\u0435\u043d\u0438\u0435 \u0438 \u0441\u043e\u0445\u0440\u0430\u043d\u0438\u0435\u0442 \u0444\u0443\u043d\u043a\u0446\u0438\u043e\u043d\u0430\u043b\u044c\u043d\u043e\u0441\u0442\u044c!\" \/>\n<meta name=\"robots\" content=\"index, follow, max-snippet:-1, max-image-preview:large, max-video-preview:-1\" \/>\n<link rel=\"canonical\" href=\"https:\/\/xstyle.md\/ro\/produs\/silikonovyj-chehol-gopro-sleeve-lanyard-pink-acsst-004\/\" \/>\n<meta property=\"og:locale\" content=\"ro_RO\" \/>\n<meta property=\"og:type\" content=\"article\" \/>\n<meta property=\"og:title\" content=\"\u0421\u0438\u043b\u0438\u043a\u043e\u043d\u043e\u0432\u044b\u0439 \u0447\u0435\u0445\u043e\u043b \u0441 \u0440\u0435\u043c\u0435\u0448\u043a\u043e\u043c GoPro Sleeve Lanyard Pink (ACSST-004) - \u041c\u0430\u0433\u0430\u0437\u0438\u043d Xstyle\" \/>\n<meta property=\"og:description\" content=\"\u041a\u0443\u043f\u0438\u0442\u0435 \u0441\u0438\u043b\u0438\u043a\u043e\u043d\u043e\u0432\u044b\u0439 \u0447\u0435\u0445\u043e\u043b GoPro Sleeve Lanyard Pink ACSST004 \u0434\u043b\u044f \u0441\u0442\u0438\u043b\u044f \u0438 \u0437\u0430\u0449\u0438\u0442\u044b \u0432\u0430\u0448\u0435\u0439 \u043a\u0430\u043c\u0435\u0440\u044b. \u0423\u0434\u043e\u0431\u043d\u044b\u0439 \u0438 \u043a\u043e\u043c\u043f\u0430\u043a\u0442\u043d\u044b\u0439, \u043e\u043d \u043f\u0440\u0435\u0434\u043e\u0442\u0432\u0440\u0430\u0449\u0430\u0435\u0442 \u0441\u043a\u043e\u043b\u044c\u0436\u0435\u043d\u0438\u0435 \u0438 \u0441\u043e\u0445\u0440\u0430\u043d\u0438\u0435\u0442 \u0444\u0443\u043d\u043a\u0446\u0438\u043e\u043d\u0430\u043b\u044c\u043d\u043e\u0441\u0442\u044c!\" \/>\n<meta property=\"og:url\" content=\"https:\/\/xstyle.md\/ro\/produs\/silikonovyj-chehol-gopro-sleeve-lanyard-pink-acsst-004\/\" \/>\n<meta property=\"og:site_name\" content=\"\u041c\u0430\u0433\u0430\u0437\u0438\u043d Xstyle\" \/>\n<meta property=\"article:publisher\" content=\"https:\/\/www.facebook.com\/xstylemd\" \/>\n<meta property=\"article:modified_time\" content=\"2025-03-24T13:43:11+00:00\" \/>\n<meta property=\"og:image\" content=\"https:\/\/xstyle.md\/wp-content\/uploads\/2020\/07\/gopro-sleeve-lanyard-pink.jpg\" \/>\n\t<meta property=\"og:image:width\" content=\"546\" \/>\n\t<meta property=\"og:image:height\" content=\"448\" \/>\n\t<meta property=\"og:image:type\" content=\"image\/jpeg\" \/>\n<meta name=\"twitter:card\" content=\"summary_large_image\" \/>\n<meta name=\"twitter:label1\" content=\"Pre\u021b\" \/>\n\t<meta name=\"twitter:data1\" content=\"294&nbsp;MDL\" \/>\n\t<meta name=\"twitter:label2\" content=\"Disponibilitate\" \/>\n\t<meta name=\"twitter:data2\" content=\"\u00cen stoc\" \/>\n<script type=\"application\/ld+json\" class=\"yoast-schema-graph\">{\"@context\":\"https:\/\/schema.org\",\"@graph\":[{\"@type\":\"WebPage\",\"@id\":\"https:\/\/xstyle.md\/product\/silikonovyj-chehol-gopro-sleeve-lanyard-pink-acsst-004\/\",\"url\":\"https:\/\/xstyle.md\/product\/silikonovyj-chehol-gopro-sleeve-lanyard-pink-acsst-004\/\",\"name\":\"\u0421\u0438\u043b\u0438\u043a\u043e\u043d\u043e\u0432\u044b\u0439 \u0447\u0435\u0445\u043e\u043b \u0441 \u0440\u0435\u043c\u0435\u0448\u043a\u043e\u043c GoPro Sleeve Lanyard Pink (ACSST-004) - \u041c\u0430\u0433\u0430\u0437\u0438\u043d Xstyle\",\"isPartOf\":{\"@id\":\"https:\/\/xstyle.md\/#website\"},\"primaryImageOfPage\":{\"@id\":\"https:\/\/xstyle.md\/product\/silikonovyj-chehol-gopro-sleeve-lanyard-pink-acsst-004\/#primaryimage\"},\"image\":{\"@id\":\"https:\/\/xstyle.md\/product\/silikonovyj-chehol-gopro-sleeve-lanyard-pink-acsst-004\/#primaryimage\"},\"thumbnailUrl\":\"https:\/\/xstyle.md\/wp-content\/uploads\/2020\/07\/gopro-sleeve-lanyard-pink.jpg\",\"datePublished\":\"2020-07-17T14:20:04+00:00\",\"dateModified\":\"2025-03-24T13:43:11+00:00\",\"description\":\"\u041a\u0443\u043f\u0438\u0442\u0435 \u0441\u0438\u043b\u0438\u043a\u043e\u043d\u043e\u0432\u044b\u0439 \u0447\u0435\u0445\u043e\u043b GoPro Sleeve Lanyard Pink ACSST004 \u0434\u043b\u044f \u0441\u0442\u0438\u043b\u044f \u0438 \u0437\u0430\u0449\u0438\u0442\u044b \u0432\u0430\u0448\u0435\u0439 \u043a\u0430\u043c\u0435\u0440\u044b. \u0423\u0434\u043e\u0431\u043d\u044b\u0439 \u0438 \u043a\u043e\u043c\u043f\u0430\u043a\u0442\u043d\u044b\u0439, \u043e\u043d \u043f\u0440\u0435\u0434\u043e\u0442\u0432\u0440\u0430\u0449\u0430\u0435\u0442 \u0441\u043a\u043e\u043b\u044c\u0436\u0435\u043d\u0438\u0435 \u0438 \u0441\u043e\u0445\u0440\u0430\u043d\u0438\u0435\u0442 \u0444\u0443\u043d\u043a\u0446\u0438\u043e\u043d\u0430\u043b\u044c\u043d\u043e\u0441\u0442\u044c!\",\"breadcrumb\":{\"@id\":\"https:\/\/xstyle.md\/product\/silikonovyj-chehol-gopro-sleeve-lanyard-pink-acsst-004\/#breadcrumb\"},\"inLanguage\":\"ro-RO\",\"potentialAction\":[{\"@type\":\"ReadAction\",\"target\":[\"https:\/\/xstyle.md\/product\/silikonovyj-chehol-gopro-sleeve-lanyard-pink-acsst-004\/\"]}]},{\"@type\":\"ImageObject\",\"inLanguage\":\"ro-RO\",\"@id\":\"https:\/\/xstyle.md\/product\/silikonovyj-chehol-gopro-sleeve-lanyard-pink-acsst-004\/#primaryimage\",\"url\":\"https:\/\/xstyle.md\/wp-content\/uploads\/2020\/07\/gopro-sleeve-lanyard-pink.jpg\",\"contentUrl\":\"https:\/\/xstyle.md\/wp-content\/uploads\/2020\/07\/gopro-sleeve-lanyard-pink.jpg\",\"width\":546,\"height\":448,\"caption\":\"\u0421\u0438\u043b\u0438\u043a\u043e\u043d\u043e\u0432\u044b\u0439 \u0447\u0435\u0445\u043e\u043b \u0441 \u0440\u0435\u043c\u0435\u0448\u043a\u043e\u043c \u0434\u043b\u044f \u044d\u043a\u0448\u043d-\u043a\u0430\u043c\u0435\u0440\u044b GoPro \u043d\u0430 \u0430\u043a\u0442\u0438\u0432\u043d\u043e\u043c \u043e\u0442\u0434\u044b\u0445\u0435 \u0434\u043b\u044f \u043f\u0443\u0442\u0435\u0448\u0435\u0441\u0442\u0432\u0438\u0439 \u0434\u043b\u044f \u0441\u043f\u043e\u0440\u0442\u0438\u0432\u043d\u043e\u0439 \u043e\u0434\u0435\u0436\u0434\u044b \u0438 \u043e\u0431\u0443\u0432\u0438 \u0434\u043b\u044f \u0430\u043b\u044c\u043f\u0438\u043d\u0438\u0437\u043c\u0430 \u0438 \u043f\u043e\u0445\u043e\u0434\u043e\u0432\"},{\"@type\":\"BreadcrumbList\",\"@id\":\"https:\/\/xstyle.md\/product\/silikonovyj-chehol-gopro-sleeve-lanyard-pink-acsst-004\/#breadcrumb\",\"itemListElement\":[{\"@type\":\"ListItem\",\"position\":1,\"name\":\"\u0413\u043b\u0430\u0432\u043d\u0430\u044f \u0441\u0442\u0440\u0430\u043d\u0438\u0446\u0430\",\"item\":\"https:\/\/xstyle.md\/\"},{\"@type\":\"ListItem\",\"position\":2,\"name\":\"\u041c\u0430\u0433\u0430\u0437\u0438\u043d\",\"item\":\"https:\/\/xstyle.md\/shop\/\"},{\"@type\":\"ListItem\",\"position\":3,\"name\":\"\u0421\u0438\u043b\u0438\u043a\u043e\u043d\u043e\u0432\u044b\u0439 \u0447\u0435\u0445\u043e\u043b \u0441 \u0440\u0435\u043c\u0435\u0448\u043a\u043e\u043c GoPro Sleeve Lanyard Pink (ACSST-004)\"}]},{\"@type\":\"WebSite\",\"@id\":\"https:\/\/xstyle.md\/#website\",\"url\":\"https:\/\/xstyle.md\/\",\"name\":\"\u041c\u0430\u0433\u0430\u0437\u0438\u043d Xstyle\",\"description\":\"C\u043d\u0430\u0440\u044f\u0436\u0435\u043d\u0438\u0435 \u0434\u043b\u044f \u0442\u0443\u0440\u0438\u0437\u043c\u0430 \u0438 \u044d\u043a\u0441\u0442\u0440\u0435\u043c\u0430\u043b\u044c\u043d\u044b\u0445 \u0432\u0438\u0434\u043e\u0432 \u0441\u043f\u043e\u0440\u0442\u0430 \u0432 \u041c\u043e\u043b\u0434\u043e\u0432\u0435.. \u0426\u0435\u043d\u044b, \u0444\u043e\u0442\u043e, \u0445\u0430\u0440\u0430\u043a\u0442\u0435\u0440\u0438\u0441\u0442\u0438\u043a\u0438 \u0432 \u041c\u043e\u043b\u0434\u043e\u0432\u0435.\",\"publisher\":{\"@id\":\"https:\/\/xstyle.md\/#organization\"},\"alternateName\":\"X-Style\",\"potentialAction\":[{\"@type\":\"SearchAction\",\"target\":{\"@type\":\"EntryPoint\",\"urlTemplate\":\"https:\/\/xstyle.md\/?s={search_term_string}\"},\"query-input\":{\"@type\":\"PropertyValueSpecification\",\"valueRequired\":true,\"valueName\":\"search_term_string\"}}],\"inLanguage\":\"ro-RO\"},{\"@type\":\"Organization\",\"@id\":\"https:\/\/xstyle.md\/#organization\",\"name\":\"\u041c\u0430\u0433\u0430\u0437\u0438\u043d Xstyle\",\"alternateName\":\"x-style\",\"url\":\"https:\/\/xstyle.md\/\",\"logo\":{\"@type\":\"ImageObject\",\"inLanguage\":\"ro-RO\",\"@id\":\"https:\/\/xstyle.md\/#\/schema\/logo\/image\/\",\"url\":\"https:\/\/xstyle.md\/wp-content\/uploads\/2020\/06\/logoicon.svg\",\"contentUrl\":\"https:\/\/xstyle.md\/wp-content\/uploads\/2020\/06\/logoicon.svg\",\"caption\":\"\u041c\u0430\u0433\u0430\u0437\u0438\u043d Xstyle\"},\"image\":{\"@id\":\"https:\/\/xstyle.md\/#\/schema\/logo\/image\/\"},\"sameAs\":[\"https:\/\/www.facebook.com\/xstylemd\",\"https:\/\/www.instagram.com\/xstyle_md\/\",\"https:\/\/t.me\/xstyle_outdoor\"],\"hasMerchantReturnPolicy\":{\"@type\":\"MerchantReturnPolicy\",\"merchantReturnLink\":\"https:\/\/xstyle.md\/ro\/conditions\/\"}}]}<\/script>\n<meta property=\"product:price:amount\" content=\"294.00\" \/>\n<meta property=\"product:price:currency\" content=\"MDL\" \/>\n<meta property=\"og:availability\" content=\"instock\" \/>\n<meta property=\"product:availability\" content=\"instock\" \/>\n<meta property=\"product:retailer_item_id\" content=\"ACSST-004\" \/>\n<meta property=\"product:condition\" content=\"new\" \/>\n<!-- \/ Yoast SEO plugin. -->","yoast_head_json":{"title":"\u0421\u0438\u043b\u0438\u043a\u043e\u043d\u043e\u0432\u044b\u0439 \u0447\u0435\u0445\u043e\u043b \u0441 \u0440\u0435\u043c\u0435\u0448\u043a\u043e\u043c GoPro Sleeve Lanyard Pink (ACSST-004) - \u041c\u0430\u0433\u0430\u0437\u0438\u043d Xstyle","description":"Cump\u0103ra\u021bi husa din silicon GoPro Sleeve Lanyard Pink ACSST004 pentru stilul \u0219i protec\u021bia camerei dumneavoastr\u0103. Confortabil\u0103 \u0219i compact\u0103, aceasta \u00eempiedic\u0103 alunecarea \u0219i p\u0103streaz\u0103 func\u021bionalitatea!","robots":{"index":"index","follow":"follow","max-snippet":"max-snippet:-1","max-image-preview":"max-image-preview:large","max-video-preview":"max-video-preview:-1"},"canonical":"https:\/\/xstyle.md\/ro\/produs\/silikonovyj-chehol-gopro-sleeve-lanyard-pink-acsst-004\/","og_locale":"ro_RO","og_type":"article","og_title":"\u0421\u0438\u043b\u0438\u043a\u043e\u043d\u043e\u0432\u044b\u0439 \u0447\u0435\u0445\u043e\u043b \u0441 \u0440\u0435\u043c\u0435\u0448\u043a\u043e\u043c GoPro Sleeve Lanyard Pink (ACSST-004) - \u041c\u0430\u0433\u0430\u0437\u0438\u043d Xstyle","og_description":"\u041a\u0443\u043f\u0438\u0442\u0435 \u0441\u0438\u043b\u0438\u043a\u043e\u043d\u043e\u0432\u044b\u0439 \u0447\u0435\u0445\u043e\u043b GoPro Sleeve Lanyard Pink ACSST004 \u0434\u043b\u044f \u0441\u0442\u0438\u043b\u044f \u0438 \u0437\u0430\u0449\u0438\u0442\u044b \u0432\u0430\u0448\u0435\u0439 \u043a\u0430\u043c\u0435\u0440\u044b. \u0423\u0434\u043e\u0431\u043d\u044b\u0439 \u0438 \u043a\u043e\u043c\u043f\u0430\u043a\u0442\u043d\u044b\u0439, \u043e\u043d \u043f\u0440\u0435\u0434\u043e\u0442\u0432\u0440\u0430\u0449\u0430\u0435\u0442 \u0441\u043a\u043e\u043b\u044c\u0436\u0435\u043d\u0438\u0435 \u0438 \u0441\u043e\u0445\u0440\u0430\u043d\u0438\u0435\u0442 \u0444\u0443\u043d\u043a\u0446\u0438\u043e\u043d\u0430\u043b\u044c\u043d\u043e\u0441\u0442\u044c!","og_url":"https:\/\/xstyle.md\/ro\/produs\/silikonovyj-chehol-gopro-sleeve-lanyard-pink-acsst-004\/","og_site_name":"\u041c\u0430\u0433\u0430\u0437\u0438\u043d Xstyle","article_publisher":"https:\/\/www.facebook.com\/xstylemd","article_modified_time":"2025-03-24T13:43:11+00:00","og_image":[{"width":546,"height":448,"url":"https:\/\/xstyle.md\/wp-content\/uploads\/2020\/07\/gopro-sleeve-lanyard-pink.jpg","type":"image\/jpeg"}],"twitter_card":"summary_large_image","twitter_misc":{"Pre\u021b":"294&nbsp;MDL","Disponibilitate":"\u00cen stoc"},"schema":{"@context":"https:\/\/schema.org","@graph":[{"@type":"WebPage","@id":"https:\/\/xstyle.md\/product\/silikonovyj-chehol-gopro-sleeve-lanyard-pink-acsst-004\/","url":"https:\/\/xstyle.md\/product\/silikonovyj-chehol-gopro-sleeve-lanyard-pink-acsst-004\/","name":"\u0421\u0438\u043b\u0438\u043a\u043e\u043d\u043e\u0432\u044b\u0439 \u0447\u0435\u0445\u043e\u043b \u0441 \u0440\u0435\u043c\u0435\u0448\u043a\u043e\u043c GoPro Sleeve Lanyard Pink (ACSST-004) - \u041c\u0430\u0433\u0430\u0437\u0438\u043d Xstyle","isPartOf":{"@id":"https:\/\/xstyle.md\/#website"},"primaryImageOfPage":{"@id":"https:\/\/xstyle.md\/product\/silikonovyj-chehol-gopro-sleeve-lanyard-pink-acsst-004\/#primaryimage"},"image":{"@id":"https:\/\/xstyle.md\/product\/silikonovyj-chehol-gopro-sleeve-lanyard-pink-acsst-004\/#primaryimage"},"thumbnailUrl":"https:\/\/xstyle.md\/wp-content\/uploads\/2020\/07\/gopro-sleeve-lanyard-pink.jpg","datePublished":"2020-07-17T14:20:04+00:00","dateModified":"2025-03-24T13:43:11+00:00","description":"Cump\u0103ra\u021bi husa din silicon GoPro Sleeve Lanyard Pink ACSST004 pentru stilul \u0219i protec\u021bia camerei dumneavoastr\u0103. Confortabil\u0103 \u0219i compact\u0103, aceasta \u00eempiedic\u0103 alunecarea \u0219i p\u0103streaz\u0103 func\u021bionalitatea!","breadcrumb":{"@id":"https:\/\/xstyle.md\/product\/silikonovyj-chehol-gopro-sleeve-lanyard-pink-acsst-004\/#breadcrumb"},"inLanguage":"ro-RO","potentialAction":[{"@type":"ReadAction","target":["https:\/\/xstyle.md\/product\/silikonovyj-chehol-gopro-sleeve-lanyard-pink-acsst-004\/"]}]},{"@type":"ImageObject","inLanguage":"ro-RO","@id":"https:\/\/xstyle.md\/product\/silikonovyj-chehol-gopro-sleeve-lanyard-pink-acsst-004\/#primaryimage","url":"https:\/\/xstyle.md\/wp-content\/uploads\/2020\/07\/gopro-sleeve-lanyard-pink.jpg","contentUrl":"https:\/\/xstyle.md\/wp-content\/uploads\/2020\/07\/gopro-sleeve-lanyard-pink.jpg","width":546,"height":448,"caption":"\u0421\u0438\u043b\u0438\u043a\u043e\u043d\u043e\u0432\u044b\u0439 \u0447\u0435\u0445\u043e\u043b \u0441 \u0440\u0435\u043c\u0435\u0448\u043a\u043e\u043c \u0434\u043b\u044f \u044d\u043a\u0448\u043d-\u043a\u0430\u043c\u0435\u0440\u044b GoPro \u043d\u0430 \u0430\u043a\u0442\u0438\u0432\u043d\u043e\u043c \u043e\u0442\u0434\u044b\u0445\u0435 \u0434\u043b\u044f \u043f\u0443\u0442\u0435\u0448\u0435\u0441\u0442\u0432\u0438\u0439 \u0434\u043b\u044f \u0441\u043f\u043e\u0440\u0442\u0438\u0432\u043d\u043e\u0439 \u043e\u0434\u0435\u0436\u0434\u044b \u0438 \u043e\u0431\u0443\u0432\u0438 \u0434\u043b\u044f \u0430\u043b\u044c\u043f\u0438\u043d\u0438\u0437\u043c\u0430 \u0438 \u043f\u043e\u0445\u043e\u0434\u043e\u0432"},{"@type":"BreadcrumbList","@id":"https:\/\/xstyle.md\/product\/silikonovyj-chehol-gopro-sleeve-lanyard-pink-acsst-004\/#breadcrumb","itemListElement":[{"@type":"ListItem","position":1,"name":"\u0413\u043b\u0430\u0432\u043d\u0430\u044f \u0441\u0442\u0440\u0430\u043d\u0438\u0446\u0430","item":"https:\/\/xstyle.md\/"},{"@type":"ListItem","position":2,"name":"\u041c\u0430\u0433\u0430\u0437\u0438\u043d","item":"https:\/\/xstyle.md\/shop\/"},{"@type":"ListItem","position":3,"name":"\u0421\u0438\u043b\u0438\u043a\u043e\u043d\u043e\u0432\u044b\u0439 \u0447\u0435\u0445\u043e\u043b \u0441 \u0440\u0435\u043c\u0435\u0448\u043a\u043e\u043c GoPro Sleeve Lanyard Pink (ACSST-004)"}]},{"@type":"WebSite","@id":"https:\/\/xstyle.md\/#website","url":"https:\/\/xstyle.md\/","name":"Magazinul X-Style","description":"Echipamente pentru turism \u0219i sporturi extreme \u00een Moldova. Pre\u021buri, fotografii, caracteristici \u00een Moldova.","publisher":{"@id":"https:\/\/xstyle.md\/#organization"},"alternateName":"X-Style","potentialAction":[{"@type":"SearchAction","target":{"@type":"EntryPoint","urlTemplate":"https:\/\/xstyle.md\/?s={search_term_string}"},"query-input":{"@type":"PropertyValueSpecification","valueRequired":true,"valueName":"search_term_string"}}],"inLanguage":"ro-RO"},{"@type":"Organization","@id":"https:\/\/xstyle.md\/#organization","name":"Magazinul X-Style","alternateName":"x-style","url":"https:\/\/xstyle.md\/","logo":{"@type":"ImageObject","inLanguage":"ro-RO","@id":"https:\/\/xstyle.md\/#\/schema\/logo\/image\/","url":"https:\/\/xstyle.md\/wp-content\/uploads\/2020\/06\/logoicon.svg","contentUrl":"https:\/\/xstyle.md\/wp-content\/uploads\/2020\/06\/logoicon.svg","caption":"\u041c\u0430\u0433\u0430\u0437\u0438\u043d Xstyle"},"image":{"@id":"https:\/\/xstyle.md\/#\/schema\/logo\/image\/"},"sameAs":["https:\/\/www.facebook.com\/xstylemd","https:\/\/www.instagram.com\/xstyle_md\/","https:\/\/t.me\/xstyle_outdoor"],"hasMerchantReturnPolicy":{"@type":"MerchantReturnPolicy","merchantReturnLink":"https:\/\/xstyle.md\/ro\/conditions\/"}}]},"product_price_amount":"294.00","product_price_currency":"MDL","og_availability":"instock","product_availability":"instock","product_retailer_item_id":"ACSST-004","product_condition":"new"},"post_mailing_queue_ids":[],"_links":{"self":[{"href":"https:\/\/xstyle.md\/ro\/wp-json\/wp\/v2\/product\/16915","targetHints":{"allow":["GET"]}}],"collection":[{"href":"https:\/\/xstyle.md\/ro\/wp-json\/wp\/v2\/product"}],"about":[{"href":"https:\/\/xstyle.md\/ro\/wp-json\/wp\/v2\/types\/product"}],"replies":[{"embeddable":true,"href":"https:\/\/xstyle.md\/ro\/wp-json\/wp\/v2\/comments?post=16915"}],"wp:featuredmedia":[{"embeddable":true,"href":"https:\/\/xstyle.md\/ro\/wp-json\/wp\/v2\/media\/61485"}],"wp:attachment":[{"href":"https:\/\/xstyle.md\/ro\/wp-json\/wp\/v2\/media?parent=16915"}],"wp:term":[{"taxonomy":"product_brand","embeddable":true,"href":"https:\/\/xstyle.md\/ro\/wp-json\/wp\/v2\/product_brand?post=16915"},{"taxonomy":"product_cat","embeddable":true,"href":"https:\/\/xstyle.md\/ro\/wp-json\/wp\/v2\/product_cat?post=16915"},{"taxonomy":"product_tag","embeddable":true,"href":"https:\/\/xstyle.md\/ro\/wp-json\/wp\/v2\/product_tag?post=16915"}],"curies":[{"name":"wp","href":"https:\/\/api.w.org\/{rel}","templated":true}]}}