{"id":16911,"date":"2020-07-17T17:19:52","date_gmt":"2020-07-17T14:19:52","guid":{"rendered":"https:\/\/xstyle.md\/product\/rjukzak-deuter-trail-pro-36"},"modified":"2025-08-26T19:59:44","modified_gmt":"2025-08-26T16:59:44","slug":"rjukzak-deuter-trail-pro-36","status":"publish","type":"product","link":"https:\/\/xstyle.md\/ro\/produs\/rjukzak-deuter-trail-pro-36\/","title":{"rendered":"Rucsac Deuter Trail Pro 36"},"content":{"rendered":"<\/p>\n<p><strong>Rucsac Deuter Trail Pro 36\u00a0&#8212;\u00a0<\/strong>un model pentru hiking, care se a\u0219eaz\u0103 perfect pe spate, este u\u0219or de ajustat dup\u0103 \u00een\u0103l\u021bime \u0219i este perfect pentru excursii scurte \u00een natur\u0103. Designul spatelui Aircontact cu un cadru flexibil Delrin\u00ae se ajusteaz\u0103 u\u0219or dup\u0103 price form de spate. Culorile proaspete fac aceste rucsacuri \u0219i mai atractive. Buzunarul frontal \u00een form\u0103 de U, cu fermoar \u00een dou\u0103 direc\u021bii, ofer\u0103 un acces u\u0219or la compartimentul principal, chiar \u0219i cu clapeta \u00eenchis\u0103.<\/p>\n<h3>Particularit\u0103\u021bi<\/h3>\n<ul>\n<li>Fermoar cu dou\u0103 direc\u021bii pe partea din fa\u021b\u0103, care ofer\u0103 acces u\u0219or la lucruri chiar \u0219i atunci c\u00e2nd clapeta este \u00eenchis\u0103<\/li>\n<li>Pernele centurii de \u0219old Auto-Compress \u0219i Pull-Forward asigur\u0103 o potrivire confortabil\u0103<\/li>\n<li>Sp\u0103tar Aircontact Trail System cu form\u0103 anatomic\u0103 pentru confort<\/li>\n<li>Curelele de um\u0103r anatomice cu c\u0103ptu\u0219eal\u0103 perforat\u0103 sunt c\u0103ptu\u0219ite cu \u021bes\u0103tur\u0103 3D AirMesh \u0219i pot fi ajustate cu u\u0219urin\u021b\u0103 pentru \u00een\u0103l\u021bime<\/li>\n<li>Buzunar frontal elastic pentru jachet\u0103, casc\u0103 sau ham de siguran\u021b\u0103.<\/li>\n<li>Buzunar frontal cu fermoar pentru carduri<\/li>\n<li>C\u0103ptu\u0219eal\u0103 dens\u0103 3D AirMesh<\/li>\n<li>Buzunar superior cu clapet\u0103, buzunar intern pentru obiecte mici, un buzunar lateral cu fermoar \u0219i un buzunar lateral elastic<\/li>\n<li>Compartiment pentru haine umede<\/li>\n<li>Sistem de fixare pentru unelte de ghea\u021b\u0103 \u0219i be\u021be telescopice<\/li>\n<li>Etichet\u0103 SOS<\/li>\n<li>Curele de compresie<\/li>\n<li>Hus\u0103 de ploaie deta\u0219abil\u0103<\/li>\n<li>Compatibilitate cu sistemul de b\u0103utur\u0103<\/li>\n<\/ul>\n<h3>Caracteristici<\/h3>\n<ul>\n<li>Greutate &#8212; 1580 g<\/li>\n<li>Volum &#8212; 36 litri<\/li>\n<li>Dimensiuni &#8212; 70 x 28 x 24 (H x L x P) cm<\/li>\n<li>Material &#8212; 210D Polyamid \/ 600D Poliester<\/li>\n<li>Nu este potrivit pentru bagajele de m\u00e2n\u0103<\/li>\n<li>Hus\u0103 de ploaie &#8212; da<\/li>\n<li>Ventila\u021bie &#8212; da<\/li>\n<li>Scop &#8212; drume\u021bii, camping<\/li>\n<li>Model &#8212; unisex<\/li>\n<\/ul>\n<h3>Tehnologie<\/h3>\n<ul>\n<li><strong>Sistemul Aircontact<\/strong> &#8212; este un sistem de suspensie care faciliteaz\u0103 modul \u00een care sunt transportate \u00eenc\u0103rc\u0103turile grele. Pernele sistemului Aircontact sunt alc\u0103tuite din spum\u0103 special\u0103 cu porozitate mare, care asigur\u0103 o ventila\u021bie fantastic\u0103 printr-un efect de pompare \u00een timpul mi\u0219c\u0103rii. Datorit\u0103 contactului str\u00e2ns cu rucsacul, centrul de greutate este pozi\u021bionat mai aproape de corp &#8212; greutatea \u00eenc\u0103rc\u0103turii este distribuit\u0103 \u00een mod optim.<\/li>\n<li><strong>3D-Air-Mesh<\/strong> &#8212; ochiuri de plas\u0103 din poliester cu o grosime de 3 mm sau mai mare, adic\u0103 spa\u021bial (3D). Datorit\u0103 respirabilit\u0103\u021bii sale optime \u0219i a efectului s\u0103u de absorb\u021bie a \u0219ocurilor, este materialul ideal pentru stratul exterior al spatelui, curelelor de um\u0103r \u0219i centurilor de \u0219old. Este foarte rezistent \u0219i ofer\u0103 confort.<\/li>\n<\/ul>\n<h3>Marca<\/h3>\n<p>Deuter este o marc\u0103 german\u0103 de gen\u021bi de sport \u0219i gen\u021bi pentru drume\u021bii, trekking, sporturi de iarn\u0103 \u0219i alte scopuri. Istoria companiei dateaz\u0103 de mai bine de 100 de ani: fondat\u0103 de Hans Deuter \u00een 1898, la \u00eenceputul secolului XX Deuter furniza deja saci po\u0219tali pentru Po\u0219ta Regal\u0103 Bavarez\u0103, iar \u00een anii 1910 &#8212; rucsaci, gen\u021bi, curele \u0219i corturi pentru armat\u0103.<\/p>\n<p>Fiind unul dintre cei mai importan\u021bi produc\u0103tori de rucsacuri, Deuter a cooperat \u00eentotdeauna cu alpini\u0219ti experimenta\u021bi, care \u00eemp\u0103rt\u0103\u0219esc din experien\u021ba \u0219i cuno\u0219tin\u021bele lor bogate. Deuter nu se opre\u0219te la rezultatele ob\u021binute, lucr\u00e2nd \u00een mod constant la calitate \u0219i la \u00eembun\u0103t\u0103\u021birea produselor sale. Speciali\u0219tii companiei sunt mereu \u00een c\u0103utarea de noi solu\u021bii tehnice care s\u0103 v\u0103 asigure confortul \u0219i siguran\u021ba.<\/p>\n<p><\/p>","protected":false},"excerpt":{"rendered":"<p>Rucsac Deuter Trail Pro 36<\/p>","protected":false},"featured_media":87325,"comment_status":"open","ping_status":"closed","template":"","meta":{"_acf_changed":false,"inline_featured_image":false},"product_brand":[1261],"product_cat":[20],"product_tag":[],"class_list":{"0":"post-16911","1":"product","2":"type-product","3":"status-publish","4":"has-post-thumbnail","6":"product_brand-deuter","7":"product_cat-travel-up-to-50-bag","9":"first","10":"instock","11":"shipping-taxable","12":"purchasable","13":"product-type-simple"},"acf":[],"yoast_head":"<!-- This site is optimized with the Yoast SEO plugin v27.2 - https:\/\/yoast.com\/product\/yoast-seo-wordpress\/ -->\n<title>\u0420\u044e\u043a\u0437\u0430\u043a Deuter Trail Pro 36 - \u041c\u0430\u0433\u0430\u0437\u0438\u043d Xstyle<\/title>\n<meta name=\"description\" content=\"\u0420\u044e\u043a\u0437\u0430\u043a Deuter Trail Pro 36 \u0438\u0434\u0435\u0430\u043b\u044c\u043d\u043e \u043f\u043e\u0434\u0445\u043e\u0434\u0438\u0442 \u0434\u043b\u044f \u0445\u0430\u0439\u043a\u0438\u043d\u0433\u0430. \u0423\u0434\u043e\u0431\u043d\u0430\u044f \u0441\u0438\u0441\u0442\u0435\u043c\u0430 Aircontact \u0438 3D AirMesh \u043e\u0431\u0435\u0441\u043f\u0435\u0447\u0438\u0432\u0430\u044e\u0442 \u043a\u043e\u043c\u0444\u043e\u0440\u0442 \u0438 \u043b\u0435\u0433\u043a\u0443\u044e \u043d\u0430\u0441\u0442\u0440\u043e\u0439\u043a\u0443 \u043f\u043e\u0434 \u0440\u0430\u0437\u043c\u0435\u0440.\" \/>\n<meta name=\"robots\" content=\"index, follow, max-snippet:-1, max-image-preview:large, max-video-preview:-1\" \/>\n<link rel=\"canonical\" href=\"https:\/\/xstyle.md\/ro\/produs\/rjukzak-deuter-trail-pro-36\/\" \/>\n<meta property=\"og:locale\" content=\"ro_RO\" \/>\n<meta property=\"og:type\" content=\"article\" \/>\n<meta property=\"og:title\" content=\"\u0420\u044e\u043a\u0437\u0430\u043a Deuter Trail Pro 36 - \u041c\u0430\u0433\u0430\u0437\u0438\u043d Xstyle\" \/>\n<meta property=\"og:description\" content=\"\u0420\u044e\u043a\u0437\u0430\u043a Deuter Trail Pro 36 \u0438\u0434\u0435\u0430\u043b\u044c\u043d\u043e \u043f\u043e\u0434\u0445\u043e\u0434\u0438\u0442 \u0434\u043b\u044f \u0445\u0430\u0439\u043a\u0438\u043d\u0433\u0430. \u0423\u0434\u043e\u0431\u043d\u0430\u044f \u0441\u0438\u0441\u0442\u0435\u043c\u0430 Aircontact \u0438 3D AirMesh \u043e\u0431\u0435\u0441\u043f\u0435\u0447\u0438\u0432\u0430\u044e\u0442 \u043a\u043e\u043c\u0444\u043e\u0440\u0442 \u0438 \u043b\u0435\u0433\u043a\u0443\u044e \u043d\u0430\u0441\u0442\u0440\u043e\u0439\u043a\u0443 \u043f\u043e\u0434 \u0440\u0430\u0437\u043c\u0435\u0440.\" \/>\n<meta property=\"og:url\" content=\"https:\/\/xstyle.md\/ro\/produs\/rjukzak-deuter-trail-pro-36\/\" \/>\n<meta property=\"og:site_name\" content=\"\u041c\u0430\u0433\u0430\u0437\u0438\u043d Xstyle\" \/>\n<meta property=\"article:publisher\" content=\"https:\/\/www.facebook.com\/xstylemd\" \/>\n<meta property=\"article:modified_time\" content=\"2025-08-26T16:59:44+00:00\" \/>\n<meta property=\"og:image\" content=\"https:\/\/xstyle.md\/wp-content\/uploads\/2020\/07\/deuter-trail-pro-36-black-shale.jpg\" \/>\n\t<meta property=\"og:image:width\" content=\"2141\" \/>\n\t<meta property=\"og:image:height\" content=\"2154\" \/>\n\t<meta property=\"og:image:type\" content=\"image\/jpeg\" \/>\n<meta name=\"twitter:card\" content=\"summary_large_image\" \/>\n<meta name=\"twitter:label1\" content=\"Pre\u021b\" \/>\n\t<meta name=\"twitter:data1\" content=\"3.990&nbsp;MDL\" \/>\n\t<meta name=\"twitter:label2\" content=\"Disponibilitate\" \/>\n\t<meta name=\"twitter:data2\" content=\"\u00cen stoc\" \/>\n<script type=\"application\/ld+json\" class=\"yoast-schema-graph\">{\"@context\":\"https:\/\/schema.org\",\"@graph\":[{\"@type\":\"WebPage\",\"@id\":\"https:\/\/xstyle.md\/product\/rjukzak-deuter-trail-pro-36\/\",\"url\":\"https:\/\/xstyle.md\/product\/rjukzak-deuter-trail-pro-36\/\",\"name\":\"\u0420\u044e\u043a\u0437\u0430\u043a Deuter Trail Pro 36 - \u041c\u0430\u0433\u0430\u0437\u0438\u043d Xstyle\",\"isPartOf\":{\"@id\":\"https:\/\/xstyle.md\/#website\"},\"primaryImageOfPage\":{\"@id\":\"https:\/\/xstyle.md\/product\/rjukzak-deuter-trail-pro-36\/#primaryimage\"},\"image\":{\"@id\":\"https:\/\/xstyle.md\/product\/rjukzak-deuter-trail-pro-36\/#primaryimage\"},\"thumbnailUrl\":\"https:\/\/xstyle.md\/wp-content\/uploads\/2020\/07\/deuter-trail-pro-36-black-shale.jpg\",\"datePublished\":\"2020-07-17T14:19:52+00:00\",\"dateModified\":\"2025-08-26T16:59:44+00:00\",\"description\":\"\u0420\u044e\u043a\u0437\u0430\u043a Deuter Trail Pro 36 \u0438\u0434\u0435\u0430\u043b\u044c\u043d\u043e \u043f\u043e\u0434\u0445\u043e\u0434\u0438\u0442 \u0434\u043b\u044f \u0445\u0430\u0439\u043a\u0438\u043d\u0433\u0430. \u0423\u0434\u043e\u0431\u043d\u0430\u044f \u0441\u0438\u0441\u0442\u0435\u043c\u0430 Aircontact \u0438 3D AirMesh \u043e\u0431\u0435\u0441\u043f\u0435\u0447\u0438\u0432\u0430\u044e\u0442 \u043a\u043e\u043c\u0444\u043e\u0440\u0442 \u0438 \u043b\u0435\u0433\u043a\u0443\u044e \u043d\u0430\u0441\u0442\u0440\u043e\u0439\u043a\u0443 \u043f\u043e\u0434 \u0440\u0430\u0437\u043c\u0435\u0440.\",\"breadcrumb\":{\"@id\":\"https:\/\/xstyle.md\/product\/rjukzak-deuter-trail-pro-36\/#breadcrumb\"},\"inLanguage\":\"ro-RO\",\"potentialAction\":[{\"@type\":\"ReadAction\",\"target\":[\"https:\/\/xstyle.md\/product\/rjukzak-deuter-trail-pro-36\/\"]}]},{\"@type\":\"ImageObject\",\"inLanguage\":\"ro-RO\",\"@id\":\"https:\/\/xstyle.md\/product\/rjukzak-deuter-trail-pro-36\/#primaryimage\",\"url\":\"https:\/\/xstyle.md\/wp-content\/uploads\/2020\/07\/deuter-trail-pro-36-black-shale.jpg\",\"contentUrl\":\"https:\/\/xstyle.md\/wp-content\/uploads\/2020\/07\/deuter-trail-pro-36-black-shale.jpg\",\"width\":1908,\"height\":1920,\"caption\":\"\u0420\u044e\u043a\u0437\u0430\u043a Deuter Trail Pro 36 \u0434\u043b\u044f \u0430\u043a\u0442\u0438\u0432\u043d\u043e\u0433\u043e \u043e\u0442\u0434\u044b\u0445\u0430 \u043f\u043e\u0445\u043e\u0434\u043e\u0432 \u043f\u0443\u0442\u0435\u0448\u0435\u0441\u0442\u0432\u0438\u0439 \u043e\u0434\u0435\u0436\u0434\u044b \u0438 \u043e\u0431\u0443\u0432\u0438 \u0434\u043b\u044f \u0430\u043b\u044c\u043f\u0438\u043d\u0438\u0437\u043c\u0430 \u0438 \u0442\u0443\u0440\u0438\u0437\u043c\u0430 \u0432 \u043c\u0430\u0433\u0430\u0437\u0438\u043d\u0435 \u043e\u043d\u043b\u0430\u0439\u043d \u0442\u043e\u0432\u0430\u0440\u043e\u0432 \u0434\u043b\u044f \u0430\u043a\u0442\u0438\u0432\u043d\u043e\u0433\u043e \u043e\u0431\u0440\u0430\u0437\u0430 \u0436\u0438\u0437\u043d\u0438\"},{\"@type\":\"BreadcrumbList\",\"@id\":\"https:\/\/xstyle.md\/product\/rjukzak-deuter-trail-pro-36\/#breadcrumb\",\"itemListElement\":[{\"@type\":\"ListItem\",\"position\":1,\"name\":\"\u0413\u043b\u0430\u0432\u043d\u0430\u044f \u0441\u0442\u0440\u0430\u043d\u0438\u0446\u0430\",\"item\":\"https:\/\/xstyle.md\/\"},{\"@type\":\"ListItem\",\"position\":2,\"name\":\"\u041c\u0430\u0433\u0430\u0437\u0438\u043d\",\"item\":\"https:\/\/xstyle.md\/shop\/\"},{\"@type\":\"ListItem\",\"position\":3,\"name\":\"\u0420\u044e\u043a\u0437\u0430\u043a Deuter Trail Pro 36\"}]},{\"@type\":\"WebSite\",\"@id\":\"https:\/\/xstyle.md\/#website\",\"url\":\"https:\/\/xstyle.md\/\",\"name\":\"\u041c\u0430\u0433\u0430\u0437\u0438\u043d Xstyle\",\"description\":\"C\u043d\u0430\u0440\u044f\u0436\u0435\u043d\u0438\u0435 \u0434\u043b\u044f \u0442\u0443\u0440\u0438\u0437\u043c\u0430 \u0438 \u044d\u043a\u0441\u0442\u0440\u0435\u043c\u0430\u043b\u044c\u043d\u044b\u0445 \u0432\u0438\u0434\u043e\u0432 \u0441\u043f\u043e\u0440\u0442\u0430 \u0432 \u041c\u043e\u043b\u0434\u043e\u0432\u0435.. \u0426\u0435\u043d\u044b, \u0444\u043e\u0442\u043e, \u0445\u0430\u0440\u0430\u043a\u0442\u0435\u0440\u0438\u0441\u0442\u0438\u043a\u0438 \u0432 \u041c\u043e\u043b\u0434\u043e\u0432\u0435.\",\"publisher\":{\"@id\":\"https:\/\/xstyle.md\/#organization\"},\"alternateName\":\"X-Style\",\"potentialAction\":[{\"@type\":\"SearchAction\",\"target\":{\"@type\":\"EntryPoint\",\"urlTemplate\":\"https:\/\/xstyle.md\/?s={search_term_string}\"},\"query-input\":{\"@type\":\"PropertyValueSpecification\",\"valueRequired\":true,\"valueName\":\"search_term_string\"}}],\"inLanguage\":\"ro-RO\"},{\"@type\":\"Organization\",\"@id\":\"https:\/\/xstyle.md\/#organization\",\"name\":\"\u041c\u0430\u0433\u0430\u0437\u0438\u043d Xstyle\",\"alternateName\":\"x-style\",\"url\":\"https:\/\/xstyle.md\/\",\"logo\":{\"@type\":\"ImageObject\",\"inLanguage\":\"ro-RO\",\"@id\":\"https:\/\/xstyle.md\/#\/schema\/logo\/image\/\",\"url\":\"https:\/\/xstyle.md\/wp-content\/uploads\/2020\/06\/logoicon.svg\",\"contentUrl\":\"https:\/\/xstyle.md\/wp-content\/uploads\/2020\/06\/logoicon.svg\",\"caption\":\"\u041c\u0430\u0433\u0430\u0437\u0438\u043d Xstyle\"},\"image\":{\"@id\":\"https:\/\/xstyle.md\/#\/schema\/logo\/image\/\"},\"sameAs\":[\"https:\/\/www.facebook.com\/xstylemd\",\"https:\/\/www.instagram.com\/xstyle_md\/\",\"https:\/\/t.me\/xstyle_outdoor\"],\"hasMerchantReturnPolicy\":{\"@type\":\"MerchantReturnPolicy\",\"merchantReturnLink\":\"https:\/\/xstyle.md\/ro\/conditions\/\"}}]}<\/script>\n<meta property=\"product:price:amount\" content=\"3990.00\" \/>\n<meta property=\"product:price:currency\" content=\"MDL\" \/>\n<meta property=\"og:availability\" content=\"instock\" \/>\n<meta property=\"product:availability\" content=\"instock\" \/>\n<meta property=\"product:retailer_item_id\" content=\"4046051096223\" \/>\n<meta property=\"product:condition\" content=\"new\" \/>\n<!-- \/ Yoast SEO plugin. -->","yoast_head_json":{"title":"Rucsac Deuter Trail Pro 36 - Magazin Xstyle","description":"Rucsacul Deuter Trail Pro 36 este perfect pentru hiking. Sistemul confortabil Aircontact \u0219i 3D AirMesh asigur\u0103 confort \u0219i o ajustare u\u0219oar\u0103 \u00een func\u021bie de dimensiune.","robots":{"index":"index","follow":"follow","max-snippet":"max-snippet:-1","max-image-preview":"max-image-preview:large","max-video-preview":"max-video-preview:-1"},"canonical":"https:\/\/xstyle.md\/ro\/produs\/rjukzak-deuter-trail-pro-36\/","og_locale":"ro_RO","og_type":"article","og_title":"\u0420\u044e\u043a\u0437\u0430\u043a Deuter Trail Pro 36 - \u041c\u0430\u0433\u0430\u0437\u0438\u043d Xstyle","og_description":"\u0420\u044e\u043a\u0437\u0430\u043a Deuter Trail Pro 36 \u0438\u0434\u0435\u0430\u043b\u044c\u043d\u043e \u043f\u043e\u0434\u0445\u043e\u0434\u0438\u0442 \u0434\u043b\u044f \u0445\u0430\u0439\u043a\u0438\u043d\u0433\u0430. \u0423\u0434\u043e\u0431\u043d\u0430\u044f \u0441\u0438\u0441\u0442\u0435\u043c\u0430 Aircontact \u0438 3D AirMesh \u043e\u0431\u0435\u0441\u043f\u0435\u0447\u0438\u0432\u0430\u044e\u0442 \u043a\u043e\u043c\u0444\u043e\u0440\u0442 \u0438 \u043b\u0435\u0433\u043a\u0443\u044e \u043d\u0430\u0441\u0442\u0440\u043e\u0439\u043a\u0443 \u043f\u043e\u0434 \u0440\u0430\u0437\u043c\u0435\u0440.","og_url":"https:\/\/xstyle.md\/ro\/produs\/rjukzak-deuter-trail-pro-36\/","og_site_name":"\u041c\u0430\u0433\u0430\u0437\u0438\u043d Xstyle","article_publisher":"https:\/\/www.facebook.com\/xstylemd","article_modified_time":"2025-08-26T16:59:44+00:00","og_image":[{"width":2141,"height":2154,"url":"https:\/\/xstyle.md\/wp-content\/uploads\/2020\/07\/deuter-trail-pro-36-black-shale.jpg","type":"image\/jpeg"}],"twitter_card":"summary_large_image","twitter_misc":{"Pre\u021b":"3.990&nbsp;MDL","Disponibilitate":"\u00cen stoc"},"schema":{"@context":"https:\/\/schema.org","@graph":[{"@type":"WebPage","@id":"https:\/\/xstyle.md\/product\/rjukzak-deuter-trail-pro-36\/","url":"https:\/\/xstyle.md\/product\/rjukzak-deuter-trail-pro-36\/","name":"Rucsac Deuter Trail Pro 36 - Magazin Xstyle","isPartOf":{"@id":"https:\/\/xstyle.md\/#website"},"primaryImageOfPage":{"@id":"https:\/\/xstyle.md\/product\/rjukzak-deuter-trail-pro-36\/#primaryimage"},"image":{"@id":"https:\/\/xstyle.md\/product\/rjukzak-deuter-trail-pro-36\/#primaryimage"},"thumbnailUrl":"https:\/\/xstyle.md\/wp-content\/uploads\/2020\/07\/deuter-trail-pro-36-black-shale.jpg","datePublished":"2020-07-17T14:19:52+00:00","dateModified":"2025-08-26T16:59:44+00:00","description":"Rucsacul Deuter Trail Pro 36 este perfect pentru hiking. Sistemul confortabil Aircontact \u0219i 3D AirMesh asigur\u0103 confort \u0219i o ajustare u\u0219oar\u0103 \u00een func\u021bie de dimensiune.","breadcrumb":{"@id":"https:\/\/xstyle.md\/product\/rjukzak-deuter-trail-pro-36\/#breadcrumb"},"inLanguage":"ro-RO","potentialAction":[{"@type":"ReadAction","target":["https:\/\/xstyle.md\/product\/rjukzak-deuter-trail-pro-36\/"]}]},{"@type":"ImageObject","inLanguage":"ro-RO","@id":"https:\/\/xstyle.md\/product\/rjukzak-deuter-trail-pro-36\/#primaryimage","url":"https:\/\/xstyle.md\/wp-content\/uploads\/2020\/07\/deuter-trail-pro-36-black-shale.jpg","contentUrl":"https:\/\/xstyle.md\/wp-content\/uploads\/2020\/07\/deuter-trail-pro-36-black-shale.jpg","width":1908,"height":1920,"caption":"\u0420\u044e\u043a\u0437\u0430\u043a Deuter Trail Pro 36 \u0434\u043b\u044f \u0430\u043a\u0442\u0438\u0432\u043d\u043e\u0433\u043e \u043e\u0442\u0434\u044b\u0445\u0430 \u043f\u043e\u0445\u043e\u0434\u043e\u0432 \u043f\u0443\u0442\u0435\u0448\u0435\u0441\u0442\u0432\u0438\u0439 \u043e\u0434\u0435\u0436\u0434\u044b \u0438 \u043e\u0431\u0443\u0432\u0438 \u0434\u043b\u044f \u0430\u043b\u044c\u043f\u0438\u043d\u0438\u0437\u043c\u0430 \u0438 \u0442\u0443\u0440\u0438\u0437\u043c\u0430 \u0432 \u043c\u0430\u0433\u0430\u0437\u0438\u043d\u0435 \u043e\u043d\u043b\u0430\u0439\u043d \u0442\u043e\u0432\u0430\u0440\u043e\u0432 \u0434\u043b\u044f \u0430\u043a\u0442\u0438\u0432\u043d\u043e\u0433\u043e \u043e\u0431\u0440\u0430\u0437\u0430 \u0436\u0438\u0437\u043d\u0438"},{"@type":"BreadcrumbList","@id":"https:\/\/xstyle.md\/product\/rjukzak-deuter-trail-pro-36\/#breadcrumb","itemListElement":[{"@type":"ListItem","position":1,"name":"\u0413\u043b\u0430\u0432\u043d\u0430\u044f \u0441\u0442\u0440\u0430\u043d\u0438\u0446\u0430","item":"https:\/\/xstyle.md\/"},{"@type":"ListItem","position":2,"name":"\u041c\u0430\u0433\u0430\u0437\u0438\u043d","item":"https:\/\/xstyle.md\/shop\/"},{"@type":"ListItem","position":3,"name":"\u0420\u044e\u043a\u0437\u0430\u043a Deuter Trail Pro 36"}]},{"@type":"WebSite","@id":"https:\/\/xstyle.md\/#website","url":"https:\/\/xstyle.md\/","name":"Magazinul X-Style","description":"Echipamente pentru turism \u0219i sporturi extreme \u00een Moldova. Pre\u021buri, fotografii, caracteristici \u00een Moldova.","publisher":{"@id":"https:\/\/xstyle.md\/#organization"},"alternateName":"X-Style","potentialAction":[{"@type":"SearchAction","target":{"@type":"EntryPoint","urlTemplate":"https:\/\/xstyle.md\/?s={search_term_string}"},"query-input":{"@type":"PropertyValueSpecification","valueRequired":true,"valueName":"search_term_string"}}],"inLanguage":"ro-RO"},{"@type":"Organization","@id":"https:\/\/xstyle.md\/#organization","name":"Magazinul X-Style","alternateName":"x-style","url":"https:\/\/xstyle.md\/","logo":{"@type":"ImageObject","inLanguage":"ro-RO","@id":"https:\/\/xstyle.md\/#\/schema\/logo\/image\/","url":"https:\/\/xstyle.md\/wp-content\/uploads\/2020\/06\/logoicon.svg","contentUrl":"https:\/\/xstyle.md\/wp-content\/uploads\/2020\/06\/logoicon.svg","caption":"\u041c\u0430\u0433\u0430\u0437\u0438\u043d Xstyle"},"image":{"@id":"https:\/\/xstyle.md\/#\/schema\/logo\/image\/"},"sameAs":["https:\/\/www.facebook.com\/xstylemd","https:\/\/www.instagram.com\/xstyle_md\/","https:\/\/t.me\/xstyle_outdoor"],"hasMerchantReturnPolicy":{"@type":"MerchantReturnPolicy","merchantReturnLink":"https:\/\/xstyle.md\/ro\/conditions\/"}}]},"product_price_amount":"3990.00","product_price_currency":"MDL","og_availability":"instock","product_availability":"instock","product_retailer_item_id":"4046051096223","product_condition":"new"},"post_mailing_queue_ids":[],"_links":{"self":[{"href":"https:\/\/xstyle.md\/ro\/wp-json\/wp\/v2\/product\/16911","targetHints":{"allow":["GET"]}}],"collection":[{"href":"https:\/\/xstyle.md\/ro\/wp-json\/wp\/v2\/product"}],"about":[{"href":"https:\/\/xstyle.md\/ro\/wp-json\/wp\/v2\/types\/product"}],"replies":[{"embeddable":true,"href":"https:\/\/xstyle.md\/ro\/wp-json\/wp\/v2\/comments?post=16911"}],"wp:featuredmedia":[{"embeddable":true,"href":"https:\/\/xstyle.md\/ro\/wp-json\/wp\/v2\/media\/87325"}],"wp:attachment":[{"href":"https:\/\/xstyle.md\/ro\/wp-json\/wp\/v2\/media?parent=16911"}],"wp:term":[{"taxonomy":"product_brand","embeddable":true,"href":"https:\/\/xstyle.md\/ro\/wp-json\/wp\/v2\/product_brand?post=16911"},{"taxonomy":"product_cat","embeddable":true,"href":"https:\/\/xstyle.md\/ro\/wp-json\/wp\/v2\/product_cat?post=16911"},{"taxonomy":"product_tag","embeddable":true,"href":"https:\/\/xstyle.md\/ro\/wp-json\/wp\/v2\/product_tag?post=16911"}],"curies":[{"name":"wp","href":"https:\/\/api.w.org\/{rel}","templated":true}]}}