{"id":16863,"date":"2020-07-17T17:16:29","date_gmt":"2020-07-17T14:16:29","guid":{"rendered":"https:\/\/xstyle.md\/product\/germomeshok-blocker-dry-compress-20"},"modified":"2024-10-21T09:01:03","modified_gmt":"2024-10-21T06:01:03","slug":"germomeshok-blocker-dry-compress-20","status":"publish","type":"product","link":"https:\/\/xstyle.md\/ro\/produs\/germomeshok-blocker-dry-compress-20\/","title":{"rendered":"Sac ermetic Blocker Dry Compress 20"},"content":{"rendered":"<\/p>\n<p>Sac ermetic Blocker Dry Compress 20 &#8212; sac ermetic u\u0219or, fabricat din \u021bes\u0103tur\u0103 pe baz\u0103 de poliester cu \u00eenveli\u0219 din poliuretan. Leg\u0103turi de compresie pentru ambalare compact\u0103. Gura de aerisire PurgeAir\u2122 faciliteaz\u0103 evacuarea aerului \u00een timpul \u00eempachet\u0103rii \u0219i \u021bine umezeala afar\u0103. Cus\u0103turi complet sudate, \u00eenchidere sigur\u0103 Roll-down.<\/p>\n<h3>Particularit\u0103\u021bi<\/h3>\n<ul>\n<li>Partea superioar\u0103 a pungii este rezistent\u0103 la ap\u0103.<\/li>\n<li>Toate cus\u0103turile sunt acoperite cu band\u0103 adeziv\u0103<\/li>\n<li>Forma dreptunghiular\u0103 a saco\u0219ei economise\u0219te spa\u021biu \u00een geant\u0103, permi\u021b\u00e2ndu-v\u0103 s\u0103 \u00eempacheta\u021bi mai multe saco\u0219e mai compact<\/li>\n<li>Punga este cu cordon \u0219i ocup\u0103 mai pu\u021bin spa\u021biu \u00een geanta sau rucsacul dvs.<\/li>\n<\/ul>\n<h3>Caracteristici<\/h3>\n<ul>\n<li>Material &#8212; nailon 70D cu silicon \/ acoperire PU<\/li>\n<li>Supap\u0103 de ventila\u021bie PurgeAir\u2122.<\/li>\n<li>Blocare &#8212; Roll-down<\/li>\n<li>Dimensiuni &#8212; 48 x 26,5 x 14 cm<\/li>\n<li>Volum &#8212; 20 litri<\/li>\n<li>Greutate &#8212; 190g<\/li>\n<\/ul>\n<h3>Tehnologie<\/h3>\n<ul>\n<li><strong>PurgeAir<\/strong>\u2122 &#8212; o supap\u0103 care permite \u00een mod eficient ca tot aerul s\u0103 fie expulzat din geant\u0103, \u00een timp ce materialul \u0219i cus\u0103turile complet impermeabile \u00eempiedic\u0103 p\u0103trunderea umezelii.<\/li>\n<\/ul>\n<p><\/p>","protected":false},"excerpt":{"rendered":"<p>Sac ermetic Blocker Dry Compress 20<\/p>","protected":false},"featured_media":16862,"comment_status":"open","ping_status":"closed","template":"","meta":{"_acf_changed":false,"inline_featured_image":false},"product_brand":[1379],"product_cat":[863],"product_tag":[],"class_list":{"0":"post-16863","1":"product","2":"type-product","3":"status-publish","4":"has-post-thumbnail","6":"product_brand-cascade-designs","7":"product_cat-hermetic-bags","9":"first","10":"instock","11":"shipping-taxable","12":"purchasable","13":"product-type-simple"},"acf":[],"yoast_head":"<!-- This site is optimized with the Yoast SEO plugin v27.2 - https:\/\/yoast.com\/product\/yoast-seo-wordpress\/ -->\n<title>\u0413\u0435\u0440\u043c\u043e\u043c\u0435\u0448\u043e\u043a Blocker Dry Compress 20 - \u041c\u0430\u0433\u0430\u0437\u0438\u043d Xstyle<\/title>\n<meta name=\"description\" content=\"\u0413\u0435\u0440\u043c\u043e\u043c\u0435\u0448\u043e\u043a Blocker Dry Compress 20 - \u043b\u0435\u0433\u043a\u0438\u0439 \u0438 \u0433\u0435\u0440\u043c\u0435\u0442\u0438\u0447\u043d\u044b\u0439, \u0441 \u0441\u0438\u0441\u0442\u0435\u043c\u043e\u0439 PurgeAir \u0434\u043b\u044f \u044d\u0444\u0444\u0435\u043a\u0442\u0438\u0432\u043d\u043e\u0433\u043e \u0443\u0434\u0430\u043b\u0435\u043d\u0438\u044f \u0432\u043e\u0437\u0434\u0443\u0445\u0430. \u0418\u0434\u0435\u0430\u043b\u0435\u043d \u0434\u043b\u044f \u043a\u043e\u043c\u043f\u0430\u043a\u0442\u043d\u043e\u0439 \u0443\u043f\u0430\u043a\u043e\u0432\u043a\u0438.\" \/>\n<meta name=\"robots\" content=\"index, follow, max-snippet:-1, max-image-preview:large, max-video-preview:-1\" \/>\n<link rel=\"canonical\" href=\"https:\/\/xstyle.md\/ro\/produs\/germomeshok-blocker-dry-compress-20\/\" \/>\n<meta property=\"og:locale\" content=\"ro_RO\" \/>\n<meta property=\"og:type\" content=\"article\" \/>\n<meta property=\"og:title\" content=\"\u0413\u0435\u0440\u043c\u043e\u043c\u0435\u0448\u043e\u043a Blocker Dry Compress 20 - \u041c\u0430\u0433\u0430\u0437\u0438\u043d Xstyle\" \/>\n<meta property=\"og:description\" content=\"\u0413\u0435\u0440\u043c\u043e\u043c\u0435\u0448\u043e\u043a Blocker Dry Compress 20 - \u043b\u0435\u0433\u043a\u0438\u0439 \u0438 \u0433\u0435\u0440\u043c\u0435\u0442\u0438\u0447\u043d\u044b\u0439, \u0441 \u0441\u0438\u0441\u0442\u0435\u043c\u043e\u0439 PurgeAir \u0434\u043b\u044f \u044d\u0444\u0444\u0435\u043a\u0442\u0438\u0432\u043d\u043e\u0433\u043e \u0443\u0434\u0430\u043b\u0435\u043d\u0438\u044f \u0432\u043e\u0437\u0434\u0443\u0445\u0430. \u0418\u0434\u0435\u0430\u043b\u0435\u043d \u0434\u043b\u044f \u043a\u043e\u043c\u043f\u0430\u043a\u0442\u043d\u043e\u0439 \u0443\u043f\u0430\u043a\u043e\u0432\u043a\u0438.\" \/>\n<meta property=\"og:url\" content=\"https:\/\/xstyle.md\/ro\/produs\/germomeshok-blocker-dry-compress-20\/\" \/>\n<meta property=\"og:site_name\" content=\"\u041c\u0430\u0433\u0430\u0437\u0438\u043d Xstyle\" \/>\n<meta property=\"article:publisher\" content=\"https:\/\/www.facebook.com\/xstylemd\" \/>\n<meta property=\"article:modified_time\" content=\"2024-10-21T06:01:03+00:00\" \/>\n<meta property=\"og:image\" content=\"https:\/\/xstyle.md\/wp-content\/uploads\/2020\/07\/6147bafec90deeba2d0a9b98dfd7.big_.jpg\" \/>\n\t<meta property=\"og:image:width\" content=\"450\" \/>\n\t<meta property=\"og:image:height\" content=\"450\" \/>\n\t<meta property=\"og:image:type\" content=\"image\/jpeg\" \/>\n<meta name=\"twitter:card\" content=\"summary_large_image\" \/>\n<meta name=\"twitter:label1\" content=\"Pre\u021b\" \/>\n\t<meta name=\"twitter:data1\" content=\"1.090&nbsp;MDL\" \/>\n\t<meta name=\"twitter:label2\" content=\"Disponibilitate\" \/>\n\t<meta name=\"twitter:data2\" content=\"\u00cen stoc\" \/>\n<script type=\"application\/ld+json\" class=\"yoast-schema-graph\">{\"@context\":\"https:\/\/schema.org\",\"@graph\":[{\"@type\":\"WebPage\",\"@id\":\"https:\/\/xstyle.md\/product\/germomeshok-blocker-dry-compress-20\/\",\"url\":\"https:\/\/xstyle.md\/product\/germomeshok-blocker-dry-compress-20\/\",\"name\":\"\u0413\u0435\u0440\u043c\u043e\u043c\u0435\u0448\u043e\u043a Blocker Dry Compress 20 - \u041c\u0430\u0433\u0430\u0437\u0438\u043d Xstyle\",\"isPartOf\":{\"@id\":\"https:\/\/xstyle.md\/#website\"},\"primaryImageOfPage\":{\"@id\":\"https:\/\/xstyle.md\/product\/germomeshok-blocker-dry-compress-20\/#primaryimage\"},\"image\":{\"@id\":\"https:\/\/xstyle.md\/product\/germomeshok-blocker-dry-compress-20\/#primaryimage\"},\"thumbnailUrl\":\"https:\/\/xstyle.md\/wp-content\/uploads\/2020\/07\/6147bafec90deeba2d0a9b98dfd7.big_.jpg\",\"datePublished\":\"2020-07-17T14:16:29+00:00\",\"dateModified\":\"2024-10-21T06:01:03+00:00\",\"description\":\"\u0413\u0435\u0440\u043c\u043e\u043c\u0435\u0448\u043e\u043a Blocker Dry Compress 20 - \u043b\u0435\u0433\u043a\u0438\u0439 \u0438 \u0433\u0435\u0440\u043c\u0435\u0442\u0438\u0447\u043d\u044b\u0439, \u0441 \u0441\u0438\u0441\u0442\u0435\u043c\u043e\u0439 PurgeAir \u0434\u043b\u044f \u044d\u0444\u0444\u0435\u043a\u0442\u0438\u0432\u043d\u043e\u0433\u043e \u0443\u0434\u0430\u043b\u0435\u043d\u0438\u044f \u0432\u043e\u0437\u0434\u0443\u0445\u0430. \u0418\u0434\u0435\u0430\u043b\u0435\u043d \u0434\u043b\u044f \u043a\u043e\u043c\u043f\u0430\u043a\u0442\u043d\u043e\u0439 \u0443\u043f\u0430\u043a\u043e\u0432\u043a\u0438.\",\"breadcrumb\":{\"@id\":\"https:\/\/xstyle.md\/product\/germomeshok-blocker-dry-compress-20\/#breadcrumb\"},\"inLanguage\":\"ro-RO\",\"potentialAction\":[{\"@type\":\"ReadAction\",\"target\":[\"https:\/\/xstyle.md\/product\/germomeshok-blocker-dry-compress-20\/\"]}]},{\"@type\":\"ImageObject\",\"inLanguage\":\"ro-RO\",\"@id\":\"https:\/\/xstyle.md\/product\/germomeshok-blocker-dry-compress-20\/#primaryimage\",\"url\":\"https:\/\/xstyle.md\/wp-content\/uploads\/2020\/07\/6147bafec90deeba2d0a9b98dfd7.big_.jpg\",\"contentUrl\":\"https:\/\/xstyle.md\/wp-content\/uploads\/2020\/07\/6147bafec90deeba2d0a9b98dfd7.big_.jpg\",\"width\":450,\"height\":450},{\"@type\":\"BreadcrumbList\",\"@id\":\"https:\/\/xstyle.md\/product\/germomeshok-blocker-dry-compress-20\/#breadcrumb\",\"itemListElement\":[{\"@type\":\"ListItem\",\"position\":1,\"name\":\"\u0413\u043b\u0430\u0432\u043d\u0430\u044f \u0441\u0442\u0440\u0430\u043d\u0438\u0446\u0430\",\"item\":\"https:\/\/xstyle.md\/\"},{\"@type\":\"ListItem\",\"position\":2,\"name\":\"\u041c\u0430\u0433\u0430\u0437\u0438\u043d\",\"item\":\"https:\/\/xstyle.md\/shop\/\"},{\"@type\":\"ListItem\",\"position\":3,\"name\":\"\u0413\u0435\u0440\u043c\u043e\u043c\u0435\u0448\u043e\u043a Blocker Dry Compress 20\"}]},{\"@type\":\"WebSite\",\"@id\":\"https:\/\/xstyle.md\/#website\",\"url\":\"https:\/\/xstyle.md\/\",\"name\":\"\u041c\u0430\u0433\u0430\u0437\u0438\u043d Xstyle\",\"description\":\"C\u043d\u0430\u0440\u044f\u0436\u0435\u043d\u0438\u0435 \u0434\u043b\u044f \u0442\u0443\u0440\u0438\u0437\u043c\u0430 \u0438 \u044d\u043a\u0441\u0442\u0440\u0435\u043c\u0430\u043b\u044c\u043d\u044b\u0445 \u0432\u0438\u0434\u043e\u0432 \u0441\u043f\u043e\u0440\u0442\u0430 \u0432 \u041c\u043e\u043b\u0434\u043e\u0432\u0435.. \u0426\u0435\u043d\u044b, \u0444\u043e\u0442\u043e, \u0445\u0430\u0440\u0430\u043a\u0442\u0435\u0440\u0438\u0441\u0442\u0438\u043a\u0438 \u0432 \u041c\u043e\u043b\u0434\u043e\u0432\u0435.\",\"publisher\":{\"@id\":\"https:\/\/xstyle.md\/#organization\"},\"alternateName\":\"X-Style\",\"potentialAction\":[{\"@type\":\"SearchAction\",\"target\":{\"@type\":\"EntryPoint\",\"urlTemplate\":\"https:\/\/xstyle.md\/?s={search_term_string}\"},\"query-input\":{\"@type\":\"PropertyValueSpecification\",\"valueRequired\":true,\"valueName\":\"search_term_string\"}}],\"inLanguage\":\"ro-RO\"},{\"@type\":\"Organization\",\"@id\":\"https:\/\/xstyle.md\/#organization\",\"name\":\"\u041c\u0430\u0433\u0430\u0437\u0438\u043d Xstyle\",\"alternateName\":\"x-style\",\"url\":\"https:\/\/xstyle.md\/\",\"logo\":{\"@type\":\"ImageObject\",\"inLanguage\":\"ro-RO\",\"@id\":\"https:\/\/xstyle.md\/#\/schema\/logo\/image\/\",\"url\":\"https:\/\/xstyle.md\/wp-content\/uploads\/2020\/06\/logoicon.svg\",\"contentUrl\":\"https:\/\/xstyle.md\/wp-content\/uploads\/2020\/06\/logoicon.svg\",\"caption\":\"\u041c\u0430\u0433\u0430\u0437\u0438\u043d Xstyle\"},\"image\":{\"@id\":\"https:\/\/xstyle.md\/#\/schema\/logo\/image\/\"},\"sameAs\":[\"https:\/\/www.facebook.com\/xstylemd\",\"https:\/\/www.instagram.com\/xstyle_md\/\",\"https:\/\/t.me\/xstyle_outdoor\"],\"hasMerchantReturnPolicy\":{\"@type\":\"MerchantReturnPolicy\",\"merchantReturnLink\":\"https:\/\/xstyle.md\/ro\/conditions\/\"}}]}<\/script>\n<meta property=\"product:price:amount\" content=\"1090.00\" \/>\n<meta property=\"product:price:currency\" content=\"MDL\" \/>\n<meta property=\"og:availability\" content=\"instock\" \/>\n<meta property=\"product:availability\" content=\"instock\" \/>\n<meta property=\"product:retailer_item_id\" content=\"40818097861\" \/>\n<meta property=\"product:condition\" content=\"new\" \/>\n<!-- \/ Yoast SEO plugin. -->","yoast_head_json":{"title":"Sac ermetic Blocker Dry Compress 20 - Magazin Xstyle","description":"Sac hermetic Blocker Dry Compress 20 - u\u0219or \u0219i etan\u0219, cu sistemul PurgeAir pentru eliminarea eficient\u0103 a aerului. Ideal pentru \u00eempachetare compact\u0103.","robots":{"index":"index","follow":"follow","max-snippet":"max-snippet:-1","max-image-preview":"max-image-preview:large","max-video-preview":"max-video-preview:-1"},"canonical":"https:\/\/xstyle.md\/ro\/produs\/germomeshok-blocker-dry-compress-20\/","og_locale":"ro_RO","og_type":"article","og_title":"\u0413\u0435\u0440\u043c\u043e\u043c\u0435\u0448\u043e\u043a Blocker Dry Compress 20 - \u041c\u0430\u0433\u0430\u0437\u0438\u043d Xstyle","og_description":"\u0413\u0435\u0440\u043c\u043e\u043c\u0435\u0448\u043e\u043a Blocker Dry Compress 20 - \u043b\u0435\u0433\u043a\u0438\u0439 \u0438 \u0433\u0435\u0440\u043c\u0435\u0442\u0438\u0447\u043d\u044b\u0439, \u0441 \u0441\u0438\u0441\u0442\u0435\u043c\u043e\u0439 PurgeAir \u0434\u043b\u044f \u044d\u0444\u0444\u0435\u043a\u0442\u0438\u0432\u043d\u043e\u0433\u043e \u0443\u0434\u0430\u043b\u0435\u043d\u0438\u044f \u0432\u043e\u0437\u0434\u0443\u0445\u0430. \u0418\u0434\u0435\u0430\u043b\u0435\u043d \u0434\u043b\u044f \u043a\u043e\u043c\u043f\u0430\u043a\u0442\u043d\u043e\u0439 \u0443\u043f\u0430\u043a\u043e\u0432\u043a\u0438.","og_url":"https:\/\/xstyle.md\/ro\/produs\/germomeshok-blocker-dry-compress-20\/","og_site_name":"\u041c\u0430\u0433\u0430\u0437\u0438\u043d Xstyle","article_publisher":"https:\/\/www.facebook.com\/xstylemd","article_modified_time":"2024-10-21T06:01:03+00:00","og_image":[{"width":450,"height":450,"url":"https:\/\/xstyle.md\/wp-content\/uploads\/2020\/07\/6147bafec90deeba2d0a9b98dfd7.big_.jpg","type":"image\/jpeg"}],"twitter_card":"summary_large_image","twitter_misc":{"Pre\u021b":"1.090&nbsp;MDL","Disponibilitate":"\u00cen stoc"},"schema":{"@context":"https:\/\/schema.org","@graph":[{"@type":"WebPage","@id":"https:\/\/xstyle.md\/product\/germomeshok-blocker-dry-compress-20\/","url":"https:\/\/xstyle.md\/product\/germomeshok-blocker-dry-compress-20\/","name":"Sac ermetic Blocker Dry Compress 20 - Magazin Xstyle","isPartOf":{"@id":"https:\/\/xstyle.md\/#website"},"primaryImageOfPage":{"@id":"https:\/\/xstyle.md\/product\/germomeshok-blocker-dry-compress-20\/#primaryimage"},"image":{"@id":"https:\/\/xstyle.md\/product\/germomeshok-blocker-dry-compress-20\/#primaryimage"},"thumbnailUrl":"https:\/\/xstyle.md\/wp-content\/uploads\/2020\/07\/6147bafec90deeba2d0a9b98dfd7.big_.jpg","datePublished":"2020-07-17T14:16:29+00:00","dateModified":"2024-10-21T06:01:03+00:00","description":"Sac hermetic Blocker Dry Compress 20 - u\u0219or \u0219i etan\u0219, cu sistemul PurgeAir pentru eliminarea eficient\u0103 a aerului. Ideal pentru \u00eempachetare compact\u0103.","breadcrumb":{"@id":"https:\/\/xstyle.md\/product\/germomeshok-blocker-dry-compress-20\/#breadcrumb"},"inLanguage":"ro-RO","potentialAction":[{"@type":"ReadAction","target":["https:\/\/xstyle.md\/product\/germomeshok-blocker-dry-compress-20\/"]}]},{"@type":"ImageObject","inLanguage":"ro-RO","@id":"https:\/\/xstyle.md\/product\/germomeshok-blocker-dry-compress-20\/#primaryimage","url":"https:\/\/xstyle.md\/wp-content\/uploads\/2020\/07\/6147bafec90deeba2d0a9b98dfd7.big_.jpg","contentUrl":"https:\/\/xstyle.md\/wp-content\/uploads\/2020\/07\/6147bafec90deeba2d0a9b98dfd7.big_.jpg","width":450,"height":450},{"@type":"BreadcrumbList","@id":"https:\/\/xstyle.md\/product\/germomeshok-blocker-dry-compress-20\/#breadcrumb","itemListElement":[{"@type":"ListItem","position":1,"name":"\u0413\u043b\u0430\u0432\u043d\u0430\u044f \u0441\u0442\u0440\u0430\u043d\u0438\u0446\u0430","item":"https:\/\/xstyle.md\/"},{"@type":"ListItem","position":2,"name":"\u041c\u0430\u0433\u0430\u0437\u0438\u043d","item":"https:\/\/xstyle.md\/shop\/"},{"@type":"ListItem","position":3,"name":"\u0413\u0435\u0440\u043c\u043e\u043c\u0435\u0448\u043e\u043a Blocker Dry Compress 20"}]},{"@type":"WebSite","@id":"https:\/\/xstyle.md\/#website","url":"https:\/\/xstyle.md\/","name":"Magazinul X-Style","description":"Echipamente pentru turism \u0219i sporturi extreme \u00een Moldova. Pre\u021buri, fotografii, caracteristici \u00een Moldova.","publisher":{"@id":"https:\/\/xstyle.md\/#organization"},"alternateName":"X-Style","potentialAction":[{"@type":"SearchAction","target":{"@type":"EntryPoint","urlTemplate":"https:\/\/xstyle.md\/?s={search_term_string}"},"query-input":{"@type":"PropertyValueSpecification","valueRequired":true,"valueName":"search_term_string"}}],"inLanguage":"ro-RO"},{"@type":"Organization","@id":"https:\/\/xstyle.md\/#organization","name":"Magazinul X-Style","alternateName":"x-style","url":"https:\/\/xstyle.md\/","logo":{"@type":"ImageObject","inLanguage":"ro-RO","@id":"https:\/\/xstyle.md\/#\/schema\/logo\/image\/","url":"https:\/\/xstyle.md\/wp-content\/uploads\/2020\/06\/logoicon.svg","contentUrl":"https:\/\/xstyle.md\/wp-content\/uploads\/2020\/06\/logoicon.svg","caption":"\u041c\u0430\u0433\u0430\u0437\u0438\u043d Xstyle"},"image":{"@id":"https:\/\/xstyle.md\/#\/schema\/logo\/image\/"},"sameAs":["https:\/\/www.facebook.com\/xstylemd","https:\/\/www.instagram.com\/xstyle_md\/","https:\/\/t.me\/xstyle_outdoor"],"hasMerchantReturnPolicy":{"@type":"MerchantReturnPolicy","merchantReturnLink":"https:\/\/xstyle.md\/ro\/conditions\/"}}]},"product_price_amount":"1090.00","product_price_currency":"MDL","og_availability":"instock","product_availability":"instock","product_retailer_item_id":"40818097861","product_condition":"new"},"post_mailing_queue_ids":[],"_links":{"self":[{"href":"https:\/\/xstyle.md\/ro\/wp-json\/wp\/v2\/product\/16863","targetHints":{"allow":["GET"]}}],"collection":[{"href":"https:\/\/xstyle.md\/ro\/wp-json\/wp\/v2\/product"}],"about":[{"href":"https:\/\/xstyle.md\/ro\/wp-json\/wp\/v2\/types\/product"}],"replies":[{"embeddable":true,"href":"https:\/\/xstyle.md\/ro\/wp-json\/wp\/v2\/comments?post=16863"}],"wp:featuredmedia":[{"embeddable":true,"href":"https:\/\/xstyle.md\/ro\/wp-json\/wp\/v2\/media\/16862"}],"wp:attachment":[{"href":"https:\/\/xstyle.md\/ro\/wp-json\/wp\/v2\/media?parent=16863"}],"wp:term":[{"taxonomy":"product_brand","embeddable":true,"href":"https:\/\/xstyle.md\/ro\/wp-json\/wp\/v2\/product_brand?post=16863"},{"taxonomy":"product_cat","embeddable":true,"href":"https:\/\/xstyle.md\/ro\/wp-json\/wp\/v2\/product_cat?post=16863"},{"taxonomy":"product_tag","embeddable":true,"href":"https:\/\/xstyle.md\/ro\/wp-json\/wp\/v2\/product_tag?post=16863"}],"curies":[{"name":"wp","href":"https:\/\/api.w.org\/{rel}","templated":true}]}}