{"id":16853,"date":"2020-07-17T17:16:02","date_gmt":"2020-07-17T14:16:02","guid":{"rendered":"https:\/\/xstyle.md\/product\/krossovki-zhenskie-asolo-space-gv-ml"},"modified":"2026-03-14T21:50:40","modified_gmt":"2026-03-14T18:50:40","slug":"krossovki-zhenskie-asolo-space-gv-ml","status":"publish","type":"product","link":"https:\/\/xstyle.md\/ro\/produs\/krossovki-zhenskie-asolo-space-gv-ml\/","title":{"rendered":"Adida\u0219i Asolo Space GV blue"},"content":{"rendered":"<\/p>\n<p><strong>Asolo Space GV ML Blue<\/strong> \u2014 adida\u0219i u\u0219ori din piele impermeabil\u0103, potrivi\u021bi pentru drume\u021bii sau pentru utilizarea de zi cu zi la temperaturi moderate \u0219i ridicate. C\u0103ptu\u0219eala GORE-TEX\u00ae Extended Comfort \u2014 face ca \u00eenc\u0103l\u021b\u0103mintea s\u0103 fie impermeabil\u0103, respirabil\u0103 \u0219i confortabil\u0103, f\u0103r\u0103 transpira\u021bie \u0219i disconfort.<\/p>\n<p>Textura de protec\u021bie de pe partea din fa\u021b\u0103 a piciorului protejeaz\u0103 \u00eempotriva deterior\u0103rilor. Sistemul clasic de \u0219ireturi porne\u0219te aproape de la v\u00e2rful botului, ceea ce v\u0103 permite s\u0103 fixa\u021bi \u00een siguran\u021b\u0103 \u0219i cu exactitate piciorul. Talp\u0103 anatomic\u0103 Asolo \/ Vibram\u00ae A-Sport (rubber-eva) are o aderen\u021b\u0103 ferm\u0103 pe orice tip de teren \u0219i garanteaz\u0103 suport \u0219i durabilitate.<\/p>\n<h3>Particularit\u0103\u021bi<\/h3>\n<ul>\n<li>Rezisten\u021b\u0103 crescut\u0103 la uzur\u0103;<\/li>\n<li>V\u00e2rful cauciucat;<\/li>\n<li>Amortizare bun\u0103;<\/li>\n<li>Buna fixare a piciorului;<\/li>\n<li>Construc\u021bia t\u0103lpii asigur\u0103 auto-cur\u0103\u021bare;<\/li>\n<li>Membrana Gore-Tex impermeabil\u0103 \u0219i respirabil\u0103.<\/li>\n<\/ul>\n<h3>Caracteristici<\/h3>\n<ul>\n<li>Partea superioar\u0103 &#8212; piele rezistent\u0103 la umiditate 1,6-1,8 mm;<\/li>\n<li>C\u0103ptu\u0219eal\u0103 Gore-Tex\u00ae, impermeabil\u0103 \u0219i respirabil\u0103;<\/li>\n<li>Talp\u0103 anatomic\u0103 &#8212; ASOFLEX Casual;<\/li>\n<li>Talp\u0103 VIBRAM\u00ae pentru u\u0219urin\u021b\u0103 \u0219i fiabilitate maxim\u0103;<\/li>\n<li>Sistem clasic de lacing;<\/li>\n<li>Destina\u021bie &#8212; ora\u0219;<\/li>\n<li>Greutate &#8212; 300 gr.<\/li>\n<\/ul>\n<h3>Tehnologii<\/h3>\n<ul>\n<li><strong>GORE-TEX\u00ae Extended Comfort Footwear<\/strong> este o membran\u0103 GORE-TEX\u00ae care ofer\u0103 protec\u021bie impermeabil\u0103 \u0219 i respirabilitate excelent\u0103 la temperaturi extreme moderate, cum ar fi frigul sau activitatea nes\u0103n\u0103toas\u0103. Excelent\u0103 \u00eentr-un mediu de cazuri \u00een care este necesar s\u0103 se reduc\u0103 la minimum re\u021binerea cazanului \u00een interiorul camerei.<\/li>\n<li><strong>Vibram<\/strong> \u2013 nou model de construc\u021bie a t\u0103lpii. Un strat de EVA modelat ofer\u0103 suport \u0219i confort optim. O inser\u021bie de poliuretan \u00een zona c\u0103lc\u00e2iului \u00eembun\u0103t\u0103\u021be\u0219te amor\u021birea.<\/li>\n<li>Stratul exterior \u2014 <strong>Vibram MEGAGRIP<\/strong> \u2014 este un cauciuc nou, mai v\u00e2scos, care are o aderen\u021b\u0103 optim\u0103 chiar \u0219i pe suprafe\u021be umede \u0219i este extrem de rezistent.<\/li>\n<\/ul>\n<p><\/p>\n<h3>Marca<\/h3>\n<p>ASOLO - este una dintre cele mai mari companii produc\u0103toare de \u00eenc\u0103l\u021b\u0103minte pentru trekking, alpinism utilitar (altitudine), ora\u0219 \u0219i multisport. Compania italian\u0103 ASOLO exist\u0103 din anul 1975 \u0219i, \u00eenc\u0103 de la \u00eenfiin\u021bare, nu \u00eenceteaz\u0103 s\u0103 surprind\u0103 industria sportiv\u0103 cu dezvolt\u0103rile sale inovatoare.<\/p>\n<p>ASOLO integreaz\u0103 \u00een \u00eenc\u0103l\u021b\u0103mintea sa cele mai recente realiz\u0103ri ale tehnologiei moderne \u0219i cele mai avansate materiale, devenind tot mai performant\u0103 cu fiecare an. \u00cenc\u0103l\u021b\u0103mintea ASOLO \u2014 c\u0103lduroas\u0103, u\u0219oar\u0103, confortabil\u0103 \u0219i fiabil\u0103 \u2014 utilizeaz\u0103 t\u0103lpi VIBRAM. Acestea ofer\u0103 o stabilitate incredibil\u0103 pe orice tip de teren \u0219i previn alunecarea chiar \u0219i pe cele mai abrupte pante.<\/p>\n<p>Calitatea superioar\u0103 a croielii \u0219i caracteristicile tehnice de excep\u021bie reprezint\u0103 punctele forte ale brandului ASOLO.<\/p>","protected":false},"excerpt":{"rendered":"<p>Adida\u0219i Asolo Space GV blue<\/p>","protected":false},"featured_media":16847,"comment_status":"open","ping_status":"closed","template":"","meta":{"_acf_changed":false,"inline_featured_image":false},"product_brand":[1277],"product_cat":[142],"product_tag":[],"class_list":{"0":"post-16853","1":"product","2":"type-product","3":"status-publish","4":"has-post-thumbnail","6":"product_brand-asolo","7":"product_cat-sport-shoes","8":"pa_naznachenie-obuvi-hajking","9":"pa_razmer-shoes-37-1-2","10":"pa_sex-wmn","11":"pa_sezon-demisezon","13":"first","14":"instock","15":"shipping-taxable","16":"purchasable","17":"product-type-variable"},"acf":[],"yoast_head":"<!-- This site is optimized with the Yoast SEO plugin v27.4 - https:\/\/yoast.com\/product\/yoast-seo-wordpress\/ -->\n<title>\u041a\u0440\u043e\u0441\u0441\u043e\u0432\u043a\u0438 Asolo Space GV blue - \u041c\u0430\u0433\u0430\u0437\u0438\u043d Xstyle<\/title>\n<meta name=\"description\" content=\"\u041a\u0440\u043e\u0441\u0441\u043e\u0432\u043a\u0438 Asolo Space GV blue \u2013 \u043b\u0435\u0433\u043a\u0430\u044f \u0432\u043e\u0434\u043e\u043d\u0435\u043f\u0440\u043e\u043d\u0438\u0446\u0430\u0435\u043c\u0430\u044f \u043e\u0431\u0443\u0432\u044c \u0441 GORETEX \u0434\u043b\u044f \u043f\u043e\u0445\u043e\u0434\u043e\u0432 \u0438 \u043f\u043e\u0432\u0441\u0435\u0434\u043d\u0435\u0432\u043d\u043e\u0439 \u043d\u043e\u0441\u043a\u0438. \u0418\u0434\u0435\u0430\u043b\u044c\u043d\u044b \u0434\u043b\u044f \u0443\u043c\u0435\u0440\u0435\u043d\u043d\u044b\u0445 \u0438 \u0442\u0435\u043f\u043b\u044b\u0445 \u0442\u0435\u043c\u043f\u0435\u0440\u0430\u0442\u0443\u0440.\" \/>\n<meta name=\"robots\" content=\"index, follow, max-snippet:-1, max-image-preview:large, max-video-preview:-1\" \/>\n<link rel=\"canonical\" href=\"https:\/\/xstyle.md\/ro\/produs\/krossovki-zhenskie-asolo-space-gv-ml\/\" \/>\n<meta property=\"og:locale\" content=\"ro_RO\" \/>\n<meta property=\"og:type\" content=\"article\" \/>\n<meta property=\"og:title\" content=\"\u041a\u0440\u043e\u0441\u0441\u043e\u0432\u043a\u0438 Asolo Space GV blue - \u041c\u0430\u0433\u0430\u0437\u0438\u043d Xstyle\" \/>\n<meta property=\"og:description\" content=\"\u041a\u0440\u043e\u0441\u0441\u043e\u0432\u043a\u0438 Asolo Space GV blue \u2013 \u043b\u0435\u0433\u043a\u0430\u044f \u0432\u043e\u0434\u043e\u043d\u0435\u043f\u0440\u043e\u043d\u0438\u0446\u0430\u0435\u043c\u0430\u044f \u043e\u0431\u0443\u0432\u044c \u0441 GORETEX \u0434\u043b\u044f \u043f\u043e\u0445\u043e\u0434\u043e\u0432 \u0438 \u043f\u043e\u0432\u0441\u0435\u0434\u043d\u0435\u0432\u043d\u043e\u0439 \u043d\u043e\u0441\u043a\u0438. \u0418\u0434\u0435\u0430\u043b\u044c\u043d\u044b \u0434\u043b\u044f \u0443\u043c\u0435\u0440\u0435\u043d\u043d\u044b\u0445 \u0438 \u0442\u0435\u043f\u043b\u044b\u0445 \u0442\u0435\u043c\u043f\u0435\u0440\u0430\u0442\u0443\u0440.\" \/>\n<meta property=\"og:url\" content=\"https:\/\/xstyle.md\/ro\/produs\/krossovki-zhenskie-asolo-space-gv-ml\/\" \/>\n<meta property=\"og:site_name\" content=\"\u041c\u0430\u0433\u0430\u0437\u0438\u043d Xstyle\" \/>\n<meta property=\"article:publisher\" content=\"https:\/\/www.facebook.com\/xstylemd\" \/>\n<meta property=\"article:modified_time\" content=\"2026-03-14T18:50:40+00:00\" \/>\n<meta property=\"og:image\" content=\"https:\/\/xstyle.md\/wp-content\/uploads\/2020\/07\/space_gv_blue.jpg\" \/>\n\t<meta property=\"og:image:width\" content=\"1600\" \/>\n\t<meta property=\"og:image:height\" content=\"1184\" \/>\n\t<meta property=\"og:image:type\" content=\"image\/jpeg\" \/>\n<meta name=\"twitter:card\" content=\"summary_large_image\" \/>\n<meta name=\"twitter:label1\" content=\"Disponibilitate\" \/>\n\t<meta name=\"twitter:data1\" content=\"\u00cen stoc\" \/>\n<script type=\"application\/ld+json\" class=\"yoast-schema-graph\">{\"@context\":\"https:\\\/\\\/schema.org\",\"@graph\":[{\"@type\":\"WebPage\",\"@id\":\"https:\\\/\\\/xstyle.md\\\/product\\\/krossovki-zhenskie-asolo-space-gv-ml\\\/\",\"url\":\"https:\\\/\\\/xstyle.md\\\/product\\\/krossovki-zhenskie-asolo-space-gv-ml\\\/\",\"name\":\"\u041a\u0440\u043e\u0441\u0441\u043e\u0432\u043a\u0438 Asolo Space GV blue - \u041c\u0430\u0433\u0430\u0437\u0438\u043d Xstyle\",\"isPartOf\":{\"@id\":\"https:\\\/\\\/xstyle.md\\\/#website\"},\"primaryImageOfPage\":{\"@id\":\"https:\\\/\\\/xstyle.md\\\/product\\\/krossovki-zhenskie-asolo-space-gv-ml\\\/#primaryimage\"},\"image\":{\"@id\":\"https:\\\/\\\/xstyle.md\\\/product\\\/krossovki-zhenskie-asolo-space-gv-ml\\\/#primaryimage\"},\"thumbnailUrl\":\"https:\\\/\\\/xstyle.md\\\/wp-content\\\/uploads\\\/2020\\\/07\\\/space_gv_blue.jpg\",\"datePublished\":\"2020-07-17T14:16:02+00:00\",\"dateModified\":\"2026-03-14T18:50:40+00:00\",\"description\":\"\u041a\u0440\u043e\u0441\u0441\u043e\u0432\u043a\u0438 Asolo Space GV blue \u2013 \u043b\u0435\u0433\u043a\u0430\u044f \u0432\u043e\u0434\u043e\u043d\u0435\u043f\u0440\u043e\u043d\u0438\u0446\u0430\u0435\u043c\u0430\u044f \u043e\u0431\u0443\u0432\u044c \u0441 GORETEX \u0434\u043b\u044f \u043f\u043e\u0445\u043e\u0434\u043e\u0432 \u0438 \u043f\u043e\u0432\u0441\u0435\u0434\u043d\u0435\u0432\u043d\u043e\u0439 \u043d\u043e\u0441\u043a\u0438. \u0418\u0434\u0435\u0430\u043b\u044c\u043d\u044b \u0434\u043b\u044f \u0443\u043c\u0435\u0440\u0435\u043d\u043d\u044b\u0445 \u0438 \u0442\u0435\u043f\u043b\u044b\u0445 \u0442\u0435\u043c\u043f\u0435\u0440\u0430\u0442\u0443\u0440.\",\"breadcrumb\":{\"@id\":\"https:\\\/\\\/xstyle.md\\\/product\\\/krossovki-zhenskie-asolo-space-gv-ml\\\/#breadcrumb\"},\"inLanguage\":\"ro-RO\",\"potentialAction\":[{\"@type\":\"ReadAction\",\"target\":[\"https:\\\/\\\/xstyle.md\\\/product\\\/krossovki-zhenskie-asolo-space-gv-ml\\\/\"]}]},{\"@type\":\"ImageObject\",\"inLanguage\":\"ro-RO\",\"@id\":\"https:\\\/\\\/xstyle.md\\\/product\\\/krossovki-zhenskie-asolo-space-gv-ml\\\/#primaryimage\",\"url\":\"https:\\\/\\\/xstyle.md\\\/wp-content\\\/uploads\\\/2020\\\/07\\\/space_gv_blue.jpg\",\"contentUrl\":\"https:\\\/\\\/xstyle.md\\\/wp-content\\\/uploads\\\/2020\\\/07\\\/space_gv_blue.jpg\",\"width\":1600,\"height\":1184},{\"@type\":\"BreadcrumbList\",\"@id\":\"https:\\\/\\\/xstyle.md\\\/product\\\/krossovki-zhenskie-asolo-space-gv-ml\\\/#breadcrumb\",\"itemListElement\":[{\"@type\":\"ListItem\",\"position\":1,\"name\":\"\u0413\u043b\u0430\u0432\u043d\u0430\u044f \u0441\u0442\u0440\u0430\u043d\u0438\u0446\u0430\",\"item\":\"https:\\\/\\\/xstyle.md\\\/\"},{\"@type\":\"ListItem\",\"position\":2,\"name\":\"\u041c\u0430\u0433\u0430\u0437\u0438\u043d\",\"item\":\"https:\\\/\\\/xstyle.md\\\/shop\\\/\"},{\"@type\":\"ListItem\",\"position\":3,\"name\":\"\u041a\u0440\u043e\u0441\u0441\u043e\u0432\u043a\u0438 Asolo Space GV blue\"}]},{\"@type\":\"WebSite\",\"@id\":\"https:\\\/\\\/xstyle.md\\\/#website\",\"url\":\"https:\\\/\\\/xstyle.md\\\/\",\"name\":\"\u041c\u0430\u0433\u0430\u0437\u0438\u043d Xstyle\",\"description\":\"C\u043d\u0430\u0440\u044f\u0436\u0435\u043d\u0438\u0435 \u0434\u043b\u044f \u0442\u0443\u0440\u0438\u0437\u043c\u0430 \u0438 \u044d\u043a\u0441\u0442\u0440\u0435\u043c\u0430\u043b\u044c\u043d\u044b\u0445 \u0432\u0438\u0434\u043e\u0432 \u0441\u043f\u043e\u0440\u0442\u0430 \u0432 \u041c\u043e\u043b\u0434\u043e\u0432\u0435.. \u0426\u0435\u043d\u044b, \u0444\u043e\u0442\u043e, \u0445\u0430\u0440\u0430\u043a\u0442\u0435\u0440\u0438\u0441\u0442\u0438\u043a\u0438 \u0432 \u041c\u043e\u043b\u0434\u043e\u0432\u0435.\",\"publisher\":{\"@id\":\"https:\\\/\\\/xstyle.md\\\/#organization\"},\"alternateName\":\"X-Style\",\"potentialAction\":[{\"@type\":\"SearchAction\",\"target\":{\"@type\":\"EntryPoint\",\"urlTemplate\":\"https:\\\/\\\/xstyle.md\\\/?s={search_term_string}\"},\"query-input\":{\"@type\":\"PropertyValueSpecification\",\"valueRequired\":true,\"valueName\":\"search_term_string\"}}],\"inLanguage\":\"ro-RO\"},{\"@type\":\"Organization\",\"@id\":\"https:\\\/\\\/xstyle.md\\\/#organization\",\"name\":\"\u041c\u0430\u0433\u0430\u0437\u0438\u043d Xstyle\",\"alternateName\":\"x-style\",\"url\":\"https:\\\/\\\/xstyle.md\\\/\",\"logo\":{\"@type\":\"ImageObject\",\"inLanguage\":\"ro-RO\",\"@id\":\"https:\\\/\\\/xstyle.md\\\/#\\\/schema\\\/logo\\\/image\\\/\",\"url\":\"https:\\\/\\\/xstyle.md\\\/wp-content\\\/uploads\\\/2020\\\/06\\\/logoicon.svg\",\"contentUrl\":\"https:\\\/\\\/xstyle.md\\\/wp-content\\\/uploads\\\/2020\\\/06\\\/logoicon.svg\",\"caption\":\"\u041c\u0430\u0433\u0430\u0437\u0438\u043d Xstyle\"},\"image\":{\"@id\":\"https:\\\/\\\/xstyle.md\\\/#\\\/schema\\\/logo\\\/image\\\/\"},\"sameAs\":[\"https:\\\/\\\/www.facebook.com\\\/xstylemd\",\"https:\\\/\\\/www.instagram.com\\\/xstyle_md\\\/\",\"https:\\\/\\\/t.me\\\/xstyle_outdoor\"],\"hasMerchantReturnPolicy\":{\"@type\":\"MerchantReturnPolicy\",\"merchantReturnLink\":\"https:\\\/\\\/xstyle.md\\\/ro\\\/conditions\\\/\"}}]}<\/script>\n<meta property=\"og:availability\" content=\"instock\" \/>\n<meta property=\"product:availability\" content=\"instock\" \/>\n<meta property=\"product:retailer_item_id\" content=\"X22007\" \/>\n<meta property=\"product:condition\" content=\"new\" \/>\n<!-- \/ Yoast SEO plugin. -->","yoast_head_json":{"title":"Adida\u0219i pentru femei Asolo Space GV blue - Magazin Xstyle","description":"Cizme Asolo Space GV blue \u2013 \u00eenc\u0103l\u021b\u0103minte u\u0219oar\u0103, impermeabil\u0103, cu GORETEX, pentru drume\u021bii \u0219i purtare zilnic\u0103. Ideale pentru temperaturi moderate \u0219i calde.","robots":{"index":"index","follow":"follow","max-snippet":"max-snippet:-1","max-image-preview":"max-image-preview:large","max-video-preview":"max-video-preview:-1"},"canonical":"https:\/\/xstyle.md\/ro\/produs\/krossovki-zhenskie-asolo-space-gv-ml\/","og_locale":"ro_RO","og_type":"article","og_title":"\u041a\u0440\u043e\u0441\u0441\u043e\u0432\u043a\u0438 Asolo Space GV blue - \u041c\u0430\u0433\u0430\u0437\u0438\u043d Xstyle","og_description":"\u041a\u0440\u043e\u0441\u0441\u043e\u0432\u043a\u0438 Asolo Space GV blue \u2013 \u043b\u0435\u0433\u043a\u0430\u044f \u0432\u043e\u0434\u043e\u043d\u0435\u043f\u0440\u043e\u043d\u0438\u0446\u0430\u0435\u043c\u0430\u044f \u043e\u0431\u0443\u0432\u044c \u0441 GORETEX \u0434\u043b\u044f \u043f\u043e\u0445\u043e\u0434\u043e\u0432 \u0438 \u043f\u043e\u0432\u0441\u0435\u0434\u043d\u0435\u0432\u043d\u043e\u0439 \u043d\u043e\u0441\u043a\u0438. \u0418\u0434\u0435\u0430\u043b\u044c\u043d\u044b \u0434\u043b\u044f \u0443\u043c\u0435\u0440\u0435\u043d\u043d\u044b\u0445 \u0438 \u0442\u0435\u043f\u043b\u044b\u0445 \u0442\u0435\u043c\u043f\u0435\u0440\u0430\u0442\u0443\u0440.","og_url":"https:\/\/xstyle.md\/ro\/produs\/krossovki-zhenskie-asolo-space-gv-ml\/","og_site_name":"\u041c\u0430\u0433\u0430\u0437\u0438\u043d Xstyle","article_publisher":"https:\/\/www.facebook.com\/xstylemd","article_modified_time":"2026-03-14T18:50:40+00:00","og_image":[{"width":1600,"height":1184,"url":"https:\/\/xstyle.md\/wp-content\/uploads\/2020\/07\/space_gv_blue.jpg","type":"image\/jpeg"}],"twitter_card":"summary_large_image","twitter_misc":{"Disponibilitate":"\u00cen stoc"},"schema":{"@context":"https:\/\/schema.org","@graph":[{"@type":"WebPage","@id":"https:\/\/xstyle.md\/product\/krossovki-zhenskie-asolo-space-gv-ml\/","url":"https:\/\/xstyle.md\/product\/krossovki-zhenskie-asolo-space-gv-ml\/","name":"Adida\u0219i pentru femei Asolo Space GV blue - Magazin Xstyle","isPartOf":{"@id":"https:\/\/xstyle.md\/#website"},"primaryImageOfPage":{"@id":"https:\/\/xstyle.md\/product\/krossovki-zhenskie-asolo-space-gv-ml\/#primaryimage"},"image":{"@id":"https:\/\/xstyle.md\/product\/krossovki-zhenskie-asolo-space-gv-ml\/#primaryimage"},"thumbnailUrl":"https:\/\/xstyle.md\/wp-content\/uploads\/2020\/07\/space_gv_blue.jpg","datePublished":"2020-07-17T14:16:02+00:00","dateModified":"2026-03-14T18:50:40+00:00","description":"Cizme Asolo Space GV blue \u2013 \u00eenc\u0103l\u021b\u0103minte u\u0219oar\u0103, impermeabil\u0103, cu GORETEX, pentru drume\u021bii \u0219i purtare zilnic\u0103. Ideale pentru temperaturi moderate \u0219i calde.","breadcrumb":{"@id":"https:\/\/xstyle.md\/product\/krossovki-zhenskie-asolo-space-gv-ml\/#breadcrumb"},"inLanguage":"ro-RO","potentialAction":[{"@type":"ReadAction","target":["https:\/\/xstyle.md\/product\/krossovki-zhenskie-asolo-space-gv-ml\/"]}]},{"@type":"ImageObject","inLanguage":"ro-RO","@id":"https:\/\/xstyle.md\/product\/krossovki-zhenskie-asolo-space-gv-ml\/#primaryimage","url":"https:\/\/xstyle.md\/wp-content\/uploads\/2020\/07\/space_gv_blue.jpg","contentUrl":"https:\/\/xstyle.md\/wp-content\/uploads\/2020\/07\/space_gv_blue.jpg","width":1600,"height":1184},{"@type":"BreadcrumbList","@id":"https:\/\/xstyle.md\/product\/krossovki-zhenskie-asolo-space-gv-ml\/#breadcrumb","itemListElement":[{"@type":"ListItem","position":1,"name":"\u0413\u043b\u0430\u0432\u043d\u0430\u044f \u0441\u0442\u0440\u0430\u043d\u0438\u0446\u0430","item":"https:\/\/xstyle.md\/"},{"@type":"ListItem","position":2,"name":"\u041c\u0430\u0433\u0430\u0437\u0438\u043d","item":"https:\/\/xstyle.md\/shop\/"},{"@type":"ListItem","position":3,"name":"\u041a\u0440\u043e\u0441\u0441\u043e\u0432\u043a\u0438 Asolo Space GV blue"}]},{"@type":"WebSite","@id":"https:\/\/xstyle.md\/#website","url":"https:\/\/xstyle.md\/","name":"Magazinul X-Style","description":"Echipamente pentru turism \u0219i sporturi extreme \u00een Moldova. Pre\u021buri, fotografii, caracteristici \u00een Moldova.","publisher":{"@id":"https:\/\/xstyle.md\/#organization"},"alternateName":"X-Style","potentialAction":[{"@type":"SearchAction","target":{"@type":"EntryPoint","urlTemplate":"https:\/\/xstyle.md\/?s={search_term_string}"},"query-input":{"@type":"PropertyValueSpecification","valueRequired":true,"valueName":"search_term_string"}}],"inLanguage":"ro-RO"},{"@type":"Organization","@id":"https:\/\/xstyle.md\/#organization","name":"Magazinul X-Style","alternateName":"x-style","url":"https:\/\/xstyle.md\/","logo":{"@type":"ImageObject","inLanguage":"ro-RO","@id":"https:\/\/xstyle.md\/#\/schema\/logo\/image\/","url":"https:\/\/xstyle.md\/wp-content\/uploads\/2020\/06\/logoicon.svg","contentUrl":"https:\/\/xstyle.md\/wp-content\/uploads\/2020\/06\/logoicon.svg","caption":"\u041c\u0430\u0433\u0430\u0437\u0438\u043d Xstyle"},"image":{"@id":"https:\/\/xstyle.md\/#\/schema\/logo\/image\/"},"sameAs":["https:\/\/www.facebook.com\/xstylemd","https:\/\/www.instagram.com\/xstyle_md\/","https:\/\/t.me\/xstyle_outdoor"],"hasMerchantReturnPolicy":{"@type":"MerchantReturnPolicy","merchantReturnLink":"https:\/\/xstyle.md\/ro\/conditions\/"}}]},"og_availability":"instock","product_availability":"instock","product_retailer_item_id":"X22007","product_condition":"new"},"post_mailing_queue_ids":[],"_links":{"self":[{"href":"https:\/\/xstyle.md\/ro\/wp-json\/wp\/v2\/product\/16853","targetHints":{"allow":["GET"]}}],"collection":[{"href":"https:\/\/xstyle.md\/ro\/wp-json\/wp\/v2\/product"}],"about":[{"href":"https:\/\/xstyle.md\/ro\/wp-json\/wp\/v2\/types\/product"}],"replies":[{"embeddable":true,"href":"https:\/\/xstyle.md\/ro\/wp-json\/wp\/v2\/comments?post=16853"}],"wp:featuredmedia":[{"embeddable":true,"href":"https:\/\/xstyle.md\/ro\/wp-json\/wp\/v2\/media\/16847"}],"wp:attachment":[{"href":"https:\/\/xstyle.md\/ro\/wp-json\/wp\/v2\/media?parent=16853"}],"wp:term":[{"taxonomy":"product_brand","embeddable":true,"href":"https:\/\/xstyle.md\/ro\/wp-json\/wp\/v2\/product_brand?post=16853"},{"taxonomy":"product_cat","embeddable":true,"href":"https:\/\/xstyle.md\/ro\/wp-json\/wp\/v2\/product_cat?post=16853"},{"taxonomy":"product_tag","embeddable":true,"href":"https:\/\/xstyle.md\/ro\/wp-json\/wp\/v2\/product_tag?post=16853"}],"curies":[{"name":"wp","href":"https:\/\/api.w.org\/{rel}","templated":true}]}}